{"id":180492,"date":"2019-07-17T21:53:40","date_gmt":"2019-07-17T19:53:40","guid":{"rendered":"https:\/\/ekkla.ch\/mes-favoris\/"},"modified":"2023-08-09T16:11:14","modified_gmt":"2023-08-09T14:11:14","slug":"favoriten","status":"publish","type":"page","link":"https:\/\/ekkla.ch\/de\/favoriten\/","title":{"rendered":"Meine Favoriten"},"content":{"rendered":"\n<div class=\"tinv-wishlist woocommerce tinv-wishlist-clear\">\n\t<div class=\"tinv-header\">\n\t<h2><\/h2>\n\t<\/div>\n\t\t<p class=\"cart-empty woocommerce-info\">\n\t\t\t\t\tIhre Wunschliste ist zurzeit leer.\t\t\t<\/p>\n\n\t\n\t<p class=\"return-to-shop\">\n\t\t<a class=\"button wc-backward\"\n\t\t   href=\"https:\/\/ekkla.ch\/de\/shop\/\">Zur\u00fcck zum Shop<\/a>\n\t<\/p>\n<\/div>\n\n","protected":false},"excerpt":{"rendered":"","protected":false},"author":1,"featured_media":0,"parent":0,"menu_order":0,"comment_status":"closed","ping_status":"closed","template":"","meta":{"_acf_changed":false,"om_disable_all_campaigns":false,"footnotes":""},"acf":[],"yoast_head":"<!-- This site is optimized with the Yoast SEO Premium plugin v22.2 (Yoast SEO v22.8) - https:\/\/yoast.com\/wordpress\/plugins\/seo\/ -->\n<title>Meine Lieblingslampen | Trendige Leuchten | Kostenloser Versand | Ekkla<\/title>\n<meta name=\"description\" content=\"Cr\u00e9ez votre propre liste avec toutes vos lampes pr\u00e9f\u00e9r\u00e9es. Nous vous proposons une livraison gratuite \u00e0 travers toute la Suisse.\" \/>\n<meta name=\"robots\" content=\"index, follow, max-snippet:-1, max-image-preview:large, max-video-preview:-1\" \/>\n<link rel=\"canonical\" href=\"https:\/\/ekkla.ch\/de\/favoriten\/\" \/>\n<meta property=\"og:locale\" content=\"de_DE\" \/>\n<meta property=\"og:type\" content=\"article\" \/>\n<meta property=\"og:title\" content=\"Meine Favoriten\" \/>\n<meta property=\"og:description\" content=\"Cr\u00e9ez votre propre liste avec toutes vos lampes pr\u00e9f\u00e9r\u00e9es. Nous vous proposons une livraison gratuite \u00e0 travers toute la Suisse.\" \/>\n<meta property=\"og:url\" content=\"https:\/\/ekkla.ch\/de\/favoriten\/\" \/>\n<meta property=\"og:site_name\" content=\"Ekkla\" \/>\n<meta property=\"article:modified_time\" content=\"2023-08-09T14:11:14+00:00\" \/>\n<meta name=\"twitter:card\" content=\"summary_large_image\" \/>\n<meta name=\"twitter:label1\" content=\"Gesch\u00e4tzte Lesezeit\" \/>\n\t<meta name=\"twitter:data1\" content=\"1\u00a0Minute\" \/>\n<script type=\"application\/ld+json\" class=\"yoast-schema-graph\">{\"@context\":\"https:\/\/schema.org\",\"@graph\":[{\"@type\":\"WebPage\",\"@id\":\"https:\/\/ekkla.ch\/de\/favoriten\/\",\"url\":\"https:\/\/ekkla.ch\/de\/favoriten\/\",\"name\":\"Meine Lieblingslampen | Trendige Leuchten | Kostenloser Versand | Ekkla\",\"isPartOf\":{\"@id\":\"https:\/\/ekkla.ch\/#website\"},\"datePublished\":\"2019-07-17T19:53:40+00:00\",\"dateModified\":\"2023-08-09T14:11:14+00:00\",\"description\":\"Cr\u00e9ez votre propre liste avec toutes vos lampes pr\u00e9f\u00e9r\u00e9es. Nous vous proposons une livraison gratuite \u00e0 travers toute la Suisse.\",\"breadcrumb\":{\"@id\":\"https:\/\/ekkla.ch\/de\/favoriten\/#breadcrumb\"},\"inLanguage\":\"de\",\"potentialAction\":[{\"@type\":\"ReadAction\",\"target\":[\"https:\/\/ekkla.ch\/de\/favoriten\/\"]}]},{\"@type\":\"BreadcrumbList\",\"@id\":\"https:\/\/ekkla.ch\/de\/favoriten\/#breadcrumb\",\"itemListElement\":[{\"@type\":\"ListItem\",\"position\":1,\"name\":\"Home\",\"item\":\"https:\/\/ekkla.ch\/de\/\"},{\"@type\":\"ListItem\",\"position\":2,\"name\":\"Meine Favoriten\"}]},{\"@type\":\"WebSite\",\"@id\":\"https:\/\/ekkla.ch\/#website\",\"url\":\"https:\/\/ekkla.ch\/\",\"name\":\"Ekkla\",\"description\":\"Der Onlineshop f\u00fcr Beleuchtung\",\"publisher\":{\"@id\":\"https:\/\/ekkla.ch\/#organization\"},\"potentialAction\":[{\"@type\":\"SearchAction\",\"target\":{\"@type\":\"EntryPoint\",\"urlTemplate\":\"https:\/\/ekkla.ch\/?s={search_term_string}\"},\"query-input\":\"required name=search_term_string\"}],\"inLanguage\":\"de\"},{\"@type\":\"Organization\",\"@id\":\"https:\/\/ekkla.ch\/#organization\",\"name\":\"Ekkla\",\"url\":\"https:\/\/ekkla.ch\/\",\"logo\":{\"@type\":\"ImageObject\",\"inLanguage\":\"de\",\"@id\":\"https:\/\/ekkla.ch\/#\/schema\/logo\/image\/\",\"url\":\"http:\/\/ekkla.ch\/wp-content\/uploads\/2019\/07\/logo-1.svg\",\"contentUrl\":\"http:\/\/ekkla.ch\/wp-content\/uploads\/2019\/07\/logo-1.svg\",\"width\":1,\"height\":1,\"caption\":\"Ekkla\"},\"image\":{\"@id\":\"https:\/\/ekkla.ch\/#\/schema\/logo\/image\/\"},\"sameAs\":[\"https:\/\/www.instagram.com\/ekkla_light\/\"]}]}<\/script>\n<!-- \/ Yoast SEO Premium plugin. -->","yoast_head_json":{"title":"Meine Lieblingslampen | Trendige Leuchten | Kostenloser Versand | Ekkla","description":"Cr\u00e9ez votre propre liste avec toutes vos lampes pr\u00e9f\u00e9r\u00e9es. Nous vous proposons une livraison gratuite \u00e0 travers toute la Suisse.","robots":{"index":"index","follow":"follow","max-snippet":"max-snippet:-1","max-image-preview":"max-image-preview:large","max-video-preview":"max-video-preview:-1"},"canonical":"https:\/\/ekkla.ch\/de\/favoriten\/","og_locale":"de_DE","og_type":"article","og_title":"Meine Favoriten","og_description":"Cr\u00e9ez votre propre liste avec toutes vos lampes pr\u00e9f\u00e9r\u00e9es. Nous vous proposons une livraison gratuite \u00e0 travers toute la Suisse.","og_url":"https:\/\/ekkla.ch\/de\/favoriten\/","og_site_name":"Ekkla","article_modified_time":"2023-08-09T14:11:14+00:00","twitter_card":"summary_large_image","twitter_misc":{"Gesch\u00e4tzte Lesezeit":"1\u00a0Minute"},"schema":{"@context":"https:\/\/schema.org","@graph":[{"@type":"WebPage","@id":"https:\/\/ekkla.ch\/de\/favoriten\/","url":"https:\/\/ekkla.ch\/de\/favoriten\/","name":"Meine Lieblingslampen | Trendige Leuchten | Kostenloser Versand | Ekkla","isPartOf":{"@id":"https:\/\/ekkla.ch\/#website"},"datePublished":"2019-07-17T19:53:40+00:00","dateModified":"2023-08-09T14:11:14+00:00","description":"Cr\u00e9ez votre propre liste avec toutes vos lampes pr\u00e9f\u00e9r\u00e9es. Nous vous proposons une livraison gratuite \u00e0 travers toute la Suisse.","breadcrumb":{"@id":"https:\/\/ekkla.ch\/de\/favoriten\/#breadcrumb"},"inLanguage":"de","potentialAction":[{"@type":"ReadAction","target":["https:\/\/ekkla.ch\/de\/favoriten\/"]}]},{"@type":"BreadcrumbList","@id":"https:\/\/ekkla.ch\/de\/favoriten\/#breadcrumb","itemListElement":[{"@type":"ListItem","position":1,"name":"Home","item":"https:\/\/ekkla.ch\/de\/"},{"@type":"ListItem","position":2,"name":"Meine Favoriten"}]},{"@type":"WebSite","@id":"https:\/\/ekkla.ch\/#website","url":"https:\/\/ekkla.ch\/","name":"Ekkla","description":"Der Onlineshop f\u00fcr Beleuchtung","publisher":{"@id":"https:\/\/ekkla.ch\/#organization"},"potentialAction":[{"@type":"SearchAction","target":{"@type":"EntryPoint","urlTemplate":"https:\/\/ekkla.ch\/?s={search_term_string}"},"query-input":"required name=search_term_string"}],"inLanguage":"de"},{"@type":"Organization","@id":"https:\/\/ekkla.ch\/#organization","name":"Ekkla","url":"https:\/\/ekkla.ch\/","logo":{"@type":"ImageObject","inLanguage":"de","@id":"https:\/\/ekkla.ch\/#\/schema\/logo\/image\/","url":"http:\/\/ekkla.ch\/wp-content\/uploads\/2019\/07\/logo-1.svg","contentUrl":"http:\/\/ekkla.ch\/wp-content\/uploads\/2019\/07\/logo-1.svg","width":1,"height":1,"caption":"Ekkla"},"image":{"@id":"https:\/\/ekkla.ch\/#\/schema\/logo\/image\/"},"sameAs":["https:\/\/www.instagram.com\/ekkla_light\/"]}]}},"_links":{"self":[{"href":"https:\/\/ekkla.ch\/de\/wp-json\/wp\/v2\/pages\/180492"}],"collection":[{"href":"https:\/\/ekkla.ch\/de\/wp-json\/wp\/v2\/pages"}],"about":[{"href":"https:\/\/ekkla.ch\/de\/wp-json\/wp\/v2\/types\/page"}],"author":[{"embeddable":true,"href":"https:\/\/ekkla.ch\/de\/wp-json\/wp\/v2\/users\/1"}],"replies":[{"embeddable":true,"href":"https:\/\/ekkla.ch\/de\/wp-json\/wp\/v2\/comments?post=180492"}],"version-history":[{"count":0,"href":"https:\/\/ekkla.ch\/de\/wp-json\/wp\/v2\/pages\/180492\/revisions"}],"wp:attachment":[{"href":"https:\/\/ekkla.ch\/de\/wp-json\/wp\/v2\/media?parent=180492"}],"curies":[{"name":"wp","href":"https:\/\/api.w.org\/{rel}","templated":true}]}}