{"id":101637,"date":"2021-06-24T09:57:00","date_gmt":"2021-06-24T07:57:01","guid":{"rendered":"https:\/\/ekkla.ch\/?post_type=product&#038;p=101637"},"modified":"2022-09-05T22:00:22","modified_gmt":"2022-09-05T20:00:22","slug":"stehleuchte-cynus-taupe-aluminium-aytm","status":"publish","type":"product","link":"https:\/\/ekkla.ch\/de\/produit\/stehleuchte-cynus-taupe-aluminium-aytm\/","title":{"rendered":"Stehleuchte CYCNUS &#8211; Taupe Aluminium &#8211; AYTM"},"content":{"rendered":"<p>Inspiriert vom Schwan &#8211; diesem majest\u00e4tischen und eleganten Vogel &#8211; beleuchtet die CYCNUS Stehleuchte jeden Zentimeter eines Wohnzimmers mit Feinheit. Sie wird ihren Platz perfekt neben Ihrem Sofa finden, um Ihre Leseecke zu beleuchten. Die Pulverbeschichtung der Lampe sorgt f\u00fcr einen trendigen und raffinierten Struktur-Look. Die CYCNUS Leuchtenkollektion besteht aus einer Stehleuchte, einer Tischleuchte, einer H\u00e4ngeleuchte und einer Wandleuchte. Die Lampen wurden so konzipiert, dass sie einen Lichteffekt erzeugen, der dem Ausbreiten der Fl\u00fcgel eines Schwans beim Wegfliegen \u00e4hnelt. Gl\u00fchbirne nicht enthalten.<\/p>\n<h2>\u00a0 \u00a0Merkmale &amp; Eigenschaften<\/h2>\n<p style=\"text-align: left;\"><strong>\u00a0 \u00a0 \u00a0Marke\u00a0<\/strong>AYTM<\/p>\n<p style=\"text-align: left;\"><strong>\u00a0 \u00a0 \u00a0Farbe<\/strong>\u00a0Taupe<\/p>\n<p style=\"text-align: left;\"><strong>\u00a0 \u00a0 \u00a0Materialien\u00a0<\/strong>Aluminium und Porzellan (Sockel)<\/p>\n<p style=\"text-align: left;\"><strong>\u00a0 \u00a0 \u00a0Gl\u00fchbirne<\/strong> E27 (nicht enthalten)<\/p>\n<p style=\"text-align: left;\"><strong>\u00a0 \u00a0 \u00a0Max. Leistung (W)<\/strong>\u00a025<\/p>\n<p><strong>\u00a0 \u00a0 \u00a0H\u00f6he (cm)<\/strong>\u00a0160<\/p>\n<p><strong>\u00a0 \u00a0 \u00a0Durchmesser des\u00a0Lampenschirms\u00a0(cm)<\/strong>\u00a045<\/p>\n<p><strong>\u00a0 \u00a0 \u00a0Gewicht (kg)<\/strong>\u00a07,96<\/p>\n","protected":false},"excerpt":{"rendered":"<p>Inspiriert vom Schwan &#8211; diesem majest\u00e4tischen und eleganten Vogel &#8211; beleuchtet die CYCNUS Stehleuchte jeden Zentimeter eines Wohnzimmers mit Feinheit. Sie wird ihren Platz perfekt neben Ihrem Sofa finden, um Ihre Leseecke zu beleuchten. Die Pulverbeschichtung der Lampe sorgt f\u00fcr einen trendigen und raffinierten Struktur-Look. Die CYCNUS Leuchtenkollektion besteht aus einer Stehleuchte, einer Tischleuchte, einer [&hellip;]<\/p>\n","protected":false},"featured_media":101631,"template":"","meta":{"_acf_changed":false,"om_disable_all_campaigns":false},"product_cat":[289],"product_tag":[1256,896,554,1188,1265,816],"bundled_by":[],"bundle_stock_status":"onbackorder","bundle_stock_quantity":null,"bundle_virtual":false,"bundle_layout":"","bundle_add_to_cart_form_location":"","bundle_editable_in_cart":false,"bundle_sold_individually_context":"","bundle_item_grouping":"","bundle_min_size":"","bundle_max_size":"","bundle_price":[],"bundled_items":[],"bundle_sell_ids":[],"acf":[],"yoast_head":"<!-- This site is optimized with the Yoast SEO Premium plugin v22.2 (Yoast SEO v22.8) - https:\/\/yoast.com\/wordpress\/plugins\/seo\/ -->\n<title>AYTM | Stehleuchte CYCNUS Taupe | Pulverbeschichtung | Ekkla<\/title>\n<meta name=\"description\" content=\"Die Stehleuchte CYCNUS wurde so konzipiert, dass sie einen Lichteffekt erzeugt, der dem Ausbreiten der Fl\u00fcgel eines Schwans beim Wegfliegen \u00e4hnelt.\" \/>\n<meta name=\"robots\" content=\"index, follow, max-snippet:-1, max-image-preview:large, max-video-preview:-1\" \/>\n<link rel=\"canonical\" href=\"https:\/\/ekkla.ch\/de\/produit\/stehleuchte-cynus-taupe-aluminium-aytm\/\" \/>\n<meta property=\"og:locale\" content=\"de_DE\" \/>\n<meta property=\"og:type\" content=\"article\" \/>\n<meta property=\"og:title\" content=\"Stehleuchte CYCNUS - Taupe Aluminium - AYTM\" \/>\n<meta property=\"og:description\" content=\"Die Stehleuchte CYCNUS wurde so konzipiert, dass sie einen Lichteffekt erzeugt, der dem Ausbreiten der Fl\u00fcgel eines Schwans beim Wegfliegen \u00e4hnelt.\" \/>\n<meta property=\"og:url\" content=\"https:\/\/ekkla.ch\/de\/produit\/stehleuchte-cynus-taupe-aluminium-aytm\/\" \/>\n<meta property=\"og:site_name\" content=\"Ekkla\" \/>\n<meta property=\"article:modified_time\" content=\"2022-09-05T20:00:22+00:00\" \/>\n<meta property=\"og:image\" content=\"https:\/\/ekkla.ch\/wp-content\/uploads\/2021\/06\/Lampadaire_Cycnus_Noir_ImageProduit.jpg\" \/>\n\t<meta property=\"og:image:width\" content=\"900\" \/>\n\t<meta property=\"og:image:height\" content=\"900\" \/>\n\t<meta property=\"og:image:type\" content=\"image\/jpeg\" \/>\n<meta name=\"twitter:card\" content=\"summary_large_image\" \/>\n<meta name=\"twitter:label1\" content=\"Gesch\u00e4tzte Lesezeit\" \/>\n\t<meta name=\"twitter:data1\" content=\"1\u00a0Minute\" \/>\n<script type=\"application\/ld+json\" class=\"yoast-schema-graph\">{\"@context\":\"https:\/\/schema.org\",\"@graph\":[{\"@type\":\"WebPage\",\"@id\":\"https:\/\/ekkla.ch\/de\/produit\/stehleuchte-cynus-taupe-aluminium-aytm\/\",\"url\":\"https:\/\/ekkla.ch\/de\/produit\/stehleuchte-cynus-taupe-aluminium-aytm\/\",\"name\":\"AYTM | Stehleuchte CYCNUS Taupe | Pulverbeschichtung | Ekkla\",\"isPartOf\":{\"@id\":\"https:\/\/ekkla.ch\/#website\"},\"primaryImageOfPage\":{\"@id\":\"https:\/\/ekkla.ch\/de\/produit\/stehleuchte-cynus-taupe-aluminium-aytm\/#primaryimage\"},\"image\":{\"@id\":\"https:\/\/ekkla.ch\/de\/produit\/stehleuchte-cynus-taupe-aluminium-aytm\/#primaryimage\"},\"thumbnailUrl\":\"https:\/\/ekkla.ch\/wp-content\/uploads\/2021\/06\/Lampadaire_Cycnus_Noir_ImageProduit.jpg\",\"datePublished\":\"2021-06-24T07:57:01+00:00\",\"dateModified\":\"2022-09-05T20:00:22+00:00\",\"description\":\"Die Stehleuchte CYCNUS wurde so konzipiert, dass sie einen Lichteffekt erzeugt, der dem Ausbreiten der Fl\u00fcgel eines Schwans beim Wegfliegen \u00e4hnelt.\",\"breadcrumb\":{\"@id\":\"https:\/\/ekkla.ch\/de\/produit\/stehleuchte-cynus-taupe-aluminium-aytm\/#breadcrumb\"},\"inLanguage\":\"de\",\"potentialAction\":[{\"@type\":\"ReadAction\",\"target\":[\"https:\/\/ekkla.ch\/de\/produit\/stehleuchte-cynus-taupe-aluminium-aytm\/\"]}]},{\"@type\":\"ImageObject\",\"inLanguage\":\"de\",\"@id\":\"https:\/\/ekkla.ch\/de\/produit\/stehleuchte-cynus-taupe-aluminium-aytm\/#primaryimage\",\"url\":\"https:\/\/ekkla.ch\/wp-content\/uploads\/2021\/06\/Lampadaire_Cycnus_Noir_ImageProduit.jpg\",\"contentUrl\":\"https:\/\/ekkla.ch\/wp-content\/uploads\/2021\/06\/Lampadaire_Cycnus_Noir_ImageProduit.jpg\",\"width\":900,\"height\":900,\"caption\":\"Lampadaire Cycnus AYTM\"},{\"@type\":\"BreadcrumbList\",\"@id\":\"https:\/\/ekkla.ch\/de\/produit\/stehleuchte-cynus-taupe-aluminium-aytm\/#breadcrumb\",\"itemListElement\":[{\"@type\":\"ListItem\",\"position\":1,\"name\":\"Home\",\"item\":\"https:\/\/ekkla.ch\/de\/\"},{\"@type\":\"ListItem\",\"position\":2,\"name\":\"Shop\",\"item\":\"https:\/\/ekkla.ch\/de\/shop\/\"},{\"@type\":\"ListItem\",\"position\":3,\"name\":\"Stehleuchte CYCNUS &#8211; Taupe Aluminium &#8211; AYTM\"}]},{\"@type\":\"WebSite\",\"@id\":\"https:\/\/ekkla.ch\/#website\",\"url\":\"https:\/\/ekkla.ch\/\",\"name\":\"Ekkla\",\"description\":\"Der Onlineshop f\u00fcr Beleuchtung\",\"publisher\":{\"@id\":\"https:\/\/ekkla.ch\/#organization\"},\"potentialAction\":[{\"@type\":\"SearchAction\",\"target\":{\"@type\":\"EntryPoint\",\"urlTemplate\":\"https:\/\/ekkla.ch\/?s={search_term_string}\"},\"query-input\":\"required name=search_term_string\"}],\"inLanguage\":\"de\"},{\"@type\":\"Organization\",\"@id\":\"https:\/\/ekkla.ch\/#organization\",\"name\":\"Ekkla\",\"url\":\"https:\/\/ekkla.ch\/\",\"logo\":{\"@type\":\"ImageObject\",\"inLanguage\":\"de\",\"@id\":\"https:\/\/ekkla.ch\/#\/schema\/logo\/image\/\",\"url\":\"http:\/\/ekkla.ch\/wp-content\/uploads\/2019\/07\/logo-1.svg\",\"contentUrl\":\"http:\/\/ekkla.ch\/wp-content\/uploads\/2019\/07\/logo-1.svg\",\"width\":1,\"height\":1,\"caption\":\"Ekkla\"},\"image\":{\"@id\":\"https:\/\/ekkla.ch\/#\/schema\/logo\/image\/\"},\"sameAs\":[\"https:\/\/www.instagram.com\/ekkla_light\/\"]}]}<\/script>\n<!-- \/ Yoast SEO Premium plugin. -->","yoast_head_json":{"title":"AYTM | Stehleuchte CYCNUS Taupe | Pulverbeschichtung | Ekkla","description":"Die Stehleuchte CYCNUS wurde so konzipiert, dass sie einen Lichteffekt erzeugt, der dem Ausbreiten der Fl\u00fcgel eines Schwans beim Wegfliegen \u00e4hnelt.","robots":{"index":"index","follow":"follow","max-snippet":"max-snippet:-1","max-image-preview":"max-image-preview:large","max-video-preview":"max-video-preview:-1"},"canonical":"https:\/\/ekkla.ch\/de\/produit\/stehleuchte-cynus-taupe-aluminium-aytm\/","og_locale":"de_DE","og_type":"article","og_title":"Stehleuchte CYCNUS - Taupe Aluminium - AYTM","og_description":"Die Stehleuchte CYCNUS wurde so konzipiert, dass sie einen Lichteffekt erzeugt, der dem Ausbreiten der Fl\u00fcgel eines Schwans beim Wegfliegen \u00e4hnelt.","og_url":"https:\/\/ekkla.ch\/de\/produit\/stehleuchte-cynus-taupe-aluminium-aytm\/","og_site_name":"Ekkla","article_modified_time":"2022-09-05T20:00:22+00:00","og_image":[{"width":900,"height":900,"url":"https:\/\/ekkla.ch\/wp-content\/uploads\/2021\/06\/Lampadaire_Cycnus_Noir_ImageProduit.jpg","type":"image\/jpeg"}],"twitter_card":"summary_large_image","twitter_misc":{"Gesch\u00e4tzte Lesezeit":"1\u00a0Minute"},"schema":{"@context":"https:\/\/schema.org","@graph":[{"@type":"WebPage","@id":"https:\/\/ekkla.ch\/de\/produit\/stehleuchte-cynus-taupe-aluminium-aytm\/","url":"https:\/\/ekkla.ch\/de\/produit\/stehleuchte-cynus-taupe-aluminium-aytm\/","name":"AYTM | Stehleuchte CYCNUS Taupe | Pulverbeschichtung | Ekkla","isPartOf":{"@id":"https:\/\/ekkla.ch\/#website"},"primaryImageOfPage":{"@id":"https:\/\/ekkla.ch\/de\/produit\/stehleuchte-cynus-taupe-aluminium-aytm\/#primaryimage"},"image":{"@id":"https:\/\/ekkla.ch\/de\/produit\/stehleuchte-cynus-taupe-aluminium-aytm\/#primaryimage"},"thumbnailUrl":"https:\/\/ekkla.ch\/wp-content\/uploads\/2021\/06\/Lampadaire_Cycnus_Noir_ImageProduit.jpg","datePublished":"2021-06-24T07:57:01+00:00","dateModified":"2022-09-05T20:00:22+00:00","description":"Die Stehleuchte CYCNUS wurde so konzipiert, dass sie einen Lichteffekt erzeugt, der dem Ausbreiten der Fl\u00fcgel eines Schwans beim Wegfliegen \u00e4hnelt.","breadcrumb":{"@id":"https:\/\/ekkla.ch\/de\/produit\/stehleuchte-cynus-taupe-aluminium-aytm\/#breadcrumb"},"inLanguage":"de","potentialAction":[{"@type":"ReadAction","target":["https:\/\/ekkla.ch\/de\/produit\/stehleuchte-cynus-taupe-aluminium-aytm\/"]}]},{"@type":"ImageObject","inLanguage":"de","@id":"https:\/\/ekkla.ch\/de\/produit\/stehleuchte-cynus-taupe-aluminium-aytm\/#primaryimage","url":"https:\/\/ekkla.ch\/wp-content\/uploads\/2021\/06\/Lampadaire_Cycnus_Noir_ImageProduit.jpg","contentUrl":"https:\/\/ekkla.ch\/wp-content\/uploads\/2021\/06\/Lampadaire_Cycnus_Noir_ImageProduit.jpg","width":900,"height":900,"caption":"Lampadaire Cycnus AYTM"},{"@type":"BreadcrumbList","@id":"https:\/\/ekkla.ch\/de\/produit\/stehleuchte-cynus-taupe-aluminium-aytm\/#breadcrumb","itemListElement":[{"@type":"ListItem","position":1,"name":"Home","item":"https:\/\/ekkla.ch\/de\/"},{"@type":"ListItem","position":2,"name":"Shop","item":"https:\/\/ekkla.ch\/de\/shop\/"},{"@type":"ListItem","position":3,"name":"Stehleuchte CYCNUS &#8211; Taupe Aluminium &#8211; AYTM"}]},{"@type":"WebSite","@id":"https:\/\/ekkla.ch\/#website","url":"https:\/\/ekkla.ch\/","name":"Ekkla","description":"Der Onlineshop f\u00fcr Beleuchtung","publisher":{"@id":"https:\/\/ekkla.ch\/#organization"},"potentialAction":[{"@type":"SearchAction","target":{"@type":"EntryPoint","urlTemplate":"https:\/\/ekkla.ch\/?s={search_term_string}"},"query-input":"required name=search_term_string"}],"inLanguage":"de"},{"@type":"Organization","@id":"https:\/\/ekkla.ch\/#organization","name":"Ekkla","url":"https:\/\/ekkla.ch\/","logo":{"@type":"ImageObject","inLanguage":"de","@id":"https:\/\/ekkla.ch\/#\/schema\/logo\/image\/","url":"http:\/\/ekkla.ch\/wp-content\/uploads\/2019\/07\/logo-1.svg","contentUrl":"http:\/\/ekkla.ch\/wp-content\/uploads\/2019\/07\/logo-1.svg","width":1,"height":1,"caption":"Ekkla"},"image":{"@id":"https:\/\/ekkla.ch\/#\/schema\/logo\/image\/"},"sameAs":["https:\/\/www.instagram.com\/ekkla_light\/"]}]}},"_links":{"self":[{"href":"https:\/\/ekkla.ch\/de\/wp-json\/wp\/v2\/product\/101637"}],"collection":[{"href":"https:\/\/ekkla.ch\/de\/wp-json\/wp\/v2\/product"}],"about":[{"href":"https:\/\/ekkla.ch\/de\/wp-json\/wp\/v2\/types\/product"}],"wp:featuredmedia":[{"embeddable":true,"href":"https:\/\/ekkla.ch\/de\/wp-json\/wp\/v2\/media\/101631"}],"wp:attachment":[{"href":"https:\/\/ekkla.ch\/de\/wp-json\/wp\/v2\/media?parent=101637"}],"wp:term":[{"taxonomy":"product_cat","embeddable":true,"href":"https:\/\/ekkla.ch\/de\/wp-json\/wp\/v2\/product_cat?post=101637"},{"taxonomy":"product_tag","embeddable":true,"href":"https:\/\/ekkla.ch\/de\/wp-json\/wp\/v2\/product_tag?post=101637"}],"curies":[{"name":"wp","href":"https:\/\/api.w.org\/{rel}","templated":true}]}}