{"id":108394,"date":"2020-11-11T15:19:53","date_gmt":"2020-11-11T14:19:53","guid":{"rendered":"https:\/\/ekkla.ch\/produit\/tischleuchte-lyon-gold-its-about-romi\/"},"modified":"2023-08-13T17:03:51","modified_gmt":"2023-08-13T15:03:51","slug":"tischleuchte-lyon-gold-its-about-romi","status":"publish","type":"product","link":"https:\/\/ekkla.ch\/de\/produit\/tischleuchte-lyon-gold-its-about-romi\/","title":{"rendered":"Tischleuchte Lyon &#8211; Goldiges Metall &#8211; H.50 &#8211; It&#8217;s About Romi"},"content":{"rendered":"<p>Diese It&#8217;s About Romi Tischleuchte ist mit ihrem versetzten Arm eine ideale Wahl f\u00fcr eine Nachttisch- oder Schreibtischleuchte und spart viel Platz. Der verstellbare Schirm macht sie zu einer angenehmen Leseleuchte mit weichem Licht. Der Schalter am Sockel erm\u00f6glicht ein einfaches Einschalten. Sie passt perfekt in ein Schlafzimmer, ein B\u00fcro oder einen Flur. Die geb\u00fcrsteten messingfarbenen Metalloberfl\u00e4chen sorgen f\u00fcr eine elegante und dezente Optik. Sie werden einem klassischen Wohnzimmer oder einem Schlafzimmer mit neutralen T\u00f6nen einen Hauch von W\u00fcrze verleihen. Gl\u00fchbirne nicht inbegriffen.<\/p>\n<h2>\u00a0 \u00a0Merkmale &amp; Eigenschaften<\/h2>\n<p style=\"text-align: left;\"><strong>\u00a0 \u00a0 \u00a0Marke<\/strong> It&#8217;s About Romi<\/p>\n<p style=\"text-align: left;\"><strong>\u00a0 \u00a0 \u00a0Farbe<\/strong>\u00a0Gold<\/p>\n<p style=\"text-align: left;\"><strong>\u00a0 \u00a0 \u00a0Material <\/strong>Metall<\/p>\n<p style=\"text-align: left;\"><strong>\u00a0 \u00a0 \u00a0Gl\u00fchbirne<\/strong> E27<\/p>\n<p style=\"text-align: left;\"><strong>\u00a0 \u00a0 \u00a0Max. Leistung (W) <\/strong>40<\/p>\n<p><strong>\u00a0 \u00a0 \u00a0Tiefe (cm)<\/strong>\u00a055<\/p>\n<p><strong>\u00a0 \u00a0 \u00a0H\u00f6he (cm)<\/strong> 50<\/p>\n<p><strong>\u00a0 \u00a0 \u00a0Kabell\u00e4nge (cm)<\/strong> 180<\/p>\n","protected":false},"excerpt":{"rendered":"<p>Diese It&#8217;s About Romi Tischleuchte ist mit ihrem versetzten Arm eine ideale Wahl f\u00fcr eine Nachttisch- oder Schreibtischleuchte und spart viel Platz. Der verstellbare Schirm macht sie zu einer angenehmen Leseleuchte mit weichem Licht. Der Schalter am Sockel erm\u00f6glicht ein einfaches Einschalten. Sie passt perfekt in ein Schlafzimmer, ein B\u00fcro oder einen Flur. Die geb\u00fcrsteten [&hellip;]<\/p>\n","protected":false},"featured_media":106074,"template":"","meta":{"_acf_changed":false,"om_disable_all_campaigns":false},"product_cat":[290],"product_tag":[898,1188,816,603,942],"bundled_by":[],"bundle_stock_status":"onbackorder","bundle_stock_quantity":0,"bundle_virtual":false,"bundle_layout":"","bundle_add_to_cart_form_location":"","bundle_editable_in_cart":false,"bundle_sold_individually_context":"","bundle_item_grouping":"","bundle_min_size":"","bundle_max_size":"","bundle_price":[],"bundled_items":[],"bundle_sell_ids":[],"acf":[],"yoast_head":"<!-- This site is optimized with the Yoast SEO Premium plugin v22.2 (Yoast SEO v22.8) - https:\/\/yoast.com\/wordpress\/plugins\/seo\/ -->\n<title>It&#039;s About Romi | Goldene Schreibtischleuchte | Ekkla<\/title>\n<meta name=\"description\" content=\"It&#039;s About Romi Nachttisch- oder Schreibtischleuchte von It&#039;s About Romi. Kostenloser Versand. 14 Tage R\u00fcckgabe. Grosse Auswahl an Leuchten.\" \/>\n<meta name=\"robots\" content=\"index, follow, max-snippet:-1, max-image-preview:large, max-video-preview:-1\" \/>\n<link rel=\"canonical\" href=\"https:\/\/ekkla.ch\/de\/produit\/tischleuchte-lyon-gold-its-about-romi\/\" \/>\n<meta property=\"og:locale\" content=\"de_DE\" \/>\n<meta property=\"og:type\" content=\"article\" \/>\n<meta property=\"og:title\" content=\"Tischleuchte Lyon - Goldiges Metall - H.50 - It&#039;s About Romi\" \/>\n<meta property=\"og:description\" content=\"It&#039;s About Romi Nachttisch- oder Schreibtischleuchte von It&#039;s About Romi. Kostenloser Versand. 14 Tage R\u00fcckgabe. Grosse Auswahl an Leuchten.\" \/>\n<meta property=\"og:url\" content=\"https:\/\/ekkla.ch\/de\/produit\/tischleuchte-lyon-gold-its-about-romi\/\" \/>\n<meta property=\"og:site_name\" content=\"Ekkla\" \/>\n<meta property=\"article:modified_time\" content=\"2023-08-13T15:03:51+00:00\" \/>\n<meta property=\"og:image\" content=\"https:\/\/ekkla.ch\/wp-content\/uploads\/2020\/11\/Lyon_Table1.png\" \/>\n\t<meta property=\"og:image:width\" content=\"500\" \/>\n\t<meta property=\"og:image:height\" content=\"500\" \/>\n\t<meta property=\"og:image:type\" content=\"image\/png\" \/>\n<meta name=\"twitter:card\" content=\"summary_large_image\" \/>\n<meta name=\"twitter:label1\" content=\"Gesch\u00e4tzte Lesezeit\" \/>\n\t<meta name=\"twitter:data1\" content=\"1\u00a0Minute\" \/>\n<script type=\"application\/ld+json\" class=\"yoast-schema-graph\">{\"@context\":\"https:\/\/schema.org\",\"@graph\":[{\"@type\":\"WebPage\",\"@id\":\"https:\/\/ekkla.ch\/de\/produit\/tischleuchte-lyon-gold-its-about-romi\/\",\"url\":\"https:\/\/ekkla.ch\/de\/produit\/tischleuchte-lyon-gold-its-about-romi\/\",\"name\":\"It's About Romi | Goldene Schreibtischleuchte | Ekkla\",\"isPartOf\":{\"@id\":\"https:\/\/ekkla.ch\/#website\"},\"primaryImageOfPage\":{\"@id\":\"https:\/\/ekkla.ch\/de\/produit\/tischleuchte-lyon-gold-its-about-romi\/#primaryimage\"},\"image\":{\"@id\":\"https:\/\/ekkla.ch\/de\/produit\/tischleuchte-lyon-gold-its-about-romi\/#primaryimage\"},\"thumbnailUrl\":\"https:\/\/ekkla.ch\/wp-content\/uploads\/2020\/11\/Lyon_Table1.png\",\"datePublished\":\"2020-11-11T14:19:53+00:00\",\"dateModified\":\"2023-08-13T15:03:51+00:00\",\"description\":\"It's About Romi Nachttisch- oder Schreibtischleuchte von It's About Romi. Kostenloser Versand. 14 Tage R\u00fcckgabe. Grosse Auswahl an Leuchten.\",\"breadcrumb\":{\"@id\":\"https:\/\/ekkla.ch\/de\/produit\/tischleuchte-lyon-gold-its-about-romi\/#breadcrumb\"},\"inLanguage\":\"de\",\"potentialAction\":[{\"@type\":\"ReadAction\",\"target\":[\"https:\/\/ekkla.ch\/de\/produit\/tischleuchte-lyon-gold-its-about-romi\/\"]}]},{\"@type\":\"ImageObject\",\"inLanguage\":\"de\",\"@id\":\"https:\/\/ekkla.ch\/de\/produit\/tischleuchte-lyon-gold-its-about-romi\/#primaryimage\",\"url\":\"https:\/\/ekkla.ch\/wp-content\/uploads\/2020\/11\/Lyon_Table1.png\",\"contentUrl\":\"https:\/\/ekkla.ch\/wp-content\/uploads\/2020\/11\/Lyon_Table1.png\",\"width\":500,\"height\":500},{\"@type\":\"BreadcrumbList\",\"@id\":\"https:\/\/ekkla.ch\/de\/produit\/tischleuchte-lyon-gold-its-about-romi\/#breadcrumb\",\"itemListElement\":[{\"@type\":\"ListItem\",\"position\":1,\"name\":\"Home\",\"item\":\"https:\/\/ekkla.ch\/de\/\"},{\"@type\":\"ListItem\",\"position\":2,\"name\":\"Shop\",\"item\":\"https:\/\/ekkla.ch\/de\/shop\/\"},{\"@type\":\"ListItem\",\"position\":3,\"name\":\"Tischleuchte Lyon &#8211; Goldiges Metall &#8211; H.50 &#8211; It&#8217;s About Romi\"}]},{\"@type\":\"WebSite\",\"@id\":\"https:\/\/ekkla.ch\/#website\",\"url\":\"https:\/\/ekkla.ch\/\",\"name\":\"Ekkla\",\"description\":\"Der Onlineshop f\u00fcr Beleuchtung\",\"publisher\":{\"@id\":\"https:\/\/ekkla.ch\/#organization\"},\"potentialAction\":[{\"@type\":\"SearchAction\",\"target\":{\"@type\":\"EntryPoint\",\"urlTemplate\":\"https:\/\/ekkla.ch\/?s={search_term_string}\"},\"query-input\":\"required name=search_term_string\"}],\"inLanguage\":\"de\"},{\"@type\":\"Organization\",\"@id\":\"https:\/\/ekkla.ch\/#organization\",\"name\":\"Ekkla\",\"url\":\"https:\/\/ekkla.ch\/\",\"logo\":{\"@type\":\"ImageObject\",\"inLanguage\":\"de\",\"@id\":\"https:\/\/ekkla.ch\/#\/schema\/logo\/image\/\",\"url\":\"http:\/\/ekkla.ch\/wp-content\/uploads\/2019\/07\/logo-1.svg\",\"contentUrl\":\"http:\/\/ekkla.ch\/wp-content\/uploads\/2019\/07\/logo-1.svg\",\"width\":1,\"height\":1,\"caption\":\"Ekkla\"},\"image\":{\"@id\":\"https:\/\/ekkla.ch\/#\/schema\/logo\/image\/\"},\"sameAs\":[\"https:\/\/www.instagram.com\/ekkla_light\/\"]}]}<\/script>\n<!-- \/ Yoast SEO Premium plugin. -->","yoast_head_json":{"title":"It's About Romi | Goldene Schreibtischleuchte | Ekkla","description":"It's About Romi Nachttisch- oder Schreibtischleuchte von It's About Romi. Kostenloser Versand. 14 Tage R\u00fcckgabe. Grosse Auswahl an Leuchten.","robots":{"index":"index","follow":"follow","max-snippet":"max-snippet:-1","max-image-preview":"max-image-preview:large","max-video-preview":"max-video-preview:-1"},"canonical":"https:\/\/ekkla.ch\/de\/produit\/tischleuchte-lyon-gold-its-about-romi\/","og_locale":"de_DE","og_type":"article","og_title":"Tischleuchte Lyon - Goldiges Metall - H.50 - It's About Romi","og_description":"It's About Romi Nachttisch- oder Schreibtischleuchte von It's About Romi. Kostenloser Versand. 14 Tage R\u00fcckgabe. Grosse Auswahl an Leuchten.","og_url":"https:\/\/ekkla.ch\/de\/produit\/tischleuchte-lyon-gold-its-about-romi\/","og_site_name":"Ekkla","article_modified_time":"2023-08-13T15:03:51+00:00","og_image":[{"width":500,"height":500,"url":"https:\/\/ekkla.ch\/wp-content\/uploads\/2020\/11\/Lyon_Table1.png","type":"image\/png"}],"twitter_card":"summary_large_image","twitter_misc":{"Gesch\u00e4tzte Lesezeit":"1\u00a0Minute"},"schema":{"@context":"https:\/\/schema.org","@graph":[{"@type":"WebPage","@id":"https:\/\/ekkla.ch\/de\/produit\/tischleuchte-lyon-gold-its-about-romi\/","url":"https:\/\/ekkla.ch\/de\/produit\/tischleuchte-lyon-gold-its-about-romi\/","name":"It's About Romi | Goldene Schreibtischleuchte | Ekkla","isPartOf":{"@id":"https:\/\/ekkla.ch\/#website"},"primaryImageOfPage":{"@id":"https:\/\/ekkla.ch\/de\/produit\/tischleuchte-lyon-gold-its-about-romi\/#primaryimage"},"image":{"@id":"https:\/\/ekkla.ch\/de\/produit\/tischleuchte-lyon-gold-its-about-romi\/#primaryimage"},"thumbnailUrl":"https:\/\/ekkla.ch\/wp-content\/uploads\/2020\/11\/Lyon_Table1.png","datePublished":"2020-11-11T14:19:53+00:00","dateModified":"2023-08-13T15:03:51+00:00","description":"It's About Romi Nachttisch- oder Schreibtischleuchte von It's About Romi. Kostenloser Versand. 14 Tage R\u00fcckgabe. Grosse Auswahl an Leuchten.","breadcrumb":{"@id":"https:\/\/ekkla.ch\/de\/produit\/tischleuchte-lyon-gold-its-about-romi\/#breadcrumb"},"inLanguage":"de","potentialAction":[{"@type":"ReadAction","target":["https:\/\/ekkla.ch\/de\/produit\/tischleuchte-lyon-gold-its-about-romi\/"]}]},{"@type":"ImageObject","inLanguage":"de","@id":"https:\/\/ekkla.ch\/de\/produit\/tischleuchte-lyon-gold-its-about-romi\/#primaryimage","url":"https:\/\/ekkla.ch\/wp-content\/uploads\/2020\/11\/Lyon_Table1.png","contentUrl":"https:\/\/ekkla.ch\/wp-content\/uploads\/2020\/11\/Lyon_Table1.png","width":500,"height":500},{"@type":"BreadcrumbList","@id":"https:\/\/ekkla.ch\/de\/produit\/tischleuchte-lyon-gold-its-about-romi\/#breadcrumb","itemListElement":[{"@type":"ListItem","position":1,"name":"Home","item":"https:\/\/ekkla.ch\/de\/"},{"@type":"ListItem","position":2,"name":"Shop","item":"https:\/\/ekkla.ch\/de\/shop\/"},{"@type":"ListItem","position":3,"name":"Tischleuchte Lyon &#8211; Goldiges Metall &#8211; H.50 &#8211; It&#8217;s About Romi"}]},{"@type":"WebSite","@id":"https:\/\/ekkla.ch\/#website","url":"https:\/\/ekkla.ch\/","name":"Ekkla","description":"Der Onlineshop f\u00fcr Beleuchtung","publisher":{"@id":"https:\/\/ekkla.ch\/#organization"},"potentialAction":[{"@type":"SearchAction","target":{"@type":"EntryPoint","urlTemplate":"https:\/\/ekkla.ch\/?s={search_term_string}"},"query-input":"required name=search_term_string"}],"inLanguage":"de"},{"@type":"Organization","@id":"https:\/\/ekkla.ch\/#organization","name":"Ekkla","url":"https:\/\/ekkla.ch\/","logo":{"@type":"ImageObject","inLanguage":"de","@id":"https:\/\/ekkla.ch\/#\/schema\/logo\/image\/","url":"http:\/\/ekkla.ch\/wp-content\/uploads\/2019\/07\/logo-1.svg","contentUrl":"http:\/\/ekkla.ch\/wp-content\/uploads\/2019\/07\/logo-1.svg","width":1,"height":1,"caption":"Ekkla"},"image":{"@id":"https:\/\/ekkla.ch\/#\/schema\/logo\/image\/"},"sameAs":["https:\/\/www.instagram.com\/ekkla_light\/"]}]}},"_links":{"self":[{"href":"https:\/\/ekkla.ch\/de\/wp-json\/wp\/v2\/product\/108394"}],"collection":[{"href":"https:\/\/ekkla.ch\/de\/wp-json\/wp\/v2\/product"}],"about":[{"href":"https:\/\/ekkla.ch\/de\/wp-json\/wp\/v2\/types\/product"}],"wp:featuredmedia":[{"embeddable":true,"href":"https:\/\/ekkla.ch\/de\/wp-json\/wp\/v2\/media\/106074"}],"wp:attachment":[{"href":"https:\/\/ekkla.ch\/de\/wp-json\/wp\/v2\/media?parent=108394"}],"wp:term":[{"taxonomy":"product_cat","embeddable":true,"href":"https:\/\/ekkla.ch\/de\/wp-json\/wp\/v2\/product_cat?post=108394"},{"taxonomy":"product_tag","embeddable":true,"href":"https:\/\/ekkla.ch\/de\/wp-json\/wp\/v2\/product_tag?post=108394"}],"curies":[{"name":"wp","href":"https:\/\/api.w.org\/{rel}","templated":true}]}}