{"id":109642,"date":"2021-07-05T11:58:06","date_gmt":"2021-07-05T09:58:06","guid":{"rendered":"https:\/\/ekkla.ch\/produit\/zylindrische-hangeleuchte-luceo\/"},"modified":"2022-09-05T19:02:20","modified_gmt":"2022-09-05T17:02:20","slug":"zylindrische-hangeleuchte-luceo-vergoldetes-eisen-aytm","status":"publish","type":"product","link":"https:\/\/ekkla.ch\/de\/produit\/zylindrische-hangeleuchte-luceo-vergoldetes-eisen-aytm\/","title":{"rendered":"Zylindrische H\u00e4ngeleuchte LUCEO &#8211; Vergoldetes Eisen &#8211; AYTM"},"content":{"rendered":"<p>Das Wort LUCEO bedeutet im Lateinischen &#8222;leuchten&#8220;. Die zeitlose und skulpturale Leuchte LUCEO betont die Funktionalit\u00e4t und Sch\u00f6nheit. Der Mix aus Glas und Metall erzeugt einen spielerischen Effekt, der die Transparenz des Glases und die St\u00e4rke und Robustheit des Metalls betont. Schaffen Sie mit LUCEO-Leuchten das perfekte Ambiente und geniessen Sie die subtile Reflexion des Lichts auf dem Glas. Gl\u00fchbirne nicht enthalten.<\/p>\n<h2>\u00a0 \u00a0Merkmale &amp; Eigenschaften<\/h2>\n<p style=\"text-align: left;\"><strong>\u00a0 \u00a0 \u00a0Marke\u00a0<\/strong>AYTM<\/p>\n<p style=\"text-align: left;\"><strong>\u00a0 \u00a0 \u00a0Farbe<\/strong>\u00a0Gold<\/p>\n<p style=\"text-align: left;\"><strong>\u00a0 \u00a0 \u00a0Materialien\u00a0<\/strong>Messingbeschichtetes Eisen und Glas<\/p>\n<p style=\"text-align: left;\"><strong>\u00a0 \u00a0 \u00a0Gl\u00fchbirne <\/strong>E27 (nicht\u00a0enthalten)<\/p>\n<p><strong>\u00a0 \u00a0 \u00a0Max. Leistung (W)<\/strong>\u00a025<\/p>\n<p><strong>\u00a0 \u00a0 \u00a0H\u00f6he (cm)<\/strong>\u00a035<\/p>\n<p><strong>\u00a0 \u00a0 Durchmesser des Lampenschirms (cm)<\/strong> 12<\/p>\n<p><strong>\u00a0 \u00a0 \u00a0Gewicht (kg)<\/strong>\u00a01,2<\/p>\n","protected":false},"excerpt":{"rendered":"<p>Das Wort LUCEO bedeutet im Lateinischen &#8222;leuchten&#8220;. Die zeitlose und skulpturale Leuchte LUCEO betont die Funktionalit\u00e4t und Sch\u00f6nheit. Der Mix aus Glas und Metall erzeugt einen spielerischen Effekt, der die Transparenz des Glases und die St\u00e4rke und Robustheit des Metalls betont. Schaffen Sie mit LUCEO-Leuchten das perfekte Ambiente und geniessen Sie die subtile Reflexion des [&hellip;]<\/p>\n","protected":false},"featured_media":107366,"template":"","meta":{"_acf_changed":false,"om_disable_all_campaigns":false},"product_cat":[291],"product_tag":[1256,896,554,1188,1265,816],"bundled_by":[],"bundle_stock_status":"onbackorder","bundle_stock_quantity":null,"bundle_virtual":false,"bundle_layout":"","bundle_add_to_cart_form_location":"","bundle_editable_in_cart":false,"bundle_sold_individually_context":"","bundle_item_grouping":"","bundle_min_size":"","bundle_max_size":"","bundle_price":[],"bundled_items":[],"bundle_sell_ids":[],"acf":[],"yoast_head":"<!-- This site is optimized with the Yoast SEO Premium plugin v22.2 (Yoast SEO v22.8) - https:\/\/yoast.com\/wordpress\/plugins\/seo\/ -->\n<title>AYTM | Zylindrische H\u00e4ngeleuchte LUCEO gold | Eisen und Glas | Ekkla<\/title>\n<meta name=\"description\" content=\"Die zeitlose und skulpturale Leuchte LUCEO betont die Funktionalit\u00e4t und Sch\u00f6nheit. Der Mix aus Glas und Metall erzeugt einen spielerischen Effekt.\" \/>\n<meta name=\"robots\" content=\"index, follow, max-snippet:-1, max-image-preview:large, max-video-preview:-1\" \/>\n<link rel=\"canonical\" href=\"https:\/\/ekkla.ch\/de\/produit\/zylindrische-hangeleuchte-luceo-vergoldetes-eisen-aytm\/\" \/>\n<meta property=\"og:locale\" content=\"de_DE\" \/>\n<meta property=\"og:type\" content=\"article\" \/>\n<meta property=\"og:title\" content=\"Zylindrische H\u00e4ngeleuchte LUCEO - Vergoldetes Eisen - AYTM\" \/>\n<meta property=\"og:description\" content=\"Die zeitlose und skulpturale Leuchte LUCEO betont die Funktionalit\u00e4t und Sch\u00f6nheit. Der Mix aus Glas und Metall erzeugt einen spielerischen Effekt.\" \/>\n<meta property=\"og:url\" content=\"https:\/\/ekkla.ch\/de\/produit\/zylindrische-hangeleuchte-luceo-vergoldetes-eisen-aytm\/\" \/>\n<meta property=\"og:site_name\" content=\"Ekkla\" \/>\n<meta property=\"article:modified_time\" content=\"2022-09-05T17:02:20+00:00\" \/>\n<meta property=\"og:image\" content=\"https:\/\/ekkla.ch\/wp-content\/uploads\/2021\/07\/Suspension_Luceo_Dore\u0301_Cylindre_ImageProduit2.jpg\" \/>\n\t<meta property=\"og:image:width\" content=\"900\" \/>\n\t<meta property=\"og:image:height\" content=\"900\" \/>\n\t<meta property=\"og:image:type\" content=\"image\/jpeg\" \/>\n<meta name=\"twitter:card\" content=\"summary_large_image\" \/>\n<script type=\"application\/ld+json\" class=\"yoast-schema-graph\">{\"@context\":\"https:\/\/schema.org\",\"@graph\":[{\"@type\":\"WebPage\",\"@id\":\"https:\/\/ekkla.ch\/de\/produit\/zylindrische-hangeleuchte-luceo-vergoldetes-eisen-aytm\/\",\"url\":\"https:\/\/ekkla.ch\/de\/produit\/zylindrische-hangeleuchte-luceo-vergoldetes-eisen-aytm\/\",\"name\":\"AYTM | Zylindrische H\u00e4ngeleuchte LUCEO gold | Eisen und Glas | Ekkla\",\"isPartOf\":{\"@id\":\"https:\/\/ekkla.ch\/#website\"},\"primaryImageOfPage\":{\"@id\":\"https:\/\/ekkla.ch\/de\/produit\/zylindrische-hangeleuchte-luceo-vergoldetes-eisen-aytm\/#primaryimage\"},\"image\":{\"@id\":\"https:\/\/ekkla.ch\/de\/produit\/zylindrische-hangeleuchte-luceo-vergoldetes-eisen-aytm\/#primaryimage\"},\"thumbnailUrl\":\"https:\/\/ekkla.ch\/wp-content\/uploads\/2021\/07\/Suspension_Luceo_Dore\u0301_Cylindre_ImageProduit2.jpg\",\"datePublished\":\"2021-07-05T09:58:06+00:00\",\"dateModified\":\"2022-09-05T17:02:20+00:00\",\"description\":\"Die zeitlose und skulpturale Leuchte LUCEO betont die Funktionalit\u00e4t und Sch\u00f6nheit. Der Mix aus Glas und Metall erzeugt einen spielerischen Effekt.\",\"breadcrumb\":{\"@id\":\"https:\/\/ekkla.ch\/de\/produit\/zylindrische-hangeleuchte-luceo-vergoldetes-eisen-aytm\/#breadcrumb\"},\"inLanguage\":\"de\",\"potentialAction\":[{\"@type\":\"ReadAction\",\"target\":[\"https:\/\/ekkla.ch\/de\/produit\/zylindrische-hangeleuchte-luceo-vergoldetes-eisen-aytm\/\"]}]},{\"@type\":\"ImageObject\",\"inLanguage\":\"de\",\"@id\":\"https:\/\/ekkla.ch\/de\/produit\/zylindrische-hangeleuchte-luceo-vergoldetes-eisen-aytm\/#primaryimage\",\"url\":\"https:\/\/ekkla.ch\/wp-content\/uploads\/2021\/07\/Suspension_Luceo_Dore\u0301_Cylindre_ImageProduit2.jpg\",\"contentUrl\":\"https:\/\/ekkla.ch\/wp-content\/uploads\/2021\/07\/Suspension_Luceo_Dore\u0301_Cylindre_ImageProduit2.jpg\",\"width\":900,\"height\":900,\"caption\":\"Suspension cylindre dor\u00e9 AYTM\"},{\"@type\":\"BreadcrumbList\",\"@id\":\"https:\/\/ekkla.ch\/de\/produit\/zylindrische-hangeleuchte-luceo-vergoldetes-eisen-aytm\/#breadcrumb\",\"itemListElement\":[{\"@type\":\"ListItem\",\"position\":1,\"name\":\"Home\",\"item\":\"https:\/\/ekkla.ch\/de\/\"},{\"@type\":\"ListItem\",\"position\":2,\"name\":\"Shop\",\"item\":\"https:\/\/ekkla.ch\/de\/shop\/\"},{\"@type\":\"ListItem\",\"position\":3,\"name\":\"Zylindrische H\u00e4ngeleuchte LUCEO &#8211; Vergoldetes Eisen &#8211; AYTM\"}]},{\"@type\":\"WebSite\",\"@id\":\"https:\/\/ekkla.ch\/#website\",\"url\":\"https:\/\/ekkla.ch\/\",\"name\":\"Ekkla\",\"description\":\"Der Onlineshop f\u00fcr Beleuchtung\",\"publisher\":{\"@id\":\"https:\/\/ekkla.ch\/#organization\"},\"potentialAction\":[{\"@type\":\"SearchAction\",\"target\":{\"@type\":\"EntryPoint\",\"urlTemplate\":\"https:\/\/ekkla.ch\/?s={search_term_string}\"},\"query-input\":\"required name=search_term_string\"}],\"inLanguage\":\"de\"},{\"@type\":\"Organization\",\"@id\":\"https:\/\/ekkla.ch\/#organization\",\"name\":\"Ekkla\",\"url\":\"https:\/\/ekkla.ch\/\",\"logo\":{\"@type\":\"ImageObject\",\"inLanguage\":\"de\",\"@id\":\"https:\/\/ekkla.ch\/#\/schema\/logo\/image\/\",\"url\":\"http:\/\/ekkla.ch\/wp-content\/uploads\/2019\/07\/logo-1.svg\",\"contentUrl\":\"http:\/\/ekkla.ch\/wp-content\/uploads\/2019\/07\/logo-1.svg\",\"width\":1,\"height\":1,\"caption\":\"Ekkla\"},\"image\":{\"@id\":\"https:\/\/ekkla.ch\/#\/schema\/logo\/image\/\"},\"sameAs\":[\"https:\/\/www.instagram.com\/ekkla_light\/\"]}]}<\/script>\n<!-- \/ Yoast SEO Premium plugin. -->","yoast_head_json":{"title":"AYTM | Zylindrische H\u00e4ngeleuchte LUCEO gold | Eisen und Glas | Ekkla","description":"Die zeitlose und skulpturale Leuchte LUCEO betont die Funktionalit\u00e4t und Sch\u00f6nheit. Der Mix aus Glas und Metall erzeugt einen spielerischen Effekt.","robots":{"index":"index","follow":"follow","max-snippet":"max-snippet:-1","max-image-preview":"max-image-preview:large","max-video-preview":"max-video-preview:-1"},"canonical":"https:\/\/ekkla.ch\/de\/produit\/zylindrische-hangeleuchte-luceo-vergoldetes-eisen-aytm\/","og_locale":"de_DE","og_type":"article","og_title":"Zylindrische H\u00e4ngeleuchte LUCEO - Vergoldetes Eisen - AYTM","og_description":"Die zeitlose und skulpturale Leuchte LUCEO betont die Funktionalit\u00e4t und Sch\u00f6nheit. Der Mix aus Glas und Metall erzeugt einen spielerischen Effekt.","og_url":"https:\/\/ekkla.ch\/de\/produit\/zylindrische-hangeleuchte-luceo-vergoldetes-eisen-aytm\/","og_site_name":"Ekkla","article_modified_time":"2022-09-05T17:02:20+00:00","og_image":[{"width":900,"height":900,"url":"https:\/\/ekkla.ch\/wp-content\/uploads\/2021\/07\/Suspension_Luceo_Dore\u0301_Cylindre_ImageProduit2.jpg","type":"image\/jpeg"}],"twitter_card":"summary_large_image","schema":{"@context":"https:\/\/schema.org","@graph":[{"@type":"WebPage","@id":"https:\/\/ekkla.ch\/de\/produit\/zylindrische-hangeleuchte-luceo-vergoldetes-eisen-aytm\/","url":"https:\/\/ekkla.ch\/de\/produit\/zylindrische-hangeleuchte-luceo-vergoldetes-eisen-aytm\/","name":"AYTM | Zylindrische H\u00e4ngeleuchte LUCEO gold | Eisen und Glas | Ekkla","isPartOf":{"@id":"https:\/\/ekkla.ch\/#website"},"primaryImageOfPage":{"@id":"https:\/\/ekkla.ch\/de\/produit\/zylindrische-hangeleuchte-luceo-vergoldetes-eisen-aytm\/#primaryimage"},"image":{"@id":"https:\/\/ekkla.ch\/de\/produit\/zylindrische-hangeleuchte-luceo-vergoldetes-eisen-aytm\/#primaryimage"},"thumbnailUrl":"https:\/\/ekkla.ch\/wp-content\/uploads\/2021\/07\/Suspension_Luceo_Dore\u0301_Cylindre_ImageProduit2.jpg","datePublished":"2021-07-05T09:58:06+00:00","dateModified":"2022-09-05T17:02:20+00:00","description":"Die zeitlose und skulpturale Leuchte LUCEO betont die Funktionalit\u00e4t und Sch\u00f6nheit. Der Mix aus Glas und Metall erzeugt einen spielerischen Effekt.","breadcrumb":{"@id":"https:\/\/ekkla.ch\/de\/produit\/zylindrische-hangeleuchte-luceo-vergoldetes-eisen-aytm\/#breadcrumb"},"inLanguage":"de","potentialAction":[{"@type":"ReadAction","target":["https:\/\/ekkla.ch\/de\/produit\/zylindrische-hangeleuchte-luceo-vergoldetes-eisen-aytm\/"]}]},{"@type":"ImageObject","inLanguage":"de","@id":"https:\/\/ekkla.ch\/de\/produit\/zylindrische-hangeleuchte-luceo-vergoldetes-eisen-aytm\/#primaryimage","url":"https:\/\/ekkla.ch\/wp-content\/uploads\/2021\/07\/Suspension_Luceo_Dore\u0301_Cylindre_ImageProduit2.jpg","contentUrl":"https:\/\/ekkla.ch\/wp-content\/uploads\/2021\/07\/Suspension_Luceo_Dore\u0301_Cylindre_ImageProduit2.jpg","width":900,"height":900,"caption":"Suspension cylindre dor\u00e9 AYTM"},{"@type":"BreadcrumbList","@id":"https:\/\/ekkla.ch\/de\/produit\/zylindrische-hangeleuchte-luceo-vergoldetes-eisen-aytm\/#breadcrumb","itemListElement":[{"@type":"ListItem","position":1,"name":"Home","item":"https:\/\/ekkla.ch\/de\/"},{"@type":"ListItem","position":2,"name":"Shop","item":"https:\/\/ekkla.ch\/de\/shop\/"},{"@type":"ListItem","position":3,"name":"Zylindrische H\u00e4ngeleuchte LUCEO &#8211; Vergoldetes Eisen &#8211; AYTM"}]},{"@type":"WebSite","@id":"https:\/\/ekkla.ch\/#website","url":"https:\/\/ekkla.ch\/","name":"Ekkla","description":"Der Onlineshop f\u00fcr Beleuchtung","publisher":{"@id":"https:\/\/ekkla.ch\/#organization"},"potentialAction":[{"@type":"SearchAction","target":{"@type":"EntryPoint","urlTemplate":"https:\/\/ekkla.ch\/?s={search_term_string}"},"query-input":"required name=search_term_string"}],"inLanguage":"de"},{"@type":"Organization","@id":"https:\/\/ekkla.ch\/#organization","name":"Ekkla","url":"https:\/\/ekkla.ch\/","logo":{"@type":"ImageObject","inLanguage":"de","@id":"https:\/\/ekkla.ch\/#\/schema\/logo\/image\/","url":"http:\/\/ekkla.ch\/wp-content\/uploads\/2019\/07\/logo-1.svg","contentUrl":"http:\/\/ekkla.ch\/wp-content\/uploads\/2019\/07\/logo-1.svg","width":1,"height":1,"caption":"Ekkla"},"image":{"@id":"https:\/\/ekkla.ch\/#\/schema\/logo\/image\/"},"sameAs":["https:\/\/www.instagram.com\/ekkla_light\/"]}]}},"_links":{"self":[{"href":"https:\/\/ekkla.ch\/de\/wp-json\/wp\/v2\/product\/109642"}],"collection":[{"href":"https:\/\/ekkla.ch\/de\/wp-json\/wp\/v2\/product"}],"about":[{"href":"https:\/\/ekkla.ch\/de\/wp-json\/wp\/v2\/types\/product"}],"wp:featuredmedia":[{"embeddable":true,"href":"https:\/\/ekkla.ch\/de\/wp-json\/wp\/v2\/media\/107366"}],"wp:attachment":[{"href":"https:\/\/ekkla.ch\/de\/wp-json\/wp\/v2\/media?parent=109642"}],"wp:term":[{"taxonomy":"product_cat","embeddable":true,"href":"https:\/\/ekkla.ch\/de\/wp-json\/wp\/v2\/product_cat?post=109642"},{"taxonomy":"product_tag","embeddable":true,"href":"https:\/\/ekkla.ch\/de\/wp-json\/wp\/v2\/product_tag?post=109642"}],"curies":[{"name":"wp","href":"https:\/\/api.w.org\/{rel}","templated":true}]}}