{"id":114342,"date":"2021-07-19T10:45:41","date_gmt":"2021-07-19T08:45:41","guid":{"rendered":"https:\/\/ekkla.ch\/produit\/wandhalterung-aplo-leuchte-h-24-anthrazit-fermob\/"},"modified":"2023-02-10T09:03:18","modified_gmt":"2023-02-10T08:03:18","slug":"wandhalterung-fur-aplo-leuchte-h-24-anthrazit-fermob","status":"publish","type":"product","link":"https:\/\/ekkla.ch\/de\/produit\/wandhalterung-fur-aplo-leuchte-h-24-anthrazit-fermob\/","title":{"rendered":"Wandhalterung f\u00fcr Apl\u00f4-Leuchte H.24 &#8211; Anthrazit &#8211; Fermob"},"content":{"rendered":"<p>Um allen Bed\u00fcrfnissen und verschiedenen Nutzungen gerecht zu werden, hat Tristan Lohner, Designer der Apl\u00f4-Kollektion, seine Leuchten mit einer diskreten und trendigen Wandhalterung erg\u00e4nzt.<\/p>\n<p>Dank der Halterung aus Aluminium, die in der gleichen Farbe wie der Leuchte erh\u00e4ltlich ist, k\u00f6nnen Sie die Lampe problemlos an die Wand h\u00e4ngen. Lassen Sie Ihrer Fantasie freien Lauf und schaffen Sie eine warme Atmosph\u00e4re im Innen- und Aussenbereich mit den Apl\u00f4 H.24 Leuchten. Doppelseitiges Klebeband inbegriffen.<\/p>\n<p>LAMPE SEPARAT ERH\u00c4LTLICH<\/p>\n<h2>\u00a0 \u00a0 \u00a0 Merkmale &amp; Eigenschaften<\/h2>\n<p><strong>\u00a0 \u00a0 \u00a0 \u00a0 \u00a0 Marke\u00a0<\/strong>Fermob<\/p>\n<p><strong>\u00a0 \u00a0 \u00a0 \u00a0 \u00a0 Farbe\u00a0<\/strong>Anthrazit<\/p>\n<p><strong>\u00a0 \u00a0 \u00a0 \u00a0 \u00a0 Material<\/strong>\u00a0Aluminium<\/p>\n<p><strong>\u00a0 \u00a0 \u00a0 \u00a0 \u00a0 H\u00f6he (cm) <\/strong>12<\/p>\n<p><strong>\u00a0 \u00a0 \u00a0 \u00a0 \u00a0 Breite (cm) <\/strong>5<\/p>\n<p><strong>\u00a0 \u00a0 \u00a0 \u00a0 \u00a0 Gewicht (kg) <\/strong>0,13<\/p>\n","protected":false},"excerpt":{"rendered":"<p>Um allen Bed\u00fcrfnissen und verschiedenen Nutzungen gerecht zu werden, hat Tristan Lohner, Designer der Apl\u00f4-Kollektion, seine Leuchten mit einer diskreten und trendigen Wandhalterung erg\u00e4nzt. Dank der Halterung aus Aluminium, die in der gleichen Farbe wie der Leuchte erh\u00e4ltlich ist, k\u00f6nnen Sie die Lampe problemlos an die Wand h\u00e4ngen. Lassen Sie Ihrer Fantasie freien Lauf und [&hellip;]<\/p>\n","protected":false},"featured_media":114279,"template":"","meta":{"_acf_changed":false,"om_disable_all_campaigns":false},"product_cat":[286],"product_tag":[1254,926,932,900,1188,1265,1072,1022,860,1203,883,1209],"bundled_by":[],"bundle_stock_status":"onbackorder","bundle_stock_quantity":1,"bundle_virtual":false,"bundle_layout":"","bundle_add_to_cart_form_location":"","bundle_editable_in_cart":false,"bundle_sold_individually_context":"","bundle_item_grouping":"","bundle_min_size":"","bundle_max_size":"","bundle_price":[],"bundled_items":[],"bundle_sell_ids":[],"acf":[],"yoast_head":"<!-- This site is optimized with the Yoast SEO Premium plugin v22.2 (Yoast SEO v22.8) - https:\/\/yoast.com\/wordpress\/plugins\/seo\/ -->\n<title>Fermob | Wandhalterung H.24 Apl\u00f4 Leuchte | Anthrazit | Ekkla<\/title>\n<meta name=\"description\" content=\"Design und diskrete Wandhalterung f\u00fcr Apl\u00f4-Leuchten von Fermob. Erh\u00e4ltlich in verschiedenen Farben.\" \/>\n<meta name=\"robots\" content=\"index, follow, max-snippet:-1, max-image-preview:large, max-video-preview:-1\" \/>\n<link rel=\"canonical\" href=\"https:\/\/ekkla.ch\/de\/produit\/wandhalterung-fur-aplo-leuchte-h-24-anthrazit-fermob\/\" \/>\n<meta property=\"og:locale\" content=\"de_DE\" \/>\n<meta property=\"og:type\" content=\"article\" \/>\n<meta property=\"og:title\" content=\"Wandhalterung f\u00fcr Apl\u00f4-Leuchte H.24 - Anthrazit - Fermob\" \/>\n<meta property=\"og:description\" content=\"Design und diskrete Wandhalterung f\u00fcr Apl\u00f4-Leuchten von Fermob. Erh\u00e4ltlich in verschiedenen Farben.\" \/>\n<meta property=\"og:url\" content=\"https:\/\/ekkla.ch\/de\/produit\/wandhalterung-fur-aplo-leuchte-h-24-anthrazit-fermob\/\" \/>\n<meta property=\"og:site_name\" content=\"Ekkla\" \/>\n<meta property=\"article:modified_time\" content=\"2023-02-10T08:03:18+00:00\" \/>\n<meta property=\"og:image\" content=\"https:\/\/ekkla.ch\/wp-content\/uploads\/2021\/07\/Applique_Aplo_Carbone_ImageProduit.jpg\" \/>\n\t<meta property=\"og:image:width\" content=\"900\" \/>\n\t<meta property=\"og:image:height\" content=\"900\" \/>\n\t<meta property=\"og:image:type\" content=\"image\/jpeg\" \/>\n<meta name=\"twitter:card\" content=\"summary_large_image\" \/>\n<meta name=\"twitter:label1\" content=\"Gesch\u00e4tzte Lesezeit\" \/>\n\t<meta name=\"twitter:data1\" content=\"1\u00a0Minute\" \/>\n<script type=\"application\/ld+json\" class=\"yoast-schema-graph\">{\"@context\":\"https:\/\/schema.org\",\"@graph\":[{\"@type\":\"WebPage\",\"@id\":\"https:\/\/ekkla.ch\/de\/produit\/wandhalterung-fur-aplo-leuchte-h-24-anthrazit-fermob\/\",\"url\":\"https:\/\/ekkla.ch\/de\/produit\/wandhalterung-fur-aplo-leuchte-h-24-anthrazit-fermob\/\",\"name\":\"Fermob | Wandhalterung H.24 Apl\u00f4 Leuchte | Anthrazit | Ekkla\",\"isPartOf\":{\"@id\":\"https:\/\/ekkla.ch\/#website\"},\"primaryImageOfPage\":{\"@id\":\"https:\/\/ekkla.ch\/de\/produit\/wandhalterung-fur-aplo-leuchte-h-24-anthrazit-fermob\/#primaryimage\"},\"image\":{\"@id\":\"https:\/\/ekkla.ch\/de\/produit\/wandhalterung-fur-aplo-leuchte-h-24-anthrazit-fermob\/#primaryimage\"},\"thumbnailUrl\":\"https:\/\/ekkla.ch\/wp-content\/uploads\/2021\/07\/Applique_Aplo_Carbone_ImageProduit.jpg\",\"datePublished\":\"2021-07-19T08:45:41+00:00\",\"dateModified\":\"2023-02-10T08:03:18+00:00\",\"description\":\"Design und diskrete Wandhalterung f\u00fcr Apl\u00f4-Leuchten von Fermob. Erh\u00e4ltlich in verschiedenen Farben.\",\"breadcrumb\":{\"@id\":\"https:\/\/ekkla.ch\/de\/produit\/wandhalterung-fur-aplo-leuchte-h-24-anthrazit-fermob\/#breadcrumb\"},\"inLanguage\":\"de\",\"potentialAction\":[{\"@type\":\"ReadAction\",\"target\":[\"https:\/\/ekkla.ch\/de\/produit\/wandhalterung-fur-aplo-leuchte-h-24-anthrazit-fermob\/\"]}]},{\"@type\":\"ImageObject\",\"inLanguage\":\"de\",\"@id\":\"https:\/\/ekkla.ch\/de\/produit\/wandhalterung-fur-aplo-leuchte-h-24-anthrazit-fermob\/#primaryimage\",\"url\":\"https:\/\/ekkla.ch\/wp-content\/uploads\/2021\/07\/Applique_Aplo_Carbone_ImageProduit.jpg\",\"contentUrl\":\"https:\/\/ekkla.ch\/wp-content\/uploads\/2021\/07\/Applique_Aplo_Carbone_ImageProduit.jpg\",\"width\":900,\"height\":900,\"caption\":\"Applique Apl\u00f4 Fermob carbone\"},{\"@type\":\"BreadcrumbList\",\"@id\":\"https:\/\/ekkla.ch\/de\/produit\/wandhalterung-fur-aplo-leuchte-h-24-anthrazit-fermob\/#breadcrumb\",\"itemListElement\":[{\"@type\":\"ListItem\",\"position\":1,\"name\":\"Home\",\"item\":\"https:\/\/ekkla.ch\/de\/\"},{\"@type\":\"ListItem\",\"position\":2,\"name\":\"Shop\",\"item\":\"https:\/\/ekkla.ch\/de\/shop\/\"},{\"@type\":\"ListItem\",\"position\":3,\"name\":\"Wandhalterung f\u00fcr Apl\u00f4-Leuchte H.24 &#8211; Anthrazit &#8211; Fermob\"}]},{\"@type\":\"WebSite\",\"@id\":\"https:\/\/ekkla.ch\/#website\",\"url\":\"https:\/\/ekkla.ch\/\",\"name\":\"Ekkla\",\"description\":\"Der Onlineshop f\u00fcr Beleuchtung\",\"publisher\":{\"@id\":\"https:\/\/ekkla.ch\/#organization\"},\"potentialAction\":[{\"@type\":\"SearchAction\",\"target\":{\"@type\":\"EntryPoint\",\"urlTemplate\":\"https:\/\/ekkla.ch\/?s={search_term_string}\"},\"query-input\":\"required name=search_term_string\"}],\"inLanguage\":\"de\"},{\"@type\":\"Organization\",\"@id\":\"https:\/\/ekkla.ch\/#organization\",\"name\":\"Ekkla\",\"url\":\"https:\/\/ekkla.ch\/\",\"logo\":{\"@type\":\"ImageObject\",\"inLanguage\":\"de\",\"@id\":\"https:\/\/ekkla.ch\/#\/schema\/logo\/image\/\",\"url\":\"http:\/\/ekkla.ch\/wp-content\/uploads\/2019\/07\/logo-1.svg\",\"contentUrl\":\"http:\/\/ekkla.ch\/wp-content\/uploads\/2019\/07\/logo-1.svg\",\"width\":1,\"height\":1,\"caption\":\"Ekkla\"},\"image\":{\"@id\":\"https:\/\/ekkla.ch\/#\/schema\/logo\/image\/\"},\"sameAs\":[\"https:\/\/www.instagram.com\/ekkla_light\/\"]}]}<\/script>\n<!-- \/ Yoast SEO Premium plugin. -->","yoast_head_json":{"title":"Fermob | Wandhalterung H.24 Apl\u00f4 Leuchte | Anthrazit | Ekkla","description":"Design und diskrete Wandhalterung f\u00fcr Apl\u00f4-Leuchten von Fermob. Erh\u00e4ltlich in verschiedenen Farben.","robots":{"index":"index","follow":"follow","max-snippet":"max-snippet:-1","max-image-preview":"max-image-preview:large","max-video-preview":"max-video-preview:-1"},"canonical":"https:\/\/ekkla.ch\/de\/produit\/wandhalterung-fur-aplo-leuchte-h-24-anthrazit-fermob\/","og_locale":"de_DE","og_type":"article","og_title":"Wandhalterung f\u00fcr Apl\u00f4-Leuchte H.24 - Anthrazit - Fermob","og_description":"Design und diskrete Wandhalterung f\u00fcr Apl\u00f4-Leuchten von Fermob. Erh\u00e4ltlich in verschiedenen Farben.","og_url":"https:\/\/ekkla.ch\/de\/produit\/wandhalterung-fur-aplo-leuchte-h-24-anthrazit-fermob\/","og_site_name":"Ekkla","article_modified_time":"2023-02-10T08:03:18+00:00","og_image":[{"width":900,"height":900,"url":"https:\/\/ekkla.ch\/wp-content\/uploads\/2021\/07\/Applique_Aplo_Carbone_ImageProduit.jpg","type":"image\/jpeg"}],"twitter_card":"summary_large_image","twitter_misc":{"Gesch\u00e4tzte Lesezeit":"1\u00a0Minute"},"schema":{"@context":"https:\/\/schema.org","@graph":[{"@type":"WebPage","@id":"https:\/\/ekkla.ch\/de\/produit\/wandhalterung-fur-aplo-leuchte-h-24-anthrazit-fermob\/","url":"https:\/\/ekkla.ch\/de\/produit\/wandhalterung-fur-aplo-leuchte-h-24-anthrazit-fermob\/","name":"Fermob | Wandhalterung H.24 Apl\u00f4 Leuchte | Anthrazit | Ekkla","isPartOf":{"@id":"https:\/\/ekkla.ch\/#website"},"primaryImageOfPage":{"@id":"https:\/\/ekkla.ch\/de\/produit\/wandhalterung-fur-aplo-leuchte-h-24-anthrazit-fermob\/#primaryimage"},"image":{"@id":"https:\/\/ekkla.ch\/de\/produit\/wandhalterung-fur-aplo-leuchte-h-24-anthrazit-fermob\/#primaryimage"},"thumbnailUrl":"https:\/\/ekkla.ch\/wp-content\/uploads\/2021\/07\/Applique_Aplo_Carbone_ImageProduit.jpg","datePublished":"2021-07-19T08:45:41+00:00","dateModified":"2023-02-10T08:03:18+00:00","description":"Design und diskrete Wandhalterung f\u00fcr Apl\u00f4-Leuchten von Fermob. Erh\u00e4ltlich in verschiedenen Farben.","breadcrumb":{"@id":"https:\/\/ekkla.ch\/de\/produit\/wandhalterung-fur-aplo-leuchte-h-24-anthrazit-fermob\/#breadcrumb"},"inLanguage":"de","potentialAction":[{"@type":"ReadAction","target":["https:\/\/ekkla.ch\/de\/produit\/wandhalterung-fur-aplo-leuchte-h-24-anthrazit-fermob\/"]}]},{"@type":"ImageObject","inLanguage":"de","@id":"https:\/\/ekkla.ch\/de\/produit\/wandhalterung-fur-aplo-leuchte-h-24-anthrazit-fermob\/#primaryimage","url":"https:\/\/ekkla.ch\/wp-content\/uploads\/2021\/07\/Applique_Aplo_Carbone_ImageProduit.jpg","contentUrl":"https:\/\/ekkla.ch\/wp-content\/uploads\/2021\/07\/Applique_Aplo_Carbone_ImageProduit.jpg","width":900,"height":900,"caption":"Applique Apl\u00f4 Fermob carbone"},{"@type":"BreadcrumbList","@id":"https:\/\/ekkla.ch\/de\/produit\/wandhalterung-fur-aplo-leuchte-h-24-anthrazit-fermob\/#breadcrumb","itemListElement":[{"@type":"ListItem","position":1,"name":"Home","item":"https:\/\/ekkla.ch\/de\/"},{"@type":"ListItem","position":2,"name":"Shop","item":"https:\/\/ekkla.ch\/de\/shop\/"},{"@type":"ListItem","position":3,"name":"Wandhalterung f\u00fcr Apl\u00f4-Leuchte H.24 &#8211; Anthrazit &#8211; Fermob"}]},{"@type":"WebSite","@id":"https:\/\/ekkla.ch\/#website","url":"https:\/\/ekkla.ch\/","name":"Ekkla","description":"Der Onlineshop f\u00fcr Beleuchtung","publisher":{"@id":"https:\/\/ekkla.ch\/#organization"},"potentialAction":[{"@type":"SearchAction","target":{"@type":"EntryPoint","urlTemplate":"https:\/\/ekkla.ch\/?s={search_term_string}"},"query-input":"required name=search_term_string"}],"inLanguage":"de"},{"@type":"Organization","@id":"https:\/\/ekkla.ch\/#organization","name":"Ekkla","url":"https:\/\/ekkla.ch\/","logo":{"@type":"ImageObject","inLanguage":"de","@id":"https:\/\/ekkla.ch\/#\/schema\/logo\/image\/","url":"http:\/\/ekkla.ch\/wp-content\/uploads\/2019\/07\/logo-1.svg","contentUrl":"http:\/\/ekkla.ch\/wp-content\/uploads\/2019\/07\/logo-1.svg","width":1,"height":1,"caption":"Ekkla"},"image":{"@id":"https:\/\/ekkla.ch\/#\/schema\/logo\/image\/"},"sameAs":["https:\/\/www.instagram.com\/ekkla_light\/"]}]}},"_links":{"self":[{"href":"https:\/\/ekkla.ch\/de\/wp-json\/wp\/v2\/product\/114342"}],"collection":[{"href":"https:\/\/ekkla.ch\/de\/wp-json\/wp\/v2\/product"}],"about":[{"href":"https:\/\/ekkla.ch\/de\/wp-json\/wp\/v2\/types\/product"}],"wp:featuredmedia":[{"embeddable":true,"href":"https:\/\/ekkla.ch\/de\/wp-json\/wp\/v2\/media\/114279"}],"wp:attachment":[{"href":"https:\/\/ekkla.ch\/de\/wp-json\/wp\/v2\/media?parent=114342"}],"wp:term":[{"taxonomy":"product_cat","embeddable":true,"href":"https:\/\/ekkla.ch\/de\/wp-json\/wp\/v2\/product_cat?post=114342"},{"taxonomy":"product_tag","embeddable":true,"href":"https:\/\/ekkla.ch\/de\/wp-json\/wp\/v2\/product_tag?post=114342"}],"curies":[{"name":"wp","href":"https:\/\/api.w.org\/{rel}","templated":true}]}}