{"id":121335,"date":"2021-07-20T16:56:50","date_gmt":"2021-07-20T14:56:50","guid":{"rendered":"https:\/\/ekkla.ch\/produit\/hangeleuchte-multi-lite-s-%e2%8c%8025-neuauflage-1972-goldenes-und-mattweisses-messing-verstellbar-gubi\/"},"modified":"2022-06-06T12:09:55","modified_gmt":"2022-06-06T10:09:55","slug":"hangeleuchte-multi-lite-s-%e2%8c%8025-neuauflage-1972-goldenes-und-mattweisses-messing-verstellbar-gubi","status":"publish","type":"product","link":"https:\/\/ekkla.ch\/de\/produit\/hangeleuchte-multi-lite-s-%e2%8c%8025-neuauflage-1972-goldenes-und-mattweisses-messing-verstellbar-gubi\/","title":{"rendered":"H\u00e4ngeleuchte Multi-Lite S \u230025 &#8211; Neuauflage 1972 &#8211; Goldenes und mattweisses Messing &#8211; Verstellbar- Gubi"},"content":{"rendered":"<p>Die H\u00e4ngeleuchte Multi-Lite kn\u00fcpft mit ihrer einmaligen Form an das goldene Zeitalter des d\u00e4nischen Designs an. Die zwei \u00e4usseren, gegen\u00fcberliegenden Lampenschirme sind mobil und erlauben individuelle Gestaltungsm\u00f6glichkeiten. Die Vielzahl an Winkeln, welche die Leuchte einnehmen kann, erm\u00f6glicht es, einen Raum mit symmetrischem oder asymmetrischem Licht zu erhellen.<\/p>\n<p>Multi-Lite spiegelt die Leidenschaft ihres Designers Louis Weisdorf wider, der die Leuchte 1972 erstmals entwarf. Der Lampenkern besteht aus zwei zylindrischen Formen, welche von einem Metallring umschlossen werden. Die beiden viertelkugelf\u00f6rmigen Schirme vervollst\u00e4ndigen das ikonische Design. Die H\u00e4ngeleuchte ist zeitlos und l\u00e4sst sich einfach in jede h\u00e4usliche Atmosph\u00e4re integrieren. Die neue Version von Gubi versch\u00f6nert die Stimmung am Esstisch oder bringt einen angenehmen Vintage-Touch in Ihr Wohnzimmer. Gl\u00fchbirne nicht inbegriffen.<\/p>\n<blockquote>\n<h2 style=\"text-align: left;\">Merkmale &amp; Eigenschaften<\/h2>\n<p><b>Marke <\/b>Gubi<\/p>\n<p style=\"text-align: left;\"><b>Farben\u00a0<\/b>Gold und weiss<\/p>\n<p style=\"text-align: left;\"><b>Material <\/b>Messing<\/p>\n<p style=\"text-align: left;\"><b>Gl\u00fchbirne <\/b>E14 (nicht inbegriffen)<\/p>\n<p><strong>Max. Leistung (W)<\/strong>\u00a040<\/p>\n<p><strong>Durchmesser Lampenschirm (cm) <\/strong>25,5<\/p>\n<p><strong>Gewicht (kg) <\/strong>1,5<\/p><\/blockquote>\n","protected":false},"excerpt":{"rendered":"<p>Die H\u00e4ngeleuchte Multi-Lite kn\u00fcpft mit ihrer einmaligen Form an das goldene Zeitalter des d\u00e4nischen Designs an. Die zwei \u00e4usseren, gegen\u00fcberliegenden Lampenschirme sind mobil und erlauben individuelle Gestaltungsm\u00f6glichkeiten. Die Vielzahl an Winkeln, welche die Leuchte einnehmen kann, erm\u00f6glicht es, einen Raum mit symmetrischem oder asymmetrischem Licht zu erhellen. Multi-Lite spiegelt die Leidenschaft ihres Designers Louis Weisdorf [&hellip;]<\/p>\n","protected":false},"featured_media":120044,"template":"","meta":{"_acf_changed":false,"om_disable_all_campaigns":false},"product_cat":[291],"product_tag":[1254,892,1188,1265,801,816,704],"bundled_by":[],"bundle_stock_status":"onbackorder","bundle_stock_quantity":null,"bundle_virtual":false,"bundle_layout":"","bundle_add_to_cart_form_location":"","bundle_editable_in_cart":false,"bundle_sold_individually_context":"","bundle_item_grouping":"","bundle_min_size":"","bundle_max_size":"","bundle_price":[],"bundled_items":[],"bundle_sell_ids":[],"acf":[],"yoast_head":"<!-- This site is optimized with the Yoast SEO Premium plugin v22.2 (Yoast SEO v22.8) - https:\/\/yoast.com\/wordpress\/plugins\/seo\/ -->\n<title>Gubi | H\u00e4ngeleuchte Multi-Lite S | Goldenes und mattweisses Messing | Ekkla<\/title>\n<meta name=\"description\" content=\"Die H\u00e4ngeleuchte Multi-Lite kn\u00fcpft mit ihrer einmaligen Form an das goldene Zeitalter des d\u00e4nischen Designs an. Ein ikonisches und vielseitiges Design, das jeden beliebigen Raum beleuchtet.\" \/>\n<meta name=\"robots\" content=\"index, follow, max-snippet:-1, max-image-preview:large, max-video-preview:-1\" \/>\n<link rel=\"canonical\" href=\"https:\/\/ekkla.ch\/de\/produit\/hangeleuchte-multi-lite-s-\u230025-neuauflage-1972-goldenes-und-mattweisses-messing-verstellbar-gubi\/\" \/>\n<meta property=\"og:locale\" content=\"de_DE\" \/>\n<meta property=\"og:type\" content=\"article\" \/>\n<meta property=\"og:title\" content=\"H\u00e4ngeleuchte Multi-Lite S \u230025 - Neuauflage 1972 - Goldenes und mattweisses Messing - Verstellbar- Gubi\" \/>\n<meta property=\"og:description\" content=\"Die H\u00e4ngeleuchte Multi-Lite kn\u00fcpft mit ihrer einmaligen Form an das goldene Zeitalter des d\u00e4nischen Designs an. Ein ikonisches und vielseitiges Design, das jeden beliebigen Raum beleuchtet.\" \/>\n<meta property=\"og:url\" content=\"https:\/\/ekkla.ch\/de\/produit\/hangeleuchte-multi-lite-s-\u230025-neuauflage-1972-goldenes-und-mattweisses-messing-verstellbar-gubi\/\" \/>\n<meta property=\"og:site_name\" content=\"Ekkla\" \/>\n<meta property=\"article:modified_time\" content=\"2022-06-06T10:09:55+00:00\" \/>\n<meta property=\"og:image\" content=\"https:\/\/ekkla.ch\/wp-content\/uploads\/2021\/07\/Suspension_MultiLite_25_BlancDore_GUBI_ImageProduit3.jpg\" \/>\n\t<meta property=\"og:image:width\" content=\"900\" \/>\n\t<meta property=\"og:image:height\" content=\"900\" \/>\n\t<meta property=\"og:image:type\" content=\"image\/jpeg\" \/>\n<meta name=\"twitter:card\" content=\"summary_large_image\" \/>\n<meta name=\"twitter:label1\" content=\"Gesch\u00e4tzte Lesezeit\" \/>\n\t<meta name=\"twitter:data1\" content=\"1\u00a0Minute\" \/>\n<script type=\"application\/ld+json\" class=\"yoast-schema-graph\">{\"@context\":\"https:\/\/schema.org\",\"@graph\":[{\"@type\":\"WebPage\",\"@id\":\"https:\/\/ekkla.ch\/de\/produit\/hangeleuchte-multi-lite-s-%e2%8c%8025-neuauflage-1972-goldenes-und-mattweisses-messing-verstellbar-gubi\/\",\"url\":\"https:\/\/ekkla.ch\/de\/produit\/hangeleuchte-multi-lite-s-%e2%8c%8025-neuauflage-1972-goldenes-und-mattweisses-messing-verstellbar-gubi\/\",\"name\":\"Gubi | H\u00e4ngeleuchte Multi-Lite S | Goldenes und mattweisses Messing | Ekkla\",\"isPartOf\":{\"@id\":\"https:\/\/ekkla.ch\/#website\"},\"primaryImageOfPage\":{\"@id\":\"https:\/\/ekkla.ch\/de\/produit\/hangeleuchte-multi-lite-s-%e2%8c%8025-neuauflage-1972-goldenes-und-mattweisses-messing-verstellbar-gubi\/#primaryimage\"},\"image\":{\"@id\":\"https:\/\/ekkla.ch\/de\/produit\/hangeleuchte-multi-lite-s-%e2%8c%8025-neuauflage-1972-goldenes-und-mattweisses-messing-verstellbar-gubi\/#primaryimage\"},\"thumbnailUrl\":\"https:\/\/ekkla.ch\/wp-content\/uploads\/2021\/07\/Suspension_MultiLite_25_BlancDore_GUBI_ImageProduit3.jpg\",\"datePublished\":\"2021-07-20T14:56:50+00:00\",\"dateModified\":\"2022-06-06T10:09:55+00:00\",\"description\":\"Die H\u00e4ngeleuchte Multi-Lite kn\u00fcpft mit ihrer einmaligen Form an das goldene Zeitalter des d\u00e4nischen Designs an. Ein ikonisches und vielseitiges Design, das jeden beliebigen Raum beleuchtet.\",\"breadcrumb\":{\"@id\":\"https:\/\/ekkla.ch\/de\/produit\/hangeleuchte-multi-lite-s-%e2%8c%8025-neuauflage-1972-goldenes-und-mattweisses-messing-verstellbar-gubi\/#breadcrumb\"},\"inLanguage\":\"de\",\"potentialAction\":[{\"@type\":\"ReadAction\",\"target\":[\"https:\/\/ekkla.ch\/de\/produit\/hangeleuchte-multi-lite-s-%e2%8c%8025-neuauflage-1972-goldenes-und-mattweisses-messing-verstellbar-gubi\/\"]}]},{\"@type\":\"ImageObject\",\"inLanguage\":\"de\",\"@id\":\"https:\/\/ekkla.ch\/de\/produit\/hangeleuchte-multi-lite-s-%e2%8c%8025-neuauflage-1972-goldenes-und-mattweisses-messing-verstellbar-gubi\/#primaryimage\",\"url\":\"https:\/\/ekkla.ch\/wp-content\/uploads\/2021\/07\/Suspension_MultiLite_25_BlancDore_GUBI_ImageProduit3.jpg\",\"contentUrl\":\"https:\/\/ekkla.ch\/wp-content\/uploads\/2021\/07\/Suspension_MultiLite_25_BlancDore_GUBI_ImageProduit3.jpg\",\"width\":900,\"height\":900,\"caption\":\"Suspension Multi-Lite blanche GUBI\"},{\"@type\":\"BreadcrumbList\",\"@id\":\"https:\/\/ekkla.ch\/de\/produit\/hangeleuchte-multi-lite-s-%e2%8c%8025-neuauflage-1972-goldenes-und-mattweisses-messing-verstellbar-gubi\/#breadcrumb\",\"itemListElement\":[{\"@type\":\"ListItem\",\"position\":1,\"name\":\"Home\",\"item\":\"https:\/\/ekkla.ch\/de\/\"},{\"@type\":\"ListItem\",\"position\":2,\"name\":\"Shop\",\"item\":\"https:\/\/ekkla.ch\/de\/shop\/\"},{\"@type\":\"ListItem\",\"position\":3,\"name\":\"H\u00e4ngeleuchte Multi-Lite S \u230025 &#8211; Neuauflage 1972 &#8211; Goldenes und mattweisses Messing &#8211; Verstellbar- Gubi\"}]},{\"@type\":\"WebSite\",\"@id\":\"https:\/\/ekkla.ch\/#website\",\"url\":\"https:\/\/ekkla.ch\/\",\"name\":\"Ekkla\",\"description\":\"Der Onlineshop f\u00fcr Beleuchtung\",\"publisher\":{\"@id\":\"https:\/\/ekkla.ch\/#organization\"},\"potentialAction\":[{\"@type\":\"SearchAction\",\"target\":{\"@type\":\"EntryPoint\",\"urlTemplate\":\"https:\/\/ekkla.ch\/?s={search_term_string}\"},\"query-input\":\"required name=search_term_string\"}],\"inLanguage\":\"de\"},{\"@type\":\"Organization\",\"@id\":\"https:\/\/ekkla.ch\/#organization\",\"name\":\"Ekkla\",\"url\":\"https:\/\/ekkla.ch\/\",\"logo\":{\"@type\":\"ImageObject\",\"inLanguage\":\"de\",\"@id\":\"https:\/\/ekkla.ch\/#\/schema\/logo\/image\/\",\"url\":\"http:\/\/ekkla.ch\/wp-content\/uploads\/2019\/07\/logo-1.svg\",\"contentUrl\":\"http:\/\/ekkla.ch\/wp-content\/uploads\/2019\/07\/logo-1.svg\",\"width\":1,\"height\":1,\"caption\":\"Ekkla\"},\"image\":{\"@id\":\"https:\/\/ekkla.ch\/#\/schema\/logo\/image\/\"},\"sameAs\":[\"https:\/\/www.instagram.com\/ekkla_light\/\"]}]}<\/script>\n<!-- \/ Yoast SEO Premium plugin. -->","yoast_head_json":{"title":"Gubi | H\u00e4ngeleuchte Multi-Lite S | Goldenes und mattweisses Messing | Ekkla","description":"Die H\u00e4ngeleuchte Multi-Lite kn\u00fcpft mit ihrer einmaligen Form an das goldene Zeitalter des d\u00e4nischen Designs an. Ein ikonisches und vielseitiges Design, das jeden beliebigen Raum beleuchtet.","robots":{"index":"index","follow":"follow","max-snippet":"max-snippet:-1","max-image-preview":"max-image-preview:large","max-video-preview":"max-video-preview:-1"},"canonical":"https:\/\/ekkla.ch\/de\/produit\/hangeleuchte-multi-lite-s-\u230025-neuauflage-1972-goldenes-und-mattweisses-messing-verstellbar-gubi\/","og_locale":"de_DE","og_type":"article","og_title":"H\u00e4ngeleuchte Multi-Lite S \u230025 - Neuauflage 1972 - Goldenes und mattweisses Messing - Verstellbar- Gubi","og_description":"Die H\u00e4ngeleuchte Multi-Lite kn\u00fcpft mit ihrer einmaligen Form an das goldene Zeitalter des d\u00e4nischen Designs an. Ein ikonisches und vielseitiges Design, das jeden beliebigen Raum beleuchtet.","og_url":"https:\/\/ekkla.ch\/de\/produit\/hangeleuchte-multi-lite-s-\u230025-neuauflage-1972-goldenes-und-mattweisses-messing-verstellbar-gubi\/","og_site_name":"Ekkla","article_modified_time":"2022-06-06T10:09:55+00:00","og_image":[{"width":900,"height":900,"url":"https:\/\/ekkla.ch\/wp-content\/uploads\/2021\/07\/Suspension_MultiLite_25_BlancDore_GUBI_ImageProduit3.jpg","type":"image\/jpeg"}],"twitter_card":"summary_large_image","twitter_misc":{"Gesch\u00e4tzte Lesezeit":"1\u00a0Minute"},"schema":{"@context":"https:\/\/schema.org","@graph":[{"@type":"WebPage","@id":"https:\/\/ekkla.ch\/de\/produit\/hangeleuchte-multi-lite-s-%e2%8c%8025-neuauflage-1972-goldenes-und-mattweisses-messing-verstellbar-gubi\/","url":"https:\/\/ekkla.ch\/de\/produit\/hangeleuchte-multi-lite-s-%e2%8c%8025-neuauflage-1972-goldenes-und-mattweisses-messing-verstellbar-gubi\/","name":"Gubi | H\u00e4ngeleuchte Multi-Lite S | Goldenes und mattweisses Messing | Ekkla","isPartOf":{"@id":"https:\/\/ekkla.ch\/#website"},"primaryImageOfPage":{"@id":"https:\/\/ekkla.ch\/de\/produit\/hangeleuchte-multi-lite-s-%e2%8c%8025-neuauflage-1972-goldenes-und-mattweisses-messing-verstellbar-gubi\/#primaryimage"},"image":{"@id":"https:\/\/ekkla.ch\/de\/produit\/hangeleuchte-multi-lite-s-%e2%8c%8025-neuauflage-1972-goldenes-und-mattweisses-messing-verstellbar-gubi\/#primaryimage"},"thumbnailUrl":"https:\/\/ekkla.ch\/wp-content\/uploads\/2021\/07\/Suspension_MultiLite_25_BlancDore_GUBI_ImageProduit3.jpg","datePublished":"2021-07-20T14:56:50+00:00","dateModified":"2022-06-06T10:09:55+00:00","description":"Die H\u00e4ngeleuchte Multi-Lite kn\u00fcpft mit ihrer einmaligen Form an das goldene Zeitalter des d\u00e4nischen Designs an. Ein ikonisches und vielseitiges Design, das jeden beliebigen Raum beleuchtet.","breadcrumb":{"@id":"https:\/\/ekkla.ch\/de\/produit\/hangeleuchte-multi-lite-s-%e2%8c%8025-neuauflage-1972-goldenes-und-mattweisses-messing-verstellbar-gubi\/#breadcrumb"},"inLanguage":"de","potentialAction":[{"@type":"ReadAction","target":["https:\/\/ekkla.ch\/de\/produit\/hangeleuchte-multi-lite-s-%e2%8c%8025-neuauflage-1972-goldenes-und-mattweisses-messing-verstellbar-gubi\/"]}]},{"@type":"ImageObject","inLanguage":"de","@id":"https:\/\/ekkla.ch\/de\/produit\/hangeleuchte-multi-lite-s-%e2%8c%8025-neuauflage-1972-goldenes-und-mattweisses-messing-verstellbar-gubi\/#primaryimage","url":"https:\/\/ekkla.ch\/wp-content\/uploads\/2021\/07\/Suspension_MultiLite_25_BlancDore_GUBI_ImageProduit3.jpg","contentUrl":"https:\/\/ekkla.ch\/wp-content\/uploads\/2021\/07\/Suspension_MultiLite_25_BlancDore_GUBI_ImageProduit3.jpg","width":900,"height":900,"caption":"Suspension Multi-Lite blanche GUBI"},{"@type":"BreadcrumbList","@id":"https:\/\/ekkla.ch\/de\/produit\/hangeleuchte-multi-lite-s-%e2%8c%8025-neuauflage-1972-goldenes-und-mattweisses-messing-verstellbar-gubi\/#breadcrumb","itemListElement":[{"@type":"ListItem","position":1,"name":"Home","item":"https:\/\/ekkla.ch\/de\/"},{"@type":"ListItem","position":2,"name":"Shop","item":"https:\/\/ekkla.ch\/de\/shop\/"},{"@type":"ListItem","position":3,"name":"H\u00e4ngeleuchte Multi-Lite S \u230025 &#8211; Neuauflage 1972 &#8211; Goldenes und mattweisses Messing &#8211; Verstellbar- Gubi"}]},{"@type":"WebSite","@id":"https:\/\/ekkla.ch\/#website","url":"https:\/\/ekkla.ch\/","name":"Ekkla","description":"Der Onlineshop f\u00fcr Beleuchtung","publisher":{"@id":"https:\/\/ekkla.ch\/#organization"},"potentialAction":[{"@type":"SearchAction","target":{"@type":"EntryPoint","urlTemplate":"https:\/\/ekkla.ch\/?s={search_term_string}"},"query-input":"required name=search_term_string"}],"inLanguage":"de"},{"@type":"Organization","@id":"https:\/\/ekkla.ch\/#organization","name":"Ekkla","url":"https:\/\/ekkla.ch\/","logo":{"@type":"ImageObject","inLanguage":"de","@id":"https:\/\/ekkla.ch\/#\/schema\/logo\/image\/","url":"http:\/\/ekkla.ch\/wp-content\/uploads\/2019\/07\/logo-1.svg","contentUrl":"http:\/\/ekkla.ch\/wp-content\/uploads\/2019\/07\/logo-1.svg","width":1,"height":1,"caption":"Ekkla"},"image":{"@id":"https:\/\/ekkla.ch\/#\/schema\/logo\/image\/"},"sameAs":["https:\/\/www.instagram.com\/ekkla_light\/"]}]}},"_links":{"self":[{"href":"https:\/\/ekkla.ch\/de\/wp-json\/wp\/v2\/product\/121335"}],"collection":[{"href":"https:\/\/ekkla.ch\/de\/wp-json\/wp\/v2\/product"}],"about":[{"href":"https:\/\/ekkla.ch\/de\/wp-json\/wp\/v2\/types\/product"}],"wp:featuredmedia":[{"embeddable":true,"href":"https:\/\/ekkla.ch\/de\/wp-json\/wp\/v2\/media\/120044"}],"wp:attachment":[{"href":"https:\/\/ekkla.ch\/de\/wp-json\/wp\/v2\/media?parent=121335"}],"wp:term":[{"taxonomy":"product_cat","embeddable":true,"href":"https:\/\/ekkla.ch\/de\/wp-json\/wp\/v2\/product_cat?post=121335"},{"taxonomy":"product_tag","embeddable":true,"href":"https:\/\/ekkla.ch\/de\/wp-json\/wp\/v2\/product_tag?post=121335"}],"curies":[{"name":"wp","href":"https:\/\/api.w.org\/{rel}","templated":true}]}}