{"id":121479,"date":"2021-08-03T15:05:34","date_gmt":"2021-08-03T13:05:34","guid":{"rendered":"https:\/\/ekkla.ch\/produit\/hangeleuchte-satellite-m-%e2%8c%8022-neuauflage-1953-cremeweisses-perforiertes-metall-gubi\/"},"modified":"2022-06-06T11:49:30","modified_gmt":"2022-06-06T09:49:30","slug":"hangeleuchte-satellite-m-%e2%8c%8022-neuauflage-1953-cremeweisses-perforiertes-metall-gubi","status":"publish","type":"product","link":"https:\/\/ekkla.ch\/de\/produit\/hangeleuchte-satellite-m-%e2%8c%8022-neuauflage-1953-cremeweisses-perforiertes-metall-gubi\/","title":{"rendered":"H\u00e4ngeleuchte Satellite M \u230022 &#8211; Neuauflage 1953 &#8211; Cremeweisses perforiertes Metall &#8211; Gubi"},"content":{"rendered":"<p>Hier bietet der Gubi-Verlag eine Neuauflage der Satellite-H\u00e4ngeleuchte an, die 1953 von dem ungarischen Designer Mathieu Mat\u00e9got entworfen wurde. Dieser ber\u00fchmte Designer der Nachkriegszeit war der Erste, der perforiertes Blech verwendete. Dieses wurde wie ein Stoff verarbeitet, um eine luftige und gestalterische Lampe zu erschaffen.<\/p>\n<p>Somit ist die H\u00e4ngeleuchte Satellite eine wahre Designikone der 50er Jahre.\u00a0Ihr Lampenschirm l\u00e4sst das Licht auf subtile Art und Weise durch die winzigen perforierten \u00d6ffnungen dringen und erzeugt ein beindruckendes Lichtspiel an den W\u00e4nden. Der Schirm wird von einer schmalen, schwarz lackierten Stahlkappe gekr\u00f6nt, was der Leuchte ein poetisches und originelles Aussehen verleiht. Der ideale Platz f\u00fcr die Leuchte befindet sich im Wohn- oder Esszimmer, entweder als einzigartiges und kennzeichnendes St\u00fcck oder gruppiert in mehreren Exemplaren f\u00fcr einen besonders eindrucksvollen Effekt. Gl\u00fchbirne nicht inbegriffen.<\/p>\n<blockquote>\n<h2 style=\"text-align: left;\">Merkmale &amp; Eigenschaften<\/h2>\n<p><strong>Marke<\/strong> Gubi<\/p>\n<p style=\"text-align: left;\"><strong>Farbe<\/strong>\u00a0Cremeweiss<\/p>\n<p style=\"text-align: left;\"><strong>Material<\/strong> Metall<\/p>\n<p style=\"text-align: left;\"><strong>Gl\u00fchbirne<\/strong>\u00a0E27 (nicht inbegriffen)<\/p>\n<p><strong>Max. Leistung (W)<\/strong> 60<\/p>\n<p><strong>H\u00f6he (cm)<\/strong> 31,5<\/p>\n<p><strong>Durchmesser Lampenschirm (cm) <\/strong>22<\/p>\n<p><strong>Gewicht (kg) <\/strong>1,4<\/p><\/blockquote>\n","protected":false},"excerpt":{"rendered":"<p>Hier bietet der Gubi-Verlag eine Neuauflage der Satellite-H\u00e4ngeleuchte an, die 1953 von dem ungarischen Designer Mathieu Mat\u00e9got entworfen wurde. Dieser ber\u00fchmte Designer der Nachkriegszeit war der Erste, der perforiertes Blech verwendete. Dieses wurde wie ein Stoff verarbeitet, um eine luftige und gestalterische Lampe zu erschaffen. Somit ist die H\u00e4ngeleuchte Satellite eine wahre Designikone der 50er [&hellip;]<\/p>\n","protected":false},"featured_media":120630,"template":"","meta":{"_acf_changed":false,"om_disable_all_campaigns":false},"product_cat":[291],"product_tag":[1254,892,1188,1265,801,816,704],"bundled_by":[],"bundle_stock_status":"onbackorder","bundle_stock_quantity":null,"bundle_virtual":false,"bundle_layout":"","bundle_add_to_cart_form_location":"","bundle_editable_in_cart":false,"bundle_sold_individually_context":"","bundle_item_grouping":"","bundle_min_size":"","bundle_max_size":"","bundle_price":[],"bundled_items":[],"bundle_sell_ids":[],"acf":[],"yoast_head":"<!-- This site is optimized with the Yoast SEO Premium plugin v22.2 (Yoast SEO v22.8) - https:\/\/yoast.com\/wordpress\/plugins\/seo\/ -->\n<title>Gubi | H\u00e4ngeleuchte Satellite M \u230022 | Cremeweisses perforiertes Metall | Ekkla<\/title>\n<meta name=\"description\" content=\"Die Satellite-H\u00e4ngeleuchte mit geometrischen Formen und einem organischen Schatten schafft eine aussergew\u00f6hnliche gestalterische \u00c4sthetik mit einem festlichen Look.\" \/>\n<meta name=\"robots\" content=\"index, follow, max-snippet:-1, max-image-preview:large, max-video-preview:-1\" \/>\n<link rel=\"canonical\" href=\"https:\/\/ekkla.ch\/de\/produit\/hangeleuchte-satellite-m-\u230022-neuauflage-1953-cremeweisses-perforiertes-metall-gubi\/\" \/>\n<meta property=\"og:locale\" content=\"de_DE\" \/>\n<meta property=\"og:type\" content=\"article\" \/>\n<meta property=\"og:title\" content=\"H\u00e4ngeleuchte Satellite M \u230022 - Neuauflage 1953 - Cremeweisses perforiertes Metall - Gubi\" \/>\n<meta property=\"og:description\" content=\"Die Satellite-H\u00e4ngeleuchte mit geometrischen Formen und einem organischen Schatten schafft eine aussergew\u00f6hnliche gestalterische \u00c4sthetik mit einem festlichen Look.\" \/>\n<meta property=\"og:url\" content=\"https:\/\/ekkla.ch\/de\/produit\/hangeleuchte-satellite-m-\u230022-neuauflage-1953-cremeweisses-perforiertes-metall-gubi\/\" \/>\n<meta property=\"og:site_name\" content=\"Ekkla\" \/>\n<meta property=\"article:modified_time\" content=\"2022-06-06T09:49:30+00:00\" \/>\n<meta property=\"og:image\" content=\"https:\/\/ekkla.ch\/wp-content\/uploads\/2021\/08\/Suspension_Satelite_S_BlancCreme_ImageProduit.jpg\" \/>\n\t<meta property=\"og:image:width\" content=\"900\" \/>\n\t<meta property=\"og:image:height\" content=\"900\" \/>\n\t<meta property=\"og:image:type\" content=\"image\/jpeg\" \/>\n<meta name=\"twitter:card\" content=\"summary_large_image\" \/>\n<meta name=\"twitter:label1\" content=\"Gesch\u00e4tzte Lesezeit\" \/>\n\t<meta name=\"twitter:data1\" content=\"1\u00a0Minute\" \/>\n<script type=\"application\/ld+json\" class=\"yoast-schema-graph\">{\"@context\":\"https:\/\/schema.org\",\"@graph\":[{\"@type\":\"WebPage\",\"@id\":\"https:\/\/ekkla.ch\/de\/produit\/hangeleuchte-satellite-m-%e2%8c%8022-neuauflage-1953-cremeweisses-perforiertes-metall-gubi\/\",\"url\":\"https:\/\/ekkla.ch\/de\/produit\/hangeleuchte-satellite-m-%e2%8c%8022-neuauflage-1953-cremeweisses-perforiertes-metall-gubi\/\",\"name\":\"Gubi | H\u00e4ngeleuchte Satellite M \u230022 | Cremeweisses perforiertes Metall | Ekkla\",\"isPartOf\":{\"@id\":\"https:\/\/ekkla.ch\/#website\"},\"primaryImageOfPage\":{\"@id\":\"https:\/\/ekkla.ch\/de\/produit\/hangeleuchte-satellite-m-%e2%8c%8022-neuauflage-1953-cremeweisses-perforiertes-metall-gubi\/#primaryimage\"},\"image\":{\"@id\":\"https:\/\/ekkla.ch\/de\/produit\/hangeleuchte-satellite-m-%e2%8c%8022-neuauflage-1953-cremeweisses-perforiertes-metall-gubi\/#primaryimage\"},\"thumbnailUrl\":\"https:\/\/ekkla.ch\/wp-content\/uploads\/2021\/08\/Suspension_Satelite_S_BlancCreme_ImageProduit.jpg\",\"datePublished\":\"2021-08-03T13:05:34+00:00\",\"dateModified\":\"2022-06-06T09:49:30+00:00\",\"description\":\"Die Satellite-H\u00e4ngeleuchte mit geometrischen Formen und einem organischen Schatten schafft eine aussergew\u00f6hnliche gestalterische \u00c4sthetik mit einem festlichen Look.\",\"breadcrumb\":{\"@id\":\"https:\/\/ekkla.ch\/de\/produit\/hangeleuchte-satellite-m-%e2%8c%8022-neuauflage-1953-cremeweisses-perforiertes-metall-gubi\/#breadcrumb\"},\"inLanguage\":\"de\",\"potentialAction\":[{\"@type\":\"ReadAction\",\"target\":[\"https:\/\/ekkla.ch\/de\/produit\/hangeleuchte-satellite-m-%e2%8c%8022-neuauflage-1953-cremeweisses-perforiertes-metall-gubi\/\"]}]},{\"@type\":\"ImageObject\",\"inLanguage\":\"de\",\"@id\":\"https:\/\/ekkla.ch\/de\/produit\/hangeleuchte-satellite-m-%e2%8c%8022-neuauflage-1953-cremeweisses-perforiertes-metall-gubi\/#primaryimage\",\"url\":\"https:\/\/ekkla.ch\/wp-content\/uploads\/2021\/08\/Suspension_Satelite_S_BlancCreme_ImageProduit.jpg\",\"contentUrl\":\"https:\/\/ekkla.ch\/wp-content\/uploads\/2021\/08\/Suspension_Satelite_S_BlancCreme_ImageProduit.jpg\",\"width\":900,\"height\":900,\"caption\":\"Suspension Satelite Blanc Gubi\"},{\"@type\":\"BreadcrumbList\",\"@id\":\"https:\/\/ekkla.ch\/de\/produit\/hangeleuchte-satellite-m-%e2%8c%8022-neuauflage-1953-cremeweisses-perforiertes-metall-gubi\/#breadcrumb\",\"itemListElement\":[{\"@type\":\"ListItem\",\"position\":1,\"name\":\"Home\",\"item\":\"https:\/\/ekkla.ch\/de\/\"},{\"@type\":\"ListItem\",\"position\":2,\"name\":\"Shop\",\"item\":\"https:\/\/ekkla.ch\/de\/shop\/\"},{\"@type\":\"ListItem\",\"position\":3,\"name\":\"H\u00e4ngeleuchte Satellite M \u230022 &#8211; Neuauflage 1953 &#8211; Cremeweisses perforiertes Metall &#8211; Gubi\"}]},{\"@type\":\"WebSite\",\"@id\":\"https:\/\/ekkla.ch\/#website\",\"url\":\"https:\/\/ekkla.ch\/\",\"name\":\"Ekkla\",\"description\":\"Der Onlineshop f\u00fcr Beleuchtung\",\"publisher\":{\"@id\":\"https:\/\/ekkla.ch\/#organization\"},\"potentialAction\":[{\"@type\":\"SearchAction\",\"target\":{\"@type\":\"EntryPoint\",\"urlTemplate\":\"https:\/\/ekkla.ch\/?s={search_term_string}\"},\"query-input\":\"required name=search_term_string\"}],\"inLanguage\":\"de\"},{\"@type\":\"Organization\",\"@id\":\"https:\/\/ekkla.ch\/#organization\",\"name\":\"Ekkla\",\"url\":\"https:\/\/ekkla.ch\/\",\"logo\":{\"@type\":\"ImageObject\",\"inLanguage\":\"de\",\"@id\":\"https:\/\/ekkla.ch\/#\/schema\/logo\/image\/\",\"url\":\"http:\/\/ekkla.ch\/wp-content\/uploads\/2019\/07\/logo-1.svg\",\"contentUrl\":\"http:\/\/ekkla.ch\/wp-content\/uploads\/2019\/07\/logo-1.svg\",\"width\":1,\"height\":1,\"caption\":\"Ekkla\"},\"image\":{\"@id\":\"https:\/\/ekkla.ch\/#\/schema\/logo\/image\/\"},\"sameAs\":[\"https:\/\/www.instagram.com\/ekkla_light\/\"]}]}<\/script>\n<!-- \/ Yoast SEO Premium plugin. -->","yoast_head_json":{"title":"Gubi | H\u00e4ngeleuchte Satellite M \u230022 | Cremeweisses perforiertes Metall | Ekkla","description":"Die Satellite-H\u00e4ngeleuchte mit geometrischen Formen und einem organischen Schatten schafft eine aussergew\u00f6hnliche gestalterische \u00c4sthetik mit einem festlichen Look.","robots":{"index":"index","follow":"follow","max-snippet":"max-snippet:-1","max-image-preview":"max-image-preview:large","max-video-preview":"max-video-preview:-1"},"canonical":"https:\/\/ekkla.ch\/de\/produit\/hangeleuchte-satellite-m-\u230022-neuauflage-1953-cremeweisses-perforiertes-metall-gubi\/","og_locale":"de_DE","og_type":"article","og_title":"H\u00e4ngeleuchte Satellite M \u230022 - Neuauflage 1953 - Cremeweisses perforiertes Metall - Gubi","og_description":"Die Satellite-H\u00e4ngeleuchte mit geometrischen Formen und einem organischen Schatten schafft eine aussergew\u00f6hnliche gestalterische \u00c4sthetik mit einem festlichen Look.","og_url":"https:\/\/ekkla.ch\/de\/produit\/hangeleuchte-satellite-m-\u230022-neuauflage-1953-cremeweisses-perforiertes-metall-gubi\/","og_site_name":"Ekkla","article_modified_time":"2022-06-06T09:49:30+00:00","og_image":[{"width":900,"height":900,"url":"https:\/\/ekkla.ch\/wp-content\/uploads\/2021\/08\/Suspension_Satelite_S_BlancCreme_ImageProduit.jpg","type":"image\/jpeg"}],"twitter_card":"summary_large_image","twitter_misc":{"Gesch\u00e4tzte Lesezeit":"1\u00a0Minute"},"schema":{"@context":"https:\/\/schema.org","@graph":[{"@type":"WebPage","@id":"https:\/\/ekkla.ch\/de\/produit\/hangeleuchte-satellite-m-%e2%8c%8022-neuauflage-1953-cremeweisses-perforiertes-metall-gubi\/","url":"https:\/\/ekkla.ch\/de\/produit\/hangeleuchte-satellite-m-%e2%8c%8022-neuauflage-1953-cremeweisses-perforiertes-metall-gubi\/","name":"Gubi | H\u00e4ngeleuchte Satellite M \u230022 | Cremeweisses perforiertes Metall | Ekkla","isPartOf":{"@id":"https:\/\/ekkla.ch\/#website"},"primaryImageOfPage":{"@id":"https:\/\/ekkla.ch\/de\/produit\/hangeleuchte-satellite-m-%e2%8c%8022-neuauflage-1953-cremeweisses-perforiertes-metall-gubi\/#primaryimage"},"image":{"@id":"https:\/\/ekkla.ch\/de\/produit\/hangeleuchte-satellite-m-%e2%8c%8022-neuauflage-1953-cremeweisses-perforiertes-metall-gubi\/#primaryimage"},"thumbnailUrl":"https:\/\/ekkla.ch\/wp-content\/uploads\/2021\/08\/Suspension_Satelite_S_BlancCreme_ImageProduit.jpg","datePublished":"2021-08-03T13:05:34+00:00","dateModified":"2022-06-06T09:49:30+00:00","description":"Die Satellite-H\u00e4ngeleuchte mit geometrischen Formen und einem organischen Schatten schafft eine aussergew\u00f6hnliche gestalterische \u00c4sthetik mit einem festlichen Look.","breadcrumb":{"@id":"https:\/\/ekkla.ch\/de\/produit\/hangeleuchte-satellite-m-%e2%8c%8022-neuauflage-1953-cremeweisses-perforiertes-metall-gubi\/#breadcrumb"},"inLanguage":"de","potentialAction":[{"@type":"ReadAction","target":["https:\/\/ekkla.ch\/de\/produit\/hangeleuchte-satellite-m-%e2%8c%8022-neuauflage-1953-cremeweisses-perforiertes-metall-gubi\/"]}]},{"@type":"ImageObject","inLanguage":"de","@id":"https:\/\/ekkla.ch\/de\/produit\/hangeleuchte-satellite-m-%e2%8c%8022-neuauflage-1953-cremeweisses-perforiertes-metall-gubi\/#primaryimage","url":"https:\/\/ekkla.ch\/wp-content\/uploads\/2021\/08\/Suspension_Satelite_S_BlancCreme_ImageProduit.jpg","contentUrl":"https:\/\/ekkla.ch\/wp-content\/uploads\/2021\/08\/Suspension_Satelite_S_BlancCreme_ImageProduit.jpg","width":900,"height":900,"caption":"Suspension Satelite Blanc Gubi"},{"@type":"BreadcrumbList","@id":"https:\/\/ekkla.ch\/de\/produit\/hangeleuchte-satellite-m-%e2%8c%8022-neuauflage-1953-cremeweisses-perforiertes-metall-gubi\/#breadcrumb","itemListElement":[{"@type":"ListItem","position":1,"name":"Home","item":"https:\/\/ekkla.ch\/de\/"},{"@type":"ListItem","position":2,"name":"Shop","item":"https:\/\/ekkla.ch\/de\/shop\/"},{"@type":"ListItem","position":3,"name":"H\u00e4ngeleuchte Satellite M \u230022 &#8211; Neuauflage 1953 &#8211; Cremeweisses perforiertes Metall &#8211; Gubi"}]},{"@type":"WebSite","@id":"https:\/\/ekkla.ch\/#website","url":"https:\/\/ekkla.ch\/","name":"Ekkla","description":"Der Onlineshop f\u00fcr Beleuchtung","publisher":{"@id":"https:\/\/ekkla.ch\/#organization"},"potentialAction":[{"@type":"SearchAction","target":{"@type":"EntryPoint","urlTemplate":"https:\/\/ekkla.ch\/?s={search_term_string}"},"query-input":"required name=search_term_string"}],"inLanguage":"de"},{"@type":"Organization","@id":"https:\/\/ekkla.ch\/#organization","name":"Ekkla","url":"https:\/\/ekkla.ch\/","logo":{"@type":"ImageObject","inLanguage":"de","@id":"https:\/\/ekkla.ch\/#\/schema\/logo\/image\/","url":"http:\/\/ekkla.ch\/wp-content\/uploads\/2019\/07\/logo-1.svg","contentUrl":"http:\/\/ekkla.ch\/wp-content\/uploads\/2019\/07\/logo-1.svg","width":1,"height":1,"caption":"Ekkla"},"image":{"@id":"https:\/\/ekkla.ch\/#\/schema\/logo\/image\/"},"sameAs":["https:\/\/www.instagram.com\/ekkla_light\/"]}]}},"_links":{"self":[{"href":"https:\/\/ekkla.ch\/de\/wp-json\/wp\/v2\/product\/121479"}],"collection":[{"href":"https:\/\/ekkla.ch\/de\/wp-json\/wp\/v2\/product"}],"about":[{"href":"https:\/\/ekkla.ch\/de\/wp-json\/wp\/v2\/types\/product"}],"wp:featuredmedia":[{"embeddable":true,"href":"https:\/\/ekkla.ch\/de\/wp-json\/wp\/v2\/media\/120630"}],"wp:attachment":[{"href":"https:\/\/ekkla.ch\/de\/wp-json\/wp\/v2\/media?parent=121479"}],"wp:term":[{"taxonomy":"product_cat","embeddable":true,"href":"https:\/\/ekkla.ch\/de\/wp-json\/wp\/v2\/product_cat?post=121479"},{"taxonomy":"product_tag","embeddable":true,"href":"https:\/\/ekkla.ch\/de\/wp-json\/wp\/v2\/product_tag?post=121479"}],"curies":[{"name":"wp","href":"https:\/\/api.w.org\/{rel}","templated":true}]}}