{"id":121682,"date":"2021-08-05T10:46:33","date_gmt":"2021-08-05T08:46:33","guid":{"rendered":"https:\/\/ekkla.ch\/produit\/hangeleuchte-semi-%e2%8c%8060-neuauflage-1947-messing-gold-gubi\/"},"modified":"2023-03-01T16:42:32","modified_gmt":"2023-03-01T15:42:32","slug":"hangeleuchte-semi-%e2%8c%8060-neuauflage-1968-messing-gold-gubi","status":"publish","type":"product","link":"https:\/\/ekkla.ch\/de\/produit\/hangeleuchte-semi-%e2%8c%8060-neuauflage-1968-messing-gold-gubi\/","title":{"rendered":"H\u00e4ngeleuchte Semi \u230060 &#8211; Neuauflage 1968 &#8211; Messing gold &#8211; Gubi"},"content":{"rendered":"<p>Die H\u00e4ngeleuchte Semi ist eine echte Ikone des skandinavischen Designs: urspr\u00fcnglich war sie das Ergebnis einer Zusammenarbeit zwischen zwei ber\u00fchmten d\u00e4nischen Designern, Torsten Thorup und Claus Bonderup, und wurde von Gubi neu aufgelegt. Die Leuchte entstand im Rahmen eines Wettbewerbs der K\u00f6niglichen D\u00e4nischen Kunstakademie in Kopenhagen und hat zahlreiche nationale und internationale Preise gewonnen. Ihr einzigartiges und zeitloses Design ist charakteristisch f\u00fcr die 80er Jahre, als sie zu einem weltweiten Bestseller wurde.<\/p>\n<p>Die H\u00e4ngeleuchte aus Metall ist handgefertigt. Die emaillierte Oberfl\u00e4che ist kostbar und raffiniert und verleiht der Leuchte eine intensive, leuchtende Farbe. Sie passt sehr gut \u00fcber einen runden oder ovalen Esstisch sowie in eine K\u00fcche. Gl\u00fchbirne nicht inbegriffen.<\/p>\n<blockquote>\n<h2 style=\"text-align: left;\">Merkmale &amp; Eigenschaften<\/h2>\n<p><strong>Marke<\/strong> Gubi<\/p>\n<p style=\"text-align: left;\"><strong>Farbe<\/strong>\u00a0Gold<\/p>\n<p style=\"text-align: left;\"><strong>Material<\/strong> Messing<\/p>\n<p style=\"text-align: left;\"><strong>Gl\u00fchbirne<\/strong> E27 (nicht inbegriffen)<\/p>\n<p><strong>Max. Leistung (W)<\/strong> 60<\/p>\n<p><strong>H\u00f6he (cm)<\/strong>\u00a030<\/p>\n<p><strong>Durchmesser Lampenschirm (cm) <\/strong>60<\/p>\n<p><strong>Gewicht (kg) <\/strong>2,5<\/p><\/blockquote>\n","protected":false},"excerpt":{"rendered":"<p>Die H\u00e4ngeleuchte Semi ist eine echte Ikone des skandinavischen Designs: urspr\u00fcnglich war sie das Ergebnis einer Zusammenarbeit zwischen zwei ber\u00fchmten d\u00e4nischen Designern, Torsten Thorup und Claus Bonderup, und wurde von Gubi neu aufgelegt. Die Leuchte entstand im Rahmen eines Wettbewerbs der K\u00f6niglichen D\u00e4nischen Kunstakademie in Kopenhagen und hat zahlreiche nationale und internationale Preise gewonnen. Ihr [&hellip;]<\/p>\n","protected":false},"featured_media":123540,"template":"","meta":{"_acf_changed":false,"om_disable_all_campaigns":false},"product_cat":[291],"product_tag":[1254,892,1188,1265,801,816,704],"bundled_by":[],"bundle_stock_status":"onbackorder","bundle_stock_quantity":null,"bundle_virtual":false,"bundle_layout":"","bundle_add_to_cart_form_location":"","bundle_editable_in_cart":false,"bundle_sold_individually_context":"","bundle_item_grouping":"","bundle_min_size":"","bundle_max_size":"","bundle_price":[],"bundled_items":[],"bundle_sell_ids":[],"acf":[],"yoast_head":"<!-- This site is optimized with the Yoast SEO Premium plugin v22.2 (Yoast SEO v22.8) - https:\/\/yoast.com\/wordpress\/plugins\/seo\/ -->\n<title>H\u00e4ngeleuchte Semi \u230060 | Neuauflage 1968 | Messing gold | Gubi | Ekkla<\/title>\n<meta name=\"description\" content=\"H\u00e4ngeleuchte Semi von Gubi, eine Design-Ikone und weltweiter Bestseller. Eine zeitlose und elegante Lampe, perfekt f\u00fcr die K\u00fcche oder das Esszimmer.\" \/>\n<meta name=\"robots\" content=\"index, follow, max-snippet:-1, max-image-preview:large, max-video-preview:-1\" \/>\n<link rel=\"canonical\" href=\"https:\/\/ekkla.ch\/de\/produit\/hangeleuchte-semi-\u230060-neuauflage-1968-messing-gold-gubi\/\" \/>\n<meta property=\"og:locale\" content=\"de_DE\" \/>\n<meta property=\"og:type\" content=\"article\" \/>\n<meta property=\"og:title\" content=\"H\u00e4ngeleuchte Semi \u230060 - Neuauflage 1968 - Messing gold - Gubi\" \/>\n<meta property=\"og:description\" content=\"H\u00e4ngeleuchte Semi von Gubi, eine Design-Ikone und weltweiter Bestseller. Eine zeitlose und elegante Lampe, perfekt f\u00fcr die K\u00fcche oder das Esszimmer.\" \/>\n<meta property=\"og:url\" content=\"https:\/\/ekkla.ch\/de\/produit\/hangeleuchte-semi-\u230060-neuauflage-1968-messing-gold-gubi\/\" \/>\n<meta property=\"og:site_name\" content=\"Ekkla\" \/>\n<meta property=\"article:modified_time\" content=\"2023-03-01T15:42:32+00:00\" \/>\n<meta property=\"og:image\" content=\"https:\/\/ekkla.ch\/wp-content\/uploads\/2021\/08\/Suspension_Semi_Dore_Gubi_ImageProduit.jpg\" \/>\n\t<meta property=\"og:image:width\" content=\"900\" \/>\n\t<meta property=\"og:image:height\" content=\"900\" \/>\n\t<meta property=\"og:image:type\" content=\"image\/jpeg\" \/>\n<meta name=\"twitter:card\" content=\"summary_large_image\" \/>\n<meta name=\"twitter:label1\" content=\"Gesch\u00e4tzte Lesezeit\" \/>\n\t<meta name=\"twitter:data1\" content=\"1\u00a0Minute\" \/>\n<script type=\"application\/ld+json\" class=\"yoast-schema-graph\">{\"@context\":\"https:\/\/schema.org\",\"@graph\":[{\"@type\":\"WebPage\",\"@id\":\"https:\/\/ekkla.ch\/de\/produit\/hangeleuchte-semi-%e2%8c%8060-neuauflage-1968-messing-gold-gubi\/\",\"url\":\"https:\/\/ekkla.ch\/de\/produit\/hangeleuchte-semi-%e2%8c%8060-neuauflage-1968-messing-gold-gubi\/\",\"name\":\"H\u00e4ngeleuchte Semi \u230060 | Neuauflage 1968 | Messing gold | Gubi | Ekkla\",\"isPartOf\":{\"@id\":\"https:\/\/ekkla.ch\/#website\"},\"primaryImageOfPage\":{\"@id\":\"https:\/\/ekkla.ch\/de\/produit\/hangeleuchte-semi-%e2%8c%8060-neuauflage-1968-messing-gold-gubi\/#primaryimage\"},\"image\":{\"@id\":\"https:\/\/ekkla.ch\/de\/produit\/hangeleuchte-semi-%e2%8c%8060-neuauflage-1968-messing-gold-gubi\/#primaryimage\"},\"thumbnailUrl\":\"https:\/\/ekkla.ch\/wp-content\/uploads\/2021\/08\/Suspension_Semi_Dore_Gubi_ImageProduit.jpg\",\"datePublished\":\"2021-08-05T08:46:33+00:00\",\"dateModified\":\"2023-03-01T15:42:32+00:00\",\"description\":\"H\u00e4ngeleuchte Semi von Gubi, eine Design-Ikone und weltweiter Bestseller. Eine zeitlose und elegante Lampe, perfekt f\u00fcr die K\u00fcche oder das Esszimmer.\",\"breadcrumb\":{\"@id\":\"https:\/\/ekkla.ch\/de\/produit\/hangeleuchte-semi-%e2%8c%8060-neuauflage-1968-messing-gold-gubi\/#breadcrumb\"},\"inLanguage\":\"de\",\"potentialAction\":[{\"@type\":\"ReadAction\",\"target\":[\"https:\/\/ekkla.ch\/de\/produit\/hangeleuchte-semi-%e2%8c%8060-neuauflage-1968-messing-gold-gubi\/\"]}]},{\"@type\":\"ImageObject\",\"inLanguage\":\"de\",\"@id\":\"https:\/\/ekkla.ch\/de\/produit\/hangeleuchte-semi-%e2%8c%8060-neuauflage-1968-messing-gold-gubi\/#primaryimage\",\"url\":\"https:\/\/ekkla.ch\/wp-content\/uploads\/2021\/08\/Suspension_Semi_Dore_Gubi_ImageProduit.jpg\",\"contentUrl\":\"https:\/\/ekkla.ch\/wp-content\/uploads\/2021\/08\/Suspension_Semi_Dore_Gubi_ImageProduit.jpg\",\"width\":900,\"height\":900,\"caption\":\"Suspension Semi Dor\u00e9 Gubi\"},{\"@type\":\"BreadcrumbList\",\"@id\":\"https:\/\/ekkla.ch\/de\/produit\/hangeleuchte-semi-%e2%8c%8060-neuauflage-1968-messing-gold-gubi\/#breadcrumb\",\"itemListElement\":[{\"@type\":\"ListItem\",\"position\":1,\"name\":\"Home\",\"item\":\"https:\/\/ekkla.ch\/de\/\"},{\"@type\":\"ListItem\",\"position\":2,\"name\":\"Shop\",\"item\":\"https:\/\/ekkla.ch\/de\/shop\/\"},{\"@type\":\"ListItem\",\"position\":3,\"name\":\"H\u00e4ngeleuchte Semi \u230060 &#8211; Neuauflage 1968 &#8211; Messing gold &#8211; Gubi\"}]},{\"@type\":\"WebSite\",\"@id\":\"https:\/\/ekkla.ch\/#website\",\"url\":\"https:\/\/ekkla.ch\/\",\"name\":\"Ekkla\",\"description\":\"Der Onlineshop f\u00fcr Beleuchtung\",\"publisher\":{\"@id\":\"https:\/\/ekkla.ch\/#organization\"},\"potentialAction\":[{\"@type\":\"SearchAction\",\"target\":{\"@type\":\"EntryPoint\",\"urlTemplate\":\"https:\/\/ekkla.ch\/?s={search_term_string}\"},\"query-input\":\"required name=search_term_string\"}],\"inLanguage\":\"de\"},{\"@type\":\"Organization\",\"@id\":\"https:\/\/ekkla.ch\/#organization\",\"name\":\"Ekkla\",\"url\":\"https:\/\/ekkla.ch\/\",\"logo\":{\"@type\":\"ImageObject\",\"inLanguage\":\"de\",\"@id\":\"https:\/\/ekkla.ch\/#\/schema\/logo\/image\/\",\"url\":\"http:\/\/ekkla.ch\/wp-content\/uploads\/2019\/07\/logo-1.svg\",\"contentUrl\":\"http:\/\/ekkla.ch\/wp-content\/uploads\/2019\/07\/logo-1.svg\",\"width\":1,\"height\":1,\"caption\":\"Ekkla\"},\"image\":{\"@id\":\"https:\/\/ekkla.ch\/#\/schema\/logo\/image\/\"},\"sameAs\":[\"https:\/\/www.instagram.com\/ekkla_light\/\"]}]}<\/script>\n<!-- \/ Yoast SEO Premium plugin. -->","yoast_head_json":{"title":"H\u00e4ngeleuchte Semi \u230060 | Neuauflage 1968 | Messing gold | Gubi | Ekkla","description":"H\u00e4ngeleuchte Semi von Gubi, eine Design-Ikone und weltweiter Bestseller. Eine zeitlose und elegante Lampe, perfekt f\u00fcr die K\u00fcche oder das Esszimmer.","robots":{"index":"index","follow":"follow","max-snippet":"max-snippet:-1","max-image-preview":"max-image-preview:large","max-video-preview":"max-video-preview:-1"},"canonical":"https:\/\/ekkla.ch\/de\/produit\/hangeleuchte-semi-\u230060-neuauflage-1968-messing-gold-gubi\/","og_locale":"de_DE","og_type":"article","og_title":"H\u00e4ngeleuchte Semi \u230060 - Neuauflage 1968 - Messing gold - Gubi","og_description":"H\u00e4ngeleuchte Semi von Gubi, eine Design-Ikone und weltweiter Bestseller. Eine zeitlose und elegante Lampe, perfekt f\u00fcr die K\u00fcche oder das Esszimmer.","og_url":"https:\/\/ekkla.ch\/de\/produit\/hangeleuchte-semi-\u230060-neuauflage-1968-messing-gold-gubi\/","og_site_name":"Ekkla","article_modified_time":"2023-03-01T15:42:32+00:00","og_image":[{"width":900,"height":900,"url":"https:\/\/ekkla.ch\/wp-content\/uploads\/2021\/08\/Suspension_Semi_Dore_Gubi_ImageProduit.jpg","type":"image\/jpeg"}],"twitter_card":"summary_large_image","twitter_misc":{"Gesch\u00e4tzte Lesezeit":"1\u00a0Minute"},"schema":{"@context":"https:\/\/schema.org","@graph":[{"@type":"WebPage","@id":"https:\/\/ekkla.ch\/de\/produit\/hangeleuchte-semi-%e2%8c%8060-neuauflage-1968-messing-gold-gubi\/","url":"https:\/\/ekkla.ch\/de\/produit\/hangeleuchte-semi-%e2%8c%8060-neuauflage-1968-messing-gold-gubi\/","name":"H\u00e4ngeleuchte Semi \u230060 | Neuauflage 1968 | Messing gold | Gubi | Ekkla","isPartOf":{"@id":"https:\/\/ekkla.ch\/#website"},"primaryImageOfPage":{"@id":"https:\/\/ekkla.ch\/de\/produit\/hangeleuchte-semi-%e2%8c%8060-neuauflage-1968-messing-gold-gubi\/#primaryimage"},"image":{"@id":"https:\/\/ekkla.ch\/de\/produit\/hangeleuchte-semi-%e2%8c%8060-neuauflage-1968-messing-gold-gubi\/#primaryimage"},"thumbnailUrl":"https:\/\/ekkla.ch\/wp-content\/uploads\/2021\/08\/Suspension_Semi_Dore_Gubi_ImageProduit.jpg","datePublished":"2021-08-05T08:46:33+00:00","dateModified":"2023-03-01T15:42:32+00:00","description":"H\u00e4ngeleuchte Semi von Gubi, eine Design-Ikone und weltweiter Bestseller. Eine zeitlose und elegante Lampe, perfekt f\u00fcr die K\u00fcche oder das Esszimmer.","breadcrumb":{"@id":"https:\/\/ekkla.ch\/de\/produit\/hangeleuchte-semi-%e2%8c%8060-neuauflage-1968-messing-gold-gubi\/#breadcrumb"},"inLanguage":"de","potentialAction":[{"@type":"ReadAction","target":["https:\/\/ekkla.ch\/de\/produit\/hangeleuchte-semi-%e2%8c%8060-neuauflage-1968-messing-gold-gubi\/"]}]},{"@type":"ImageObject","inLanguage":"de","@id":"https:\/\/ekkla.ch\/de\/produit\/hangeleuchte-semi-%e2%8c%8060-neuauflage-1968-messing-gold-gubi\/#primaryimage","url":"https:\/\/ekkla.ch\/wp-content\/uploads\/2021\/08\/Suspension_Semi_Dore_Gubi_ImageProduit.jpg","contentUrl":"https:\/\/ekkla.ch\/wp-content\/uploads\/2021\/08\/Suspension_Semi_Dore_Gubi_ImageProduit.jpg","width":900,"height":900,"caption":"Suspension Semi Dor\u00e9 Gubi"},{"@type":"BreadcrumbList","@id":"https:\/\/ekkla.ch\/de\/produit\/hangeleuchte-semi-%e2%8c%8060-neuauflage-1968-messing-gold-gubi\/#breadcrumb","itemListElement":[{"@type":"ListItem","position":1,"name":"Home","item":"https:\/\/ekkla.ch\/de\/"},{"@type":"ListItem","position":2,"name":"Shop","item":"https:\/\/ekkla.ch\/de\/shop\/"},{"@type":"ListItem","position":3,"name":"H\u00e4ngeleuchte Semi \u230060 &#8211; Neuauflage 1968 &#8211; Messing gold &#8211; Gubi"}]},{"@type":"WebSite","@id":"https:\/\/ekkla.ch\/#website","url":"https:\/\/ekkla.ch\/","name":"Ekkla","description":"Der Onlineshop f\u00fcr Beleuchtung","publisher":{"@id":"https:\/\/ekkla.ch\/#organization"},"potentialAction":[{"@type":"SearchAction","target":{"@type":"EntryPoint","urlTemplate":"https:\/\/ekkla.ch\/?s={search_term_string}"},"query-input":"required name=search_term_string"}],"inLanguage":"de"},{"@type":"Organization","@id":"https:\/\/ekkla.ch\/#organization","name":"Ekkla","url":"https:\/\/ekkla.ch\/","logo":{"@type":"ImageObject","inLanguage":"de","@id":"https:\/\/ekkla.ch\/#\/schema\/logo\/image\/","url":"http:\/\/ekkla.ch\/wp-content\/uploads\/2019\/07\/logo-1.svg","contentUrl":"http:\/\/ekkla.ch\/wp-content\/uploads\/2019\/07\/logo-1.svg","width":1,"height":1,"caption":"Ekkla"},"image":{"@id":"https:\/\/ekkla.ch\/#\/schema\/logo\/image\/"},"sameAs":["https:\/\/www.instagram.com\/ekkla_light\/"]}]}},"_links":{"self":[{"href":"https:\/\/ekkla.ch\/de\/wp-json\/wp\/v2\/product\/121682"}],"collection":[{"href":"https:\/\/ekkla.ch\/de\/wp-json\/wp\/v2\/product"}],"about":[{"href":"https:\/\/ekkla.ch\/de\/wp-json\/wp\/v2\/types\/product"}],"wp:featuredmedia":[{"embeddable":true,"href":"https:\/\/ekkla.ch\/de\/wp-json\/wp\/v2\/media\/123540"}],"wp:attachment":[{"href":"https:\/\/ekkla.ch\/de\/wp-json\/wp\/v2\/media?parent=121682"}],"wp:term":[{"taxonomy":"product_cat","embeddable":true,"href":"https:\/\/ekkla.ch\/de\/wp-json\/wp\/v2\/product_cat?post=121682"},{"taxonomy":"product_tag","embeddable":true,"href":"https:\/\/ekkla.ch\/de\/wp-json\/wp\/v2\/product_tag?post=121682"}],"curies":[{"name":"wp","href":"https:\/\/api.w.org\/{rel}","templated":true}]}}