{"id":130490,"date":"2021-08-10T09:29:25","date_gmt":"2021-08-10T07:29:25","guid":{"rendered":"https:\/\/ekkla.ch\/produit\/hangeleuchte-colibri-s-schwarz-forestier\/"},"modified":"2024-05-01T09:58:20","modified_gmt":"2024-05-01T07:58:20","slug":"hangeleuchte-colibri-s-schwarz-forestier","status":"publish","type":"product","link":"https:\/\/ekkla.ch\/de\/produit\/hangeleuchte-colibri-s-schwarz-forestier\/","title":{"rendered":"H\u00e4ngeleuchte Colibri S schwarz &#8211; Forestier"},"content":{"rendered":"<p>Die Colibri-H\u00e4ngeleuchte wurde von der Designerin Elise Fouin f\u00fcr die Marke Forestier entworfen, die f\u00fcr die ber\u00fchmten H\u00e4ngeleuchten Libellule und Papillon bekannt ist. Die Colibri-H\u00e4ngeleuchte ist ein wahres Meisterwerk mit feinen und reinen Kurven. Dank ihres luftigen Designs verleiht sie Ihrem Interieur einen ultragrafischen Effekt. Elise Fouin sagt: &#8222;Bei jeder meiner Kreationen m\u00f6chte ich das Material umleiten, um neue Konstruktionsprinzipien zu erfinden.&#8220; Der Lampenschirm ist die Darstellung eines Kolibris, der seine Fl\u00fcgel in der Luft ausbreitet und dabei ein Gef\u00fchl absoluter Freiheit vermittelt. Die Leuchte sieht \u00fcber einem Esstisch, am oberen Ende einer Treppe oder in einem Wohnzimmer mit ihrem Spiel aus Licht und Schatten grossartig aus. Gl\u00fchbirne nicht inbegriffen.<\/p>\n<h2 style=\"text-align: left;\">\u00a0 \u00a0 \u00a0Merkmale &amp; Eigenschaften<\/h2>\n<p><strong>\u00a0 \u00a0 \u00a0 \u00a0 Marke<\/strong>\u00a0Forestier<\/p>\n<p style=\"text-align: left;\"><strong>\u00a0 \u00a0 \u00a0 \u00a0 Farbe<\/strong> Schwarz<\/p>\n<p style=\"text-align: left;\"><strong>\u00a0 \u00a0 \u00a0 \u00a0 Material<\/strong> Metall<\/p>\n<p style=\"text-align: left;\"><strong>\u00a0 \u00a0 \u00a0 \u00a0 Gl\u00fchbirne<\/strong> E27<\/p>\n<p><strong>\u00a0 \u00a0 \u00a0 \u00a0 Max. Leistung (W)<\/strong> 60<\/p>\n<p><strong>\u00a0 \u00a0 \u00a0 \u00a0 H\u00f6he (cm)<\/strong>\u00a010<\/p>\n<p><strong>\u00a0 \u00a0 \u00a0 \u00a0 Durchmesser (cm) <\/strong>56<\/p>\n<p><strong>\u00a0 \u00a0 \u00a0 \u00a0 Gewicht (kg) <\/strong>1<\/p>\n","protected":false},"excerpt":{"rendered":"<p>Die Colibri-H\u00e4ngeleuchte wurde von der Designerin Elise Fouin f\u00fcr die Marke Forestier entworfen, die f\u00fcr die ber\u00fchmten H\u00e4ngeleuchten Libellule und Papillon bekannt ist. Die Colibri-H\u00e4ngeleuchte ist ein wahres Meisterwerk mit feinen und reinen Kurven. Dank ihres luftigen Designs verleiht sie Ihrem Interieur einen ultragrafischen Effekt. Elise Fouin sagt: &#8222;Bei jeder meiner Kreationen m\u00f6chte ich das [&hellip;]<\/p>\n","protected":false},"featured_media":151112,"template":"","meta":{"_acf_changed":false,"om_disable_all_campaigns":false},"product_cat":[291],"product_tag":[1250,896,554,1188,1265,1204,816,872,403,1209],"bundled_by":[],"bundle_stock_status":"instock","bundle_stock_quantity":3,"bundle_virtual":false,"bundle_layout":"","bundle_add_to_cart_form_location":"","bundle_editable_in_cart":false,"bundle_sold_individually_context":"","bundle_item_grouping":"","bundle_min_size":"","bundle_max_size":"","bundle_price":[],"bundled_items":[],"bundle_sell_ids":[],"acf":[],"yoast_head":"<!-- This site is optimized with the Yoast SEO Premium plugin v22.2 (Yoast SEO v22.8) - https:\/\/yoast.com\/wordpress\/plugins\/seo\/ -->\n<title>Forestier | H\u00e4ngeleuchte Colibri S schwarz | Elegantes Design | Ekkla<\/title>\n<meta name=\"description\" content=\"Eine grafische Leuchte, die von der Designerin Elise Fouin entworfen wurde. Sie ist ein echtes Meisterwerk mit feinen und reinen Kurven f\u00fcr eine elegante Dekoration.\" \/>\n<meta name=\"robots\" content=\"index, follow, max-snippet:-1, max-image-preview:large, max-video-preview:-1\" \/>\n<link rel=\"canonical\" href=\"https:\/\/ekkla.ch\/de\/produit\/hangeleuchte-colibri-s-schwarz-forestier\/\" \/>\n<meta property=\"og:locale\" content=\"de_DE\" \/>\n<meta property=\"og:type\" content=\"article\" \/>\n<meta property=\"og:title\" content=\"H\u00e4ngeleuchte Colibri S schwarz - Forestier\" \/>\n<meta property=\"og:description\" content=\"Eine grafische Leuchte, die von der Designerin Elise Fouin entworfen wurde. Sie ist ein echtes Meisterwerk mit feinen und reinen Kurven f\u00fcr eine elegante Dekoration.\" \/>\n<meta property=\"og:url\" content=\"https:\/\/ekkla.ch\/de\/produit\/hangeleuchte-colibri-s-schwarz-forestier\/\" \/>\n<meta property=\"og:site_name\" content=\"Ekkla\" \/>\n<meta property=\"article:modified_time\" content=\"2024-05-01T07:58:20+00:00\" \/>\n<meta property=\"og:image\" content=\"https:\/\/ekkla.ch\/wp-content\/uploads\/2021\/08\/Ekkla-light-Forestier_0006_Collibri-noir-S.jpg\" \/>\n\t<meta property=\"og:image:width\" content=\"900\" \/>\n\t<meta property=\"og:image:height\" content=\"900\" \/>\n\t<meta property=\"og:image:type\" content=\"image\/jpeg\" \/>\n<meta name=\"twitter:card\" content=\"summary_large_image\" \/>\n<meta name=\"twitter:label1\" content=\"Gesch\u00e4tzte Lesezeit\" \/>\n\t<meta name=\"twitter:data1\" content=\"1\u00a0Minute\" \/>\n<script type=\"application\/ld+json\" class=\"yoast-schema-graph\">{\"@context\":\"https:\/\/schema.org\",\"@graph\":[{\"@type\":\"WebPage\",\"@id\":\"https:\/\/ekkla.ch\/de\/produit\/hangeleuchte-colibri-s-schwarz-forestier\/\",\"url\":\"https:\/\/ekkla.ch\/de\/produit\/hangeleuchte-colibri-s-schwarz-forestier\/\",\"name\":\"Forestier | H\u00e4ngeleuchte Colibri S schwarz | Elegantes Design | Ekkla\",\"isPartOf\":{\"@id\":\"https:\/\/ekkla.ch\/#website\"},\"primaryImageOfPage\":{\"@id\":\"https:\/\/ekkla.ch\/de\/produit\/hangeleuchte-colibri-s-schwarz-forestier\/#primaryimage\"},\"image\":{\"@id\":\"https:\/\/ekkla.ch\/de\/produit\/hangeleuchte-colibri-s-schwarz-forestier\/#primaryimage\"},\"thumbnailUrl\":\"https:\/\/ekkla.ch\/wp-content\/uploads\/2021\/08\/Ekkla-light-Forestier_0006_Collibri-noir-S.jpg\",\"datePublished\":\"2021-08-10T07:29:25+00:00\",\"dateModified\":\"2024-05-01T07:58:20+00:00\",\"description\":\"Eine grafische Leuchte, die von der Designerin Elise Fouin entworfen wurde. Sie ist ein echtes Meisterwerk mit feinen und reinen Kurven f\u00fcr eine elegante Dekoration.\",\"breadcrumb\":{\"@id\":\"https:\/\/ekkla.ch\/de\/produit\/hangeleuchte-colibri-s-schwarz-forestier\/#breadcrumb\"},\"inLanguage\":\"de\",\"potentialAction\":[{\"@type\":\"ReadAction\",\"target\":[\"https:\/\/ekkla.ch\/de\/produit\/hangeleuchte-colibri-s-schwarz-forestier\/\"]}]},{\"@type\":\"ImageObject\",\"inLanguage\":\"de\",\"@id\":\"https:\/\/ekkla.ch\/de\/produit\/hangeleuchte-colibri-s-schwarz-forestier\/#primaryimage\",\"url\":\"https:\/\/ekkla.ch\/wp-content\/uploads\/2021\/08\/Ekkla-light-Forestier_0006_Collibri-noir-S.jpg\",\"contentUrl\":\"https:\/\/ekkla.ch\/wp-content\/uploads\/2021\/08\/Ekkla-light-Forestier_0006_Collibri-noir-S.jpg\",\"width\":900,\"height\":900,\"caption\":\"Suspension Colibri Forestier\"},{\"@type\":\"BreadcrumbList\",\"@id\":\"https:\/\/ekkla.ch\/de\/produit\/hangeleuchte-colibri-s-schwarz-forestier\/#breadcrumb\",\"itemListElement\":[{\"@type\":\"ListItem\",\"position\":1,\"name\":\"Home\",\"item\":\"https:\/\/ekkla.ch\/de\/\"},{\"@type\":\"ListItem\",\"position\":2,\"name\":\"Shop\",\"item\":\"https:\/\/ekkla.ch\/de\/shop\/\"},{\"@type\":\"ListItem\",\"position\":3,\"name\":\"H\u00e4ngeleuchte Colibri S schwarz &#8211; Forestier\"}]},{\"@type\":\"WebSite\",\"@id\":\"https:\/\/ekkla.ch\/#website\",\"url\":\"https:\/\/ekkla.ch\/\",\"name\":\"Ekkla\",\"description\":\"Der Onlineshop f\u00fcr Beleuchtung\",\"publisher\":{\"@id\":\"https:\/\/ekkla.ch\/#organization\"},\"potentialAction\":[{\"@type\":\"SearchAction\",\"target\":{\"@type\":\"EntryPoint\",\"urlTemplate\":\"https:\/\/ekkla.ch\/?s={search_term_string}\"},\"query-input\":\"required name=search_term_string\"}],\"inLanguage\":\"de\"},{\"@type\":\"Organization\",\"@id\":\"https:\/\/ekkla.ch\/#organization\",\"name\":\"Ekkla\",\"url\":\"https:\/\/ekkla.ch\/\",\"logo\":{\"@type\":\"ImageObject\",\"inLanguage\":\"de\",\"@id\":\"https:\/\/ekkla.ch\/#\/schema\/logo\/image\/\",\"url\":\"http:\/\/ekkla.ch\/wp-content\/uploads\/2019\/07\/logo-1.svg\",\"contentUrl\":\"http:\/\/ekkla.ch\/wp-content\/uploads\/2019\/07\/logo-1.svg\",\"width\":1,\"height\":1,\"caption\":\"Ekkla\"},\"image\":{\"@id\":\"https:\/\/ekkla.ch\/#\/schema\/logo\/image\/\"},\"sameAs\":[\"https:\/\/www.instagram.com\/ekkla_light\/\"]}]}<\/script>\n<!-- \/ Yoast SEO Premium plugin. -->","yoast_head_json":{"title":"Forestier | H\u00e4ngeleuchte Colibri S schwarz | Elegantes Design | Ekkla","description":"Eine grafische Leuchte, die von der Designerin Elise Fouin entworfen wurde. Sie ist ein echtes Meisterwerk mit feinen und reinen Kurven f\u00fcr eine elegante Dekoration.","robots":{"index":"index","follow":"follow","max-snippet":"max-snippet:-1","max-image-preview":"max-image-preview:large","max-video-preview":"max-video-preview:-1"},"canonical":"https:\/\/ekkla.ch\/de\/produit\/hangeleuchte-colibri-s-schwarz-forestier\/","og_locale":"de_DE","og_type":"article","og_title":"H\u00e4ngeleuchte Colibri S schwarz - Forestier","og_description":"Eine grafische Leuchte, die von der Designerin Elise Fouin entworfen wurde. Sie ist ein echtes Meisterwerk mit feinen und reinen Kurven f\u00fcr eine elegante Dekoration.","og_url":"https:\/\/ekkla.ch\/de\/produit\/hangeleuchte-colibri-s-schwarz-forestier\/","og_site_name":"Ekkla","article_modified_time":"2024-05-01T07:58:20+00:00","og_image":[{"width":900,"height":900,"url":"https:\/\/ekkla.ch\/wp-content\/uploads\/2021\/08\/Ekkla-light-Forestier_0006_Collibri-noir-S.jpg","type":"image\/jpeg"}],"twitter_card":"summary_large_image","twitter_misc":{"Gesch\u00e4tzte Lesezeit":"1\u00a0Minute"},"schema":{"@context":"https:\/\/schema.org","@graph":[{"@type":"WebPage","@id":"https:\/\/ekkla.ch\/de\/produit\/hangeleuchte-colibri-s-schwarz-forestier\/","url":"https:\/\/ekkla.ch\/de\/produit\/hangeleuchte-colibri-s-schwarz-forestier\/","name":"Forestier | H\u00e4ngeleuchte Colibri S schwarz | Elegantes Design | Ekkla","isPartOf":{"@id":"https:\/\/ekkla.ch\/#website"},"primaryImageOfPage":{"@id":"https:\/\/ekkla.ch\/de\/produit\/hangeleuchte-colibri-s-schwarz-forestier\/#primaryimage"},"image":{"@id":"https:\/\/ekkla.ch\/de\/produit\/hangeleuchte-colibri-s-schwarz-forestier\/#primaryimage"},"thumbnailUrl":"https:\/\/ekkla.ch\/wp-content\/uploads\/2021\/08\/Ekkla-light-Forestier_0006_Collibri-noir-S.jpg","datePublished":"2021-08-10T07:29:25+00:00","dateModified":"2024-05-01T07:58:20+00:00","description":"Eine grafische Leuchte, die von der Designerin Elise Fouin entworfen wurde. Sie ist ein echtes Meisterwerk mit feinen und reinen Kurven f\u00fcr eine elegante Dekoration.","breadcrumb":{"@id":"https:\/\/ekkla.ch\/de\/produit\/hangeleuchte-colibri-s-schwarz-forestier\/#breadcrumb"},"inLanguage":"de","potentialAction":[{"@type":"ReadAction","target":["https:\/\/ekkla.ch\/de\/produit\/hangeleuchte-colibri-s-schwarz-forestier\/"]}]},{"@type":"ImageObject","inLanguage":"de","@id":"https:\/\/ekkla.ch\/de\/produit\/hangeleuchte-colibri-s-schwarz-forestier\/#primaryimage","url":"https:\/\/ekkla.ch\/wp-content\/uploads\/2021\/08\/Ekkla-light-Forestier_0006_Collibri-noir-S.jpg","contentUrl":"https:\/\/ekkla.ch\/wp-content\/uploads\/2021\/08\/Ekkla-light-Forestier_0006_Collibri-noir-S.jpg","width":900,"height":900,"caption":"Suspension Colibri Forestier"},{"@type":"BreadcrumbList","@id":"https:\/\/ekkla.ch\/de\/produit\/hangeleuchte-colibri-s-schwarz-forestier\/#breadcrumb","itemListElement":[{"@type":"ListItem","position":1,"name":"Home","item":"https:\/\/ekkla.ch\/de\/"},{"@type":"ListItem","position":2,"name":"Shop","item":"https:\/\/ekkla.ch\/de\/shop\/"},{"@type":"ListItem","position":3,"name":"H\u00e4ngeleuchte Colibri S schwarz &#8211; Forestier"}]},{"@type":"WebSite","@id":"https:\/\/ekkla.ch\/#website","url":"https:\/\/ekkla.ch\/","name":"Ekkla","description":"Der Onlineshop f\u00fcr Beleuchtung","publisher":{"@id":"https:\/\/ekkla.ch\/#organization"},"potentialAction":[{"@type":"SearchAction","target":{"@type":"EntryPoint","urlTemplate":"https:\/\/ekkla.ch\/?s={search_term_string}"},"query-input":"required name=search_term_string"}],"inLanguage":"de"},{"@type":"Organization","@id":"https:\/\/ekkla.ch\/#organization","name":"Ekkla","url":"https:\/\/ekkla.ch\/","logo":{"@type":"ImageObject","inLanguage":"de","@id":"https:\/\/ekkla.ch\/#\/schema\/logo\/image\/","url":"http:\/\/ekkla.ch\/wp-content\/uploads\/2019\/07\/logo-1.svg","contentUrl":"http:\/\/ekkla.ch\/wp-content\/uploads\/2019\/07\/logo-1.svg","width":1,"height":1,"caption":"Ekkla"},"image":{"@id":"https:\/\/ekkla.ch\/#\/schema\/logo\/image\/"},"sameAs":["https:\/\/www.instagram.com\/ekkla_light\/"]}]}},"_links":{"self":[{"href":"https:\/\/ekkla.ch\/de\/wp-json\/wp\/v2\/product\/130490"}],"collection":[{"href":"https:\/\/ekkla.ch\/de\/wp-json\/wp\/v2\/product"}],"about":[{"href":"https:\/\/ekkla.ch\/de\/wp-json\/wp\/v2\/types\/product"}],"wp:featuredmedia":[{"embeddable":true,"href":"https:\/\/ekkla.ch\/de\/wp-json\/wp\/v2\/media\/151112"}],"wp:attachment":[{"href":"https:\/\/ekkla.ch\/de\/wp-json\/wp\/v2\/media?parent=130490"}],"wp:term":[{"taxonomy":"product_cat","embeddable":true,"href":"https:\/\/ekkla.ch\/de\/wp-json\/wp\/v2\/product_cat?post=130490"},{"taxonomy":"product_tag","embeddable":true,"href":"https:\/\/ekkla.ch\/de\/wp-json\/wp\/v2\/product_tag?post=130490"}],"curies":[{"name":"wp","href":"https:\/\/api.w.org\/{rel}","templated":true}]}}