{"id":130744,"date":"2021-08-19T14:56:04","date_gmt":"2021-08-19T12:56:04","guid":{"rendered":"https:\/\/ekkla.ch\/produit\/tragbare-leuchte-asteria-move-waldgrun-umage\/"},"modified":"2024-07-27T23:08:06","modified_gmt":"2024-07-27T21:08:06","slug":"tragbare-leuchte-asteria-move-waldgrun-umage","status":"publish","type":"product","link":"https:\/\/ekkla.ch\/de\/produit\/tragbare-leuchte-asteria-move-waldgrun-umage\/","title":{"rendered":"Tragbare kabellose Leuchte Asteria Move &#8211; Waldgr\u00fcn &#8211; Umage"},"content":{"rendered":"<p>Asteria Move ist ein neu aufgelegter UMAGE-Klassiker mit einem Hauch von Originalit\u00e4t. Diese Leuchte bietet das minimalistische und elegante Design der bereits bekannten Asteria-Reihe, aber in einer kleineren, kabellosen Version, so dass sie leicht zu transportieren ist &#8211; daher der Name. Die Leuchte verf\u00fcgt \u00fcber ein eingebautes LED-Licht und einen weichen weissen Diffusor, der f\u00fcr blendfreies Licht sorgt. Das schlichte Aluminiumdesign und der Messingstiel sorgen f\u00fcr einen schlichten und eleganten Effekt und machen Asteria Move zu einer zeitlosen Leuchte, an der Sie noch lange Freude haben werden.<\/p>\n<p>Ihre geringe Gr\u00f6sse und ihr Design machen sie perfekt f\u00fcr jeden Ort und jeden Anlass. Sie verf\u00fcgt \u00fcber vier Stufen der Lichtintensit\u00e4t, die durch Dr\u00fccken des Knopfes an der Basis der Leuchte eingestellt werden k\u00f6nnen. Die Akkulaufzeit betr\u00e4gt bis zu 35 Stunden und kann mit dem dazugeh\u00f6rigen USB-Kabel einfach wieder aufgeladen werden.<\/p>\n<h2 style=\"text-align: left;\">\u00a0 \u00a0Merkmale &amp; Eigenschaften<\/h2>\n<p><strong>\u00a0 \u00a0 \u00a0 \u00a0 \u00a0 Marke<\/strong>\u00a0Umage<\/p>\n<p style=\"text-align: left;\"><strong>\u00a0 \u00a0 \u00a0 \u00a0 \u00a0 Farbe<\/strong>\u00a0Waldgr\u00fcn<\/p>\n<p style=\"text-align: left;\"><strong>\u00a0 \u00a0 \u00a0 \u00a0 \u00a0 Materialien<\/strong> Stahl, Aluminium und PMMA<\/p>\n<p style=\"text-align: left;\"><strong>\u00a0 \u00a0 \u00a0 \u00a0 \u00a0 Stromversorgung<\/strong> Integrierte LED &#8211; 5-100lm (dimmbar)<\/p>\n<p><strong>\u00a0 \u00a0 \u00a0 \u00a0 \u00a0 H\u00f6he (cm)<\/strong>\u00a030,6<\/p>\n<p><strong>\u00a0 \u00a0 \u00a0 \u00a0 \u00a0 Breite (cm)<\/strong>\u00a020<\/p>\n<p><strong>\u00a0 \u00a0 \u00a0 \u00a0 \u00a0 Gewicht (kg) <\/strong>1,5<\/p>\n","protected":false},"excerpt":{"rendered":"<p>Asteria Move ist ein neu aufgelegter UMAGE-Klassiker mit einem Hauch von Originalit\u00e4t. Diese Leuchte bietet das minimalistische und elegante Design der bereits bekannten Asteria-Reihe, aber in einer kleineren, kabellosen Version, so dass sie leicht zu transportieren ist &#8211; daher der Name. Die Leuchte verf\u00fcgt \u00fcber ein eingebautes LED-Licht und einen weichen weissen Diffusor, der f\u00fcr [&hellip;]<\/p>\n","protected":false},"featured_media":130516,"template":"","meta":{"_acf_changed":false,"om_disable_all_campaigns":false},"product_cat":[290],"product_tag":[760,900,554,1188,816,1109,883,936,775],"bundled_by":[],"bundle_stock_status":"onbackorder","bundle_stock_quantity":0,"bundle_virtual":false,"bundle_layout":"","bundle_add_to_cart_form_location":"","bundle_editable_in_cart":false,"bundle_sold_individually_context":"","bundle_item_grouping":"","bundle_min_size":"","bundle_max_size":"","bundle_price":[],"bundled_items":[],"bundle_sell_ids":[],"acf":[],"yoast_head":"<!-- This site is optimized with the Yoast SEO Premium plugin v22.2 (Yoast SEO v22.8) - https:\/\/yoast.com\/wordpress\/plugins\/seo\/ -->\n<title>Umage | Tragbare kabellose Leuchte Asteria Move | Waldgr\u00fcn | Ekkla<\/title>\n<meta name=\"description\" content=\"Die geringe Gr\u00f6sse und das Design der Asteria Move machen sie perfekt f\u00fcr alle Orte und Gelegenheiten.\" \/>\n<meta name=\"robots\" content=\"index, follow, max-snippet:-1, max-image-preview:large, max-video-preview:-1\" \/>\n<link rel=\"canonical\" href=\"https:\/\/ekkla.ch\/de\/produit\/tragbare-leuchte-asteria-move-waldgrun-umage\/\" \/>\n<meta property=\"og:locale\" content=\"de_DE\" \/>\n<meta property=\"og:type\" content=\"article\" \/>\n<meta property=\"og:title\" content=\"Tragbare kabellose Leuchte Asteria Move - Waldgr\u00fcn - Umage\" \/>\n<meta property=\"og:description\" content=\"Die geringe Gr\u00f6sse und das Design der Asteria Move machen sie perfekt f\u00fcr alle Orte und Gelegenheiten.\" \/>\n<meta property=\"og:url\" content=\"https:\/\/ekkla.ch\/de\/produit\/tragbare-leuchte-asteria-move-waldgrun-umage\/\" \/>\n<meta property=\"og:site_name\" content=\"Ekkla\" \/>\n<meta property=\"article:modified_time\" content=\"2024-07-27T21:08:06+00:00\" \/>\n<meta property=\"og:image\" content=\"https:\/\/ekkla.ch\/wp-content\/uploads\/2021\/08\/LampeTable_AsteriaMove_Vert_Umage_ImageProduit.jpg\" \/>\n\t<meta property=\"og:image:width\" content=\"900\" \/>\n\t<meta property=\"og:image:height\" content=\"900\" \/>\n\t<meta property=\"og:image:type\" content=\"image\/jpeg\" \/>\n<meta name=\"twitter:card\" content=\"summary_large_image\" \/>\n<meta name=\"twitter:label1\" content=\"Gesch\u00e4tzte Lesezeit\" \/>\n\t<meta name=\"twitter:data1\" content=\"1\u00a0Minute\" \/>\n<script type=\"application\/ld+json\" class=\"yoast-schema-graph\">{\"@context\":\"https:\/\/schema.org\",\"@graph\":[{\"@type\":\"WebPage\",\"@id\":\"https:\/\/ekkla.ch\/de\/produit\/tragbare-leuchte-asteria-move-waldgrun-umage\/\",\"url\":\"https:\/\/ekkla.ch\/de\/produit\/tragbare-leuchte-asteria-move-waldgrun-umage\/\",\"name\":\"Umage | Tragbare kabellose Leuchte Asteria Move | Waldgr\u00fcn | Ekkla\",\"isPartOf\":{\"@id\":\"https:\/\/ekkla.ch\/#website\"},\"primaryImageOfPage\":{\"@id\":\"https:\/\/ekkla.ch\/de\/produit\/tragbare-leuchte-asteria-move-waldgrun-umage\/#primaryimage\"},\"image\":{\"@id\":\"https:\/\/ekkla.ch\/de\/produit\/tragbare-leuchte-asteria-move-waldgrun-umage\/#primaryimage\"},\"thumbnailUrl\":\"https:\/\/ekkla.ch\/wp-content\/uploads\/2021\/08\/LampeTable_AsteriaMove_Vert_Umage_ImageProduit.jpg\",\"datePublished\":\"2021-08-19T12:56:04+00:00\",\"dateModified\":\"2024-07-27T21:08:06+00:00\",\"description\":\"Die geringe Gr\u00f6sse und das Design der Asteria Move machen sie perfekt f\u00fcr alle Orte und Gelegenheiten.\",\"breadcrumb\":{\"@id\":\"https:\/\/ekkla.ch\/de\/produit\/tragbare-leuchte-asteria-move-waldgrun-umage\/#breadcrumb\"},\"inLanguage\":\"de\",\"potentialAction\":[{\"@type\":\"ReadAction\",\"target\":[\"https:\/\/ekkla.ch\/de\/produit\/tragbare-leuchte-asteria-move-waldgrun-umage\/\"]}]},{\"@type\":\"ImageObject\",\"inLanguage\":\"de\",\"@id\":\"https:\/\/ekkla.ch\/de\/produit\/tragbare-leuchte-asteria-move-waldgrun-umage\/#primaryimage\",\"url\":\"https:\/\/ekkla.ch\/wp-content\/uploads\/2021\/08\/LampeTable_AsteriaMove_Vert_Umage_ImageProduit.jpg\",\"contentUrl\":\"https:\/\/ekkla.ch\/wp-content\/uploads\/2021\/08\/LampeTable_AsteriaMove_Vert_Umage_ImageProduit.jpg\",\"width\":900,\"height\":900,\"caption\":\"Lampe table Asteria Move noir UmageLampe table Asteria Move vert Umage\"},{\"@type\":\"BreadcrumbList\",\"@id\":\"https:\/\/ekkla.ch\/de\/produit\/tragbare-leuchte-asteria-move-waldgrun-umage\/#breadcrumb\",\"itemListElement\":[{\"@type\":\"ListItem\",\"position\":1,\"name\":\"Home\",\"item\":\"https:\/\/ekkla.ch\/de\/\"},{\"@type\":\"ListItem\",\"position\":2,\"name\":\"Shop\",\"item\":\"https:\/\/ekkla.ch\/de\/shop\/\"},{\"@type\":\"ListItem\",\"position\":3,\"name\":\"Tragbare kabellose Leuchte Asteria Move &#8211; Waldgr\u00fcn &#8211; Umage\"}]},{\"@type\":\"WebSite\",\"@id\":\"https:\/\/ekkla.ch\/#website\",\"url\":\"https:\/\/ekkla.ch\/\",\"name\":\"Ekkla\",\"description\":\"Der Onlineshop f\u00fcr Beleuchtung\",\"publisher\":{\"@id\":\"https:\/\/ekkla.ch\/#organization\"},\"potentialAction\":[{\"@type\":\"SearchAction\",\"target\":{\"@type\":\"EntryPoint\",\"urlTemplate\":\"https:\/\/ekkla.ch\/?s={search_term_string}\"},\"query-input\":\"required name=search_term_string\"}],\"inLanguage\":\"de\"},{\"@type\":\"Organization\",\"@id\":\"https:\/\/ekkla.ch\/#organization\",\"name\":\"Ekkla\",\"url\":\"https:\/\/ekkla.ch\/\",\"logo\":{\"@type\":\"ImageObject\",\"inLanguage\":\"de\",\"@id\":\"https:\/\/ekkla.ch\/#\/schema\/logo\/image\/\",\"url\":\"http:\/\/ekkla.ch\/wp-content\/uploads\/2019\/07\/logo-1.svg\",\"contentUrl\":\"http:\/\/ekkla.ch\/wp-content\/uploads\/2019\/07\/logo-1.svg\",\"width\":1,\"height\":1,\"caption\":\"Ekkla\"},\"image\":{\"@id\":\"https:\/\/ekkla.ch\/#\/schema\/logo\/image\/\"},\"sameAs\":[\"https:\/\/www.instagram.com\/ekkla_light\/\"]}]}<\/script>\n<!-- \/ Yoast SEO Premium plugin. -->","yoast_head_json":{"title":"Umage | Tragbare kabellose Leuchte Asteria Move | Waldgr\u00fcn | Ekkla","description":"Die geringe Gr\u00f6sse und das Design der Asteria Move machen sie perfekt f\u00fcr alle Orte und Gelegenheiten.","robots":{"index":"index","follow":"follow","max-snippet":"max-snippet:-1","max-image-preview":"max-image-preview:large","max-video-preview":"max-video-preview:-1"},"canonical":"https:\/\/ekkla.ch\/de\/produit\/tragbare-leuchte-asteria-move-waldgrun-umage\/","og_locale":"de_DE","og_type":"article","og_title":"Tragbare kabellose Leuchte Asteria Move - Waldgr\u00fcn - Umage","og_description":"Die geringe Gr\u00f6sse und das Design der Asteria Move machen sie perfekt f\u00fcr alle Orte und Gelegenheiten.","og_url":"https:\/\/ekkla.ch\/de\/produit\/tragbare-leuchte-asteria-move-waldgrun-umage\/","og_site_name":"Ekkla","article_modified_time":"2024-07-27T21:08:06+00:00","og_image":[{"width":900,"height":900,"url":"https:\/\/ekkla.ch\/wp-content\/uploads\/2021\/08\/LampeTable_AsteriaMove_Vert_Umage_ImageProduit.jpg","type":"image\/jpeg"}],"twitter_card":"summary_large_image","twitter_misc":{"Gesch\u00e4tzte Lesezeit":"1\u00a0Minute"},"schema":{"@context":"https:\/\/schema.org","@graph":[{"@type":"WebPage","@id":"https:\/\/ekkla.ch\/de\/produit\/tragbare-leuchte-asteria-move-waldgrun-umage\/","url":"https:\/\/ekkla.ch\/de\/produit\/tragbare-leuchte-asteria-move-waldgrun-umage\/","name":"Umage | Tragbare kabellose Leuchte Asteria Move | Waldgr\u00fcn | Ekkla","isPartOf":{"@id":"https:\/\/ekkla.ch\/#website"},"primaryImageOfPage":{"@id":"https:\/\/ekkla.ch\/de\/produit\/tragbare-leuchte-asteria-move-waldgrun-umage\/#primaryimage"},"image":{"@id":"https:\/\/ekkla.ch\/de\/produit\/tragbare-leuchte-asteria-move-waldgrun-umage\/#primaryimage"},"thumbnailUrl":"https:\/\/ekkla.ch\/wp-content\/uploads\/2021\/08\/LampeTable_AsteriaMove_Vert_Umage_ImageProduit.jpg","datePublished":"2021-08-19T12:56:04+00:00","dateModified":"2024-07-27T21:08:06+00:00","description":"Die geringe Gr\u00f6sse und das Design der Asteria Move machen sie perfekt f\u00fcr alle Orte und Gelegenheiten.","breadcrumb":{"@id":"https:\/\/ekkla.ch\/de\/produit\/tragbare-leuchte-asteria-move-waldgrun-umage\/#breadcrumb"},"inLanguage":"de","potentialAction":[{"@type":"ReadAction","target":["https:\/\/ekkla.ch\/de\/produit\/tragbare-leuchte-asteria-move-waldgrun-umage\/"]}]},{"@type":"ImageObject","inLanguage":"de","@id":"https:\/\/ekkla.ch\/de\/produit\/tragbare-leuchte-asteria-move-waldgrun-umage\/#primaryimage","url":"https:\/\/ekkla.ch\/wp-content\/uploads\/2021\/08\/LampeTable_AsteriaMove_Vert_Umage_ImageProduit.jpg","contentUrl":"https:\/\/ekkla.ch\/wp-content\/uploads\/2021\/08\/LampeTable_AsteriaMove_Vert_Umage_ImageProduit.jpg","width":900,"height":900,"caption":"Lampe table Asteria Move noir UmageLampe table Asteria Move vert Umage"},{"@type":"BreadcrumbList","@id":"https:\/\/ekkla.ch\/de\/produit\/tragbare-leuchte-asteria-move-waldgrun-umage\/#breadcrumb","itemListElement":[{"@type":"ListItem","position":1,"name":"Home","item":"https:\/\/ekkla.ch\/de\/"},{"@type":"ListItem","position":2,"name":"Shop","item":"https:\/\/ekkla.ch\/de\/shop\/"},{"@type":"ListItem","position":3,"name":"Tragbare kabellose Leuchte Asteria Move &#8211; Waldgr\u00fcn &#8211; Umage"}]},{"@type":"WebSite","@id":"https:\/\/ekkla.ch\/#website","url":"https:\/\/ekkla.ch\/","name":"Ekkla","description":"Der Onlineshop f\u00fcr Beleuchtung","publisher":{"@id":"https:\/\/ekkla.ch\/#organization"},"potentialAction":[{"@type":"SearchAction","target":{"@type":"EntryPoint","urlTemplate":"https:\/\/ekkla.ch\/?s={search_term_string}"},"query-input":"required name=search_term_string"}],"inLanguage":"de"},{"@type":"Organization","@id":"https:\/\/ekkla.ch\/#organization","name":"Ekkla","url":"https:\/\/ekkla.ch\/","logo":{"@type":"ImageObject","inLanguage":"de","@id":"https:\/\/ekkla.ch\/#\/schema\/logo\/image\/","url":"http:\/\/ekkla.ch\/wp-content\/uploads\/2019\/07\/logo-1.svg","contentUrl":"http:\/\/ekkla.ch\/wp-content\/uploads\/2019\/07\/logo-1.svg","width":1,"height":1,"caption":"Ekkla"},"image":{"@id":"https:\/\/ekkla.ch\/#\/schema\/logo\/image\/"},"sameAs":["https:\/\/www.instagram.com\/ekkla_light\/"]}]}},"_links":{"self":[{"href":"https:\/\/ekkla.ch\/de\/wp-json\/wp\/v2\/product\/130744"}],"collection":[{"href":"https:\/\/ekkla.ch\/de\/wp-json\/wp\/v2\/product"}],"about":[{"href":"https:\/\/ekkla.ch\/de\/wp-json\/wp\/v2\/types\/product"}],"wp:featuredmedia":[{"embeddable":true,"href":"https:\/\/ekkla.ch\/de\/wp-json\/wp\/v2\/media\/130516"}],"wp:attachment":[{"href":"https:\/\/ekkla.ch\/de\/wp-json\/wp\/v2\/media?parent=130744"}],"wp:term":[{"taxonomy":"product_cat","embeddable":true,"href":"https:\/\/ekkla.ch\/de\/wp-json\/wp\/v2\/product_cat?post=130744"},{"taxonomy":"product_tag","embeddable":true,"href":"https:\/\/ekkla.ch\/de\/wp-json\/wp\/v2\/product_tag?post=130744"}],"curies":[{"name":"wp","href":"https:\/\/api.w.org\/{rel}","templated":true}]}}