{"id":131633,"date":"2021-08-20T17:01:50","date_gmt":"2021-08-20T15:01:51","guid":{"rendered":"https:\/\/ekkla.ch\/?post_type=product&#038;p=131633"},"modified":"2022-07-04T14:51:22","modified_gmt":"2022-07-04T12:51:22","slug":"hangeleuchte-parrot-xxl-sand-handgewebtes-abaca-forestier-copie","status":"publish","type":"product","link":"https:\/\/ekkla.ch\/de\/produit\/hangeleuchte-parrot-xxl-sand-handgewebtes-abaca-forestier-copie\/","title":{"rendered":"H\u00e4ngeleuchte Parrot XXL Sand &#8211; Handgewebtes Abaca &#8211; Forestier"},"content":{"rendered":"<p>Mit den Grass und Parrot H\u00e4ngeleuchten w\u00e4chst die Forestier Familie erneut! Diese neuen Modelle aus gewebter Abaca-Faser wurden von der deutschen Designerin Jette Schreib entworfen, die schon seit langem mit Forestier zusammenarbeitet. F\u00fcr diese neuen raffinierten Boho-Leuchten hat sich die Designerin entschieden, sich auf diskreten Luxus zu konzentrieren.\u00a0Inspiriert wurde sie durch die Korbflechterei, eine uralte, von Generation zu Generation weitergegebene Technik.<\/p>\n<p>Die H\u00e4ngeleuchten Grass und Parrot werden auf den Philippinen in langer und sorgf\u00e4ltiger Handarbeit hergestellt. So kann es bis zu einem Tag dauern, um einen einzigen Lampenchirm herzustellen, der mit seinen warmen Farben an bewirtschaftete Felder erinnert. Diese ultraschicken H\u00e4ngeleuchten eignen sich perfekt f\u00fcr Wohn- und Schlafzimmer und verleihen Ihrem Zuhause einen eleganten und exotischen Touch. Gl\u00fchbirne nicht inbegriffen.<\/p>\n<h2 style=\"text-align: left;\">\u00a0 \u00a0 \u00a0Merkmale &amp; Eigenschaften<\/h2>\n<p><strong>\u00a0 \u00a0 \u00a0 \u00a0 Marke<\/strong>\u00a0Forestier<\/p>\n<p><strong>\u00a0 \u00a0 \u00a0 \u00a0 Farben<\/strong>\u00a0Sand, Orange und Blau<\/p>\n<p style=\"text-align: left;\"><strong>\u00a0 \u00a0 \u00a0 \u00a0 Materialien\u00a0<\/strong>Abaca und Raffia<\/p>\n<p style=\"text-align: left;\"><strong>\u00a0 \u00a0 \u00a0 \u00a0 Gl\u00fchbirne<\/strong> E27 (nicht inbegriffen)<\/p>\n<p><strong>\u00a0 \u00a0 \u00a0 \u00a0 Max. Leistung (W)<\/strong> 60<\/p>\n<p><strong>\u00a0 \u00a0 \u00a0 \u00a0 H\u00f6he (cm)<\/strong>\u00a024<\/p>\n<p><strong>\u00a0 \u00a0 \u00a0 \u00a0 Durchmesser des Lampenschirms (cm) <\/strong>120<\/p>\n<p><strong>\u00a0 \u00a0 \u00a0 \u00a0 Gewicht (kg)<\/strong>\u00a06,3<\/p>\n","protected":false},"excerpt":{"rendered":"<p>Mit den Grass und Parrot H\u00e4ngeleuchten w\u00e4chst die Forestier Familie erneut! Diese neuen Modelle aus gewebter Abaca-Faser wurden von der deutschen Designerin Jette Schreib entworfen, die schon seit langem mit Forestier zusammenarbeitet. F\u00fcr diese neuen raffinierten Boho-Leuchten hat sich die Designerin entschieden, sich auf diskreten Luxus zu konzentrieren.\u00a0Inspiriert wurde sie durch die Korbflechterei, eine uralte, [&hellip;]<\/p>\n","protected":false},"featured_media":131648,"template":"","meta":{"_acf_changed":false,"om_disable_all_campaigns":false},"product_cat":[291],"product_tag":[1248,902,554,1188,1265,1077,1204,816,872,883,403,1209,1092],"bundled_by":[],"bundle_stock_status":"instock","bundle_stock_quantity":1,"bundle_virtual":false,"bundle_layout":"","bundle_add_to_cart_form_location":"","bundle_editable_in_cart":false,"bundle_sold_individually_context":"","bundle_item_grouping":"","bundle_min_size":"","bundle_max_size":"","bundle_price":[],"bundled_items":[],"bundle_sell_ids":[],"acf":[],"yoast_head":"<!-- This site is optimized with the Yoast SEO Premium plugin v22.2 (Yoast SEO v22.8) - https:\/\/yoast.com\/wordpress\/plugins\/seo\/ -->\n<title>Forestier | H\u00e4ngeleuchte Parrot XXL Sand | Handgewebtes Abaca | Ekkla<\/title>\n<meta name=\"description\" content=\"Diese ultra-schicke H\u00e4ngeleuchte eignet sich perfekt f\u00fcr Wohn- oder Schlafzimmer und verleiht Ihrem Zuhause einen eleganten und exotischen Touch.\" \/>\n<meta name=\"robots\" content=\"index, follow, max-snippet:-1, max-image-preview:large, max-video-preview:-1\" \/>\n<link rel=\"canonical\" href=\"https:\/\/ekkla.ch\/de\/produit\/hangeleuchte-parrot-xxl-sand-handgewebtes-abaca-forestier-copie\/\" \/>\n<meta property=\"og:locale\" content=\"de_DE\" \/>\n<meta property=\"og:type\" content=\"article\" \/>\n<meta property=\"og:title\" content=\"H\u00e4ngeleuchte Parrot XXL Sand - Handgewebtes Abaca - Forestier\" \/>\n<meta property=\"og:description\" content=\"Diese ultra-schicke H\u00e4ngeleuchte eignet sich perfekt f\u00fcr Wohn- oder Schlafzimmer und verleiht Ihrem Zuhause einen eleganten und exotischen Touch.\" \/>\n<meta property=\"og:url\" content=\"https:\/\/ekkla.ch\/de\/produit\/hangeleuchte-parrot-xxl-sand-handgewebtes-abaca-forestier-copie\/\" \/>\n<meta property=\"og:site_name\" content=\"Ekkla\" \/>\n<meta property=\"article:modified_time\" content=\"2022-07-04T12:51:22+00:00\" \/>\n<meta property=\"og:image\" content=\"https:\/\/ekkla.ch\/wp-content\/uploads\/2021\/08\/Suspension_Parrot_XXL_Sable_Forestier_ImageProduit6.jpg\" \/>\n\t<meta property=\"og:image:width\" content=\"900\" \/>\n\t<meta property=\"og:image:height\" content=\"900\" \/>\n\t<meta property=\"og:image:type\" content=\"image\/jpeg\" \/>\n<meta name=\"twitter:card\" content=\"summary_large_image\" \/>\n<meta name=\"twitter:label1\" content=\"Gesch\u00e4tzte Lesezeit\" \/>\n\t<meta name=\"twitter:data1\" content=\"1\u00a0Minute\" \/>\n<script type=\"application\/ld+json\" class=\"yoast-schema-graph\">{\"@context\":\"https:\/\/schema.org\",\"@graph\":[{\"@type\":\"WebPage\",\"@id\":\"https:\/\/ekkla.ch\/de\/produit\/hangeleuchte-parrot-xxl-sand-handgewebtes-abaca-forestier-copie\/\",\"url\":\"https:\/\/ekkla.ch\/de\/produit\/hangeleuchte-parrot-xxl-sand-handgewebtes-abaca-forestier-copie\/\",\"name\":\"Forestier | H\u00e4ngeleuchte Parrot XXL Sand | Handgewebtes Abaca | Ekkla\",\"isPartOf\":{\"@id\":\"https:\/\/ekkla.ch\/#website\"},\"primaryImageOfPage\":{\"@id\":\"https:\/\/ekkla.ch\/de\/produit\/hangeleuchte-parrot-xxl-sand-handgewebtes-abaca-forestier-copie\/#primaryimage\"},\"image\":{\"@id\":\"https:\/\/ekkla.ch\/de\/produit\/hangeleuchte-parrot-xxl-sand-handgewebtes-abaca-forestier-copie\/#primaryimage\"},\"thumbnailUrl\":\"https:\/\/ekkla.ch\/wp-content\/uploads\/2021\/08\/Suspension_Parrot_XXL_Sable_Forestier_ImageProduit6.jpg\",\"datePublished\":\"2021-08-20T15:01:51+00:00\",\"dateModified\":\"2022-07-04T12:51:22+00:00\",\"description\":\"Diese ultra-schicke H\u00e4ngeleuchte eignet sich perfekt f\u00fcr Wohn- oder Schlafzimmer und verleiht Ihrem Zuhause einen eleganten und exotischen Touch.\",\"breadcrumb\":{\"@id\":\"https:\/\/ekkla.ch\/de\/produit\/hangeleuchte-parrot-xxl-sand-handgewebtes-abaca-forestier-copie\/#breadcrumb\"},\"inLanguage\":\"de\",\"potentialAction\":[{\"@type\":\"ReadAction\",\"target\":[\"https:\/\/ekkla.ch\/de\/produit\/hangeleuchte-parrot-xxl-sand-handgewebtes-abaca-forestier-copie\/\"]}]},{\"@type\":\"ImageObject\",\"inLanguage\":\"de\",\"@id\":\"https:\/\/ekkla.ch\/de\/produit\/hangeleuchte-parrot-xxl-sand-handgewebtes-abaca-forestier-copie\/#primaryimage\",\"url\":\"https:\/\/ekkla.ch\/wp-content\/uploads\/2021\/08\/Suspension_Parrot_XXL_Sable_Forestier_ImageProduit6.jpg\",\"contentUrl\":\"https:\/\/ekkla.ch\/wp-content\/uploads\/2021\/08\/Suspension_Parrot_XXL_Sable_Forestier_ImageProduit6.jpg\",\"width\":900,\"height\":900,\"caption\":\"Suspension Parrot Forestier\"},{\"@type\":\"BreadcrumbList\",\"@id\":\"https:\/\/ekkla.ch\/de\/produit\/hangeleuchte-parrot-xxl-sand-handgewebtes-abaca-forestier-copie\/#breadcrumb\",\"itemListElement\":[{\"@type\":\"ListItem\",\"position\":1,\"name\":\"Home\",\"item\":\"https:\/\/ekkla.ch\/de\/\"},{\"@type\":\"ListItem\",\"position\":2,\"name\":\"Shop\",\"item\":\"https:\/\/ekkla.ch\/de\/shop\/\"},{\"@type\":\"ListItem\",\"position\":3,\"name\":\"H\u00e4ngeleuchte Parrot XXL Sand &#8211; Handgewebtes Abaca &#8211; Forestier\"}]},{\"@type\":\"WebSite\",\"@id\":\"https:\/\/ekkla.ch\/#website\",\"url\":\"https:\/\/ekkla.ch\/\",\"name\":\"Ekkla\",\"description\":\"Der Onlineshop f\u00fcr Beleuchtung\",\"publisher\":{\"@id\":\"https:\/\/ekkla.ch\/#organization\"},\"potentialAction\":[{\"@type\":\"SearchAction\",\"target\":{\"@type\":\"EntryPoint\",\"urlTemplate\":\"https:\/\/ekkla.ch\/?s={search_term_string}\"},\"query-input\":\"required name=search_term_string\"}],\"inLanguage\":\"de\"},{\"@type\":\"Organization\",\"@id\":\"https:\/\/ekkla.ch\/#organization\",\"name\":\"Ekkla\",\"url\":\"https:\/\/ekkla.ch\/\",\"logo\":{\"@type\":\"ImageObject\",\"inLanguage\":\"de\",\"@id\":\"https:\/\/ekkla.ch\/#\/schema\/logo\/image\/\",\"url\":\"http:\/\/ekkla.ch\/wp-content\/uploads\/2019\/07\/logo-1.svg\",\"contentUrl\":\"http:\/\/ekkla.ch\/wp-content\/uploads\/2019\/07\/logo-1.svg\",\"width\":1,\"height\":1,\"caption\":\"Ekkla\"},\"image\":{\"@id\":\"https:\/\/ekkla.ch\/#\/schema\/logo\/image\/\"},\"sameAs\":[\"https:\/\/www.instagram.com\/ekkla_light\/\"]}]}<\/script>\n<!-- \/ Yoast SEO Premium plugin. -->","yoast_head_json":{"title":"Forestier | H\u00e4ngeleuchte Parrot XXL Sand | Handgewebtes Abaca | Ekkla","description":"Diese ultra-schicke H\u00e4ngeleuchte eignet sich perfekt f\u00fcr Wohn- oder Schlafzimmer und verleiht Ihrem Zuhause einen eleganten und exotischen Touch.","robots":{"index":"index","follow":"follow","max-snippet":"max-snippet:-1","max-image-preview":"max-image-preview:large","max-video-preview":"max-video-preview:-1"},"canonical":"https:\/\/ekkla.ch\/de\/produit\/hangeleuchte-parrot-xxl-sand-handgewebtes-abaca-forestier-copie\/","og_locale":"de_DE","og_type":"article","og_title":"H\u00e4ngeleuchte Parrot XXL Sand - Handgewebtes Abaca - Forestier","og_description":"Diese ultra-schicke H\u00e4ngeleuchte eignet sich perfekt f\u00fcr Wohn- oder Schlafzimmer und verleiht Ihrem Zuhause einen eleganten und exotischen Touch.","og_url":"https:\/\/ekkla.ch\/de\/produit\/hangeleuchte-parrot-xxl-sand-handgewebtes-abaca-forestier-copie\/","og_site_name":"Ekkla","article_modified_time":"2022-07-04T12:51:22+00:00","og_image":[{"width":900,"height":900,"url":"https:\/\/ekkla.ch\/wp-content\/uploads\/2021\/08\/Suspension_Parrot_XXL_Sable_Forestier_ImageProduit6.jpg","type":"image\/jpeg"}],"twitter_card":"summary_large_image","twitter_misc":{"Gesch\u00e4tzte Lesezeit":"1\u00a0Minute"},"schema":{"@context":"https:\/\/schema.org","@graph":[{"@type":"WebPage","@id":"https:\/\/ekkla.ch\/de\/produit\/hangeleuchte-parrot-xxl-sand-handgewebtes-abaca-forestier-copie\/","url":"https:\/\/ekkla.ch\/de\/produit\/hangeleuchte-parrot-xxl-sand-handgewebtes-abaca-forestier-copie\/","name":"Forestier | H\u00e4ngeleuchte Parrot XXL Sand | Handgewebtes Abaca | Ekkla","isPartOf":{"@id":"https:\/\/ekkla.ch\/#website"},"primaryImageOfPage":{"@id":"https:\/\/ekkla.ch\/de\/produit\/hangeleuchte-parrot-xxl-sand-handgewebtes-abaca-forestier-copie\/#primaryimage"},"image":{"@id":"https:\/\/ekkla.ch\/de\/produit\/hangeleuchte-parrot-xxl-sand-handgewebtes-abaca-forestier-copie\/#primaryimage"},"thumbnailUrl":"https:\/\/ekkla.ch\/wp-content\/uploads\/2021\/08\/Suspension_Parrot_XXL_Sable_Forestier_ImageProduit6.jpg","datePublished":"2021-08-20T15:01:51+00:00","dateModified":"2022-07-04T12:51:22+00:00","description":"Diese ultra-schicke H\u00e4ngeleuchte eignet sich perfekt f\u00fcr Wohn- oder Schlafzimmer und verleiht Ihrem Zuhause einen eleganten und exotischen Touch.","breadcrumb":{"@id":"https:\/\/ekkla.ch\/de\/produit\/hangeleuchte-parrot-xxl-sand-handgewebtes-abaca-forestier-copie\/#breadcrumb"},"inLanguage":"de","potentialAction":[{"@type":"ReadAction","target":["https:\/\/ekkla.ch\/de\/produit\/hangeleuchte-parrot-xxl-sand-handgewebtes-abaca-forestier-copie\/"]}]},{"@type":"ImageObject","inLanguage":"de","@id":"https:\/\/ekkla.ch\/de\/produit\/hangeleuchte-parrot-xxl-sand-handgewebtes-abaca-forestier-copie\/#primaryimage","url":"https:\/\/ekkla.ch\/wp-content\/uploads\/2021\/08\/Suspension_Parrot_XXL_Sable_Forestier_ImageProduit6.jpg","contentUrl":"https:\/\/ekkla.ch\/wp-content\/uploads\/2021\/08\/Suspension_Parrot_XXL_Sable_Forestier_ImageProduit6.jpg","width":900,"height":900,"caption":"Suspension Parrot Forestier"},{"@type":"BreadcrumbList","@id":"https:\/\/ekkla.ch\/de\/produit\/hangeleuchte-parrot-xxl-sand-handgewebtes-abaca-forestier-copie\/#breadcrumb","itemListElement":[{"@type":"ListItem","position":1,"name":"Home","item":"https:\/\/ekkla.ch\/de\/"},{"@type":"ListItem","position":2,"name":"Shop","item":"https:\/\/ekkla.ch\/de\/shop\/"},{"@type":"ListItem","position":3,"name":"H\u00e4ngeleuchte Parrot XXL Sand &#8211; Handgewebtes Abaca &#8211; Forestier"}]},{"@type":"WebSite","@id":"https:\/\/ekkla.ch\/#website","url":"https:\/\/ekkla.ch\/","name":"Ekkla","description":"Der Onlineshop f\u00fcr Beleuchtung","publisher":{"@id":"https:\/\/ekkla.ch\/#organization"},"potentialAction":[{"@type":"SearchAction","target":{"@type":"EntryPoint","urlTemplate":"https:\/\/ekkla.ch\/?s={search_term_string}"},"query-input":"required name=search_term_string"}],"inLanguage":"de"},{"@type":"Organization","@id":"https:\/\/ekkla.ch\/#organization","name":"Ekkla","url":"https:\/\/ekkla.ch\/","logo":{"@type":"ImageObject","inLanguage":"de","@id":"https:\/\/ekkla.ch\/#\/schema\/logo\/image\/","url":"http:\/\/ekkla.ch\/wp-content\/uploads\/2019\/07\/logo-1.svg","contentUrl":"http:\/\/ekkla.ch\/wp-content\/uploads\/2019\/07\/logo-1.svg","width":1,"height":1,"caption":"Ekkla"},"image":{"@id":"https:\/\/ekkla.ch\/#\/schema\/logo\/image\/"},"sameAs":["https:\/\/www.instagram.com\/ekkla_light\/"]}]}},"_links":{"self":[{"href":"https:\/\/ekkla.ch\/de\/wp-json\/wp\/v2\/product\/131633"}],"collection":[{"href":"https:\/\/ekkla.ch\/de\/wp-json\/wp\/v2\/product"}],"about":[{"href":"https:\/\/ekkla.ch\/de\/wp-json\/wp\/v2\/types\/product"}],"wp:featuredmedia":[{"embeddable":true,"href":"https:\/\/ekkla.ch\/de\/wp-json\/wp\/v2\/media\/131648"}],"wp:attachment":[{"href":"https:\/\/ekkla.ch\/de\/wp-json\/wp\/v2\/media?parent=131633"}],"wp:term":[{"taxonomy":"product_cat","embeddable":true,"href":"https:\/\/ekkla.ch\/de\/wp-json\/wp\/v2\/product_cat?post=131633"},{"taxonomy":"product_tag","embeddable":true,"href":"https:\/\/ekkla.ch\/de\/wp-json\/wp\/v2\/product_tag?post=131633"}],"curies":[{"name":"wp","href":"https:\/\/api.w.org\/{rel}","templated":true}]}}