{"id":141317,"date":"2020-06-03T16:34:49","date_gmt":"2020-06-03T14:34:49","guid":{"rendered":"https:\/\/ekkla.ch\/produit\/hangeleuchte-hartau-double-darmes\/"},"modified":"2025-03-14T10:55:48","modified_gmt":"2025-03-14T09:55:48","slug":"hangeleuchte-hartau-double-darmes","status":"publish","type":"product","link":"https:\/\/ekkla.ch\/de\/produit\/hangeleuchte-hartau-double-darmes\/","title":{"rendered":"H\u00e4ngeleuchte Hartau Double &#8211; Darmes"},"content":{"rendered":"<p>Die Hartau-Kollektion ist eine Sammlung klassischer Leuchten, die auf den ersten Blick durch ihre sanften Linien und Details \u00fcberraschen. Sie werden in Kanada in Handarbeit aus Milchglas, Messing, Aluminium und Farbe hergestellt. Die mittleren Drehgelenke sind aus reinem Messing gefertigt. Jedes Metallteil der Hartau-Kollektion wird in Qu\u00e9bec (Kanada) durch pr\u00e4zise Handarbeit hergestellt.<\/p>\n<p>Die Lampenschirme sind das Markenzeichen dieser Kollektion. Mit ihren zwei \u00d6ffnungen kombinieren sie direkte Beleuchtung wie auch indirektes Licht welches zur Wand oder an die Decke strahlt. Sie enthalten eine Milchglasr\u00f6hre, die das Licht einer Mini-LED- oder Halogenbirne dezent verstreut. Die Gl\u00fchbirnen sind inbegriffen.<\/p>\n<p>Durch die Handfertigung der Leuchte in Kanada muss mit einer Lieferzeit von circa 5 bis 7 Wochen gerechnet werden.<\/p>\n<p><i>Dieses Modell kann kundenspezifisch angepasst werden. F\u00fcr zus\u00e4tzliche Informationen helfen wir Ihnen sehr gerne per E-Mail weiter: <\/i><a style=\"font-style: italic;\" href=\"mailto:eclaire-moi@ekkla.ch\">eclaire-moi@ekkla.ch<\/a><\/p>\n<p><em>Bitte beachten Sie, dass auf den inszenierten Bildern die Drehgelenke aus goldenem Messing sind. Die Gelenke des Originalproduktes sind jedoch schwarz (siehe Produktbild).<\/em><\/p>\n<blockquote>\n<h2 style=\"text-align: left;\">Merkmale &amp; Eigenschaften<\/h2>\n<p><strong>Marke<\/strong> Darmes<\/p>\n<p style=\"text-align: left;\"><strong>Farbe\u00a0<\/strong>Schwarz<\/p>\n<p style=\"text-align: left;\"><strong>Materialien<\/strong> Aluminium | Glas | Messing<\/p>\n<p style=\"text-align: left;\"><strong>Gl\u00fchbirne<\/strong>\u00a0G9 (inbegriffen)<\/p>\n<p><strong>Leistung (lm)<\/strong>\u00a0700<\/p>\n<p><strong>Farbtemperatur<\/strong>\u00a0<strong>(k)<\/strong> 2700<\/p>\n<p style=\"text-align: left;\"><strong>H\u00f6he (cm)<\/strong> 61<\/p>\n<p><strong>Breite (cm) <\/strong>130<\/p><\/blockquote>\n","protected":false},"excerpt":{"rendered":"<p>Die Hartau-Kollektion ist eine Sammlung klassischer Leuchten, die auf den ersten Blick durch ihre sanften Linien und Details \u00fcberraschen. Sie werden in Kanada in Handarbeit aus Milchglas, Messing, Aluminium und Farbe hergestellt. Die mittleren Drehgelenke sind aus reinem Messing gefertigt. Jedes Metallteil der Hartau-Kollektion wird in Qu\u00e9bec (Kanada) durch pr\u00e4zise Handarbeit hergestellt. Die Lampenschirme sind [&hellip;]<\/p>\n","protected":false},"featured_media":207321,"template":"","meta":{"_acf_changed":false,"om_disable_all_campaigns":false},"product_cat":[291],"product_tag":[1256,1265,801],"bundled_by":[],"bundle_stock_status":"onbackorder","bundle_stock_quantity":null,"bundle_virtual":false,"bundle_layout":"","bundle_add_to_cart_form_location":"","bundle_editable_in_cart":false,"bundle_sold_individually_context":"","bundle_item_grouping":"","bundle_min_size":"","bundle_max_size":"","bundle_price":[],"bundled_items":[],"bundle_sell_ids":[],"acf":[],"yoast_head":"<!-- This site is optimized with the Yoast SEO Premium plugin v22.2 (Yoast SEO v22.8) - https:\/\/yoast.com\/wordpress\/plugins\/seo\/ -->\n<title>Darmes | H\u00e4ngeleuchte Hartau Double | Hochwertige Qualit\u00e4t | Ekkla<\/title>\n<meta name=\"description\" content=\"Deckenleuchte Hartau Double von Darmes. Handgefertigt in Kanada. Eine einzigartige Identit\u00e4t und auf Kundenwunsch anpassbar.\" \/>\n<meta name=\"robots\" content=\"index, follow, max-snippet:-1, max-image-preview:large, max-video-preview:-1\" \/>\n<link rel=\"canonical\" href=\"https:\/\/ekkla.ch\/de\/produit\/hangeleuchte-hartau-double-darmes\/\" \/>\n<meta property=\"og:locale\" content=\"de_DE\" \/>\n<meta property=\"og:type\" content=\"article\" \/>\n<meta property=\"og:title\" content=\"H\u00e4ngeleuchte Hartau Double - Darmes\" \/>\n<meta property=\"og:description\" content=\"Deckenleuchte Hartau Double von Darmes. Handgefertigt in Kanada. Eine einzigartige Identit\u00e4t und auf Kundenwunsch anpassbar.\" \/>\n<meta property=\"og:url\" content=\"https:\/\/ekkla.ch\/de\/produit\/hangeleuchte-hartau-double-darmes\/\" \/>\n<meta property=\"og:site_name\" content=\"Ekkla\" \/>\n<meta property=\"article:modified_time\" content=\"2025-03-14T09:55:48+00:00\" \/>\n<meta property=\"og:image\" content=\"https:\/\/ekkla.ch\/wp-content\/uploads\/2020\/06\/b.png\" \/>\n\t<meta property=\"og:image:width\" content=\"1081\" \/>\n\t<meta property=\"og:image:height\" content=\"1081\" \/>\n\t<meta property=\"og:image:type\" content=\"image\/png\" \/>\n<meta name=\"twitter:card\" content=\"summary_large_image\" \/>\n<meta name=\"twitter:label1\" content=\"Gesch\u00e4tzte Lesezeit\" \/>\n\t<meta name=\"twitter:data1\" content=\"1\u00a0Minute\" \/>\n<script type=\"application\/ld+json\" class=\"yoast-schema-graph\">{\"@context\":\"https:\/\/schema.org\",\"@graph\":[{\"@type\":\"WebPage\",\"@id\":\"https:\/\/ekkla.ch\/de\/produit\/hangeleuchte-hartau-double-darmes\/\",\"url\":\"https:\/\/ekkla.ch\/de\/produit\/hangeleuchte-hartau-double-darmes\/\",\"name\":\"Darmes | H\u00e4ngeleuchte Hartau Double | Hochwertige Qualit\u00e4t | Ekkla\",\"isPartOf\":{\"@id\":\"https:\/\/ekkla.ch\/#website\"},\"primaryImageOfPage\":{\"@id\":\"https:\/\/ekkla.ch\/de\/produit\/hangeleuchte-hartau-double-darmes\/#primaryimage\"},\"image\":{\"@id\":\"https:\/\/ekkla.ch\/de\/produit\/hangeleuchte-hartau-double-darmes\/#primaryimage\"},\"thumbnailUrl\":\"https:\/\/ekkla.ch\/wp-content\/uploads\/2020\/06\/ekkla-darmes-suspension-Hartau-double.jpg\",\"datePublished\":\"2020-06-03T14:34:49+00:00\",\"dateModified\":\"2025-03-14T09:55:48+00:00\",\"description\":\"Deckenleuchte Hartau Double von Darmes. Handgefertigt in Kanada. Eine einzigartige Identit\u00e4t und auf Kundenwunsch anpassbar.\",\"breadcrumb\":{\"@id\":\"https:\/\/ekkla.ch\/de\/produit\/hangeleuchte-hartau-double-darmes\/#breadcrumb\"},\"inLanguage\":\"de\",\"potentialAction\":[{\"@type\":\"ReadAction\",\"target\":[\"https:\/\/ekkla.ch\/de\/produit\/hangeleuchte-hartau-double-darmes\/\"]}]},{\"@type\":\"ImageObject\",\"inLanguage\":\"de\",\"@id\":\"https:\/\/ekkla.ch\/de\/produit\/hangeleuchte-hartau-double-darmes\/#primaryimage\",\"url\":\"https:\/\/ekkla.ch\/wp-content\/uploads\/2020\/06\/ekkla-darmes-suspension-Hartau-double.jpg\",\"contentUrl\":\"https:\/\/ekkla.ch\/wp-content\/uploads\/2020\/06\/ekkla-darmes-suspension-Hartau-double.jpg\",\"width\":1000,\"height\":1000},{\"@type\":\"BreadcrumbList\",\"@id\":\"https:\/\/ekkla.ch\/de\/produit\/hangeleuchte-hartau-double-darmes\/#breadcrumb\",\"itemListElement\":[{\"@type\":\"ListItem\",\"position\":1,\"name\":\"Home\",\"item\":\"https:\/\/ekkla.ch\/de\/\"},{\"@type\":\"ListItem\",\"position\":2,\"name\":\"Shop\",\"item\":\"https:\/\/ekkla.ch\/de\/shop\/\"},{\"@type\":\"ListItem\",\"position\":3,\"name\":\"H\u00e4ngeleuchte Hartau Double - Darmes\"}]},{\"@type\":\"WebSite\",\"@id\":\"https:\/\/ekkla.ch\/#website\",\"url\":\"https:\/\/ekkla.ch\/\",\"name\":\"Ekkla\",\"description\":\"Der Onlineshop f\u00fcr Beleuchtung\",\"publisher\":{\"@id\":\"https:\/\/ekkla.ch\/#organization\"},\"potentialAction\":[{\"@type\":\"SearchAction\",\"target\":{\"@type\":\"EntryPoint\",\"urlTemplate\":\"https:\/\/ekkla.ch\/?s={search_term_string}\"},\"query-input\":\"required name=search_term_string\"}],\"inLanguage\":\"de\"},{\"@type\":\"Organization\",\"@id\":\"https:\/\/ekkla.ch\/#organization\",\"name\":\"Ekkla\",\"url\":\"https:\/\/ekkla.ch\/\",\"logo\":{\"@type\":\"ImageObject\",\"inLanguage\":\"de\",\"@id\":\"https:\/\/ekkla.ch\/#\/schema\/logo\/image\/\",\"url\":\"http:\/\/ekkla.ch\/wp-content\/uploads\/2019\/07\/logo-1.svg\",\"contentUrl\":\"http:\/\/ekkla.ch\/wp-content\/uploads\/2019\/07\/logo-1.svg\",\"width\":1,\"height\":1,\"caption\":\"Ekkla\"},\"image\":{\"@id\":\"https:\/\/ekkla.ch\/#\/schema\/logo\/image\/\"},\"sameAs\":[\"https:\/\/www.instagram.com\/ekkla_light\/\"]}]}<\/script>\n<!-- \/ Yoast SEO Premium plugin. -->","yoast_head_json":{"title":"Darmes | H\u00e4ngeleuchte Hartau Double | Hochwertige Qualit\u00e4t | Ekkla","description":"Deckenleuchte Hartau Double von Darmes. Handgefertigt in Kanada. Eine einzigartige Identit\u00e4t und auf Kundenwunsch anpassbar.","robots":{"index":"index","follow":"follow","max-snippet":"max-snippet:-1","max-image-preview":"max-image-preview:large","max-video-preview":"max-video-preview:-1"},"canonical":"https:\/\/ekkla.ch\/de\/produit\/hangeleuchte-hartau-double-darmes\/","og_locale":"de_DE","og_type":"article","og_title":"H\u00e4ngeleuchte Hartau Double - Darmes","og_description":"Deckenleuchte Hartau Double von Darmes. Handgefertigt in Kanada. Eine einzigartige Identit\u00e4t und auf Kundenwunsch anpassbar.","og_url":"https:\/\/ekkla.ch\/de\/produit\/hangeleuchte-hartau-double-darmes\/","og_site_name":"Ekkla","article_modified_time":"2025-03-14T09:55:48+00:00","og_image":[{"width":1081,"height":1081,"url":"https:\/\/ekkla.ch\/wp-content\/uploads\/2020\/06\/b.png","type":"image\/png"}],"twitter_card":"summary_large_image","twitter_misc":{"Gesch\u00e4tzte Lesezeit":"1\u00a0Minute"},"schema":{"@context":"https:\/\/schema.org","@graph":[{"@type":"WebPage","@id":"https:\/\/ekkla.ch\/de\/produit\/hangeleuchte-hartau-double-darmes\/","url":"https:\/\/ekkla.ch\/de\/produit\/hangeleuchte-hartau-double-darmes\/","name":"Darmes | H\u00e4ngeleuchte Hartau Double | Hochwertige Qualit\u00e4t | Ekkla","isPartOf":{"@id":"https:\/\/ekkla.ch\/#website"},"primaryImageOfPage":{"@id":"https:\/\/ekkla.ch\/de\/produit\/hangeleuchte-hartau-double-darmes\/#primaryimage"},"image":{"@id":"https:\/\/ekkla.ch\/de\/produit\/hangeleuchte-hartau-double-darmes\/#primaryimage"},"thumbnailUrl":"https:\/\/ekkla.ch\/wp-content\/uploads\/2020\/06\/ekkla-darmes-suspension-Hartau-double.jpg","datePublished":"2020-06-03T14:34:49+00:00","dateModified":"2025-03-14T09:55:48+00:00","description":"Deckenleuchte Hartau Double von Darmes. Handgefertigt in Kanada. Eine einzigartige Identit\u00e4t und auf Kundenwunsch anpassbar.","breadcrumb":{"@id":"https:\/\/ekkla.ch\/de\/produit\/hangeleuchte-hartau-double-darmes\/#breadcrumb"},"inLanguage":"de","potentialAction":[{"@type":"ReadAction","target":["https:\/\/ekkla.ch\/de\/produit\/hangeleuchte-hartau-double-darmes\/"]}]},{"@type":"ImageObject","inLanguage":"de","@id":"https:\/\/ekkla.ch\/de\/produit\/hangeleuchte-hartau-double-darmes\/#primaryimage","url":"https:\/\/ekkla.ch\/wp-content\/uploads\/2020\/06\/ekkla-darmes-suspension-Hartau-double.jpg","contentUrl":"https:\/\/ekkla.ch\/wp-content\/uploads\/2020\/06\/ekkla-darmes-suspension-Hartau-double.jpg","width":1000,"height":1000},{"@type":"BreadcrumbList","@id":"https:\/\/ekkla.ch\/de\/produit\/hangeleuchte-hartau-double-darmes\/#breadcrumb","itemListElement":[{"@type":"ListItem","position":1,"name":"Home","item":"https:\/\/ekkla.ch\/de\/"},{"@type":"ListItem","position":2,"name":"Shop","item":"https:\/\/ekkla.ch\/de\/shop\/"},{"@type":"ListItem","position":3,"name":"H\u00e4ngeleuchte Hartau Double - Darmes"}]},{"@type":"WebSite","@id":"https:\/\/ekkla.ch\/#website","url":"https:\/\/ekkla.ch\/","name":"Ekkla","description":"Der Onlineshop f\u00fcr Beleuchtung","publisher":{"@id":"https:\/\/ekkla.ch\/#organization"},"potentialAction":[{"@type":"SearchAction","target":{"@type":"EntryPoint","urlTemplate":"https:\/\/ekkla.ch\/?s={search_term_string}"},"query-input":"required name=search_term_string"}],"inLanguage":"de"},{"@type":"Organization","@id":"https:\/\/ekkla.ch\/#organization","name":"Ekkla","url":"https:\/\/ekkla.ch\/","logo":{"@type":"ImageObject","inLanguage":"de","@id":"https:\/\/ekkla.ch\/#\/schema\/logo\/image\/","url":"http:\/\/ekkla.ch\/wp-content\/uploads\/2019\/07\/logo-1.svg","contentUrl":"http:\/\/ekkla.ch\/wp-content\/uploads\/2019\/07\/logo-1.svg","width":1,"height":1,"caption":"Ekkla"},"image":{"@id":"https:\/\/ekkla.ch\/#\/schema\/logo\/image\/"},"sameAs":["https:\/\/www.instagram.com\/ekkla_light\/"]}]}},"_links":{"self":[{"href":"https:\/\/ekkla.ch\/de\/wp-json\/wp\/v2\/product\/141317"}],"collection":[{"href":"https:\/\/ekkla.ch\/de\/wp-json\/wp\/v2\/product"}],"about":[{"href":"https:\/\/ekkla.ch\/de\/wp-json\/wp\/v2\/types\/product"}],"wp:featuredmedia":[{"embeddable":true,"href":"https:\/\/ekkla.ch\/de\/wp-json\/wp\/v2\/media\/207321"}],"wp:attachment":[{"href":"https:\/\/ekkla.ch\/de\/wp-json\/wp\/v2\/media?parent=141317"}],"wp:term":[{"taxonomy":"product_cat","embeddable":true,"href":"https:\/\/ekkla.ch\/de\/wp-json\/wp\/v2\/product_cat?post=141317"},{"taxonomy":"product_tag","embeddable":true,"href":"https:\/\/ekkla.ch\/de\/wp-json\/wp\/v2\/product_tag?post=141317"}],"curies":[{"name":"wp","href":"https:\/\/api.w.org\/{rel}","templated":true}]}}