{"id":141320,"date":"2020-06-03T15:49:40","date_gmt":"2020-06-03T13:49:40","guid":{"rendered":"https:\/\/ekkla.ch\/produit\/wandleuchte-ce-small-gold-12k-grun-grau-darmes\/"},"modified":"2025-03-14T10:58:49","modified_gmt":"2025-03-14T09:58:49","slug":"wandleuchte-ce-small-gold-12k-grun-grau-darmes","status":"publish","type":"product","link":"https:\/\/ekkla.ch\/de\/produit\/wandleuchte-ce-small-gold-12k-grun-grau-darmes\/","title":{"rendered":"Wandleuchte C\u00e9 Petite Long &#8211; Gold 12K &#8211; gr\u00fcn-grau &#8211; Darmes"},"content":{"rendered":"<p>Dank ihrer kompakteren Gr\u00f6sse bringt C\u00e9 Petite Long reine und weiche Kurven in alle R\u00e4ume. Die geraden Fransen kontrastieren mit der ged\u00e4mpften Atmosph\u00e4re des Lichts, das sie filtern. C\u00e9 Long ist somit ein harmonisches, wundersch\u00f6nes Kunstwerk, was den elegantesten R\u00e4umen der Welt gerecht wird.<\/p>\n<p>C\u00e9 bringt die traditionelle Assoziation zwischen Fransen und Beleuchtung ins Wanken, und zeigt sich hier als neu interpretierter Klassiker. Die C\u00e9-Kollektion ist inspiriert von Kekrops, dem Gr\u00fcnder Athens und wohl erstem Einheimischen der Stadt, gem\u00e4ss der griechischen Mythologie. Er sei mit einem K\u00f6rper geboren, der halb Mensch und halb Schlange war. Die Fransen erinnern an die fliessende Bewegung der Schlange, und die Scheibe spiegelt unser Gesicht und f\u00fchrt uns somit zu unseren Wurzeln zur\u00fcck. Die menschen\u00e4hnliche Form an der Wand sowie das ged\u00e4mpfte Licht, das durch die Fransen erzeugt wird, f\u00fcllen den Raum mit einem tiefen Pr\u00e4senz-Gef\u00fchl. Die Wandleuchte C\u00e9 ist sozusagen eine Hommage an die ersten V\u00f6lker.<\/p>\n<p>C\u00e9 ist definitiv das unverwechselbare Herzst\u00fcck in Ihrem Zuhause! Die Fransen filtern das Licht und schaffen so eine warme, gem\u00fctliche Atmosph\u00e4re. C\u00e9 Petite passt somit ausgezeichnet in ein Schlaf-, Wohn- oder Esszimmer.<\/p>\n<p>Durch die Handfertigung der Leuchte in Kanada muss mit einer Lieferzeit von circa 5 bis 7 Wochen gerechnet werden.<\/p>\n<p><i>Dieses Modell kann kundenspezifisch angepasst werden. F\u00fcr zus\u00e4tzliche Informationen helfen wir Ihnen sehr gerne per E-Mail weiter: <\/i><a style=\"font-style: italic;\" href=\"mailto:eclaire-moi@ekkla.ch\">eclaire-moi@ekkla.ch<\/a><\/p>\n<blockquote>\n<h2 style=\"text-align: left;\">Merkmale &amp; Eigenschaften<\/h2>\n<p><strong>Marke<\/strong> Darmes<\/p>\n<p style=\"text-align: left;\"><strong>Farben\u00a0<\/strong>Gold | Gr\u00fcn-grau<\/p>\n<p style=\"text-align: left;\"><strong>Materialien<\/strong>\u00a0Gold 12K | Textil<\/p>\n<p style=\"text-align: left;\"><strong>Stromversorgung<\/strong>\u00a0Integrierte LED 9.5W<\/p>\n<p><strong>Leistung (lm)<\/strong> 800 (dimmbar)<\/p>\n<p><strong>Farbtemperatur<\/strong>\u00a0<strong>(k)<\/strong> 3000<\/p>\n<p style=\"text-align: left;\"><strong>H\u00f6he (cm)<\/strong>\u00a086.5<\/p>\n<p><strong>Breite (cm)<\/strong> 16.5<\/p>\n<p><strong>Tiefe (cm)<\/strong> 9.9<\/p><\/blockquote>\n","protected":false},"excerpt":{"rendered":"<p>Dank ihrer kompakteren Gr\u00f6sse bringt C\u00e9 Petite Long reine und weiche Kurven in alle R\u00e4ume. Die geraden Fransen kontrastieren mit der ged\u00e4mpften Atmosph\u00e4re des Lichts, das sie filtern. C\u00e9 Long ist somit ein harmonisches, wundersch\u00f6nes Kunstwerk, was den elegantesten R\u00e4umen der Welt gerecht wird. C\u00e9 bringt die traditionelle Assoziation zwischen Fransen und Beleuchtung ins Wanken, [&hellip;]<\/p>\n","protected":false},"featured_media":189790,"template":"","meta":{"_acf_changed":false,"om_disable_all_campaigns":false},"product_cat":[286],"product_tag":[1256,1265,801],"bundled_by":[],"bundle_stock_status":"onbackorder","bundle_stock_quantity":null,"bundle_virtual":false,"bundle_layout":"","bundle_add_to_cart_form_location":"","bundle_editable_in_cart":false,"bundle_sold_individually_context":"","bundle_item_grouping":"","bundle_min_size":"","bundle_max_size":"","bundle_price":[],"bundled_items":[],"bundle_sell_ids":[],"acf":[],"yoast_head":"<!-- This site is optimized with the Yoast SEO Premium plugin v22.2 (Yoast SEO v22.8) - https:\/\/yoast.com\/wordpress\/plugins\/seo\/ -->\n<title>Darmes | Wandleuchte C\u00e9 Long | Hochwertige Qualit\u00e4t | Ekkla<\/title>\n<meta name=\"description\" content=\"Die Wandleuchte C\u00e9 Long ist ein aussergew\u00f6hnliches Modell von h\u00f6chster Qualit\u00e4t. Handgefertigt, modernes Design und integrierte LED.\" \/>\n<meta name=\"robots\" content=\"index, follow, max-snippet:-1, max-image-preview:large, max-video-preview:-1\" \/>\n<link rel=\"canonical\" href=\"https:\/\/ekkla.ch\/de\/produit\/wandleuchte-ce-small-gold-12k-grun-grau-darmes\/\" \/>\n<meta property=\"og:locale\" content=\"de_DE\" \/>\n<meta property=\"og:type\" content=\"article\" \/>\n<meta property=\"og:title\" content=\"Wandleuchte C\u00e9 Petite Long - Gold 12K - gr\u00fcn-grau - Darmes\" \/>\n<meta property=\"og:description\" content=\"Die Wandleuchte C\u00e9 Long ist ein aussergew\u00f6hnliches Modell von h\u00f6chster Qualit\u00e4t. Handgefertigt, modernes Design und integrierte LED.\" \/>\n<meta property=\"og:url\" content=\"https:\/\/ekkla.ch\/de\/produit\/wandleuchte-ce-small-gold-12k-grun-grau-darmes\/\" \/>\n<meta property=\"og:site_name\" content=\"Ekkla\" \/>\n<meta property=\"article:modified_time\" content=\"2025-03-14T09:58:49+00:00\" \/>\n<meta property=\"og:image\" content=\"https:\/\/ekkla.ch\/wp-content\/uploads\/2019\/12\/Applique-murale-Ce-Petite-Long-Or-12K-vert-gris-DArmes.jpg\" \/>\n\t<meta property=\"og:image:width\" content=\"900\" \/>\n\t<meta property=\"og:image:height\" content=\"900\" \/>\n\t<meta property=\"og:image:type\" content=\"image\/jpeg\" \/>\n<meta name=\"twitter:card\" content=\"summary_large_image\" \/>\n<meta name=\"twitter:label1\" content=\"Gesch\u00e4tzte Lesezeit\" \/>\n\t<meta name=\"twitter:data1\" content=\"2\u00a0Minuten\" \/>\n<script type=\"application\/ld+json\" class=\"yoast-schema-graph\">{\"@context\":\"https:\/\/schema.org\",\"@graph\":[{\"@type\":\"WebPage\",\"@id\":\"https:\/\/ekkla.ch\/de\/produit\/wandleuchte-ce-small-gold-12k-grun-grau-darmes\/\",\"url\":\"https:\/\/ekkla.ch\/de\/produit\/wandleuchte-ce-small-gold-12k-grun-grau-darmes\/\",\"name\":\"Darmes | Wandleuchte C\u00e9 Long | Hochwertige Qualit\u00e4t | Ekkla\",\"isPartOf\":{\"@id\":\"https:\/\/ekkla.ch\/#website\"},\"primaryImageOfPage\":{\"@id\":\"https:\/\/ekkla.ch\/de\/produit\/wandleuchte-ce-small-gold-12k-grun-grau-darmes\/#primaryimage\"},\"image\":{\"@id\":\"https:\/\/ekkla.ch\/de\/produit\/wandleuchte-ce-small-gold-12k-grun-grau-darmes\/#primaryimage\"},\"thumbnailUrl\":\"https:\/\/ekkla.ch\/wp-content\/uploads\/2019\/12\/Applique-murale-Ce-Petite-Long-Or-12K-vert-gris-DArmes.jpg\",\"datePublished\":\"2020-06-03T13:49:40+00:00\",\"dateModified\":\"2025-03-14T09:58:49+00:00\",\"description\":\"Die Wandleuchte C\u00e9 Long ist ein aussergew\u00f6hnliches Modell von h\u00f6chster Qualit\u00e4t. Handgefertigt, modernes Design und integrierte LED.\",\"breadcrumb\":{\"@id\":\"https:\/\/ekkla.ch\/de\/produit\/wandleuchte-ce-small-gold-12k-grun-grau-darmes\/#breadcrumb\"},\"inLanguage\":\"de\",\"potentialAction\":[{\"@type\":\"ReadAction\",\"target\":[\"https:\/\/ekkla.ch\/de\/produit\/wandleuchte-ce-small-gold-12k-grun-grau-darmes\/\"]}]},{\"@type\":\"ImageObject\",\"inLanguage\":\"de\",\"@id\":\"https:\/\/ekkla.ch\/de\/produit\/wandleuchte-ce-small-gold-12k-grun-grau-darmes\/#primaryimage\",\"url\":\"https:\/\/ekkla.ch\/wp-content\/uploads\/2019\/12\/Applique-murale-Ce-Petite-Long-Or-12K-vert-gris-DArmes.jpg\",\"contentUrl\":\"https:\/\/ekkla.ch\/wp-content\/uploads\/2019\/12\/Applique-murale-Ce-Petite-Long-Or-12K-vert-gris-DArmes.jpg\",\"width\":900,\"height\":900},{\"@type\":\"BreadcrumbList\",\"@id\":\"https:\/\/ekkla.ch\/de\/produit\/wandleuchte-ce-small-gold-12k-grun-grau-darmes\/#breadcrumb\",\"itemListElement\":[{\"@type\":\"ListItem\",\"position\":1,\"name\":\"Home\",\"item\":\"https:\/\/ekkla.ch\/de\/\"},{\"@type\":\"ListItem\",\"position\":2,\"name\":\"Shop\",\"item\":\"https:\/\/ekkla.ch\/de\/shop\/\"},{\"@type\":\"ListItem\",\"position\":3,\"name\":\"Wandleuchte C\u00e9 Petite Long - Gold 12K - gr\u00fcn-grau - Darmes\"}]},{\"@type\":\"WebSite\",\"@id\":\"https:\/\/ekkla.ch\/#website\",\"url\":\"https:\/\/ekkla.ch\/\",\"name\":\"Ekkla\",\"description\":\"Der Onlineshop f\u00fcr Beleuchtung\",\"publisher\":{\"@id\":\"https:\/\/ekkla.ch\/#organization\"},\"potentialAction\":[{\"@type\":\"SearchAction\",\"target\":{\"@type\":\"EntryPoint\",\"urlTemplate\":\"https:\/\/ekkla.ch\/?s={search_term_string}\"},\"query-input\":\"required name=search_term_string\"}],\"inLanguage\":\"de\"},{\"@type\":\"Organization\",\"@id\":\"https:\/\/ekkla.ch\/#organization\",\"name\":\"Ekkla\",\"url\":\"https:\/\/ekkla.ch\/\",\"logo\":{\"@type\":\"ImageObject\",\"inLanguage\":\"de\",\"@id\":\"https:\/\/ekkla.ch\/#\/schema\/logo\/image\/\",\"url\":\"http:\/\/ekkla.ch\/wp-content\/uploads\/2019\/07\/logo-1.svg\",\"contentUrl\":\"http:\/\/ekkla.ch\/wp-content\/uploads\/2019\/07\/logo-1.svg\",\"width\":1,\"height\":1,\"caption\":\"Ekkla\"},\"image\":{\"@id\":\"https:\/\/ekkla.ch\/#\/schema\/logo\/image\/\"},\"sameAs\":[\"https:\/\/www.instagram.com\/ekkla_light\/\"]}]}<\/script>\n<!-- \/ Yoast SEO Premium plugin. -->","yoast_head_json":{"title":"Darmes | Wandleuchte C\u00e9 Long | Hochwertige Qualit\u00e4t | Ekkla","description":"Die Wandleuchte C\u00e9 Long ist ein aussergew\u00f6hnliches Modell von h\u00f6chster Qualit\u00e4t. Handgefertigt, modernes Design und integrierte LED.","robots":{"index":"index","follow":"follow","max-snippet":"max-snippet:-1","max-image-preview":"max-image-preview:large","max-video-preview":"max-video-preview:-1"},"canonical":"https:\/\/ekkla.ch\/de\/produit\/wandleuchte-ce-small-gold-12k-grun-grau-darmes\/","og_locale":"de_DE","og_type":"article","og_title":"Wandleuchte C\u00e9 Petite Long - Gold 12K - gr\u00fcn-grau - Darmes","og_description":"Die Wandleuchte C\u00e9 Long ist ein aussergew\u00f6hnliches Modell von h\u00f6chster Qualit\u00e4t. Handgefertigt, modernes Design und integrierte LED.","og_url":"https:\/\/ekkla.ch\/de\/produit\/wandleuchte-ce-small-gold-12k-grun-grau-darmes\/","og_site_name":"Ekkla","article_modified_time":"2025-03-14T09:58:49+00:00","og_image":[{"width":900,"height":900,"url":"https:\/\/ekkla.ch\/wp-content\/uploads\/2019\/12\/Applique-murale-Ce-Petite-Long-Or-12K-vert-gris-DArmes.jpg","type":"image\/jpeg"}],"twitter_card":"summary_large_image","twitter_misc":{"Gesch\u00e4tzte Lesezeit":"2\u00a0Minuten"},"schema":{"@context":"https:\/\/schema.org","@graph":[{"@type":"WebPage","@id":"https:\/\/ekkla.ch\/de\/produit\/wandleuchte-ce-small-gold-12k-grun-grau-darmes\/","url":"https:\/\/ekkla.ch\/de\/produit\/wandleuchte-ce-small-gold-12k-grun-grau-darmes\/","name":"Darmes | Wandleuchte C\u00e9 Long | Hochwertige Qualit\u00e4t | Ekkla","isPartOf":{"@id":"https:\/\/ekkla.ch\/#website"},"primaryImageOfPage":{"@id":"https:\/\/ekkla.ch\/de\/produit\/wandleuchte-ce-small-gold-12k-grun-grau-darmes\/#primaryimage"},"image":{"@id":"https:\/\/ekkla.ch\/de\/produit\/wandleuchte-ce-small-gold-12k-grun-grau-darmes\/#primaryimage"},"thumbnailUrl":"https:\/\/ekkla.ch\/wp-content\/uploads\/2019\/12\/Applique-murale-Ce-Petite-Long-Or-12K-vert-gris-DArmes.jpg","datePublished":"2020-06-03T13:49:40+00:00","dateModified":"2025-03-14T09:58:49+00:00","description":"Die Wandleuchte C\u00e9 Long ist ein aussergew\u00f6hnliches Modell von h\u00f6chster Qualit\u00e4t. Handgefertigt, modernes Design und integrierte LED.","breadcrumb":{"@id":"https:\/\/ekkla.ch\/de\/produit\/wandleuchte-ce-small-gold-12k-grun-grau-darmes\/#breadcrumb"},"inLanguage":"de","potentialAction":[{"@type":"ReadAction","target":["https:\/\/ekkla.ch\/de\/produit\/wandleuchte-ce-small-gold-12k-grun-grau-darmes\/"]}]},{"@type":"ImageObject","inLanguage":"de","@id":"https:\/\/ekkla.ch\/de\/produit\/wandleuchte-ce-small-gold-12k-grun-grau-darmes\/#primaryimage","url":"https:\/\/ekkla.ch\/wp-content\/uploads\/2019\/12\/Applique-murale-Ce-Petite-Long-Or-12K-vert-gris-DArmes.jpg","contentUrl":"https:\/\/ekkla.ch\/wp-content\/uploads\/2019\/12\/Applique-murale-Ce-Petite-Long-Or-12K-vert-gris-DArmes.jpg","width":900,"height":900},{"@type":"BreadcrumbList","@id":"https:\/\/ekkla.ch\/de\/produit\/wandleuchte-ce-small-gold-12k-grun-grau-darmes\/#breadcrumb","itemListElement":[{"@type":"ListItem","position":1,"name":"Home","item":"https:\/\/ekkla.ch\/de\/"},{"@type":"ListItem","position":2,"name":"Shop","item":"https:\/\/ekkla.ch\/de\/shop\/"},{"@type":"ListItem","position":3,"name":"Wandleuchte C\u00e9 Petite Long - Gold 12K - gr\u00fcn-grau - Darmes"}]},{"@type":"WebSite","@id":"https:\/\/ekkla.ch\/#website","url":"https:\/\/ekkla.ch\/","name":"Ekkla","description":"Der Onlineshop f\u00fcr Beleuchtung","publisher":{"@id":"https:\/\/ekkla.ch\/#organization"},"potentialAction":[{"@type":"SearchAction","target":{"@type":"EntryPoint","urlTemplate":"https:\/\/ekkla.ch\/?s={search_term_string}"},"query-input":"required name=search_term_string"}],"inLanguage":"de"},{"@type":"Organization","@id":"https:\/\/ekkla.ch\/#organization","name":"Ekkla","url":"https:\/\/ekkla.ch\/","logo":{"@type":"ImageObject","inLanguage":"de","@id":"https:\/\/ekkla.ch\/#\/schema\/logo\/image\/","url":"http:\/\/ekkla.ch\/wp-content\/uploads\/2019\/07\/logo-1.svg","contentUrl":"http:\/\/ekkla.ch\/wp-content\/uploads\/2019\/07\/logo-1.svg","width":1,"height":1,"caption":"Ekkla"},"image":{"@id":"https:\/\/ekkla.ch\/#\/schema\/logo\/image\/"},"sameAs":["https:\/\/www.instagram.com\/ekkla_light\/"]}]}},"_links":{"self":[{"href":"https:\/\/ekkla.ch\/de\/wp-json\/wp\/v2\/product\/141320"}],"collection":[{"href":"https:\/\/ekkla.ch\/de\/wp-json\/wp\/v2\/product"}],"about":[{"href":"https:\/\/ekkla.ch\/de\/wp-json\/wp\/v2\/types\/product"}],"wp:featuredmedia":[{"embeddable":true,"href":"https:\/\/ekkla.ch\/de\/wp-json\/wp\/v2\/media\/189790"}],"wp:attachment":[{"href":"https:\/\/ekkla.ch\/de\/wp-json\/wp\/v2\/media?parent=141320"}],"wp:term":[{"taxonomy":"product_cat","embeddable":true,"href":"https:\/\/ekkla.ch\/de\/wp-json\/wp\/v2\/product_cat?post=141320"},{"taxonomy":"product_tag","embeddable":true,"href":"https:\/\/ekkla.ch\/de\/wp-json\/wp\/v2\/product_tag?post=141320"}],"curies":[{"name":"wp","href":"https:\/\/api.w.org\/{rel}","templated":true}]}}