{"id":144158,"date":"2021-09-29T15:13:10","date_gmt":"2021-09-29T13:13:10","guid":{"rendered":"https:\/\/ekkla.ch\/?post_type=product&#038;p=144158"},"modified":"2024-08-26T09:30:34","modified_gmt":"2024-08-26T07:30:34","slug":"kabellose-leuchte-mini-planet-kristall-led-%e2%88%85-16-cm-dimmer-kartell","status":"publish","type":"product","link":"https:\/\/ekkla.ch\/de\/produit\/kabellose-leuchte-mini-planet-kristall-led-%e2%88%85-16-cm-dimmer-kartell\/","title":{"rendered":"Kabellose Leuchte MINI PLANET &#8211; kristall &#8211; LED \u2205 16 cm &#8211; Dimmer &#8211; Kartell"},"content":{"rendered":"<p>Mini Planet ist ein kleines, leistungsstarkes und wiederaufladbares Stimmungslicht. Mit ihrer facettenreichen Form funkelt diese Kugel wie ein leuchtender Stern und erzeugt faszinierende Reflexionen. Die Mini Planet ist modern und schick, sehr leicht und damit einfach zu transportieren. Mit dem ber\u00fchrungsempfindlichen Dimmer l\u00e4sst sich das Licht ganz einfach auf drei verschiedene Intensit\u00e4tsstufen einstellen und passt sich so der gew\u00fcnschten Stimmung an. Die hohe Stromautonomie betr\u00e4gt je nach Lichtintensit\u00e4t bis zu 21 Stunden. Die Leuchte schafft eine angenehme Atmosph\u00e4re, ob als Nachttischlampe oder als dekorative Leuchte.<\/p>\n<blockquote>\n<h2 style=\"text-align: left;\">Merkmale &amp; Eigenschaften<\/h2>\n<p><strong>Marke<\/strong> Kartell<\/p>\n<p style=\"text-align: left;\"><strong>Farbe<\/strong>\u00a0Transparent<\/p>\n<p style=\"text-align: left;\"><strong>Material<\/strong> Metallisiertes thermoplastisches Technopolymer<\/p>\n<p style=\"text-align: left;\"><strong>Stromversorgung<\/strong> LED &#8211; Integrierte Batterie (USB-Ladekabel inbegriffen)<\/p>\n<p><strong>Farbtemperatur (K) <\/strong>2700<\/p>\n<p><strong>Schutzart (IP)<\/strong> 20<\/p>\n<p><strong>Durchmesser (cm) <\/strong>16<\/p>\n<p><strong>H\u00f6he (cm) <\/strong>14.2<\/p>\n<p><strong>Gewicht (kg)<\/strong> 0.5<\/p><\/blockquote>\n","protected":false},"excerpt":{"rendered":"<p>Mini Planet ist ein kleines, leistungsstarkes und wiederaufladbares Stimmungslicht. Mit ihrer facettenreichen Form funkelt diese Kugel wie ein leuchtender Stern und erzeugt faszinierende Reflexionen. Die Mini Planet ist modern und schick, sehr leicht und damit einfach zu transportieren. Mit dem ber\u00fchrungsempfindlichen Dimmer l\u00e4sst sich das Licht ganz einfach auf drei verschiedene Intensit\u00e4tsstufen einstellen und passt [&hellip;]<\/p>\n","protected":false},"featured_media":144228,"template":"","meta":{"_acf_changed":false,"om_disable_all_campaigns":false},"product_cat":[290],"product_tag":[1258,760,896,1188,801,1203,816,838,1109,883,653,704,920,1209,1092,730],"bundled_by":[],"bundle_stock_status":"onbackorder","bundle_stock_quantity":0,"bundle_virtual":false,"bundle_layout":"","bundle_add_to_cart_form_location":"","bundle_editable_in_cart":false,"bundle_sold_individually_context":"","bundle_item_grouping":"","bundle_min_size":"","bundle_max_size":"","bundle_price":[],"bundled_items":[],"bundle_sell_ids":[],"acf":[],"yoast_head":"<!-- This site is optimized with the Yoast SEO Premium plugin v22.2 (Yoast SEO v22.8) - https:\/\/yoast.com\/wordpress\/plugins\/seo\/ -->\n<title>Kartell | Kabellose Leuchte Mini Planet LED \u220516 | Ekkla<\/title>\n<meta name=\"description\" content=\"Kabellose Leuchte Kartell Mini Planet transparent. LED-Lichtquelle mit Dimmer f\u00fcr verschiedene Lichtintensit\u00e4ten. Batterie und USB-Ladekabel inbegriffen.\" \/>\n<meta name=\"robots\" content=\"index, follow, max-snippet:-1, max-image-preview:large, max-video-preview:-1\" \/>\n<link rel=\"canonical\" href=\"https:\/\/ekkla.ch\/de\/produit\/kabellose-leuchte-mini-planet-kristall-led-\u2205-16-cm-dimmer-kartell\/\" \/>\n<meta property=\"og:locale\" content=\"de_DE\" \/>\n<meta property=\"og:type\" content=\"article\" \/>\n<meta property=\"og:title\" content=\"Kabellose Leuchte MINI PLANET - kristall - LED \u2205 16 cm - Dimmer - Kartell\" \/>\n<meta property=\"og:description\" content=\"Kabellose Leuchte Kartell Mini Planet transparent. LED-Lichtquelle mit Dimmer f\u00fcr verschiedene Lichtintensit\u00e4ten. Batterie und USB-Ladekabel inbegriffen.\" \/>\n<meta property=\"og:url\" content=\"https:\/\/ekkla.ch\/de\/produit\/kabellose-leuchte-mini-planet-kristall-led-\u2205-16-cm-dimmer-kartell\/\" \/>\n<meta property=\"og:site_name\" content=\"Ekkla\" \/>\n<meta property=\"article:modified_time\" content=\"2024-08-26T07:30:34+00:00\" \/>\n<meta property=\"og:image\" content=\"https:\/\/ekkla.ch\/wp-content\/uploads\/2021\/09\/Ekkla-light-kartell-mini-planet_0002_Calque-6.jpg\" \/>\n\t<meta property=\"og:image:width\" content=\"900\" \/>\n\t<meta property=\"og:image:height\" content=\"900\" \/>\n\t<meta property=\"og:image:type\" content=\"image\/jpeg\" \/>\n<meta name=\"twitter:card\" content=\"summary_large_image\" \/>\n<meta name=\"twitter:label1\" content=\"Gesch\u00e4tzte Lesezeit\" \/>\n\t<meta name=\"twitter:data1\" content=\"1\u00a0Minute\" \/>\n<script type=\"application\/ld+json\" class=\"yoast-schema-graph\">{\"@context\":\"https:\/\/schema.org\",\"@graph\":[{\"@type\":\"WebPage\",\"@id\":\"https:\/\/ekkla.ch\/de\/produit\/kabellose-leuchte-mini-planet-kristall-led-%e2%88%85-16-cm-dimmer-kartell\/\",\"url\":\"https:\/\/ekkla.ch\/de\/produit\/kabellose-leuchte-mini-planet-kristall-led-%e2%88%85-16-cm-dimmer-kartell\/\",\"name\":\"Kartell | Kabellose Leuchte Mini Planet LED \u220516 | Ekkla\",\"isPartOf\":{\"@id\":\"https:\/\/ekkla.ch\/#website\"},\"primaryImageOfPage\":{\"@id\":\"https:\/\/ekkla.ch\/de\/produit\/kabellose-leuchte-mini-planet-kristall-led-%e2%88%85-16-cm-dimmer-kartell\/#primaryimage\"},\"image\":{\"@id\":\"https:\/\/ekkla.ch\/de\/produit\/kabellose-leuchte-mini-planet-kristall-led-%e2%88%85-16-cm-dimmer-kartell\/#primaryimage\"},\"thumbnailUrl\":\"https:\/\/ekkla.ch\/wp-content\/uploads\/2021\/09\/Ekkla-light-kartell-mini-planet_0002_Calque-6.jpg\",\"datePublished\":\"2021-09-29T13:13:10+00:00\",\"dateModified\":\"2024-08-26T07:30:34+00:00\",\"description\":\"Kabellose Leuchte Kartell Mini Planet transparent. LED-Lichtquelle mit Dimmer f\u00fcr verschiedene Lichtintensit\u00e4ten. Batterie und USB-Ladekabel inbegriffen.\",\"breadcrumb\":{\"@id\":\"https:\/\/ekkla.ch\/de\/produit\/kabellose-leuchte-mini-planet-kristall-led-%e2%88%85-16-cm-dimmer-kartell\/#breadcrumb\"},\"inLanguage\":\"de\",\"potentialAction\":[{\"@type\":\"ReadAction\",\"target\":[\"https:\/\/ekkla.ch\/de\/produit\/kabellose-leuchte-mini-planet-kristall-led-%e2%88%85-16-cm-dimmer-kartell\/\"]}]},{\"@type\":\"ImageObject\",\"inLanguage\":\"de\",\"@id\":\"https:\/\/ekkla.ch\/de\/produit\/kabellose-leuchte-mini-planet-kristall-led-%e2%88%85-16-cm-dimmer-kartell\/#primaryimage\",\"url\":\"https:\/\/ekkla.ch\/wp-content\/uploads\/2021\/09\/Ekkla-light-kartell-mini-planet_0002_Calque-6.jpg\",\"contentUrl\":\"https:\/\/ekkla.ch\/wp-content\/uploads\/2021\/09\/Ekkla-light-kartell-mini-planet_0002_Calque-6.jpg\",\"width\":900,\"height\":900},{\"@type\":\"BreadcrumbList\",\"@id\":\"https:\/\/ekkla.ch\/de\/produit\/kabellose-leuchte-mini-planet-kristall-led-%e2%88%85-16-cm-dimmer-kartell\/#breadcrumb\",\"itemListElement\":[{\"@type\":\"ListItem\",\"position\":1,\"name\":\"Home\",\"item\":\"https:\/\/ekkla.ch\/de\/\"},{\"@type\":\"ListItem\",\"position\":2,\"name\":\"Shop\",\"item\":\"https:\/\/ekkla.ch\/de\/shop\/\"},{\"@type\":\"ListItem\",\"position\":3,\"name\":\"Kabellose Leuchte MINI PLANET &#8211; kristall &#8211; LED \u2205 16 cm &#8211; Dimmer &#8211; Kartell\"}]},{\"@type\":\"WebSite\",\"@id\":\"https:\/\/ekkla.ch\/#website\",\"url\":\"https:\/\/ekkla.ch\/\",\"name\":\"Ekkla\",\"description\":\"Der Onlineshop f\u00fcr Beleuchtung\",\"publisher\":{\"@id\":\"https:\/\/ekkla.ch\/#organization\"},\"potentialAction\":[{\"@type\":\"SearchAction\",\"target\":{\"@type\":\"EntryPoint\",\"urlTemplate\":\"https:\/\/ekkla.ch\/?s={search_term_string}\"},\"query-input\":\"required name=search_term_string\"}],\"inLanguage\":\"de\"},{\"@type\":\"Organization\",\"@id\":\"https:\/\/ekkla.ch\/#organization\",\"name\":\"Ekkla\",\"url\":\"https:\/\/ekkla.ch\/\",\"logo\":{\"@type\":\"ImageObject\",\"inLanguage\":\"de\",\"@id\":\"https:\/\/ekkla.ch\/#\/schema\/logo\/image\/\",\"url\":\"http:\/\/ekkla.ch\/wp-content\/uploads\/2019\/07\/logo-1.svg\",\"contentUrl\":\"http:\/\/ekkla.ch\/wp-content\/uploads\/2019\/07\/logo-1.svg\",\"width\":1,\"height\":1,\"caption\":\"Ekkla\"},\"image\":{\"@id\":\"https:\/\/ekkla.ch\/#\/schema\/logo\/image\/\"},\"sameAs\":[\"https:\/\/www.instagram.com\/ekkla_light\/\"]}]}<\/script>\n<!-- \/ Yoast SEO Premium plugin. -->","yoast_head_json":{"title":"Kartell | Kabellose Leuchte Mini Planet LED \u220516 | Ekkla","description":"Kabellose Leuchte Kartell Mini Planet transparent. LED-Lichtquelle mit Dimmer f\u00fcr verschiedene Lichtintensit\u00e4ten. Batterie und USB-Ladekabel inbegriffen.","robots":{"index":"index","follow":"follow","max-snippet":"max-snippet:-1","max-image-preview":"max-image-preview:large","max-video-preview":"max-video-preview:-1"},"canonical":"https:\/\/ekkla.ch\/de\/produit\/kabellose-leuchte-mini-planet-kristall-led-\u2205-16-cm-dimmer-kartell\/","og_locale":"de_DE","og_type":"article","og_title":"Kabellose Leuchte MINI PLANET - kristall - LED \u2205 16 cm - Dimmer - Kartell","og_description":"Kabellose Leuchte Kartell Mini Planet transparent. LED-Lichtquelle mit Dimmer f\u00fcr verschiedene Lichtintensit\u00e4ten. Batterie und USB-Ladekabel inbegriffen.","og_url":"https:\/\/ekkla.ch\/de\/produit\/kabellose-leuchte-mini-planet-kristall-led-\u2205-16-cm-dimmer-kartell\/","og_site_name":"Ekkla","article_modified_time":"2024-08-26T07:30:34+00:00","og_image":[{"width":900,"height":900,"url":"https:\/\/ekkla.ch\/wp-content\/uploads\/2021\/09\/Ekkla-light-kartell-mini-planet_0002_Calque-6.jpg","type":"image\/jpeg"}],"twitter_card":"summary_large_image","twitter_misc":{"Gesch\u00e4tzte Lesezeit":"1\u00a0Minute"},"schema":{"@context":"https:\/\/schema.org","@graph":[{"@type":"WebPage","@id":"https:\/\/ekkla.ch\/de\/produit\/kabellose-leuchte-mini-planet-kristall-led-%e2%88%85-16-cm-dimmer-kartell\/","url":"https:\/\/ekkla.ch\/de\/produit\/kabellose-leuchte-mini-planet-kristall-led-%e2%88%85-16-cm-dimmer-kartell\/","name":"Kartell | Kabellose Leuchte Mini Planet LED \u220516 | Ekkla","isPartOf":{"@id":"https:\/\/ekkla.ch\/#website"},"primaryImageOfPage":{"@id":"https:\/\/ekkla.ch\/de\/produit\/kabellose-leuchte-mini-planet-kristall-led-%e2%88%85-16-cm-dimmer-kartell\/#primaryimage"},"image":{"@id":"https:\/\/ekkla.ch\/de\/produit\/kabellose-leuchte-mini-planet-kristall-led-%e2%88%85-16-cm-dimmer-kartell\/#primaryimage"},"thumbnailUrl":"https:\/\/ekkla.ch\/wp-content\/uploads\/2021\/09\/Ekkla-light-kartell-mini-planet_0002_Calque-6.jpg","datePublished":"2021-09-29T13:13:10+00:00","dateModified":"2024-08-26T07:30:34+00:00","description":"Kabellose Leuchte Kartell Mini Planet transparent. LED-Lichtquelle mit Dimmer f\u00fcr verschiedene Lichtintensit\u00e4ten. Batterie und USB-Ladekabel inbegriffen.","breadcrumb":{"@id":"https:\/\/ekkla.ch\/de\/produit\/kabellose-leuchte-mini-planet-kristall-led-%e2%88%85-16-cm-dimmer-kartell\/#breadcrumb"},"inLanguage":"de","potentialAction":[{"@type":"ReadAction","target":["https:\/\/ekkla.ch\/de\/produit\/kabellose-leuchte-mini-planet-kristall-led-%e2%88%85-16-cm-dimmer-kartell\/"]}]},{"@type":"ImageObject","inLanguage":"de","@id":"https:\/\/ekkla.ch\/de\/produit\/kabellose-leuchte-mini-planet-kristall-led-%e2%88%85-16-cm-dimmer-kartell\/#primaryimage","url":"https:\/\/ekkla.ch\/wp-content\/uploads\/2021\/09\/Ekkla-light-kartell-mini-planet_0002_Calque-6.jpg","contentUrl":"https:\/\/ekkla.ch\/wp-content\/uploads\/2021\/09\/Ekkla-light-kartell-mini-planet_0002_Calque-6.jpg","width":900,"height":900},{"@type":"BreadcrumbList","@id":"https:\/\/ekkla.ch\/de\/produit\/kabellose-leuchte-mini-planet-kristall-led-%e2%88%85-16-cm-dimmer-kartell\/#breadcrumb","itemListElement":[{"@type":"ListItem","position":1,"name":"Home","item":"https:\/\/ekkla.ch\/de\/"},{"@type":"ListItem","position":2,"name":"Shop","item":"https:\/\/ekkla.ch\/de\/shop\/"},{"@type":"ListItem","position":3,"name":"Kabellose Leuchte MINI PLANET &#8211; kristall &#8211; LED \u2205 16 cm &#8211; Dimmer &#8211; Kartell"}]},{"@type":"WebSite","@id":"https:\/\/ekkla.ch\/#website","url":"https:\/\/ekkla.ch\/","name":"Ekkla","description":"Der Onlineshop f\u00fcr Beleuchtung","publisher":{"@id":"https:\/\/ekkla.ch\/#organization"},"potentialAction":[{"@type":"SearchAction","target":{"@type":"EntryPoint","urlTemplate":"https:\/\/ekkla.ch\/?s={search_term_string}"},"query-input":"required name=search_term_string"}],"inLanguage":"de"},{"@type":"Organization","@id":"https:\/\/ekkla.ch\/#organization","name":"Ekkla","url":"https:\/\/ekkla.ch\/","logo":{"@type":"ImageObject","inLanguage":"de","@id":"https:\/\/ekkla.ch\/#\/schema\/logo\/image\/","url":"http:\/\/ekkla.ch\/wp-content\/uploads\/2019\/07\/logo-1.svg","contentUrl":"http:\/\/ekkla.ch\/wp-content\/uploads\/2019\/07\/logo-1.svg","width":1,"height":1,"caption":"Ekkla"},"image":{"@id":"https:\/\/ekkla.ch\/#\/schema\/logo\/image\/"},"sameAs":["https:\/\/www.instagram.com\/ekkla_light\/"]}]}},"_links":{"self":[{"href":"https:\/\/ekkla.ch\/de\/wp-json\/wp\/v2\/product\/144158"}],"collection":[{"href":"https:\/\/ekkla.ch\/de\/wp-json\/wp\/v2\/product"}],"about":[{"href":"https:\/\/ekkla.ch\/de\/wp-json\/wp\/v2\/types\/product"}],"wp:featuredmedia":[{"embeddable":true,"href":"https:\/\/ekkla.ch\/de\/wp-json\/wp\/v2\/media\/144228"}],"wp:attachment":[{"href":"https:\/\/ekkla.ch\/de\/wp-json\/wp\/v2\/media?parent=144158"}],"wp:term":[{"taxonomy":"product_cat","embeddable":true,"href":"https:\/\/ekkla.ch\/de\/wp-json\/wp\/v2\/product_cat?post=144158"},{"taxonomy":"product_tag","embeddable":true,"href":"https:\/\/ekkla.ch\/de\/wp-json\/wp\/v2\/product_tag?post=144158"}],"curies":[{"name":"wp","href":"https:\/\/api.w.org\/{rel}","templated":true}]}}