{"id":145118,"date":"2021-09-15T09:49:29","date_gmt":"2021-09-15T07:49:29","guid":{"rendered":"https:\/\/ekkla.ch\/produit\/hangeleuchte-rivage-%e2%88%8558-beiges-varian-leinen-market-set-x-culture-in\/"},"modified":"2022-10-20T12:48:15","modified_gmt":"2022-10-20T10:48:15","slug":"hangeleuchte-rivage-%e2%88%8558-beiges-varian-leinen-market-set-x-culture-in","status":"publish","type":"product","link":"https:\/\/ekkla.ch\/de\/produit\/hangeleuchte-rivage-%e2%88%8558-beiges-varian-leinen-market-set-x-culture-in\/","title":{"rendered":"H\u00e4ngeleuchte Rivage S &#8211; Nat\u00fcrliches Varian\u00ae Leinen &#8211; \u220558 &#8211; Market Set x Culture IN"},"content":{"rendered":"<p>Die H\u00e4ngeleuchte RIVAGE ist das Ergebnis einer Zusammenarbeit zwischen Market Set und Culture iN. Letzteres Unternehmen hat ein aussergew\u00f6hnliches Material entwickelt, das auf franz\u00f6sischem Leinen basiert: das Varian\u00ae. RIVAGE ist eine umweltfreundlichen Kollektion, die Leinen mit PLA kombiniert, das aus Maisst\u00e4rke gewonnen wird.<\/p>\n<p>Dank seiner erstaunlichen strukturellen Eigenschaften kann der Stoffschirm unter W\u00e4rmeeinfluss geformt werden. Dies erm\u00f6glichte es, ein einzigartiges Design zu erhalten. Die sanften Wellungen erinnern an die Sandspuren, die entstehen, wenn sich das Meer zur\u00fcckzieht. Die von der Natur und der Atlantikk\u00fcste inspirierte Kollektion RIVAGE ist elegant, leicht und luftig. Sie kombiniert die nat\u00fcrlichen Farbt\u00f6ne von Leinen und massiver Eiche mit raffinierten Details in geb\u00fcrstetem Messing. Die Leuchte passt optimal \u00fcber einen Esstisch, in ein Wohnzimmer oder in ein Schlafzimmer. Gl\u00fchbirne nicht inbegriffen.<\/p>\n<blockquote>\n<h2 style=\"text-align: left;\">Merkmale &amp; Eigenschaften<\/h2>\n<p><strong>Marke<\/strong> Market Set<\/p>\n<p style=\"text-align: left;\"><strong>Farbe<\/strong> Beige<\/p>\n<p style=\"text-align: left;\"><strong>Materialien<\/strong>\u00a0Varian\u00ae Leinen<\/p>\n<p style=\"text-align: left;\"><strong>Gl\u00fchbirne<\/strong> E27 (nicht inbegriffen)<\/p>\n<p><strong>Max. Leistung (W)<\/strong> 60<\/p>\n<p><strong>Max. H\u00f6he (cm)<\/strong> 150<\/p>\n<p><strong>Durchmesser Lampenschirm (cm)<\/strong>\u00a058<\/p><\/blockquote>\n","protected":false},"excerpt":{"rendered":"<p>Die H\u00e4ngeleuchte RIVAGE ist das Ergebnis einer Zusammenarbeit zwischen Market Set und Culture iN. Letzteres Unternehmen hat ein aussergew\u00f6hnliches Material entwickelt, das auf franz\u00f6sischem Leinen basiert: das Varian\u00ae. RIVAGE ist eine umweltfreundlichen Kollektion, die Leinen mit PLA kombiniert, das aus Maisst\u00e4rke gewonnen wird. Dank seiner erstaunlichen strukturellen Eigenschaften kann der Stoffschirm unter W\u00e4rmeeinfluss geformt werden. [&hellip;]<\/p>\n","protected":false},"featured_media":144391,"template":"","meta":{"_acf_changed":false,"om_disable_all_campaigns":false},"product_cat":[291],"product_tag":[900,554,1188,1265,1077,1204,816,1109,883,704,403,921,1209,1092],"bundled_by":[],"bundle_stock_status":"onbackorder","bundle_stock_quantity":1,"bundle_virtual":false,"bundle_layout":"","bundle_add_to_cart_form_location":"","bundle_editable_in_cart":false,"bundle_sold_individually_context":"","bundle_item_grouping":"","bundle_min_size":"","bundle_max_size":"","bundle_price":[],"bundled_items":[],"bundle_sell_ids":[],"acf":[],"yoast_head":"<!-- This site is optimized with the Yoast SEO Premium plugin v22.2 (Yoast SEO v22.8) - https:\/\/yoast.com\/wordpress\/plugins\/seo\/ -->\n<title>Market Set | H\u00e4ngeleuchte Rivage \u220558 | Beiges Varian\u00ae Leinen | Ekkla<\/title>\n<meta name=\"description\" content=\"H\u00e4ngeleuchte aus franz\u00f6sischem Varian\u00ae Leinen. Umweltfreundliche Lampe mit einzigartigem Design, welches an die Spuren des Meeres auf dem Sand erinnert.\" \/>\n<meta name=\"robots\" content=\"index, follow, max-snippet:-1, max-image-preview:large, max-video-preview:-1\" \/>\n<link rel=\"canonical\" href=\"https:\/\/ekkla.ch\/de\/produit\/hangeleuchte-rivage-\u220558-beiges-varian-leinen-market-set-x-culture-in\/\" \/>\n<meta property=\"og:locale\" content=\"de_DE\" \/>\n<meta property=\"og:type\" content=\"article\" \/>\n<meta property=\"og:title\" content=\"H\u00e4ngeleuchte Rivage S - Nat\u00fcrliches Varian\u00ae Leinen - \u220558 - Market Set x Culture IN\" \/>\n<meta property=\"og:description\" content=\"H\u00e4ngeleuchte aus franz\u00f6sischem Varian\u00ae Leinen. Umweltfreundliche Lampe mit einzigartigem Design, welches an die Spuren des Meeres auf dem Sand erinnert.\" \/>\n<meta property=\"og:url\" content=\"https:\/\/ekkla.ch\/de\/produit\/hangeleuchte-rivage-\u220558-beiges-varian-leinen-market-set-x-culture-in\/\" \/>\n<meta property=\"og:site_name\" content=\"Ekkla\" \/>\n<meta property=\"article:modified_time\" content=\"2022-10-20T10:48:15+00:00\" \/>\n<meta property=\"og:image\" content=\"https:\/\/ekkla.ch\/wp-content\/uploads\/2021\/09\/Marketset-ekkla_0022s_0002_3188000774101_Image-Principale-Carre\u0301e_300_1500.jpg\" \/>\n\t<meta property=\"og:image:width\" content=\"900\" \/>\n\t<meta property=\"og:image:height\" content=\"900\" \/>\n\t<meta property=\"og:image:type\" content=\"image\/jpeg\" \/>\n<meta name=\"twitter:card\" content=\"summary_large_image\" \/>\n<meta name=\"twitter:label1\" content=\"Gesch\u00e4tzte Lesezeit\" \/>\n\t<meta name=\"twitter:data1\" content=\"1\u00a0Minute\" \/>\n<script type=\"application\/ld+json\" class=\"yoast-schema-graph\">{\"@context\":\"https:\/\/schema.org\",\"@graph\":[{\"@type\":\"WebPage\",\"@id\":\"https:\/\/ekkla.ch\/de\/produit\/hangeleuchte-rivage-%e2%88%8558-beiges-varian-leinen-market-set-x-culture-in\/\",\"url\":\"https:\/\/ekkla.ch\/de\/produit\/hangeleuchte-rivage-%e2%88%8558-beiges-varian-leinen-market-set-x-culture-in\/\",\"name\":\"Market Set | H\u00e4ngeleuchte Rivage \u220558 | Beiges Varian\u00ae Leinen | Ekkla\",\"isPartOf\":{\"@id\":\"https:\/\/ekkla.ch\/#website\"},\"primaryImageOfPage\":{\"@id\":\"https:\/\/ekkla.ch\/de\/produit\/hangeleuchte-rivage-%e2%88%8558-beiges-varian-leinen-market-set-x-culture-in\/#primaryimage\"},\"image\":{\"@id\":\"https:\/\/ekkla.ch\/de\/produit\/hangeleuchte-rivage-%e2%88%8558-beiges-varian-leinen-market-set-x-culture-in\/#primaryimage\"},\"thumbnailUrl\":\"https:\/\/ekkla.ch\/wp-content\/uploads\/2021\/09\/Marketset-ekkla_0022s_0002_3188000774101_Image-Principale-Carre\u0301e_300_1500.jpg\",\"datePublished\":\"2021-09-15T07:49:29+00:00\",\"dateModified\":\"2022-10-20T10:48:15+00:00\",\"description\":\"H\u00e4ngeleuchte aus franz\u00f6sischem Varian\u00ae Leinen. Umweltfreundliche Lampe mit einzigartigem Design, welches an die Spuren des Meeres auf dem Sand erinnert.\",\"breadcrumb\":{\"@id\":\"https:\/\/ekkla.ch\/de\/produit\/hangeleuchte-rivage-%e2%88%8558-beiges-varian-leinen-market-set-x-culture-in\/#breadcrumb\"},\"inLanguage\":\"de\",\"potentialAction\":[{\"@type\":\"ReadAction\",\"target\":[\"https:\/\/ekkla.ch\/de\/produit\/hangeleuchte-rivage-%e2%88%8558-beiges-varian-leinen-market-set-x-culture-in\/\"]}]},{\"@type\":\"ImageObject\",\"inLanguage\":\"de\",\"@id\":\"https:\/\/ekkla.ch\/de\/produit\/hangeleuchte-rivage-%e2%88%8558-beiges-varian-leinen-market-set-x-culture-in\/#primaryimage\",\"url\":\"https:\/\/ekkla.ch\/wp-content\/uploads\/2021\/09\/Marketset-ekkla_0022s_0002_3188000774101_Image-Principale-Carre\u0301e_300_1500.jpg\",\"contentUrl\":\"https:\/\/ekkla.ch\/wp-content\/uploads\/2021\/09\/Marketset-ekkla_0022s_0002_3188000774101_Image-Principale-Carre\u0301e_300_1500.jpg\",\"width\":900,\"height\":900,\"caption\":\"Suspension Rivage Market Set\"},{\"@type\":\"BreadcrumbList\",\"@id\":\"https:\/\/ekkla.ch\/de\/produit\/hangeleuchte-rivage-%e2%88%8558-beiges-varian-leinen-market-set-x-culture-in\/#breadcrumb\",\"itemListElement\":[{\"@type\":\"ListItem\",\"position\":1,\"name\":\"Home\",\"item\":\"https:\/\/ekkla.ch\/de\/\"},{\"@type\":\"ListItem\",\"position\":2,\"name\":\"Shop\",\"item\":\"https:\/\/ekkla.ch\/de\/shop\/\"},{\"@type\":\"ListItem\",\"position\":3,\"name\":\"H\u00e4ngeleuchte Rivage S &#8211; Nat\u00fcrliches Varian\u00ae Leinen &#8211; \u220558 &#8211; Market Set x Culture IN\"}]},{\"@type\":\"WebSite\",\"@id\":\"https:\/\/ekkla.ch\/#website\",\"url\":\"https:\/\/ekkla.ch\/\",\"name\":\"Ekkla\",\"description\":\"Der Onlineshop f\u00fcr Beleuchtung\",\"publisher\":{\"@id\":\"https:\/\/ekkla.ch\/#organization\"},\"potentialAction\":[{\"@type\":\"SearchAction\",\"target\":{\"@type\":\"EntryPoint\",\"urlTemplate\":\"https:\/\/ekkla.ch\/?s={search_term_string}\"},\"query-input\":\"required name=search_term_string\"}],\"inLanguage\":\"de\"},{\"@type\":\"Organization\",\"@id\":\"https:\/\/ekkla.ch\/#organization\",\"name\":\"Ekkla\",\"url\":\"https:\/\/ekkla.ch\/\",\"logo\":{\"@type\":\"ImageObject\",\"inLanguage\":\"de\",\"@id\":\"https:\/\/ekkla.ch\/#\/schema\/logo\/image\/\",\"url\":\"http:\/\/ekkla.ch\/wp-content\/uploads\/2019\/07\/logo-1.svg\",\"contentUrl\":\"http:\/\/ekkla.ch\/wp-content\/uploads\/2019\/07\/logo-1.svg\",\"width\":1,\"height\":1,\"caption\":\"Ekkla\"},\"image\":{\"@id\":\"https:\/\/ekkla.ch\/#\/schema\/logo\/image\/\"},\"sameAs\":[\"https:\/\/www.instagram.com\/ekkla_light\/\"]}]}<\/script>\n<!-- \/ Yoast SEO Premium plugin. -->","yoast_head_json":{"title":"Market Set | H\u00e4ngeleuchte Rivage \u220558 | Beiges Varian\u00ae Leinen | Ekkla","description":"H\u00e4ngeleuchte aus franz\u00f6sischem Varian\u00ae Leinen. Umweltfreundliche Lampe mit einzigartigem Design, welches an die Spuren des Meeres auf dem Sand erinnert.","robots":{"index":"index","follow":"follow","max-snippet":"max-snippet:-1","max-image-preview":"max-image-preview:large","max-video-preview":"max-video-preview:-1"},"canonical":"https:\/\/ekkla.ch\/de\/produit\/hangeleuchte-rivage-\u220558-beiges-varian-leinen-market-set-x-culture-in\/","og_locale":"de_DE","og_type":"article","og_title":"H\u00e4ngeleuchte Rivage S - Nat\u00fcrliches Varian\u00ae Leinen - \u220558 - Market Set x Culture IN","og_description":"H\u00e4ngeleuchte aus franz\u00f6sischem Varian\u00ae Leinen. Umweltfreundliche Lampe mit einzigartigem Design, welches an die Spuren des Meeres auf dem Sand erinnert.","og_url":"https:\/\/ekkla.ch\/de\/produit\/hangeleuchte-rivage-\u220558-beiges-varian-leinen-market-set-x-culture-in\/","og_site_name":"Ekkla","article_modified_time":"2022-10-20T10:48:15+00:00","og_image":[{"width":900,"height":900,"url":"https:\/\/ekkla.ch\/wp-content\/uploads\/2021\/09\/Marketset-ekkla_0022s_0002_3188000774101_Image-Principale-Carre\u0301e_300_1500.jpg","type":"image\/jpeg"}],"twitter_card":"summary_large_image","twitter_misc":{"Gesch\u00e4tzte Lesezeit":"1\u00a0Minute"},"schema":{"@context":"https:\/\/schema.org","@graph":[{"@type":"WebPage","@id":"https:\/\/ekkla.ch\/de\/produit\/hangeleuchte-rivage-%e2%88%8558-beiges-varian-leinen-market-set-x-culture-in\/","url":"https:\/\/ekkla.ch\/de\/produit\/hangeleuchte-rivage-%e2%88%8558-beiges-varian-leinen-market-set-x-culture-in\/","name":"Market Set | H\u00e4ngeleuchte Rivage \u220558 | Beiges Varian\u00ae Leinen | Ekkla","isPartOf":{"@id":"https:\/\/ekkla.ch\/#website"},"primaryImageOfPage":{"@id":"https:\/\/ekkla.ch\/de\/produit\/hangeleuchte-rivage-%e2%88%8558-beiges-varian-leinen-market-set-x-culture-in\/#primaryimage"},"image":{"@id":"https:\/\/ekkla.ch\/de\/produit\/hangeleuchte-rivage-%e2%88%8558-beiges-varian-leinen-market-set-x-culture-in\/#primaryimage"},"thumbnailUrl":"https:\/\/ekkla.ch\/wp-content\/uploads\/2021\/09\/Marketset-ekkla_0022s_0002_3188000774101_Image-Principale-Carre\u0301e_300_1500.jpg","datePublished":"2021-09-15T07:49:29+00:00","dateModified":"2022-10-20T10:48:15+00:00","description":"H\u00e4ngeleuchte aus franz\u00f6sischem Varian\u00ae Leinen. Umweltfreundliche Lampe mit einzigartigem Design, welches an die Spuren des Meeres auf dem Sand erinnert.","breadcrumb":{"@id":"https:\/\/ekkla.ch\/de\/produit\/hangeleuchte-rivage-%e2%88%8558-beiges-varian-leinen-market-set-x-culture-in\/#breadcrumb"},"inLanguage":"de","potentialAction":[{"@type":"ReadAction","target":["https:\/\/ekkla.ch\/de\/produit\/hangeleuchte-rivage-%e2%88%8558-beiges-varian-leinen-market-set-x-culture-in\/"]}]},{"@type":"ImageObject","inLanguage":"de","@id":"https:\/\/ekkla.ch\/de\/produit\/hangeleuchte-rivage-%e2%88%8558-beiges-varian-leinen-market-set-x-culture-in\/#primaryimage","url":"https:\/\/ekkla.ch\/wp-content\/uploads\/2021\/09\/Marketset-ekkla_0022s_0002_3188000774101_Image-Principale-Carre\u0301e_300_1500.jpg","contentUrl":"https:\/\/ekkla.ch\/wp-content\/uploads\/2021\/09\/Marketset-ekkla_0022s_0002_3188000774101_Image-Principale-Carre\u0301e_300_1500.jpg","width":900,"height":900,"caption":"Suspension Rivage Market Set"},{"@type":"BreadcrumbList","@id":"https:\/\/ekkla.ch\/de\/produit\/hangeleuchte-rivage-%e2%88%8558-beiges-varian-leinen-market-set-x-culture-in\/#breadcrumb","itemListElement":[{"@type":"ListItem","position":1,"name":"Home","item":"https:\/\/ekkla.ch\/de\/"},{"@type":"ListItem","position":2,"name":"Shop","item":"https:\/\/ekkla.ch\/de\/shop\/"},{"@type":"ListItem","position":3,"name":"H\u00e4ngeleuchte Rivage S &#8211; Nat\u00fcrliches Varian\u00ae Leinen &#8211; \u220558 &#8211; Market Set x Culture IN"}]},{"@type":"WebSite","@id":"https:\/\/ekkla.ch\/#website","url":"https:\/\/ekkla.ch\/","name":"Ekkla","description":"Der Onlineshop f\u00fcr Beleuchtung","publisher":{"@id":"https:\/\/ekkla.ch\/#organization"},"potentialAction":[{"@type":"SearchAction","target":{"@type":"EntryPoint","urlTemplate":"https:\/\/ekkla.ch\/?s={search_term_string}"},"query-input":"required name=search_term_string"}],"inLanguage":"de"},{"@type":"Organization","@id":"https:\/\/ekkla.ch\/#organization","name":"Ekkla","url":"https:\/\/ekkla.ch\/","logo":{"@type":"ImageObject","inLanguage":"de","@id":"https:\/\/ekkla.ch\/#\/schema\/logo\/image\/","url":"http:\/\/ekkla.ch\/wp-content\/uploads\/2019\/07\/logo-1.svg","contentUrl":"http:\/\/ekkla.ch\/wp-content\/uploads\/2019\/07\/logo-1.svg","width":1,"height":1,"caption":"Ekkla"},"image":{"@id":"https:\/\/ekkla.ch\/#\/schema\/logo\/image\/"},"sameAs":["https:\/\/www.instagram.com\/ekkla_light\/"]}]}},"_links":{"self":[{"href":"https:\/\/ekkla.ch\/de\/wp-json\/wp\/v2\/product\/145118"}],"collection":[{"href":"https:\/\/ekkla.ch\/de\/wp-json\/wp\/v2\/product"}],"about":[{"href":"https:\/\/ekkla.ch\/de\/wp-json\/wp\/v2\/types\/product"}],"wp:featuredmedia":[{"embeddable":true,"href":"https:\/\/ekkla.ch\/de\/wp-json\/wp\/v2\/media\/144391"}],"wp:attachment":[{"href":"https:\/\/ekkla.ch\/de\/wp-json\/wp\/v2\/media?parent=145118"}],"wp:term":[{"taxonomy":"product_cat","embeddable":true,"href":"https:\/\/ekkla.ch\/de\/wp-json\/wp\/v2\/product_cat?post=145118"},{"taxonomy":"product_tag","embeddable":true,"href":"https:\/\/ekkla.ch\/de\/wp-json\/wp\/v2\/product_tag?post=145118"}],"curies":[{"name":"wp","href":"https:\/\/api.w.org\/{rel}","templated":true}]}}