{"id":146029,"date":"2021-10-13T11:13:05","date_gmt":"2021-10-13T09:13:05","guid":{"rendered":"https:\/\/ekkla.ch\/produit\/weihnachtskranz-led-%e2%88%8545-cm-house-doctor\/"},"modified":"2022-07-04T14:59:19","modified_gmt":"2022-07-04T12:59:19","slug":"weihnachtskranz-led-%e2%88%8545-cm-house-doctor","status":"publish","type":"product","link":"https:\/\/ekkla.ch\/de\/produit\/weihnachtskranz-led-%e2%88%8545-cm-house-doctor\/","title":{"rendered":"Weihnachtskranz LED &#8211; \u220545 cm &#8211; House Doctor"},"content":{"rendered":"<p>Schaffen Sie eine festliche Atmosph\u00e4re mit dem naturgetreuen Weihnachtskranz von House Doctor. Dieser LED-Kranz hat eine sehr realistische und angenehm weiche Oberfl\u00e4che und ist\u00a0ideal, um Ihr Zuhause auf elegante Art und Weise weihnachtlich zu dekorieren. Der Kranz ist mit 35 LED-Lichtern ausgestattet, die ein sanftes, nat\u00fcrliches Licht verbreiten und f\u00fcr eine warme Atmosph\u00e4re sorgen. H\u00e4ngen Sie ihn an die Wand oder verwenden Sie ihn als Adventskranz auf dem Esstisch mit k\u00fcnstlichen Kerzen und Ihren liebsten Dekoartikeln. Der Kranz hat sogar eine Timerfunktion: stellen Sie die gew\u00fcnschte Zeit ein, und die Lichter werden sich von selbst ausschalten! Nur f\u00fcr den Gebrauch in Innenr\u00e4umen geeignet. Batterien nicht inbegriffen.<\/p>\n<blockquote>\n<h2 style=\"text-align: left;\">Merkmale &amp; Eigenschaften<\/h2>\n<p><strong>Marke<\/strong> House Doctor<\/p>\n<p style=\"text-align: left;\"><strong>Farbe<\/strong>\u00a0Gr\u00fcn<\/p>\n<p style=\"text-align: left;\"><strong>Materialien<\/strong> Metall und Kunststoff<\/p>\n<p style=\"text-align: left;\"><strong>Stromversorgung<\/strong>\u00a0Batterien (nicht inbegriffen)<\/p>\n<p><strong>Durchmesser (cm) <\/strong>45<\/p><\/blockquote>\n","protected":false},"excerpt":{"rendered":"<p>Schaffen Sie eine festliche Atmosph\u00e4re mit dem naturgetreuen Weihnachtskranz von House Doctor. Dieser LED-Kranz hat eine sehr realistische und angenehm weiche Oberfl\u00e4che und ist\u00a0ideal, um Ihr Zuhause auf elegante Art und Weise weihnachtlich zu dekorieren. Der Kranz ist mit 35 LED-Lichtern ausgestattet, die ein sanftes, nat\u00fcrliches Licht verbreiten und f\u00fcr eine warme Atmosph\u00e4re sorgen. H\u00e4ngen [&hellip;]<\/p>\n","protected":false},"featured_media":145446,"template":"","meta":{"_acf_changed":false,"om_disable_all_campaigns":false},"product_cat":[290],"product_tag":[902,554,1188,816,883],"bundled_by":[],"bundle_stock_status":"onbackorder","bundle_stock_quantity":1,"bundle_virtual":false,"bundle_layout":"","bundle_add_to_cart_form_location":"","bundle_editable_in_cart":false,"bundle_sold_individually_context":"","bundle_item_grouping":"","bundle_min_size":"","bundle_max_size":"","bundle_price":[],"bundled_items":[],"bundle_sell_ids":[],"acf":[],"yoast_head":"<!-- This site is optimized with the Yoast SEO Premium plugin v22.2 (Yoast SEO v22.8) - https:\/\/yoast.com\/wordpress\/plugins\/seo\/ -->\n<title>House Doctor | Weihnachtskranz LED | \u220545 cm | Ekkla<\/title>\n<meta name=\"description\" content=\"Der Kranz sieht sehr authentisch aus und ist angenehm weich. Eine ideal Dekoration, um Ihr Zuhause auf elegante Art und Weise weihnachtlich zu dekorieren.\" \/>\n<meta name=\"robots\" content=\"index, follow, max-snippet:-1, max-image-preview:large, max-video-preview:-1\" \/>\n<link rel=\"canonical\" href=\"https:\/\/ekkla.ch\/de\/produit\/weihnachtskranz-led-\u220545-cm-house-doctor\/\" \/>\n<meta property=\"og:locale\" content=\"de_DE\" \/>\n<meta property=\"og:type\" content=\"article\" \/>\n<meta property=\"og:title\" content=\"Weihnachtskranz LED - \u220545 cm - House Doctor\" \/>\n<meta property=\"og:description\" content=\"Der Kranz sieht sehr authentisch aus und ist angenehm weich. Eine ideal Dekoration, um Ihr Zuhause auf elegante Art und Weise weihnachtlich zu dekorieren.\" \/>\n<meta property=\"og:url\" content=\"https:\/\/ekkla.ch\/de\/produit\/weihnachtskranz-led-\u220545-cm-house-doctor\/\" \/>\n<meta property=\"og:site_name\" content=\"Ekkla\" \/>\n<meta property=\"article:modified_time\" content=\"2022-07-04T12:59:19+00:00\" \/>\n<meta property=\"og:image\" content=\"https:\/\/ekkla.ch\/wp-content\/uploads\/2021\/10\/Ekkla_0004s_0002_260250105_01.jpg\" \/>\n\t<meta property=\"og:image:width\" content=\"900\" \/>\n\t<meta property=\"og:image:height\" content=\"900\" \/>\n\t<meta property=\"og:image:type\" content=\"image\/jpeg\" \/>\n<meta name=\"twitter:card\" content=\"summary_large_image\" \/>\n<meta name=\"twitter:label1\" content=\"Gesch\u00e4tzte Lesezeit\" \/>\n\t<meta name=\"twitter:data1\" content=\"1\u00a0Minute\" \/>\n<script type=\"application\/ld+json\" class=\"yoast-schema-graph\">{\"@context\":\"https:\/\/schema.org\",\"@graph\":[{\"@type\":\"WebPage\",\"@id\":\"https:\/\/ekkla.ch\/de\/produit\/weihnachtskranz-led-%e2%88%8545-cm-house-doctor\/\",\"url\":\"https:\/\/ekkla.ch\/de\/produit\/weihnachtskranz-led-%e2%88%8545-cm-house-doctor\/\",\"name\":\"House Doctor | Weihnachtskranz LED | \u220545 cm | Ekkla\",\"isPartOf\":{\"@id\":\"https:\/\/ekkla.ch\/#website\"},\"primaryImageOfPage\":{\"@id\":\"https:\/\/ekkla.ch\/de\/produit\/weihnachtskranz-led-%e2%88%8545-cm-house-doctor\/#primaryimage\"},\"image\":{\"@id\":\"https:\/\/ekkla.ch\/de\/produit\/weihnachtskranz-led-%e2%88%8545-cm-house-doctor\/#primaryimage\"},\"thumbnailUrl\":\"https:\/\/ekkla.ch\/wp-content\/uploads\/2021\/10\/Ekkla_0004s_0002_260250105_01.jpg\",\"datePublished\":\"2021-10-13T09:13:05+00:00\",\"dateModified\":\"2022-07-04T12:59:19+00:00\",\"description\":\"Der Kranz sieht sehr authentisch aus und ist angenehm weich. Eine ideal Dekoration, um Ihr Zuhause auf elegante Art und Weise weihnachtlich zu dekorieren.\",\"breadcrumb\":{\"@id\":\"https:\/\/ekkla.ch\/de\/produit\/weihnachtskranz-led-%e2%88%8545-cm-house-doctor\/#breadcrumb\"},\"inLanguage\":\"de\",\"potentialAction\":[{\"@type\":\"ReadAction\",\"target\":[\"https:\/\/ekkla.ch\/de\/produit\/weihnachtskranz-led-%e2%88%8545-cm-house-doctor\/\"]}]},{\"@type\":\"ImageObject\",\"inLanguage\":\"de\",\"@id\":\"https:\/\/ekkla.ch\/de\/produit\/weihnachtskranz-led-%e2%88%8545-cm-house-doctor\/#primaryimage\",\"url\":\"https:\/\/ekkla.ch\/wp-content\/uploads\/2021\/10\/Ekkla_0004s_0002_260250105_01.jpg\",\"contentUrl\":\"https:\/\/ekkla.ch\/wp-content\/uploads\/2021\/10\/Ekkla_0004s_0002_260250105_01.jpg\",\"width\":900,\"height\":900,\"caption\":\"Couronne No\u00ebl House Doctor\"},{\"@type\":\"BreadcrumbList\",\"@id\":\"https:\/\/ekkla.ch\/de\/produit\/weihnachtskranz-led-%e2%88%8545-cm-house-doctor\/#breadcrumb\",\"itemListElement\":[{\"@type\":\"ListItem\",\"position\":1,\"name\":\"Home\",\"item\":\"https:\/\/ekkla.ch\/de\/\"},{\"@type\":\"ListItem\",\"position\":2,\"name\":\"Shop\",\"item\":\"https:\/\/ekkla.ch\/de\/shop\/\"},{\"@type\":\"ListItem\",\"position\":3,\"name\":\"Weihnachtskranz LED &#8211; \u220545 cm &#8211; House Doctor\"}]},{\"@type\":\"WebSite\",\"@id\":\"https:\/\/ekkla.ch\/#website\",\"url\":\"https:\/\/ekkla.ch\/\",\"name\":\"Ekkla\",\"description\":\"Der Onlineshop f\u00fcr Beleuchtung\",\"publisher\":{\"@id\":\"https:\/\/ekkla.ch\/#organization\"},\"potentialAction\":[{\"@type\":\"SearchAction\",\"target\":{\"@type\":\"EntryPoint\",\"urlTemplate\":\"https:\/\/ekkla.ch\/?s={search_term_string}\"},\"query-input\":\"required name=search_term_string\"}],\"inLanguage\":\"de\"},{\"@type\":\"Organization\",\"@id\":\"https:\/\/ekkla.ch\/#organization\",\"name\":\"Ekkla\",\"url\":\"https:\/\/ekkla.ch\/\",\"logo\":{\"@type\":\"ImageObject\",\"inLanguage\":\"de\",\"@id\":\"https:\/\/ekkla.ch\/#\/schema\/logo\/image\/\",\"url\":\"http:\/\/ekkla.ch\/wp-content\/uploads\/2019\/07\/logo-1.svg\",\"contentUrl\":\"http:\/\/ekkla.ch\/wp-content\/uploads\/2019\/07\/logo-1.svg\",\"width\":1,\"height\":1,\"caption\":\"Ekkla\"},\"image\":{\"@id\":\"https:\/\/ekkla.ch\/#\/schema\/logo\/image\/\"},\"sameAs\":[\"https:\/\/www.instagram.com\/ekkla_light\/\"]}]}<\/script>\n<!-- \/ Yoast SEO Premium plugin. -->","yoast_head_json":{"title":"House Doctor | Weihnachtskranz LED | \u220545 cm | Ekkla","description":"Der Kranz sieht sehr authentisch aus und ist angenehm weich. Eine ideal Dekoration, um Ihr Zuhause auf elegante Art und Weise weihnachtlich zu dekorieren.","robots":{"index":"index","follow":"follow","max-snippet":"max-snippet:-1","max-image-preview":"max-image-preview:large","max-video-preview":"max-video-preview:-1"},"canonical":"https:\/\/ekkla.ch\/de\/produit\/weihnachtskranz-led-\u220545-cm-house-doctor\/","og_locale":"de_DE","og_type":"article","og_title":"Weihnachtskranz LED - \u220545 cm - House Doctor","og_description":"Der Kranz sieht sehr authentisch aus und ist angenehm weich. Eine ideal Dekoration, um Ihr Zuhause auf elegante Art und Weise weihnachtlich zu dekorieren.","og_url":"https:\/\/ekkla.ch\/de\/produit\/weihnachtskranz-led-\u220545-cm-house-doctor\/","og_site_name":"Ekkla","article_modified_time":"2022-07-04T12:59:19+00:00","og_image":[{"width":900,"height":900,"url":"https:\/\/ekkla.ch\/wp-content\/uploads\/2021\/10\/Ekkla_0004s_0002_260250105_01.jpg","type":"image\/jpeg"}],"twitter_card":"summary_large_image","twitter_misc":{"Gesch\u00e4tzte Lesezeit":"1\u00a0Minute"},"schema":{"@context":"https:\/\/schema.org","@graph":[{"@type":"WebPage","@id":"https:\/\/ekkla.ch\/de\/produit\/weihnachtskranz-led-%e2%88%8545-cm-house-doctor\/","url":"https:\/\/ekkla.ch\/de\/produit\/weihnachtskranz-led-%e2%88%8545-cm-house-doctor\/","name":"House Doctor | Weihnachtskranz LED | \u220545 cm | Ekkla","isPartOf":{"@id":"https:\/\/ekkla.ch\/#website"},"primaryImageOfPage":{"@id":"https:\/\/ekkla.ch\/de\/produit\/weihnachtskranz-led-%e2%88%8545-cm-house-doctor\/#primaryimage"},"image":{"@id":"https:\/\/ekkla.ch\/de\/produit\/weihnachtskranz-led-%e2%88%8545-cm-house-doctor\/#primaryimage"},"thumbnailUrl":"https:\/\/ekkla.ch\/wp-content\/uploads\/2021\/10\/Ekkla_0004s_0002_260250105_01.jpg","datePublished":"2021-10-13T09:13:05+00:00","dateModified":"2022-07-04T12:59:19+00:00","description":"Der Kranz sieht sehr authentisch aus und ist angenehm weich. Eine ideal Dekoration, um Ihr Zuhause auf elegante Art und Weise weihnachtlich zu dekorieren.","breadcrumb":{"@id":"https:\/\/ekkla.ch\/de\/produit\/weihnachtskranz-led-%e2%88%8545-cm-house-doctor\/#breadcrumb"},"inLanguage":"de","potentialAction":[{"@type":"ReadAction","target":["https:\/\/ekkla.ch\/de\/produit\/weihnachtskranz-led-%e2%88%8545-cm-house-doctor\/"]}]},{"@type":"ImageObject","inLanguage":"de","@id":"https:\/\/ekkla.ch\/de\/produit\/weihnachtskranz-led-%e2%88%8545-cm-house-doctor\/#primaryimage","url":"https:\/\/ekkla.ch\/wp-content\/uploads\/2021\/10\/Ekkla_0004s_0002_260250105_01.jpg","contentUrl":"https:\/\/ekkla.ch\/wp-content\/uploads\/2021\/10\/Ekkla_0004s_0002_260250105_01.jpg","width":900,"height":900,"caption":"Couronne No\u00ebl House Doctor"},{"@type":"BreadcrumbList","@id":"https:\/\/ekkla.ch\/de\/produit\/weihnachtskranz-led-%e2%88%8545-cm-house-doctor\/#breadcrumb","itemListElement":[{"@type":"ListItem","position":1,"name":"Home","item":"https:\/\/ekkla.ch\/de\/"},{"@type":"ListItem","position":2,"name":"Shop","item":"https:\/\/ekkla.ch\/de\/shop\/"},{"@type":"ListItem","position":3,"name":"Weihnachtskranz LED &#8211; \u220545 cm &#8211; House Doctor"}]},{"@type":"WebSite","@id":"https:\/\/ekkla.ch\/#website","url":"https:\/\/ekkla.ch\/","name":"Ekkla","description":"Der Onlineshop f\u00fcr Beleuchtung","publisher":{"@id":"https:\/\/ekkla.ch\/#organization"},"potentialAction":[{"@type":"SearchAction","target":{"@type":"EntryPoint","urlTemplate":"https:\/\/ekkla.ch\/?s={search_term_string}"},"query-input":"required name=search_term_string"}],"inLanguage":"de"},{"@type":"Organization","@id":"https:\/\/ekkla.ch\/#organization","name":"Ekkla","url":"https:\/\/ekkla.ch\/","logo":{"@type":"ImageObject","inLanguage":"de","@id":"https:\/\/ekkla.ch\/#\/schema\/logo\/image\/","url":"http:\/\/ekkla.ch\/wp-content\/uploads\/2019\/07\/logo-1.svg","contentUrl":"http:\/\/ekkla.ch\/wp-content\/uploads\/2019\/07\/logo-1.svg","width":1,"height":1,"caption":"Ekkla"},"image":{"@id":"https:\/\/ekkla.ch\/#\/schema\/logo\/image\/"},"sameAs":["https:\/\/www.instagram.com\/ekkla_light\/"]}]}},"_links":{"self":[{"href":"https:\/\/ekkla.ch\/de\/wp-json\/wp\/v2\/product\/146029"}],"collection":[{"href":"https:\/\/ekkla.ch\/de\/wp-json\/wp\/v2\/product"}],"about":[{"href":"https:\/\/ekkla.ch\/de\/wp-json\/wp\/v2\/types\/product"}],"wp:featuredmedia":[{"embeddable":true,"href":"https:\/\/ekkla.ch\/de\/wp-json\/wp\/v2\/media\/145446"}],"wp:attachment":[{"href":"https:\/\/ekkla.ch\/de\/wp-json\/wp\/v2\/media?parent=146029"}],"wp:term":[{"taxonomy":"product_cat","embeddable":true,"href":"https:\/\/ekkla.ch\/de\/wp-json\/wp\/v2\/product_cat?post=146029"},{"taxonomy":"product_tag","embeddable":true,"href":"https:\/\/ekkla.ch\/de\/wp-json\/wp\/v2\/product_tag?post=146029"}],"curies":[{"name":"wp","href":"https:\/\/api.w.org\/{rel}","templated":true}]}}