{"id":146607,"date":"2021-11-03T12:02:42","date_gmt":"2021-11-03T11:02:42","guid":{"rendered":"https:\/\/ekkla.ch\/produit\/ekkla-gutschein-20-chf\/"},"modified":"2021-11-10T11:11:32","modified_gmt":"2021-11-10T10:11:32","slug":"ekkla-gutschein-20-chf","status":"publish","type":"product","link":"https:\/\/ekkla.ch\/de\/produit\/ekkla-gutschein-20-chf\/","title":{"rendered":"Ekkla-Gutschein &#8211; 20 CHF"},"content":{"rendered":"<p>M\u00f6chten Sie Ihren Liebsten eine Freude machen, zum Beispiel anl\u00e4sslich eines speziellen Ereignisses? Ein Ekkla-Gutschein ist ideal, um eine stilvolle und originelle \u00dcberraschung zu bereiten. Ob zum Geburtstag, als Weihnachtsgeschenk, zum Einzug oder zur Babyparty &#8211; die Ekkla-Geschenkkarte ist die perfekte M\u00f6glichkeit, Licht zu schenken und dabei allen W\u00fcnschen freien Lauf zu lassen! Zweifellos werden Ihre Freunde und Ihre Familie davon begeistert sein! Der Gutschein ist sofort nach dem Kauf g\u00fcltig und ist die perfekte L\u00f6sung f\u00fcr ein last-minute-Geschenk!<\/p>\n<p>Der Gutschein und der dazugeh\u00f6rige Promo-Code sind sofort nach dem Kauf g\u00fcltig. Sie werden sofort oder an dem von Ihnen gew\u00e4hlten Datum per E-Mail zugesandt &#8211; an Ihre Eigene oder an einen Empf\u00e4nger Ihrer Wahl. Der Gutschein ist ab dem Datum des Erhalts ein Jahr lang g\u00fcltig und kann auf der gesamten Website verwendet werden. Der Promo-Code ist nur einmalig verwendbar. Gekaufte Gutscheine k\u00f6nnen weder zur\u00fcckgegeben noch umgetauscht werden. Es werden keine physischen Gutscheine verschickt.<\/p>\n<h2>Wie kann ich einen Gutschein schenken?<\/h2>\n<ol>\n<li>Geben Sie die E-Mail-Adresse des Gutschein-Empf\u00e4ngers ein (wenn Sie den Gutschein selbst erhalten m\u00f6chten, geben Sie bitte Ihre eigene Adresse ein)<\/li>\n<li>Geben Sie die Namen der Personen an, die den Gutschein schenken<\/li>\n<li>F\u00fcgen Sie Ihre pers\u00f6nliche Nachricht hinzu (optional)<\/li>\n<li>Wenn Sie den Gutschein zu einem sp\u00e4teren Zeitpunkt verschicken m\u00f6chten, geben Sie das Versanddatum ein (der Gutschein wird sofort versendet wenn Sie dieses Feld leer lassen)<\/li>\n<\/ol>\n","protected":false},"excerpt":{"rendered":"<p>M\u00f6chten Sie Ihren Liebsten eine Freude machen, zum Beispiel anl\u00e4sslich eines speziellen Ereignisses? Ein Ekkla-Gutschein ist ideal, um eine stilvolle und originelle \u00dcberraschung zu bereiten. Ob zum Geburtstag, als Weihnachtsgeschenk, zum Einzug oder zur Babyparty &#8211; die Ekkla-Geschenkkarte ist die perfekte M\u00f6glichkeit, Licht zu schenken und dabei allen W\u00fcnschen freien Lauf zu lassen! Zweifellos werden [&hellip;]<\/p>\n","protected":false},"featured_media":146391,"template":"","meta":{"_acf_changed":false,"om_disable_all_campaigns":false},"product_cat":[716],"product_tag":[892,872,403],"bundled_by":[],"bundle_stock_status":"instock","bundle_stock_quantity":null,"bundle_virtual":false,"bundle_layout":"","bundle_add_to_cart_form_location":"","bundle_editable_in_cart":false,"bundle_sold_individually_context":"","bundle_item_grouping":"","bundle_min_size":"","bundle_max_size":"","bundle_price":[],"bundled_items":[],"bundle_sell_ids":[],"acf":[],"yoast_head":"<!-- This site is optimized with the Yoast SEO Premium plugin v22.2 (Yoast SEO v22.8) - https:\/\/yoast.com\/wordpress\/plugins\/seo\/ -->\n<title>Gutschein | 20 CHF | Ekkla<\/title>\n<meta name=\"description\" content=\"Gutschein 20 CHF. Sofort g\u00fcltig. Das ideale Geschenk zum Geburtstag, zu Weihnachten, zur Einweihungsfeier oder zur Babyparty!\" \/>\n<meta name=\"robots\" content=\"index, follow, max-snippet:-1, max-image-preview:large, max-video-preview:-1\" \/>\n<link rel=\"canonical\" href=\"https:\/\/ekkla.ch\/de\/produit\/ekkla-gutschein-20-chf\/\" \/>\n<meta property=\"og:locale\" content=\"de_DE\" \/>\n<meta property=\"og:type\" content=\"article\" \/>\n<meta property=\"og:title\" content=\"Ekkla-Gutschein - 20 CHF\" \/>\n<meta property=\"og:description\" content=\"Gutschein 20 CHF. Sofort g\u00fcltig. Das ideale Geschenk zum Geburtstag, zu Weihnachten, zur Einweihungsfeier oder zur Babyparty!\" \/>\n<meta property=\"og:url\" content=\"https:\/\/ekkla.ch\/de\/produit\/ekkla-gutschein-20-chf\/\" \/>\n<meta property=\"og:site_name\" content=\"Ekkla\" \/>\n<meta property=\"article:modified_time\" content=\"2021-11-10T10:11:32+00:00\" \/>\n<meta property=\"og:image\" content=\"https:\/\/ekkla.ch\/wp-content\/uploads\/2021\/11\/gift-card-ekkla-20-produit-1.jpg\" \/>\n\t<meta property=\"og:image:width\" content=\"900\" \/>\n\t<meta property=\"og:image:height\" content=\"900\" \/>\n\t<meta property=\"og:image:type\" content=\"image\/jpeg\" \/>\n<meta name=\"twitter:card\" content=\"summary_large_image\" \/>\n<meta name=\"twitter:label1\" content=\"Gesch\u00e4tzte Lesezeit\" \/>\n\t<meta name=\"twitter:data1\" content=\"1\u00a0Minute\" \/>\n<script type=\"application\/ld+json\" class=\"yoast-schema-graph\">{\"@context\":\"https:\/\/schema.org\",\"@graph\":[{\"@type\":\"WebPage\",\"@id\":\"https:\/\/ekkla.ch\/de\/produit\/ekkla-gutschein-20-chf\/\",\"url\":\"https:\/\/ekkla.ch\/de\/produit\/ekkla-gutschein-20-chf\/\",\"name\":\"Gutschein | 20 CHF | Ekkla\",\"isPartOf\":{\"@id\":\"https:\/\/ekkla.ch\/#website\"},\"primaryImageOfPage\":{\"@id\":\"https:\/\/ekkla.ch\/de\/produit\/ekkla-gutschein-20-chf\/#primaryimage\"},\"image\":{\"@id\":\"https:\/\/ekkla.ch\/de\/produit\/ekkla-gutschein-20-chf\/#primaryimage\"},\"thumbnailUrl\":\"https:\/\/ekkla.ch\/wp-content\/uploads\/2021\/11\/gift-card-ekkla-20-produit-1.jpg\",\"datePublished\":\"2021-11-03T11:02:42+00:00\",\"dateModified\":\"2021-11-10T10:11:32+00:00\",\"description\":\"Gutschein 20 CHF. Sofort g\u00fcltig. Das ideale Geschenk zum Geburtstag, zu Weihnachten, zur Einweihungsfeier oder zur Babyparty!\",\"breadcrumb\":{\"@id\":\"https:\/\/ekkla.ch\/de\/produit\/ekkla-gutschein-20-chf\/#breadcrumb\"},\"inLanguage\":\"de\",\"potentialAction\":[{\"@type\":\"ReadAction\",\"target\":[\"https:\/\/ekkla.ch\/de\/produit\/ekkla-gutschein-20-chf\/\"]}]},{\"@type\":\"ImageObject\",\"inLanguage\":\"de\",\"@id\":\"https:\/\/ekkla.ch\/de\/produit\/ekkla-gutschein-20-chf\/#primaryimage\",\"url\":\"https:\/\/ekkla.ch\/wp-content\/uploads\/2021\/11\/gift-card-ekkla-20-produit-1.jpg\",\"contentUrl\":\"https:\/\/ekkla.ch\/wp-content\/uploads\/2021\/11\/gift-card-ekkla-20-produit-1.jpg\",\"width\":900,\"height\":900,\"caption\":\"Geschenkkarte 20 CHF\"},{\"@type\":\"BreadcrumbList\",\"@id\":\"https:\/\/ekkla.ch\/de\/produit\/ekkla-gutschein-20-chf\/#breadcrumb\",\"itemListElement\":[{\"@type\":\"ListItem\",\"position\":1,\"name\":\"Home\",\"item\":\"https:\/\/ekkla.ch\/de\/\"},{\"@type\":\"ListItem\",\"position\":2,\"name\":\"Shop\",\"item\":\"https:\/\/ekkla.ch\/de\/shop\/\"},{\"@type\":\"ListItem\",\"position\":3,\"name\":\"Ekkla-Gutschein &#8211; 20 CHF\"}]},{\"@type\":\"WebSite\",\"@id\":\"https:\/\/ekkla.ch\/#website\",\"url\":\"https:\/\/ekkla.ch\/\",\"name\":\"Ekkla\",\"description\":\"Der Onlineshop f\u00fcr Beleuchtung\",\"publisher\":{\"@id\":\"https:\/\/ekkla.ch\/#organization\"},\"potentialAction\":[{\"@type\":\"SearchAction\",\"target\":{\"@type\":\"EntryPoint\",\"urlTemplate\":\"https:\/\/ekkla.ch\/?s={search_term_string}\"},\"query-input\":\"required name=search_term_string\"}],\"inLanguage\":\"de\"},{\"@type\":\"Organization\",\"@id\":\"https:\/\/ekkla.ch\/#organization\",\"name\":\"Ekkla\",\"url\":\"https:\/\/ekkla.ch\/\",\"logo\":{\"@type\":\"ImageObject\",\"inLanguage\":\"de\",\"@id\":\"https:\/\/ekkla.ch\/#\/schema\/logo\/image\/\",\"url\":\"http:\/\/ekkla.ch\/wp-content\/uploads\/2019\/07\/logo-1.svg\",\"contentUrl\":\"http:\/\/ekkla.ch\/wp-content\/uploads\/2019\/07\/logo-1.svg\",\"width\":1,\"height\":1,\"caption\":\"Ekkla\"},\"image\":{\"@id\":\"https:\/\/ekkla.ch\/#\/schema\/logo\/image\/\"},\"sameAs\":[\"https:\/\/www.instagram.com\/ekkla_light\/\"]}]}<\/script>\n<!-- \/ Yoast SEO Premium plugin. -->","yoast_head_json":{"title":"Gutschein | 20 CHF | Ekkla","description":"Gutschein 20 CHF. Sofort g\u00fcltig. Das ideale Geschenk zum Geburtstag, zu Weihnachten, zur Einweihungsfeier oder zur Babyparty!","robots":{"index":"index","follow":"follow","max-snippet":"max-snippet:-1","max-image-preview":"max-image-preview:large","max-video-preview":"max-video-preview:-1"},"canonical":"https:\/\/ekkla.ch\/de\/produit\/ekkla-gutschein-20-chf\/","og_locale":"de_DE","og_type":"article","og_title":"Ekkla-Gutschein - 20 CHF","og_description":"Gutschein 20 CHF. Sofort g\u00fcltig. Das ideale Geschenk zum Geburtstag, zu Weihnachten, zur Einweihungsfeier oder zur Babyparty!","og_url":"https:\/\/ekkla.ch\/de\/produit\/ekkla-gutschein-20-chf\/","og_site_name":"Ekkla","article_modified_time":"2021-11-10T10:11:32+00:00","og_image":[{"width":900,"height":900,"url":"https:\/\/ekkla.ch\/wp-content\/uploads\/2021\/11\/gift-card-ekkla-20-produit-1.jpg","type":"image\/jpeg"}],"twitter_card":"summary_large_image","twitter_misc":{"Gesch\u00e4tzte Lesezeit":"1\u00a0Minute"},"schema":{"@context":"https:\/\/schema.org","@graph":[{"@type":"WebPage","@id":"https:\/\/ekkla.ch\/de\/produit\/ekkla-gutschein-20-chf\/","url":"https:\/\/ekkla.ch\/de\/produit\/ekkla-gutschein-20-chf\/","name":"Gutschein | 20 CHF | Ekkla","isPartOf":{"@id":"https:\/\/ekkla.ch\/#website"},"primaryImageOfPage":{"@id":"https:\/\/ekkla.ch\/de\/produit\/ekkla-gutschein-20-chf\/#primaryimage"},"image":{"@id":"https:\/\/ekkla.ch\/de\/produit\/ekkla-gutschein-20-chf\/#primaryimage"},"thumbnailUrl":"https:\/\/ekkla.ch\/wp-content\/uploads\/2021\/11\/gift-card-ekkla-20-produit-1.jpg","datePublished":"2021-11-03T11:02:42+00:00","dateModified":"2021-11-10T10:11:32+00:00","description":"Gutschein 20 CHF. Sofort g\u00fcltig. Das ideale Geschenk zum Geburtstag, zu Weihnachten, zur Einweihungsfeier oder zur Babyparty!","breadcrumb":{"@id":"https:\/\/ekkla.ch\/de\/produit\/ekkla-gutschein-20-chf\/#breadcrumb"},"inLanguage":"de","potentialAction":[{"@type":"ReadAction","target":["https:\/\/ekkla.ch\/de\/produit\/ekkla-gutschein-20-chf\/"]}]},{"@type":"ImageObject","inLanguage":"de","@id":"https:\/\/ekkla.ch\/de\/produit\/ekkla-gutschein-20-chf\/#primaryimage","url":"https:\/\/ekkla.ch\/wp-content\/uploads\/2021\/11\/gift-card-ekkla-20-produit-1.jpg","contentUrl":"https:\/\/ekkla.ch\/wp-content\/uploads\/2021\/11\/gift-card-ekkla-20-produit-1.jpg","width":900,"height":900,"caption":"Geschenkkarte 20 CHF"},{"@type":"BreadcrumbList","@id":"https:\/\/ekkla.ch\/de\/produit\/ekkla-gutschein-20-chf\/#breadcrumb","itemListElement":[{"@type":"ListItem","position":1,"name":"Home","item":"https:\/\/ekkla.ch\/de\/"},{"@type":"ListItem","position":2,"name":"Shop","item":"https:\/\/ekkla.ch\/de\/shop\/"},{"@type":"ListItem","position":3,"name":"Ekkla-Gutschein &#8211; 20 CHF"}]},{"@type":"WebSite","@id":"https:\/\/ekkla.ch\/#website","url":"https:\/\/ekkla.ch\/","name":"Ekkla","description":"Der Onlineshop f\u00fcr Beleuchtung","publisher":{"@id":"https:\/\/ekkla.ch\/#organization"},"potentialAction":[{"@type":"SearchAction","target":{"@type":"EntryPoint","urlTemplate":"https:\/\/ekkla.ch\/?s={search_term_string}"},"query-input":"required name=search_term_string"}],"inLanguage":"de"},{"@type":"Organization","@id":"https:\/\/ekkla.ch\/#organization","name":"Ekkla","url":"https:\/\/ekkla.ch\/","logo":{"@type":"ImageObject","inLanguage":"de","@id":"https:\/\/ekkla.ch\/#\/schema\/logo\/image\/","url":"http:\/\/ekkla.ch\/wp-content\/uploads\/2019\/07\/logo-1.svg","contentUrl":"http:\/\/ekkla.ch\/wp-content\/uploads\/2019\/07\/logo-1.svg","width":1,"height":1,"caption":"Ekkla"},"image":{"@id":"https:\/\/ekkla.ch\/#\/schema\/logo\/image\/"},"sameAs":["https:\/\/www.instagram.com\/ekkla_light\/"]}]}},"_links":{"self":[{"href":"https:\/\/ekkla.ch\/de\/wp-json\/wp\/v2\/product\/146607"}],"collection":[{"href":"https:\/\/ekkla.ch\/de\/wp-json\/wp\/v2\/product"}],"about":[{"href":"https:\/\/ekkla.ch\/de\/wp-json\/wp\/v2\/types\/product"}],"wp:featuredmedia":[{"embeddable":true,"href":"https:\/\/ekkla.ch\/de\/wp-json\/wp\/v2\/media\/146391"}],"wp:attachment":[{"href":"https:\/\/ekkla.ch\/de\/wp-json\/wp\/v2\/media?parent=146607"}],"wp:term":[{"taxonomy":"product_cat","embeddable":true,"href":"https:\/\/ekkla.ch\/de\/wp-json\/wp\/v2\/product_cat?post=146607"},{"taxonomy":"product_tag","embeddable":true,"href":"https:\/\/ekkla.ch\/de\/wp-json\/wp\/v2\/product_tag?post=146607"}],"curies":[{"name":"wp","href":"https:\/\/api.w.org\/{rel}","templated":true}]}}