{"id":147040,"date":"2021-05-11T14:31:49","date_gmt":"2021-05-11T12:31:49","guid":{"rendered":"https:\/\/ekkla.ch\/produit\/leuchte-metallsockel-weiss-h-10cm\/"},"modified":"2021-12-06T17:21:03","modified_gmt":"2021-12-06T16:21:03","slug":"leuchte-metallsockel-weiss-h-10cm","status":"publish","type":"product","link":"https:\/\/ekkla.ch\/de\/produit\/leuchte-metallsockel-weiss-h-10cm\/","title":{"rendered":"Leuchte Metallsockel weiss H.10cm"},"content":{"rendered":"<p>Eine Leuchte mit vielen Facetten: mit ihrer E27-Fassung k\u00f6nnen Sie sie mit einer Gl\u00fchbirne Ihrer Wahl kombinieren und den Look der Leuchte einfach ver\u00e4ndern. Der schwarze Sockel tr\u00e4gt zu einem festlichen und glamour\u00f6sen Ambiente bei. Das minimalistische Design passt in jedes Dekor und wird Ihren Raum Tag und Nacht erhellen. Gl\u00fchbirne nicht enthalten.<\/p>\n<blockquote>\n<h2 style=\"text-align: left;\">Merkmale &amp; Eigenschaften<\/h2>\n<p style=\"text-align: left;\"><strong>Farbe<\/strong> Weiss<\/p>\n<p style=\"text-align: left;\"><strong>Material\u00a0<\/strong>Metall<\/p>\n<p style=\"text-align: left;\"><strong>Gl\u00fchbirne<\/strong> E27<\/p>\n<p style=\"text-align: left;\"><strong>Max. Leistung (W)<\/strong>\u00a025<\/p>\n<p style=\"text-align: left;\"><strong>H\u00f6he (cm)<\/strong>\u00a010<\/p>\n<p style=\"text-align: left;\"><strong>Breite (cm) <\/strong>8<\/p>\n<\/blockquote>\n","protected":false},"excerpt":{"rendered":"<p>Eine Leuchte mit vielen Facetten: mit ihrer E27-Fassung k\u00f6nnen Sie sie mit einer Gl\u00fchbirne Ihrer Wahl kombinieren und den Look der Leuchte einfach ver\u00e4ndern. Der schwarze Sockel tr\u00e4gt zu einem festlichen und glamour\u00f6sen Ambiente bei. Das minimalistische Design passt in jedes Dekor und wird Ihren Raum Tag und Nacht erhellen. Gl\u00fchbirne nicht enthalten. Merkmale &amp; [&hellip;]<\/p>\n","protected":false},"featured_media":79973,"template":"","meta":{"_acf_changed":false,"om_disable_all_campaigns":false},"product_cat":[290],"product_tag":[554,816],"bundled_by":[],"bundle_stock_status":"onbackorder","bundle_stock_quantity":null,"bundle_virtual":false,"bundle_layout":"","bundle_add_to_cart_form_location":"","bundle_editable_in_cart":false,"bundle_sold_individually_context":"","bundle_item_grouping":"","bundle_min_size":"","bundle_max_size":"","bundle_price":[],"bundled_items":[],"bundle_sell_ids":[],"acf":[],"yoast_head":"<!-- This site is optimized with the Yoast SEO Premium plugin v22.2 (Yoast SEO v22.8) - https:\/\/yoast.com\/wordpress\/plugins\/seo\/ -->\n<title>Licht-Dekoration | Sockel-Tischleuchte R\u00f6hre | Weiss | Ekkla<\/title>\n<meta name=\"description\" content=\"Eine Leuchte mit weissem Sockel, die zu einem festlichen und glamour\u00f6sen Ambiente beitr\u00e4gt und perfekt in ein Schlafzimmer, einen Wohnbereich oder in den Eingang passt.\" \/>\n<meta name=\"robots\" content=\"index, follow, max-snippet:-1, max-image-preview:large, max-video-preview:-1\" \/>\n<link rel=\"canonical\" href=\"https:\/\/ekkla.ch\/de\/produit\/leuchte-metallsockel-weiss-h-10cm\/\" \/>\n<meta property=\"og:locale\" content=\"de_DE\" \/>\n<meta property=\"og:type\" content=\"article\" \/>\n<meta property=\"og:title\" content=\"Leuchte Metallsockel weiss H.10cm\" \/>\n<meta property=\"og:description\" content=\"Eine Leuchte mit weissem Sockel, die zu einem festlichen und glamour\u00f6sen Ambiente beitr\u00e4gt und perfekt in ein Schlafzimmer, einen Wohnbereich oder in den Eingang passt.\" \/>\n<meta property=\"og:url\" content=\"https:\/\/ekkla.ch\/de\/produit\/leuchte-metallsockel-weiss-h-10cm\/\" \/>\n<meta property=\"og:site_name\" content=\"Ekkla\" \/>\n<meta property=\"article:modified_time\" content=\"2021-12-06T16:21:03+00:00\" \/>\n<meta property=\"og:image\" content=\"https:\/\/ekkla.ch\/wp-content\/uploads\/2021\/05\/Socle_Tube_Blanc_ImageProduit.jpg\" \/>\n\t<meta property=\"og:image:width\" content=\"900\" \/>\n\t<meta property=\"og:image:height\" content=\"900\" \/>\n\t<meta property=\"og:image:type\" content=\"image\/jpeg\" \/>\n<meta name=\"twitter:card\" content=\"summary_large_image\" \/>\n<script type=\"application\/ld+json\" class=\"yoast-schema-graph\">{\"@context\":\"https:\/\/schema.org\",\"@graph\":[{\"@type\":\"WebPage\",\"@id\":\"https:\/\/ekkla.ch\/de\/produit\/leuchte-metallsockel-weiss-h-10cm\/\",\"url\":\"https:\/\/ekkla.ch\/de\/produit\/leuchte-metallsockel-weiss-h-10cm\/\",\"name\":\"Licht-Dekoration | Sockel-Tischleuchte R\u00f6hre | Weiss | Ekkla\",\"isPartOf\":{\"@id\":\"https:\/\/ekkla.ch\/#website\"},\"primaryImageOfPage\":{\"@id\":\"https:\/\/ekkla.ch\/de\/produit\/leuchte-metallsockel-weiss-h-10cm\/#primaryimage\"},\"image\":{\"@id\":\"https:\/\/ekkla.ch\/de\/produit\/leuchte-metallsockel-weiss-h-10cm\/#primaryimage\"},\"thumbnailUrl\":\"https:\/\/ekkla.ch\/wp-content\/uploads\/2021\/05\/Socle_Tube_Blanc_ImageProduit.jpg\",\"datePublished\":\"2021-05-11T12:31:49+00:00\",\"dateModified\":\"2021-12-06T16:21:03+00:00\",\"description\":\"Eine Leuchte mit weissem Sockel, die zu einem festlichen und glamour\u00f6sen Ambiente beitr\u00e4gt und perfekt in ein Schlafzimmer, einen Wohnbereich oder in den Eingang passt.\",\"breadcrumb\":{\"@id\":\"https:\/\/ekkla.ch\/de\/produit\/leuchte-metallsockel-weiss-h-10cm\/#breadcrumb\"},\"inLanguage\":\"de\",\"potentialAction\":[{\"@type\":\"ReadAction\",\"target\":[\"https:\/\/ekkla.ch\/de\/produit\/leuchte-metallsockel-weiss-h-10cm\/\"]}]},{\"@type\":\"ImageObject\",\"inLanguage\":\"de\",\"@id\":\"https:\/\/ekkla.ch\/de\/produit\/leuchte-metallsockel-weiss-h-10cm\/#primaryimage\",\"url\":\"https:\/\/ekkla.ch\/wp-content\/uploads\/2021\/05\/Socle_Tube_Blanc_ImageProduit.jpg\",\"contentUrl\":\"https:\/\/ekkla.ch\/wp-content\/uploads\/2021\/05\/Socle_Tube_Blanc_ImageProduit.jpg\",\"width\":900,\"height\":900,\"caption\":\"Socle blanc tube\"},{\"@type\":\"BreadcrumbList\",\"@id\":\"https:\/\/ekkla.ch\/de\/produit\/leuchte-metallsockel-weiss-h-10cm\/#breadcrumb\",\"itemListElement\":[{\"@type\":\"ListItem\",\"position\":1,\"name\":\"Home\",\"item\":\"https:\/\/ekkla.ch\/de\/\"},{\"@type\":\"ListItem\",\"position\":2,\"name\":\"Shop\",\"item\":\"https:\/\/ekkla.ch\/de\/shop\/\"},{\"@type\":\"ListItem\",\"position\":3,\"name\":\"Leuchte Metallsockel weiss H.10cm\"}]},{\"@type\":\"WebSite\",\"@id\":\"https:\/\/ekkla.ch\/#website\",\"url\":\"https:\/\/ekkla.ch\/\",\"name\":\"Ekkla\",\"description\":\"Der Onlineshop f\u00fcr Beleuchtung\",\"publisher\":{\"@id\":\"https:\/\/ekkla.ch\/#organization\"},\"potentialAction\":[{\"@type\":\"SearchAction\",\"target\":{\"@type\":\"EntryPoint\",\"urlTemplate\":\"https:\/\/ekkla.ch\/?s={search_term_string}\"},\"query-input\":\"required name=search_term_string\"}],\"inLanguage\":\"de\"},{\"@type\":\"Organization\",\"@id\":\"https:\/\/ekkla.ch\/#organization\",\"name\":\"Ekkla\",\"url\":\"https:\/\/ekkla.ch\/\",\"logo\":{\"@type\":\"ImageObject\",\"inLanguage\":\"de\",\"@id\":\"https:\/\/ekkla.ch\/#\/schema\/logo\/image\/\",\"url\":\"http:\/\/ekkla.ch\/wp-content\/uploads\/2019\/07\/logo-1.svg\",\"contentUrl\":\"http:\/\/ekkla.ch\/wp-content\/uploads\/2019\/07\/logo-1.svg\",\"width\":1,\"height\":1,\"caption\":\"Ekkla\"},\"image\":{\"@id\":\"https:\/\/ekkla.ch\/#\/schema\/logo\/image\/\"},\"sameAs\":[\"https:\/\/www.instagram.com\/ekkla_light\/\"]}]}<\/script>\n<!-- \/ Yoast SEO Premium plugin. -->","yoast_head_json":{"title":"Licht-Dekoration | Sockel-Tischleuchte R\u00f6hre | Weiss | Ekkla","description":"Eine Leuchte mit weissem Sockel, die zu einem festlichen und glamour\u00f6sen Ambiente beitr\u00e4gt und perfekt in ein Schlafzimmer, einen Wohnbereich oder in den Eingang passt.","robots":{"index":"index","follow":"follow","max-snippet":"max-snippet:-1","max-image-preview":"max-image-preview:large","max-video-preview":"max-video-preview:-1"},"canonical":"https:\/\/ekkla.ch\/de\/produit\/leuchte-metallsockel-weiss-h-10cm\/","og_locale":"de_DE","og_type":"article","og_title":"Leuchte Metallsockel weiss H.10cm","og_description":"Eine Leuchte mit weissem Sockel, die zu einem festlichen und glamour\u00f6sen Ambiente beitr\u00e4gt und perfekt in ein Schlafzimmer, einen Wohnbereich oder in den Eingang passt.","og_url":"https:\/\/ekkla.ch\/de\/produit\/leuchte-metallsockel-weiss-h-10cm\/","og_site_name":"Ekkla","article_modified_time":"2021-12-06T16:21:03+00:00","og_image":[{"width":900,"height":900,"url":"https:\/\/ekkla.ch\/wp-content\/uploads\/2021\/05\/Socle_Tube_Blanc_ImageProduit.jpg","type":"image\/jpeg"}],"twitter_card":"summary_large_image","schema":{"@context":"https:\/\/schema.org","@graph":[{"@type":"WebPage","@id":"https:\/\/ekkla.ch\/de\/produit\/leuchte-metallsockel-weiss-h-10cm\/","url":"https:\/\/ekkla.ch\/de\/produit\/leuchte-metallsockel-weiss-h-10cm\/","name":"Licht-Dekoration | Sockel-Tischleuchte R\u00f6hre | Weiss | Ekkla","isPartOf":{"@id":"https:\/\/ekkla.ch\/#website"},"primaryImageOfPage":{"@id":"https:\/\/ekkla.ch\/de\/produit\/leuchte-metallsockel-weiss-h-10cm\/#primaryimage"},"image":{"@id":"https:\/\/ekkla.ch\/de\/produit\/leuchte-metallsockel-weiss-h-10cm\/#primaryimage"},"thumbnailUrl":"https:\/\/ekkla.ch\/wp-content\/uploads\/2021\/05\/Socle_Tube_Blanc_ImageProduit.jpg","datePublished":"2021-05-11T12:31:49+00:00","dateModified":"2021-12-06T16:21:03+00:00","description":"Eine Leuchte mit weissem Sockel, die zu einem festlichen und glamour\u00f6sen Ambiente beitr\u00e4gt und perfekt in ein Schlafzimmer, einen Wohnbereich oder in den Eingang passt.","breadcrumb":{"@id":"https:\/\/ekkla.ch\/de\/produit\/leuchte-metallsockel-weiss-h-10cm\/#breadcrumb"},"inLanguage":"de","potentialAction":[{"@type":"ReadAction","target":["https:\/\/ekkla.ch\/de\/produit\/leuchte-metallsockel-weiss-h-10cm\/"]}]},{"@type":"ImageObject","inLanguage":"de","@id":"https:\/\/ekkla.ch\/de\/produit\/leuchte-metallsockel-weiss-h-10cm\/#primaryimage","url":"https:\/\/ekkla.ch\/wp-content\/uploads\/2021\/05\/Socle_Tube_Blanc_ImageProduit.jpg","contentUrl":"https:\/\/ekkla.ch\/wp-content\/uploads\/2021\/05\/Socle_Tube_Blanc_ImageProduit.jpg","width":900,"height":900,"caption":"Socle blanc tube"},{"@type":"BreadcrumbList","@id":"https:\/\/ekkla.ch\/de\/produit\/leuchte-metallsockel-weiss-h-10cm\/#breadcrumb","itemListElement":[{"@type":"ListItem","position":1,"name":"Home","item":"https:\/\/ekkla.ch\/de\/"},{"@type":"ListItem","position":2,"name":"Shop","item":"https:\/\/ekkla.ch\/de\/shop\/"},{"@type":"ListItem","position":3,"name":"Leuchte Metallsockel weiss H.10cm"}]},{"@type":"WebSite","@id":"https:\/\/ekkla.ch\/#website","url":"https:\/\/ekkla.ch\/","name":"Ekkla","description":"Der Onlineshop f\u00fcr Beleuchtung","publisher":{"@id":"https:\/\/ekkla.ch\/#organization"},"potentialAction":[{"@type":"SearchAction","target":{"@type":"EntryPoint","urlTemplate":"https:\/\/ekkla.ch\/?s={search_term_string}"},"query-input":"required name=search_term_string"}],"inLanguage":"de"},{"@type":"Organization","@id":"https:\/\/ekkla.ch\/#organization","name":"Ekkla","url":"https:\/\/ekkla.ch\/","logo":{"@type":"ImageObject","inLanguage":"de","@id":"https:\/\/ekkla.ch\/#\/schema\/logo\/image\/","url":"http:\/\/ekkla.ch\/wp-content\/uploads\/2019\/07\/logo-1.svg","contentUrl":"http:\/\/ekkla.ch\/wp-content\/uploads\/2019\/07\/logo-1.svg","width":1,"height":1,"caption":"Ekkla"},"image":{"@id":"https:\/\/ekkla.ch\/#\/schema\/logo\/image\/"},"sameAs":["https:\/\/www.instagram.com\/ekkla_light\/"]}]}},"_links":{"self":[{"href":"https:\/\/ekkla.ch\/de\/wp-json\/wp\/v2\/product\/147040"}],"collection":[{"href":"https:\/\/ekkla.ch\/de\/wp-json\/wp\/v2\/product"}],"about":[{"href":"https:\/\/ekkla.ch\/de\/wp-json\/wp\/v2\/types\/product"}],"wp:featuredmedia":[{"embeddable":true,"href":"https:\/\/ekkla.ch\/de\/wp-json\/wp\/v2\/media\/79973"}],"wp:attachment":[{"href":"https:\/\/ekkla.ch\/de\/wp-json\/wp\/v2\/media?parent=147040"}],"wp:term":[{"taxonomy":"product_cat","embeddable":true,"href":"https:\/\/ekkla.ch\/de\/wp-json\/wp\/v2\/product_cat?post=147040"},{"taxonomy":"product_tag","embeddable":true,"href":"https:\/\/ekkla.ch\/de\/wp-json\/wp\/v2\/product_tag?post=147040"}],"curies":[{"name":"wp","href":"https:\/\/api.w.org\/{rel}","templated":true}]}}