{"id":147041,"date":"2021-05-11T15:11:54","date_gmt":"2021-05-11T13:11:54","guid":{"rendered":"https:\/\/ekkla.ch\/produit\/leuchte-metallsockel-schwarz\/"},"modified":"2022-07-28T11:50:53","modified_gmt":"2022-07-28T09:50:53","slug":"leuchte-metallsockel-schwarz","status":"publish","type":"product","link":"https:\/\/ekkla.ch\/de\/produit\/leuchte-metallsockel-schwarz\/","title":{"rendered":"Leuchte Metallsockel schwarz H.8,5cm"},"content":{"rendered":"<p>Eine Leuchte mit vielen Facetten: mit ihrer E27-Fassung k\u00f6nnen Sie sie mit einer Gl\u00fchbirne Ihrer Wahl kombinieren und den Look der Leuchte einfach ver\u00e4ndern. Der schwarze Sockel tr\u00e4gt zu einem festlichen und glamour\u00f6sen Ambiente bei. Das minimalistische Design passt in jedes Dekor und wird Ihren Raum Tag und Nacht erhellen. Gl\u00fchbirne nicht enthalten.<\/p>\n<blockquote>\n<h2 style=\"text-align: left;\">Merkmale &amp; Eigenschaften<\/h2>\n<p style=\"text-align: left;\"><strong>Farbe<\/strong> Schwarz<\/p>\n<p style=\"text-align: left;\"><strong>Material\u00a0<\/strong>Metall<\/p>\n<p style=\"text-align: left;\"><strong>Gl\u00fchbirne<\/strong> E27<\/p>\n<p style=\"text-align: left;\"><strong>Max. Leistung (W)<\/strong> 40<\/p>\n<p style=\"text-align: left;\"><strong>H\u00f6he (cm)<\/strong>\u00a08,5<\/p>\n<p style=\"text-align: left;\"><strong>Breite (cm)\u00a0<\/strong>12<\/p>\n<\/blockquote>\n","protected":false},"excerpt":{"rendered":"<p>Eine Leuchte mit vielen Facetten: mit ihrer E27-Fassung k\u00f6nnen Sie sie mit einer Gl\u00fchbirne Ihrer Wahl kombinieren und den Look der Leuchte einfach ver\u00e4ndern. Der schwarze Sockel tr\u00e4gt zu einem festlichen und glamour\u00f6sen Ambiente bei. Das minimalistische Design passt in jedes Dekor und wird Ihren Raum Tag und Nacht erhellen. Gl\u00fchbirne nicht enthalten. Merkmale &amp; [&hellip;]<\/p>\n","protected":false},"featured_media":79994,"template":"","meta":{"_acf_changed":false,"om_disable_all_campaigns":false},"product_cat":[290],"product_tag":[554,816],"bundled_by":[],"bundle_stock_status":"onbackorder","bundle_stock_quantity":0,"bundle_virtual":false,"bundle_layout":"","bundle_add_to_cart_form_location":"","bundle_editable_in_cart":false,"bundle_sold_individually_context":"","bundle_item_grouping":"","bundle_min_size":"","bundle_max_size":"","bundle_price":[],"bundled_items":[],"bundle_sell_ids":[],"acf":[],"yoast_head":"<!-- This site is optimized with the Yoast SEO Premium plugin v22.2 (Yoast SEO v22.8) - https:\/\/yoast.com\/wordpress\/plugins\/seo\/ -->\n<title>Licht-Dekoration | Schwarze Sockel-Tischleuchte | Ekkla<\/title>\n<meta name=\"description\" content=\"Eine Leuchte mit schwarzem Sockel, die zu einem festlichen und glamour\u00f6sen Ambiente beitr\u00e4gt und perfekt in ein Schlafzimmer, einen Wohnbereich oder in den Eingang passt.\" \/>\n<meta name=\"robots\" content=\"index, follow, max-snippet:-1, max-image-preview:large, max-video-preview:-1\" \/>\n<link rel=\"canonical\" href=\"https:\/\/ekkla.ch\/de\/produit\/leuchte-metallsockel-schwarz\/\" \/>\n<meta property=\"og:locale\" content=\"de_DE\" \/>\n<meta property=\"og:type\" content=\"article\" \/>\n<meta property=\"og:title\" content=\"Leuchte Metallsockel schwarz H.8,5cm\" \/>\n<meta property=\"og:description\" content=\"Eine Leuchte mit schwarzem Sockel, die zu einem festlichen und glamour\u00f6sen Ambiente beitr\u00e4gt und perfekt in ein Schlafzimmer, einen Wohnbereich oder in den Eingang passt.\" \/>\n<meta property=\"og:url\" content=\"https:\/\/ekkla.ch\/de\/produit\/leuchte-metallsockel-schwarz\/\" \/>\n<meta property=\"og:site_name\" content=\"Ekkla\" \/>\n<meta property=\"article:modified_time\" content=\"2022-07-28T09:50:53+00:00\" \/>\n<meta property=\"og:image\" content=\"https:\/\/ekkla.ch\/wp-content\/uploads\/2021\/05\/Socle_Noir_ImageProduit2.jpg\" \/>\n\t<meta property=\"og:image:width\" content=\"900\" \/>\n\t<meta property=\"og:image:height\" content=\"900\" \/>\n\t<meta property=\"og:image:type\" content=\"image\/jpeg\" \/>\n<meta name=\"twitter:card\" content=\"summary_large_image\" \/>\n<script type=\"application\/ld+json\" class=\"yoast-schema-graph\">{\"@context\":\"https:\/\/schema.org\",\"@graph\":[{\"@type\":\"WebPage\",\"@id\":\"https:\/\/ekkla.ch\/de\/produit\/leuchte-metallsockel-schwarz\/\",\"url\":\"https:\/\/ekkla.ch\/de\/produit\/leuchte-metallsockel-schwarz\/\",\"name\":\"Licht-Dekoration | Schwarze Sockel-Tischleuchte | Ekkla\",\"isPartOf\":{\"@id\":\"https:\/\/ekkla.ch\/#website\"},\"primaryImageOfPage\":{\"@id\":\"https:\/\/ekkla.ch\/de\/produit\/leuchte-metallsockel-schwarz\/#primaryimage\"},\"image\":{\"@id\":\"https:\/\/ekkla.ch\/de\/produit\/leuchte-metallsockel-schwarz\/#primaryimage\"},\"thumbnailUrl\":\"https:\/\/ekkla.ch\/wp-content\/uploads\/2021\/05\/Socle_Noir_ImageProduit2.jpg\",\"datePublished\":\"2021-05-11T13:11:54+00:00\",\"dateModified\":\"2022-07-28T09:50:53+00:00\",\"description\":\"Eine Leuchte mit schwarzem Sockel, die zu einem festlichen und glamour\u00f6sen Ambiente beitr\u00e4gt und perfekt in ein Schlafzimmer, einen Wohnbereich oder in den Eingang passt.\",\"breadcrumb\":{\"@id\":\"https:\/\/ekkla.ch\/de\/produit\/leuchte-metallsockel-schwarz\/#breadcrumb\"},\"inLanguage\":\"de\",\"potentialAction\":[{\"@type\":\"ReadAction\",\"target\":[\"https:\/\/ekkla.ch\/de\/produit\/leuchte-metallsockel-schwarz\/\"]}]},{\"@type\":\"ImageObject\",\"inLanguage\":\"de\",\"@id\":\"https:\/\/ekkla.ch\/de\/produit\/leuchte-metallsockel-schwarz\/#primaryimage\",\"url\":\"https:\/\/ekkla.ch\/wp-content\/uploads\/2021\/05\/Socle_Noir_ImageProduit2.jpg\",\"contentUrl\":\"https:\/\/ekkla.ch\/wp-content\/uploads\/2021\/05\/Socle_Noir_ImageProduit2.jpg\",\"width\":900,\"height\":900,\"caption\":\"Socle noir Ampoule\"},{\"@type\":\"BreadcrumbList\",\"@id\":\"https:\/\/ekkla.ch\/de\/produit\/leuchte-metallsockel-schwarz\/#breadcrumb\",\"itemListElement\":[{\"@type\":\"ListItem\",\"position\":1,\"name\":\"Home\",\"item\":\"https:\/\/ekkla.ch\/de\/\"},{\"@type\":\"ListItem\",\"position\":2,\"name\":\"Shop\",\"item\":\"https:\/\/ekkla.ch\/de\/shop\/\"},{\"@type\":\"ListItem\",\"position\":3,\"name\":\"Leuchte Metallsockel schwarz H.8,5cm\"}]},{\"@type\":\"WebSite\",\"@id\":\"https:\/\/ekkla.ch\/#website\",\"url\":\"https:\/\/ekkla.ch\/\",\"name\":\"Ekkla\",\"description\":\"Der Onlineshop f\u00fcr Beleuchtung\",\"publisher\":{\"@id\":\"https:\/\/ekkla.ch\/#organization\"},\"potentialAction\":[{\"@type\":\"SearchAction\",\"target\":{\"@type\":\"EntryPoint\",\"urlTemplate\":\"https:\/\/ekkla.ch\/?s={search_term_string}\"},\"query-input\":\"required name=search_term_string\"}],\"inLanguage\":\"de\"},{\"@type\":\"Organization\",\"@id\":\"https:\/\/ekkla.ch\/#organization\",\"name\":\"Ekkla\",\"url\":\"https:\/\/ekkla.ch\/\",\"logo\":{\"@type\":\"ImageObject\",\"inLanguage\":\"de\",\"@id\":\"https:\/\/ekkla.ch\/#\/schema\/logo\/image\/\",\"url\":\"http:\/\/ekkla.ch\/wp-content\/uploads\/2019\/07\/logo-1.svg\",\"contentUrl\":\"http:\/\/ekkla.ch\/wp-content\/uploads\/2019\/07\/logo-1.svg\",\"width\":1,\"height\":1,\"caption\":\"Ekkla\"},\"image\":{\"@id\":\"https:\/\/ekkla.ch\/#\/schema\/logo\/image\/\"},\"sameAs\":[\"https:\/\/www.instagram.com\/ekkla_light\/\"]}]}<\/script>\n<!-- \/ Yoast SEO Premium plugin. -->","yoast_head_json":{"title":"Licht-Dekoration | Schwarze Sockel-Tischleuchte | Ekkla","description":"Eine Leuchte mit schwarzem Sockel, die zu einem festlichen und glamour\u00f6sen Ambiente beitr\u00e4gt und perfekt in ein Schlafzimmer, einen Wohnbereich oder in den Eingang passt.","robots":{"index":"index","follow":"follow","max-snippet":"max-snippet:-1","max-image-preview":"max-image-preview:large","max-video-preview":"max-video-preview:-1"},"canonical":"https:\/\/ekkla.ch\/de\/produit\/leuchte-metallsockel-schwarz\/","og_locale":"de_DE","og_type":"article","og_title":"Leuchte Metallsockel schwarz H.8,5cm","og_description":"Eine Leuchte mit schwarzem Sockel, die zu einem festlichen und glamour\u00f6sen Ambiente beitr\u00e4gt und perfekt in ein Schlafzimmer, einen Wohnbereich oder in den Eingang passt.","og_url":"https:\/\/ekkla.ch\/de\/produit\/leuchte-metallsockel-schwarz\/","og_site_name":"Ekkla","article_modified_time":"2022-07-28T09:50:53+00:00","og_image":[{"width":900,"height":900,"url":"https:\/\/ekkla.ch\/wp-content\/uploads\/2021\/05\/Socle_Noir_ImageProduit2.jpg","type":"image\/jpeg"}],"twitter_card":"summary_large_image","schema":{"@context":"https:\/\/schema.org","@graph":[{"@type":"WebPage","@id":"https:\/\/ekkla.ch\/de\/produit\/leuchte-metallsockel-schwarz\/","url":"https:\/\/ekkla.ch\/de\/produit\/leuchte-metallsockel-schwarz\/","name":"Licht-Dekoration | Schwarze Sockel-Tischleuchte | Ekkla","isPartOf":{"@id":"https:\/\/ekkla.ch\/#website"},"primaryImageOfPage":{"@id":"https:\/\/ekkla.ch\/de\/produit\/leuchte-metallsockel-schwarz\/#primaryimage"},"image":{"@id":"https:\/\/ekkla.ch\/de\/produit\/leuchte-metallsockel-schwarz\/#primaryimage"},"thumbnailUrl":"https:\/\/ekkla.ch\/wp-content\/uploads\/2021\/05\/Socle_Noir_ImageProduit2.jpg","datePublished":"2021-05-11T13:11:54+00:00","dateModified":"2022-07-28T09:50:53+00:00","description":"Eine Leuchte mit schwarzem Sockel, die zu einem festlichen und glamour\u00f6sen Ambiente beitr\u00e4gt und perfekt in ein Schlafzimmer, einen Wohnbereich oder in den Eingang passt.","breadcrumb":{"@id":"https:\/\/ekkla.ch\/de\/produit\/leuchte-metallsockel-schwarz\/#breadcrumb"},"inLanguage":"de","potentialAction":[{"@type":"ReadAction","target":["https:\/\/ekkla.ch\/de\/produit\/leuchte-metallsockel-schwarz\/"]}]},{"@type":"ImageObject","inLanguage":"de","@id":"https:\/\/ekkla.ch\/de\/produit\/leuchte-metallsockel-schwarz\/#primaryimage","url":"https:\/\/ekkla.ch\/wp-content\/uploads\/2021\/05\/Socle_Noir_ImageProduit2.jpg","contentUrl":"https:\/\/ekkla.ch\/wp-content\/uploads\/2021\/05\/Socle_Noir_ImageProduit2.jpg","width":900,"height":900,"caption":"Socle noir Ampoule"},{"@type":"BreadcrumbList","@id":"https:\/\/ekkla.ch\/de\/produit\/leuchte-metallsockel-schwarz\/#breadcrumb","itemListElement":[{"@type":"ListItem","position":1,"name":"Home","item":"https:\/\/ekkla.ch\/de\/"},{"@type":"ListItem","position":2,"name":"Shop","item":"https:\/\/ekkla.ch\/de\/shop\/"},{"@type":"ListItem","position":3,"name":"Leuchte Metallsockel schwarz H.8,5cm"}]},{"@type":"WebSite","@id":"https:\/\/ekkla.ch\/#website","url":"https:\/\/ekkla.ch\/","name":"Ekkla","description":"Der Onlineshop f\u00fcr Beleuchtung","publisher":{"@id":"https:\/\/ekkla.ch\/#organization"},"potentialAction":[{"@type":"SearchAction","target":{"@type":"EntryPoint","urlTemplate":"https:\/\/ekkla.ch\/?s={search_term_string}"},"query-input":"required name=search_term_string"}],"inLanguage":"de"},{"@type":"Organization","@id":"https:\/\/ekkla.ch\/#organization","name":"Ekkla","url":"https:\/\/ekkla.ch\/","logo":{"@type":"ImageObject","inLanguage":"de","@id":"https:\/\/ekkla.ch\/#\/schema\/logo\/image\/","url":"http:\/\/ekkla.ch\/wp-content\/uploads\/2019\/07\/logo-1.svg","contentUrl":"http:\/\/ekkla.ch\/wp-content\/uploads\/2019\/07\/logo-1.svg","width":1,"height":1,"caption":"Ekkla"},"image":{"@id":"https:\/\/ekkla.ch\/#\/schema\/logo\/image\/"},"sameAs":["https:\/\/www.instagram.com\/ekkla_light\/"]}]}},"_links":{"self":[{"href":"https:\/\/ekkla.ch\/de\/wp-json\/wp\/v2\/product\/147041"}],"collection":[{"href":"https:\/\/ekkla.ch\/de\/wp-json\/wp\/v2\/product"}],"about":[{"href":"https:\/\/ekkla.ch\/de\/wp-json\/wp\/v2\/types\/product"}],"wp:featuredmedia":[{"embeddable":true,"href":"https:\/\/ekkla.ch\/de\/wp-json\/wp\/v2\/media\/79994"}],"wp:attachment":[{"href":"https:\/\/ekkla.ch\/de\/wp-json\/wp\/v2\/media?parent=147041"}],"wp:term":[{"taxonomy":"product_cat","embeddable":true,"href":"https:\/\/ekkla.ch\/de\/wp-json\/wp\/v2\/product_cat?post=147041"},{"taxonomy":"product_tag","embeddable":true,"href":"https:\/\/ekkla.ch\/de\/wp-json\/wp\/v2\/product_tag?post=147041"}],"curies":[{"name":"wp","href":"https:\/\/api.w.org\/{rel}","templated":true}]}}