{"id":147044,"date":"2020-07-27T15:18:58","date_gmt":"2020-07-27T13:18:58","guid":{"rendered":"https:\/\/ekkla.ch\/produit\/hangeleuchte-asteria-petrol-umage\/"},"modified":"2022-11-01T23:00:12","modified_gmt":"2022-11-01T22:00:12","slug":"hangeleuchte-asteria-petrol-umage","status":"publish","type":"product","link":"https:\/\/ekkla.ch\/de\/produit\/hangeleuchte-asteria-petrol-umage\/","title":{"rendered":"H\u00e4ngeleuchte Asteria petrol &#8211; Umage"},"content":{"rendered":"<p>Die H\u00e4ngeleuchte Asteria wurde von Anders Klem f\u00fcr die d\u00e4nische Marke Umage entworfen. Ihr schlichtes Design sowie ihre integrierte LED bringen einen skandinavischen Touch in Ihre Dekoration. Die Leuchte wurde durch eine gekonnte Kombination von Design, Technologie und Handwerkskunst geschaffen, was ihren grafischen und dennoch eleganten Look erkl\u00e4rt. Die Helligkeit der Lampe l\u00e4sst sich einstellen, was sie zu einer idealen Leuchte \u00fcber einem Esstisch oder in einem B\u00fcro macht.<\/p>\n<h2>Merkmale &amp; Eigenschaften<\/h2>\n<p><strong>\u00a0 \u00a0 \u00a0 Marke <\/strong>Umage<\/p>\n<p><strong>\u00a0 \u00a0 \u00a0 Farbe<\/strong>\u00a0Petrol<\/p>\n<p><strong>\u00a0 \u00a0 \u00a0 Materialien<\/strong> Aluminium | Stahl | PMMA<\/p>\n<p><strong>\u00a0 \u00a0 \u00a0 Leuchtmittel<\/strong>\u00a0Integrierte LED (dimmbar)<\/p>\n<p><strong>\u00a0 \u00a0 \u00a0 Lumen (lm)\u00a0<\/strong>1300<\/p>\n<p><strong>\u00a0 \u00a0 \u00a0 Kelvin (k) <\/strong>3000<\/p>\n<p><strong>\u00a0 \u00a0 \u00a0 Durchmesser (cm) <\/strong>43<\/p>\n<p><strong>\u00a0 \u00a0 \u00a0 Gewicht (kg) <\/strong>4.7<\/p>\n","protected":false},"excerpt":{"rendered":"<p>Die H\u00e4ngeleuchte Asteria wurde von Anders Klem f\u00fcr die d\u00e4nische Marke Umage entworfen. Ihr schlichtes Design sowie ihre integrierte LED bringen einen skandinavischen Touch in Ihre Dekoration. Die Leuchte wurde durch eine gekonnte Kombination von Design, Technologie und Handwerkskunst geschaffen, was ihren grafischen und dennoch eleganten Look erkl\u00e4rt. Die Helligkeit der Lampe l\u00e4sst sich einstellen, [&hellip;]<\/p>\n","protected":false},"featured_media":29781,"template":"","meta":{"_acf_changed":false,"om_disable_all_campaigns":false},"product_cat":[291],"product_tag":[900,554,1188,816,936,775],"bundled_by":[],"bundle_stock_status":"onbackorder","bundle_stock_quantity":0,"bundle_virtual":false,"bundle_layout":"","bundle_add_to_cart_form_location":"","bundle_editable_in_cart":false,"bundle_sold_individually_context":"","bundle_item_grouping":"","bundle_min_size":"","bundle_max_size":"","bundle_price":[],"bundled_items":[],"bundle_sell_ids":[],"acf":[],"yoast_head":"<!-- This site is optimized with the Yoast SEO Premium plugin v22.2 (Yoast SEO v22.8) - https:\/\/yoast.com\/wordpress\/plugins\/seo\/ -->\n<title>Umage | H\u00e4ngeleuchte Asteria | Integrierte LED | Skandinavisches Design | Ekkla<\/title>\n<meta name=\"description\" content=\"Eine Leuchte mit schlichtem Design, die Ihrer Dekoration einen skandinavischen Touch verleiht. Integrierte LED. Ideal \u00fcber einem Esstisch.\" \/>\n<meta name=\"robots\" content=\"index, follow, max-snippet:-1, max-image-preview:large, max-video-preview:-1\" \/>\n<link rel=\"canonical\" href=\"https:\/\/ekkla.ch\/de\/produit\/hangeleuchte-asteria-petrol-umage\/\" \/>\n<meta property=\"og:locale\" content=\"de_DE\" \/>\n<meta property=\"og:type\" content=\"article\" \/>\n<meta property=\"og:title\" content=\"H\u00e4ngeleuchte Asteria petrol - Umage\" \/>\n<meta property=\"og:description\" content=\"Eine Leuchte mit schlichtem Design, die Ihrer Dekoration einen skandinavischen Touch verleiht. Integrierte LED. Ideal \u00fcber einem Esstisch.\" \/>\n<meta property=\"og:url\" content=\"https:\/\/ekkla.ch\/de\/produit\/hangeleuchte-asteria-petrol-umage\/\" \/>\n<meta property=\"og:site_name\" content=\"Ekkla\" \/>\n<meta property=\"article:modified_time\" content=\"2022-11-01T22:00:12+00:00\" \/>\n<meta property=\"og:image\" content=\"https:\/\/ekkla.ch\/wp-content\/uploads\/2020\/07\/Umage_asteria_bleu.png\" \/>\n\t<meta property=\"og:image:width\" content=\"1771\" \/>\n\t<meta property=\"og:image:height\" content=\"1771\" \/>\n\t<meta property=\"og:image:type\" content=\"image\/png\" \/>\n<meta name=\"twitter:card\" content=\"summary_large_image\" \/>\n<script type=\"application\/ld+json\" class=\"yoast-schema-graph\">{\"@context\":\"https:\/\/schema.org\",\"@graph\":[{\"@type\":\"WebPage\",\"@id\":\"https:\/\/ekkla.ch\/de\/produit\/hangeleuchte-asteria-petrol-umage\/\",\"url\":\"https:\/\/ekkla.ch\/de\/produit\/hangeleuchte-asteria-petrol-umage\/\",\"name\":\"Umage | H\u00e4ngeleuchte Asteria | Integrierte LED | Skandinavisches Design | Ekkla\",\"isPartOf\":{\"@id\":\"https:\/\/ekkla.ch\/#website\"},\"primaryImageOfPage\":{\"@id\":\"https:\/\/ekkla.ch\/de\/produit\/hangeleuchte-asteria-petrol-umage\/#primaryimage\"},\"image\":{\"@id\":\"https:\/\/ekkla.ch\/de\/produit\/hangeleuchte-asteria-petrol-umage\/#primaryimage\"},\"thumbnailUrl\":\"https:\/\/ekkla.ch\/wp-content\/uploads\/2020\/07\/Umage_asteria_bleu.png\",\"datePublished\":\"2020-07-27T13:18:58+00:00\",\"dateModified\":\"2022-11-01T22:00:12+00:00\",\"description\":\"Eine Leuchte mit schlichtem Design, die Ihrer Dekoration einen skandinavischen Touch verleiht. Integrierte LED. Ideal \u00fcber einem Esstisch.\",\"breadcrumb\":{\"@id\":\"https:\/\/ekkla.ch\/de\/produit\/hangeleuchte-asteria-petrol-umage\/#breadcrumb\"},\"inLanguage\":\"de\",\"potentialAction\":[{\"@type\":\"ReadAction\",\"target\":[\"https:\/\/ekkla.ch\/de\/produit\/hangeleuchte-asteria-petrol-umage\/\"]}]},{\"@type\":\"ImageObject\",\"inLanguage\":\"de\",\"@id\":\"https:\/\/ekkla.ch\/de\/produit\/hangeleuchte-asteria-petrol-umage\/#primaryimage\",\"url\":\"https:\/\/ekkla.ch\/wp-content\/uploads\/2020\/07\/Umage_asteria_bleu.png\",\"contentUrl\":\"https:\/\/ekkla.ch\/wp-content\/uploads\/2020\/07\/Umage_asteria_bleu.png\",\"width\":1771,\"height\":1771,\"caption\":\"Suspension Asteria Umage\"},{\"@type\":\"BreadcrumbList\",\"@id\":\"https:\/\/ekkla.ch\/de\/produit\/hangeleuchte-asteria-petrol-umage\/#breadcrumb\",\"itemListElement\":[{\"@type\":\"ListItem\",\"position\":1,\"name\":\"Home\",\"item\":\"https:\/\/ekkla.ch\/de\/\"},{\"@type\":\"ListItem\",\"position\":2,\"name\":\"Shop\",\"item\":\"https:\/\/ekkla.ch\/de\/shop\/\"},{\"@type\":\"ListItem\",\"position\":3,\"name\":\"H\u00e4ngeleuchte Asteria petrol &#8211; Umage\"}]},{\"@type\":\"WebSite\",\"@id\":\"https:\/\/ekkla.ch\/#website\",\"url\":\"https:\/\/ekkla.ch\/\",\"name\":\"Ekkla\",\"description\":\"Der Onlineshop f\u00fcr Beleuchtung\",\"publisher\":{\"@id\":\"https:\/\/ekkla.ch\/#organization\"},\"potentialAction\":[{\"@type\":\"SearchAction\",\"target\":{\"@type\":\"EntryPoint\",\"urlTemplate\":\"https:\/\/ekkla.ch\/?s={search_term_string}\"},\"query-input\":\"required name=search_term_string\"}],\"inLanguage\":\"de\"},{\"@type\":\"Organization\",\"@id\":\"https:\/\/ekkla.ch\/#organization\",\"name\":\"Ekkla\",\"url\":\"https:\/\/ekkla.ch\/\",\"logo\":{\"@type\":\"ImageObject\",\"inLanguage\":\"de\",\"@id\":\"https:\/\/ekkla.ch\/#\/schema\/logo\/image\/\",\"url\":\"http:\/\/ekkla.ch\/wp-content\/uploads\/2019\/07\/logo-1.svg\",\"contentUrl\":\"http:\/\/ekkla.ch\/wp-content\/uploads\/2019\/07\/logo-1.svg\",\"width\":1,\"height\":1,\"caption\":\"Ekkla\"},\"image\":{\"@id\":\"https:\/\/ekkla.ch\/#\/schema\/logo\/image\/\"},\"sameAs\":[\"https:\/\/www.instagram.com\/ekkla_light\/\"]}]}<\/script>\n<!-- \/ Yoast SEO Premium plugin. -->","yoast_head_json":{"title":"Umage | H\u00e4ngeleuchte Asteria | Integrierte LED | Skandinavisches Design | Ekkla","description":"Eine Leuchte mit schlichtem Design, die Ihrer Dekoration einen skandinavischen Touch verleiht. Integrierte LED. Ideal \u00fcber einem Esstisch.","robots":{"index":"index","follow":"follow","max-snippet":"max-snippet:-1","max-image-preview":"max-image-preview:large","max-video-preview":"max-video-preview:-1"},"canonical":"https:\/\/ekkla.ch\/de\/produit\/hangeleuchte-asteria-petrol-umage\/","og_locale":"de_DE","og_type":"article","og_title":"H\u00e4ngeleuchte Asteria petrol - Umage","og_description":"Eine Leuchte mit schlichtem Design, die Ihrer Dekoration einen skandinavischen Touch verleiht. Integrierte LED. Ideal \u00fcber einem Esstisch.","og_url":"https:\/\/ekkla.ch\/de\/produit\/hangeleuchte-asteria-petrol-umage\/","og_site_name":"Ekkla","article_modified_time":"2022-11-01T22:00:12+00:00","og_image":[{"width":1771,"height":1771,"url":"https:\/\/ekkla.ch\/wp-content\/uploads\/2020\/07\/Umage_asteria_bleu.png","type":"image\/png"}],"twitter_card":"summary_large_image","schema":{"@context":"https:\/\/schema.org","@graph":[{"@type":"WebPage","@id":"https:\/\/ekkla.ch\/de\/produit\/hangeleuchte-asteria-petrol-umage\/","url":"https:\/\/ekkla.ch\/de\/produit\/hangeleuchte-asteria-petrol-umage\/","name":"Umage | H\u00e4ngeleuchte Asteria | Integrierte LED | Skandinavisches Design | Ekkla","isPartOf":{"@id":"https:\/\/ekkla.ch\/#website"},"primaryImageOfPage":{"@id":"https:\/\/ekkla.ch\/de\/produit\/hangeleuchte-asteria-petrol-umage\/#primaryimage"},"image":{"@id":"https:\/\/ekkla.ch\/de\/produit\/hangeleuchte-asteria-petrol-umage\/#primaryimage"},"thumbnailUrl":"https:\/\/ekkla.ch\/wp-content\/uploads\/2020\/07\/Umage_asteria_bleu.png","datePublished":"2020-07-27T13:18:58+00:00","dateModified":"2022-11-01T22:00:12+00:00","description":"Eine Leuchte mit schlichtem Design, die Ihrer Dekoration einen skandinavischen Touch verleiht. Integrierte LED. Ideal \u00fcber einem Esstisch.","breadcrumb":{"@id":"https:\/\/ekkla.ch\/de\/produit\/hangeleuchte-asteria-petrol-umage\/#breadcrumb"},"inLanguage":"de","potentialAction":[{"@type":"ReadAction","target":["https:\/\/ekkla.ch\/de\/produit\/hangeleuchte-asteria-petrol-umage\/"]}]},{"@type":"ImageObject","inLanguage":"de","@id":"https:\/\/ekkla.ch\/de\/produit\/hangeleuchte-asteria-petrol-umage\/#primaryimage","url":"https:\/\/ekkla.ch\/wp-content\/uploads\/2020\/07\/Umage_asteria_bleu.png","contentUrl":"https:\/\/ekkla.ch\/wp-content\/uploads\/2020\/07\/Umage_asteria_bleu.png","width":1771,"height":1771,"caption":"Suspension Asteria Umage"},{"@type":"BreadcrumbList","@id":"https:\/\/ekkla.ch\/de\/produit\/hangeleuchte-asteria-petrol-umage\/#breadcrumb","itemListElement":[{"@type":"ListItem","position":1,"name":"Home","item":"https:\/\/ekkla.ch\/de\/"},{"@type":"ListItem","position":2,"name":"Shop","item":"https:\/\/ekkla.ch\/de\/shop\/"},{"@type":"ListItem","position":3,"name":"H\u00e4ngeleuchte Asteria petrol &#8211; Umage"}]},{"@type":"WebSite","@id":"https:\/\/ekkla.ch\/#website","url":"https:\/\/ekkla.ch\/","name":"Ekkla","description":"Der Onlineshop f\u00fcr Beleuchtung","publisher":{"@id":"https:\/\/ekkla.ch\/#organization"},"potentialAction":[{"@type":"SearchAction","target":{"@type":"EntryPoint","urlTemplate":"https:\/\/ekkla.ch\/?s={search_term_string}"},"query-input":"required name=search_term_string"}],"inLanguage":"de"},{"@type":"Organization","@id":"https:\/\/ekkla.ch\/#organization","name":"Ekkla","url":"https:\/\/ekkla.ch\/","logo":{"@type":"ImageObject","inLanguage":"de","@id":"https:\/\/ekkla.ch\/#\/schema\/logo\/image\/","url":"http:\/\/ekkla.ch\/wp-content\/uploads\/2019\/07\/logo-1.svg","contentUrl":"http:\/\/ekkla.ch\/wp-content\/uploads\/2019\/07\/logo-1.svg","width":1,"height":1,"caption":"Ekkla"},"image":{"@id":"https:\/\/ekkla.ch\/#\/schema\/logo\/image\/"},"sameAs":["https:\/\/www.instagram.com\/ekkla_light\/"]}]}},"_links":{"self":[{"href":"https:\/\/ekkla.ch\/de\/wp-json\/wp\/v2\/product\/147044"}],"collection":[{"href":"https:\/\/ekkla.ch\/de\/wp-json\/wp\/v2\/product"}],"about":[{"href":"https:\/\/ekkla.ch\/de\/wp-json\/wp\/v2\/types\/product"}],"wp:featuredmedia":[{"embeddable":true,"href":"https:\/\/ekkla.ch\/de\/wp-json\/wp\/v2\/media\/29781"}],"wp:attachment":[{"href":"https:\/\/ekkla.ch\/de\/wp-json\/wp\/v2\/media?parent=147044"}],"wp:term":[{"taxonomy":"product_cat","embeddable":true,"href":"https:\/\/ekkla.ch\/de\/wp-json\/wp\/v2\/product_cat?post=147044"},{"taxonomy":"product_tag","embeddable":true,"href":"https:\/\/ekkla.ch\/de\/wp-json\/wp\/v2\/product_tag?post=147044"}],"curies":[{"name":"wp","href":"https:\/\/api.w.org\/{rel}","templated":true}]}}