{"id":14761,"date":"2020-01-31T14:57:42","date_gmt":"2020-01-31T13:57:43","guid":{"rendered":"https:\/\/ekkla.ch\/?post_type=product&#038;p=14761"},"modified":"2024-04-25T21:00:27","modified_gmt":"2024-04-25T19:00:27","slug":"wandleuchte-kalimantan-mini-good-mojo","status":"publish","type":"product","link":"https:\/\/ekkla.ch\/de\/produit\/wandleuchte-kalimantan-mini-good-mojo\/","title":{"rendered":"Wandleuchte Kalimantan S &#8211; Bambus &#8211; \u00d844 &#8211; Good &#038; Mojo"},"content":{"rendered":"<p>Diese Wandleuchte aus Bambus aus der Good &amp; Mojo Collection zeichnet sich durch ihr luftiges Design aus und verleiht Ihrem Zuhause einen nat\u00fcrlichen und raffinierten Touch. Sie ist vollst\u00e4ndig von Hand aus einer Mischung aus nat\u00fcrlichem und schwarzem Bambus geflochten und verleiht Ihrer Einrichtung Eleganz. Sie passt perfekt in ein Wohnzimmer, ein Schlafzimmer oder \u00fcber den Esstisch. Ein Boh\u00e8me-Stil f\u00fcr diese Wandleuchte, die nat\u00fcrliches Material und zeitgen\u00f6ssisches Design gekonnt miteinander verbindet, in einem aktuellen Ethno-Chic-Look. Die Gl\u00fchbirne ist nicht inbegriffen.<\/p>\n<p>Die Marke Good &amp; Mojo umfasst \u00f6kologisch verantwortungsvolle Leuchten, die ausschliesslich aus nachhaltigen und\/oder recycelten Materialien bestehen. Die meisten dieser Leuchten werden von den Handwerkern einer Gemeinschaft in einem kleinen vietnamesischen Dorf handgefertigt.\u00a0F\u00fcr jede verkaufte Lampe der Good &amp; Mojo-Kollektion werden 5% an die <a href=\"https:\/\/waka-waka.com\/de\/\">WakaWaka<\/a>-Stiftung gespendet, die Solarbeleuchtungsl\u00f6sungen f\u00fcr bed\u00fcrftige Bev\u00f6lkerungsgruppen bereitstellt.<\/p>\n<blockquote>\n<h2 style=\"text-align: left;\">Merkmale &amp; Eigenschaften<\/h2>\n<p><strong>Marke<\/strong> Good &amp; Mojo<\/p>\n<p style=\"text-align: left;\"><strong>Farben<\/strong> Naturholz und schwarz<\/p>\n<p style=\"text-align: left;\"><strong>Materialien<\/strong> Bambus und Metall<\/p>\n<p style=\"text-align: left;\"><strong>Gl\u00fchbirne<\/strong>\u00a0E27<\/p>\n<p style=\"text-align: left;\"><strong>Max. Leistung (W)<\/strong>\u00a060<\/p>\n<p style=\"text-align: left;\"><strong>Durchmesser (cm)<\/strong>\u00a044<\/p>\n<\/blockquote>\n","protected":false},"excerpt":{"rendered":"<p>Diese Wandleuchte aus Bambus aus der Good &amp; Mojo Collection zeichnet sich durch ihr luftiges Design aus und verleiht Ihrem Zuhause einen nat\u00fcrlichen und raffinierten Touch. Sie ist vollst\u00e4ndig von Hand aus einer Mischung aus nat\u00fcrlichem und schwarzem Bambus geflochten und verleiht Ihrer Einrichtung Eleganz. Sie passt perfekt in ein Wohnzimmer, ein Schlafzimmer oder \u00fcber [&hellip;]<\/p>\n","protected":false},"featured_media":1873,"template":"","meta":{"_acf_changed":false,"om_disable_all_campaigns":false},"product_cat":[286],"product_tag":[1258,898,554,1188,816,704,603],"bundled_by":[],"bundle_stock_status":"onbackorder","bundle_stock_quantity":0,"bundle_virtual":false,"bundle_layout":"","bundle_add_to_cart_form_location":"","bundle_editable_in_cart":false,"bundle_sold_individually_context":"","bundle_item_grouping":"","bundle_min_size":"","bundle_max_size":"","bundle_price":[],"bundled_items":[],"bundle_sell_ids":[],"acf":[],"yoast_head":"<!-- This site is optimized with the Yoast SEO Premium plugin v22.2 (Yoast SEO v22.8) - https:\/\/yoast.com\/wordpress\/plugins\/seo\/ -->\n<title>Good &amp; Mojo | Wandleuchte Kalimantan | Eco-friendly | Ekkla<\/title>\n<meta name=\"description\" content=\"Eine Wandleuchte aus handgeflochtenem Bambus. Eine trendige, ethische und dekorative Leuchte, die Ihre W\u00e4nde im Boh\u00e8me-Stil schm\u00fcckt.\" \/>\n<meta name=\"robots\" content=\"index, follow, max-snippet:-1, max-image-preview:large, max-video-preview:-1\" \/>\n<link rel=\"canonical\" href=\"https:\/\/ekkla.ch\/de\/produit\/wandleuchte-kalimantan-mini-good-mojo\/\" \/>\n<meta property=\"og:locale\" content=\"de_DE\" \/>\n<meta property=\"og:type\" content=\"article\" \/>\n<meta property=\"og:title\" content=\"Wandleuchte Kalimantan S - Bambus - \u00d844 - Good &amp; Mojo\" \/>\n<meta property=\"og:description\" content=\"Eine Wandleuchte aus handgeflochtenem Bambus. Eine trendige, ethische und dekorative Leuchte, die Ihre W\u00e4nde im Boh\u00e8me-Stil schm\u00fcckt.\" \/>\n<meta property=\"og:url\" content=\"https:\/\/ekkla.ch\/de\/produit\/wandleuchte-kalimantan-mini-good-mojo\/\" \/>\n<meta property=\"og:site_name\" content=\"Ekkla\" \/>\n<meta property=\"article:modified_time\" content=\"2024-04-25T19:00:27+00:00\" \/>\n<meta property=\"og:image\" content=\"https:\/\/ekkla.ch\/wp-content\/uploads\/2019\/06\/Applique_Kalimantan_small_2.jpg\" \/>\n\t<meta property=\"og:image:width\" content=\"1771\" \/>\n\t<meta property=\"og:image:height\" content=\"1771\" \/>\n\t<meta property=\"og:image:type\" content=\"image\/jpeg\" \/>\n<meta name=\"twitter:card\" content=\"summary_large_image\" \/>\n<meta name=\"twitter:label1\" content=\"Gesch\u00e4tzte Lesezeit\" \/>\n\t<meta name=\"twitter:data1\" content=\"1\u00a0Minute\" \/>\n<script type=\"application\/ld+json\" class=\"yoast-schema-graph\">{\"@context\":\"https:\/\/schema.org\",\"@graph\":[{\"@type\":\"WebPage\",\"@id\":\"https:\/\/ekkla.ch\/de\/produit\/wandleuchte-kalimantan-mini-good-mojo\/\",\"url\":\"https:\/\/ekkla.ch\/de\/produit\/wandleuchte-kalimantan-mini-good-mojo\/\",\"name\":\"Good & Mojo | Wandleuchte Kalimantan | Eco-friendly | Ekkla\",\"isPartOf\":{\"@id\":\"https:\/\/ekkla.ch\/#website\"},\"primaryImageOfPage\":{\"@id\":\"https:\/\/ekkla.ch\/de\/produit\/wandleuchte-kalimantan-mini-good-mojo\/#primaryimage\"},\"image\":{\"@id\":\"https:\/\/ekkla.ch\/de\/produit\/wandleuchte-kalimantan-mini-good-mojo\/#primaryimage\"},\"thumbnailUrl\":\"https:\/\/ekkla.ch\/wp-content\/uploads\/2019\/06\/Applique_Kalimantan_small_2.jpg\",\"datePublished\":\"2020-01-31T13:57:43+00:00\",\"dateModified\":\"2024-04-25T19:00:27+00:00\",\"description\":\"Eine Wandleuchte aus handgeflochtenem Bambus. Eine trendige, ethische und dekorative Leuchte, die Ihre W\u00e4nde im Boh\u00e8me-Stil schm\u00fcckt.\",\"breadcrumb\":{\"@id\":\"https:\/\/ekkla.ch\/de\/produit\/wandleuchte-kalimantan-mini-good-mojo\/#breadcrumb\"},\"inLanguage\":\"de\",\"potentialAction\":[{\"@type\":\"ReadAction\",\"target\":[\"https:\/\/ekkla.ch\/de\/produit\/wandleuchte-kalimantan-mini-good-mojo\/\"]}]},{\"@type\":\"ImageObject\",\"inLanguage\":\"de\",\"@id\":\"https:\/\/ekkla.ch\/de\/produit\/wandleuchte-kalimantan-mini-good-mojo\/#primaryimage\",\"url\":\"https:\/\/ekkla.ch\/wp-content\/uploads\/2019\/06\/Applique_Kalimantan_small_2.jpg\",\"contentUrl\":\"https:\/\/ekkla.ch\/wp-content\/uploads\/2019\/06\/Applique_Kalimantan_small_2.jpg\",\"width\":1771,\"height\":1771},{\"@type\":\"BreadcrumbList\",\"@id\":\"https:\/\/ekkla.ch\/de\/produit\/wandleuchte-kalimantan-mini-good-mojo\/#breadcrumb\",\"itemListElement\":[{\"@type\":\"ListItem\",\"position\":1,\"name\":\"Home\",\"item\":\"https:\/\/ekkla.ch\/de\/\"},{\"@type\":\"ListItem\",\"position\":2,\"name\":\"Shop\",\"item\":\"https:\/\/ekkla.ch\/de\/shop\/\"},{\"@type\":\"ListItem\",\"position\":3,\"name\":\"Wandleuchte Kalimantan S &#8211; Bambus &#8211; \u00d844 &#8211; Good &#038; Mojo\"}]},{\"@type\":\"WebSite\",\"@id\":\"https:\/\/ekkla.ch\/#website\",\"url\":\"https:\/\/ekkla.ch\/\",\"name\":\"Ekkla\",\"description\":\"Der Onlineshop f\u00fcr Beleuchtung\",\"publisher\":{\"@id\":\"https:\/\/ekkla.ch\/#organization\"},\"potentialAction\":[{\"@type\":\"SearchAction\",\"target\":{\"@type\":\"EntryPoint\",\"urlTemplate\":\"https:\/\/ekkla.ch\/?s={search_term_string}\"},\"query-input\":\"required name=search_term_string\"}],\"inLanguage\":\"de\"},{\"@type\":\"Organization\",\"@id\":\"https:\/\/ekkla.ch\/#organization\",\"name\":\"Ekkla\",\"url\":\"https:\/\/ekkla.ch\/\",\"logo\":{\"@type\":\"ImageObject\",\"inLanguage\":\"de\",\"@id\":\"https:\/\/ekkla.ch\/#\/schema\/logo\/image\/\",\"url\":\"http:\/\/ekkla.ch\/wp-content\/uploads\/2019\/07\/logo-1.svg\",\"contentUrl\":\"http:\/\/ekkla.ch\/wp-content\/uploads\/2019\/07\/logo-1.svg\",\"width\":1,\"height\":1,\"caption\":\"Ekkla\"},\"image\":{\"@id\":\"https:\/\/ekkla.ch\/#\/schema\/logo\/image\/\"},\"sameAs\":[\"https:\/\/www.instagram.com\/ekkla_light\/\"]}]}<\/script>\n<!-- \/ Yoast SEO Premium plugin. -->","yoast_head_json":{"title":"Good & Mojo | Wandleuchte Kalimantan | Eco-friendly | Ekkla","description":"Eine Wandleuchte aus handgeflochtenem Bambus. Eine trendige, ethische und dekorative Leuchte, die Ihre W\u00e4nde im Boh\u00e8me-Stil schm\u00fcckt.","robots":{"index":"index","follow":"follow","max-snippet":"max-snippet:-1","max-image-preview":"max-image-preview:large","max-video-preview":"max-video-preview:-1"},"canonical":"https:\/\/ekkla.ch\/de\/produit\/wandleuchte-kalimantan-mini-good-mojo\/","og_locale":"de_DE","og_type":"article","og_title":"Wandleuchte Kalimantan S - Bambus - \u00d844 - Good & Mojo","og_description":"Eine Wandleuchte aus handgeflochtenem Bambus. Eine trendige, ethische und dekorative Leuchte, die Ihre W\u00e4nde im Boh\u00e8me-Stil schm\u00fcckt.","og_url":"https:\/\/ekkla.ch\/de\/produit\/wandleuchte-kalimantan-mini-good-mojo\/","og_site_name":"Ekkla","article_modified_time":"2024-04-25T19:00:27+00:00","og_image":[{"width":1771,"height":1771,"url":"https:\/\/ekkla.ch\/wp-content\/uploads\/2019\/06\/Applique_Kalimantan_small_2.jpg","type":"image\/jpeg"}],"twitter_card":"summary_large_image","twitter_misc":{"Gesch\u00e4tzte Lesezeit":"1\u00a0Minute"},"schema":{"@context":"https:\/\/schema.org","@graph":[{"@type":"WebPage","@id":"https:\/\/ekkla.ch\/de\/produit\/wandleuchte-kalimantan-mini-good-mojo\/","url":"https:\/\/ekkla.ch\/de\/produit\/wandleuchte-kalimantan-mini-good-mojo\/","name":"Good & Mojo | Wandleuchte Kalimantan | Eco-friendly | Ekkla","isPartOf":{"@id":"https:\/\/ekkla.ch\/#website"},"primaryImageOfPage":{"@id":"https:\/\/ekkla.ch\/de\/produit\/wandleuchte-kalimantan-mini-good-mojo\/#primaryimage"},"image":{"@id":"https:\/\/ekkla.ch\/de\/produit\/wandleuchte-kalimantan-mini-good-mojo\/#primaryimage"},"thumbnailUrl":"https:\/\/ekkla.ch\/wp-content\/uploads\/2019\/06\/Applique_Kalimantan_small_2.jpg","datePublished":"2020-01-31T13:57:43+00:00","dateModified":"2024-04-25T19:00:27+00:00","description":"Eine Wandleuchte aus handgeflochtenem Bambus. Eine trendige, ethische und dekorative Leuchte, die Ihre W\u00e4nde im Boh\u00e8me-Stil schm\u00fcckt.","breadcrumb":{"@id":"https:\/\/ekkla.ch\/de\/produit\/wandleuchte-kalimantan-mini-good-mojo\/#breadcrumb"},"inLanguage":"de","potentialAction":[{"@type":"ReadAction","target":["https:\/\/ekkla.ch\/de\/produit\/wandleuchte-kalimantan-mini-good-mojo\/"]}]},{"@type":"ImageObject","inLanguage":"de","@id":"https:\/\/ekkla.ch\/de\/produit\/wandleuchte-kalimantan-mini-good-mojo\/#primaryimage","url":"https:\/\/ekkla.ch\/wp-content\/uploads\/2019\/06\/Applique_Kalimantan_small_2.jpg","contentUrl":"https:\/\/ekkla.ch\/wp-content\/uploads\/2019\/06\/Applique_Kalimantan_small_2.jpg","width":1771,"height":1771},{"@type":"BreadcrumbList","@id":"https:\/\/ekkla.ch\/de\/produit\/wandleuchte-kalimantan-mini-good-mojo\/#breadcrumb","itemListElement":[{"@type":"ListItem","position":1,"name":"Home","item":"https:\/\/ekkla.ch\/de\/"},{"@type":"ListItem","position":2,"name":"Shop","item":"https:\/\/ekkla.ch\/de\/shop\/"},{"@type":"ListItem","position":3,"name":"Wandleuchte Kalimantan S &#8211; Bambus &#8211; \u00d844 &#8211; Good &#038; Mojo"}]},{"@type":"WebSite","@id":"https:\/\/ekkla.ch\/#website","url":"https:\/\/ekkla.ch\/","name":"Ekkla","description":"Der Onlineshop f\u00fcr Beleuchtung","publisher":{"@id":"https:\/\/ekkla.ch\/#organization"},"potentialAction":[{"@type":"SearchAction","target":{"@type":"EntryPoint","urlTemplate":"https:\/\/ekkla.ch\/?s={search_term_string}"},"query-input":"required name=search_term_string"}],"inLanguage":"de"},{"@type":"Organization","@id":"https:\/\/ekkla.ch\/#organization","name":"Ekkla","url":"https:\/\/ekkla.ch\/","logo":{"@type":"ImageObject","inLanguage":"de","@id":"https:\/\/ekkla.ch\/#\/schema\/logo\/image\/","url":"http:\/\/ekkla.ch\/wp-content\/uploads\/2019\/07\/logo-1.svg","contentUrl":"http:\/\/ekkla.ch\/wp-content\/uploads\/2019\/07\/logo-1.svg","width":1,"height":1,"caption":"Ekkla"},"image":{"@id":"https:\/\/ekkla.ch\/#\/schema\/logo\/image\/"},"sameAs":["https:\/\/www.instagram.com\/ekkla_light\/"]}]}},"_links":{"self":[{"href":"https:\/\/ekkla.ch\/de\/wp-json\/wp\/v2\/product\/14761"}],"collection":[{"href":"https:\/\/ekkla.ch\/de\/wp-json\/wp\/v2\/product"}],"about":[{"href":"https:\/\/ekkla.ch\/de\/wp-json\/wp\/v2\/types\/product"}],"wp:featuredmedia":[{"embeddable":true,"href":"https:\/\/ekkla.ch\/de\/wp-json\/wp\/v2\/media\/1873"}],"wp:attachment":[{"href":"https:\/\/ekkla.ch\/de\/wp-json\/wp\/v2\/media?parent=14761"}],"wp:term":[{"taxonomy":"product_cat","embeddable":true,"href":"https:\/\/ekkla.ch\/de\/wp-json\/wp\/v2\/product_cat?post=14761"},{"taxonomy":"product_tag","embeddable":true,"href":"https:\/\/ekkla.ch\/de\/wp-json\/wp\/v2\/product_tag?post=14761"}],"curies":[{"name":"wp","href":"https:\/\/api.w.org\/{rel}","templated":true}]}}