{"id":149172,"date":"2022-01-21T14:05:44","date_gmt":"2022-01-21T13:05:44","guid":{"rendered":"https:\/\/ekkla.ch\/produit\/lichterkette-hoop-l-1200-typ-j-kaktus-fermob\/"},"modified":"2024-07-07T09:27:34","modified_gmt":"2024-07-07T07:27:34","slug":"lichterkette-hoop-l-1200-typ-j-kaktus-fermob","status":"publish","type":"product","link":"https:\/\/ekkla.ch\/de\/produit\/lichterkette-hoop-l-1200-typ-j-kaktus-fermob\/","title":{"rendered":"Lichterkette Hoop L.1200 Typ J Kaktus &#8211; Fermob"},"content":{"rendered":"<p>Die\u00a0Lichterkette HOOP\u00a0L1200, mit dem sanften und kurvigen Design, bietet so viel mehr\u00a0\u2026 Sie ist eine gro\u00dfartige\u00a0Beleuchtungsl\u00f6sung\u00a0\u00fcber den K\u00f6pfen, die ebenso einfallsreich &amp; leuchtend wie dekorativ ist \u2013 wer kann dem schon widerstehen?<\/p>\n<p>HOOP L1200 bietet eine praktische und kr\u00e4ftige Beleuchtung \u00fcber den K\u00f6pfen. Sie besteht aus 8 Ringen, die sich um 360\u00b0 ausrichten lassen und jeweils 120 lm abgeben.<\/p>\n<p>Perfekt auf der\u00a0Terrasse\u00a0oder im hintersten Winkel des\u00a0Gartens, denn ihr mattschwarzes Kabel mit einer L\u00e4nge von 12 Metern (davon 6 m f\u00fcr eine einfachere Anbringung) verschmilzt mit dem Hintergrund, damit nur diese einzigartige Beleuchtung ins Auge sticht. Nur die Leuchtringe sind sichtbar, wie Lichth\u00f6fe, die schwerelos in der Dunkelheit schweben. F\u00fcr einen garantierten Wow-Effekt!<\/p>\n<p>Sie ist mit einem Dimmerschalter ausgestattet, so dass Sie die Helligkeit passend zur Tageszeit anpassen k\u00f6nnen! Sie kann dank der 2 raffinierten Befestigungssysteme\u00a0an beiden Enden des 6,20 m langen Leuchtkabels einfach in einen Baum oder auf eine andere Halterung geh\u00e4ngt werden.<\/p>\n<p>Sie wurde f\u00fcr die\u00a0Outdoornutzung\u00a0konzipiert und ihr Design mit den Materialien ABS und Polycarbonat sorgt f\u00fcr UV-Best\u00e4ndigkeit und Wetterfestigkeit (Schutzart IP54) &amp; Sto\u00dffestigkeit (IK 6). Sie kann dank dem outdoorgeeigneten Versorgungssystem (IP 67) am Stromnetz angeschlossen werden. Nach der Montage kann man sie einfach vergessen!<\/p>\n<p>Denn diese Lichterkette ist \u201eintelligent\u201c! Sie ist mit\u00a0Bluetooth-Technologie f\u00fcr die Fernbedienung \u00fcber die App Fermob lighting ausgestattet. Diese Anwendung bietet zahlreiche Funktionen, um die Helligkeit ganz nach Wunsch einzustellen.<\/p>\n<blockquote>\n<h2 style=\"text-align: left;\">Merkmale und Eigenschaften<\/h2>\n<p style=\"text-align: left;\"><strong>Farbe<\/strong> Kaktus<\/p>\n<p style=\"text-align: left;\"><strong>Material<\/strong> ABS und Polycarbonat<\/p>\n<p style=\"text-align: left;\"><strong>Stromversorgung<\/strong> Integrierte LED&#8217;s (25W)<\/p>\n<p><strong>Lichtstrom (Im)<\/strong> 960<\/p>\n<p><strong>Schutzklasse (IP)\u00a0<\/strong>54<\/p>\n<p><strong>Versorgungsart <\/strong>\u00a0Netz<\/p>\n<p><strong>L\u00e4nge (cm)<\/strong> 1200<\/p>\n<p><strong>Lichtschlauch (cm)<\/strong> 620 (8 Ringe)<\/p>\n<p><strong>Gewicht (kg)<\/strong> 2.2<\/p><\/blockquote>\n<p>&nbsp;<\/p>\n<p>&nbsp;<\/p>\n","protected":false},"excerpt":{"rendered":"<p>Die\u00a0Lichterkette HOOP\u00a0L1200, mit dem sanften und kurvigen Design, bietet so viel mehr\u00a0\u2026 Sie ist eine gro\u00dfartige\u00a0Beleuchtungsl\u00f6sung\u00a0\u00fcber den K\u00f6pfen, die ebenso einfallsreich &amp; leuchtend wie dekorativ ist \u2013 wer kann dem schon widerstehen? HOOP L1200 bietet eine praktische und kr\u00e4ftige Beleuchtung \u00fcber den K\u00f6pfen. Sie besteht aus 8 Ringen, die sich um 360\u00b0 ausrichten lassen und [&hellip;]<\/p>\n","protected":false},"featured_media":149670,"template":"","meta":{"_acf_changed":false,"om_disable_all_campaigns":false},"product_cat":[396],"product_tag":[1254,1265,1022],"bundled_by":[],"bundle_stock_status":"onbackorder","bundle_stock_quantity":0,"bundle_virtual":false,"bundle_layout":"","bundle_add_to_cart_form_location":"","bundle_editable_in_cart":false,"bundle_sold_individually_context":"","bundle_item_grouping":"","bundle_min_size":"","bundle_max_size":"","bundle_price":[],"bundled_items":[],"bundle_sell_ids":[],"acf":[],"yoast_head":"<!-- This site is optimized with the Yoast SEO Premium plugin v22.2 (Yoast SEO v22.8) - https:\/\/yoast.com\/wordpress\/plugins\/seo\/ -->\n<title>Fermob | Lichterkette Hoop L.1200 | Kaktus | Gratis Lieferung | Ekkla<\/title>\n<meta name=\"description\" content=\"Widerstandsf\u00e4hige Lichterkette f\u00fcr den Au\u00dfen- oder Innenbereich. Verbundene Bluetooth-Funktionen, um die Stimmung \u00fcber Ihr Smartphone zu \u00e4ndern.\" \/>\n<meta name=\"robots\" content=\"index, follow, max-snippet:-1, max-image-preview:large, max-video-preview:-1\" \/>\n<link rel=\"canonical\" href=\"https:\/\/ekkla.ch\/de\/produit\/lichterkette-hoop-l-1200-typ-j-kaktus-fermob\/\" \/>\n<meta property=\"og:locale\" content=\"de_DE\" \/>\n<meta property=\"og:type\" content=\"article\" \/>\n<meta property=\"og:title\" content=\"Lichterkette Hoop L.1200 Typ J Kaktus - Fermob\" \/>\n<meta property=\"og:description\" content=\"Widerstandsf\u00e4hige Lichterkette f\u00fcr den Au\u00dfen- oder Innenbereich. Verbundene Bluetooth-Funktionen, um die Stimmung \u00fcber Ihr Smartphone zu \u00e4ndern.\" \/>\n<meta property=\"og:url\" content=\"https:\/\/ekkla.ch\/de\/produit\/lichterkette-hoop-l-1200-typ-j-kaktus-fermob\/\" \/>\n<meta property=\"og:site_name\" content=\"Ekkla\" \/>\n<meta property=\"article:modified_time\" content=\"2024-07-07T07:27:34+00:00\" \/>\n<meta property=\"og:image\" content=\"https:\/\/ekkla.ch\/wp-content\/uploads\/2022\/01\/guirlande-Cactus_Image-produit.jpg\" \/>\n\t<meta property=\"og:image:width\" content=\"900\" \/>\n\t<meta property=\"og:image:height\" content=\"900\" \/>\n\t<meta property=\"og:image:type\" content=\"image\/jpeg\" \/>\n<meta name=\"twitter:card\" content=\"summary_large_image\" \/>\n<meta name=\"twitter:label1\" content=\"Gesch\u00e4tzte Lesezeit\" \/>\n\t<meta name=\"twitter:data1\" content=\"1\u00a0Minute\" \/>\n<script type=\"application\/ld+json\" class=\"yoast-schema-graph\">{\"@context\":\"https:\/\/schema.org\",\"@graph\":[{\"@type\":\"WebPage\",\"@id\":\"https:\/\/ekkla.ch\/de\/produit\/lichterkette-hoop-l-1200-typ-j-kaktus-fermob\/\",\"url\":\"https:\/\/ekkla.ch\/de\/produit\/lichterkette-hoop-l-1200-typ-j-kaktus-fermob\/\",\"name\":\"Fermob | Lichterkette Hoop L.1200 | Kaktus | Gratis Lieferung | Ekkla\",\"isPartOf\":{\"@id\":\"https:\/\/ekkla.ch\/#website\"},\"primaryImageOfPage\":{\"@id\":\"https:\/\/ekkla.ch\/de\/produit\/lichterkette-hoop-l-1200-typ-j-kaktus-fermob\/#primaryimage\"},\"image\":{\"@id\":\"https:\/\/ekkla.ch\/de\/produit\/lichterkette-hoop-l-1200-typ-j-kaktus-fermob\/#primaryimage\"},\"thumbnailUrl\":\"https:\/\/ekkla.ch\/wp-content\/uploads\/2022\/01\/guirlande-Cactus_Image-produit.jpg\",\"datePublished\":\"2022-01-21T13:05:44+00:00\",\"dateModified\":\"2024-07-07T07:27:34+00:00\",\"description\":\"Widerstandsf\u00e4hige Lichterkette f\u00fcr den Au\u00dfen- oder Innenbereich. Verbundene Bluetooth-Funktionen, um die Stimmung \u00fcber Ihr Smartphone zu \u00e4ndern.\",\"breadcrumb\":{\"@id\":\"https:\/\/ekkla.ch\/de\/produit\/lichterkette-hoop-l-1200-typ-j-kaktus-fermob\/#breadcrumb\"},\"inLanguage\":\"de\",\"potentialAction\":[{\"@type\":\"ReadAction\",\"target\":[\"https:\/\/ekkla.ch\/de\/produit\/lichterkette-hoop-l-1200-typ-j-kaktus-fermob\/\"]}]},{\"@type\":\"ImageObject\",\"inLanguage\":\"de\",\"@id\":\"https:\/\/ekkla.ch\/de\/produit\/lichterkette-hoop-l-1200-typ-j-kaktus-fermob\/#primaryimage\",\"url\":\"https:\/\/ekkla.ch\/wp-content\/uploads\/2022\/01\/guirlande-Cactus_Image-produit.jpg\",\"contentUrl\":\"https:\/\/ekkla.ch\/wp-content\/uploads\/2022\/01\/guirlande-Cactus_Image-produit.jpg\",\"width\":900,\"height\":900},{\"@type\":\"BreadcrumbList\",\"@id\":\"https:\/\/ekkla.ch\/de\/produit\/lichterkette-hoop-l-1200-typ-j-kaktus-fermob\/#breadcrumb\",\"itemListElement\":[{\"@type\":\"ListItem\",\"position\":1,\"name\":\"Home\",\"item\":\"https:\/\/ekkla.ch\/de\/\"},{\"@type\":\"ListItem\",\"position\":2,\"name\":\"Shop\",\"item\":\"https:\/\/ekkla.ch\/de\/shop\/\"},{\"@type\":\"ListItem\",\"position\":3,\"name\":\"Lichterkette Hoop L.1200 Typ J Kaktus &#8211; Fermob\"}]},{\"@type\":\"WebSite\",\"@id\":\"https:\/\/ekkla.ch\/#website\",\"url\":\"https:\/\/ekkla.ch\/\",\"name\":\"Ekkla\",\"description\":\"Der Onlineshop f\u00fcr Beleuchtung\",\"publisher\":{\"@id\":\"https:\/\/ekkla.ch\/#organization\"},\"potentialAction\":[{\"@type\":\"SearchAction\",\"target\":{\"@type\":\"EntryPoint\",\"urlTemplate\":\"https:\/\/ekkla.ch\/?s={search_term_string}\"},\"query-input\":\"required name=search_term_string\"}],\"inLanguage\":\"de\"},{\"@type\":\"Organization\",\"@id\":\"https:\/\/ekkla.ch\/#organization\",\"name\":\"Ekkla\",\"url\":\"https:\/\/ekkla.ch\/\",\"logo\":{\"@type\":\"ImageObject\",\"inLanguage\":\"de\",\"@id\":\"https:\/\/ekkla.ch\/#\/schema\/logo\/image\/\",\"url\":\"http:\/\/ekkla.ch\/wp-content\/uploads\/2019\/07\/logo-1.svg\",\"contentUrl\":\"http:\/\/ekkla.ch\/wp-content\/uploads\/2019\/07\/logo-1.svg\",\"width\":1,\"height\":1,\"caption\":\"Ekkla\"},\"image\":{\"@id\":\"https:\/\/ekkla.ch\/#\/schema\/logo\/image\/\"},\"sameAs\":[\"https:\/\/www.instagram.com\/ekkla_light\/\"]}]}<\/script>\n<!-- \/ Yoast SEO Premium plugin. -->","yoast_head_json":{"title":"Fermob | Lichterkette Hoop L.1200 | Kaktus | Gratis Lieferung | Ekkla","description":"Widerstandsf\u00e4hige Lichterkette f\u00fcr den Au\u00dfen- oder Innenbereich. Verbundene Bluetooth-Funktionen, um die Stimmung \u00fcber Ihr Smartphone zu \u00e4ndern.","robots":{"index":"index","follow":"follow","max-snippet":"max-snippet:-1","max-image-preview":"max-image-preview:large","max-video-preview":"max-video-preview:-1"},"canonical":"https:\/\/ekkla.ch\/de\/produit\/lichterkette-hoop-l-1200-typ-j-kaktus-fermob\/","og_locale":"de_DE","og_type":"article","og_title":"Lichterkette Hoop L.1200 Typ J Kaktus - Fermob","og_description":"Widerstandsf\u00e4hige Lichterkette f\u00fcr den Au\u00dfen- oder Innenbereich. Verbundene Bluetooth-Funktionen, um die Stimmung \u00fcber Ihr Smartphone zu \u00e4ndern.","og_url":"https:\/\/ekkla.ch\/de\/produit\/lichterkette-hoop-l-1200-typ-j-kaktus-fermob\/","og_site_name":"Ekkla","article_modified_time":"2024-07-07T07:27:34+00:00","og_image":[{"width":900,"height":900,"url":"https:\/\/ekkla.ch\/wp-content\/uploads\/2022\/01\/guirlande-Cactus_Image-produit.jpg","type":"image\/jpeg"}],"twitter_card":"summary_large_image","twitter_misc":{"Gesch\u00e4tzte Lesezeit":"1\u00a0Minute"},"schema":{"@context":"https:\/\/schema.org","@graph":[{"@type":"WebPage","@id":"https:\/\/ekkla.ch\/de\/produit\/lichterkette-hoop-l-1200-typ-j-kaktus-fermob\/","url":"https:\/\/ekkla.ch\/de\/produit\/lichterkette-hoop-l-1200-typ-j-kaktus-fermob\/","name":"Fermob | Lichterkette Hoop L.1200 | Kaktus | Gratis Lieferung | Ekkla","isPartOf":{"@id":"https:\/\/ekkla.ch\/#website"},"primaryImageOfPage":{"@id":"https:\/\/ekkla.ch\/de\/produit\/lichterkette-hoop-l-1200-typ-j-kaktus-fermob\/#primaryimage"},"image":{"@id":"https:\/\/ekkla.ch\/de\/produit\/lichterkette-hoop-l-1200-typ-j-kaktus-fermob\/#primaryimage"},"thumbnailUrl":"https:\/\/ekkla.ch\/wp-content\/uploads\/2022\/01\/guirlande-Cactus_Image-produit.jpg","datePublished":"2022-01-21T13:05:44+00:00","dateModified":"2024-07-07T07:27:34+00:00","description":"Widerstandsf\u00e4hige Lichterkette f\u00fcr den Au\u00dfen- oder Innenbereich. Verbundene Bluetooth-Funktionen, um die Stimmung \u00fcber Ihr Smartphone zu \u00e4ndern.","breadcrumb":{"@id":"https:\/\/ekkla.ch\/de\/produit\/lichterkette-hoop-l-1200-typ-j-kaktus-fermob\/#breadcrumb"},"inLanguage":"de","potentialAction":[{"@type":"ReadAction","target":["https:\/\/ekkla.ch\/de\/produit\/lichterkette-hoop-l-1200-typ-j-kaktus-fermob\/"]}]},{"@type":"ImageObject","inLanguage":"de","@id":"https:\/\/ekkla.ch\/de\/produit\/lichterkette-hoop-l-1200-typ-j-kaktus-fermob\/#primaryimage","url":"https:\/\/ekkla.ch\/wp-content\/uploads\/2022\/01\/guirlande-Cactus_Image-produit.jpg","contentUrl":"https:\/\/ekkla.ch\/wp-content\/uploads\/2022\/01\/guirlande-Cactus_Image-produit.jpg","width":900,"height":900},{"@type":"BreadcrumbList","@id":"https:\/\/ekkla.ch\/de\/produit\/lichterkette-hoop-l-1200-typ-j-kaktus-fermob\/#breadcrumb","itemListElement":[{"@type":"ListItem","position":1,"name":"Home","item":"https:\/\/ekkla.ch\/de\/"},{"@type":"ListItem","position":2,"name":"Shop","item":"https:\/\/ekkla.ch\/de\/shop\/"},{"@type":"ListItem","position":3,"name":"Lichterkette Hoop L.1200 Typ J Kaktus &#8211; Fermob"}]},{"@type":"WebSite","@id":"https:\/\/ekkla.ch\/#website","url":"https:\/\/ekkla.ch\/","name":"Ekkla","description":"Der Onlineshop f\u00fcr Beleuchtung","publisher":{"@id":"https:\/\/ekkla.ch\/#organization"},"potentialAction":[{"@type":"SearchAction","target":{"@type":"EntryPoint","urlTemplate":"https:\/\/ekkla.ch\/?s={search_term_string}"},"query-input":"required name=search_term_string"}],"inLanguage":"de"},{"@type":"Organization","@id":"https:\/\/ekkla.ch\/#organization","name":"Ekkla","url":"https:\/\/ekkla.ch\/","logo":{"@type":"ImageObject","inLanguage":"de","@id":"https:\/\/ekkla.ch\/#\/schema\/logo\/image\/","url":"http:\/\/ekkla.ch\/wp-content\/uploads\/2019\/07\/logo-1.svg","contentUrl":"http:\/\/ekkla.ch\/wp-content\/uploads\/2019\/07\/logo-1.svg","width":1,"height":1,"caption":"Ekkla"},"image":{"@id":"https:\/\/ekkla.ch\/#\/schema\/logo\/image\/"},"sameAs":["https:\/\/www.instagram.com\/ekkla_light\/"]}]}},"_links":{"self":[{"href":"https:\/\/ekkla.ch\/de\/wp-json\/wp\/v2\/product\/149172"}],"collection":[{"href":"https:\/\/ekkla.ch\/de\/wp-json\/wp\/v2\/product"}],"about":[{"href":"https:\/\/ekkla.ch\/de\/wp-json\/wp\/v2\/types\/product"}],"wp:featuredmedia":[{"embeddable":true,"href":"https:\/\/ekkla.ch\/de\/wp-json\/wp\/v2\/media\/149670"}],"wp:attachment":[{"href":"https:\/\/ekkla.ch\/de\/wp-json\/wp\/v2\/media?parent=149172"}],"wp:term":[{"taxonomy":"product_cat","embeddable":true,"href":"https:\/\/ekkla.ch\/de\/wp-json\/wp\/v2\/product_cat?post=149172"},{"taxonomy":"product_tag","embeddable":true,"href":"https:\/\/ekkla.ch\/de\/wp-json\/wp\/v2\/product_tag?post=149172"}],"curies":[{"name":"wp","href":"https:\/\/api.w.org\/{rel}","templated":true}]}}