{"id":149407,"date":"2022-01-10T11:10:26","date_gmt":"2022-01-10T10:10:26","guid":{"rendered":"https:\/\/ekkla.ch\/produit\/hangeleuchte-solo-metall-und-schwarze-bander-o100-cm-un-autre-regard\/"},"modified":"2023-01-20T11:52:39","modified_gmt":"2023-01-20T10:52:39","slug":"hangeleuchte-solo-metall-und-schwarze-bander-o100-cm-un-autre-regard","status":"publish","type":"product","link":"https:\/\/ekkla.ch\/de\/produit\/hangeleuchte-solo-metall-und-schwarze-bander-o100-cm-un-autre-regard\/","title":{"rendered":"H\u00e4ngeleuchte Solo &#8211; Metall und schwarze B\u00e4nder \u00d8100 cm &#8211; Un autre regard"},"content":{"rendered":"<p>Die H\u00e4ngeleuchte Solo der franz\u00f6sischen Marke &#8222;Un autre regard&#8220; verleiht Ihrer Einrichtung einen raffinierten, graphischen Touch. Die schwarze Metallscheibe ist mit einem Polymerband verkleidet. Die verschiedenen Materialien verleihen der Lampe ein zeitgen\u00f6ssisches Design, das klassische Details mit Moderne vereint und f\u00fcr ein\u00a0schickes und schlichtes Ergebnis sorgt.<\/p>\n<p>Solo gibt der franz\u00f6sische Eleganz einen neuen Namen und wird Ihre Zimmer mit einem wunderbaren Spiel aus Licht und Schatten verzaubern. Sie passt ideal \u00fcber einen Esstisch oder in ein Schlafzimmer. Gl\u00fchbirne nicht inbegriffen.<\/p>\n<blockquote>\n<h2 style=\"text-align: left;\">Merkmale &amp; Eigenschaften<\/h2>\n<p><strong>Marke<\/strong> Un autre regard<\/p>\n<p style=\"text-align: left;\"><strong>Farbe\u00a0<\/strong>Schwarz<\/p>\n<p><strong>Materialien<\/strong> Metall \/ Band<\/p>\n<p><strong>Gl\u00fchbirne<\/strong> E27 (nicht inbegriffen)<\/p>\n<p><strong>Max. Leistung (W)<\/strong> 10<\/p>\n<p><strong>Durchmesser (cm)<\/strong>\u00a0100<\/p><\/blockquote>\n","protected":false},"excerpt":{"rendered":"<p>Die H\u00e4ngeleuchte Solo der franz\u00f6sischen Marke &#8222;Un autre regard&#8220; verleiht Ihrer Einrichtung einen raffinierten, graphischen Touch. Die schwarze Metallscheibe ist mit einem Polymerband verkleidet. Die verschiedenen Materialien verleihen der Lampe ein zeitgen\u00f6ssisches Design, das klassische Details mit Moderne vereint und f\u00fcr ein\u00a0schickes und schlichtes Ergebnis sorgt. Solo gibt der franz\u00f6sische Eleganz einen neuen Namen und [&hellip;]<\/p>\n","protected":false},"featured_media":152116,"template":"","meta":{"_acf_changed":false,"om_disable_all_campaigns":false},"product_cat":[291],"product_tag":[892,554,1188,816],"bundled_by":[],"bundle_stock_status":"onbackorder","bundle_stock_quantity":null,"bundle_virtual":false,"bundle_layout":"","bundle_add_to_cart_form_location":"","bundle_editable_in_cart":false,"bundle_sold_individually_context":"","bundle_item_grouping":"","bundle_min_size":"","bundle_max_size":"","bundle_price":[],"bundled_items":[],"bundle_sell_ids":[],"acf":[],"yoast_head":"<!-- This site is optimized with the Yoast SEO Premium plugin v22.2 (Yoast SEO v22.8) - https:\/\/yoast.com\/wordpress\/plugins\/seo\/ -->\n<title>Un autre regard | H\u00e4ngeleuchte Solo \u00d8100 | Metall &amp; Band | Ekkla<\/title>\n<meta name=\"description\" content=\"Eine H\u00e4ngeleuchte aus lackiertem Metall und Polymerband f\u00fcr ein schlichtes und elegantes Ergebnis. Das graphische, raffinierte Element f\u00fcr eine tolle Deko.\" \/>\n<meta name=\"robots\" content=\"index, follow, max-snippet:-1, max-image-preview:large, max-video-preview:-1\" \/>\n<link rel=\"canonical\" href=\"https:\/\/ekkla.ch\/de\/produit\/hangeleuchte-solo-metall-und-schwarze-bander-o100-cm-un-autre-regard\/\" \/>\n<meta property=\"og:locale\" content=\"de_DE\" \/>\n<meta property=\"og:type\" content=\"article\" \/>\n<meta property=\"og:title\" content=\"H\u00e4ngeleuchte Solo - Metall und schwarze B\u00e4nder \u00d8100 cm - Un autre regard\" \/>\n<meta property=\"og:description\" content=\"Eine H\u00e4ngeleuchte aus lackiertem Metall und Polymerband f\u00fcr ein schlichtes und elegantes Ergebnis. Das graphische, raffinierte Element f\u00fcr eine tolle Deko.\" \/>\n<meta property=\"og:url\" content=\"https:\/\/ekkla.ch\/de\/produit\/hangeleuchte-solo-metall-und-schwarze-bander-o100-cm-un-autre-regard\/\" \/>\n<meta property=\"og:site_name\" content=\"Ekkla\" \/>\n<meta property=\"article:modified_time\" content=\"2023-01-20T10:52:39+00:00\" \/>\n<meta property=\"og:image\" content=\"https:\/\/ekkla.ch\/wp-content\/uploads\/2022\/01\/ekkla-light-Suspension_Solo_100_UnAutreRegard_ImageProduit.jpg\" \/>\n\t<meta property=\"og:image:width\" content=\"900\" \/>\n\t<meta property=\"og:image:height\" content=\"900\" \/>\n\t<meta property=\"og:image:type\" content=\"image\/jpeg\" \/>\n<meta name=\"twitter:card\" content=\"summary_large_image\" \/>\n<meta name=\"twitter:label1\" content=\"Gesch\u00e4tzte Lesezeit\" \/>\n\t<meta name=\"twitter:data1\" content=\"1\u00a0Minute\" \/>\n<script type=\"application\/ld+json\" class=\"yoast-schema-graph\">{\"@context\":\"https:\/\/schema.org\",\"@graph\":[{\"@type\":\"WebPage\",\"@id\":\"https:\/\/ekkla.ch\/de\/produit\/hangeleuchte-solo-metall-und-schwarze-bander-o100-cm-un-autre-regard\/\",\"url\":\"https:\/\/ekkla.ch\/de\/produit\/hangeleuchte-solo-metall-und-schwarze-bander-o100-cm-un-autre-regard\/\",\"name\":\"Un autre regard | H\u00e4ngeleuchte Solo \u00d8100 | Metall & Band | Ekkla\",\"isPartOf\":{\"@id\":\"https:\/\/ekkla.ch\/#website\"},\"primaryImageOfPage\":{\"@id\":\"https:\/\/ekkla.ch\/de\/produit\/hangeleuchte-solo-metall-und-schwarze-bander-o100-cm-un-autre-regard\/#primaryimage\"},\"image\":{\"@id\":\"https:\/\/ekkla.ch\/de\/produit\/hangeleuchte-solo-metall-und-schwarze-bander-o100-cm-un-autre-regard\/#primaryimage\"},\"thumbnailUrl\":\"https:\/\/ekkla.ch\/wp-content\/uploads\/2022\/01\/ekkla-light-Suspension_Solo_100_UnAutreRegard_ImageProduit.jpg\",\"datePublished\":\"2022-01-10T10:10:26+00:00\",\"dateModified\":\"2023-01-20T10:52:39+00:00\",\"description\":\"Eine H\u00e4ngeleuchte aus lackiertem Metall und Polymerband f\u00fcr ein schlichtes und elegantes Ergebnis. Das graphische, raffinierte Element f\u00fcr eine tolle Deko.\",\"breadcrumb\":{\"@id\":\"https:\/\/ekkla.ch\/de\/produit\/hangeleuchte-solo-metall-und-schwarze-bander-o100-cm-un-autre-regard\/#breadcrumb\"},\"inLanguage\":\"de\",\"potentialAction\":[{\"@type\":\"ReadAction\",\"target\":[\"https:\/\/ekkla.ch\/de\/produit\/hangeleuchte-solo-metall-und-schwarze-bander-o100-cm-un-autre-regard\/\"]}]},{\"@type\":\"ImageObject\",\"inLanguage\":\"de\",\"@id\":\"https:\/\/ekkla.ch\/de\/produit\/hangeleuchte-solo-metall-und-schwarze-bander-o100-cm-un-autre-regard\/#primaryimage\",\"url\":\"https:\/\/ekkla.ch\/wp-content\/uploads\/2022\/01\/ekkla-light-Suspension_Solo_100_UnAutreRegard_ImageProduit.jpg\",\"contentUrl\":\"https:\/\/ekkla.ch\/wp-content\/uploads\/2022\/01\/ekkla-light-Suspension_Solo_100_UnAutreRegard_ImageProduit.jpg\",\"width\":900,\"height\":900},{\"@type\":\"BreadcrumbList\",\"@id\":\"https:\/\/ekkla.ch\/de\/produit\/hangeleuchte-solo-metall-und-schwarze-bander-o100-cm-un-autre-regard\/#breadcrumb\",\"itemListElement\":[{\"@type\":\"ListItem\",\"position\":1,\"name\":\"Home\",\"item\":\"https:\/\/ekkla.ch\/de\/\"},{\"@type\":\"ListItem\",\"position\":2,\"name\":\"Shop\",\"item\":\"https:\/\/ekkla.ch\/de\/shop\/\"},{\"@type\":\"ListItem\",\"position\":3,\"name\":\"H\u00e4ngeleuchte Solo &#8211; Metall und schwarze B\u00e4nder \u00d8100 cm &#8211; Un autre regard\"}]},{\"@type\":\"WebSite\",\"@id\":\"https:\/\/ekkla.ch\/#website\",\"url\":\"https:\/\/ekkla.ch\/\",\"name\":\"Ekkla\",\"description\":\"Der Onlineshop f\u00fcr Beleuchtung\",\"publisher\":{\"@id\":\"https:\/\/ekkla.ch\/#organization\"},\"potentialAction\":[{\"@type\":\"SearchAction\",\"target\":{\"@type\":\"EntryPoint\",\"urlTemplate\":\"https:\/\/ekkla.ch\/?s={search_term_string}\"},\"query-input\":\"required name=search_term_string\"}],\"inLanguage\":\"de\"},{\"@type\":\"Organization\",\"@id\":\"https:\/\/ekkla.ch\/#organization\",\"name\":\"Ekkla\",\"url\":\"https:\/\/ekkla.ch\/\",\"logo\":{\"@type\":\"ImageObject\",\"inLanguage\":\"de\",\"@id\":\"https:\/\/ekkla.ch\/#\/schema\/logo\/image\/\",\"url\":\"http:\/\/ekkla.ch\/wp-content\/uploads\/2019\/07\/logo-1.svg\",\"contentUrl\":\"http:\/\/ekkla.ch\/wp-content\/uploads\/2019\/07\/logo-1.svg\",\"width\":1,\"height\":1,\"caption\":\"Ekkla\"},\"image\":{\"@id\":\"https:\/\/ekkla.ch\/#\/schema\/logo\/image\/\"},\"sameAs\":[\"https:\/\/www.instagram.com\/ekkla_light\/\"]}]}<\/script>\n<!-- \/ Yoast SEO Premium plugin. -->","yoast_head_json":{"title":"Un autre regard | H\u00e4ngeleuchte Solo \u00d8100 | Metall & Band | Ekkla","description":"Eine H\u00e4ngeleuchte aus lackiertem Metall und Polymerband f\u00fcr ein schlichtes und elegantes Ergebnis. Das graphische, raffinierte Element f\u00fcr eine tolle Deko.","robots":{"index":"index","follow":"follow","max-snippet":"max-snippet:-1","max-image-preview":"max-image-preview:large","max-video-preview":"max-video-preview:-1"},"canonical":"https:\/\/ekkla.ch\/de\/produit\/hangeleuchte-solo-metall-und-schwarze-bander-o100-cm-un-autre-regard\/","og_locale":"de_DE","og_type":"article","og_title":"H\u00e4ngeleuchte Solo - Metall und schwarze B\u00e4nder \u00d8100 cm - Un autre regard","og_description":"Eine H\u00e4ngeleuchte aus lackiertem Metall und Polymerband f\u00fcr ein schlichtes und elegantes Ergebnis. Das graphische, raffinierte Element f\u00fcr eine tolle Deko.","og_url":"https:\/\/ekkla.ch\/de\/produit\/hangeleuchte-solo-metall-und-schwarze-bander-o100-cm-un-autre-regard\/","og_site_name":"Ekkla","article_modified_time":"2023-01-20T10:52:39+00:00","og_image":[{"width":900,"height":900,"url":"https:\/\/ekkla.ch\/wp-content\/uploads\/2022\/01\/ekkla-light-Suspension_Solo_100_UnAutreRegard_ImageProduit.jpg","type":"image\/jpeg"}],"twitter_card":"summary_large_image","twitter_misc":{"Gesch\u00e4tzte Lesezeit":"1\u00a0Minute"},"schema":{"@context":"https:\/\/schema.org","@graph":[{"@type":"WebPage","@id":"https:\/\/ekkla.ch\/de\/produit\/hangeleuchte-solo-metall-und-schwarze-bander-o100-cm-un-autre-regard\/","url":"https:\/\/ekkla.ch\/de\/produit\/hangeleuchte-solo-metall-und-schwarze-bander-o100-cm-un-autre-regard\/","name":"Un autre regard | H\u00e4ngeleuchte Solo \u00d8100 | Metall & Band | Ekkla","isPartOf":{"@id":"https:\/\/ekkla.ch\/#website"},"primaryImageOfPage":{"@id":"https:\/\/ekkla.ch\/de\/produit\/hangeleuchte-solo-metall-und-schwarze-bander-o100-cm-un-autre-regard\/#primaryimage"},"image":{"@id":"https:\/\/ekkla.ch\/de\/produit\/hangeleuchte-solo-metall-und-schwarze-bander-o100-cm-un-autre-regard\/#primaryimage"},"thumbnailUrl":"https:\/\/ekkla.ch\/wp-content\/uploads\/2022\/01\/ekkla-light-Suspension_Solo_100_UnAutreRegard_ImageProduit.jpg","datePublished":"2022-01-10T10:10:26+00:00","dateModified":"2023-01-20T10:52:39+00:00","description":"Eine H\u00e4ngeleuchte aus lackiertem Metall und Polymerband f\u00fcr ein schlichtes und elegantes Ergebnis. Das graphische, raffinierte Element f\u00fcr eine tolle Deko.","breadcrumb":{"@id":"https:\/\/ekkla.ch\/de\/produit\/hangeleuchte-solo-metall-und-schwarze-bander-o100-cm-un-autre-regard\/#breadcrumb"},"inLanguage":"de","potentialAction":[{"@type":"ReadAction","target":["https:\/\/ekkla.ch\/de\/produit\/hangeleuchte-solo-metall-und-schwarze-bander-o100-cm-un-autre-regard\/"]}]},{"@type":"ImageObject","inLanguage":"de","@id":"https:\/\/ekkla.ch\/de\/produit\/hangeleuchte-solo-metall-und-schwarze-bander-o100-cm-un-autre-regard\/#primaryimage","url":"https:\/\/ekkla.ch\/wp-content\/uploads\/2022\/01\/ekkla-light-Suspension_Solo_100_UnAutreRegard_ImageProduit.jpg","contentUrl":"https:\/\/ekkla.ch\/wp-content\/uploads\/2022\/01\/ekkla-light-Suspension_Solo_100_UnAutreRegard_ImageProduit.jpg","width":900,"height":900},{"@type":"BreadcrumbList","@id":"https:\/\/ekkla.ch\/de\/produit\/hangeleuchte-solo-metall-und-schwarze-bander-o100-cm-un-autre-regard\/#breadcrumb","itemListElement":[{"@type":"ListItem","position":1,"name":"Home","item":"https:\/\/ekkla.ch\/de\/"},{"@type":"ListItem","position":2,"name":"Shop","item":"https:\/\/ekkla.ch\/de\/shop\/"},{"@type":"ListItem","position":3,"name":"H\u00e4ngeleuchte Solo &#8211; Metall und schwarze B\u00e4nder \u00d8100 cm &#8211; Un autre regard"}]},{"@type":"WebSite","@id":"https:\/\/ekkla.ch\/#website","url":"https:\/\/ekkla.ch\/","name":"Ekkla","description":"Der Onlineshop f\u00fcr Beleuchtung","publisher":{"@id":"https:\/\/ekkla.ch\/#organization"},"potentialAction":[{"@type":"SearchAction","target":{"@type":"EntryPoint","urlTemplate":"https:\/\/ekkla.ch\/?s={search_term_string}"},"query-input":"required name=search_term_string"}],"inLanguage":"de"},{"@type":"Organization","@id":"https:\/\/ekkla.ch\/#organization","name":"Ekkla","url":"https:\/\/ekkla.ch\/","logo":{"@type":"ImageObject","inLanguage":"de","@id":"https:\/\/ekkla.ch\/#\/schema\/logo\/image\/","url":"http:\/\/ekkla.ch\/wp-content\/uploads\/2019\/07\/logo-1.svg","contentUrl":"http:\/\/ekkla.ch\/wp-content\/uploads\/2019\/07\/logo-1.svg","width":1,"height":1,"caption":"Ekkla"},"image":{"@id":"https:\/\/ekkla.ch\/#\/schema\/logo\/image\/"},"sameAs":["https:\/\/www.instagram.com\/ekkla_light\/"]}]}},"_links":{"self":[{"href":"https:\/\/ekkla.ch\/de\/wp-json\/wp\/v2\/product\/149407"}],"collection":[{"href":"https:\/\/ekkla.ch\/de\/wp-json\/wp\/v2\/product"}],"about":[{"href":"https:\/\/ekkla.ch\/de\/wp-json\/wp\/v2\/types\/product"}],"wp:featuredmedia":[{"embeddable":true,"href":"https:\/\/ekkla.ch\/de\/wp-json\/wp\/v2\/media\/152116"}],"wp:attachment":[{"href":"https:\/\/ekkla.ch\/de\/wp-json\/wp\/v2\/media?parent=149407"}],"wp:term":[{"taxonomy":"product_cat","embeddable":true,"href":"https:\/\/ekkla.ch\/de\/wp-json\/wp\/v2\/product_cat?post=149407"},{"taxonomy":"product_tag","embeddable":true,"href":"https:\/\/ekkla.ch\/de\/wp-json\/wp\/v2\/product_tag?post=149407"}],"curies":[{"name":"wp","href":"https:\/\/api.w.org\/{rel}","templated":true}]}}