{"id":149410,"date":"2022-01-10T11:17:06","date_gmt":"2022-01-10T10:17:06","guid":{"rendered":"https:\/\/ekkla.ch\/produit\/stehleuchte-cesar-metall-und-schwarze-bander-h-190-cm-un-autre-regard\/"},"modified":"2023-01-20T11:51:43","modified_gmt":"2023-01-20T10:51:43","slug":"stehleuchte-cesar-metall-und-schwarze-bander-h-190-cm-un-autre-regard","status":"publish","type":"product","link":"https:\/\/ekkla.ch\/de\/produit\/stehleuchte-cesar-metall-und-schwarze-bander-h-190-cm-un-autre-regard\/","title":{"rendered":"Stehleuchte C\u00e9sar Metall und schwarze B\u00e4nder H.190 cm &#8211; Un autre regard"},"content":{"rendered":"<p>Diese grosse Stehleuchte wird Ihrer Deko einen trendigen, graphischen Touch verleihen. Die verschiedenen Materialien geben der Lampe ein zeitgen\u00f6ssisches Design, das klassische Details mit Moderne vereint. Der Lampenfuss aus lackiertem Metall tr\u00e4gt die schwarze Metallscheibe, die mit einem Polymerband verkleidet ist.<\/p>\n<p>Die Stehleuchte C\u00e9sar der Marke &#8222;Un autre regard&#8220; gibt der franz\u00f6sischen Eleganz ein neues Bild und wird Ihre Zimmer mit einem wunderbaren Spiel aus Licht und Schatten verzaubern. Gl\u00fchbirne nicht inbegriffen.<\/p>\n<blockquote>\n<h2 style=\"text-align: left;\">Merkmale &amp; Eigenschaften<\/h2>\n<p><strong>Marke<\/strong> Un autre regard<\/p>\n<p style=\"text-align: left;\"><strong>Farbe\u00a0<\/strong>Schwarz<\/p>\n<p><strong>Materialien<\/strong> Metall \/ Band<\/p>\n<p><strong>Gl\u00fchbirne<\/strong> E27 (nicht inbegriffen)<\/p>\n<p><strong>Max. Leistung (W)<\/strong> 10<\/p>\n<p><strong>Durchmesser (cm)<\/strong>\u00a070<\/p>\n<p><strong>H\u00f6he (cm)<\/strong> 195<\/p><\/blockquote>\n","protected":false},"excerpt":{"rendered":"<p>Diese grosse Stehleuchte wird Ihrer Deko einen trendigen, graphischen Touch verleihen. Die verschiedenen Materialien geben der Lampe ein zeitgen\u00f6ssisches Design, das klassische Details mit Moderne vereint. Der Lampenfuss aus lackiertem Metall tr\u00e4gt die schwarze Metallscheibe, die mit einem Polymerband verkleidet ist. Die Stehleuchte C\u00e9sar der Marke &#8222;Un autre regard&#8220; gibt der franz\u00f6sischen Eleganz ein neues [&hellip;]<\/p>\n","protected":false},"featured_media":149009,"template":"","meta":{"_acf_changed":false,"om_disable_all_campaigns":false},"product_cat":[291],"product_tag":[892,554,1188,816],"bundled_by":[],"bundle_stock_status":"onbackorder","bundle_stock_quantity":null,"bundle_virtual":false,"bundle_layout":"","bundle_add_to_cart_form_location":"","bundle_editable_in_cart":false,"bundle_sold_individually_context":"","bundle_item_grouping":"","bundle_min_size":"","bundle_max_size":"","bundle_price":[],"bundled_items":[],"bundle_sell_ids":[],"acf":[],"yoast_head":"<!-- This site is optimized with the Yoast SEO Premium plugin v22.2 (Yoast SEO v22.8) - https:\/\/yoast.com\/wordpress\/plugins\/seo\/ -->\n<title>Un autre regard | Stehleuchte H.190 | Metall &amp; Band | Ekkla<\/title>\n<meta name=\"description\" content=\"Eine Stehleuchte, die ein trendiges Design mit klassischen Details kombiniert. Ein einzigartiger, raffinierter Stil mit einem tollen Licht-Schatten-Spiel.\" \/>\n<meta name=\"robots\" content=\"index, follow, max-snippet:-1, max-image-preview:large, max-video-preview:-1\" \/>\n<link rel=\"canonical\" href=\"https:\/\/ekkla.ch\/de\/produit\/stehleuchte-cesar-metall-und-schwarze-bander-h-190-cm-un-autre-regard\/\" \/>\n<meta property=\"og:locale\" content=\"de_DE\" \/>\n<meta property=\"og:type\" content=\"article\" \/>\n<meta property=\"og:title\" content=\"Stehleuchte C\u00e9sar Metall und schwarze B\u00e4nder H.190 cm - Un autre regard\" \/>\n<meta property=\"og:description\" content=\"Eine Stehleuchte, die ein trendiges Design mit klassischen Details kombiniert. Ein einzigartiger, raffinierter Stil mit einem tollen Licht-Schatten-Spiel.\" \/>\n<meta property=\"og:url\" content=\"https:\/\/ekkla.ch\/de\/produit\/stehleuchte-cesar-metall-und-schwarze-bander-h-190-cm-un-autre-regard\/\" \/>\n<meta property=\"og:site_name\" content=\"Ekkla\" \/>\n<meta property=\"article:modified_time\" content=\"2023-01-20T10:51:43+00:00\" \/>\n<meta property=\"og:image\" content=\"https:\/\/ekkla.ch\/wp-content\/uploads\/2022\/01\/Lampadaire_Cesar_UnAutreRegard_Image.jpg\" \/>\n\t<meta property=\"og:image:width\" content=\"900\" \/>\n\t<meta property=\"og:image:height\" content=\"900\" \/>\n\t<meta property=\"og:image:type\" content=\"image\/jpeg\" \/>\n<meta name=\"twitter:card\" content=\"summary_large_image\" \/>\n<meta name=\"twitter:label1\" content=\"Gesch\u00e4tzte Lesezeit\" \/>\n\t<meta name=\"twitter:data1\" content=\"1\u00a0Minute\" \/>\n<script type=\"application\/ld+json\" class=\"yoast-schema-graph\">{\"@context\":\"https:\/\/schema.org\",\"@graph\":[{\"@type\":\"WebPage\",\"@id\":\"https:\/\/ekkla.ch\/de\/produit\/stehleuchte-cesar-metall-und-schwarze-bander-h-190-cm-un-autre-regard\/\",\"url\":\"https:\/\/ekkla.ch\/de\/produit\/stehleuchte-cesar-metall-und-schwarze-bander-h-190-cm-un-autre-regard\/\",\"name\":\"Un autre regard | Stehleuchte H.190 | Metall & Band | Ekkla\",\"isPartOf\":{\"@id\":\"https:\/\/ekkla.ch\/#website\"},\"primaryImageOfPage\":{\"@id\":\"https:\/\/ekkla.ch\/de\/produit\/stehleuchte-cesar-metall-und-schwarze-bander-h-190-cm-un-autre-regard\/#primaryimage\"},\"image\":{\"@id\":\"https:\/\/ekkla.ch\/de\/produit\/stehleuchte-cesar-metall-und-schwarze-bander-h-190-cm-un-autre-regard\/#primaryimage\"},\"thumbnailUrl\":\"https:\/\/ekkla.ch\/wp-content\/uploads\/2022\/01\/Lampadaire_Cesar_UnAutreRegard_Image.jpg\",\"datePublished\":\"2022-01-10T10:17:06+00:00\",\"dateModified\":\"2023-01-20T10:51:43+00:00\",\"description\":\"Eine Stehleuchte, die ein trendiges Design mit klassischen Details kombiniert. Ein einzigartiger, raffinierter Stil mit einem tollen Licht-Schatten-Spiel.\",\"breadcrumb\":{\"@id\":\"https:\/\/ekkla.ch\/de\/produit\/stehleuchte-cesar-metall-und-schwarze-bander-h-190-cm-un-autre-regard\/#breadcrumb\"},\"inLanguage\":\"de\",\"potentialAction\":[{\"@type\":\"ReadAction\",\"target\":[\"https:\/\/ekkla.ch\/de\/produit\/stehleuchte-cesar-metall-und-schwarze-bander-h-190-cm-un-autre-regard\/\"]}]},{\"@type\":\"ImageObject\",\"inLanguage\":\"de\",\"@id\":\"https:\/\/ekkla.ch\/de\/produit\/stehleuchte-cesar-metall-und-schwarze-bander-h-190-cm-un-autre-regard\/#primaryimage\",\"url\":\"https:\/\/ekkla.ch\/wp-content\/uploads\/2022\/01\/Lampadaire_Cesar_UnAutreRegard_Image.jpg\",\"contentUrl\":\"https:\/\/ekkla.ch\/wp-content\/uploads\/2022\/01\/Lampadaire_Cesar_UnAutreRegard_Image.jpg\",\"width\":900,\"height\":900,\"caption\":\"Lampadaire C\u00e9sar un autre regard\"},{\"@type\":\"BreadcrumbList\",\"@id\":\"https:\/\/ekkla.ch\/de\/produit\/stehleuchte-cesar-metall-und-schwarze-bander-h-190-cm-un-autre-regard\/#breadcrumb\",\"itemListElement\":[{\"@type\":\"ListItem\",\"position\":1,\"name\":\"Home\",\"item\":\"https:\/\/ekkla.ch\/de\/\"},{\"@type\":\"ListItem\",\"position\":2,\"name\":\"Shop\",\"item\":\"https:\/\/ekkla.ch\/de\/shop\/\"},{\"@type\":\"ListItem\",\"position\":3,\"name\":\"Stehleuchte C\u00e9sar Metall und schwarze B\u00e4nder H.190 cm &#8211; Un autre regard\"}]},{\"@type\":\"WebSite\",\"@id\":\"https:\/\/ekkla.ch\/#website\",\"url\":\"https:\/\/ekkla.ch\/\",\"name\":\"Ekkla\",\"description\":\"Der Onlineshop f\u00fcr Beleuchtung\",\"publisher\":{\"@id\":\"https:\/\/ekkla.ch\/#organization\"},\"potentialAction\":[{\"@type\":\"SearchAction\",\"target\":{\"@type\":\"EntryPoint\",\"urlTemplate\":\"https:\/\/ekkla.ch\/?s={search_term_string}\"},\"query-input\":\"required name=search_term_string\"}],\"inLanguage\":\"de\"},{\"@type\":\"Organization\",\"@id\":\"https:\/\/ekkla.ch\/#organization\",\"name\":\"Ekkla\",\"url\":\"https:\/\/ekkla.ch\/\",\"logo\":{\"@type\":\"ImageObject\",\"inLanguage\":\"de\",\"@id\":\"https:\/\/ekkla.ch\/#\/schema\/logo\/image\/\",\"url\":\"http:\/\/ekkla.ch\/wp-content\/uploads\/2019\/07\/logo-1.svg\",\"contentUrl\":\"http:\/\/ekkla.ch\/wp-content\/uploads\/2019\/07\/logo-1.svg\",\"width\":1,\"height\":1,\"caption\":\"Ekkla\"},\"image\":{\"@id\":\"https:\/\/ekkla.ch\/#\/schema\/logo\/image\/\"},\"sameAs\":[\"https:\/\/www.instagram.com\/ekkla_light\/\"]}]}<\/script>\n<!-- \/ Yoast SEO Premium plugin. -->","yoast_head_json":{"title":"Un autre regard | Stehleuchte H.190 | Metall & Band | Ekkla","description":"Eine Stehleuchte, die ein trendiges Design mit klassischen Details kombiniert. Ein einzigartiger, raffinierter Stil mit einem tollen Licht-Schatten-Spiel.","robots":{"index":"index","follow":"follow","max-snippet":"max-snippet:-1","max-image-preview":"max-image-preview:large","max-video-preview":"max-video-preview:-1"},"canonical":"https:\/\/ekkla.ch\/de\/produit\/stehleuchte-cesar-metall-und-schwarze-bander-h-190-cm-un-autre-regard\/","og_locale":"de_DE","og_type":"article","og_title":"Stehleuchte C\u00e9sar Metall und schwarze B\u00e4nder H.190 cm - Un autre regard","og_description":"Eine Stehleuchte, die ein trendiges Design mit klassischen Details kombiniert. Ein einzigartiger, raffinierter Stil mit einem tollen Licht-Schatten-Spiel.","og_url":"https:\/\/ekkla.ch\/de\/produit\/stehleuchte-cesar-metall-und-schwarze-bander-h-190-cm-un-autre-regard\/","og_site_name":"Ekkla","article_modified_time":"2023-01-20T10:51:43+00:00","og_image":[{"width":900,"height":900,"url":"https:\/\/ekkla.ch\/wp-content\/uploads\/2022\/01\/Lampadaire_Cesar_UnAutreRegard_Image.jpg","type":"image\/jpeg"}],"twitter_card":"summary_large_image","twitter_misc":{"Gesch\u00e4tzte Lesezeit":"1\u00a0Minute"},"schema":{"@context":"https:\/\/schema.org","@graph":[{"@type":"WebPage","@id":"https:\/\/ekkla.ch\/de\/produit\/stehleuchte-cesar-metall-und-schwarze-bander-h-190-cm-un-autre-regard\/","url":"https:\/\/ekkla.ch\/de\/produit\/stehleuchte-cesar-metall-und-schwarze-bander-h-190-cm-un-autre-regard\/","name":"Un autre regard | Stehleuchte H.190 | Metall & Band | Ekkla","isPartOf":{"@id":"https:\/\/ekkla.ch\/#website"},"primaryImageOfPage":{"@id":"https:\/\/ekkla.ch\/de\/produit\/stehleuchte-cesar-metall-und-schwarze-bander-h-190-cm-un-autre-regard\/#primaryimage"},"image":{"@id":"https:\/\/ekkla.ch\/de\/produit\/stehleuchte-cesar-metall-und-schwarze-bander-h-190-cm-un-autre-regard\/#primaryimage"},"thumbnailUrl":"https:\/\/ekkla.ch\/wp-content\/uploads\/2022\/01\/Lampadaire_Cesar_UnAutreRegard_Image.jpg","datePublished":"2022-01-10T10:17:06+00:00","dateModified":"2023-01-20T10:51:43+00:00","description":"Eine Stehleuchte, die ein trendiges Design mit klassischen Details kombiniert. Ein einzigartiger, raffinierter Stil mit einem tollen Licht-Schatten-Spiel.","breadcrumb":{"@id":"https:\/\/ekkla.ch\/de\/produit\/stehleuchte-cesar-metall-und-schwarze-bander-h-190-cm-un-autre-regard\/#breadcrumb"},"inLanguage":"de","potentialAction":[{"@type":"ReadAction","target":["https:\/\/ekkla.ch\/de\/produit\/stehleuchte-cesar-metall-und-schwarze-bander-h-190-cm-un-autre-regard\/"]}]},{"@type":"ImageObject","inLanguage":"de","@id":"https:\/\/ekkla.ch\/de\/produit\/stehleuchte-cesar-metall-und-schwarze-bander-h-190-cm-un-autre-regard\/#primaryimage","url":"https:\/\/ekkla.ch\/wp-content\/uploads\/2022\/01\/Lampadaire_Cesar_UnAutreRegard_Image.jpg","contentUrl":"https:\/\/ekkla.ch\/wp-content\/uploads\/2022\/01\/Lampadaire_Cesar_UnAutreRegard_Image.jpg","width":900,"height":900,"caption":"Lampadaire C\u00e9sar un autre regard"},{"@type":"BreadcrumbList","@id":"https:\/\/ekkla.ch\/de\/produit\/stehleuchte-cesar-metall-und-schwarze-bander-h-190-cm-un-autre-regard\/#breadcrumb","itemListElement":[{"@type":"ListItem","position":1,"name":"Home","item":"https:\/\/ekkla.ch\/de\/"},{"@type":"ListItem","position":2,"name":"Shop","item":"https:\/\/ekkla.ch\/de\/shop\/"},{"@type":"ListItem","position":3,"name":"Stehleuchte C\u00e9sar Metall und schwarze B\u00e4nder H.190 cm &#8211; Un autre regard"}]},{"@type":"WebSite","@id":"https:\/\/ekkla.ch\/#website","url":"https:\/\/ekkla.ch\/","name":"Ekkla","description":"Der Onlineshop f\u00fcr Beleuchtung","publisher":{"@id":"https:\/\/ekkla.ch\/#organization"},"potentialAction":[{"@type":"SearchAction","target":{"@type":"EntryPoint","urlTemplate":"https:\/\/ekkla.ch\/?s={search_term_string}"},"query-input":"required name=search_term_string"}],"inLanguage":"de"},{"@type":"Organization","@id":"https:\/\/ekkla.ch\/#organization","name":"Ekkla","url":"https:\/\/ekkla.ch\/","logo":{"@type":"ImageObject","inLanguage":"de","@id":"https:\/\/ekkla.ch\/#\/schema\/logo\/image\/","url":"http:\/\/ekkla.ch\/wp-content\/uploads\/2019\/07\/logo-1.svg","contentUrl":"http:\/\/ekkla.ch\/wp-content\/uploads\/2019\/07\/logo-1.svg","width":1,"height":1,"caption":"Ekkla"},"image":{"@id":"https:\/\/ekkla.ch\/#\/schema\/logo\/image\/"},"sameAs":["https:\/\/www.instagram.com\/ekkla_light\/"]}]}},"_links":{"self":[{"href":"https:\/\/ekkla.ch\/de\/wp-json\/wp\/v2\/product\/149410"}],"collection":[{"href":"https:\/\/ekkla.ch\/de\/wp-json\/wp\/v2\/product"}],"about":[{"href":"https:\/\/ekkla.ch\/de\/wp-json\/wp\/v2\/types\/product"}],"wp:featuredmedia":[{"embeddable":true,"href":"https:\/\/ekkla.ch\/de\/wp-json\/wp\/v2\/media\/149009"}],"wp:attachment":[{"href":"https:\/\/ekkla.ch\/de\/wp-json\/wp\/v2\/media?parent=149410"}],"wp:term":[{"taxonomy":"product_cat","embeddable":true,"href":"https:\/\/ekkla.ch\/de\/wp-json\/wp\/v2\/product_cat?post=149410"},{"taxonomy":"product_tag","embeddable":true,"href":"https:\/\/ekkla.ch\/de\/wp-json\/wp\/v2\/product_tag?post=149410"}],"curies":[{"name":"wp","href":"https:\/\/api.w.org\/{rel}","templated":true}]}}