{"id":149827,"date":"2022-02-03T15:09:10","date_gmt":"2022-02-03T14:09:10","guid":{"rendered":"https:\/\/ekkla.ch\/produit\/hangeleuchte-butterfly-mattes-rot-o21-frandsen\/"},"modified":"2022-07-04T15:10:59","modified_gmt":"2022-07-04T13:10:59","slug":"hangeleuchte-butterfly-mattes-rot-o21-frandsen","status":"publish","type":"product","link":"https:\/\/ekkla.ch\/de\/produit\/hangeleuchte-butterfly-mattes-rot-o21-frandsen\/","title":{"rendered":"H\u00e4ngeleuchte Butterfly &#8211; Mattes rot &#8211; \u00d821 &#8211; Frandsen"},"content":{"rendered":"<p>Die H\u00e4ngeleuchte Butterfly besteht aus drei Halbkuppeln, die auf umgekehrte Weise zusammengesetzt sind. Die obere Kuppel ist diskret mit kleinen L\u00f6chern versehen, die das Licht durchlassen und so ein zartes Lichtspiel an der Decke erzeugen. Die untere Kuppel aus Opalglas ist lichtdurchl\u00e4ssig und l\u00e4sst ein weiches, warmes Licht durchscheinen. Diese Lampe ist daher ideal f\u00fcr zahlreiche Konfigurationen: \u00fcber einer K\u00fccheninsel, \u00fcber einem Esstisch oder auch in einem Arbeitszimmer, ganz wie Sie es Sich vorstellen!<\/p>\n<p>Die H\u00e4ngeleuchte ist in einer Reihe von nat\u00fcrlichen Farben erh\u00e4ltlich, die den klassischen Farben der skandinavischen Landschaft entsprechen. Dank ihrer kleinen Gr\u00f6sse kann sie ideal mit anderen Modellen kombiniert werden, um beispielsweise eine Reihe von 2 oder 3 Lampen zu bilden. Die L\u00e4nge des Kabels (3 m) erweist sich besonders f\u00fcr hohe Decken oder Treppenh\u00e4user als \u00e4ussert n\u00fctzlich. Gl\u00fchbirne nicht inbegriffen.<\/p>\n<blockquote>\n<h2 style=\"text-align: left;\">Merkmale &amp; Eigenschaften<\/h2>\n<p><strong>Marke<\/strong> Frandsen<\/p>\n<p style=\"text-align: left;\"><strong>Farbe\u00a0<\/strong>Mattes rot<\/p>\n<p><strong>Materialien<\/strong> Metall und Glas<\/p>\n<p><strong>Gl\u00fchbirne<\/strong> E14<\/p>\n<p><strong>Max. Leistung (W)<\/strong> 25<\/p>\n<p><strong>H\u00f6he (cm)<\/strong> 18<\/p>\n<p><strong>Durchmesser (cm)<\/strong> 21<\/p>\n<p><strong>Max. Kabell\u00e4nge (cm)<\/strong> 300<\/p><\/blockquote>\n","protected":false},"excerpt":{"rendered":"<p>Die H\u00e4ngeleuchte Butterfly besteht aus drei Halbkuppeln, die auf umgekehrte Weise zusammengesetzt sind. Die obere Kuppel ist diskret mit kleinen L\u00f6chern versehen, die das Licht durchlassen und so ein zartes Lichtspiel an der Decke erzeugen. Die untere Kuppel aus Opalglas ist lichtdurchl\u00e4ssig und l\u00e4sst ein weiches, warmes Licht durchscheinen. Diese Lampe ist daher ideal f\u00fcr [&hellip;]<\/p>\n","protected":false},"featured_media":149721,"template":"","meta":{"_acf_changed":false,"om_disable_all_campaigns":false},"product_cat":[291],"product_tag":[1256,896,1188,1265,816,730],"bundled_by":[],"bundle_stock_status":"onbackorder","bundle_stock_quantity":0,"bundle_virtual":false,"bundle_layout":"","bundle_add_to_cart_form_location":"","bundle_editable_in_cart":false,"bundle_sold_individually_context":"","bundle_item_grouping":"","bundle_min_size":"","bundle_max_size":"","bundle_price":[],"bundled_items":[],"bundle_sell_ids":[],"acf":[],"yoast_head":"<!-- This site is optimized with the Yoast SEO Premium plugin v22.2 (Yoast SEO v22.8) - https:\/\/yoast.com\/wordpress\/plugins\/seo\/ -->\n<title>Frandsen | H\u00e4ngeleuchte Butterfly | Gratis Lieferung | Ekkla<\/title>\n<meta name=\"description\" content=\"Mini-Pendelleuchte mit Diffusor aus Opalglas. Weiche Beleuchtung. Skandinavisches Design. Ekkla.ch Schweizer Website f\u00fcr Designlampen. Sichere Zahlungsabwicklung.\" \/>\n<meta name=\"robots\" content=\"index, follow, max-snippet:-1, max-image-preview:large, max-video-preview:-1\" \/>\n<link rel=\"canonical\" href=\"https:\/\/ekkla.ch\/de\/produit\/hangeleuchte-butterfly-mattes-rot-o21-frandsen\/\" \/>\n<meta property=\"og:locale\" content=\"de_DE\" \/>\n<meta property=\"og:type\" content=\"article\" \/>\n<meta property=\"og:title\" content=\"H\u00e4ngeleuchte Butterfly - Mattes rot - \u00d821 - Frandsen\" \/>\n<meta property=\"og:description\" content=\"Mini-Pendelleuchte mit Diffusor aus Opalglas. Weiche Beleuchtung. Skandinavisches Design. Ekkla.ch Schweizer Website f\u00fcr Designlampen. Sichere Zahlungsabwicklung.\" \/>\n<meta property=\"og:url\" content=\"https:\/\/ekkla.ch\/de\/produit\/hangeleuchte-butterfly-mattes-rot-o21-frandsen\/\" \/>\n<meta property=\"og:site_name\" content=\"Ekkla\" \/>\n<meta property=\"article:modified_time\" content=\"2022-07-04T13:10:59+00:00\" \/>\n<meta property=\"og:image\" content=\"https:\/\/ekkla.ch\/wp-content\/uploads\/2022\/02\/Suspension_Butterfly_Frandsen_matt_red.jpg\" \/>\n\t<meta property=\"og:image:width\" content=\"900\" \/>\n\t<meta property=\"og:image:height\" content=\"900\" \/>\n\t<meta property=\"og:image:type\" content=\"image\/jpeg\" \/>\n<meta name=\"twitter:card\" content=\"summary_large_image\" \/>\n<meta name=\"twitter:label1\" content=\"Gesch\u00e4tzte Lesezeit\" \/>\n\t<meta name=\"twitter:data1\" content=\"1\u00a0Minute\" \/>\n<script type=\"application\/ld+json\" class=\"yoast-schema-graph\">{\"@context\":\"https:\/\/schema.org\",\"@graph\":[{\"@type\":\"WebPage\",\"@id\":\"https:\/\/ekkla.ch\/de\/produit\/hangeleuchte-butterfly-mattes-rot-o21-frandsen\/\",\"url\":\"https:\/\/ekkla.ch\/de\/produit\/hangeleuchte-butterfly-mattes-rot-o21-frandsen\/\",\"name\":\"Frandsen | H\u00e4ngeleuchte Butterfly | Gratis Lieferung | Ekkla\",\"isPartOf\":{\"@id\":\"https:\/\/ekkla.ch\/#website\"},\"primaryImageOfPage\":{\"@id\":\"https:\/\/ekkla.ch\/de\/produit\/hangeleuchte-butterfly-mattes-rot-o21-frandsen\/#primaryimage\"},\"image\":{\"@id\":\"https:\/\/ekkla.ch\/de\/produit\/hangeleuchte-butterfly-mattes-rot-o21-frandsen\/#primaryimage\"},\"thumbnailUrl\":\"https:\/\/ekkla.ch\/wp-content\/uploads\/2022\/02\/Suspension_Butterfly_Frandsen_matt_red.jpg\",\"datePublished\":\"2022-02-03T14:09:10+00:00\",\"dateModified\":\"2022-07-04T13:10:59+00:00\",\"description\":\"Mini-Pendelleuchte mit Diffusor aus Opalglas. Weiche Beleuchtung. Skandinavisches Design. Ekkla.ch Schweizer Website f\u00fcr Designlampen. Sichere Zahlungsabwicklung.\",\"breadcrumb\":{\"@id\":\"https:\/\/ekkla.ch\/de\/produit\/hangeleuchte-butterfly-mattes-rot-o21-frandsen\/#breadcrumb\"},\"inLanguage\":\"de\",\"potentialAction\":[{\"@type\":\"ReadAction\",\"target\":[\"https:\/\/ekkla.ch\/de\/produit\/hangeleuchte-butterfly-mattes-rot-o21-frandsen\/\"]}]},{\"@type\":\"ImageObject\",\"inLanguage\":\"de\",\"@id\":\"https:\/\/ekkla.ch\/de\/produit\/hangeleuchte-butterfly-mattes-rot-o21-frandsen\/#primaryimage\",\"url\":\"https:\/\/ekkla.ch\/wp-content\/uploads\/2022\/02\/Suspension_Butterfly_Frandsen_matt_red.jpg\",\"contentUrl\":\"https:\/\/ekkla.ch\/wp-content\/uploads\/2022\/02\/Suspension_Butterfly_Frandsen_matt_red.jpg\",\"width\":900,\"height\":900},{\"@type\":\"BreadcrumbList\",\"@id\":\"https:\/\/ekkla.ch\/de\/produit\/hangeleuchte-butterfly-mattes-rot-o21-frandsen\/#breadcrumb\",\"itemListElement\":[{\"@type\":\"ListItem\",\"position\":1,\"name\":\"Home\",\"item\":\"https:\/\/ekkla.ch\/de\/\"},{\"@type\":\"ListItem\",\"position\":2,\"name\":\"Shop\",\"item\":\"https:\/\/ekkla.ch\/de\/shop\/\"},{\"@type\":\"ListItem\",\"position\":3,\"name\":\"H\u00e4ngeleuchte Butterfly &#8211; Mattes rot &#8211; \u00d821 &#8211; Frandsen\"}]},{\"@type\":\"WebSite\",\"@id\":\"https:\/\/ekkla.ch\/#website\",\"url\":\"https:\/\/ekkla.ch\/\",\"name\":\"Ekkla\",\"description\":\"Der Onlineshop f\u00fcr Beleuchtung\",\"publisher\":{\"@id\":\"https:\/\/ekkla.ch\/#organization\"},\"potentialAction\":[{\"@type\":\"SearchAction\",\"target\":{\"@type\":\"EntryPoint\",\"urlTemplate\":\"https:\/\/ekkla.ch\/?s={search_term_string}\"},\"query-input\":\"required name=search_term_string\"}],\"inLanguage\":\"de\"},{\"@type\":\"Organization\",\"@id\":\"https:\/\/ekkla.ch\/#organization\",\"name\":\"Ekkla\",\"url\":\"https:\/\/ekkla.ch\/\",\"logo\":{\"@type\":\"ImageObject\",\"inLanguage\":\"de\",\"@id\":\"https:\/\/ekkla.ch\/#\/schema\/logo\/image\/\",\"url\":\"http:\/\/ekkla.ch\/wp-content\/uploads\/2019\/07\/logo-1.svg\",\"contentUrl\":\"http:\/\/ekkla.ch\/wp-content\/uploads\/2019\/07\/logo-1.svg\",\"width\":1,\"height\":1,\"caption\":\"Ekkla\"},\"image\":{\"@id\":\"https:\/\/ekkla.ch\/#\/schema\/logo\/image\/\"},\"sameAs\":[\"https:\/\/www.instagram.com\/ekkla_light\/\"]}]}<\/script>\n<!-- \/ Yoast SEO Premium plugin. -->","yoast_head_json":{"title":"Frandsen | H\u00e4ngeleuchte Butterfly | Gratis Lieferung | Ekkla","description":"Mini-Pendelleuchte mit Diffusor aus Opalglas. Weiche Beleuchtung. Skandinavisches Design. Ekkla.ch Schweizer Website f\u00fcr Designlampen. Sichere Zahlungsabwicklung.","robots":{"index":"index","follow":"follow","max-snippet":"max-snippet:-1","max-image-preview":"max-image-preview:large","max-video-preview":"max-video-preview:-1"},"canonical":"https:\/\/ekkla.ch\/de\/produit\/hangeleuchte-butterfly-mattes-rot-o21-frandsen\/","og_locale":"de_DE","og_type":"article","og_title":"H\u00e4ngeleuchte Butterfly - Mattes rot - \u00d821 - Frandsen","og_description":"Mini-Pendelleuchte mit Diffusor aus Opalglas. Weiche Beleuchtung. Skandinavisches Design. Ekkla.ch Schweizer Website f\u00fcr Designlampen. Sichere Zahlungsabwicklung.","og_url":"https:\/\/ekkla.ch\/de\/produit\/hangeleuchte-butterfly-mattes-rot-o21-frandsen\/","og_site_name":"Ekkla","article_modified_time":"2022-07-04T13:10:59+00:00","og_image":[{"width":900,"height":900,"url":"https:\/\/ekkla.ch\/wp-content\/uploads\/2022\/02\/Suspension_Butterfly_Frandsen_matt_red.jpg","type":"image\/jpeg"}],"twitter_card":"summary_large_image","twitter_misc":{"Gesch\u00e4tzte Lesezeit":"1\u00a0Minute"},"schema":{"@context":"https:\/\/schema.org","@graph":[{"@type":"WebPage","@id":"https:\/\/ekkla.ch\/de\/produit\/hangeleuchte-butterfly-mattes-rot-o21-frandsen\/","url":"https:\/\/ekkla.ch\/de\/produit\/hangeleuchte-butterfly-mattes-rot-o21-frandsen\/","name":"Frandsen | H\u00e4ngeleuchte Butterfly | Gratis Lieferung | Ekkla","isPartOf":{"@id":"https:\/\/ekkla.ch\/#website"},"primaryImageOfPage":{"@id":"https:\/\/ekkla.ch\/de\/produit\/hangeleuchte-butterfly-mattes-rot-o21-frandsen\/#primaryimage"},"image":{"@id":"https:\/\/ekkla.ch\/de\/produit\/hangeleuchte-butterfly-mattes-rot-o21-frandsen\/#primaryimage"},"thumbnailUrl":"https:\/\/ekkla.ch\/wp-content\/uploads\/2022\/02\/Suspension_Butterfly_Frandsen_matt_red.jpg","datePublished":"2022-02-03T14:09:10+00:00","dateModified":"2022-07-04T13:10:59+00:00","description":"Mini-Pendelleuchte mit Diffusor aus Opalglas. Weiche Beleuchtung. Skandinavisches Design. Ekkla.ch Schweizer Website f\u00fcr Designlampen. Sichere Zahlungsabwicklung.","breadcrumb":{"@id":"https:\/\/ekkla.ch\/de\/produit\/hangeleuchte-butterfly-mattes-rot-o21-frandsen\/#breadcrumb"},"inLanguage":"de","potentialAction":[{"@type":"ReadAction","target":["https:\/\/ekkla.ch\/de\/produit\/hangeleuchte-butterfly-mattes-rot-o21-frandsen\/"]}]},{"@type":"ImageObject","inLanguage":"de","@id":"https:\/\/ekkla.ch\/de\/produit\/hangeleuchte-butterfly-mattes-rot-o21-frandsen\/#primaryimage","url":"https:\/\/ekkla.ch\/wp-content\/uploads\/2022\/02\/Suspension_Butterfly_Frandsen_matt_red.jpg","contentUrl":"https:\/\/ekkla.ch\/wp-content\/uploads\/2022\/02\/Suspension_Butterfly_Frandsen_matt_red.jpg","width":900,"height":900},{"@type":"BreadcrumbList","@id":"https:\/\/ekkla.ch\/de\/produit\/hangeleuchte-butterfly-mattes-rot-o21-frandsen\/#breadcrumb","itemListElement":[{"@type":"ListItem","position":1,"name":"Home","item":"https:\/\/ekkla.ch\/de\/"},{"@type":"ListItem","position":2,"name":"Shop","item":"https:\/\/ekkla.ch\/de\/shop\/"},{"@type":"ListItem","position":3,"name":"H\u00e4ngeleuchte Butterfly &#8211; Mattes rot &#8211; \u00d821 &#8211; Frandsen"}]},{"@type":"WebSite","@id":"https:\/\/ekkla.ch\/#website","url":"https:\/\/ekkla.ch\/","name":"Ekkla","description":"Der Onlineshop f\u00fcr Beleuchtung","publisher":{"@id":"https:\/\/ekkla.ch\/#organization"},"potentialAction":[{"@type":"SearchAction","target":{"@type":"EntryPoint","urlTemplate":"https:\/\/ekkla.ch\/?s={search_term_string}"},"query-input":"required name=search_term_string"}],"inLanguage":"de"},{"@type":"Organization","@id":"https:\/\/ekkla.ch\/#organization","name":"Ekkla","url":"https:\/\/ekkla.ch\/","logo":{"@type":"ImageObject","inLanguage":"de","@id":"https:\/\/ekkla.ch\/#\/schema\/logo\/image\/","url":"http:\/\/ekkla.ch\/wp-content\/uploads\/2019\/07\/logo-1.svg","contentUrl":"http:\/\/ekkla.ch\/wp-content\/uploads\/2019\/07\/logo-1.svg","width":1,"height":1,"caption":"Ekkla"},"image":{"@id":"https:\/\/ekkla.ch\/#\/schema\/logo\/image\/"},"sameAs":["https:\/\/www.instagram.com\/ekkla_light\/"]}]}},"_links":{"self":[{"href":"https:\/\/ekkla.ch\/de\/wp-json\/wp\/v2\/product\/149827"}],"collection":[{"href":"https:\/\/ekkla.ch\/de\/wp-json\/wp\/v2\/product"}],"about":[{"href":"https:\/\/ekkla.ch\/de\/wp-json\/wp\/v2\/types\/product"}],"wp:featuredmedia":[{"embeddable":true,"href":"https:\/\/ekkla.ch\/de\/wp-json\/wp\/v2\/media\/149721"}],"wp:attachment":[{"href":"https:\/\/ekkla.ch\/de\/wp-json\/wp\/v2\/media?parent=149827"}],"wp:term":[{"taxonomy":"product_cat","embeddable":true,"href":"https:\/\/ekkla.ch\/de\/wp-json\/wp\/v2\/product_cat?post=149827"},{"taxonomy":"product_tag","embeddable":true,"href":"https:\/\/ekkla.ch\/de\/wp-json\/wp\/v2\/product_tag?post=149827"}],"curies":[{"name":"wp","href":"https:\/\/api.w.org\/{rel}","templated":true}]}}