{"id":149913,"date":"2022-02-07T11:33:29","date_gmt":"2022-02-07T10:33:29","guid":{"rendered":"https:\/\/ekkla.ch\/produit\/hangeleuchte-asteria-micro-nuance-orange-umage\/"},"modified":"2023-04-06T14:03:57","modified_gmt":"2023-04-06T12:03:57","slug":"hangeleuchte-asteria-micro-nuance-orange-umage","status":"publish","type":"product","link":"https:\/\/ekkla.ch\/de\/produit\/hangeleuchte-asteria-micro-nuance-orange-umage\/","title":{"rendered":"H\u00e4ngeleuchte Asteria micro Nuance orange &#8211; \u00d8 15 cm &#8211; Umage"},"content":{"rendered":"<p>Die H\u00e4ngeleuchte Asteria wurde von dem Designer Anders Klem f\u00fcr die d\u00e4nische Marke Umage entworfen und ist nun in einer Mikroversion erh\u00e4ltlich! Die Leuchte besticht durch ihr schlichtes Design und die integrierte LED und verleiht Ihrer Einrichtung einen skandinavischen Touch. Die H\u00e4ngeleuchte ist eine Mischung aus Design, Technologie und Handwerkskunst: ihre Z\u00fcge sind fein und elegant, was an ein grafisches Design ankn\u00fcpft. Die Helligkeit dieser Leuchte ist einstellbar, was sie zu einer idealen Lampe \u00fcber einem Esstisch oder in einem B\u00fcro macht, und ihre geringe Gr\u00f6sse l\u00e4dt dazu ein, sie als Cluster zu verwenden oder sie \u00fcber einer Bar zu vervielf\u00e4ltigen!<\/p>\n<h2>\u00a0 \u00a0Merkmale &amp; Eigenschaften<\/h2>\n<p><strong>\u00a0 \u00a0 \u00a0 Marke\u00a0<\/strong>Umage<\/p>\n<p><strong>\u00a0 \u00a0 \u00a0 Farbe<\/strong> Orange<\/p>\n<p><strong>\u00a0 \u00a0 \u00a0 Materialien<\/strong> Aluminium | Stahl | PMMA<\/p>\n<p><strong>\u00a0 \u00a0 \u00a0 Beleuchtung<\/strong>\u00a0Integrierte LED (dimmbar)<\/p>\n<p><strong>\u00a0 \u00a0 \u00a0 Lumen (lm) <\/strong>450<\/p>\n<p><strong>\u00a0 \u00a0 \u00a0 Kelvin (k)<\/strong> 3000<\/p>\n<p><strong>\u00a0 \u00a0 \u00a0 Durchmesser (cm) <\/strong>15<\/p>\n","protected":false},"excerpt":{"rendered":"<p>Die H\u00e4ngeleuchte Asteria wurde von dem Designer Anders Klem f\u00fcr die d\u00e4nische Marke Umage entworfen und ist nun in einer Mikroversion erh\u00e4ltlich! Die Leuchte besticht durch ihr schlichtes Design und die integrierte LED und verleiht Ihrer Einrichtung einen skandinavischen Touch. Die H\u00e4ngeleuchte ist eine Mischung aus Design, Technologie und Handwerkskunst: ihre Z\u00fcge sind fein und [&hellip;]<\/p>\n","protected":false},"featured_media":149875,"template":"","meta":{"_acf_changed":false,"om_disable_all_campaigns":false},"product_cat":[291],"product_tag":[898,554,1188,816,936,775],"bundled_by":[],"bundle_stock_status":"onbackorder","bundle_stock_quantity":null,"bundle_virtual":false,"bundle_layout":"","bundle_add_to_cart_form_location":"","bundle_editable_in_cart":false,"bundle_sold_individually_context":"","bundle_item_grouping":"","bundle_min_size":"","bundle_max_size":"","bundle_price":[],"bundled_items":[],"bundle_sell_ids":[],"acf":[],"yoast_head":"<!-- This site is optimized with the Yoast SEO Premium plugin v22.2 (Yoast SEO v22.8) - https:\/\/yoast.com\/wordpress\/plugins\/seo\/ -->\n<title>Umage | H\u00e4ngelampe Asteria micro | Integrierte LED | Gratis Lieferung | Ekkla<\/title>\n<meta name=\"description\" content=\"Eine Leuchte mit purem Design, die einen skandinavischen Touch in Ihre Dekoration bringt. Integrierte LED. Ideal \u00fcber einem Esstisch.\" \/>\n<meta name=\"robots\" content=\"index, follow, max-snippet:-1, max-image-preview:large, max-video-preview:-1\" \/>\n<link rel=\"canonical\" href=\"https:\/\/ekkla.ch\/de\/produit\/hangeleuchte-asteria-micro-nuance-orange-umage\/\" \/>\n<meta property=\"og:locale\" content=\"de_DE\" \/>\n<meta property=\"og:type\" content=\"article\" \/>\n<meta property=\"og:title\" content=\"H\u00e4ngeleuchte Asteria micro Nuance orange - \u00d8 15 cm - Umage\" \/>\n<meta property=\"og:description\" content=\"Eine Leuchte mit purem Design, die einen skandinavischen Touch in Ihre Dekoration bringt. Integrierte LED. Ideal \u00fcber einem Esstisch.\" \/>\n<meta property=\"og:url\" content=\"https:\/\/ekkla.ch\/de\/produit\/hangeleuchte-asteria-micro-nuance-orange-umage\/\" \/>\n<meta property=\"og:site_name\" content=\"Ekkla\" \/>\n<meta property=\"article:modified_time\" content=\"2023-04-06T12:03:57+00:00\" \/>\n<meta property=\"og:image\" content=\"https:\/\/ekkla.ch\/wp-content\/uploads\/2022\/02\/Asteria_micro_Orange-3.jpg\" \/>\n\t<meta property=\"og:image:width\" content=\"900\" \/>\n\t<meta property=\"og:image:height\" content=\"900\" \/>\n\t<meta property=\"og:image:type\" content=\"image\/jpeg\" \/>\n<meta name=\"twitter:card\" content=\"summary_large_image\" \/>\n<meta name=\"twitter:label1\" content=\"Gesch\u00e4tzte Lesezeit\" \/>\n\t<meta name=\"twitter:data1\" content=\"1\u00a0Minute\" \/>\n<script type=\"application\/ld+json\" class=\"yoast-schema-graph\">{\"@context\":\"https:\/\/schema.org\",\"@graph\":[{\"@type\":\"WebPage\",\"@id\":\"https:\/\/ekkla.ch\/de\/produit\/hangeleuchte-asteria-micro-nuance-orange-umage\/\",\"url\":\"https:\/\/ekkla.ch\/de\/produit\/hangeleuchte-asteria-micro-nuance-orange-umage\/\",\"name\":\"Umage | H\u00e4ngelampe Asteria micro | Integrierte LED | Gratis Lieferung | Ekkla\",\"isPartOf\":{\"@id\":\"https:\/\/ekkla.ch\/#website\"},\"primaryImageOfPage\":{\"@id\":\"https:\/\/ekkla.ch\/de\/produit\/hangeleuchte-asteria-micro-nuance-orange-umage\/#primaryimage\"},\"image\":{\"@id\":\"https:\/\/ekkla.ch\/de\/produit\/hangeleuchte-asteria-micro-nuance-orange-umage\/#primaryimage\"},\"thumbnailUrl\":\"https:\/\/ekkla.ch\/wp-content\/uploads\/2022\/02\/Asteria_micro_Orange-3.jpg\",\"datePublished\":\"2022-02-07T10:33:29+00:00\",\"dateModified\":\"2023-04-06T12:03:57+00:00\",\"description\":\"Eine Leuchte mit purem Design, die einen skandinavischen Touch in Ihre Dekoration bringt. Integrierte LED. Ideal \u00fcber einem Esstisch.\",\"breadcrumb\":{\"@id\":\"https:\/\/ekkla.ch\/de\/produit\/hangeleuchte-asteria-micro-nuance-orange-umage\/#breadcrumb\"},\"inLanguage\":\"de\",\"potentialAction\":[{\"@type\":\"ReadAction\",\"target\":[\"https:\/\/ekkla.ch\/de\/produit\/hangeleuchte-asteria-micro-nuance-orange-umage\/\"]}]},{\"@type\":\"ImageObject\",\"inLanguage\":\"de\",\"@id\":\"https:\/\/ekkla.ch\/de\/produit\/hangeleuchte-asteria-micro-nuance-orange-umage\/#primaryimage\",\"url\":\"https:\/\/ekkla.ch\/wp-content\/uploads\/2022\/02\/Asteria_micro_Orange-3.jpg\",\"contentUrl\":\"https:\/\/ekkla.ch\/wp-content\/uploads\/2022\/02\/Asteria_micro_Orange-3.jpg\",\"width\":900,\"height\":900},{\"@type\":\"BreadcrumbList\",\"@id\":\"https:\/\/ekkla.ch\/de\/produit\/hangeleuchte-asteria-micro-nuance-orange-umage\/#breadcrumb\",\"itemListElement\":[{\"@type\":\"ListItem\",\"position\":1,\"name\":\"Home\",\"item\":\"https:\/\/ekkla.ch\/de\/\"},{\"@type\":\"ListItem\",\"position\":2,\"name\":\"Shop\",\"item\":\"https:\/\/ekkla.ch\/de\/shop\/\"},{\"@type\":\"ListItem\",\"position\":3,\"name\":\"H\u00e4ngeleuchte Asteria micro Nuance orange &#8211; \u00d8 15 cm &#8211; Umage\"}]},{\"@type\":\"WebSite\",\"@id\":\"https:\/\/ekkla.ch\/#website\",\"url\":\"https:\/\/ekkla.ch\/\",\"name\":\"Ekkla\",\"description\":\"Der Onlineshop f\u00fcr Beleuchtung\",\"publisher\":{\"@id\":\"https:\/\/ekkla.ch\/#organization\"},\"potentialAction\":[{\"@type\":\"SearchAction\",\"target\":{\"@type\":\"EntryPoint\",\"urlTemplate\":\"https:\/\/ekkla.ch\/?s={search_term_string}\"},\"query-input\":\"required name=search_term_string\"}],\"inLanguage\":\"de\"},{\"@type\":\"Organization\",\"@id\":\"https:\/\/ekkla.ch\/#organization\",\"name\":\"Ekkla\",\"url\":\"https:\/\/ekkla.ch\/\",\"logo\":{\"@type\":\"ImageObject\",\"inLanguage\":\"de\",\"@id\":\"https:\/\/ekkla.ch\/#\/schema\/logo\/image\/\",\"url\":\"http:\/\/ekkla.ch\/wp-content\/uploads\/2019\/07\/logo-1.svg\",\"contentUrl\":\"http:\/\/ekkla.ch\/wp-content\/uploads\/2019\/07\/logo-1.svg\",\"width\":1,\"height\":1,\"caption\":\"Ekkla\"},\"image\":{\"@id\":\"https:\/\/ekkla.ch\/#\/schema\/logo\/image\/\"},\"sameAs\":[\"https:\/\/www.instagram.com\/ekkla_light\/\"]}]}<\/script>\n<!-- \/ Yoast SEO Premium plugin. -->","yoast_head_json":{"title":"Umage | H\u00e4ngelampe Asteria micro | Integrierte LED | Gratis Lieferung | Ekkla","description":"Eine Leuchte mit purem Design, die einen skandinavischen Touch in Ihre Dekoration bringt. Integrierte LED. Ideal \u00fcber einem Esstisch.","robots":{"index":"index","follow":"follow","max-snippet":"max-snippet:-1","max-image-preview":"max-image-preview:large","max-video-preview":"max-video-preview:-1"},"canonical":"https:\/\/ekkla.ch\/de\/produit\/hangeleuchte-asteria-micro-nuance-orange-umage\/","og_locale":"de_DE","og_type":"article","og_title":"H\u00e4ngeleuchte Asteria micro Nuance orange - \u00d8 15 cm - Umage","og_description":"Eine Leuchte mit purem Design, die einen skandinavischen Touch in Ihre Dekoration bringt. Integrierte LED. Ideal \u00fcber einem Esstisch.","og_url":"https:\/\/ekkla.ch\/de\/produit\/hangeleuchte-asteria-micro-nuance-orange-umage\/","og_site_name":"Ekkla","article_modified_time":"2023-04-06T12:03:57+00:00","og_image":[{"width":900,"height":900,"url":"https:\/\/ekkla.ch\/wp-content\/uploads\/2022\/02\/Asteria_micro_Orange-3.jpg","type":"image\/jpeg"}],"twitter_card":"summary_large_image","twitter_misc":{"Gesch\u00e4tzte Lesezeit":"1\u00a0Minute"},"schema":{"@context":"https:\/\/schema.org","@graph":[{"@type":"WebPage","@id":"https:\/\/ekkla.ch\/de\/produit\/hangeleuchte-asteria-micro-nuance-orange-umage\/","url":"https:\/\/ekkla.ch\/de\/produit\/hangeleuchte-asteria-micro-nuance-orange-umage\/","name":"Umage | H\u00e4ngelampe Asteria micro | Integrierte LED | Gratis Lieferung | Ekkla","isPartOf":{"@id":"https:\/\/ekkla.ch\/#website"},"primaryImageOfPage":{"@id":"https:\/\/ekkla.ch\/de\/produit\/hangeleuchte-asteria-micro-nuance-orange-umage\/#primaryimage"},"image":{"@id":"https:\/\/ekkla.ch\/de\/produit\/hangeleuchte-asteria-micro-nuance-orange-umage\/#primaryimage"},"thumbnailUrl":"https:\/\/ekkla.ch\/wp-content\/uploads\/2022\/02\/Asteria_micro_Orange-3.jpg","datePublished":"2022-02-07T10:33:29+00:00","dateModified":"2023-04-06T12:03:57+00:00","description":"Eine Leuchte mit purem Design, die einen skandinavischen Touch in Ihre Dekoration bringt. Integrierte LED. Ideal \u00fcber einem Esstisch.","breadcrumb":{"@id":"https:\/\/ekkla.ch\/de\/produit\/hangeleuchte-asteria-micro-nuance-orange-umage\/#breadcrumb"},"inLanguage":"de","potentialAction":[{"@type":"ReadAction","target":["https:\/\/ekkla.ch\/de\/produit\/hangeleuchte-asteria-micro-nuance-orange-umage\/"]}]},{"@type":"ImageObject","inLanguage":"de","@id":"https:\/\/ekkla.ch\/de\/produit\/hangeleuchte-asteria-micro-nuance-orange-umage\/#primaryimage","url":"https:\/\/ekkla.ch\/wp-content\/uploads\/2022\/02\/Asteria_micro_Orange-3.jpg","contentUrl":"https:\/\/ekkla.ch\/wp-content\/uploads\/2022\/02\/Asteria_micro_Orange-3.jpg","width":900,"height":900},{"@type":"BreadcrumbList","@id":"https:\/\/ekkla.ch\/de\/produit\/hangeleuchte-asteria-micro-nuance-orange-umage\/#breadcrumb","itemListElement":[{"@type":"ListItem","position":1,"name":"Home","item":"https:\/\/ekkla.ch\/de\/"},{"@type":"ListItem","position":2,"name":"Shop","item":"https:\/\/ekkla.ch\/de\/shop\/"},{"@type":"ListItem","position":3,"name":"H\u00e4ngeleuchte Asteria micro Nuance orange &#8211; \u00d8 15 cm &#8211; Umage"}]},{"@type":"WebSite","@id":"https:\/\/ekkla.ch\/#website","url":"https:\/\/ekkla.ch\/","name":"Ekkla","description":"Der Onlineshop f\u00fcr Beleuchtung","publisher":{"@id":"https:\/\/ekkla.ch\/#organization"},"potentialAction":[{"@type":"SearchAction","target":{"@type":"EntryPoint","urlTemplate":"https:\/\/ekkla.ch\/?s={search_term_string}"},"query-input":"required name=search_term_string"}],"inLanguage":"de"},{"@type":"Organization","@id":"https:\/\/ekkla.ch\/#organization","name":"Ekkla","url":"https:\/\/ekkla.ch\/","logo":{"@type":"ImageObject","inLanguage":"de","@id":"https:\/\/ekkla.ch\/#\/schema\/logo\/image\/","url":"http:\/\/ekkla.ch\/wp-content\/uploads\/2019\/07\/logo-1.svg","contentUrl":"http:\/\/ekkla.ch\/wp-content\/uploads\/2019\/07\/logo-1.svg","width":1,"height":1,"caption":"Ekkla"},"image":{"@id":"https:\/\/ekkla.ch\/#\/schema\/logo\/image\/"},"sameAs":["https:\/\/www.instagram.com\/ekkla_light\/"]}]}},"_links":{"self":[{"href":"https:\/\/ekkla.ch\/de\/wp-json\/wp\/v2\/product\/149913"}],"collection":[{"href":"https:\/\/ekkla.ch\/de\/wp-json\/wp\/v2\/product"}],"about":[{"href":"https:\/\/ekkla.ch\/de\/wp-json\/wp\/v2\/types\/product"}],"wp:featuredmedia":[{"embeddable":true,"href":"https:\/\/ekkla.ch\/de\/wp-json\/wp\/v2\/media\/149875"}],"wp:attachment":[{"href":"https:\/\/ekkla.ch\/de\/wp-json\/wp\/v2\/media?parent=149913"}],"wp:term":[{"taxonomy":"product_cat","embeddable":true,"href":"https:\/\/ekkla.ch\/de\/wp-json\/wp\/v2\/product_cat?post=149913"},{"taxonomy":"product_tag","embeddable":true,"href":"https:\/\/ekkla.ch\/de\/wp-json\/wp\/v2\/product_tag?post=149913"}],"curies":[{"name":"wp","href":"https:\/\/api.w.org\/{rel}","templated":true}]}}