{"id":149967,"date":"2022-01-20T15:16:57","date_gmt":"2022-01-20T14:16:57","guid":{"rendered":"https:\/\/ekkla.ch\/produit\/wandleuchte-mooon-o15-cm-kaktusgrun-fermob\/"},"modified":"2024-06-30T00:15:20","modified_gmt":"2024-06-29T22:15:20","slug":"wandleuchte-mooon-o15-cm-kaktusgrun-fermob","status":"publish","type":"product","link":"https:\/\/ekkla.ch\/de\/produit\/wandleuchte-mooon-o15-cm-kaktusgrun-fermob\/","title":{"rendered":"Wandleuchte Mooon! verbunden &#8211; \u00d815 &#8211; Kaktusgr\u00fcn &#8211; LED &#8211; Fermob"},"content":{"rendered":"<p>Der Designer\u00a0Tristan Lohner\u00a0liess sich beim Entwerfen von <em>Mooon!<\/em> von den st\u00e4dtischen Lampen des XIX. Jahrhunderts inspirieren. Eine \u00fcberarbeitete und stilvolle Neuauflage, erh\u00e4ltlich in den vier Hauptfarben der Fermob-Palette: Anthrazit, Kaktusgr\u00fcn, Ockerrot und Acapulco Blau. Sie wurde zun\u00e4chst als 40cm-Tischleuchte entworfen, und dann als Stehleuchte.<\/p>\n<p>Diese gewagte Kollektion erh\u00e4lt nun ein neues Mitglied: eine Wandleuchte. Diese aus Glas und Aluminium gefertigte Fermob-Innovation passt ideal auf eine Terrasse, um einen Lounge-Bereich zu beleuchten. Alternativ kann sie auch \u00fcber einen Tisch geklemmt werden, um Ihre Sommerabende zu erhellen.<\/p>\n<p>Hinter der schlichten und trendigen Erscheinung verbergen sich unterschiedliche Technologien: w\u00e4hlen Sie zwischen 2 Lichttemperaturen (warmes Weiss 3000 K\u00b0 und kaltes Weiss 6000 K\u00b0) und unterschiedlicher Lichtst\u00e4rken (Fermob Lighting App). \u00a0Die Wandleuchte wird klassisch an die Stromleitung angeschlossen. Der Clou an der Sache? Dank des einfachen Quick&#8217;n&#8217;Clic-Systems k\u00f6nnen Sie den Glasdiffusor nach oben oder unten richten und so die Lichtrichtung ver\u00e4ndern.<\/p>\n<p>Eine weitere Innovation: die eingebaute Bluetooth-Technologie! Damit kann per Smartphone das Licht der jeweiligen Atmosph\u00e4re angepasst werden. Mit der Schutzart IP54 ist sie perfekt f\u00fcr den Einsatz im Freien geeignet &#8211; also bei jedem Wetter einsatzbereit.<\/p>\n<blockquote>\n<h2>Merkmale &amp; Eigenschaften<\/h2>\n<p><strong>Marke<\/strong> Fermob<\/p>\n<p><strong>Farbe\u00a0<\/strong>Kaktusgr\u00fcn<\/p>\n<p><strong>Materialien<\/strong> Glas und Aluminium<\/p>\n<p><strong>Lichtstrom (lm)<\/strong> 400<\/p>\n<p><strong>Technologie<\/strong> Integrierte LED (8W), Bluetooth<\/p>\n<p><strong>H\u00f6he (cm) <\/strong>25.5<\/p>\n<p><strong>Durchmesser (cm) <\/strong>15<\/p>\n<p><strong>Gewicht (kg) <\/strong>0.9<\/p><\/blockquote>\n","protected":false},"excerpt":{"rendered":"<p>Der Designer\u00a0Tristan Lohner\u00a0liess sich beim Entwerfen von Mooon! von den st\u00e4dtischen Lampen des XIX. Jahrhunderts inspirieren. Eine \u00fcberarbeitete und stilvolle Neuauflage, erh\u00e4ltlich in den vier Hauptfarben der Fermob-Palette: Anthrazit, Kaktusgr\u00fcn, Ockerrot und Acapulco Blau. Sie wurde zun\u00e4chst als 40cm-Tischleuchte entworfen, und dann als Stehleuchte. Diese gewagte Kollektion erh\u00e4lt nun ein neues Mitglied: eine Wandleuchte. Diese [&hellip;]<\/p>\n","protected":false},"featured_media":150144,"template":"","meta":{"_acf_changed":false,"om_disable_all_campaigns":false},"product_cat":[286],"product_tag":[1244,818,900,1188,1265,1072,1022,862,1203,1109,883,403,1209],"bundled_by":[],"bundle_stock_status":"instock","bundle_stock_quantity":1,"bundle_virtual":false,"bundle_layout":"","bundle_add_to_cart_form_location":"","bundle_editable_in_cart":false,"bundle_sold_individually_context":"","bundle_item_grouping":"","bundle_min_size":"","bundle_max_size":"","bundle_price":[],"bundled_items":[],"bundle_sell_ids":[],"acf":[],"yoast_head":"<!-- This site is optimized with the Yoast SEO Premium plugin v22.2 (Yoast SEO v22.8) - https:\/\/yoast.com\/wordpress\/plugins\/seo\/ -->\n<title>Fermob | Wandleuchte Mooon! \u00d815 Kaktusgr\u00fcn | Lieferung gratis | Ekkla<\/title>\n<meta name=\"description\" content=\"Wandleuchte mit integrierter LED aus der Kollektion Mooon! von Fermob. Robuste Aussenleuchte aus Glas und Aluminium. Einfache Installation.\" \/>\n<meta name=\"robots\" content=\"index, follow, max-snippet:-1, max-image-preview:large, max-video-preview:-1\" \/>\n<link rel=\"canonical\" href=\"https:\/\/ekkla.ch\/de\/produit\/wandleuchte-mooon-o15-cm-kaktusgrun-fermob\/\" \/>\n<meta property=\"og:locale\" content=\"de_DE\" \/>\n<meta property=\"og:type\" content=\"article\" \/>\n<meta property=\"og:title\" content=\"Wandleuchte Mooon! verbunden - \u00d815 - Kaktusgr\u00fcn - LED - Fermob\" \/>\n<meta property=\"og:description\" content=\"Wandleuchte mit integrierter LED aus der Kollektion Mooon! von Fermob. Robuste Aussenleuchte aus Glas und Aluminium. Einfache Installation.\" \/>\n<meta property=\"og:url\" content=\"https:\/\/ekkla.ch\/de\/produit\/wandleuchte-mooon-o15-cm-kaktusgrun-fermob\/\" \/>\n<meta property=\"og:site_name\" content=\"Ekkla\" \/>\n<meta property=\"article:modified_time\" content=\"2024-06-29T22:15:20+00:00\" \/>\n<meta property=\"og:image\" content=\"https:\/\/ekkla.ch\/wp-content\/uploads\/2022\/01\/Applique-Mooon_Cactus_Fermon_Image-produit.2.jpg\" \/>\n\t<meta property=\"og:image:width\" content=\"900\" \/>\n\t<meta property=\"og:image:height\" content=\"900\" \/>\n\t<meta property=\"og:image:type\" content=\"image\/jpeg\" \/>\n<meta name=\"twitter:card\" content=\"summary_large_image\" \/>\n<meta name=\"twitter:label1\" content=\"Gesch\u00e4tzte Lesezeit\" \/>\n\t<meta name=\"twitter:data1\" content=\"2\u00a0Minuten\" \/>\n<script type=\"application\/ld+json\" class=\"yoast-schema-graph\">{\"@context\":\"https:\/\/schema.org\",\"@graph\":[{\"@type\":\"WebPage\",\"@id\":\"https:\/\/ekkla.ch\/de\/produit\/wandleuchte-mooon-o15-cm-kaktusgrun-fermob\/\",\"url\":\"https:\/\/ekkla.ch\/de\/produit\/wandleuchte-mooon-o15-cm-kaktusgrun-fermob\/\",\"name\":\"Fermob | Wandleuchte Mooon! \u00d815 Kaktusgr\u00fcn | Lieferung gratis | Ekkla\",\"isPartOf\":{\"@id\":\"https:\/\/ekkla.ch\/#website\"},\"primaryImageOfPage\":{\"@id\":\"https:\/\/ekkla.ch\/de\/produit\/wandleuchte-mooon-o15-cm-kaktusgrun-fermob\/#primaryimage\"},\"image\":{\"@id\":\"https:\/\/ekkla.ch\/de\/produit\/wandleuchte-mooon-o15-cm-kaktusgrun-fermob\/#primaryimage\"},\"thumbnailUrl\":\"https:\/\/ekkla.ch\/wp-content\/uploads\/2022\/01\/Applique-Mooon_Cactus_Fermon_Image-produit.2.jpg\",\"datePublished\":\"2022-01-20T14:16:57+00:00\",\"dateModified\":\"2024-06-29T22:15:20+00:00\",\"description\":\"Wandleuchte mit integrierter LED aus der Kollektion Mooon! von Fermob. Robuste Aussenleuchte aus Glas und Aluminium. Einfache Installation.\",\"breadcrumb\":{\"@id\":\"https:\/\/ekkla.ch\/de\/produit\/wandleuchte-mooon-o15-cm-kaktusgrun-fermob\/#breadcrumb\"},\"inLanguage\":\"de\",\"potentialAction\":[{\"@type\":\"ReadAction\",\"target\":[\"https:\/\/ekkla.ch\/de\/produit\/wandleuchte-mooon-o15-cm-kaktusgrun-fermob\/\"]}]},{\"@type\":\"ImageObject\",\"inLanguage\":\"de\",\"@id\":\"https:\/\/ekkla.ch\/de\/produit\/wandleuchte-mooon-o15-cm-kaktusgrun-fermob\/#primaryimage\",\"url\":\"https:\/\/ekkla.ch\/wp-content\/uploads\/2022\/01\/Applique-Mooon_Cactus_Fermon_Image-produit.2.jpg\",\"contentUrl\":\"https:\/\/ekkla.ch\/wp-content\/uploads\/2022\/01\/Applique-Mooon_Cactus_Fermon_Image-produit.2.jpg\",\"width\":900,\"height\":900},{\"@type\":\"BreadcrumbList\",\"@id\":\"https:\/\/ekkla.ch\/de\/produit\/wandleuchte-mooon-o15-cm-kaktusgrun-fermob\/#breadcrumb\",\"itemListElement\":[{\"@type\":\"ListItem\",\"position\":1,\"name\":\"Home\",\"item\":\"https:\/\/ekkla.ch\/de\/\"},{\"@type\":\"ListItem\",\"position\":2,\"name\":\"Shop\",\"item\":\"https:\/\/ekkla.ch\/de\/shop\/\"},{\"@type\":\"ListItem\",\"position\":3,\"name\":\"Wandleuchte Mooon! verbunden &#8211; \u00d815 &#8211; Kaktusgr\u00fcn &#8211; LED &#8211; Fermob\"}]},{\"@type\":\"WebSite\",\"@id\":\"https:\/\/ekkla.ch\/#website\",\"url\":\"https:\/\/ekkla.ch\/\",\"name\":\"Ekkla\",\"description\":\"Der Onlineshop f\u00fcr Beleuchtung\",\"publisher\":{\"@id\":\"https:\/\/ekkla.ch\/#organization\"},\"potentialAction\":[{\"@type\":\"SearchAction\",\"target\":{\"@type\":\"EntryPoint\",\"urlTemplate\":\"https:\/\/ekkla.ch\/?s={search_term_string}\"},\"query-input\":\"required name=search_term_string\"}],\"inLanguage\":\"de\"},{\"@type\":\"Organization\",\"@id\":\"https:\/\/ekkla.ch\/#organization\",\"name\":\"Ekkla\",\"url\":\"https:\/\/ekkla.ch\/\",\"logo\":{\"@type\":\"ImageObject\",\"inLanguage\":\"de\",\"@id\":\"https:\/\/ekkla.ch\/#\/schema\/logo\/image\/\",\"url\":\"http:\/\/ekkla.ch\/wp-content\/uploads\/2019\/07\/logo-1.svg\",\"contentUrl\":\"http:\/\/ekkla.ch\/wp-content\/uploads\/2019\/07\/logo-1.svg\",\"width\":1,\"height\":1,\"caption\":\"Ekkla\"},\"image\":{\"@id\":\"https:\/\/ekkla.ch\/#\/schema\/logo\/image\/\"},\"sameAs\":[\"https:\/\/www.instagram.com\/ekkla_light\/\"]}]}<\/script>\n<!-- \/ Yoast SEO Premium plugin. -->","yoast_head_json":{"title":"Fermob | Wandleuchte Mooon! \u00d815 Kaktusgr\u00fcn | Lieferung gratis | Ekkla","description":"Wandleuchte mit integrierter LED aus der Kollektion Mooon! von Fermob. Robuste Aussenleuchte aus Glas und Aluminium. Einfache Installation.","robots":{"index":"index","follow":"follow","max-snippet":"max-snippet:-1","max-image-preview":"max-image-preview:large","max-video-preview":"max-video-preview:-1"},"canonical":"https:\/\/ekkla.ch\/de\/produit\/wandleuchte-mooon-o15-cm-kaktusgrun-fermob\/","og_locale":"de_DE","og_type":"article","og_title":"Wandleuchte Mooon! verbunden - \u00d815 - Kaktusgr\u00fcn - LED - Fermob","og_description":"Wandleuchte mit integrierter LED aus der Kollektion Mooon! von Fermob. Robuste Aussenleuchte aus Glas und Aluminium. Einfache Installation.","og_url":"https:\/\/ekkla.ch\/de\/produit\/wandleuchte-mooon-o15-cm-kaktusgrun-fermob\/","og_site_name":"Ekkla","article_modified_time":"2024-06-29T22:15:20+00:00","og_image":[{"width":900,"height":900,"url":"https:\/\/ekkla.ch\/wp-content\/uploads\/2022\/01\/Applique-Mooon_Cactus_Fermon_Image-produit.2.jpg","type":"image\/jpeg"}],"twitter_card":"summary_large_image","twitter_misc":{"Gesch\u00e4tzte Lesezeit":"2\u00a0Minuten"},"schema":{"@context":"https:\/\/schema.org","@graph":[{"@type":"WebPage","@id":"https:\/\/ekkla.ch\/de\/produit\/wandleuchte-mooon-o15-cm-kaktusgrun-fermob\/","url":"https:\/\/ekkla.ch\/de\/produit\/wandleuchte-mooon-o15-cm-kaktusgrun-fermob\/","name":"Fermob | Wandleuchte Mooon! \u00d815 Kaktusgr\u00fcn | Lieferung gratis | Ekkla","isPartOf":{"@id":"https:\/\/ekkla.ch\/#website"},"primaryImageOfPage":{"@id":"https:\/\/ekkla.ch\/de\/produit\/wandleuchte-mooon-o15-cm-kaktusgrun-fermob\/#primaryimage"},"image":{"@id":"https:\/\/ekkla.ch\/de\/produit\/wandleuchte-mooon-o15-cm-kaktusgrun-fermob\/#primaryimage"},"thumbnailUrl":"https:\/\/ekkla.ch\/wp-content\/uploads\/2022\/01\/Applique-Mooon_Cactus_Fermon_Image-produit.2.jpg","datePublished":"2022-01-20T14:16:57+00:00","dateModified":"2024-06-29T22:15:20+00:00","description":"Wandleuchte mit integrierter LED aus der Kollektion Mooon! von Fermob. Robuste Aussenleuchte aus Glas und Aluminium. Einfache Installation.","breadcrumb":{"@id":"https:\/\/ekkla.ch\/de\/produit\/wandleuchte-mooon-o15-cm-kaktusgrun-fermob\/#breadcrumb"},"inLanguage":"de","potentialAction":[{"@type":"ReadAction","target":["https:\/\/ekkla.ch\/de\/produit\/wandleuchte-mooon-o15-cm-kaktusgrun-fermob\/"]}]},{"@type":"ImageObject","inLanguage":"de","@id":"https:\/\/ekkla.ch\/de\/produit\/wandleuchte-mooon-o15-cm-kaktusgrun-fermob\/#primaryimage","url":"https:\/\/ekkla.ch\/wp-content\/uploads\/2022\/01\/Applique-Mooon_Cactus_Fermon_Image-produit.2.jpg","contentUrl":"https:\/\/ekkla.ch\/wp-content\/uploads\/2022\/01\/Applique-Mooon_Cactus_Fermon_Image-produit.2.jpg","width":900,"height":900},{"@type":"BreadcrumbList","@id":"https:\/\/ekkla.ch\/de\/produit\/wandleuchte-mooon-o15-cm-kaktusgrun-fermob\/#breadcrumb","itemListElement":[{"@type":"ListItem","position":1,"name":"Home","item":"https:\/\/ekkla.ch\/de\/"},{"@type":"ListItem","position":2,"name":"Shop","item":"https:\/\/ekkla.ch\/de\/shop\/"},{"@type":"ListItem","position":3,"name":"Wandleuchte Mooon! verbunden &#8211; \u00d815 &#8211; Kaktusgr\u00fcn &#8211; LED &#8211; Fermob"}]},{"@type":"WebSite","@id":"https:\/\/ekkla.ch\/#website","url":"https:\/\/ekkla.ch\/","name":"Ekkla","description":"Der Onlineshop f\u00fcr Beleuchtung","publisher":{"@id":"https:\/\/ekkla.ch\/#organization"},"potentialAction":[{"@type":"SearchAction","target":{"@type":"EntryPoint","urlTemplate":"https:\/\/ekkla.ch\/?s={search_term_string}"},"query-input":"required name=search_term_string"}],"inLanguage":"de"},{"@type":"Organization","@id":"https:\/\/ekkla.ch\/#organization","name":"Ekkla","url":"https:\/\/ekkla.ch\/","logo":{"@type":"ImageObject","inLanguage":"de","@id":"https:\/\/ekkla.ch\/#\/schema\/logo\/image\/","url":"http:\/\/ekkla.ch\/wp-content\/uploads\/2019\/07\/logo-1.svg","contentUrl":"http:\/\/ekkla.ch\/wp-content\/uploads\/2019\/07\/logo-1.svg","width":1,"height":1,"caption":"Ekkla"},"image":{"@id":"https:\/\/ekkla.ch\/#\/schema\/logo\/image\/"},"sameAs":["https:\/\/www.instagram.com\/ekkla_light\/"]}]}},"_links":{"self":[{"href":"https:\/\/ekkla.ch\/de\/wp-json\/wp\/v2\/product\/149967"}],"collection":[{"href":"https:\/\/ekkla.ch\/de\/wp-json\/wp\/v2\/product"}],"about":[{"href":"https:\/\/ekkla.ch\/de\/wp-json\/wp\/v2\/types\/product"}],"wp:featuredmedia":[{"embeddable":true,"href":"https:\/\/ekkla.ch\/de\/wp-json\/wp\/v2\/media\/150144"}],"wp:attachment":[{"href":"https:\/\/ekkla.ch\/de\/wp-json\/wp\/v2\/media?parent=149967"}],"wp:term":[{"taxonomy":"product_cat","embeddable":true,"href":"https:\/\/ekkla.ch\/de\/wp-json\/wp\/v2\/product_cat?post=149967"},{"taxonomy":"product_tag","embeddable":true,"href":"https:\/\/ekkla.ch\/de\/wp-json\/wp\/v2\/product_tag?post=149967"}],"curies":[{"name":"wp","href":"https:\/\/api.w.org\/{rel}","templated":true}]}}