{"id":150662,"date":"2022-02-10T12:00:21","date_gmt":"2022-02-10T11:00:21","guid":{"rendered":"https:\/\/ekkla.ch\/produit\/deckenleuchte-asteria-up-medium-o43-schwarz-umage\/"},"modified":"2023-02-13T00:00:14","modified_gmt":"2023-02-12T23:00:14","slug":"deckenleuchte-asteria-up-medium-o43-schwarz-umage","status":"publish","type":"product","link":"https:\/\/ekkla.ch\/de\/produit\/deckenleuchte-asteria-up-medium-o43-schwarz-umage\/","title":{"rendered":"Deckenleuchte Asteria Up Medium &#8211; \u00d843 &#8211; Schwarz &#8211; Umage"},"content":{"rendered":"<p>Die Deckenleuchte Asteria Up begeistert durch ihr schlichtes Design sowie ihre integrierte LED und bringt einen skandinavischen Touch in Ihre Dekoration.\u00a0Entstanden aus der Kombination von Design, Technologie und Handwerkskunst, sind ihre Z\u00fcge fein und elegant, was an ein grafisches Design ankn\u00fcpft. Diese Deckenleuchte bietet nicht nur das perfekte Licht, sondern ist auch eine sehr diskrete und elegante L\u00f6sung. Der Lampenschirm sitzt auf einem Messingfuss und verleiht dem Design der Lampe einen raffinierten Ausdruck. Er liefert stimmungsvolles Licht und sorgt f\u00fcr eine weiche Atmosph\u00e4re in Ihrem Wohn- oder Esszimmer oder Ihrem Eingangsbereich.<\/p>\n<blockquote>\n<h2>Merkmale &amp; Eigenschaften<\/h2>\n<\/blockquote>\n<blockquote><p><strong>Marke<\/strong> Umage<\/p>\n<p><strong>Farbe<\/strong> Schwarz<\/p>\n<p><strong>Material<\/strong>\u00a0Stahl<\/p>\n<p><strong>Leuchtmittel\u00a0<\/strong>LED<\/p>\n<p><strong>Lumens (lm)\u00a0<\/strong>1100<\/p>\n<p><strong>Kelvin (k) <\/strong>3000<\/p>\n<p><strong>Durchmesser (cm)<\/strong> 43<\/p>\n<p><strong>Gewicht (kg)<\/strong> 1,4<\/p><\/blockquote>\n","protected":false},"excerpt":{"rendered":"<p>Die Deckenleuchte Asteria Up begeistert durch ihr schlichtes Design sowie ihre integrierte LED und bringt einen skandinavischen Touch in Ihre Dekoration.\u00a0Entstanden aus der Kombination von Design, Technologie und Handwerkskunst, sind ihre Z\u00fcge fein und elegant, was an ein grafisches Design ankn\u00fcpft. Diese Deckenleuchte bietet nicht nur das perfekte Licht, sondern ist auch eine sehr diskrete [&hellip;]<\/p>\n","protected":false},"featured_media":150049,"template":"","meta":{"_acf_changed":false,"om_disable_all_campaigns":false},"product_cat":[291],"product_tag":[1258,898,554,1188,816,936,775],"bundled_by":[],"bundle_stock_status":"onbackorder","bundle_stock_quantity":null,"bundle_virtual":false,"bundle_layout":"","bundle_add_to_cart_form_location":"","bundle_editable_in_cart":false,"bundle_sold_individually_context":"","bundle_item_grouping":"","bundle_min_size":"","bundle_max_size":"","bundle_price":[],"bundled_items":[],"bundle_sell_ids":[],"acf":[],"yoast_head":"<!-- This site is optimized with the Yoast SEO Premium plugin v22.2 (Yoast SEO v22.8) - https:\/\/yoast.com\/wordpress\/plugins\/seo\/ -->\n<title>Umage | Deckenleuchte Asteria Up Schwarz | LED | Lieferung gratis | Ekkla<\/title>\n<meta name=\"description\" content=\"Deckenleuchte mit schlichtem Design f\u00fcr einen skandinavischen Touch in Ihrer Einrichtung. Integrierte LED f\u00fcr eine warme Atmosph\u00e4re in Ihrem Zuhause.\" \/>\n<meta name=\"robots\" content=\"index, follow, max-snippet:-1, max-image-preview:large, max-video-preview:-1\" \/>\n<link rel=\"canonical\" href=\"https:\/\/ekkla.ch\/de\/produit\/deckenleuchte-asteria-up-medium-o43-schwarz-umage\/\" \/>\n<meta property=\"og:locale\" content=\"de_DE\" \/>\n<meta property=\"og:type\" content=\"article\" \/>\n<meta property=\"og:title\" content=\"Deckenleuchte Asteria Up Medium - \u00d843 - Schwarz - Umage\" \/>\n<meta property=\"og:description\" content=\"Deckenleuchte mit schlichtem Design f\u00fcr einen skandinavischen Touch in Ihrer Einrichtung. Integrierte LED f\u00fcr eine warme Atmosph\u00e4re in Ihrem Zuhause.\" \/>\n<meta property=\"og:url\" content=\"https:\/\/ekkla.ch\/de\/produit\/deckenleuchte-asteria-up-medium-o43-schwarz-umage\/\" \/>\n<meta property=\"og:site_name\" content=\"Ekkla\" \/>\n<meta property=\"article:modified_time\" content=\"2023-02-12T23:00:14+00:00\" \/>\n<meta property=\"og:image\" content=\"https:\/\/ekkla.ch\/wp-content\/uploads\/2022\/02\/Plafonnier-Asteria-Up-Medium_Noir_Umage_image-produit_2.jpg\" \/>\n\t<meta property=\"og:image:width\" content=\"900\" \/>\n\t<meta property=\"og:image:height\" content=\"900\" \/>\n\t<meta property=\"og:image:type\" content=\"image\/jpeg\" \/>\n<meta name=\"twitter:card\" content=\"summary_large_image\" \/>\n<meta name=\"twitter:label1\" content=\"Gesch\u00e4tzte Lesezeit\" \/>\n\t<meta name=\"twitter:data1\" content=\"1\u00a0Minute\" \/>\n<script type=\"application\/ld+json\" class=\"yoast-schema-graph\">{\"@context\":\"https:\/\/schema.org\",\"@graph\":[{\"@type\":\"WebPage\",\"@id\":\"https:\/\/ekkla.ch\/de\/produit\/deckenleuchte-asteria-up-medium-o43-schwarz-umage\/\",\"url\":\"https:\/\/ekkla.ch\/de\/produit\/deckenleuchte-asteria-up-medium-o43-schwarz-umage\/\",\"name\":\"Umage | Deckenleuchte Asteria Up Schwarz | LED | Lieferung gratis | Ekkla\",\"isPartOf\":{\"@id\":\"https:\/\/ekkla.ch\/#website\"},\"primaryImageOfPage\":{\"@id\":\"https:\/\/ekkla.ch\/de\/produit\/deckenleuchte-asteria-up-medium-o43-schwarz-umage\/#primaryimage\"},\"image\":{\"@id\":\"https:\/\/ekkla.ch\/de\/produit\/deckenleuchte-asteria-up-medium-o43-schwarz-umage\/#primaryimage\"},\"thumbnailUrl\":\"https:\/\/ekkla.ch\/wp-content\/uploads\/2022\/02\/Plafonnier-Asteria-Up-Medium_Noir_Umage_image-produit_2.jpg\",\"datePublished\":\"2022-02-10T11:00:21+00:00\",\"dateModified\":\"2023-02-12T23:00:14+00:00\",\"description\":\"Deckenleuchte mit schlichtem Design f\u00fcr einen skandinavischen Touch in Ihrer Einrichtung. Integrierte LED f\u00fcr eine warme Atmosph\u00e4re in Ihrem Zuhause.\",\"breadcrumb\":{\"@id\":\"https:\/\/ekkla.ch\/de\/produit\/deckenleuchte-asteria-up-medium-o43-schwarz-umage\/#breadcrumb\"},\"inLanguage\":\"de\",\"potentialAction\":[{\"@type\":\"ReadAction\",\"target\":[\"https:\/\/ekkla.ch\/de\/produit\/deckenleuchte-asteria-up-medium-o43-schwarz-umage\/\"]}]},{\"@type\":\"ImageObject\",\"inLanguage\":\"de\",\"@id\":\"https:\/\/ekkla.ch\/de\/produit\/deckenleuchte-asteria-up-medium-o43-schwarz-umage\/#primaryimage\",\"url\":\"https:\/\/ekkla.ch\/wp-content\/uploads\/2022\/02\/Plafonnier-Asteria-Up-Medium_Noir_Umage_image-produit_2.jpg\",\"contentUrl\":\"https:\/\/ekkla.ch\/wp-content\/uploads\/2022\/02\/Plafonnier-Asteria-Up-Medium_Noir_Umage_image-produit_2.jpg\",\"width\":900,\"height\":900},{\"@type\":\"BreadcrumbList\",\"@id\":\"https:\/\/ekkla.ch\/de\/produit\/deckenleuchte-asteria-up-medium-o43-schwarz-umage\/#breadcrumb\",\"itemListElement\":[{\"@type\":\"ListItem\",\"position\":1,\"name\":\"Home\",\"item\":\"https:\/\/ekkla.ch\/de\/\"},{\"@type\":\"ListItem\",\"position\":2,\"name\":\"Shop\",\"item\":\"https:\/\/ekkla.ch\/de\/shop\/\"},{\"@type\":\"ListItem\",\"position\":3,\"name\":\"Deckenleuchte Asteria Up Medium &#8211; \u00d843 &#8211; Schwarz &#8211; Umage\"}]},{\"@type\":\"WebSite\",\"@id\":\"https:\/\/ekkla.ch\/#website\",\"url\":\"https:\/\/ekkla.ch\/\",\"name\":\"Ekkla\",\"description\":\"Der Onlineshop f\u00fcr Beleuchtung\",\"publisher\":{\"@id\":\"https:\/\/ekkla.ch\/#organization\"},\"potentialAction\":[{\"@type\":\"SearchAction\",\"target\":{\"@type\":\"EntryPoint\",\"urlTemplate\":\"https:\/\/ekkla.ch\/?s={search_term_string}\"},\"query-input\":\"required name=search_term_string\"}],\"inLanguage\":\"de\"},{\"@type\":\"Organization\",\"@id\":\"https:\/\/ekkla.ch\/#organization\",\"name\":\"Ekkla\",\"url\":\"https:\/\/ekkla.ch\/\",\"logo\":{\"@type\":\"ImageObject\",\"inLanguage\":\"de\",\"@id\":\"https:\/\/ekkla.ch\/#\/schema\/logo\/image\/\",\"url\":\"http:\/\/ekkla.ch\/wp-content\/uploads\/2019\/07\/logo-1.svg\",\"contentUrl\":\"http:\/\/ekkla.ch\/wp-content\/uploads\/2019\/07\/logo-1.svg\",\"width\":1,\"height\":1,\"caption\":\"Ekkla\"},\"image\":{\"@id\":\"https:\/\/ekkla.ch\/#\/schema\/logo\/image\/\"},\"sameAs\":[\"https:\/\/www.instagram.com\/ekkla_light\/\"]}]}<\/script>\n<!-- \/ Yoast SEO Premium plugin. -->","yoast_head_json":{"title":"Umage | Deckenleuchte Asteria Up Schwarz | LED | Lieferung gratis | Ekkla","description":"Deckenleuchte mit schlichtem Design f\u00fcr einen skandinavischen Touch in Ihrer Einrichtung. Integrierte LED f\u00fcr eine warme Atmosph\u00e4re in Ihrem Zuhause.","robots":{"index":"index","follow":"follow","max-snippet":"max-snippet:-1","max-image-preview":"max-image-preview:large","max-video-preview":"max-video-preview:-1"},"canonical":"https:\/\/ekkla.ch\/de\/produit\/deckenleuchte-asteria-up-medium-o43-schwarz-umage\/","og_locale":"de_DE","og_type":"article","og_title":"Deckenleuchte Asteria Up Medium - \u00d843 - Schwarz - Umage","og_description":"Deckenleuchte mit schlichtem Design f\u00fcr einen skandinavischen Touch in Ihrer Einrichtung. Integrierte LED f\u00fcr eine warme Atmosph\u00e4re in Ihrem Zuhause.","og_url":"https:\/\/ekkla.ch\/de\/produit\/deckenleuchte-asteria-up-medium-o43-schwarz-umage\/","og_site_name":"Ekkla","article_modified_time":"2023-02-12T23:00:14+00:00","og_image":[{"width":900,"height":900,"url":"https:\/\/ekkla.ch\/wp-content\/uploads\/2022\/02\/Plafonnier-Asteria-Up-Medium_Noir_Umage_image-produit_2.jpg","type":"image\/jpeg"}],"twitter_card":"summary_large_image","twitter_misc":{"Gesch\u00e4tzte Lesezeit":"1\u00a0Minute"},"schema":{"@context":"https:\/\/schema.org","@graph":[{"@type":"WebPage","@id":"https:\/\/ekkla.ch\/de\/produit\/deckenleuchte-asteria-up-medium-o43-schwarz-umage\/","url":"https:\/\/ekkla.ch\/de\/produit\/deckenleuchte-asteria-up-medium-o43-schwarz-umage\/","name":"Umage | Deckenleuchte Asteria Up Schwarz | LED | Lieferung gratis | Ekkla","isPartOf":{"@id":"https:\/\/ekkla.ch\/#website"},"primaryImageOfPage":{"@id":"https:\/\/ekkla.ch\/de\/produit\/deckenleuchte-asteria-up-medium-o43-schwarz-umage\/#primaryimage"},"image":{"@id":"https:\/\/ekkla.ch\/de\/produit\/deckenleuchte-asteria-up-medium-o43-schwarz-umage\/#primaryimage"},"thumbnailUrl":"https:\/\/ekkla.ch\/wp-content\/uploads\/2022\/02\/Plafonnier-Asteria-Up-Medium_Noir_Umage_image-produit_2.jpg","datePublished":"2022-02-10T11:00:21+00:00","dateModified":"2023-02-12T23:00:14+00:00","description":"Deckenleuchte mit schlichtem Design f\u00fcr einen skandinavischen Touch in Ihrer Einrichtung. Integrierte LED f\u00fcr eine warme Atmosph\u00e4re in Ihrem Zuhause.","breadcrumb":{"@id":"https:\/\/ekkla.ch\/de\/produit\/deckenleuchte-asteria-up-medium-o43-schwarz-umage\/#breadcrumb"},"inLanguage":"de","potentialAction":[{"@type":"ReadAction","target":["https:\/\/ekkla.ch\/de\/produit\/deckenleuchte-asteria-up-medium-o43-schwarz-umage\/"]}]},{"@type":"ImageObject","inLanguage":"de","@id":"https:\/\/ekkla.ch\/de\/produit\/deckenleuchte-asteria-up-medium-o43-schwarz-umage\/#primaryimage","url":"https:\/\/ekkla.ch\/wp-content\/uploads\/2022\/02\/Plafonnier-Asteria-Up-Medium_Noir_Umage_image-produit_2.jpg","contentUrl":"https:\/\/ekkla.ch\/wp-content\/uploads\/2022\/02\/Plafonnier-Asteria-Up-Medium_Noir_Umage_image-produit_2.jpg","width":900,"height":900},{"@type":"BreadcrumbList","@id":"https:\/\/ekkla.ch\/de\/produit\/deckenleuchte-asteria-up-medium-o43-schwarz-umage\/#breadcrumb","itemListElement":[{"@type":"ListItem","position":1,"name":"Home","item":"https:\/\/ekkla.ch\/de\/"},{"@type":"ListItem","position":2,"name":"Shop","item":"https:\/\/ekkla.ch\/de\/shop\/"},{"@type":"ListItem","position":3,"name":"Deckenleuchte Asteria Up Medium &#8211; \u00d843 &#8211; Schwarz &#8211; Umage"}]},{"@type":"WebSite","@id":"https:\/\/ekkla.ch\/#website","url":"https:\/\/ekkla.ch\/","name":"Ekkla","description":"Der Onlineshop f\u00fcr Beleuchtung","publisher":{"@id":"https:\/\/ekkla.ch\/#organization"},"potentialAction":[{"@type":"SearchAction","target":{"@type":"EntryPoint","urlTemplate":"https:\/\/ekkla.ch\/?s={search_term_string}"},"query-input":"required name=search_term_string"}],"inLanguage":"de"},{"@type":"Organization","@id":"https:\/\/ekkla.ch\/#organization","name":"Ekkla","url":"https:\/\/ekkla.ch\/","logo":{"@type":"ImageObject","inLanguage":"de","@id":"https:\/\/ekkla.ch\/#\/schema\/logo\/image\/","url":"http:\/\/ekkla.ch\/wp-content\/uploads\/2019\/07\/logo-1.svg","contentUrl":"http:\/\/ekkla.ch\/wp-content\/uploads\/2019\/07\/logo-1.svg","width":1,"height":1,"caption":"Ekkla"},"image":{"@id":"https:\/\/ekkla.ch\/#\/schema\/logo\/image\/"},"sameAs":["https:\/\/www.instagram.com\/ekkla_light\/"]}]}},"_links":{"self":[{"href":"https:\/\/ekkla.ch\/de\/wp-json\/wp\/v2\/product\/150662"}],"collection":[{"href":"https:\/\/ekkla.ch\/de\/wp-json\/wp\/v2\/product"}],"about":[{"href":"https:\/\/ekkla.ch\/de\/wp-json\/wp\/v2\/types\/product"}],"wp:featuredmedia":[{"embeddable":true,"href":"https:\/\/ekkla.ch\/de\/wp-json\/wp\/v2\/media\/150049"}],"wp:attachment":[{"href":"https:\/\/ekkla.ch\/de\/wp-json\/wp\/v2\/media?parent=150662"}],"wp:term":[{"taxonomy":"product_cat","embeddable":true,"href":"https:\/\/ekkla.ch\/de\/wp-json\/wp\/v2\/product_cat?post=150662"},{"taxonomy":"product_tag","embeddable":true,"href":"https:\/\/ekkla.ch\/de\/wp-json\/wp\/v2\/product_tag?post=150662"}],"curies":[{"name":"wp","href":"https:\/\/api.w.org\/{rel}","templated":true}]}}