{"id":150779,"date":"2022-02-21T16:11:27","date_gmt":"2022-02-21T15:11:27","guid":{"rendered":"https:\/\/ekkla.ch\/?post_type=product&#038;p=150779"},"modified":"2023-02-23T15:33:50","modified_gmt":"2023-02-23T14:33:50","slug":"kabellose-tischleuchte-goodnight-chrom-farbig-led-h-29-philippe-starck-fur-kartell","status":"publish","type":"product","link":"https:\/\/ekkla.ch\/de\/produit\/kabellose-tischleuchte-goodnight-chrom-farbig-led-h-29-philippe-starck-fur-kartell\/","title":{"rendered":"Kabellose Tischleuchte Goodnight &#8211; Chrom-farbig &#8211; LED H.29 &#8211; Philippe Starck f\u00fcr Kartell"},"content":{"rendered":"<p>Philippe Starck ist seit 1988 der unumg\u00e4ngliche Designer der Marke Kartell. 2022 entwirft er f\u00fcr die Marke eine neue Lampe, die sich vom romantischsten aller Lichter inspirieren l\u00e4sst: dem Kerzenlicht. Die schnurlose Tischlampe Goodnight erfindet das urspr\u00fcngliche Konzept und die Form der traditionellen Kerze neu und verwandelt sie in ein hochtechnologisches Objekt.<\/p>\n<p>Diese kabellose Lampe bietet eine sehr lange Leuchtdauer (bis zu 25 Stunden) sowie drei verschiedene Intensit\u00e4tsstufen. Das kompakte Design macht sie zu einem idealen Tischaccessoire f\u00fcr das Hotel- und Gastst\u00e4ttengewerbe, aber kann auch sehr gut f\u00fcr den privaten Gebrauch auf einem Empfangstisch oder einer Konsole im Eingangsbereich gebraucht werden.<\/p>\n<blockquote>\n<h2 style=\"text-align: left;\">Merkmale &amp; Eigenschaften<\/h2>\n<p><strong>Marke<\/strong> Kartell<\/p>\n<p style=\"text-align: left;\"><strong>Farbe<\/strong> Chrom-farbig (gl\u00e4nzend)<\/p>\n<p style=\"text-align: left;\"><strong>Material<\/strong> PMMA (vollst\u00e4ndig recyclte Materialien)<\/p>\n<p style=\"text-align: left;\"><strong>Stromversorgung<\/strong> LED &#8211; Integrierte Batterie (USB-C\/A Ladekabel inbegriffen)<\/p>\n<p><strong>Farbtemperatur (K) <\/strong>2700<\/p>\n<p><strong>Lichtst\u00e4rke (lm)<\/strong> 40\/80\/220<\/p>\n<p><strong>Batteriedauer (Stunden)<\/strong> min. 5 &#8211; max. 25<\/p>\n<p><strong>Ladezeit Batterie (Stunden)<\/strong> 3,5<\/p>\n<p><strong>Schutzart (IP)<\/strong> 20<\/p>\n<p><strong>Durchmesser Lampenfuss (cm)<\/strong> 9,7<\/p>\n<p><strong>H\u00f6he (cm) <\/strong>29<\/p>\n<p><strong>Gewicht (kg)<\/strong> 0,35<\/p><\/blockquote>\n","protected":false},"excerpt":{"rendered":"<p>Philippe Starck ist seit 1988 der unumg\u00e4ngliche Designer der Marke Kartell. 2022 entwirft er f\u00fcr die Marke eine neue Lampe, die sich vom romantischsten aller Lichter inspirieren l\u00e4sst: dem Kerzenlicht. Die schnurlose Tischlampe Goodnight erfindet das urspr\u00fcngliche Konzept und die Form der traditionellen Kerze neu und verwandelt sie in ein hochtechnologisches Objekt. Diese kabellose Lampe [&hellip;]<\/p>\n","protected":false},"featured_media":150765,"template":"","meta":{"_acf_changed":false,"om_disable_all_campaigns":false},"product_cat":[290],"product_tag":[1258,760,896,1188,801,1203,816,838,704,1209],"bundled_by":[],"bundle_stock_status":"onbackorder","bundle_stock_quantity":null,"bundle_virtual":false,"bundle_layout":"","bundle_add_to_cart_form_location":"","bundle_editable_in_cart":false,"bundle_sold_individually_context":"","bundle_item_grouping":"","bundle_min_size":"","bundle_max_size":"","bundle_price":[],"bundled_items":[],"bundle_sell_ids":[],"acf":[],"yoast_head":"<!-- This site is optimized with the Yoast SEO Premium plugin v22.2 (Yoast SEO v22.8) - https:\/\/yoast.com\/wordpress\/plugins\/seo\/ -->\n<title>Kartell | Kabellose Leuchte Goodnight LED H.29 | Philippe Starck | Ekkla<\/title>\n<meta name=\"description\" content=\"Kabellose Leuchte Goodnight von Kartell by Starck. LED-Lichtquelle mit Dimmerfunktion. Eingebauter Akku und USB-Kabel inklusive.\" \/>\n<meta name=\"robots\" content=\"index, follow, max-snippet:-1, max-image-preview:large, max-video-preview:-1\" \/>\n<link rel=\"canonical\" href=\"https:\/\/ekkla.ch\/de\/produit\/kabellose-tischleuchte-goodnight-chrom-farbig-led-h-29-philippe-starck-fur-kartell\/\" \/>\n<meta property=\"og:locale\" content=\"de_DE\" \/>\n<meta property=\"og:type\" content=\"article\" \/>\n<meta property=\"og:title\" content=\"Kabellose Tischleuchte Goodnight - Chrom-farbig - LED H.29 - Philippe Starck f\u00fcr Kartell\" \/>\n<meta property=\"og:description\" content=\"Kabellose Leuchte Goodnight von Kartell by Starck. LED-Lichtquelle mit Dimmerfunktion. Eingebauter Akku und USB-Kabel inklusive.\" \/>\n<meta property=\"og:url\" content=\"https:\/\/ekkla.ch\/de\/produit\/kabellose-tischleuchte-goodnight-chrom-farbig-led-h-29-philippe-starck-fur-kartell\/\" \/>\n<meta property=\"og:site_name\" content=\"Ekkla\" \/>\n<meta property=\"article:modified_time\" content=\"2023-02-23T14:33:50+00:00\" \/>\n<meta property=\"og:image\" content=\"https:\/\/ekkla.ch\/wp-content\/uploads\/2022\/02\/Lampe_Goodnight_Kartell_chrome.jpg\" \/>\n\t<meta property=\"og:image:width\" content=\"900\" \/>\n\t<meta property=\"og:image:height\" content=\"900\" \/>\n\t<meta property=\"og:image:type\" content=\"image\/jpeg\" \/>\n<meta name=\"twitter:card\" content=\"summary_large_image\" \/>\n<meta name=\"twitter:label1\" content=\"Gesch\u00e4tzte Lesezeit\" \/>\n\t<meta name=\"twitter:data1\" content=\"1\u00a0Minute\" \/>\n<script type=\"application\/ld+json\" class=\"yoast-schema-graph\">{\"@context\":\"https:\/\/schema.org\",\"@graph\":[{\"@type\":\"WebPage\",\"@id\":\"https:\/\/ekkla.ch\/de\/produit\/kabellose-tischleuchte-goodnight-chrom-farbig-led-h-29-philippe-starck-fur-kartell\/\",\"url\":\"https:\/\/ekkla.ch\/de\/produit\/kabellose-tischleuchte-goodnight-chrom-farbig-led-h-29-philippe-starck-fur-kartell\/\",\"name\":\"Kartell | Kabellose Leuchte Goodnight LED H.29 | Philippe Starck | Ekkla\",\"isPartOf\":{\"@id\":\"https:\/\/ekkla.ch\/#website\"},\"primaryImageOfPage\":{\"@id\":\"https:\/\/ekkla.ch\/de\/produit\/kabellose-tischleuchte-goodnight-chrom-farbig-led-h-29-philippe-starck-fur-kartell\/#primaryimage\"},\"image\":{\"@id\":\"https:\/\/ekkla.ch\/de\/produit\/kabellose-tischleuchte-goodnight-chrom-farbig-led-h-29-philippe-starck-fur-kartell\/#primaryimage\"},\"thumbnailUrl\":\"https:\/\/ekkla.ch\/wp-content\/uploads\/2022\/02\/Lampe_Goodnight_Kartell_chrome.jpg\",\"datePublished\":\"2022-02-21T15:11:27+00:00\",\"dateModified\":\"2023-02-23T14:33:50+00:00\",\"description\":\"Kabellose Leuchte Goodnight von Kartell by Starck. LED-Lichtquelle mit Dimmerfunktion. Eingebauter Akku und USB-Kabel inklusive.\",\"breadcrumb\":{\"@id\":\"https:\/\/ekkla.ch\/de\/produit\/kabellose-tischleuchte-goodnight-chrom-farbig-led-h-29-philippe-starck-fur-kartell\/#breadcrumb\"},\"inLanguage\":\"de\",\"potentialAction\":[{\"@type\":\"ReadAction\",\"target\":[\"https:\/\/ekkla.ch\/de\/produit\/kabellose-tischleuchte-goodnight-chrom-farbig-led-h-29-philippe-starck-fur-kartell\/\"]}]},{\"@type\":\"ImageObject\",\"inLanguage\":\"de\",\"@id\":\"https:\/\/ekkla.ch\/de\/produit\/kabellose-tischleuchte-goodnight-chrom-farbig-led-h-29-philippe-starck-fur-kartell\/#primaryimage\",\"url\":\"https:\/\/ekkla.ch\/wp-content\/uploads\/2022\/02\/Lampe_Goodnight_Kartell_chrome.jpg\",\"contentUrl\":\"https:\/\/ekkla.ch\/wp-content\/uploads\/2022\/02\/Lampe_Goodnight_Kartell_chrome.jpg\",\"width\":900,\"height\":900},{\"@type\":\"BreadcrumbList\",\"@id\":\"https:\/\/ekkla.ch\/de\/produit\/kabellose-tischleuchte-goodnight-chrom-farbig-led-h-29-philippe-starck-fur-kartell\/#breadcrumb\",\"itemListElement\":[{\"@type\":\"ListItem\",\"position\":1,\"name\":\"Home\",\"item\":\"https:\/\/ekkla.ch\/de\/\"},{\"@type\":\"ListItem\",\"position\":2,\"name\":\"Shop\",\"item\":\"https:\/\/ekkla.ch\/de\/shop\/\"},{\"@type\":\"ListItem\",\"position\":3,\"name\":\"Kabellose Tischleuchte Goodnight &#8211; Chrom-farbig &#8211; LED H.29 &#8211; Philippe Starck f\u00fcr Kartell\"}]},{\"@type\":\"WebSite\",\"@id\":\"https:\/\/ekkla.ch\/#website\",\"url\":\"https:\/\/ekkla.ch\/\",\"name\":\"Ekkla\",\"description\":\"Der Onlineshop f\u00fcr Beleuchtung\",\"publisher\":{\"@id\":\"https:\/\/ekkla.ch\/#organization\"},\"potentialAction\":[{\"@type\":\"SearchAction\",\"target\":{\"@type\":\"EntryPoint\",\"urlTemplate\":\"https:\/\/ekkla.ch\/?s={search_term_string}\"},\"query-input\":\"required name=search_term_string\"}],\"inLanguage\":\"de\"},{\"@type\":\"Organization\",\"@id\":\"https:\/\/ekkla.ch\/#organization\",\"name\":\"Ekkla\",\"url\":\"https:\/\/ekkla.ch\/\",\"logo\":{\"@type\":\"ImageObject\",\"inLanguage\":\"de\",\"@id\":\"https:\/\/ekkla.ch\/#\/schema\/logo\/image\/\",\"url\":\"http:\/\/ekkla.ch\/wp-content\/uploads\/2019\/07\/logo-1.svg\",\"contentUrl\":\"http:\/\/ekkla.ch\/wp-content\/uploads\/2019\/07\/logo-1.svg\",\"width\":1,\"height\":1,\"caption\":\"Ekkla\"},\"image\":{\"@id\":\"https:\/\/ekkla.ch\/#\/schema\/logo\/image\/\"},\"sameAs\":[\"https:\/\/www.instagram.com\/ekkla_light\/\"]}]}<\/script>\n<!-- \/ Yoast SEO Premium plugin. -->","yoast_head_json":{"title":"Kartell | Kabellose Leuchte Goodnight LED H.29 | Philippe Starck | Ekkla","description":"Kabellose Leuchte Goodnight von Kartell by Starck. LED-Lichtquelle mit Dimmerfunktion. Eingebauter Akku und USB-Kabel inklusive.","robots":{"index":"index","follow":"follow","max-snippet":"max-snippet:-1","max-image-preview":"max-image-preview:large","max-video-preview":"max-video-preview:-1"},"canonical":"https:\/\/ekkla.ch\/de\/produit\/kabellose-tischleuchte-goodnight-chrom-farbig-led-h-29-philippe-starck-fur-kartell\/","og_locale":"de_DE","og_type":"article","og_title":"Kabellose Tischleuchte Goodnight - Chrom-farbig - LED H.29 - Philippe Starck f\u00fcr Kartell","og_description":"Kabellose Leuchte Goodnight von Kartell by Starck. LED-Lichtquelle mit Dimmerfunktion. Eingebauter Akku und USB-Kabel inklusive.","og_url":"https:\/\/ekkla.ch\/de\/produit\/kabellose-tischleuchte-goodnight-chrom-farbig-led-h-29-philippe-starck-fur-kartell\/","og_site_name":"Ekkla","article_modified_time":"2023-02-23T14:33:50+00:00","og_image":[{"width":900,"height":900,"url":"https:\/\/ekkla.ch\/wp-content\/uploads\/2022\/02\/Lampe_Goodnight_Kartell_chrome.jpg","type":"image\/jpeg"}],"twitter_card":"summary_large_image","twitter_misc":{"Gesch\u00e4tzte Lesezeit":"1\u00a0Minute"},"schema":{"@context":"https:\/\/schema.org","@graph":[{"@type":"WebPage","@id":"https:\/\/ekkla.ch\/de\/produit\/kabellose-tischleuchte-goodnight-chrom-farbig-led-h-29-philippe-starck-fur-kartell\/","url":"https:\/\/ekkla.ch\/de\/produit\/kabellose-tischleuchte-goodnight-chrom-farbig-led-h-29-philippe-starck-fur-kartell\/","name":"Kartell | Kabellose Leuchte Goodnight LED H.29 | Philippe Starck | Ekkla","isPartOf":{"@id":"https:\/\/ekkla.ch\/#website"},"primaryImageOfPage":{"@id":"https:\/\/ekkla.ch\/de\/produit\/kabellose-tischleuchte-goodnight-chrom-farbig-led-h-29-philippe-starck-fur-kartell\/#primaryimage"},"image":{"@id":"https:\/\/ekkla.ch\/de\/produit\/kabellose-tischleuchte-goodnight-chrom-farbig-led-h-29-philippe-starck-fur-kartell\/#primaryimage"},"thumbnailUrl":"https:\/\/ekkla.ch\/wp-content\/uploads\/2022\/02\/Lampe_Goodnight_Kartell_chrome.jpg","datePublished":"2022-02-21T15:11:27+00:00","dateModified":"2023-02-23T14:33:50+00:00","description":"Kabellose Leuchte Goodnight von Kartell by Starck. LED-Lichtquelle mit Dimmerfunktion. Eingebauter Akku und USB-Kabel inklusive.","breadcrumb":{"@id":"https:\/\/ekkla.ch\/de\/produit\/kabellose-tischleuchte-goodnight-chrom-farbig-led-h-29-philippe-starck-fur-kartell\/#breadcrumb"},"inLanguage":"de","potentialAction":[{"@type":"ReadAction","target":["https:\/\/ekkla.ch\/de\/produit\/kabellose-tischleuchte-goodnight-chrom-farbig-led-h-29-philippe-starck-fur-kartell\/"]}]},{"@type":"ImageObject","inLanguage":"de","@id":"https:\/\/ekkla.ch\/de\/produit\/kabellose-tischleuchte-goodnight-chrom-farbig-led-h-29-philippe-starck-fur-kartell\/#primaryimage","url":"https:\/\/ekkla.ch\/wp-content\/uploads\/2022\/02\/Lampe_Goodnight_Kartell_chrome.jpg","contentUrl":"https:\/\/ekkla.ch\/wp-content\/uploads\/2022\/02\/Lampe_Goodnight_Kartell_chrome.jpg","width":900,"height":900},{"@type":"BreadcrumbList","@id":"https:\/\/ekkla.ch\/de\/produit\/kabellose-tischleuchte-goodnight-chrom-farbig-led-h-29-philippe-starck-fur-kartell\/#breadcrumb","itemListElement":[{"@type":"ListItem","position":1,"name":"Home","item":"https:\/\/ekkla.ch\/de\/"},{"@type":"ListItem","position":2,"name":"Shop","item":"https:\/\/ekkla.ch\/de\/shop\/"},{"@type":"ListItem","position":3,"name":"Kabellose Tischleuchte Goodnight &#8211; Chrom-farbig &#8211; LED H.29 &#8211; Philippe Starck f\u00fcr Kartell"}]},{"@type":"WebSite","@id":"https:\/\/ekkla.ch\/#website","url":"https:\/\/ekkla.ch\/","name":"Ekkla","description":"Der Onlineshop f\u00fcr Beleuchtung","publisher":{"@id":"https:\/\/ekkla.ch\/#organization"},"potentialAction":[{"@type":"SearchAction","target":{"@type":"EntryPoint","urlTemplate":"https:\/\/ekkla.ch\/?s={search_term_string}"},"query-input":"required name=search_term_string"}],"inLanguage":"de"},{"@type":"Organization","@id":"https:\/\/ekkla.ch\/#organization","name":"Ekkla","url":"https:\/\/ekkla.ch\/","logo":{"@type":"ImageObject","inLanguage":"de","@id":"https:\/\/ekkla.ch\/#\/schema\/logo\/image\/","url":"http:\/\/ekkla.ch\/wp-content\/uploads\/2019\/07\/logo-1.svg","contentUrl":"http:\/\/ekkla.ch\/wp-content\/uploads\/2019\/07\/logo-1.svg","width":1,"height":1,"caption":"Ekkla"},"image":{"@id":"https:\/\/ekkla.ch\/#\/schema\/logo\/image\/"},"sameAs":["https:\/\/www.instagram.com\/ekkla_light\/"]}]}},"_links":{"self":[{"href":"https:\/\/ekkla.ch\/de\/wp-json\/wp\/v2\/product\/150779"}],"collection":[{"href":"https:\/\/ekkla.ch\/de\/wp-json\/wp\/v2\/product"}],"about":[{"href":"https:\/\/ekkla.ch\/de\/wp-json\/wp\/v2\/types\/product"}],"wp:featuredmedia":[{"embeddable":true,"href":"https:\/\/ekkla.ch\/de\/wp-json\/wp\/v2\/media\/150765"}],"wp:attachment":[{"href":"https:\/\/ekkla.ch\/de\/wp-json\/wp\/v2\/media?parent=150779"}],"wp:term":[{"taxonomy":"product_cat","embeddable":true,"href":"https:\/\/ekkla.ch\/de\/wp-json\/wp\/v2\/product_cat?post=150779"},{"taxonomy":"product_tag","embeddable":true,"href":"https:\/\/ekkla.ch\/de\/wp-json\/wp\/v2\/product_tag?post=150779"}],"curies":[{"name":"wp","href":"https:\/\/api.w.org\/{rel}","templated":true}]}}