{"id":150827,"date":"2022-02-11T09:33:47","date_gmt":"2022-02-11T08:33:47","guid":{"rendered":"https:\/\/ekkla.ch\/produit\/deckenleuchte-bremen-double-aus-goldigem-geburstetem-stahl-its-about-romi\/"},"modified":"2023-02-27T00:00:09","modified_gmt":"2023-02-26T23:00:09","slug":"deckenleuchte-bremen-double-goldenes-geburstetes-metall-its-about-romi","status":"publish","type":"product","link":"https:\/\/ekkla.ch\/de\/produit\/deckenleuchte-bremen-double-goldenes-geburstetes-metall-its-about-romi\/","title":{"rendered":"Deckenleuchte Bremen double &#8211; Goldenes geb\u00fcrstetes Metall &#8211; \u00d835 &#8211; It&#8217;s About Romi"},"content":{"rendered":"<p>Die Deckenleuchte Bremen zeichnet sich durch ihre zwei verstellbaren Spots aus, die Ihre R\u00e4ume erhellen werden und gem\u00e4ss Ihren Bed\u00fcrfnissen angepasst werden k\u00f6nnen. Diese Kreation der niederl\u00e4ndischen Marke It&#8217;s about Romi ist aus goldenem Metall gefertigt.<\/p>\n<p>Diese Leuchte eignet sich perfekt f\u00fcr einen Esstisch, eine Bar oder eine Eingangsbereich. Ihr elegantes und modernes Design wird Ihrer Dekoration einen Hauch von Raffinesse sowie die n\u00f6tige Portion Charakter verleihen. Vom Wohn- bis zum Schlafzimmer ist sie zweifellos eine stilvolle Leuchte, die Ihr Zuhause versch\u00f6nert. In 2 Farben erh\u00e4ltlich, Gl\u00fchbirnen nicht inbegriffen.<\/p>\n<blockquote>\n<h2>Merkmale &amp; Eigenschaften<\/h2>\n<p><strong>Marke<\/strong> It&#8217;s About Romi<\/p>\n<p><strong>Farbe<\/strong> Golden<\/p>\n<p><strong>Material<\/strong>\u00a0Geb\u00fcrstetes Metall<\/p>\n<p><strong>Gl\u00fchbirnen<\/strong> 2xE27 (nicht inbegriffen)<\/p>\n<p><strong>Max. Leistung (W) <\/strong>40<\/p>\n<p><strong>Max. Breite (cm) <\/strong>35<\/p>\n<p><strong>Max. H\u00f6he (cm) <\/strong>24<\/p><\/blockquote>\n","protected":false},"excerpt":{"rendered":"<p>Die Deckenleuchte Bremen zeichnet sich durch ihre zwei verstellbaren Spots aus, die Ihre R\u00e4ume erhellen werden und gem\u00e4ss Ihren Bed\u00fcrfnissen angepasst werden k\u00f6nnen. Diese Kreation der niederl\u00e4ndischen Marke It&#8217;s about Romi ist aus goldenem Metall gefertigt. Diese Leuchte eignet sich perfekt f\u00fcr einen Esstisch, eine Bar oder eine Eingangsbereich. Ihr elegantes und modernes Design wird [&hellip;]<\/p>\n","protected":false},"featured_media":151008,"template":"","meta":{"_acf_changed":false,"om_disable_all_campaigns":false},"product_cat":[561,291],"product_tag":[898,554,1188,816,603,942],"bundled_by":[],"bundle_stock_status":"onbackorder","bundle_stock_quantity":null,"bundle_virtual":false,"bundle_layout":"","bundle_add_to_cart_form_location":"","bundle_editable_in_cart":false,"bundle_sold_individually_context":"","bundle_item_grouping":"","bundle_min_size":"","bundle_max_size":"","bundle_price":[],"bundled_items":[],"bundle_sell_ids":[],"acf":[],"yoast_head":"<!-- This site is optimized with the Yoast SEO Premium plugin v22.2 (Yoast SEO v22.8) - https:\/\/yoast.com\/wordpress\/plugins\/seo\/ -->\n<title>It&#039;s About Romi | Deckenleuchte Bremen double | Goldenes geb\u00fcrstetes Metall | Ekkla<\/title>\n<meta name=\"description\" content=\"Eine moderne, helle Deckenleuchte, mit der Sie mithilfe von zwei verstellbaren Spots alle R\u00e4ume in Ihrem Zuhause beleuchten k\u00f6nnen. Kostenlose Lieferung.\" \/>\n<meta name=\"robots\" content=\"index, follow, max-snippet:-1, max-image-preview:large, max-video-preview:-1\" \/>\n<link rel=\"canonical\" href=\"https:\/\/ekkla.ch\/de\/produit\/deckenleuchte-bremen-double-goldenes-geburstetes-metall-its-about-romi\/\" \/>\n<meta property=\"og:locale\" content=\"de_DE\" \/>\n<meta property=\"og:type\" content=\"article\" \/>\n<meta property=\"og:title\" content=\"Deckenleuchte Bremen double - Goldenes geb\u00fcrstetes Metall - \u00d835 - It&#039;s About Romi\" \/>\n<meta property=\"og:description\" content=\"Eine moderne, helle Deckenleuchte, mit der Sie mithilfe von zwei verstellbaren Spots alle R\u00e4ume in Ihrem Zuhause beleuchten k\u00f6nnen. Kostenlose Lieferung.\" \/>\n<meta property=\"og:url\" content=\"https:\/\/ekkla.ch\/de\/produit\/deckenleuchte-bremen-double-goldenes-geburstetes-metall-its-about-romi\/\" \/>\n<meta property=\"og:site_name\" content=\"Ekkla\" \/>\n<meta property=\"article:modified_time\" content=\"2023-02-26T23:00:09+00:00\" \/>\n<meta property=\"og:image\" content=\"https:\/\/ekkla.ch\/wp-content\/uploads\/2022\/02\/Ekkla-light-its-about-RoMi_plafonnier_bremen-dore\u0301-c2-900x900-1.jpg\" \/>\n\t<meta property=\"og:image:width\" content=\"900\" \/>\n\t<meta property=\"og:image:height\" content=\"900\" \/>\n\t<meta property=\"og:image:type\" content=\"image\/jpeg\" \/>\n<meta name=\"twitter:card\" content=\"summary_large_image\" \/>\n<meta name=\"twitter:label1\" content=\"Gesch\u00e4tzte Lesezeit\" \/>\n\t<meta name=\"twitter:data1\" content=\"1\u00a0Minute\" \/>\n<script type=\"application\/ld+json\" class=\"yoast-schema-graph\">{\"@context\":\"https:\/\/schema.org\",\"@graph\":[{\"@type\":\"WebPage\",\"@id\":\"https:\/\/ekkla.ch\/de\/produit\/deckenleuchte-bremen-double-goldenes-geburstetes-metall-its-about-romi\/\",\"url\":\"https:\/\/ekkla.ch\/de\/produit\/deckenleuchte-bremen-double-goldenes-geburstetes-metall-its-about-romi\/\",\"name\":\"It's About Romi | Deckenleuchte Bremen double | Goldenes geb\u00fcrstetes Metall | Ekkla\",\"isPartOf\":{\"@id\":\"https:\/\/ekkla.ch\/#website\"},\"primaryImageOfPage\":{\"@id\":\"https:\/\/ekkla.ch\/de\/produit\/deckenleuchte-bremen-double-goldenes-geburstetes-metall-its-about-romi\/#primaryimage\"},\"image\":{\"@id\":\"https:\/\/ekkla.ch\/de\/produit\/deckenleuchte-bremen-double-goldenes-geburstetes-metall-its-about-romi\/#primaryimage\"},\"thumbnailUrl\":\"https:\/\/ekkla.ch\/wp-content\/uploads\/2022\/02\/Ekkla-light-its-about-RoMi_plafonnier_bremen-dore\u0301-c2-900x900-1.jpg\",\"datePublished\":\"2022-02-11T08:33:47+00:00\",\"dateModified\":\"2023-02-26T23:00:09+00:00\",\"description\":\"Eine moderne, helle Deckenleuchte, mit der Sie mithilfe von zwei verstellbaren Spots alle R\u00e4ume in Ihrem Zuhause beleuchten k\u00f6nnen. Kostenlose Lieferung.\",\"breadcrumb\":{\"@id\":\"https:\/\/ekkla.ch\/de\/produit\/deckenleuchte-bremen-double-goldenes-geburstetes-metall-its-about-romi\/#breadcrumb\"},\"inLanguage\":\"de\",\"potentialAction\":[{\"@type\":\"ReadAction\",\"target\":[\"https:\/\/ekkla.ch\/de\/produit\/deckenleuchte-bremen-double-goldenes-geburstetes-metall-its-about-romi\/\"]}]},{\"@type\":\"ImageObject\",\"inLanguage\":\"de\",\"@id\":\"https:\/\/ekkla.ch\/de\/produit\/deckenleuchte-bremen-double-goldenes-geburstetes-metall-its-about-romi\/#primaryimage\",\"url\":\"https:\/\/ekkla.ch\/wp-content\/uploads\/2022\/02\/Ekkla-light-its-about-RoMi_plafonnier_bremen-dore\u0301-c2-900x900-1.jpg\",\"contentUrl\":\"https:\/\/ekkla.ch\/wp-content\/uploads\/2022\/02\/Ekkla-light-its-about-RoMi_plafonnier_bremen-dore\u0301-c2-900x900-1.jpg\",\"width\":900,\"height\":900},{\"@type\":\"BreadcrumbList\",\"@id\":\"https:\/\/ekkla.ch\/de\/produit\/deckenleuchte-bremen-double-goldenes-geburstetes-metall-its-about-romi\/#breadcrumb\",\"itemListElement\":[{\"@type\":\"ListItem\",\"position\":1,\"name\":\"Home\",\"item\":\"https:\/\/ekkla.ch\/de\/\"},{\"@type\":\"ListItem\",\"position\":2,\"name\":\"Shop\",\"item\":\"https:\/\/ekkla.ch\/de\/shop\/\"},{\"@type\":\"ListItem\",\"position\":3,\"name\":\"Deckenleuchte Bremen double &#8211; Goldenes geb\u00fcrstetes Metall &#8211; \u00d835 &#8211; It&#8217;s About Romi\"}]},{\"@type\":\"WebSite\",\"@id\":\"https:\/\/ekkla.ch\/#website\",\"url\":\"https:\/\/ekkla.ch\/\",\"name\":\"Ekkla\",\"description\":\"Der Onlineshop f\u00fcr Beleuchtung\",\"publisher\":{\"@id\":\"https:\/\/ekkla.ch\/#organization\"},\"potentialAction\":[{\"@type\":\"SearchAction\",\"target\":{\"@type\":\"EntryPoint\",\"urlTemplate\":\"https:\/\/ekkla.ch\/?s={search_term_string}\"},\"query-input\":\"required name=search_term_string\"}],\"inLanguage\":\"de\"},{\"@type\":\"Organization\",\"@id\":\"https:\/\/ekkla.ch\/#organization\",\"name\":\"Ekkla\",\"url\":\"https:\/\/ekkla.ch\/\",\"logo\":{\"@type\":\"ImageObject\",\"inLanguage\":\"de\",\"@id\":\"https:\/\/ekkla.ch\/#\/schema\/logo\/image\/\",\"url\":\"http:\/\/ekkla.ch\/wp-content\/uploads\/2019\/07\/logo-1.svg\",\"contentUrl\":\"http:\/\/ekkla.ch\/wp-content\/uploads\/2019\/07\/logo-1.svg\",\"width\":1,\"height\":1,\"caption\":\"Ekkla\"},\"image\":{\"@id\":\"https:\/\/ekkla.ch\/#\/schema\/logo\/image\/\"},\"sameAs\":[\"https:\/\/www.instagram.com\/ekkla_light\/\"]}]}<\/script>\n<!-- \/ Yoast SEO Premium plugin. -->","yoast_head_json":{"title":"It's About Romi | Deckenleuchte Bremen double | Goldenes geb\u00fcrstetes Metall | Ekkla","description":"Eine moderne, helle Deckenleuchte, mit der Sie mithilfe von zwei verstellbaren Spots alle R\u00e4ume in Ihrem Zuhause beleuchten k\u00f6nnen. Kostenlose Lieferung.","robots":{"index":"index","follow":"follow","max-snippet":"max-snippet:-1","max-image-preview":"max-image-preview:large","max-video-preview":"max-video-preview:-1"},"canonical":"https:\/\/ekkla.ch\/de\/produit\/deckenleuchte-bremen-double-goldenes-geburstetes-metall-its-about-romi\/","og_locale":"de_DE","og_type":"article","og_title":"Deckenleuchte Bremen double - Goldenes geb\u00fcrstetes Metall - \u00d835 - It's About Romi","og_description":"Eine moderne, helle Deckenleuchte, mit der Sie mithilfe von zwei verstellbaren Spots alle R\u00e4ume in Ihrem Zuhause beleuchten k\u00f6nnen. Kostenlose Lieferung.","og_url":"https:\/\/ekkla.ch\/de\/produit\/deckenleuchte-bremen-double-goldenes-geburstetes-metall-its-about-romi\/","og_site_name":"Ekkla","article_modified_time":"2023-02-26T23:00:09+00:00","og_image":[{"width":900,"height":900,"url":"https:\/\/ekkla.ch\/wp-content\/uploads\/2022\/02\/Ekkla-light-its-about-RoMi_plafonnier_bremen-dore\u0301-c2-900x900-1.jpg","type":"image\/jpeg"}],"twitter_card":"summary_large_image","twitter_misc":{"Gesch\u00e4tzte Lesezeit":"1\u00a0Minute"},"schema":{"@context":"https:\/\/schema.org","@graph":[{"@type":"WebPage","@id":"https:\/\/ekkla.ch\/de\/produit\/deckenleuchte-bremen-double-goldenes-geburstetes-metall-its-about-romi\/","url":"https:\/\/ekkla.ch\/de\/produit\/deckenleuchte-bremen-double-goldenes-geburstetes-metall-its-about-romi\/","name":"It's About Romi | Deckenleuchte Bremen double | Goldenes geb\u00fcrstetes Metall | Ekkla","isPartOf":{"@id":"https:\/\/ekkla.ch\/#website"},"primaryImageOfPage":{"@id":"https:\/\/ekkla.ch\/de\/produit\/deckenleuchte-bremen-double-goldenes-geburstetes-metall-its-about-romi\/#primaryimage"},"image":{"@id":"https:\/\/ekkla.ch\/de\/produit\/deckenleuchte-bremen-double-goldenes-geburstetes-metall-its-about-romi\/#primaryimage"},"thumbnailUrl":"https:\/\/ekkla.ch\/wp-content\/uploads\/2022\/02\/Ekkla-light-its-about-RoMi_plafonnier_bremen-dore\u0301-c2-900x900-1.jpg","datePublished":"2022-02-11T08:33:47+00:00","dateModified":"2023-02-26T23:00:09+00:00","description":"Eine moderne, helle Deckenleuchte, mit der Sie mithilfe von zwei verstellbaren Spots alle R\u00e4ume in Ihrem Zuhause beleuchten k\u00f6nnen. Kostenlose Lieferung.","breadcrumb":{"@id":"https:\/\/ekkla.ch\/de\/produit\/deckenleuchte-bremen-double-goldenes-geburstetes-metall-its-about-romi\/#breadcrumb"},"inLanguage":"de","potentialAction":[{"@type":"ReadAction","target":["https:\/\/ekkla.ch\/de\/produit\/deckenleuchte-bremen-double-goldenes-geburstetes-metall-its-about-romi\/"]}]},{"@type":"ImageObject","inLanguage":"de","@id":"https:\/\/ekkla.ch\/de\/produit\/deckenleuchte-bremen-double-goldenes-geburstetes-metall-its-about-romi\/#primaryimage","url":"https:\/\/ekkla.ch\/wp-content\/uploads\/2022\/02\/Ekkla-light-its-about-RoMi_plafonnier_bremen-dore\u0301-c2-900x900-1.jpg","contentUrl":"https:\/\/ekkla.ch\/wp-content\/uploads\/2022\/02\/Ekkla-light-its-about-RoMi_plafonnier_bremen-dore\u0301-c2-900x900-1.jpg","width":900,"height":900},{"@type":"BreadcrumbList","@id":"https:\/\/ekkla.ch\/de\/produit\/deckenleuchte-bremen-double-goldenes-geburstetes-metall-its-about-romi\/#breadcrumb","itemListElement":[{"@type":"ListItem","position":1,"name":"Home","item":"https:\/\/ekkla.ch\/de\/"},{"@type":"ListItem","position":2,"name":"Shop","item":"https:\/\/ekkla.ch\/de\/shop\/"},{"@type":"ListItem","position":3,"name":"Deckenleuchte Bremen double &#8211; Goldenes geb\u00fcrstetes Metall &#8211; \u00d835 &#8211; It&#8217;s About Romi"}]},{"@type":"WebSite","@id":"https:\/\/ekkla.ch\/#website","url":"https:\/\/ekkla.ch\/","name":"Ekkla","description":"Der Onlineshop f\u00fcr Beleuchtung","publisher":{"@id":"https:\/\/ekkla.ch\/#organization"},"potentialAction":[{"@type":"SearchAction","target":{"@type":"EntryPoint","urlTemplate":"https:\/\/ekkla.ch\/?s={search_term_string}"},"query-input":"required name=search_term_string"}],"inLanguage":"de"},{"@type":"Organization","@id":"https:\/\/ekkla.ch\/#organization","name":"Ekkla","url":"https:\/\/ekkla.ch\/","logo":{"@type":"ImageObject","inLanguage":"de","@id":"https:\/\/ekkla.ch\/#\/schema\/logo\/image\/","url":"http:\/\/ekkla.ch\/wp-content\/uploads\/2019\/07\/logo-1.svg","contentUrl":"http:\/\/ekkla.ch\/wp-content\/uploads\/2019\/07\/logo-1.svg","width":1,"height":1,"caption":"Ekkla"},"image":{"@id":"https:\/\/ekkla.ch\/#\/schema\/logo\/image\/"},"sameAs":["https:\/\/www.instagram.com\/ekkla_light\/"]}]}},"_links":{"self":[{"href":"https:\/\/ekkla.ch\/de\/wp-json\/wp\/v2\/product\/150827"}],"collection":[{"href":"https:\/\/ekkla.ch\/de\/wp-json\/wp\/v2\/product"}],"about":[{"href":"https:\/\/ekkla.ch\/de\/wp-json\/wp\/v2\/types\/product"}],"wp:featuredmedia":[{"embeddable":true,"href":"https:\/\/ekkla.ch\/de\/wp-json\/wp\/v2\/media\/151008"}],"wp:attachment":[{"href":"https:\/\/ekkla.ch\/de\/wp-json\/wp\/v2\/media?parent=150827"}],"wp:term":[{"taxonomy":"product_cat","embeddable":true,"href":"https:\/\/ekkla.ch\/de\/wp-json\/wp\/v2\/product_cat?post=150827"},{"taxonomy":"product_tag","embeddable":true,"href":"https:\/\/ekkla.ch\/de\/wp-json\/wp\/v2\/product_tag?post=150827"}],"curies":[{"name":"wp","href":"https:\/\/api.w.org\/{rel}","templated":true}]}}