{"id":150838,"date":"2022-02-11T10:59:35","date_gmt":"2022-02-11T09:59:35","guid":{"rendered":"https:\/\/ekkla.ch\/produit\/hangeleuchte-carrara-3-stangen-6-leuchtkugeln-marmorfarbiges-glas-und-goldige-endungen-its-about-romi\/"},"modified":"2023-02-27T00:00:09","modified_gmt":"2023-02-26T23:00:09","slug":"hangeleuchte-carrara-3-stangen-6-leuchtkugeln-marmorfarbiges-glas-und-goldene-endungen-its-about-romi","status":"publish","type":"product","link":"https:\/\/ekkla.ch\/de\/produit\/hangeleuchte-carrara-3-stangen-6-leuchtkugeln-marmorfarbiges-glas-und-goldene-endungen-its-about-romi\/","title":{"rendered":"H\u00e4ngeleuchte Carrara &#8211; 3 Stangen 6 Leuchtkugeln &#8211; Marmorfarbiges Glas und goldene Endungen &#8211; It&#8217;s About Romi"},"content":{"rendered":"<p>Die H\u00e4ngeleuchte Carrara mit ihrem schicken und eleganten Design wurde von der niederl\u00e4ndischen Marke It&#8217;s About Romi entworfen. Diese H\u00e4ngeleuchte aus golden lackiertem Metall verf\u00fcgt \u00fcber drei verstellbare Arme mit jeweils zwei kugelf\u00f6rmigen Lampenschirmen aus marmorfarbigem Glas, die f\u00fcr ein ultramodernes Ergebnis sorgen. Die H\u00e4ngeleuchte Carrara passt sowohl in ein Loft mit industriellem Dekor als auch in ein Wohnzimmer im modernen Stil. Gl\u00fchbirnen nicht inbegriffen.<\/p>\n<blockquote>\n<h2>Merkmale &amp; Eigenschaften<\/h2>\n<p><strong>Marke<\/strong>\u00a0It&#8217;s About Romi<\/p>\n<p><strong>Farbe<\/strong> Gold<\/p>\n<p><strong>Materialien<\/strong> Metall und Glas<\/p>\n<p><strong>Gl\u00fchbirnen<\/strong> 6xG9 (nicht inbegriffen)<\/p>\n<p><strong>Max. Leistung (W) <\/strong>150<\/p>\n<p><strong>Max. Breite (cm) <\/strong>99<\/p>\n<p><strong>Max. H\u00f6he (cm) <\/strong>142<\/p><\/blockquote>\n","protected":false},"excerpt":{"rendered":"<p>Die H\u00e4ngeleuchte Carrara mit ihrem schicken und eleganten Design wurde von der niederl\u00e4ndischen Marke It&#8217;s About Romi entworfen. Diese H\u00e4ngeleuchte aus golden lackiertem Metall verf\u00fcgt \u00fcber drei verstellbare Arme mit jeweils zwei kugelf\u00f6rmigen Lampenschirmen aus marmorfarbigem Glas, die f\u00fcr ein ultramodernes Ergebnis sorgen. Die H\u00e4ngeleuchte Carrara passt sowohl in ein Loft mit industriellem Dekor als [&hellip;]<\/p>\n","protected":false},"featured_media":150984,"template":"","meta":{"_acf_changed":false,"om_disable_all_campaigns":false},"product_cat":[291],"product_tag":[898,554,1188,816,603,942],"bundled_by":[],"bundle_stock_status":"onbackorder","bundle_stock_quantity":null,"bundle_virtual":false,"bundle_layout":"","bundle_add_to_cart_form_location":"","bundle_editable_in_cart":false,"bundle_sold_individually_context":"","bundle_item_grouping":"","bundle_min_size":"","bundle_max_size":"","bundle_price":[],"bundled_items":[],"bundle_sell_ids":[],"acf":[],"yoast_head":"<!-- This site is optimized with the Yoast SEO Premium plugin v22.2 (Yoast SEO v22.8) - https:\/\/yoast.com\/wordpress\/plugins\/seo\/ -->\n<title>It&#039;s About Romi | H\u00e4ngeleuchte triple Carrara | Lieferung gratis | Ekkla<\/title>\n<meta name=\"description\" content=\"Eine H\u00e4ngeleuchte mit 6 Leuchtkugeln aus marmorfarbigem Glas und goldenen Endungen auf 3 verstellbaren Armen, um Ihr Zuhause schick und raffiniert zu beleuchten.\" \/>\n<meta name=\"robots\" content=\"index, follow, max-snippet:-1, max-image-preview:large, max-video-preview:-1\" \/>\n<link rel=\"canonical\" href=\"https:\/\/ekkla.ch\/de\/produit\/hangeleuchte-carrara-3-stangen-6-leuchtkugeln-marmorfarbiges-glas-und-goldene-endungen-its-about-romi\/\" \/>\n<meta property=\"og:locale\" content=\"de_DE\" \/>\n<meta property=\"og:type\" content=\"article\" \/>\n<meta property=\"og:title\" content=\"H\u00e4ngeleuchte Carrara - 3 Stangen 6 Leuchtkugeln - Marmorfarbiges Glas und goldene Endungen - It&#039;s About Romi\" \/>\n<meta property=\"og:description\" content=\"Eine H\u00e4ngeleuchte mit 6 Leuchtkugeln aus marmorfarbigem Glas und goldenen Endungen auf 3 verstellbaren Armen, um Ihr Zuhause schick und raffiniert zu beleuchten.\" \/>\n<meta property=\"og:url\" content=\"https:\/\/ekkla.ch\/de\/produit\/hangeleuchte-carrara-3-stangen-6-leuchtkugeln-marmorfarbiges-glas-und-goldene-endungen-its-about-romi\/\" \/>\n<meta property=\"og:site_name\" content=\"Ekkla\" \/>\n<meta property=\"article:modified_time\" content=\"2023-02-26T23:00:09+00:00\" \/>\n<meta property=\"og:image\" content=\"https:\/\/ekkla.ch\/wp-content\/uploads\/2022\/02\/Ekkla-light-its-about-RoMi_suspension-3-bras_carrara-900x900-1.jpg\" \/>\n\t<meta property=\"og:image:width\" content=\"900\" \/>\n\t<meta property=\"og:image:height\" content=\"900\" \/>\n\t<meta property=\"og:image:type\" content=\"image\/jpeg\" \/>\n<meta name=\"twitter:card\" content=\"summary_large_image\" \/>\n<meta name=\"twitter:label1\" content=\"Gesch\u00e4tzte Lesezeit\" \/>\n\t<meta name=\"twitter:data1\" content=\"1\u00a0Minute\" \/>\n<script type=\"application\/ld+json\" class=\"yoast-schema-graph\">{\"@context\":\"https:\/\/schema.org\",\"@graph\":[{\"@type\":\"WebPage\",\"@id\":\"https:\/\/ekkla.ch\/de\/produit\/hangeleuchte-carrara-3-stangen-6-leuchtkugeln-marmorfarbiges-glas-und-goldene-endungen-its-about-romi\/\",\"url\":\"https:\/\/ekkla.ch\/de\/produit\/hangeleuchte-carrara-3-stangen-6-leuchtkugeln-marmorfarbiges-glas-und-goldene-endungen-its-about-romi\/\",\"name\":\"It's About Romi | H\u00e4ngeleuchte triple Carrara | Lieferung gratis | Ekkla\",\"isPartOf\":{\"@id\":\"https:\/\/ekkla.ch\/#website\"},\"primaryImageOfPage\":{\"@id\":\"https:\/\/ekkla.ch\/de\/produit\/hangeleuchte-carrara-3-stangen-6-leuchtkugeln-marmorfarbiges-glas-und-goldene-endungen-its-about-romi\/#primaryimage\"},\"image\":{\"@id\":\"https:\/\/ekkla.ch\/de\/produit\/hangeleuchte-carrara-3-stangen-6-leuchtkugeln-marmorfarbiges-glas-und-goldene-endungen-its-about-romi\/#primaryimage\"},\"thumbnailUrl\":\"https:\/\/ekkla.ch\/wp-content\/uploads\/2022\/02\/Ekkla-light-its-about-RoMi_suspension-3-bras_carrara-900x900-1.jpg\",\"datePublished\":\"2022-02-11T09:59:35+00:00\",\"dateModified\":\"2023-02-26T23:00:09+00:00\",\"description\":\"Eine H\u00e4ngeleuchte mit 6 Leuchtkugeln aus marmorfarbigem Glas und goldenen Endungen auf 3 verstellbaren Armen, um Ihr Zuhause schick und raffiniert zu beleuchten.\",\"breadcrumb\":{\"@id\":\"https:\/\/ekkla.ch\/de\/produit\/hangeleuchte-carrara-3-stangen-6-leuchtkugeln-marmorfarbiges-glas-und-goldene-endungen-its-about-romi\/#breadcrumb\"},\"inLanguage\":\"de\",\"potentialAction\":[{\"@type\":\"ReadAction\",\"target\":[\"https:\/\/ekkla.ch\/de\/produit\/hangeleuchte-carrara-3-stangen-6-leuchtkugeln-marmorfarbiges-glas-und-goldene-endungen-its-about-romi\/\"]}]},{\"@type\":\"ImageObject\",\"inLanguage\":\"de\",\"@id\":\"https:\/\/ekkla.ch\/de\/produit\/hangeleuchte-carrara-3-stangen-6-leuchtkugeln-marmorfarbiges-glas-und-goldene-endungen-its-about-romi\/#primaryimage\",\"url\":\"https:\/\/ekkla.ch\/wp-content\/uploads\/2022\/02\/Ekkla-light-its-about-RoMi_suspension-3-bras_carrara-900x900-1.jpg\",\"contentUrl\":\"https:\/\/ekkla.ch\/wp-content\/uploads\/2022\/02\/Ekkla-light-its-about-RoMi_suspension-3-bras_carrara-900x900-1.jpg\",\"width\":900,\"height\":900},{\"@type\":\"BreadcrumbList\",\"@id\":\"https:\/\/ekkla.ch\/de\/produit\/hangeleuchte-carrara-3-stangen-6-leuchtkugeln-marmorfarbiges-glas-und-goldene-endungen-its-about-romi\/#breadcrumb\",\"itemListElement\":[{\"@type\":\"ListItem\",\"position\":1,\"name\":\"Home\",\"item\":\"https:\/\/ekkla.ch\/de\/\"},{\"@type\":\"ListItem\",\"position\":2,\"name\":\"Shop\",\"item\":\"https:\/\/ekkla.ch\/de\/shop\/\"},{\"@type\":\"ListItem\",\"position\":3,\"name\":\"H\u00e4ngeleuchte Carrara &#8211; 3 Stangen 6 Leuchtkugeln &#8211; Marmorfarbiges Glas und goldene Endungen &#8211; It&#8217;s About Romi\"}]},{\"@type\":\"WebSite\",\"@id\":\"https:\/\/ekkla.ch\/#website\",\"url\":\"https:\/\/ekkla.ch\/\",\"name\":\"Ekkla\",\"description\":\"Der Onlineshop f\u00fcr Beleuchtung\",\"publisher\":{\"@id\":\"https:\/\/ekkla.ch\/#organization\"},\"potentialAction\":[{\"@type\":\"SearchAction\",\"target\":{\"@type\":\"EntryPoint\",\"urlTemplate\":\"https:\/\/ekkla.ch\/?s={search_term_string}\"},\"query-input\":\"required name=search_term_string\"}],\"inLanguage\":\"de\"},{\"@type\":\"Organization\",\"@id\":\"https:\/\/ekkla.ch\/#organization\",\"name\":\"Ekkla\",\"url\":\"https:\/\/ekkla.ch\/\",\"logo\":{\"@type\":\"ImageObject\",\"inLanguage\":\"de\",\"@id\":\"https:\/\/ekkla.ch\/#\/schema\/logo\/image\/\",\"url\":\"http:\/\/ekkla.ch\/wp-content\/uploads\/2019\/07\/logo-1.svg\",\"contentUrl\":\"http:\/\/ekkla.ch\/wp-content\/uploads\/2019\/07\/logo-1.svg\",\"width\":1,\"height\":1,\"caption\":\"Ekkla\"},\"image\":{\"@id\":\"https:\/\/ekkla.ch\/#\/schema\/logo\/image\/\"},\"sameAs\":[\"https:\/\/www.instagram.com\/ekkla_light\/\"]}]}<\/script>\n<!-- \/ Yoast SEO Premium plugin. -->","yoast_head_json":{"title":"It's About Romi | H\u00e4ngeleuchte triple Carrara | Lieferung gratis | Ekkla","description":"Eine H\u00e4ngeleuchte mit 6 Leuchtkugeln aus marmorfarbigem Glas und goldenen Endungen auf 3 verstellbaren Armen, um Ihr Zuhause schick und raffiniert zu beleuchten.","robots":{"index":"index","follow":"follow","max-snippet":"max-snippet:-1","max-image-preview":"max-image-preview:large","max-video-preview":"max-video-preview:-1"},"canonical":"https:\/\/ekkla.ch\/de\/produit\/hangeleuchte-carrara-3-stangen-6-leuchtkugeln-marmorfarbiges-glas-und-goldene-endungen-its-about-romi\/","og_locale":"de_DE","og_type":"article","og_title":"H\u00e4ngeleuchte Carrara - 3 Stangen 6 Leuchtkugeln - Marmorfarbiges Glas und goldene Endungen - It's About Romi","og_description":"Eine H\u00e4ngeleuchte mit 6 Leuchtkugeln aus marmorfarbigem Glas und goldenen Endungen auf 3 verstellbaren Armen, um Ihr Zuhause schick und raffiniert zu beleuchten.","og_url":"https:\/\/ekkla.ch\/de\/produit\/hangeleuchte-carrara-3-stangen-6-leuchtkugeln-marmorfarbiges-glas-und-goldene-endungen-its-about-romi\/","og_site_name":"Ekkla","article_modified_time":"2023-02-26T23:00:09+00:00","og_image":[{"width":900,"height":900,"url":"https:\/\/ekkla.ch\/wp-content\/uploads\/2022\/02\/Ekkla-light-its-about-RoMi_suspension-3-bras_carrara-900x900-1.jpg","type":"image\/jpeg"}],"twitter_card":"summary_large_image","twitter_misc":{"Gesch\u00e4tzte Lesezeit":"1\u00a0Minute"},"schema":{"@context":"https:\/\/schema.org","@graph":[{"@type":"WebPage","@id":"https:\/\/ekkla.ch\/de\/produit\/hangeleuchte-carrara-3-stangen-6-leuchtkugeln-marmorfarbiges-glas-und-goldene-endungen-its-about-romi\/","url":"https:\/\/ekkla.ch\/de\/produit\/hangeleuchte-carrara-3-stangen-6-leuchtkugeln-marmorfarbiges-glas-und-goldene-endungen-its-about-romi\/","name":"It's About Romi | H\u00e4ngeleuchte triple Carrara | Lieferung gratis | Ekkla","isPartOf":{"@id":"https:\/\/ekkla.ch\/#website"},"primaryImageOfPage":{"@id":"https:\/\/ekkla.ch\/de\/produit\/hangeleuchte-carrara-3-stangen-6-leuchtkugeln-marmorfarbiges-glas-und-goldene-endungen-its-about-romi\/#primaryimage"},"image":{"@id":"https:\/\/ekkla.ch\/de\/produit\/hangeleuchte-carrara-3-stangen-6-leuchtkugeln-marmorfarbiges-glas-und-goldene-endungen-its-about-romi\/#primaryimage"},"thumbnailUrl":"https:\/\/ekkla.ch\/wp-content\/uploads\/2022\/02\/Ekkla-light-its-about-RoMi_suspension-3-bras_carrara-900x900-1.jpg","datePublished":"2022-02-11T09:59:35+00:00","dateModified":"2023-02-26T23:00:09+00:00","description":"Eine H\u00e4ngeleuchte mit 6 Leuchtkugeln aus marmorfarbigem Glas und goldenen Endungen auf 3 verstellbaren Armen, um Ihr Zuhause schick und raffiniert zu beleuchten.","breadcrumb":{"@id":"https:\/\/ekkla.ch\/de\/produit\/hangeleuchte-carrara-3-stangen-6-leuchtkugeln-marmorfarbiges-glas-und-goldene-endungen-its-about-romi\/#breadcrumb"},"inLanguage":"de","potentialAction":[{"@type":"ReadAction","target":["https:\/\/ekkla.ch\/de\/produit\/hangeleuchte-carrara-3-stangen-6-leuchtkugeln-marmorfarbiges-glas-und-goldene-endungen-its-about-romi\/"]}]},{"@type":"ImageObject","inLanguage":"de","@id":"https:\/\/ekkla.ch\/de\/produit\/hangeleuchte-carrara-3-stangen-6-leuchtkugeln-marmorfarbiges-glas-und-goldene-endungen-its-about-romi\/#primaryimage","url":"https:\/\/ekkla.ch\/wp-content\/uploads\/2022\/02\/Ekkla-light-its-about-RoMi_suspension-3-bras_carrara-900x900-1.jpg","contentUrl":"https:\/\/ekkla.ch\/wp-content\/uploads\/2022\/02\/Ekkla-light-its-about-RoMi_suspension-3-bras_carrara-900x900-1.jpg","width":900,"height":900},{"@type":"BreadcrumbList","@id":"https:\/\/ekkla.ch\/de\/produit\/hangeleuchte-carrara-3-stangen-6-leuchtkugeln-marmorfarbiges-glas-und-goldene-endungen-its-about-romi\/#breadcrumb","itemListElement":[{"@type":"ListItem","position":1,"name":"Home","item":"https:\/\/ekkla.ch\/de\/"},{"@type":"ListItem","position":2,"name":"Shop","item":"https:\/\/ekkla.ch\/de\/shop\/"},{"@type":"ListItem","position":3,"name":"H\u00e4ngeleuchte Carrara &#8211; 3 Stangen 6 Leuchtkugeln &#8211; Marmorfarbiges Glas und goldene Endungen &#8211; It&#8217;s About Romi"}]},{"@type":"WebSite","@id":"https:\/\/ekkla.ch\/#website","url":"https:\/\/ekkla.ch\/","name":"Ekkla","description":"Der Onlineshop f\u00fcr Beleuchtung","publisher":{"@id":"https:\/\/ekkla.ch\/#organization"},"potentialAction":[{"@type":"SearchAction","target":{"@type":"EntryPoint","urlTemplate":"https:\/\/ekkla.ch\/?s={search_term_string}"},"query-input":"required name=search_term_string"}],"inLanguage":"de"},{"@type":"Organization","@id":"https:\/\/ekkla.ch\/#organization","name":"Ekkla","url":"https:\/\/ekkla.ch\/","logo":{"@type":"ImageObject","inLanguage":"de","@id":"https:\/\/ekkla.ch\/#\/schema\/logo\/image\/","url":"http:\/\/ekkla.ch\/wp-content\/uploads\/2019\/07\/logo-1.svg","contentUrl":"http:\/\/ekkla.ch\/wp-content\/uploads\/2019\/07\/logo-1.svg","width":1,"height":1,"caption":"Ekkla"},"image":{"@id":"https:\/\/ekkla.ch\/#\/schema\/logo\/image\/"},"sameAs":["https:\/\/www.instagram.com\/ekkla_light\/"]}]}},"_links":{"self":[{"href":"https:\/\/ekkla.ch\/de\/wp-json\/wp\/v2\/product\/150838"}],"collection":[{"href":"https:\/\/ekkla.ch\/de\/wp-json\/wp\/v2\/product"}],"about":[{"href":"https:\/\/ekkla.ch\/de\/wp-json\/wp\/v2\/types\/product"}],"wp:featuredmedia":[{"embeddable":true,"href":"https:\/\/ekkla.ch\/de\/wp-json\/wp\/v2\/media\/150984"}],"wp:attachment":[{"href":"https:\/\/ekkla.ch\/de\/wp-json\/wp\/v2\/media?parent=150838"}],"wp:term":[{"taxonomy":"product_cat","embeddable":true,"href":"https:\/\/ekkla.ch\/de\/wp-json\/wp\/v2\/product_cat?post=150838"},{"taxonomy":"product_tag","embeddable":true,"href":"https:\/\/ekkla.ch\/de\/wp-json\/wp\/v2\/product_tag?post=150838"}],"curies":[{"name":"wp","href":"https:\/\/api.w.org\/{rel}","templated":true}]}}