{"id":150850,"date":"2022-02-18T17:03:08","date_gmt":"2022-02-18T16:03:08","guid":{"rendered":"https:\/\/ekkla.ch\/produit\/stehleuchte-salamanca-mit-2-lampenschirmen-terracotta-its-about-romi\/"},"modified":"2023-02-27T00:00:09","modified_gmt":"2023-02-26T23:00:09","slug":"stehleuchte-salamanca-mit-2-lampenschirmen-terracotta-its-about-romi","status":"publish","type":"product","link":"https:\/\/ekkla.ch\/de\/produit\/stehleuchte-salamanca-mit-2-lampenschirmen-terracotta-its-about-romi\/","title":{"rendered":"Stehleuchte Salamanca &#8211; Terracottafarbiges Metall &#8211; Doppelter Lampenschirm &#8211; It&#8217;s About Romi"},"content":{"rendered":"<p>Die schlanke und elegante Stehleuchte Salamanca ist aus Metall und charakterisiert sich durch ihre zwei beweglichen Lampenschirme. Die Terracotta-Farbe sowie das moderne Design bringt eine angenehme, nat\u00fcrliche W\u00e4rme in Ihr Zuhause.<\/p>\n<p>Die Leuchte ist eine Kombination aus Funktionalit\u00e4t und Stil: der Lichtschalter ist an der Leuchte selbst und somit gut bedienbar. Dank ihres geringen Gewichts kann die Lampe problemlos von einem Raum in den anderen transportiert werden. Das schwarze, 200 cm lange Stromkabel mit Textil verkleidet, um die Handhabung zu erleichtern.<\/p>\n<blockquote>\n<h2>Merkmale &amp; Eigenschaften<\/h2>\n<p><strong>Marke<\/strong> It&#8217;s About Romi<\/p>\n<p><strong>Farbe<\/strong> Terracotta<\/p>\n<p><strong>Material<\/strong>\u00a0Metall<\/p>\n<p><strong>Gl\u00fchbirnen<\/strong> 2xE14 (nicht inbegriffen)<\/p>\n<p><strong>Max. Leistung (W) <\/strong>25<\/p>\n<p><strong>Max. Breite (cm) <\/strong>28<\/p>\n<p><strong>H\u00f6he (cm) <\/strong>145<\/p>\n<p><strong>L\u00e4nge Stromkabel (cm) <\/strong>200<\/p><\/blockquote>\n","protected":false},"excerpt":{"rendered":"<p>Die schlanke und elegante Stehleuchte Salamanca ist aus Metall und charakterisiert sich durch ihre zwei beweglichen Lampenschirme. Die Terracotta-Farbe sowie das moderne Design bringt eine angenehme, nat\u00fcrliche W\u00e4rme in Ihr Zuhause. Die Leuchte ist eine Kombination aus Funktionalit\u00e4t und Stil: der Lichtschalter ist an der Leuchte selbst und somit gut bedienbar. Dank ihres geringen Gewichts [&hellip;]<\/p>\n","protected":false},"featured_media":150951,"template":"","meta":{"_acf_changed":false,"om_disable_all_campaigns":false},"product_cat":[289],"product_tag":[898,554,1188,816,603,942],"bundled_by":[],"bundle_stock_status":"onbackorder","bundle_stock_quantity":0,"bundle_virtual":false,"bundle_layout":"","bundle_add_to_cart_form_location":"","bundle_editable_in_cart":false,"bundle_sold_individually_context":"","bundle_item_grouping":"","bundle_min_size":"","bundle_max_size":"","bundle_price":[],"bundled_items":[],"bundle_sell_ids":[],"acf":[],"yoast_head":"<!-- This site is optimized with the Yoast SEO Premium plugin v22.2 (Yoast SEO v22.8) - https:\/\/yoast.com\/wordpress\/plugins\/seo\/ -->\n<title>It&#039;s About Romi | Stehleuchte Salamanca mit 2 Lampenschirmen | Terracotta | Ekkla<\/title>\n<meta name=\"description\" content=\"Diese Stehleuchte vereint Funktionalit\u00e4t und Stil: mithilfe ihrer zwei verstellbaren Lampenschirme k\u00f6nnen all Ihre R\u00e4ume beleuchtet werden. Kostenlose Lieferung.\" \/>\n<meta name=\"robots\" content=\"index, follow, max-snippet:-1, max-image-preview:large, max-video-preview:-1\" \/>\n<link rel=\"canonical\" href=\"https:\/\/ekkla.ch\/de\/produit\/stehleuchte-salamanca-mit-2-lampenschirmen-terracotta-its-about-romi\/\" \/>\n<meta property=\"og:locale\" content=\"de_DE\" \/>\n<meta property=\"og:type\" content=\"article\" \/>\n<meta property=\"og:title\" content=\"Stehleuchte Salamanca - Terracottafarbiges Metall - Doppelter Lampenschirm - It&#039;s About Romi\" \/>\n<meta property=\"og:description\" content=\"Diese Stehleuchte vereint Funktionalit\u00e4t und Stil: mithilfe ihrer zwei verstellbaren Lampenschirme k\u00f6nnen all Ihre R\u00e4ume beleuchtet werden. Kostenlose Lieferung.\" \/>\n<meta property=\"og:url\" content=\"https:\/\/ekkla.ch\/de\/produit\/stehleuchte-salamanca-mit-2-lampenschirmen-terracotta-its-about-romi\/\" \/>\n<meta property=\"og:site_name\" content=\"Ekkla\" \/>\n<meta property=\"article:modified_time\" content=\"2023-02-26T23:00:09+00:00\" \/>\n<meta property=\"og:image\" content=\"https:\/\/ekkla.ch\/wp-content\/uploads\/2022\/02\/Ekkla-light-its-about-RoMi_lampadaire_salamanca-terracotta-900x900-1.jpg\" \/>\n\t<meta property=\"og:image:width\" content=\"900\" \/>\n\t<meta property=\"og:image:height\" content=\"900\" \/>\n\t<meta property=\"og:image:type\" content=\"image\/jpeg\" \/>\n<meta name=\"twitter:card\" content=\"summary_large_image\" \/>\n<meta name=\"twitter:label1\" content=\"Gesch\u00e4tzte Lesezeit\" \/>\n\t<meta name=\"twitter:data1\" content=\"1\u00a0Minute\" \/>\n<script type=\"application\/ld+json\" class=\"yoast-schema-graph\">{\"@context\":\"https:\/\/schema.org\",\"@graph\":[{\"@type\":\"WebPage\",\"@id\":\"https:\/\/ekkla.ch\/de\/produit\/stehleuchte-salamanca-mit-2-lampenschirmen-terracotta-its-about-romi\/\",\"url\":\"https:\/\/ekkla.ch\/de\/produit\/stehleuchte-salamanca-mit-2-lampenschirmen-terracotta-its-about-romi\/\",\"name\":\"It's About Romi | Stehleuchte Salamanca mit 2 Lampenschirmen | Terracotta | Ekkla\",\"isPartOf\":{\"@id\":\"https:\/\/ekkla.ch\/#website\"},\"primaryImageOfPage\":{\"@id\":\"https:\/\/ekkla.ch\/de\/produit\/stehleuchte-salamanca-mit-2-lampenschirmen-terracotta-its-about-romi\/#primaryimage\"},\"image\":{\"@id\":\"https:\/\/ekkla.ch\/de\/produit\/stehleuchte-salamanca-mit-2-lampenschirmen-terracotta-its-about-romi\/#primaryimage\"},\"thumbnailUrl\":\"https:\/\/ekkla.ch\/wp-content\/uploads\/2022\/02\/Ekkla-light-its-about-RoMi_lampadaire_salamanca-terracotta-900x900-1.jpg\",\"datePublished\":\"2022-02-18T16:03:08+00:00\",\"dateModified\":\"2023-02-26T23:00:09+00:00\",\"description\":\"Diese Stehleuchte vereint Funktionalit\u00e4t und Stil: mithilfe ihrer zwei verstellbaren Lampenschirme k\u00f6nnen all Ihre R\u00e4ume beleuchtet werden. Kostenlose Lieferung.\",\"breadcrumb\":{\"@id\":\"https:\/\/ekkla.ch\/de\/produit\/stehleuchte-salamanca-mit-2-lampenschirmen-terracotta-its-about-romi\/#breadcrumb\"},\"inLanguage\":\"de\",\"potentialAction\":[{\"@type\":\"ReadAction\",\"target\":[\"https:\/\/ekkla.ch\/de\/produit\/stehleuchte-salamanca-mit-2-lampenschirmen-terracotta-its-about-romi\/\"]}]},{\"@type\":\"ImageObject\",\"inLanguage\":\"de\",\"@id\":\"https:\/\/ekkla.ch\/de\/produit\/stehleuchte-salamanca-mit-2-lampenschirmen-terracotta-its-about-romi\/#primaryimage\",\"url\":\"https:\/\/ekkla.ch\/wp-content\/uploads\/2022\/02\/Ekkla-light-its-about-RoMi_lampadaire_salamanca-terracotta-900x900-1.jpg\",\"contentUrl\":\"https:\/\/ekkla.ch\/wp-content\/uploads\/2022\/02\/Ekkla-light-its-about-RoMi_lampadaire_salamanca-terracotta-900x900-1.jpg\",\"width\":900,\"height\":900},{\"@type\":\"BreadcrumbList\",\"@id\":\"https:\/\/ekkla.ch\/de\/produit\/stehleuchte-salamanca-mit-2-lampenschirmen-terracotta-its-about-romi\/#breadcrumb\",\"itemListElement\":[{\"@type\":\"ListItem\",\"position\":1,\"name\":\"Home\",\"item\":\"https:\/\/ekkla.ch\/de\/\"},{\"@type\":\"ListItem\",\"position\":2,\"name\":\"Shop\",\"item\":\"https:\/\/ekkla.ch\/de\/shop\/\"},{\"@type\":\"ListItem\",\"position\":3,\"name\":\"Stehleuchte Salamanca &#8211; Terracottafarbiges Metall &#8211; Doppelter Lampenschirm &#8211; It&#8217;s About Romi\"}]},{\"@type\":\"WebSite\",\"@id\":\"https:\/\/ekkla.ch\/#website\",\"url\":\"https:\/\/ekkla.ch\/\",\"name\":\"Ekkla\",\"description\":\"Der Onlineshop f\u00fcr Beleuchtung\",\"publisher\":{\"@id\":\"https:\/\/ekkla.ch\/#organization\"},\"potentialAction\":[{\"@type\":\"SearchAction\",\"target\":{\"@type\":\"EntryPoint\",\"urlTemplate\":\"https:\/\/ekkla.ch\/?s={search_term_string}\"},\"query-input\":\"required name=search_term_string\"}],\"inLanguage\":\"de\"},{\"@type\":\"Organization\",\"@id\":\"https:\/\/ekkla.ch\/#organization\",\"name\":\"Ekkla\",\"url\":\"https:\/\/ekkla.ch\/\",\"logo\":{\"@type\":\"ImageObject\",\"inLanguage\":\"de\",\"@id\":\"https:\/\/ekkla.ch\/#\/schema\/logo\/image\/\",\"url\":\"http:\/\/ekkla.ch\/wp-content\/uploads\/2019\/07\/logo-1.svg\",\"contentUrl\":\"http:\/\/ekkla.ch\/wp-content\/uploads\/2019\/07\/logo-1.svg\",\"width\":1,\"height\":1,\"caption\":\"Ekkla\"},\"image\":{\"@id\":\"https:\/\/ekkla.ch\/#\/schema\/logo\/image\/\"},\"sameAs\":[\"https:\/\/www.instagram.com\/ekkla_light\/\"]}]}<\/script>\n<!-- \/ Yoast SEO Premium plugin. -->","yoast_head_json":{"title":"It's About Romi | Stehleuchte Salamanca mit 2 Lampenschirmen | Terracotta | Ekkla","description":"Diese Stehleuchte vereint Funktionalit\u00e4t und Stil: mithilfe ihrer zwei verstellbaren Lampenschirme k\u00f6nnen all Ihre R\u00e4ume beleuchtet werden. Kostenlose Lieferung.","robots":{"index":"index","follow":"follow","max-snippet":"max-snippet:-1","max-image-preview":"max-image-preview:large","max-video-preview":"max-video-preview:-1"},"canonical":"https:\/\/ekkla.ch\/de\/produit\/stehleuchte-salamanca-mit-2-lampenschirmen-terracotta-its-about-romi\/","og_locale":"de_DE","og_type":"article","og_title":"Stehleuchte Salamanca - Terracottafarbiges Metall - Doppelter Lampenschirm - It's About Romi","og_description":"Diese Stehleuchte vereint Funktionalit\u00e4t und Stil: mithilfe ihrer zwei verstellbaren Lampenschirme k\u00f6nnen all Ihre R\u00e4ume beleuchtet werden. Kostenlose Lieferung.","og_url":"https:\/\/ekkla.ch\/de\/produit\/stehleuchte-salamanca-mit-2-lampenschirmen-terracotta-its-about-romi\/","og_site_name":"Ekkla","article_modified_time":"2023-02-26T23:00:09+00:00","og_image":[{"width":900,"height":900,"url":"https:\/\/ekkla.ch\/wp-content\/uploads\/2022\/02\/Ekkla-light-its-about-RoMi_lampadaire_salamanca-terracotta-900x900-1.jpg","type":"image\/jpeg"}],"twitter_card":"summary_large_image","twitter_misc":{"Gesch\u00e4tzte Lesezeit":"1\u00a0Minute"},"schema":{"@context":"https:\/\/schema.org","@graph":[{"@type":"WebPage","@id":"https:\/\/ekkla.ch\/de\/produit\/stehleuchte-salamanca-mit-2-lampenschirmen-terracotta-its-about-romi\/","url":"https:\/\/ekkla.ch\/de\/produit\/stehleuchte-salamanca-mit-2-lampenschirmen-terracotta-its-about-romi\/","name":"It's About Romi | Stehleuchte Salamanca mit 2 Lampenschirmen | Terracotta | Ekkla","isPartOf":{"@id":"https:\/\/ekkla.ch\/#website"},"primaryImageOfPage":{"@id":"https:\/\/ekkla.ch\/de\/produit\/stehleuchte-salamanca-mit-2-lampenschirmen-terracotta-its-about-romi\/#primaryimage"},"image":{"@id":"https:\/\/ekkla.ch\/de\/produit\/stehleuchte-salamanca-mit-2-lampenschirmen-terracotta-its-about-romi\/#primaryimage"},"thumbnailUrl":"https:\/\/ekkla.ch\/wp-content\/uploads\/2022\/02\/Ekkla-light-its-about-RoMi_lampadaire_salamanca-terracotta-900x900-1.jpg","datePublished":"2022-02-18T16:03:08+00:00","dateModified":"2023-02-26T23:00:09+00:00","description":"Diese Stehleuchte vereint Funktionalit\u00e4t und Stil: mithilfe ihrer zwei verstellbaren Lampenschirme k\u00f6nnen all Ihre R\u00e4ume beleuchtet werden. Kostenlose Lieferung.","breadcrumb":{"@id":"https:\/\/ekkla.ch\/de\/produit\/stehleuchte-salamanca-mit-2-lampenschirmen-terracotta-its-about-romi\/#breadcrumb"},"inLanguage":"de","potentialAction":[{"@type":"ReadAction","target":["https:\/\/ekkla.ch\/de\/produit\/stehleuchte-salamanca-mit-2-lampenschirmen-terracotta-its-about-romi\/"]}]},{"@type":"ImageObject","inLanguage":"de","@id":"https:\/\/ekkla.ch\/de\/produit\/stehleuchte-salamanca-mit-2-lampenschirmen-terracotta-its-about-romi\/#primaryimage","url":"https:\/\/ekkla.ch\/wp-content\/uploads\/2022\/02\/Ekkla-light-its-about-RoMi_lampadaire_salamanca-terracotta-900x900-1.jpg","contentUrl":"https:\/\/ekkla.ch\/wp-content\/uploads\/2022\/02\/Ekkla-light-its-about-RoMi_lampadaire_salamanca-terracotta-900x900-1.jpg","width":900,"height":900},{"@type":"BreadcrumbList","@id":"https:\/\/ekkla.ch\/de\/produit\/stehleuchte-salamanca-mit-2-lampenschirmen-terracotta-its-about-romi\/#breadcrumb","itemListElement":[{"@type":"ListItem","position":1,"name":"Home","item":"https:\/\/ekkla.ch\/de\/"},{"@type":"ListItem","position":2,"name":"Shop","item":"https:\/\/ekkla.ch\/de\/shop\/"},{"@type":"ListItem","position":3,"name":"Stehleuchte Salamanca &#8211; Terracottafarbiges Metall &#8211; Doppelter Lampenschirm &#8211; It&#8217;s About Romi"}]},{"@type":"WebSite","@id":"https:\/\/ekkla.ch\/#website","url":"https:\/\/ekkla.ch\/","name":"Ekkla","description":"Der Onlineshop f\u00fcr Beleuchtung","publisher":{"@id":"https:\/\/ekkla.ch\/#organization"},"potentialAction":[{"@type":"SearchAction","target":{"@type":"EntryPoint","urlTemplate":"https:\/\/ekkla.ch\/?s={search_term_string}"},"query-input":"required name=search_term_string"}],"inLanguage":"de"},{"@type":"Organization","@id":"https:\/\/ekkla.ch\/#organization","name":"Ekkla","url":"https:\/\/ekkla.ch\/","logo":{"@type":"ImageObject","inLanguage":"de","@id":"https:\/\/ekkla.ch\/#\/schema\/logo\/image\/","url":"http:\/\/ekkla.ch\/wp-content\/uploads\/2019\/07\/logo-1.svg","contentUrl":"http:\/\/ekkla.ch\/wp-content\/uploads\/2019\/07\/logo-1.svg","width":1,"height":1,"caption":"Ekkla"},"image":{"@id":"https:\/\/ekkla.ch\/#\/schema\/logo\/image\/"},"sameAs":["https:\/\/www.instagram.com\/ekkla_light\/"]}]}},"_links":{"self":[{"href":"https:\/\/ekkla.ch\/de\/wp-json\/wp\/v2\/product\/150850"}],"collection":[{"href":"https:\/\/ekkla.ch\/de\/wp-json\/wp\/v2\/product"}],"about":[{"href":"https:\/\/ekkla.ch\/de\/wp-json\/wp\/v2\/types\/product"}],"wp:featuredmedia":[{"embeddable":true,"href":"https:\/\/ekkla.ch\/de\/wp-json\/wp\/v2\/media\/150951"}],"wp:attachment":[{"href":"https:\/\/ekkla.ch\/de\/wp-json\/wp\/v2\/media?parent=150850"}],"wp:term":[{"taxonomy":"product_cat","embeddable":true,"href":"https:\/\/ekkla.ch\/de\/wp-json\/wp\/v2\/product_cat?post=150850"},{"taxonomy":"product_tag","embeddable":true,"href":"https:\/\/ekkla.ch\/de\/wp-json\/wp\/v2\/product_tag?post=150850"}],"curies":[{"name":"wp","href":"https:\/\/api.w.org\/{rel}","templated":true}]}}