{"id":150860,"date":"2022-02-21T10:05:04","date_gmt":"2022-02-21T09:05:04","guid":{"rendered":"https:\/\/ekkla.ch\/produit\/wandleuchte-gude-silver-b-36-cm-edelstahl-innen-aussenbereich-sammode\/"},"modified":"2022-07-04T15:18:25","modified_gmt":"2022-07-04T13:18:25","slug":"wandleuchte-gude-silver-b-36-cm-edelstahl-innen-aussenbereich-sammode","status":"publish","type":"product","link":"https:\/\/ekkla.ch\/de\/produit\/wandleuchte-gude-silver-b-36-cm-edelstahl-innen-aussenbereich-sammode\/","title":{"rendered":"Wandleuchte Gude Silver &#8211; B.36 cm &#8211; Edelstahl &#8211; Innen- &#038; Aussenbereich &#8211; Sammode"},"content":{"rendered":"<p>Diese industrielle H\u00e4ngeleuchte von Sammode Studio wurde von den Designern Dominique Perrault &amp; Ga\u00eblle Lauriot-Pr\u00e9vost entworfen. Sie verleiht einem Badezimmer oder den Steinmauern einer Terrasse einen zarten Lichtschein. Ihr Innengitter mit dem Belleville-Motiv, einfach und geradlinig, erinnert an den zeitgen\u00f6ssischen Stil dieses ber\u00fchmten Viertels mit seiner Arbeitervergangenheit, das heute ein Tempel der Pariser Street Art ist. Diese Lampe ist vielseitig einsetzbar und wird Ihrer Dekoration einen modernen Touch verleihen. Sie ist flexibel und kann je nach Wunsch vertikal oder horizontal angebracht werden.<\/p>\n<p>Die Gl\u00fchbirne sind im Lieferumfang enthalten (1x satinierte LED-Gl\u00fchbirne, 8W). Diese Leuchte wird installationsfertig geliefert und enth\u00e4lt nebst der Lichtquelle einen Wandauslass.<\/p>\n<p>Die Leuchte wird in Frankreich (Ch\u00e2tillon-sur-Sa\u00f4ne in den Vogesen) hergestellt, zusammengebaut und verpack. Standardlieferzeit: 3-5 Wochen.<\/p>\n<blockquote>\n<h2>Merkmale &amp; Eigenschaften<\/h2>\n<p><strong>Marke<\/strong> Sammode<\/p>\n<p><strong>Farbe<\/strong>\u00a0Edelstahlgrau<\/p>\n<p><strong>Materialien<\/strong>\u00a0Rohr aus Polycarbonat in Kristallqualit\u00e4t | Edelstahl<\/p>\n<p><strong>Leuchtmittel<\/strong>\u00a0E27 (inbegriffen)<\/p>\n<p><strong>Kelvin (k) <\/strong>2700<\/p>\n<p><strong>Lichtintensit\u00e4t (lm)<\/strong> 190<\/p>\n<p><strong>Durchmesser (cm)<\/strong>\u00a010<\/p>\n<p><strong>Breite (cm)<\/strong>\u00a036<\/p>\n<p><strong>IP-Schutzart (IP)<\/strong> 68<\/p><\/blockquote>\n","protected":false},"excerpt":{"rendered":"<p>Diese industrielle H\u00e4ngeleuchte von Sammode Studio wurde von den Designern Dominique Perrault &amp; Ga\u00eblle Lauriot-Pr\u00e9vost entworfen. Sie verleiht einem Badezimmer oder den Steinmauern einer Terrasse einen zarten Lichtschein. Ihr Innengitter mit dem Belleville-Motiv, einfach und geradlinig, erinnert an den zeitgen\u00f6ssischen Stil dieses ber\u00fchmten Viertels mit seiner Arbeitervergangenheit, das heute ein Tempel der Pariser Street Art [&hellip;]<\/p>\n","protected":false},"featured_media":151566,"template":"","meta":{"_acf_changed":false,"om_disable_all_campaigns":false},"product_cat":[286],"product_tag":[1254,892,554,1188,1265,801,1022],"bundled_by":[],"bundle_stock_status":"onbackorder","bundle_stock_quantity":null,"bundle_virtual":false,"bundle_layout":"","bundle_add_to_cart_form_location":"","bundle_editable_in_cart":false,"bundle_sold_individually_context":"","bundle_item_grouping":"","bundle_min_size":"","bundle_max_size":"","bundle_price":[],"bundled_items":[],"bundle_sell_ids":[],"acf":[],"yoast_head":"<!-- This site is optimized with the Yoast SEO Premium plugin v22.2 (Yoast SEO v22.8) - https:\/\/yoast.com\/wordpress\/plugins\/seo\/ -->\n<title>Sammode | Wandleuchte Gude aus Edelstahl | Lieferung gratis | Ekkla<\/title>\n<meta name=\"description\" content=\"Wandleuchte f\u00fcr den Innen- und Aussenbereich, hergestellt in Frankreich. Industriedesign von Sammode Studio. Kostenlose Lieferung in der ganzen Schweiz.\" \/>\n<meta name=\"robots\" content=\"index, follow, max-snippet:-1, max-image-preview:large, max-video-preview:-1\" \/>\n<link rel=\"canonical\" href=\"https:\/\/ekkla.ch\/de\/produit\/wandleuchte-gude-silver-b-36-cm-edelstahl-innen-aussenbereich-sammode\/\" \/>\n<meta property=\"og:locale\" content=\"de_DE\" \/>\n<meta property=\"og:type\" content=\"article\" \/>\n<meta property=\"og:title\" content=\"Wandleuchte Gude Silver - B.36 cm - Edelstahl - Innen- &amp; Aussenbereich - Sammode\" \/>\n<meta property=\"og:description\" content=\"Wandleuchte f\u00fcr den Innen- und Aussenbereich, hergestellt in Frankreich. Industriedesign von Sammode Studio. Kostenlose Lieferung in der ganzen Schweiz.\" \/>\n<meta property=\"og:url\" content=\"https:\/\/ekkla.ch\/de\/produit\/wandleuchte-gude-silver-b-36-cm-edelstahl-innen-aussenbereich-sammode\/\" \/>\n<meta property=\"og:site_name\" content=\"Ekkla\" \/>\n<meta property=\"article:modified_time\" content=\"2022-07-04T13:18:25+00:00\" \/>\n<meta property=\"og:image\" content=\"https:\/\/ekkla.ch\/wp-content\/uploads\/2022\/02\/Ekkla-light-_0362_Gude_Sammode-e1647944601365.jpg\" \/>\n\t<meta property=\"og:image:width\" content=\"900\" \/>\n\t<meta property=\"og:image:height\" content=\"900\" \/>\n\t<meta property=\"og:image:type\" content=\"image\/jpeg\" \/>\n<meta name=\"twitter:card\" content=\"summary_large_image\" \/>\n<meta name=\"twitter:label1\" content=\"Gesch\u00e4tzte Lesezeit\" \/>\n\t<meta name=\"twitter:data1\" content=\"1\u00a0Minute\" \/>\n<script type=\"application\/ld+json\" class=\"yoast-schema-graph\">{\"@context\":\"https:\/\/schema.org\",\"@graph\":[{\"@type\":\"WebPage\",\"@id\":\"https:\/\/ekkla.ch\/de\/produit\/wandleuchte-gude-silver-b-36-cm-edelstahl-innen-aussenbereich-sammode\/\",\"url\":\"https:\/\/ekkla.ch\/de\/produit\/wandleuchte-gude-silver-b-36-cm-edelstahl-innen-aussenbereich-sammode\/\",\"name\":\"Sammode | Wandleuchte Gude aus Edelstahl | Lieferung gratis | Ekkla\",\"isPartOf\":{\"@id\":\"https:\/\/ekkla.ch\/#website\"},\"primaryImageOfPage\":{\"@id\":\"https:\/\/ekkla.ch\/de\/produit\/wandleuchte-gude-silver-b-36-cm-edelstahl-innen-aussenbereich-sammode\/#primaryimage\"},\"image\":{\"@id\":\"https:\/\/ekkla.ch\/de\/produit\/wandleuchte-gude-silver-b-36-cm-edelstahl-innen-aussenbereich-sammode\/#primaryimage\"},\"thumbnailUrl\":\"https:\/\/ekkla.ch\/wp-content\/uploads\/2022\/02\/Ekkla-light-_0362_Gude_Sammode-e1647944601365.jpg\",\"datePublished\":\"2022-02-21T09:05:04+00:00\",\"dateModified\":\"2022-07-04T13:18:25+00:00\",\"description\":\"Wandleuchte f\u00fcr den Innen- und Aussenbereich, hergestellt in Frankreich. Industriedesign von Sammode Studio. Kostenlose Lieferung in der ganzen Schweiz.\",\"breadcrumb\":{\"@id\":\"https:\/\/ekkla.ch\/de\/produit\/wandleuchte-gude-silver-b-36-cm-edelstahl-innen-aussenbereich-sammode\/#breadcrumb\"},\"inLanguage\":\"de\",\"potentialAction\":[{\"@type\":\"ReadAction\",\"target\":[\"https:\/\/ekkla.ch\/de\/produit\/wandleuchte-gude-silver-b-36-cm-edelstahl-innen-aussenbereich-sammode\/\"]}]},{\"@type\":\"ImageObject\",\"inLanguage\":\"de\",\"@id\":\"https:\/\/ekkla.ch\/de\/produit\/wandleuchte-gude-silver-b-36-cm-edelstahl-innen-aussenbereich-sammode\/#primaryimage\",\"url\":\"https:\/\/ekkla.ch\/wp-content\/uploads\/2022\/02\/Ekkla-light-_0362_Gude_Sammode-e1647944601365.jpg\",\"contentUrl\":\"https:\/\/ekkla.ch\/wp-content\/uploads\/2022\/02\/Ekkla-light-_0362_Gude_Sammode-e1647944601365.jpg\",\"width\":900,\"height\":900},{\"@type\":\"BreadcrumbList\",\"@id\":\"https:\/\/ekkla.ch\/de\/produit\/wandleuchte-gude-silver-b-36-cm-edelstahl-innen-aussenbereich-sammode\/#breadcrumb\",\"itemListElement\":[{\"@type\":\"ListItem\",\"position\":1,\"name\":\"Home\",\"item\":\"https:\/\/ekkla.ch\/de\/\"},{\"@type\":\"ListItem\",\"position\":2,\"name\":\"Shop\",\"item\":\"https:\/\/ekkla.ch\/de\/shop\/\"},{\"@type\":\"ListItem\",\"position\":3,\"name\":\"Wandleuchte Gude Silver &#8211; B.36 cm &#8211; Edelstahl &#8211; Innen- &#038; Aussenbereich &#8211; Sammode\"}]},{\"@type\":\"WebSite\",\"@id\":\"https:\/\/ekkla.ch\/#website\",\"url\":\"https:\/\/ekkla.ch\/\",\"name\":\"Ekkla\",\"description\":\"Der Onlineshop f\u00fcr Beleuchtung\",\"publisher\":{\"@id\":\"https:\/\/ekkla.ch\/#organization\"},\"potentialAction\":[{\"@type\":\"SearchAction\",\"target\":{\"@type\":\"EntryPoint\",\"urlTemplate\":\"https:\/\/ekkla.ch\/?s={search_term_string}\"},\"query-input\":\"required name=search_term_string\"}],\"inLanguage\":\"de\"},{\"@type\":\"Organization\",\"@id\":\"https:\/\/ekkla.ch\/#organization\",\"name\":\"Ekkla\",\"url\":\"https:\/\/ekkla.ch\/\",\"logo\":{\"@type\":\"ImageObject\",\"inLanguage\":\"de\",\"@id\":\"https:\/\/ekkla.ch\/#\/schema\/logo\/image\/\",\"url\":\"http:\/\/ekkla.ch\/wp-content\/uploads\/2019\/07\/logo-1.svg\",\"contentUrl\":\"http:\/\/ekkla.ch\/wp-content\/uploads\/2019\/07\/logo-1.svg\",\"width\":1,\"height\":1,\"caption\":\"Ekkla\"},\"image\":{\"@id\":\"https:\/\/ekkla.ch\/#\/schema\/logo\/image\/\"},\"sameAs\":[\"https:\/\/www.instagram.com\/ekkla_light\/\"]}]}<\/script>\n<!-- \/ Yoast SEO Premium plugin. -->","yoast_head_json":{"title":"Sammode | Wandleuchte Gude aus Edelstahl | Lieferung gratis | Ekkla","description":"Wandleuchte f\u00fcr den Innen- und Aussenbereich, hergestellt in Frankreich. Industriedesign von Sammode Studio. Kostenlose Lieferung in der ganzen Schweiz.","robots":{"index":"index","follow":"follow","max-snippet":"max-snippet:-1","max-image-preview":"max-image-preview:large","max-video-preview":"max-video-preview:-1"},"canonical":"https:\/\/ekkla.ch\/de\/produit\/wandleuchte-gude-silver-b-36-cm-edelstahl-innen-aussenbereich-sammode\/","og_locale":"de_DE","og_type":"article","og_title":"Wandleuchte Gude Silver - B.36 cm - Edelstahl - Innen- & Aussenbereich - Sammode","og_description":"Wandleuchte f\u00fcr den Innen- und Aussenbereich, hergestellt in Frankreich. Industriedesign von Sammode Studio. Kostenlose Lieferung in der ganzen Schweiz.","og_url":"https:\/\/ekkla.ch\/de\/produit\/wandleuchte-gude-silver-b-36-cm-edelstahl-innen-aussenbereich-sammode\/","og_site_name":"Ekkla","article_modified_time":"2022-07-04T13:18:25+00:00","og_image":[{"width":900,"height":900,"url":"https:\/\/ekkla.ch\/wp-content\/uploads\/2022\/02\/Ekkla-light-_0362_Gude_Sammode-e1647944601365.jpg","type":"image\/jpeg"}],"twitter_card":"summary_large_image","twitter_misc":{"Gesch\u00e4tzte Lesezeit":"1\u00a0Minute"},"schema":{"@context":"https:\/\/schema.org","@graph":[{"@type":"WebPage","@id":"https:\/\/ekkla.ch\/de\/produit\/wandleuchte-gude-silver-b-36-cm-edelstahl-innen-aussenbereich-sammode\/","url":"https:\/\/ekkla.ch\/de\/produit\/wandleuchte-gude-silver-b-36-cm-edelstahl-innen-aussenbereich-sammode\/","name":"Sammode | Wandleuchte Gude aus Edelstahl | Lieferung gratis | Ekkla","isPartOf":{"@id":"https:\/\/ekkla.ch\/#website"},"primaryImageOfPage":{"@id":"https:\/\/ekkla.ch\/de\/produit\/wandleuchte-gude-silver-b-36-cm-edelstahl-innen-aussenbereich-sammode\/#primaryimage"},"image":{"@id":"https:\/\/ekkla.ch\/de\/produit\/wandleuchte-gude-silver-b-36-cm-edelstahl-innen-aussenbereich-sammode\/#primaryimage"},"thumbnailUrl":"https:\/\/ekkla.ch\/wp-content\/uploads\/2022\/02\/Ekkla-light-_0362_Gude_Sammode-e1647944601365.jpg","datePublished":"2022-02-21T09:05:04+00:00","dateModified":"2022-07-04T13:18:25+00:00","description":"Wandleuchte f\u00fcr den Innen- und Aussenbereich, hergestellt in Frankreich. Industriedesign von Sammode Studio. Kostenlose Lieferung in der ganzen Schweiz.","breadcrumb":{"@id":"https:\/\/ekkla.ch\/de\/produit\/wandleuchte-gude-silver-b-36-cm-edelstahl-innen-aussenbereich-sammode\/#breadcrumb"},"inLanguage":"de","potentialAction":[{"@type":"ReadAction","target":["https:\/\/ekkla.ch\/de\/produit\/wandleuchte-gude-silver-b-36-cm-edelstahl-innen-aussenbereich-sammode\/"]}]},{"@type":"ImageObject","inLanguage":"de","@id":"https:\/\/ekkla.ch\/de\/produit\/wandleuchte-gude-silver-b-36-cm-edelstahl-innen-aussenbereich-sammode\/#primaryimage","url":"https:\/\/ekkla.ch\/wp-content\/uploads\/2022\/02\/Ekkla-light-_0362_Gude_Sammode-e1647944601365.jpg","contentUrl":"https:\/\/ekkla.ch\/wp-content\/uploads\/2022\/02\/Ekkla-light-_0362_Gude_Sammode-e1647944601365.jpg","width":900,"height":900},{"@type":"BreadcrumbList","@id":"https:\/\/ekkla.ch\/de\/produit\/wandleuchte-gude-silver-b-36-cm-edelstahl-innen-aussenbereich-sammode\/#breadcrumb","itemListElement":[{"@type":"ListItem","position":1,"name":"Home","item":"https:\/\/ekkla.ch\/de\/"},{"@type":"ListItem","position":2,"name":"Shop","item":"https:\/\/ekkla.ch\/de\/shop\/"},{"@type":"ListItem","position":3,"name":"Wandleuchte Gude Silver &#8211; B.36 cm &#8211; Edelstahl &#8211; Innen- &#038; Aussenbereich &#8211; Sammode"}]},{"@type":"WebSite","@id":"https:\/\/ekkla.ch\/#website","url":"https:\/\/ekkla.ch\/","name":"Ekkla","description":"Der Onlineshop f\u00fcr Beleuchtung","publisher":{"@id":"https:\/\/ekkla.ch\/#organization"},"potentialAction":[{"@type":"SearchAction","target":{"@type":"EntryPoint","urlTemplate":"https:\/\/ekkla.ch\/?s={search_term_string}"},"query-input":"required name=search_term_string"}],"inLanguage":"de"},{"@type":"Organization","@id":"https:\/\/ekkla.ch\/#organization","name":"Ekkla","url":"https:\/\/ekkla.ch\/","logo":{"@type":"ImageObject","inLanguage":"de","@id":"https:\/\/ekkla.ch\/#\/schema\/logo\/image\/","url":"http:\/\/ekkla.ch\/wp-content\/uploads\/2019\/07\/logo-1.svg","contentUrl":"http:\/\/ekkla.ch\/wp-content\/uploads\/2019\/07\/logo-1.svg","width":1,"height":1,"caption":"Ekkla"},"image":{"@id":"https:\/\/ekkla.ch\/#\/schema\/logo\/image\/"},"sameAs":["https:\/\/www.instagram.com\/ekkla_light\/"]}]}},"_links":{"self":[{"href":"https:\/\/ekkla.ch\/de\/wp-json\/wp\/v2\/product\/150860"}],"collection":[{"href":"https:\/\/ekkla.ch\/de\/wp-json\/wp\/v2\/product"}],"about":[{"href":"https:\/\/ekkla.ch\/de\/wp-json\/wp\/v2\/types\/product"}],"wp:featuredmedia":[{"embeddable":true,"href":"https:\/\/ekkla.ch\/de\/wp-json\/wp\/v2\/media\/151566"}],"wp:attachment":[{"href":"https:\/\/ekkla.ch\/de\/wp-json\/wp\/v2\/media?parent=150860"}],"wp:term":[{"taxonomy":"product_cat","embeddable":true,"href":"https:\/\/ekkla.ch\/de\/wp-json\/wp\/v2\/product_cat?post=150860"},{"taxonomy":"product_tag","embeddable":true,"href":"https:\/\/ekkla.ch\/de\/wp-json\/wp\/v2\/product_tag?post=150860"}],"curies":[{"name":"wp","href":"https:\/\/api.w.org\/{rel}","templated":true}]}}