{"id":152235,"date":"2022-03-07T17:16:02","date_gmt":"2022-03-07T16:16:02","guid":{"rendered":"https:\/\/ekkla.ch\/produit\/aplo-leuchte-h-24-anthrazit-fermob-3\/"},"modified":"2023-10-01T23:31:58","modified_gmt":"2023-10-01T21:31:58","slug":"aplo-leuchte-h-24-ockerrot-fermob","status":"publish","type":"product","link":"https:\/\/ekkla.ch\/de\/produit\/aplo-leuchte-h-24-ockerrot-fermob\/","title":{"rendered":"Kabellose Leuchte Apl\u00f4 &#8211; H.24 &#8211; Ockerrot &#8211; Fermob"},"content":{"rendered":"<p>Mit der neuen Apl\u00f4-Kollektion hat Fermob einmal mehr die Welt der Beleuchtung revolutioniert. Diese Serie von Nomadenleuchten ist ein echter Geniestreich, denn sie besteht aus einer Tischleuchte und mehreren Accessoires, die sich sehr schnell verwandeln lassen. Tisch-, Wand-, Taschen- oder H\u00e4ngeleuchte: Apl\u00f4 kann alles und l\u00e4sst sich einfach und intuitiv verwandeln.<\/p>\n<p>\u201cDie Idee einer guten Idee\u201d: ein Konzept von Tristan Lohner, dem Designer der ber\u00fchmten Balad-Lampe. Die Form einer Gl\u00fchbirne, die an das Ideogramm einer guten Idee erinnert.<\/p>\n<p>Mit ihrer langen Leuchtdauer von 7 bis 15 Stunden wird die H24 Apl\u00f4 Lampe Sie bis zum Ende der Nacht begleiten.<\/p>\n<p>Hinter den weichen Linien, dem schlichten und farbigen Design und den robusten Materialien steckt ein LED-Licht mit 70 Lumen, das sich in zwei Intensit\u00e4ten (50-100%) und zwei Lichttemperaturen (kaltweiss [6000\u00b0K] und warmweiss [3000\u00b0K]) einstellen l\u00e4sst.<\/p>\n<p>Accessoires sind nicht enthalten.<\/p>\n<h2>\u00a0 \u00a0 \u00a0 Merkmale &amp; Eigenschaften<\/h2>\n<p><strong>\u00a0 \u00a0 \u00a0 \u00a0 \u00a0Marke\u00a0<\/strong>Fermob<\/p>\n<p><strong>\u00a0 \u00a0 \u00a0 \u00a0 \u00a0Farbe <\/strong>Ockerrot<\/p>\n<p><strong>\u00a0 \u00a0 \u00a0 \u00a0 \u00a0Materialien\u00a0<\/strong>Aluminium und Poly\u00e4thylen<\/p>\n<p><strong>\u00a0 \u00a0 \u00a0 \u00a0 \u00a0Lichtstrom (lm)<\/strong>\u00a070<\/p>\n<p><strong>\u00a0 \u00a0 \u00a0 \u00a0 \u00a0Technologie<\/strong>\u00a0LED 0.5W<\/p>\n<p><strong>\u00a0 \u00a0 \u00a0 \u00a0 \u00a0Leuchtdauer<\/strong> 7 bis 15 Stunden<\/p>\n<p><strong>\u00a0 \u00a0 \u00a0 \u00a0 \u00a0Ladung\u00a0<\/strong>USB-Kabel (inbegriffen)<\/p>\n<p><strong>\u00a0 \u00a0 \u00a0 \u00a0 \u00a0H\u00f6he (cm)\u00a0<\/strong>24,5<\/p>\n<p><strong>\u00a0 \u00a0 \u00a0 \u00a0 \u00a0Breite (cm)\u00a0<\/strong>11,5<\/p>\n<p><strong>\u00a0 \u00a0 \u00a0 \u00a0 \u00a0L\u00e4nge (cm)\u00a0<\/strong>11,5<\/p>\n<p><strong>\u00a0 \u00a0 \u00a0 \u00a0 \u00a0Gewicht (kg)\u00a0<\/strong>0,37<\/p>\n","protected":false},"excerpt":{"rendered":"<p>Mit der neuen Apl\u00f4-Kollektion hat Fermob einmal mehr die Welt der Beleuchtung revolutioniert. Diese Serie von Nomadenleuchten ist ein echter Geniestreich, denn sie besteht aus einer Tischleuchte und mehreren Accessoires, die sich sehr schnell verwandeln lassen. Tisch-, Wand-, Taschen- oder H\u00e4ngeleuchte: Apl\u00f4 kann alles und l\u00e4sst sich einfach und intuitiv verwandeln. \u201cDie Idee einer guten [&hellip;]<\/p>\n","protected":false},"featured_media":152069,"template":"","meta":{"_acf_changed":false,"om_disable_all_campaigns":false},"product_cat":[290],"product_tag":[1242,760,818,900,1188,1265,1072,1022,1203,872,883,403,920,1209,1092,730],"bundled_by":[],"bundle_stock_status":"instock","bundle_stock_quantity":15,"bundle_virtual":false,"bundle_layout":"","bundle_add_to_cart_form_location":"","bundle_editable_in_cart":false,"bundle_sold_individually_context":"","bundle_item_grouping":"","bundle_min_size":"","bundle_max_size":"","bundle_price":[],"bundled_items":[],"bundle_sell_ids":[],"acf":[],"yoast_head":"<!-- This site is optimized with the Yoast SEO Premium plugin v22.2 (Yoast SEO v22.8) - https:\/\/yoast.com\/wordpress\/plugins\/seo\/ -->\n<title>Fermob | Apl\u00f4 Leuchte H.24 Ockerrot | Outdoor-Leuchte | Ekkla<\/title>\n<meta name=\"description\" content=\"Sie ist mehr als eine bewegliche Lampe, sie ist ein echtes Beleuchtungskonzept. Sie bietet eine Vielzahl von Beleuchtungsm\u00f6glichkeiten: Tisch-, Wand- oder H\u00e4ngeleuchte.\" \/>\n<meta name=\"robots\" content=\"index, follow, max-snippet:-1, max-image-preview:large, max-video-preview:-1\" \/>\n<link rel=\"canonical\" href=\"https:\/\/ekkla.ch\/de\/produit\/aplo-leuchte-h-24-ockerrot-fermob\/\" \/>\n<meta property=\"og:locale\" content=\"de_DE\" \/>\n<meta property=\"og:type\" content=\"article\" \/>\n<meta property=\"og:title\" content=\"Kabellose Leuchte Apl\u00f4 - H.24 - Ockerrot - Fermob\" \/>\n<meta property=\"og:description\" content=\"Sie ist mehr als eine bewegliche Lampe, sie ist ein echtes Beleuchtungskonzept. Sie bietet eine Vielzahl von Beleuchtungsm\u00f6glichkeiten: Tisch-, Wand- oder H\u00e4ngeleuchte.\" \/>\n<meta property=\"og:url\" content=\"https:\/\/ekkla.ch\/de\/produit\/aplo-leuchte-h-24-ockerrot-fermob\/\" \/>\n<meta property=\"og:site_name\" content=\"Ekkla\" \/>\n<meta property=\"article:modified_time\" content=\"2023-10-01T21:31:58+00:00\" \/>\n<meta property=\"og:image\" content=\"https:\/\/ekkla.ch\/wp-content\/uploads\/2022\/03\/Aplo-h.24_Ocre_image-produit.jpg\" \/>\n\t<meta property=\"og:image:width\" content=\"900\" \/>\n\t<meta property=\"og:image:height\" content=\"900\" \/>\n\t<meta property=\"og:image:type\" content=\"image\/jpeg\" \/>\n<meta name=\"twitter:card\" content=\"summary_large_image\" \/>\n<meta name=\"twitter:label1\" content=\"Gesch\u00e4tzte Lesezeit\" \/>\n\t<meta name=\"twitter:data1\" content=\"1\u00a0Minute\" \/>\n<script type=\"application\/ld+json\" class=\"yoast-schema-graph\">{\"@context\":\"https:\/\/schema.org\",\"@graph\":[{\"@type\":\"WebPage\",\"@id\":\"https:\/\/ekkla.ch\/de\/produit\/aplo-leuchte-h-24-ockerrot-fermob\/\",\"url\":\"https:\/\/ekkla.ch\/de\/produit\/aplo-leuchte-h-24-ockerrot-fermob\/\",\"name\":\"Fermob | Apl\u00f4 Leuchte H.24 Ockerrot | Outdoor-Leuchte | Ekkla\",\"isPartOf\":{\"@id\":\"https:\/\/ekkla.ch\/#website\"},\"primaryImageOfPage\":{\"@id\":\"https:\/\/ekkla.ch\/de\/produit\/aplo-leuchte-h-24-ockerrot-fermob\/#primaryimage\"},\"image\":{\"@id\":\"https:\/\/ekkla.ch\/de\/produit\/aplo-leuchte-h-24-ockerrot-fermob\/#primaryimage\"},\"thumbnailUrl\":\"https:\/\/ekkla.ch\/wp-content\/uploads\/2022\/03\/Aplo-h.24_Ocre_image-produit.jpg\",\"datePublished\":\"2022-03-07T16:16:02+00:00\",\"dateModified\":\"2023-10-01T21:31:58+00:00\",\"description\":\"Sie ist mehr als eine bewegliche Lampe, sie ist ein echtes Beleuchtungskonzept. Sie bietet eine Vielzahl von Beleuchtungsm\u00f6glichkeiten: Tisch-, Wand- oder H\u00e4ngeleuchte.\",\"breadcrumb\":{\"@id\":\"https:\/\/ekkla.ch\/de\/produit\/aplo-leuchte-h-24-ockerrot-fermob\/#breadcrumb\"},\"inLanguage\":\"de\",\"potentialAction\":[{\"@type\":\"ReadAction\",\"target\":[\"https:\/\/ekkla.ch\/de\/produit\/aplo-leuchte-h-24-ockerrot-fermob\/\"]}]},{\"@type\":\"ImageObject\",\"inLanguage\":\"de\",\"@id\":\"https:\/\/ekkla.ch\/de\/produit\/aplo-leuchte-h-24-ockerrot-fermob\/#primaryimage\",\"url\":\"https:\/\/ekkla.ch\/wp-content\/uploads\/2022\/03\/Aplo-h.24_Ocre_image-produit.jpg\",\"contentUrl\":\"https:\/\/ekkla.ch\/wp-content\/uploads\/2022\/03\/Aplo-h.24_Ocre_image-produit.jpg\",\"width\":900,\"height\":900},{\"@type\":\"BreadcrumbList\",\"@id\":\"https:\/\/ekkla.ch\/de\/produit\/aplo-leuchte-h-24-ockerrot-fermob\/#breadcrumb\",\"itemListElement\":[{\"@type\":\"ListItem\",\"position\":1,\"name\":\"Home\",\"item\":\"https:\/\/ekkla.ch\/de\/\"},{\"@type\":\"ListItem\",\"position\":2,\"name\":\"Shop\",\"item\":\"https:\/\/ekkla.ch\/de\/shop\/\"},{\"@type\":\"ListItem\",\"position\":3,\"name\":\"Kabellose Leuchte Apl\u00f4 &#8211; H.24 &#8211; Ockerrot &#8211; Fermob\"}]},{\"@type\":\"WebSite\",\"@id\":\"https:\/\/ekkla.ch\/#website\",\"url\":\"https:\/\/ekkla.ch\/\",\"name\":\"Ekkla\",\"description\":\"Der Onlineshop f\u00fcr Beleuchtung\",\"publisher\":{\"@id\":\"https:\/\/ekkla.ch\/#organization\"},\"potentialAction\":[{\"@type\":\"SearchAction\",\"target\":{\"@type\":\"EntryPoint\",\"urlTemplate\":\"https:\/\/ekkla.ch\/?s={search_term_string}\"},\"query-input\":\"required name=search_term_string\"}],\"inLanguage\":\"de\"},{\"@type\":\"Organization\",\"@id\":\"https:\/\/ekkla.ch\/#organization\",\"name\":\"Ekkla\",\"url\":\"https:\/\/ekkla.ch\/\",\"logo\":{\"@type\":\"ImageObject\",\"inLanguage\":\"de\",\"@id\":\"https:\/\/ekkla.ch\/#\/schema\/logo\/image\/\",\"url\":\"http:\/\/ekkla.ch\/wp-content\/uploads\/2019\/07\/logo-1.svg\",\"contentUrl\":\"http:\/\/ekkla.ch\/wp-content\/uploads\/2019\/07\/logo-1.svg\",\"width\":1,\"height\":1,\"caption\":\"Ekkla\"},\"image\":{\"@id\":\"https:\/\/ekkla.ch\/#\/schema\/logo\/image\/\"},\"sameAs\":[\"https:\/\/www.instagram.com\/ekkla_light\/\"]}]}<\/script>\n<!-- \/ Yoast SEO Premium plugin. -->","yoast_head_json":{"title":"Fermob | Apl\u00f4 Leuchte H.24 Ockerrot | Outdoor-Leuchte | Ekkla","description":"Sie ist mehr als eine bewegliche Lampe, sie ist ein echtes Beleuchtungskonzept. Sie bietet eine Vielzahl von Beleuchtungsm\u00f6glichkeiten: Tisch-, Wand- oder H\u00e4ngeleuchte.","robots":{"index":"index","follow":"follow","max-snippet":"max-snippet:-1","max-image-preview":"max-image-preview:large","max-video-preview":"max-video-preview:-1"},"canonical":"https:\/\/ekkla.ch\/de\/produit\/aplo-leuchte-h-24-ockerrot-fermob\/","og_locale":"de_DE","og_type":"article","og_title":"Kabellose Leuchte Apl\u00f4 - H.24 - Ockerrot - Fermob","og_description":"Sie ist mehr als eine bewegliche Lampe, sie ist ein echtes Beleuchtungskonzept. Sie bietet eine Vielzahl von Beleuchtungsm\u00f6glichkeiten: Tisch-, Wand- oder H\u00e4ngeleuchte.","og_url":"https:\/\/ekkla.ch\/de\/produit\/aplo-leuchte-h-24-ockerrot-fermob\/","og_site_name":"Ekkla","article_modified_time":"2023-10-01T21:31:58+00:00","og_image":[{"width":900,"height":900,"url":"https:\/\/ekkla.ch\/wp-content\/uploads\/2022\/03\/Aplo-h.24_Ocre_image-produit.jpg","type":"image\/jpeg"}],"twitter_card":"summary_large_image","twitter_misc":{"Gesch\u00e4tzte Lesezeit":"1\u00a0Minute"},"schema":{"@context":"https:\/\/schema.org","@graph":[{"@type":"WebPage","@id":"https:\/\/ekkla.ch\/de\/produit\/aplo-leuchte-h-24-ockerrot-fermob\/","url":"https:\/\/ekkla.ch\/de\/produit\/aplo-leuchte-h-24-ockerrot-fermob\/","name":"Fermob | Apl\u00f4 Leuchte H.24 Ockerrot | Outdoor-Leuchte | Ekkla","isPartOf":{"@id":"https:\/\/ekkla.ch\/#website"},"primaryImageOfPage":{"@id":"https:\/\/ekkla.ch\/de\/produit\/aplo-leuchte-h-24-ockerrot-fermob\/#primaryimage"},"image":{"@id":"https:\/\/ekkla.ch\/de\/produit\/aplo-leuchte-h-24-ockerrot-fermob\/#primaryimage"},"thumbnailUrl":"https:\/\/ekkla.ch\/wp-content\/uploads\/2022\/03\/Aplo-h.24_Ocre_image-produit.jpg","datePublished":"2022-03-07T16:16:02+00:00","dateModified":"2023-10-01T21:31:58+00:00","description":"Sie ist mehr als eine bewegliche Lampe, sie ist ein echtes Beleuchtungskonzept. Sie bietet eine Vielzahl von Beleuchtungsm\u00f6glichkeiten: Tisch-, Wand- oder H\u00e4ngeleuchte.","breadcrumb":{"@id":"https:\/\/ekkla.ch\/de\/produit\/aplo-leuchte-h-24-ockerrot-fermob\/#breadcrumb"},"inLanguage":"de","potentialAction":[{"@type":"ReadAction","target":["https:\/\/ekkla.ch\/de\/produit\/aplo-leuchte-h-24-ockerrot-fermob\/"]}]},{"@type":"ImageObject","inLanguage":"de","@id":"https:\/\/ekkla.ch\/de\/produit\/aplo-leuchte-h-24-ockerrot-fermob\/#primaryimage","url":"https:\/\/ekkla.ch\/wp-content\/uploads\/2022\/03\/Aplo-h.24_Ocre_image-produit.jpg","contentUrl":"https:\/\/ekkla.ch\/wp-content\/uploads\/2022\/03\/Aplo-h.24_Ocre_image-produit.jpg","width":900,"height":900},{"@type":"BreadcrumbList","@id":"https:\/\/ekkla.ch\/de\/produit\/aplo-leuchte-h-24-ockerrot-fermob\/#breadcrumb","itemListElement":[{"@type":"ListItem","position":1,"name":"Home","item":"https:\/\/ekkla.ch\/de\/"},{"@type":"ListItem","position":2,"name":"Shop","item":"https:\/\/ekkla.ch\/de\/shop\/"},{"@type":"ListItem","position":3,"name":"Kabellose Leuchte Apl\u00f4 &#8211; H.24 &#8211; Ockerrot &#8211; Fermob"}]},{"@type":"WebSite","@id":"https:\/\/ekkla.ch\/#website","url":"https:\/\/ekkla.ch\/","name":"Ekkla","description":"Der Onlineshop f\u00fcr Beleuchtung","publisher":{"@id":"https:\/\/ekkla.ch\/#organization"},"potentialAction":[{"@type":"SearchAction","target":{"@type":"EntryPoint","urlTemplate":"https:\/\/ekkla.ch\/?s={search_term_string}"},"query-input":"required name=search_term_string"}],"inLanguage":"de"},{"@type":"Organization","@id":"https:\/\/ekkla.ch\/#organization","name":"Ekkla","url":"https:\/\/ekkla.ch\/","logo":{"@type":"ImageObject","inLanguage":"de","@id":"https:\/\/ekkla.ch\/#\/schema\/logo\/image\/","url":"http:\/\/ekkla.ch\/wp-content\/uploads\/2019\/07\/logo-1.svg","contentUrl":"http:\/\/ekkla.ch\/wp-content\/uploads\/2019\/07\/logo-1.svg","width":1,"height":1,"caption":"Ekkla"},"image":{"@id":"https:\/\/ekkla.ch\/#\/schema\/logo\/image\/"},"sameAs":["https:\/\/www.instagram.com\/ekkla_light\/"]}]}},"_links":{"self":[{"href":"https:\/\/ekkla.ch\/de\/wp-json\/wp\/v2\/product\/152235"}],"collection":[{"href":"https:\/\/ekkla.ch\/de\/wp-json\/wp\/v2\/product"}],"about":[{"href":"https:\/\/ekkla.ch\/de\/wp-json\/wp\/v2\/types\/product"}],"wp:featuredmedia":[{"embeddable":true,"href":"https:\/\/ekkla.ch\/de\/wp-json\/wp\/v2\/media\/152069"}],"wp:attachment":[{"href":"https:\/\/ekkla.ch\/de\/wp-json\/wp\/v2\/media?parent=152235"}],"wp:term":[{"taxonomy":"product_cat","embeddable":true,"href":"https:\/\/ekkla.ch\/de\/wp-json\/wp\/v2\/product_cat?post=152235"},{"taxonomy":"product_tag","embeddable":true,"href":"https:\/\/ekkla.ch\/de\/wp-json\/wp\/v2\/product_tag?post=152235"}],"curies":[{"name":"wp","href":"https:\/\/api.w.org\/{rel}","templated":true}]}}