{"id":152373,"date":"2022-02-02T13:24:37","date_gmt":"2022-02-02T12:24:37","guid":{"rendered":"https:\/\/ekkla.ch\/produit\/deckenleuchte-kalimantan-s-good-mojo\/"},"modified":"2023-02-27T00:00:04","modified_gmt":"2023-02-26T23:00:04","slug":"deckenleuchte-kalimantan-s-good-mojo","status":"publish","type":"product","link":"https:\/\/ekkla.ch\/de\/produit\/deckenleuchte-kalimantan-s-good-mojo\/","title":{"rendered":"Deckenleuchte Kalimantan S &#8211; Bambus &#8211; \u00d840 &#8211; Good &#038; Mojo"},"content":{"rendered":"<p>Diese Bambus-Deckenleuchte aus der Good &amp; Mojo-Kollektion zeichnet sich durch ihr luftiges Design aus und verleiht Ihrem Zuhause einen nat\u00fcrlichen und raffinierten Touch. Sie ist vollst\u00e4ndig von Hand aus einer Mischung aus nat\u00fcrlichem und schwarzem Bambus geflochten und verleiht Ihrer Einrichtung Eleganz. Sie passt perfekt in ein Wohnzimmer, ein Schlafzimmer oder den Eingangsbereich. Ein Bohemian-Stil f\u00fcr diese Deckenleuchte, die nat\u00fcrliches Material und zeitgen\u00f6ssisches Design gekonnt miteinander verbindet, in einem aktuellen Ethno-Chic-Look. Die Gl\u00fchbirne ist nicht inbegriffen.<\/p>\n<p>Die Marke Good &amp; Mojo umfasst \u00f6kologisch verantwortungsvolle Leuchten, die ausschliesslich aus nachhaltigen und\/oder recycelten Materialien bestehen. Die meisten dieser Leuchten werden von den Handwerkern einer Gemeinschaft in einem kleinen vietnamesischen Dorf handgefertigt.\u00a0F\u00fcr jede verkaufte Lampe der Good &amp; Mojo-Kollektion werden 5% an die <a href=\"https:\/\/waka-waka.com\/de\/\">WakaWaka<\/a>-Stiftung gespendet, die Solarbeleuchtungsl\u00f6sungen f\u00fcr bed\u00fcrftige Bev\u00f6lkerungsgruppen bereitstellt.<\/p>\n<h2 style=\"text-align: left;\">\u00a0 \u00a0 \u00a0 Merkmale &amp; Eigenschaften<\/h2>\n<p style=\"text-align: left;\"><strong>\u00a0 \u00a0 \u00a0 \u00a0 \u00a0Marke<\/strong> Good &amp; Mojo<\/p>\n<p style=\"text-align: left;\"><strong>\u00a0 \u00a0 \u00a0 \u00a0 \u00a0 Farben<\/strong> Naturholz und Schwarz<\/p>\n<p style=\"text-align: left;\"><strong>\u00a0 \u00a0 \u00a0 \u00a0 \u00a0 Materialien\u00a0<\/strong>Bambus und Metall<\/p>\n<p style=\"text-align: left;\"><strong>\u00a0 \u00a0 \u00a0 \u00a0 \u00a0 Gl\u00fchbirne\u00a0<\/strong>E27<\/p>\n<p style=\"text-align: left;\"><strong>\u00a0 \u00a0 \u00a0 \u00a0 \u00a0 Max. Leistung \u00a0(W)<\/strong> 60<\/p>\n<p style=\"text-align: left;\"><strong>\u00a0 \u00a0 \u00a0 \u00a0 \u00a0 Breite (cm)<\/strong> 12<\/p>\n<p style=\"text-align: left;\"><strong>\u00a0 \u00a0 \u00a0 \u00a0 \u00a0 Durchmesser (cm)<\/strong>\u00a040<\/p>\n","protected":false},"excerpt":{"rendered":"<p>Diese Bambus-Deckenleuchte aus der Good &amp; Mojo-Kollektion zeichnet sich durch ihr luftiges Design aus und verleiht Ihrem Zuhause einen nat\u00fcrlichen und raffinierten Touch. Sie ist vollst\u00e4ndig von Hand aus einer Mischung aus nat\u00fcrlichem und schwarzem Bambus geflochten und verleiht Ihrer Einrichtung Eleganz. Sie passt perfekt in ein Wohnzimmer, ein Schlafzimmer oder den Eingangsbereich. Ein Bohemian-Stil [&hellip;]<\/p>\n","protected":false},"featured_media":152362,"template":"","meta":{"_acf_changed":false,"om_disable_all_campaigns":false},"product_cat":[561,291],"product_tag":[1258,898,554,1188,816,704,603],"bundled_by":[],"bundle_stock_status":"onbackorder","bundle_stock_quantity":0,"bundle_virtual":false,"bundle_layout":"","bundle_add_to_cart_form_location":"","bundle_editable_in_cart":false,"bundle_sold_individually_context":"","bundle_item_grouping":"","bundle_min_size":"","bundle_max_size":"","bundle_price":[],"bundled_items":[],"bundle_sell_ids":[],"acf":[],"yoast_head":"<!-- This site is optimized with the Yoast SEO Premium plugin v22.2 (Yoast SEO v22.8) - https:\/\/yoast.com\/wordpress\/plugins\/seo\/ -->\n<title>Good &amp; Mojo | Deckenleuchte Kalimantan S | Eco-friendly | Ekkla<\/title>\n<meta name=\"description\" content=\"Eine handgeflochtene Bambus-Deckenleuchte, f\u00fcr einen nat\u00fcrlichen und eleganten Look in Ihrem Zuhause. Ideal f\u00fcr das Ess- oder Schlafzimmer.\" \/>\n<meta name=\"robots\" content=\"index, follow, max-snippet:-1, max-image-preview:large, max-video-preview:-1\" \/>\n<link rel=\"canonical\" href=\"https:\/\/ekkla.ch\/de\/produit\/deckenleuchte-kalimantan-s-good-mojo\/\" \/>\n<meta property=\"og:locale\" content=\"de_DE\" \/>\n<meta property=\"og:type\" content=\"article\" \/>\n<meta property=\"og:title\" content=\"Deckenleuchte Kalimantan S - Bambus - \u00d840 - Good &amp; Mojo\" \/>\n<meta property=\"og:description\" content=\"Eine handgeflochtene Bambus-Deckenleuchte, f\u00fcr einen nat\u00fcrlichen und eleganten Look in Ihrem Zuhause. Ideal f\u00fcr das Ess- oder Schlafzimmer.\" \/>\n<meta property=\"og:url\" content=\"https:\/\/ekkla.ch\/de\/produit\/deckenleuchte-kalimantan-s-good-mojo\/\" \/>\n<meta property=\"og:site_name\" content=\"Ekkla\" \/>\n<meta property=\"article:modified_time\" content=\"2023-02-26T23:00:04+00:00\" \/>\n<meta property=\"og:image\" content=\"https:\/\/ekkla.ch\/wp-content\/uploads\/2022\/02\/Plafonnier_Kalimantan-S_GoodMojo1.jpg\" \/>\n\t<meta property=\"og:image:width\" content=\"900\" \/>\n\t<meta property=\"og:image:height\" content=\"900\" \/>\n\t<meta property=\"og:image:type\" content=\"image\/jpeg\" \/>\n<meta name=\"twitter:card\" content=\"summary_large_image\" \/>\n<meta name=\"twitter:label1\" content=\"Gesch\u00e4tzte Lesezeit\" \/>\n\t<meta name=\"twitter:data1\" content=\"1\u00a0Minute\" \/>\n<script type=\"application\/ld+json\" class=\"yoast-schema-graph\">{\"@context\":\"https:\/\/schema.org\",\"@graph\":[{\"@type\":\"WebPage\",\"@id\":\"https:\/\/ekkla.ch\/de\/produit\/deckenleuchte-kalimantan-s-good-mojo\/\",\"url\":\"https:\/\/ekkla.ch\/de\/produit\/deckenleuchte-kalimantan-s-good-mojo\/\",\"name\":\"Good & Mojo | Deckenleuchte Kalimantan S | Eco-friendly | Ekkla\",\"isPartOf\":{\"@id\":\"https:\/\/ekkla.ch\/#website\"},\"primaryImageOfPage\":{\"@id\":\"https:\/\/ekkla.ch\/de\/produit\/deckenleuchte-kalimantan-s-good-mojo\/#primaryimage\"},\"image\":{\"@id\":\"https:\/\/ekkla.ch\/de\/produit\/deckenleuchte-kalimantan-s-good-mojo\/#primaryimage\"},\"thumbnailUrl\":\"https:\/\/ekkla.ch\/wp-content\/uploads\/2022\/02\/Plafonnier_Kalimantan-S_GoodMojo1.jpg\",\"datePublished\":\"2022-02-02T12:24:37+00:00\",\"dateModified\":\"2023-02-26T23:00:04+00:00\",\"description\":\"Eine handgeflochtene Bambus-Deckenleuchte, f\u00fcr einen nat\u00fcrlichen und eleganten Look in Ihrem Zuhause. Ideal f\u00fcr das Ess- oder Schlafzimmer.\",\"breadcrumb\":{\"@id\":\"https:\/\/ekkla.ch\/de\/produit\/deckenleuchte-kalimantan-s-good-mojo\/#breadcrumb\"},\"inLanguage\":\"de\",\"potentialAction\":[{\"@type\":\"ReadAction\",\"target\":[\"https:\/\/ekkla.ch\/de\/produit\/deckenleuchte-kalimantan-s-good-mojo\/\"]}]},{\"@type\":\"ImageObject\",\"inLanguage\":\"de\",\"@id\":\"https:\/\/ekkla.ch\/de\/produit\/deckenleuchte-kalimantan-s-good-mojo\/#primaryimage\",\"url\":\"https:\/\/ekkla.ch\/wp-content\/uploads\/2022\/02\/Plafonnier_Kalimantan-S_GoodMojo1.jpg\",\"contentUrl\":\"https:\/\/ekkla.ch\/wp-content\/uploads\/2022\/02\/Plafonnier_Kalimantan-S_GoodMojo1.jpg\",\"width\":900,\"height\":900},{\"@type\":\"BreadcrumbList\",\"@id\":\"https:\/\/ekkla.ch\/de\/produit\/deckenleuchte-kalimantan-s-good-mojo\/#breadcrumb\",\"itemListElement\":[{\"@type\":\"ListItem\",\"position\":1,\"name\":\"Home\",\"item\":\"https:\/\/ekkla.ch\/de\/\"},{\"@type\":\"ListItem\",\"position\":2,\"name\":\"Shop\",\"item\":\"https:\/\/ekkla.ch\/de\/shop\/\"},{\"@type\":\"ListItem\",\"position\":3,\"name\":\"Deckenleuchte Kalimantan S &#8211; Bambus &#8211; \u00d840 &#8211; Good &#038; Mojo\"}]},{\"@type\":\"WebSite\",\"@id\":\"https:\/\/ekkla.ch\/#website\",\"url\":\"https:\/\/ekkla.ch\/\",\"name\":\"Ekkla\",\"description\":\"Der Onlineshop f\u00fcr Beleuchtung\",\"publisher\":{\"@id\":\"https:\/\/ekkla.ch\/#organization\"},\"potentialAction\":[{\"@type\":\"SearchAction\",\"target\":{\"@type\":\"EntryPoint\",\"urlTemplate\":\"https:\/\/ekkla.ch\/?s={search_term_string}\"},\"query-input\":\"required name=search_term_string\"}],\"inLanguage\":\"de\"},{\"@type\":\"Organization\",\"@id\":\"https:\/\/ekkla.ch\/#organization\",\"name\":\"Ekkla\",\"url\":\"https:\/\/ekkla.ch\/\",\"logo\":{\"@type\":\"ImageObject\",\"inLanguage\":\"de\",\"@id\":\"https:\/\/ekkla.ch\/#\/schema\/logo\/image\/\",\"url\":\"http:\/\/ekkla.ch\/wp-content\/uploads\/2019\/07\/logo-1.svg\",\"contentUrl\":\"http:\/\/ekkla.ch\/wp-content\/uploads\/2019\/07\/logo-1.svg\",\"width\":1,\"height\":1,\"caption\":\"Ekkla\"},\"image\":{\"@id\":\"https:\/\/ekkla.ch\/#\/schema\/logo\/image\/\"},\"sameAs\":[\"https:\/\/www.instagram.com\/ekkla_light\/\"]}]}<\/script>\n<!-- \/ Yoast SEO Premium plugin. -->","yoast_head_json":{"title":"Good & Mojo | Deckenleuchte Kalimantan S | Eco-friendly | Ekkla","description":"Eine handgeflochtene Bambus-Deckenleuchte, f\u00fcr einen nat\u00fcrlichen und eleganten Look in Ihrem Zuhause. Ideal f\u00fcr das Ess- oder Schlafzimmer.","robots":{"index":"index","follow":"follow","max-snippet":"max-snippet:-1","max-image-preview":"max-image-preview:large","max-video-preview":"max-video-preview:-1"},"canonical":"https:\/\/ekkla.ch\/de\/produit\/deckenleuchte-kalimantan-s-good-mojo\/","og_locale":"de_DE","og_type":"article","og_title":"Deckenleuchte Kalimantan S - Bambus - \u00d840 - Good & Mojo","og_description":"Eine handgeflochtene Bambus-Deckenleuchte, f\u00fcr einen nat\u00fcrlichen und eleganten Look in Ihrem Zuhause. Ideal f\u00fcr das Ess- oder Schlafzimmer.","og_url":"https:\/\/ekkla.ch\/de\/produit\/deckenleuchte-kalimantan-s-good-mojo\/","og_site_name":"Ekkla","article_modified_time":"2023-02-26T23:00:04+00:00","og_image":[{"width":900,"height":900,"url":"https:\/\/ekkla.ch\/wp-content\/uploads\/2022\/02\/Plafonnier_Kalimantan-S_GoodMojo1.jpg","type":"image\/jpeg"}],"twitter_card":"summary_large_image","twitter_misc":{"Gesch\u00e4tzte Lesezeit":"1\u00a0Minute"},"schema":{"@context":"https:\/\/schema.org","@graph":[{"@type":"WebPage","@id":"https:\/\/ekkla.ch\/de\/produit\/deckenleuchte-kalimantan-s-good-mojo\/","url":"https:\/\/ekkla.ch\/de\/produit\/deckenleuchte-kalimantan-s-good-mojo\/","name":"Good & Mojo | Deckenleuchte Kalimantan S | Eco-friendly | Ekkla","isPartOf":{"@id":"https:\/\/ekkla.ch\/#website"},"primaryImageOfPage":{"@id":"https:\/\/ekkla.ch\/de\/produit\/deckenleuchte-kalimantan-s-good-mojo\/#primaryimage"},"image":{"@id":"https:\/\/ekkla.ch\/de\/produit\/deckenleuchte-kalimantan-s-good-mojo\/#primaryimage"},"thumbnailUrl":"https:\/\/ekkla.ch\/wp-content\/uploads\/2022\/02\/Plafonnier_Kalimantan-S_GoodMojo1.jpg","datePublished":"2022-02-02T12:24:37+00:00","dateModified":"2023-02-26T23:00:04+00:00","description":"Eine handgeflochtene Bambus-Deckenleuchte, f\u00fcr einen nat\u00fcrlichen und eleganten Look in Ihrem Zuhause. Ideal f\u00fcr das Ess- oder Schlafzimmer.","breadcrumb":{"@id":"https:\/\/ekkla.ch\/de\/produit\/deckenleuchte-kalimantan-s-good-mojo\/#breadcrumb"},"inLanguage":"de","potentialAction":[{"@type":"ReadAction","target":["https:\/\/ekkla.ch\/de\/produit\/deckenleuchte-kalimantan-s-good-mojo\/"]}]},{"@type":"ImageObject","inLanguage":"de","@id":"https:\/\/ekkla.ch\/de\/produit\/deckenleuchte-kalimantan-s-good-mojo\/#primaryimage","url":"https:\/\/ekkla.ch\/wp-content\/uploads\/2022\/02\/Plafonnier_Kalimantan-S_GoodMojo1.jpg","contentUrl":"https:\/\/ekkla.ch\/wp-content\/uploads\/2022\/02\/Plafonnier_Kalimantan-S_GoodMojo1.jpg","width":900,"height":900},{"@type":"BreadcrumbList","@id":"https:\/\/ekkla.ch\/de\/produit\/deckenleuchte-kalimantan-s-good-mojo\/#breadcrumb","itemListElement":[{"@type":"ListItem","position":1,"name":"Home","item":"https:\/\/ekkla.ch\/de\/"},{"@type":"ListItem","position":2,"name":"Shop","item":"https:\/\/ekkla.ch\/de\/shop\/"},{"@type":"ListItem","position":3,"name":"Deckenleuchte Kalimantan S &#8211; Bambus &#8211; \u00d840 &#8211; Good &#038; Mojo"}]},{"@type":"WebSite","@id":"https:\/\/ekkla.ch\/#website","url":"https:\/\/ekkla.ch\/","name":"Ekkla","description":"Der Onlineshop f\u00fcr Beleuchtung","publisher":{"@id":"https:\/\/ekkla.ch\/#organization"},"potentialAction":[{"@type":"SearchAction","target":{"@type":"EntryPoint","urlTemplate":"https:\/\/ekkla.ch\/?s={search_term_string}"},"query-input":"required name=search_term_string"}],"inLanguage":"de"},{"@type":"Organization","@id":"https:\/\/ekkla.ch\/#organization","name":"Ekkla","url":"https:\/\/ekkla.ch\/","logo":{"@type":"ImageObject","inLanguage":"de","@id":"https:\/\/ekkla.ch\/#\/schema\/logo\/image\/","url":"http:\/\/ekkla.ch\/wp-content\/uploads\/2019\/07\/logo-1.svg","contentUrl":"http:\/\/ekkla.ch\/wp-content\/uploads\/2019\/07\/logo-1.svg","width":1,"height":1,"caption":"Ekkla"},"image":{"@id":"https:\/\/ekkla.ch\/#\/schema\/logo\/image\/"},"sameAs":["https:\/\/www.instagram.com\/ekkla_light\/"]}]}},"_links":{"self":[{"href":"https:\/\/ekkla.ch\/de\/wp-json\/wp\/v2\/product\/152373"}],"collection":[{"href":"https:\/\/ekkla.ch\/de\/wp-json\/wp\/v2\/product"}],"about":[{"href":"https:\/\/ekkla.ch\/de\/wp-json\/wp\/v2\/types\/product"}],"wp:featuredmedia":[{"embeddable":true,"href":"https:\/\/ekkla.ch\/de\/wp-json\/wp\/v2\/media\/152362"}],"wp:attachment":[{"href":"https:\/\/ekkla.ch\/de\/wp-json\/wp\/v2\/media?parent=152373"}],"wp:term":[{"taxonomy":"product_cat","embeddable":true,"href":"https:\/\/ekkla.ch\/de\/wp-json\/wp\/v2\/product_cat?post=152373"},{"taxonomy":"product_tag","embeddable":true,"href":"https:\/\/ekkla.ch\/de\/wp-json\/wp\/v2\/product_tag?post=152373"}],"curies":[{"name":"wp","href":"https:\/\/api.w.org\/{rel}","templated":true}]}}