{"id":153093,"date":"2022-04-05T11:16:04","date_gmt":"2022-04-05T09:16:04","guid":{"rendered":"https:\/\/ekkla.ch\/?post_type=product&#038;p=153093"},"modified":"2024-11-29T09:38:41","modified_gmt":"2024-11-29T08:38:41","slug":"lampenschirm-bidar-weiss-s-reispapier-house-doctor-copie__trashed","status":"publish","type":"product","link":"https:\/\/ekkla.ch\/de\/produit\/lampenschirm-bidar-weiss-s-reispapier-house-doctor-copie__trashed\/","title":{"rendered":"Lampenschirm Bidar Weiss S &#8211; Reispapier &#8211; House Doctor"},"content":{"rendered":"<p>Der Bidar-Lampenschirm von House Doctor gibt durch sein Reispapier ein weiches, nat\u00fcrliches Licht ab. Dank ihrer dezenten und nat\u00fcrlichen Farbe passt diese stilvolle H\u00e4ngelampe perfekt in jedes Interieur. Die einzigartige Form des Schirms verleiht Ihrer Einrichtung einen pers\u00f6nlichen und besonderen Look. H\u00e4ngen Sie den Schirm allein auf &#8211; \u00a0oder kombinieren Sie ihn mit anderen Bidar-Lampenschirmen!<\/p>\n<p class=\"p1\">Gl\u00fchbirne und Lampenaufh\u00e4ngung sind nicht inbegriffen.<\/p>\n<blockquote>\n<h2 style=\"text-align: left;\">Merkmale &amp; Eigenschaften<\/h2>\n<p><strong>Marke<\/strong> House Doctor<\/p>\n<p style=\"text-align: left;\"><strong>Farbe<\/strong> Weiss<\/p>\n<p style=\"text-align: left;\"><strong>Material<\/strong>\u00a0Reispapier<\/p>\n<p style=\"text-align: left;\"><strong>Gl\u00fchbirne<\/strong> E27 (nicht inbegriffen)<\/p>\n<p><strong>Max. Leistung (W)<\/strong> 60<\/p>\n<p><strong>H\u00f6he (cm) <\/strong>42<\/p>\n<p><strong>Durchmesser (cm) <\/strong>36<\/p><\/blockquote>\n","protected":false},"excerpt":{"rendered":"<p>Der Bidar-Lampenschirm von House Doctor gibt durch sein Reispapier ein weiches, nat\u00fcrliches Licht ab. Dank ihrer dezenten und nat\u00fcrlichen Farbe passt diese stilvolle H\u00e4ngelampe perfekt in jedes Interieur. Die einzigartige Form des Schirms verleiht Ihrer Einrichtung einen pers\u00f6nlichen und besonderen Look. H\u00e4ngen Sie den Schirm allein auf &#8211; \u00a0oder kombinieren Sie ihn mit anderen Bidar-Lampenschirmen! [&hellip;]<\/p>\n","protected":false},"featured_media":153117,"template":"","meta":{"_acf_changed":false,"om_disable_all_campaigns":false},"product_cat":[291],"product_tag":[1246,1265,403],"bundled_by":[],"bundle_stock_status":"instock","bundle_stock_quantity":1,"bundle_virtual":false,"bundle_layout":"","bundle_add_to_cart_form_location":"","bundle_editable_in_cart":false,"bundle_sold_individually_context":"","bundle_item_grouping":"","bundle_min_size":"","bundle_max_size":"","bundle_price":[],"bundled_items":[],"bundle_sell_ids":[],"acf":[],"yoast_head":"<!-- This site is optimized with the Yoast SEO Premium plugin v22.2 (Yoast SEO v22.8) - https:\/\/yoast.com\/wordpress\/plugins\/seo\/ -->\n<title>House Doctor | Lampenschirm Bidar Weiss S | Reispapier | Ekkla<\/title>\n<meta name=\"description\" content=\"Der Bidar-Schirm aus Reispapier sorgt f\u00fcr weiches, nat\u00fcrliches Licht, w\u00e4hrend seine Form einen einzigartigen Look in Ihre Wohneinrichtung bringt.\" \/>\n<meta name=\"robots\" content=\"index, follow, max-snippet:-1, max-image-preview:large, max-video-preview:-1\" \/>\n<link rel=\"canonical\" href=\"https:\/\/ekkla.ch\/de\/produit\/lampenschirm-bidar-weiss-s-reispapier-house-doctor-copie__trashed\/\" \/>\n<meta property=\"og:locale\" content=\"de_DE\" \/>\n<meta property=\"og:type\" content=\"article\" \/>\n<meta property=\"og:title\" content=\"Lampenschirm Bidar Weiss S - Reispapier - House Doctor\" \/>\n<meta property=\"og:description\" content=\"Der Bidar-Schirm aus Reispapier sorgt f\u00fcr weiches, nat\u00fcrliches Licht, w\u00e4hrend seine Form einen einzigartigen Look in Ihre Wohneinrichtung bringt.\" \/>\n<meta property=\"og:url\" content=\"https:\/\/ekkla.ch\/de\/produit\/lampenschirm-bidar-weiss-s-reispapier-house-doctor-copie__trashed\/\" \/>\n<meta property=\"og:site_name\" content=\"Ekkla\" \/>\n<meta property=\"article:modified_time\" content=\"2024-11-29T08:38:41+00:00\" \/>\n<meta property=\"og:image\" content=\"https:\/\/ekkla.ch\/wp-content\/uploads\/2022\/04\/Ekkla-light-House-Doctor-Bidar_0001_259370102_01.jpg\" \/>\n\t<meta property=\"og:image:width\" content=\"900\" \/>\n\t<meta property=\"og:image:height\" content=\"900\" \/>\n\t<meta property=\"og:image:type\" content=\"image\/jpeg\" \/>\n<meta name=\"twitter:card\" content=\"summary_large_image\" \/>\n<meta name=\"twitter:label1\" content=\"Gesch\u00e4tzte Lesezeit\" \/>\n\t<meta name=\"twitter:data1\" content=\"1\u00a0Minute\" \/>\n<script type=\"application\/ld+json\" class=\"yoast-schema-graph\">{\"@context\":\"https:\/\/schema.org\",\"@graph\":[{\"@type\":\"WebPage\",\"@id\":\"https:\/\/ekkla.ch\/de\/produit\/lampenschirm-bidar-weiss-s-reispapier-house-doctor-copie__trashed\/\",\"url\":\"https:\/\/ekkla.ch\/de\/produit\/lampenschirm-bidar-weiss-s-reispapier-house-doctor-copie__trashed\/\",\"name\":\"House Doctor | Lampenschirm Bidar Weiss S | Reispapier | Ekkla\",\"isPartOf\":{\"@id\":\"https:\/\/ekkla.ch\/#website\"},\"primaryImageOfPage\":{\"@id\":\"https:\/\/ekkla.ch\/de\/produit\/lampenschirm-bidar-weiss-s-reispapier-house-doctor-copie__trashed\/#primaryimage\"},\"image\":{\"@id\":\"https:\/\/ekkla.ch\/de\/produit\/lampenschirm-bidar-weiss-s-reispapier-house-doctor-copie__trashed\/#primaryimage\"},\"thumbnailUrl\":\"https:\/\/ekkla.ch\/wp-content\/uploads\/2022\/04\/Ekkla-light-House-Doctor-Bidar_0001_259370102_01.jpg\",\"datePublished\":\"2022-04-05T09:16:04+00:00\",\"dateModified\":\"2024-11-29T08:38:41+00:00\",\"description\":\"Der Bidar-Schirm aus Reispapier sorgt f\u00fcr weiches, nat\u00fcrliches Licht, w\u00e4hrend seine Form einen einzigartigen Look in Ihre Wohneinrichtung bringt.\",\"breadcrumb\":{\"@id\":\"https:\/\/ekkla.ch\/de\/produit\/lampenschirm-bidar-weiss-s-reispapier-house-doctor-copie__trashed\/#breadcrumb\"},\"inLanguage\":\"de\",\"potentialAction\":[{\"@type\":\"ReadAction\",\"target\":[\"https:\/\/ekkla.ch\/de\/produit\/lampenschirm-bidar-weiss-s-reispapier-house-doctor-copie__trashed\/\"]}]},{\"@type\":\"ImageObject\",\"inLanguage\":\"de\",\"@id\":\"https:\/\/ekkla.ch\/de\/produit\/lampenschirm-bidar-weiss-s-reispapier-house-doctor-copie__trashed\/#primaryimage\",\"url\":\"https:\/\/ekkla.ch\/wp-content\/uploads\/2022\/04\/Ekkla-light-House-Doctor-Bidar_0001_259370102_01.jpg\",\"contentUrl\":\"https:\/\/ekkla.ch\/wp-content\/uploads\/2022\/04\/Ekkla-light-House-Doctor-Bidar_0001_259370102_01.jpg\",\"width\":900,\"height\":900},{\"@type\":\"BreadcrumbList\",\"@id\":\"https:\/\/ekkla.ch\/de\/produit\/lampenschirm-bidar-weiss-s-reispapier-house-doctor-copie__trashed\/#breadcrumb\",\"itemListElement\":[{\"@type\":\"ListItem\",\"position\":1,\"name\":\"Home\",\"item\":\"https:\/\/ekkla.ch\/de\/\"},{\"@type\":\"ListItem\",\"position\":2,\"name\":\"Shop\",\"item\":\"https:\/\/ekkla.ch\/de\/shop\/\"},{\"@type\":\"ListItem\",\"position\":3,\"name\":\"Lampenschirm Bidar Weiss S &#8211; Reispapier &#8211; House Doctor\"}]},{\"@type\":\"WebSite\",\"@id\":\"https:\/\/ekkla.ch\/#website\",\"url\":\"https:\/\/ekkla.ch\/\",\"name\":\"Ekkla\",\"description\":\"Der Onlineshop f\u00fcr Beleuchtung\",\"publisher\":{\"@id\":\"https:\/\/ekkla.ch\/#organization\"},\"potentialAction\":[{\"@type\":\"SearchAction\",\"target\":{\"@type\":\"EntryPoint\",\"urlTemplate\":\"https:\/\/ekkla.ch\/?s={search_term_string}\"},\"query-input\":\"required name=search_term_string\"}],\"inLanguage\":\"de\"},{\"@type\":\"Organization\",\"@id\":\"https:\/\/ekkla.ch\/#organization\",\"name\":\"Ekkla\",\"url\":\"https:\/\/ekkla.ch\/\",\"logo\":{\"@type\":\"ImageObject\",\"inLanguage\":\"de\",\"@id\":\"https:\/\/ekkla.ch\/#\/schema\/logo\/image\/\",\"url\":\"http:\/\/ekkla.ch\/wp-content\/uploads\/2019\/07\/logo-1.svg\",\"contentUrl\":\"http:\/\/ekkla.ch\/wp-content\/uploads\/2019\/07\/logo-1.svg\",\"width\":1,\"height\":1,\"caption\":\"Ekkla\"},\"image\":{\"@id\":\"https:\/\/ekkla.ch\/#\/schema\/logo\/image\/\"},\"sameAs\":[\"https:\/\/www.instagram.com\/ekkla_light\/\"]}]}<\/script>\n<!-- \/ Yoast SEO Premium plugin. -->","yoast_head_json":{"title":"House Doctor | Lampenschirm Bidar Weiss S | Reispapier | Ekkla","description":"Der Bidar-Schirm aus Reispapier sorgt f\u00fcr weiches, nat\u00fcrliches Licht, w\u00e4hrend seine Form einen einzigartigen Look in Ihre Wohneinrichtung bringt.","robots":{"index":"index","follow":"follow","max-snippet":"max-snippet:-1","max-image-preview":"max-image-preview:large","max-video-preview":"max-video-preview:-1"},"canonical":"https:\/\/ekkla.ch\/de\/produit\/lampenschirm-bidar-weiss-s-reispapier-house-doctor-copie__trashed\/","og_locale":"de_DE","og_type":"article","og_title":"Lampenschirm Bidar Weiss S - Reispapier - House Doctor","og_description":"Der Bidar-Schirm aus Reispapier sorgt f\u00fcr weiches, nat\u00fcrliches Licht, w\u00e4hrend seine Form einen einzigartigen Look in Ihre Wohneinrichtung bringt.","og_url":"https:\/\/ekkla.ch\/de\/produit\/lampenschirm-bidar-weiss-s-reispapier-house-doctor-copie__trashed\/","og_site_name":"Ekkla","article_modified_time":"2024-11-29T08:38:41+00:00","og_image":[{"width":900,"height":900,"url":"https:\/\/ekkla.ch\/wp-content\/uploads\/2022\/04\/Ekkla-light-House-Doctor-Bidar_0001_259370102_01.jpg","type":"image\/jpeg"}],"twitter_card":"summary_large_image","twitter_misc":{"Gesch\u00e4tzte Lesezeit":"1\u00a0Minute"},"schema":{"@context":"https:\/\/schema.org","@graph":[{"@type":"WebPage","@id":"https:\/\/ekkla.ch\/de\/produit\/lampenschirm-bidar-weiss-s-reispapier-house-doctor-copie__trashed\/","url":"https:\/\/ekkla.ch\/de\/produit\/lampenschirm-bidar-weiss-s-reispapier-house-doctor-copie__trashed\/","name":"House Doctor | Lampenschirm Bidar Weiss S | Reispapier | Ekkla","isPartOf":{"@id":"https:\/\/ekkla.ch\/#website"},"primaryImageOfPage":{"@id":"https:\/\/ekkla.ch\/de\/produit\/lampenschirm-bidar-weiss-s-reispapier-house-doctor-copie__trashed\/#primaryimage"},"image":{"@id":"https:\/\/ekkla.ch\/de\/produit\/lampenschirm-bidar-weiss-s-reispapier-house-doctor-copie__trashed\/#primaryimage"},"thumbnailUrl":"https:\/\/ekkla.ch\/wp-content\/uploads\/2022\/04\/Ekkla-light-House-Doctor-Bidar_0001_259370102_01.jpg","datePublished":"2022-04-05T09:16:04+00:00","dateModified":"2024-11-29T08:38:41+00:00","description":"Der Bidar-Schirm aus Reispapier sorgt f\u00fcr weiches, nat\u00fcrliches Licht, w\u00e4hrend seine Form einen einzigartigen Look in Ihre Wohneinrichtung bringt.","breadcrumb":{"@id":"https:\/\/ekkla.ch\/de\/produit\/lampenschirm-bidar-weiss-s-reispapier-house-doctor-copie__trashed\/#breadcrumb"},"inLanguage":"de","potentialAction":[{"@type":"ReadAction","target":["https:\/\/ekkla.ch\/de\/produit\/lampenschirm-bidar-weiss-s-reispapier-house-doctor-copie__trashed\/"]}]},{"@type":"ImageObject","inLanguage":"de","@id":"https:\/\/ekkla.ch\/de\/produit\/lampenschirm-bidar-weiss-s-reispapier-house-doctor-copie__trashed\/#primaryimage","url":"https:\/\/ekkla.ch\/wp-content\/uploads\/2022\/04\/Ekkla-light-House-Doctor-Bidar_0001_259370102_01.jpg","contentUrl":"https:\/\/ekkla.ch\/wp-content\/uploads\/2022\/04\/Ekkla-light-House-Doctor-Bidar_0001_259370102_01.jpg","width":900,"height":900},{"@type":"BreadcrumbList","@id":"https:\/\/ekkla.ch\/de\/produit\/lampenschirm-bidar-weiss-s-reispapier-house-doctor-copie__trashed\/#breadcrumb","itemListElement":[{"@type":"ListItem","position":1,"name":"Home","item":"https:\/\/ekkla.ch\/de\/"},{"@type":"ListItem","position":2,"name":"Shop","item":"https:\/\/ekkla.ch\/de\/shop\/"},{"@type":"ListItem","position":3,"name":"Lampenschirm Bidar Weiss S &#8211; Reispapier &#8211; House Doctor"}]},{"@type":"WebSite","@id":"https:\/\/ekkla.ch\/#website","url":"https:\/\/ekkla.ch\/","name":"Ekkla","description":"Der Onlineshop f\u00fcr Beleuchtung","publisher":{"@id":"https:\/\/ekkla.ch\/#organization"},"potentialAction":[{"@type":"SearchAction","target":{"@type":"EntryPoint","urlTemplate":"https:\/\/ekkla.ch\/?s={search_term_string}"},"query-input":"required name=search_term_string"}],"inLanguage":"de"},{"@type":"Organization","@id":"https:\/\/ekkla.ch\/#organization","name":"Ekkla","url":"https:\/\/ekkla.ch\/","logo":{"@type":"ImageObject","inLanguage":"de","@id":"https:\/\/ekkla.ch\/#\/schema\/logo\/image\/","url":"http:\/\/ekkla.ch\/wp-content\/uploads\/2019\/07\/logo-1.svg","contentUrl":"http:\/\/ekkla.ch\/wp-content\/uploads\/2019\/07\/logo-1.svg","width":1,"height":1,"caption":"Ekkla"},"image":{"@id":"https:\/\/ekkla.ch\/#\/schema\/logo\/image\/"},"sameAs":["https:\/\/www.instagram.com\/ekkla_light\/"]}]}},"_links":{"self":[{"href":"https:\/\/ekkla.ch\/de\/wp-json\/wp\/v2\/product\/153093"}],"collection":[{"href":"https:\/\/ekkla.ch\/de\/wp-json\/wp\/v2\/product"}],"about":[{"href":"https:\/\/ekkla.ch\/de\/wp-json\/wp\/v2\/types\/product"}],"wp:featuredmedia":[{"embeddable":true,"href":"https:\/\/ekkla.ch\/de\/wp-json\/wp\/v2\/media\/153117"}],"wp:attachment":[{"href":"https:\/\/ekkla.ch\/de\/wp-json\/wp\/v2\/media?parent=153093"}],"wp:term":[{"taxonomy":"product_cat","embeddable":true,"href":"https:\/\/ekkla.ch\/de\/wp-json\/wp\/v2\/product_cat?post=153093"},{"taxonomy":"product_tag","embeddable":true,"href":"https:\/\/ekkla.ch\/de\/wp-json\/wp\/v2\/product_tag?post=153093"}],"curies":[{"name":"wp","href":"https:\/\/api.w.org\/{rel}","templated":true}]}}