{"id":153472,"date":"2022-04-19T14:18:40","date_gmt":"2022-04-19T12:18:40","guid":{"rendered":"https:\/\/ekkla.ch\/?post_type=product&#038;p=153472"},"modified":"2022-07-04T15:21:39","modified_gmt":"2022-07-04T13:21:39","slug":"deko-set-mein-erleuchteter-campingausflug","status":"publish","type":"product","link":"https:\/\/ekkla.ch\/de\/produit\/deko-set-mein-erleuchteter-campingausflug\/","title":{"rendered":"Deko-Set &#8211; &#8222;Mein erleuchteter Campingausflug&#8220;"},"content":{"rendered":"<p>Haben Sie bei Ihrem Campingausflug in den Bergen zu wenig Licht? Ekkla hat die L\u00f6sung! Entdecken Sie unser Sortiment an Camper-Lampen, mit denen Sie Ihre Abende unter dem Sternenhimmel beleuchten k\u00f6nnen.<\/p>\n<p>Unsere Deko-Experten haben ein sch\u00f6nes Lampen-Set f\u00fcr Sie zusammengestellt, das Sie mit auf ein Wanderwochenende nehmen k\u00f6nnen. Das Set besteht aus Aussenlampen der Marke Fermob, die dank ihrer langen Autonomie mobil und leicht zu transportieren sind. W\u00e4hlen Sie verspielte und zuverl\u00e4ssige Lampen in Gr\u00fcn- und Beiget\u00f6nen, die sich perfekt in die nat\u00fcrliche Umgebung eines Campings einf\u00fcgen.<\/p>\n<p>Dieses Sortiment umfasst:<\/p>\n<ul>\n<li><a href=\"https:\/\/ekkla.ch\/de\/produit\/aplo-leuchte-h-24-kaktus-fermob\/\">1x Apl\u00f4 Leuchte H.24 Kaktus &#8211; Fermob<\/a><\/li>\n<li><a href=\"https:\/\/ekkla.ch\/de\/produit\/aufhangeband-h-24-aplo-leuchte-kaktus-fermob\/\">1x Aufh\u00e4ngeband f\u00fcr Apl\u00f4 Leuchte H.24 Kaktus &#8211; Fermob<\/a><\/li>\n<li><a href=\"https:\/\/ekkla.ch\/de\/produit\/trio-mini-leuchten-h-12-cm-balad-muskat-fermob\/\">Trio Mini-Leuchten Balad H.12 Muskat &#8211; Fermob\u00a0<\/a><\/li>\n<\/ul>\n","protected":false},"excerpt":{"rendered":"<p>Haben Sie bei Ihrem Campingausflug in den Bergen zu wenig Licht? Ekkla hat die L\u00f6sung! Entdecken Sie unser Sortiment an Camper-Lampen, mit denen Sie Ihre Abende unter dem Sternenhimmel beleuchten k\u00f6nnen. Unsere Deko-Experten haben ein sch\u00f6nes Lampen-Set f\u00fcr Sie zusammengestellt, das Sie mit auf ein Wanderwochenende nehmen k\u00f6nnen. Das Set besteht aus Aussenlampen der Marke [&hellip;]<\/p>\n","protected":false},"featured_media":153737,"template":"","meta":{"_acf_changed":false,"om_disable_all_campaigns":false},"product_cat":[290],"product_tag":[1254,760,1265,744,1022],"bundled_by":[],"bundle_stock_status":"onbackorder","bundle_stock_quantity":null,"bundle_virtual":false,"bundle_layout":"","bundle_add_to_cart_form_location":"","bundle_editable_in_cart":false,"bundle_sold_individually_context":"","bundle_item_grouping":"","bundle_min_size":"","bundle_max_size":"","bundle_price":[],"bundled_items":[],"bundle_sell_ids":[],"acf":[],"yoast_head":"<!-- This site is optimized with the Yoast SEO Premium plugin v22.2 (Yoast SEO v22.8) - https:\/\/yoast.com\/wordpress\/plugins\/seo\/ -->\n<title>Deko-Set | Mein erleuchteter Campingausflug | Ekkla | Gratis Lieferung<\/title>\n<meta name=\"description\" content=\"Das Sortiment an Campinglampen ist ideal, um Sie bei Ihren Wanderwochenenden zu begleiten und Ihre Abende vor dem Zelt zu beleuchten.\" \/>\n<meta name=\"robots\" content=\"index, follow, max-snippet:-1, max-image-preview:large, max-video-preview:-1\" \/>\n<link rel=\"canonical\" href=\"https:\/\/ekkla.ch\/de\/produit\/deko-set-mein-erleuchteter-campingausflug\/\" \/>\n<meta property=\"og:locale\" content=\"de_DE\" \/>\n<meta property=\"og:type\" content=\"article\" \/>\n<meta property=\"og:title\" content=\"Deko-Set - &quot;Mein erleuchteter Campingausflug&quot;\" \/>\n<meta property=\"og:description\" content=\"Das Sortiment an Campinglampen ist ideal, um Sie bei Ihren Wanderwochenenden zu begleiten und Ihre Abende vor dem Zelt zu beleuchten.\" \/>\n<meta property=\"og:url\" content=\"https:\/\/ekkla.ch\/de\/produit\/deko-set-mein-erleuchteter-campingausflug\/\" \/>\n<meta property=\"og:site_name\" content=\"Ekkla\" \/>\n<meta property=\"article:modified_time\" content=\"2022-07-04T13:21:39+00:00\" \/>\n<meta property=\"og:image\" content=\"https:\/\/ekkla.ch\/wp-content\/uploads\/2022\/04\/ekkla-light-kit-Camping.jpg\" \/>\n\t<meta property=\"og:image:width\" content=\"900\" \/>\n\t<meta property=\"og:image:height\" content=\"900\" \/>\n\t<meta property=\"og:image:type\" content=\"image\/jpeg\" \/>\n<meta name=\"twitter:card\" content=\"summary_large_image\" \/>\n<meta name=\"twitter:label1\" content=\"Gesch\u00e4tzte Lesezeit\" \/>\n\t<meta name=\"twitter:data1\" content=\"1\u00a0Minute\" \/>\n<script type=\"application\/ld+json\" class=\"yoast-schema-graph\">{\"@context\":\"https:\/\/schema.org\",\"@graph\":[{\"@type\":\"WebPage\",\"@id\":\"https:\/\/ekkla.ch\/de\/produit\/deko-set-mein-erleuchteter-campingausflug\/\",\"url\":\"https:\/\/ekkla.ch\/de\/produit\/deko-set-mein-erleuchteter-campingausflug\/\",\"name\":\"Deko-Set | Mein erleuchteter Campingausflug | Ekkla | Gratis Lieferung\",\"isPartOf\":{\"@id\":\"https:\/\/ekkla.ch\/#website\"},\"primaryImageOfPage\":{\"@id\":\"https:\/\/ekkla.ch\/de\/produit\/deko-set-mein-erleuchteter-campingausflug\/#primaryimage\"},\"image\":{\"@id\":\"https:\/\/ekkla.ch\/de\/produit\/deko-set-mein-erleuchteter-campingausflug\/#primaryimage\"},\"thumbnailUrl\":\"https:\/\/ekkla.ch\/wp-content\/uploads\/2022\/04\/ekkla-light-kit-Camping.jpg\",\"datePublished\":\"2022-04-19T12:18:40+00:00\",\"dateModified\":\"2022-07-04T13:21:39+00:00\",\"description\":\"Das Sortiment an Campinglampen ist ideal, um Sie bei Ihren Wanderwochenenden zu begleiten und Ihre Abende vor dem Zelt zu beleuchten.\",\"breadcrumb\":{\"@id\":\"https:\/\/ekkla.ch\/de\/produit\/deko-set-mein-erleuchteter-campingausflug\/#breadcrumb\"},\"inLanguage\":\"de\",\"potentialAction\":[{\"@type\":\"ReadAction\",\"target\":[\"https:\/\/ekkla.ch\/de\/produit\/deko-set-mein-erleuchteter-campingausflug\/\"]}]},{\"@type\":\"ImageObject\",\"inLanguage\":\"de\",\"@id\":\"https:\/\/ekkla.ch\/de\/produit\/deko-set-mein-erleuchteter-campingausflug\/#primaryimage\",\"url\":\"https:\/\/ekkla.ch\/wp-content\/uploads\/2022\/04\/ekkla-light-kit-Camping.jpg\",\"contentUrl\":\"https:\/\/ekkla.ch\/wp-content\/uploads\/2022\/04\/ekkla-light-kit-Camping.jpg\",\"width\":900,\"height\":900},{\"@type\":\"BreadcrumbList\",\"@id\":\"https:\/\/ekkla.ch\/de\/produit\/deko-set-mein-erleuchteter-campingausflug\/#breadcrumb\",\"itemListElement\":[{\"@type\":\"ListItem\",\"position\":1,\"name\":\"Home\",\"item\":\"https:\/\/ekkla.ch\/de\/\"},{\"@type\":\"ListItem\",\"position\":2,\"name\":\"Shop\",\"item\":\"https:\/\/ekkla.ch\/de\/shop\/\"},{\"@type\":\"ListItem\",\"position\":3,\"name\":\"Deko-Set &#8211; &#8222;Mein erleuchteter Campingausflug&#8220;\"}]},{\"@type\":\"WebSite\",\"@id\":\"https:\/\/ekkla.ch\/#website\",\"url\":\"https:\/\/ekkla.ch\/\",\"name\":\"Ekkla\",\"description\":\"Der Onlineshop f\u00fcr Beleuchtung\",\"publisher\":{\"@id\":\"https:\/\/ekkla.ch\/#organization\"},\"potentialAction\":[{\"@type\":\"SearchAction\",\"target\":{\"@type\":\"EntryPoint\",\"urlTemplate\":\"https:\/\/ekkla.ch\/?s={search_term_string}\"},\"query-input\":\"required name=search_term_string\"}],\"inLanguage\":\"de\"},{\"@type\":\"Organization\",\"@id\":\"https:\/\/ekkla.ch\/#organization\",\"name\":\"Ekkla\",\"url\":\"https:\/\/ekkla.ch\/\",\"logo\":{\"@type\":\"ImageObject\",\"inLanguage\":\"de\",\"@id\":\"https:\/\/ekkla.ch\/#\/schema\/logo\/image\/\",\"url\":\"http:\/\/ekkla.ch\/wp-content\/uploads\/2019\/07\/logo-1.svg\",\"contentUrl\":\"http:\/\/ekkla.ch\/wp-content\/uploads\/2019\/07\/logo-1.svg\",\"width\":1,\"height\":1,\"caption\":\"Ekkla\"},\"image\":{\"@id\":\"https:\/\/ekkla.ch\/#\/schema\/logo\/image\/\"},\"sameAs\":[\"https:\/\/www.instagram.com\/ekkla_light\/\"]}]}<\/script>\n<!-- \/ Yoast SEO Premium plugin. -->","yoast_head_json":{"title":"Deko-Set | Mein erleuchteter Campingausflug | Ekkla | Gratis Lieferung","description":"Das Sortiment an Campinglampen ist ideal, um Sie bei Ihren Wanderwochenenden zu begleiten und Ihre Abende vor dem Zelt zu beleuchten.","robots":{"index":"index","follow":"follow","max-snippet":"max-snippet:-1","max-image-preview":"max-image-preview:large","max-video-preview":"max-video-preview:-1"},"canonical":"https:\/\/ekkla.ch\/de\/produit\/deko-set-mein-erleuchteter-campingausflug\/","og_locale":"de_DE","og_type":"article","og_title":"Deko-Set - \"Mein erleuchteter Campingausflug\"","og_description":"Das Sortiment an Campinglampen ist ideal, um Sie bei Ihren Wanderwochenenden zu begleiten und Ihre Abende vor dem Zelt zu beleuchten.","og_url":"https:\/\/ekkla.ch\/de\/produit\/deko-set-mein-erleuchteter-campingausflug\/","og_site_name":"Ekkla","article_modified_time":"2022-07-04T13:21:39+00:00","og_image":[{"width":900,"height":900,"url":"https:\/\/ekkla.ch\/wp-content\/uploads\/2022\/04\/ekkla-light-kit-Camping.jpg","type":"image\/jpeg"}],"twitter_card":"summary_large_image","twitter_misc":{"Gesch\u00e4tzte Lesezeit":"1\u00a0Minute"},"schema":{"@context":"https:\/\/schema.org","@graph":[{"@type":"WebPage","@id":"https:\/\/ekkla.ch\/de\/produit\/deko-set-mein-erleuchteter-campingausflug\/","url":"https:\/\/ekkla.ch\/de\/produit\/deko-set-mein-erleuchteter-campingausflug\/","name":"Deko-Set | Mein erleuchteter Campingausflug | Ekkla | Gratis Lieferung","isPartOf":{"@id":"https:\/\/ekkla.ch\/#website"},"primaryImageOfPage":{"@id":"https:\/\/ekkla.ch\/de\/produit\/deko-set-mein-erleuchteter-campingausflug\/#primaryimage"},"image":{"@id":"https:\/\/ekkla.ch\/de\/produit\/deko-set-mein-erleuchteter-campingausflug\/#primaryimage"},"thumbnailUrl":"https:\/\/ekkla.ch\/wp-content\/uploads\/2022\/04\/ekkla-light-kit-Camping.jpg","datePublished":"2022-04-19T12:18:40+00:00","dateModified":"2022-07-04T13:21:39+00:00","description":"Das Sortiment an Campinglampen ist ideal, um Sie bei Ihren Wanderwochenenden zu begleiten und Ihre Abende vor dem Zelt zu beleuchten.","breadcrumb":{"@id":"https:\/\/ekkla.ch\/de\/produit\/deko-set-mein-erleuchteter-campingausflug\/#breadcrumb"},"inLanguage":"de","potentialAction":[{"@type":"ReadAction","target":["https:\/\/ekkla.ch\/de\/produit\/deko-set-mein-erleuchteter-campingausflug\/"]}]},{"@type":"ImageObject","inLanguage":"de","@id":"https:\/\/ekkla.ch\/de\/produit\/deko-set-mein-erleuchteter-campingausflug\/#primaryimage","url":"https:\/\/ekkla.ch\/wp-content\/uploads\/2022\/04\/ekkla-light-kit-Camping.jpg","contentUrl":"https:\/\/ekkla.ch\/wp-content\/uploads\/2022\/04\/ekkla-light-kit-Camping.jpg","width":900,"height":900},{"@type":"BreadcrumbList","@id":"https:\/\/ekkla.ch\/de\/produit\/deko-set-mein-erleuchteter-campingausflug\/#breadcrumb","itemListElement":[{"@type":"ListItem","position":1,"name":"Home","item":"https:\/\/ekkla.ch\/de\/"},{"@type":"ListItem","position":2,"name":"Shop","item":"https:\/\/ekkla.ch\/de\/shop\/"},{"@type":"ListItem","position":3,"name":"Deko-Set &#8211; &#8222;Mein erleuchteter Campingausflug&#8220;"}]},{"@type":"WebSite","@id":"https:\/\/ekkla.ch\/#website","url":"https:\/\/ekkla.ch\/","name":"Ekkla","description":"Der Onlineshop f\u00fcr Beleuchtung","publisher":{"@id":"https:\/\/ekkla.ch\/#organization"},"potentialAction":[{"@type":"SearchAction","target":{"@type":"EntryPoint","urlTemplate":"https:\/\/ekkla.ch\/?s={search_term_string}"},"query-input":"required name=search_term_string"}],"inLanguage":"de"},{"@type":"Organization","@id":"https:\/\/ekkla.ch\/#organization","name":"Ekkla","url":"https:\/\/ekkla.ch\/","logo":{"@type":"ImageObject","inLanguage":"de","@id":"https:\/\/ekkla.ch\/#\/schema\/logo\/image\/","url":"http:\/\/ekkla.ch\/wp-content\/uploads\/2019\/07\/logo-1.svg","contentUrl":"http:\/\/ekkla.ch\/wp-content\/uploads\/2019\/07\/logo-1.svg","width":1,"height":1,"caption":"Ekkla"},"image":{"@id":"https:\/\/ekkla.ch\/#\/schema\/logo\/image\/"},"sameAs":["https:\/\/www.instagram.com\/ekkla_light\/"]}]}},"_links":{"self":[{"href":"https:\/\/ekkla.ch\/de\/wp-json\/wp\/v2\/product\/153472"}],"collection":[{"href":"https:\/\/ekkla.ch\/de\/wp-json\/wp\/v2\/product"}],"about":[{"href":"https:\/\/ekkla.ch\/de\/wp-json\/wp\/v2\/types\/product"}],"wp:featuredmedia":[{"embeddable":true,"href":"https:\/\/ekkla.ch\/de\/wp-json\/wp\/v2\/media\/153737"}],"wp:attachment":[{"href":"https:\/\/ekkla.ch\/de\/wp-json\/wp\/v2\/media?parent=153472"}],"wp:term":[{"taxonomy":"product_cat","embeddable":true,"href":"https:\/\/ekkla.ch\/de\/wp-json\/wp\/v2\/product_cat?post=153472"},{"taxonomy":"product_tag","embeddable":true,"href":"https:\/\/ekkla.ch\/de\/wp-json\/wp\/v2\/product_tag?post=153472"}],"curies":[{"name":"wp","href":"https:\/\/api.w.org\/{rel}","templated":true}]}}