{"id":153617,"date":"2022-04-25T10:28:43","date_gmt":"2022-04-25T08:28:43","guid":{"rendered":"https:\/\/ekkla.ch\/?post_type=product&#038;p=153617"},"modified":"2022-07-04T15:26:05","modified_gmt":"2022-07-04T13:26:05","slug":"deko-set-mein-strahlender-apero","status":"publish","type":"product","link":"https:\/\/ekkla.ch\/de\/produit\/deko-set-mein-strahlender-apero\/","title":{"rendered":"Deko-Set &#8211; &#8222;Mein gl\u00e4nzender Aperitif&#8220;"},"content":{"rendered":"<p>Die warmen Tage kommen! Dazu geh\u00f6ren Aperitif-Abende mit Freunden auf Ihrer Terrasse oder Ihrem Balkon. Unsere Deko-Spezialisten haben f\u00fcr Sie ein massgeschneidertes Sortiment zusammengestellt, mit dem Sie Ihre langen Abende stilvoll beleuchten k\u00f6nnen. Dieses Set besteht aus einer Tischlampe Bud von Innermost und der kabellosen LED-Lampe Cubo von Slide. Dieses Duo sorgt mit seinen praktischen und designorientierten Aussenleuchten f\u00fcr eine sch\u00f6ne Beleuchtung.<\/p>\n<p>Die von der Natur inspirierte Gl\u00fchbirne Bud ist von zwei Bl\u00fctenbl\u00e4ttern umh\u00fcllt, die das Licht sanft zu halten und zu sch\u00fctzen scheinen. Diese tragbare, wiederaufladbare Lampe befreit Sie von Kabelzw\u00e4ngen und ist daher der ideale Verb\u00fcndete f\u00fcr Aperitifs im Freien. Cubo wiederum ist multifunktional, da sie als Stehlampe, Couchtisch oder Hocker verwendet werden kann und ein weiches, zartes Licht verbreitet.<\/p>\n<p>Wenn Sie sich f\u00fcr dieses Lampensortiment entscheiden, erhalten Sie einen Rabatt von 10% auf das Duo. Bezahlen Sie anstatt CHF442.- nur noch CHF 397.80-!<\/p>\n<p>Dieses Set enth\u00e4lt:<\/p>\n<ul>\n<li><a href=\"https:\/\/ekkla.ch\/de\/produit\/kabellose-led-aussenleuchte-cubo-50-slide\/\">Kabellose LED-Aussenleuchte Cubo 50 &#8211; Slide<\/a><\/li>\n<li><a href=\"https:\/\/ekkla.ch\/de\/produit\/tischleuchte-bud-ozeanblau-innermost\/\">Tischleuchte Bud Ozeanblau &#8211; Innermost<\/a><\/li>\n<\/ul>\n","protected":false},"excerpt":{"rendered":"<p>Die warmen Tage kommen! Dazu geh\u00f6ren Aperitif-Abende mit Freunden auf Ihrer Terrasse oder Ihrem Balkon. Unsere Deko-Spezialisten haben f\u00fcr Sie ein massgeschneidertes Sortiment zusammengestellt, mit dem Sie Ihre langen Abende stilvoll beleuchten k\u00f6nnen. Dieses Set besteht aus einer Tischlampe Bud von Innermost und der kabellosen LED-Lampe Cubo von Slide. Dieses Duo sorgt mit seinen praktischen [&hellip;]<\/p>\n","protected":false},"featured_media":153748,"template":"","meta":{"_acf_changed":false,"om_disable_all_campaigns":false},"product_cat":[290],"product_tag":[760,744,1022],"bundled_by":[],"bundle_stock_status":"onbackorder","bundle_stock_quantity":null,"bundle_virtual":false,"bundle_layout":"","bundle_add_to_cart_form_location":"","bundle_editable_in_cart":false,"bundle_sold_individually_context":"","bundle_item_grouping":"","bundle_min_size":"","bundle_max_size":"","bundle_price":[],"bundled_items":[],"bundle_sell_ids":[],"acf":[],"yoast_head":"<!-- This site is optimized with the Yoast SEO Premium plugin v22.2 (Yoast SEO v22.8) - https:\/\/yoast.com\/wordpress\/plugins\/seo\/ -->\n<title>Deko-Set | Mobile und kabellose Leuchten | Mein strahlender Aperitif | Ekkla<\/title>\n<meta name=\"description\" content=\"Das ideale Lampenduo f\u00fcr den Aperitif mit Freunden auf Ihrer Terrasse oder Ihrem Balkon. Kabellose und wiederaufladbare Tischleuchten.\" \/>\n<meta name=\"robots\" content=\"index, follow, max-snippet:-1, max-image-preview:large, max-video-preview:-1\" \/>\n<link rel=\"canonical\" href=\"https:\/\/ekkla.ch\/de\/produit\/deko-set-mein-strahlender-apero\/\" \/>\n<meta property=\"og:locale\" content=\"de_DE\" \/>\n<meta property=\"og:type\" content=\"article\" \/>\n<meta property=\"og:title\" content=\"Deko-Set - &quot;Mein gl\u00e4nzender Aperitif&quot;\" \/>\n<meta property=\"og:description\" content=\"Das ideale Lampenduo f\u00fcr den Aperitif mit Freunden auf Ihrer Terrasse oder Ihrem Balkon. Kabellose und wiederaufladbare Tischleuchten.\" \/>\n<meta property=\"og:url\" content=\"https:\/\/ekkla.ch\/de\/produit\/deko-set-mein-strahlender-apero\/\" \/>\n<meta property=\"og:site_name\" content=\"Ekkla\" \/>\n<meta property=\"article:modified_time\" content=\"2022-07-04T13:26:05+00:00\" \/>\n<meta property=\"og:image\" content=\"https:\/\/ekkla.ch\/wp-content\/uploads\/2022\/04\/ekkla-light-Pack-Apero.jpg\" \/>\n\t<meta property=\"og:image:width\" content=\"900\" \/>\n\t<meta property=\"og:image:height\" content=\"900\" \/>\n\t<meta property=\"og:image:type\" content=\"image\/jpeg\" \/>\n<meta name=\"twitter:card\" content=\"summary_large_image\" \/>\n<meta name=\"twitter:label1\" content=\"Gesch\u00e4tzte Lesezeit\" \/>\n\t<meta name=\"twitter:data1\" content=\"1\u00a0Minute\" \/>\n<script type=\"application\/ld+json\" class=\"yoast-schema-graph\">{\"@context\":\"https:\/\/schema.org\",\"@graph\":[{\"@type\":\"WebPage\",\"@id\":\"https:\/\/ekkla.ch\/de\/produit\/deko-set-mein-strahlender-apero\/\",\"url\":\"https:\/\/ekkla.ch\/de\/produit\/deko-set-mein-strahlender-apero\/\",\"name\":\"Deko-Set | Mobile und kabellose Leuchten | Mein strahlender Aperitif | Ekkla\",\"isPartOf\":{\"@id\":\"https:\/\/ekkla.ch\/#website\"},\"primaryImageOfPage\":{\"@id\":\"https:\/\/ekkla.ch\/de\/produit\/deko-set-mein-strahlender-apero\/#primaryimage\"},\"image\":{\"@id\":\"https:\/\/ekkla.ch\/de\/produit\/deko-set-mein-strahlender-apero\/#primaryimage\"},\"thumbnailUrl\":\"https:\/\/ekkla.ch\/wp-content\/uploads\/2022\/04\/ekkla-light-Pack-Apero.jpg\",\"datePublished\":\"2022-04-25T08:28:43+00:00\",\"dateModified\":\"2022-07-04T13:26:05+00:00\",\"description\":\"Das ideale Lampenduo f\u00fcr den Aperitif mit Freunden auf Ihrer Terrasse oder Ihrem Balkon. Kabellose und wiederaufladbare Tischleuchten.\",\"breadcrumb\":{\"@id\":\"https:\/\/ekkla.ch\/de\/produit\/deko-set-mein-strahlender-apero\/#breadcrumb\"},\"inLanguage\":\"de\",\"potentialAction\":[{\"@type\":\"ReadAction\",\"target\":[\"https:\/\/ekkla.ch\/de\/produit\/deko-set-mein-strahlender-apero\/\"]}]},{\"@type\":\"ImageObject\",\"inLanguage\":\"de\",\"@id\":\"https:\/\/ekkla.ch\/de\/produit\/deko-set-mein-strahlender-apero\/#primaryimage\",\"url\":\"https:\/\/ekkla.ch\/wp-content\/uploads\/2022\/04\/ekkla-light-Pack-Apero.jpg\",\"contentUrl\":\"https:\/\/ekkla.ch\/wp-content\/uploads\/2022\/04\/ekkla-light-Pack-Apero.jpg\",\"width\":900,\"height\":900},{\"@type\":\"BreadcrumbList\",\"@id\":\"https:\/\/ekkla.ch\/de\/produit\/deko-set-mein-strahlender-apero\/#breadcrumb\",\"itemListElement\":[{\"@type\":\"ListItem\",\"position\":1,\"name\":\"Home\",\"item\":\"https:\/\/ekkla.ch\/de\/\"},{\"@type\":\"ListItem\",\"position\":2,\"name\":\"Shop\",\"item\":\"https:\/\/ekkla.ch\/de\/shop\/\"},{\"@type\":\"ListItem\",\"position\":3,\"name\":\"Deko-Set &#8211; &#8222;Mein gl\u00e4nzender Aperitif&#8220;\"}]},{\"@type\":\"WebSite\",\"@id\":\"https:\/\/ekkla.ch\/#website\",\"url\":\"https:\/\/ekkla.ch\/\",\"name\":\"Ekkla\",\"description\":\"Der Onlineshop f\u00fcr Beleuchtung\",\"publisher\":{\"@id\":\"https:\/\/ekkla.ch\/#organization\"},\"potentialAction\":[{\"@type\":\"SearchAction\",\"target\":{\"@type\":\"EntryPoint\",\"urlTemplate\":\"https:\/\/ekkla.ch\/?s={search_term_string}\"},\"query-input\":\"required name=search_term_string\"}],\"inLanguage\":\"de\"},{\"@type\":\"Organization\",\"@id\":\"https:\/\/ekkla.ch\/#organization\",\"name\":\"Ekkla\",\"url\":\"https:\/\/ekkla.ch\/\",\"logo\":{\"@type\":\"ImageObject\",\"inLanguage\":\"de\",\"@id\":\"https:\/\/ekkla.ch\/#\/schema\/logo\/image\/\",\"url\":\"http:\/\/ekkla.ch\/wp-content\/uploads\/2019\/07\/logo-1.svg\",\"contentUrl\":\"http:\/\/ekkla.ch\/wp-content\/uploads\/2019\/07\/logo-1.svg\",\"width\":1,\"height\":1,\"caption\":\"Ekkla\"},\"image\":{\"@id\":\"https:\/\/ekkla.ch\/#\/schema\/logo\/image\/\"},\"sameAs\":[\"https:\/\/www.instagram.com\/ekkla_light\/\"]}]}<\/script>\n<!-- \/ Yoast SEO Premium plugin. -->","yoast_head_json":{"title":"Deko-Set | Mobile und kabellose Leuchten | Mein strahlender Aperitif | Ekkla","description":"Das ideale Lampenduo f\u00fcr den Aperitif mit Freunden auf Ihrer Terrasse oder Ihrem Balkon. Kabellose und wiederaufladbare Tischleuchten.","robots":{"index":"index","follow":"follow","max-snippet":"max-snippet:-1","max-image-preview":"max-image-preview:large","max-video-preview":"max-video-preview:-1"},"canonical":"https:\/\/ekkla.ch\/de\/produit\/deko-set-mein-strahlender-apero\/","og_locale":"de_DE","og_type":"article","og_title":"Deko-Set - \"Mein gl\u00e4nzender Aperitif\"","og_description":"Das ideale Lampenduo f\u00fcr den Aperitif mit Freunden auf Ihrer Terrasse oder Ihrem Balkon. Kabellose und wiederaufladbare Tischleuchten.","og_url":"https:\/\/ekkla.ch\/de\/produit\/deko-set-mein-strahlender-apero\/","og_site_name":"Ekkla","article_modified_time":"2022-07-04T13:26:05+00:00","og_image":[{"width":900,"height":900,"url":"https:\/\/ekkla.ch\/wp-content\/uploads\/2022\/04\/ekkla-light-Pack-Apero.jpg","type":"image\/jpeg"}],"twitter_card":"summary_large_image","twitter_misc":{"Gesch\u00e4tzte Lesezeit":"1\u00a0Minute"},"schema":{"@context":"https:\/\/schema.org","@graph":[{"@type":"WebPage","@id":"https:\/\/ekkla.ch\/de\/produit\/deko-set-mein-strahlender-apero\/","url":"https:\/\/ekkla.ch\/de\/produit\/deko-set-mein-strahlender-apero\/","name":"Deko-Set | Mobile und kabellose Leuchten | Mein strahlender Aperitif | Ekkla","isPartOf":{"@id":"https:\/\/ekkla.ch\/#website"},"primaryImageOfPage":{"@id":"https:\/\/ekkla.ch\/de\/produit\/deko-set-mein-strahlender-apero\/#primaryimage"},"image":{"@id":"https:\/\/ekkla.ch\/de\/produit\/deko-set-mein-strahlender-apero\/#primaryimage"},"thumbnailUrl":"https:\/\/ekkla.ch\/wp-content\/uploads\/2022\/04\/ekkla-light-Pack-Apero.jpg","datePublished":"2022-04-25T08:28:43+00:00","dateModified":"2022-07-04T13:26:05+00:00","description":"Das ideale Lampenduo f\u00fcr den Aperitif mit Freunden auf Ihrer Terrasse oder Ihrem Balkon. Kabellose und wiederaufladbare Tischleuchten.","breadcrumb":{"@id":"https:\/\/ekkla.ch\/de\/produit\/deko-set-mein-strahlender-apero\/#breadcrumb"},"inLanguage":"de","potentialAction":[{"@type":"ReadAction","target":["https:\/\/ekkla.ch\/de\/produit\/deko-set-mein-strahlender-apero\/"]}]},{"@type":"ImageObject","inLanguage":"de","@id":"https:\/\/ekkla.ch\/de\/produit\/deko-set-mein-strahlender-apero\/#primaryimage","url":"https:\/\/ekkla.ch\/wp-content\/uploads\/2022\/04\/ekkla-light-Pack-Apero.jpg","contentUrl":"https:\/\/ekkla.ch\/wp-content\/uploads\/2022\/04\/ekkla-light-Pack-Apero.jpg","width":900,"height":900},{"@type":"BreadcrumbList","@id":"https:\/\/ekkla.ch\/de\/produit\/deko-set-mein-strahlender-apero\/#breadcrumb","itemListElement":[{"@type":"ListItem","position":1,"name":"Home","item":"https:\/\/ekkla.ch\/de\/"},{"@type":"ListItem","position":2,"name":"Shop","item":"https:\/\/ekkla.ch\/de\/shop\/"},{"@type":"ListItem","position":3,"name":"Deko-Set &#8211; &#8222;Mein gl\u00e4nzender Aperitif&#8220;"}]},{"@type":"WebSite","@id":"https:\/\/ekkla.ch\/#website","url":"https:\/\/ekkla.ch\/","name":"Ekkla","description":"Der Onlineshop f\u00fcr Beleuchtung","publisher":{"@id":"https:\/\/ekkla.ch\/#organization"},"potentialAction":[{"@type":"SearchAction","target":{"@type":"EntryPoint","urlTemplate":"https:\/\/ekkla.ch\/?s={search_term_string}"},"query-input":"required name=search_term_string"}],"inLanguage":"de"},{"@type":"Organization","@id":"https:\/\/ekkla.ch\/#organization","name":"Ekkla","url":"https:\/\/ekkla.ch\/","logo":{"@type":"ImageObject","inLanguage":"de","@id":"https:\/\/ekkla.ch\/#\/schema\/logo\/image\/","url":"http:\/\/ekkla.ch\/wp-content\/uploads\/2019\/07\/logo-1.svg","contentUrl":"http:\/\/ekkla.ch\/wp-content\/uploads\/2019\/07\/logo-1.svg","width":1,"height":1,"caption":"Ekkla"},"image":{"@id":"https:\/\/ekkla.ch\/#\/schema\/logo\/image\/"},"sameAs":["https:\/\/www.instagram.com\/ekkla_light\/"]}]}},"_links":{"self":[{"href":"https:\/\/ekkla.ch\/de\/wp-json\/wp\/v2\/product\/153617"}],"collection":[{"href":"https:\/\/ekkla.ch\/de\/wp-json\/wp\/v2\/product"}],"about":[{"href":"https:\/\/ekkla.ch\/de\/wp-json\/wp\/v2\/types\/product"}],"wp:featuredmedia":[{"embeddable":true,"href":"https:\/\/ekkla.ch\/de\/wp-json\/wp\/v2\/media\/153748"}],"wp:attachment":[{"href":"https:\/\/ekkla.ch\/de\/wp-json\/wp\/v2\/media?parent=153617"}],"wp:term":[{"taxonomy":"product_cat","embeddable":true,"href":"https:\/\/ekkla.ch\/de\/wp-json\/wp\/v2\/product_cat?post=153617"},{"taxonomy":"product_tag","embeddable":true,"href":"https:\/\/ekkla.ch\/de\/wp-json\/wp\/v2\/product_tag?post=153617"}],"curies":[{"name":"wp","href":"https:\/\/api.w.org\/{rel}","templated":true}]}}