{"id":153664,"date":"2022-04-25T14:03:30","date_gmt":"2022-04-25T12:03:30","guid":{"rendered":"https:\/\/ekkla.ch\/?post_type=product&#038;p=153664"},"modified":"2022-05-13T15:07:32","modified_gmt":"2022-05-13T13:07:32","slug":"deko-set-mein-beleuchteter-stadtbalkon","status":"publish","type":"product","link":"https:\/\/ekkla.ch\/de\/produit\/deko-set-mein-beleuchteter-stadtbalkon\/","title":{"rendered":"Deko-Set &#8211; &#8222;Mein beleuchteter Stadtbalkon&#8220;"},"content":{"rendered":"<p>Es gibt nichts Romantischeres als einen kleinen h\u00fcbschen Balkon mit sch\u00f6ner Aussicht auf die Stadt. Aber es ist nicht immer einfach, solch kleine Fl\u00e4chen zu m\u00f6blieren oder zu beleuchten, damit die lauen Sommerabende tats\u00e4chlich in vollen Z\u00fcgen genossen werden k\u00f6nnen.<\/p>\n<p>Mit dem Deko-Kit &#8222;Mein beleuchteter Stadtbalkon&#8220; m\u00fcssen Sie sich nicht l\u00e4nger den Kopf zerbrechen. Wir haben f\u00fcr Sie 2 super-trendige Lampen ausgew\u00e4hlt, die sich perfekt f\u00fcr einen kleinen Balkon eignen. Die Stehlampe Mooon! von Fermob ist dank ihrer schmalen und l\u00e4nglichen Form die perfekte Leuchte f\u00fcr kleine Fl\u00e4chen. Vervollst\u00e4ndigen Sie den Look mit der h\u00fcbschen Tischlampe Bud von Innermost. Sie ist mobil, vielseitig und der perfekte Partner f\u00fcr die Beleuchtung Ihrer Aperos.<\/p>\n<p>Dieses Sortiment enth\u00e4lt:<\/p>\n<ul>\n<li><a href=\"https:\/\/ekkla.ch\/de\/produit\/stehlampe-h-134-cm-mooon-ockerrot-fermob\/\">Stehleuchte Mooon Ockerrot &#8211; Fermob<\/a><\/li>\n<li><a href=\"https:\/\/ekkla.ch\/de\/produit\/tischleuchte-bud-weiss-innermost-2\/\">Tischleuchte Bud Olive &#8211; Innermost<\/a><\/li>\n<\/ul>\n","protected":false},"excerpt":{"rendered":"<p>Es gibt nichts Romantischeres als einen kleinen h\u00fcbschen Balkon mit sch\u00f6ner Aussicht auf die Stadt. Aber es ist nicht immer einfach, solch kleine Fl\u00e4chen zu m\u00f6blieren oder zu beleuchten, damit die lauen Sommerabende tats\u00e4chlich in vollen Z\u00fcgen genossen werden k\u00f6nnen. Mit dem Deko-Kit &#8222;Mein beleuchteter Stadtbalkon&#8220; m\u00fcssen Sie sich nicht l\u00e4nger den Kopf zerbrechen. Wir [&hellip;]<\/p>\n","protected":false},"featured_media":153753,"template":"","meta":{"_acf_changed":false,"om_disable_all_campaigns":false},"product_cat":[289,290],"product_tag":[760,744,1022],"bundled_by":[],"bundle_stock_status":"onbackorder","bundle_stock_quantity":null,"bundle_virtual":false,"bundle_layout":"","bundle_add_to_cart_form_location":"","bundle_editable_in_cart":false,"bundle_sold_individually_context":"","bundle_item_grouping":"","bundle_min_size":"","bundle_max_size":"","bundle_price":[],"bundled_items":[],"bundle_sell_ids":[],"acf":[],"yoast_head":"<!-- This site is optimized with the Yoast SEO Premium plugin v22.2 (Yoast SEO v22.8) - https:\/\/yoast.com\/wordpress\/plugins\/seo\/ -->\n<title>Deko-Set | Mobile und kabellose Leuchten | Mein beleuchteter Balkon | Ekkla<\/title>\n<meta name=\"description\" content=\"Haben Sie einen kleinen Stadtbalkon, den Sie beleuchten m\u00f6chten? Entscheiden Sie sich f\u00fcr unser Sortiment an trendigen Lampen, die speziell f\u00fcr enge Fl\u00e4chen zusammengestellt wurden.\" \/>\n<meta name=\"robots\" content=\"index, follow, max-snippet:-1, max-image-preview:large, max-video-preview:-1\" \/>\n<link rel=\"canonical\" href=\"https:\/\/ekkla.ch\/de\/produit\/deko-set-mein-beleuchteter-stadtbalkon\/\" \/>\n<meta property=\"og:locale\" content=\"de_DE\" \/>\n<meta property=\"og:type\" content=\"article\" \/>\n<meta property=\"og:title\" content=\"Deko-Set - &quot;Mein beleuchteter Stadtbalkon&quot;\" \/>\n<meta property=\"og:description\" content=\"Haben Sie einen kleinen Stadtbalkon, den Sie beleuchten m\u00f6chten? Entscheiden Sie sich f\u00fcr unser Sortiment an trendigen Lampen, die speziell f\u00fcr enge Fl\u00e4chen zusammengestellt wurden.\" \/>\n<meta property=\"og:url\" content=\"https:\/\/ekkla.ch\/de\/produit\/deko-set-mein-beleuchteter-stadtbalkon\/\" \/>\n<meta property=\"og:site_name\" content=\"Ekkla\" \/>\n<meta property=\"article:modified_time\" content=\"2022-05-13T13:07:32+00:00\" \/>\n<meta property=\"og:image\" content=\"https:\/\/ekkla.ch\/wp-content\/uploads\/2022\/04\/ekkla-light-Balcon-citadin.jpg\" \/>\n\t<meta property=\"og:image:width\" content=\"900\" \/>\n\t<meta property=\"og:image:height\" content=\"900\" \/>\n\t<meta property=\"og:image:type\" content=\"image\/jpeg\" \/>\n<meta name=\"twitter:card\" content=\"summary_large_image\" \/>\n<meta name=\"twitter:label1\" content=\"Gesch\u00e4tzte Lesezeit\" \/>\n\t<meta name=\"twitter:data1\" content=\"1\u00a0Minute\" \/>\n<script type=\"application\/ld+json\" class=\"yoast-schema-graph\">{\"@context\":\"https:\/\/schema.org\",\"@graph\":[{\"@type\":\"WebPage\",\"@id\":\"https:\/\/ekkla.ch\/de\/produit\/deko-set-mein-beleuchteter-stadtbalkon\/\",\"url\":\"https:\/\/ekkla.ch\/de\/produit\/deko-set-mein-beleuchteter-stadtbalkon\/\",\"name\":\"Deko-Set | Mobile und kabellose Leuchten | Mein beleuchteter Balkon | Ekkla\",\"isPartOf\":{\"@id\":\"https:\/\/ekkla.ch\/#website\"},\"primaryImageOfPage\":{\"@id\":\"https:\/\/ekkla.ch\/de\/produit\/deko-set-mein-beleuchteter-stadtbalkon\/#primaryimage\"},\"image\":{\"@id\":\"https:\/\/ekkla.ch\/de\/produit\/deko-set-mein-beleuchteter-stadtbalkon\/#primaryimage\"},\"thumbnailUrl\":\"https:\/\/ekkla.ch\/wp-content\/uploads\/2022\/04\/ekkla-light-Balcon-citadin.jpg\",\"datePublished\":\"2022-04-25T12:03:30+00:00\",\"dateModified\":\"2022-05-13T13:07:32+00:00\",\"description\":\"Haben Sie einen kleinen Stadtbalkon, den Sie beleuchten m\u00f6chten? Entscheiden Sie sich f\u00fcr unser Sortiment an trendigen Lampen, die speziell f\u00fcr enge Fl\u00e4chen zusammengestellt wurden.\",\"breadcrumb\":{\"@id\":\"https:\/\/ekkla.ch\/de\/produit\/deko-set-mein-beleuchteter-stadtbalkon\/#breadcrumb\"},\"inLanguage\":\"de\",\"potentialAction\":[{\"@type\":\"ReadAction\",\"target\":[\"https:\/\/ekkla.ch\/de\/produit\/deko-set-mein-beleuchteter-stadtbalkon\/\"]}]},{\"@type\":\"ImageObject\",\"inLanguage\":\"de\",\"@id\":\"https:\/\/ekkla.ch\/de\/produit\/deko-set-mein-beleuchteter-stadtbalkon\/#primaryimage\",\"url\":\"https:\/\/ekkla.ch\/wp-content\/uploads\/2022\/04\/ekkla-light-Balcon-citadin.jpg\",\"contentUrl\":\"https:\/\/ekkla.ch\/wp-content\/uploads\/2022\/04\/ekkla-light-Balcon-citadin.jpg\",\"width\":900,\"height\":900},{\"@type\":\"BreadcrumbList\",\"@id\":\"https:\/\/ekkla.ch\/de\/produit\/deko-set-mein-beleuchteter-stadtbalkon\/#breadcrumb\",\"itemListElement\":[{\"@type\":\"ListItem\",\"position\":1,\"name\":\"Home\",\"item\":\"https:\/\/ekkla.ch\/de\/\"},{\"@type\":\"ListItem\",\"position\":2,\"name\":\"Shop\",\"item\":\"https:\/\/ekkla.ch\/de\/shop\/\"},{\"@type\":\"ListItem\",\"position\":3,\"name\":\"Deko-Set &#8211; &#8222;Mein beleuchteter Stadtbalkon&#8220;\"}]},{\"@type\":\"WebSite\",\"@id\":\"https:\/\/ekkla.ch\/#website\",\"url\":\"https:\/\/ekkla.ch\/\",\"name\":\"Ekkla\",\"description\":\"Der Onlineshop f\u00fcr Beleuchtung\",\"publisher\":{\"@id\":\"https:\/\/ekkla.ch\/#organization\"},\"potentialAction\":[{\"@type\":\"SearchAction\",\"target\":{\"@type\":\"EntryPoint\",\"urlTemplate\":\"https:\/\/ekkla.ch\/?s={search_term_string}\"},\"query-input\":\"required name=search_term_string\"}],\"inLanguage\":\"de\"},{\"@type\":\"Organization\",\"@id\":\"https:\/\/ekkla.ch\/#organization\",\"name\":\"Ekkla\",\"url\":\"https:\/\/ekkla.ch\/\",\"logo\":{\"@type\":\"ImageObject\",\"inLanguage\":\"de\",\"@id\":\"https:\/\/ekkla.ch\/#\/schema\/logo\/image\/\",\"url\":\"http:\/\/ekkla.ch\/wp-content\/uploads\/2019\/07\/logo-1.svg\",\"contentUrl\":\"http:\/\/ekkla.ch\/wp-content\/uploads\/2019\/07\/logo-1.svg\",\"width\":1,\"height\":1,\"caption\":\"Ekkla\"},\"image\":{\"@id\":\"https:\/\/ekkla.ch\/#\/schema\/logo\/image\/\"},\"sameAs\":[\"https:\/\/www.instagram.com\/ekkla_light\/\"]}]}<\/script>\n<!-- \/ Yoast SEO Premium plugin. -->","yoast_head_json":{"title":"Deko-Set | Mobile und kabellose Leuchten | Mein beleuchteter Balkon | Ekkla","description":"Haben Sie einen kleinen Stadtbalkon, den Sie beleuchten m\u00f6chten? Entscheiden Sie sich f\u00fcr unser Sortiment an trendigen Lampen, die speziell f\u00fcr enge Fl\u00e4chen zusammengestellt wurden.","robots":{"index":"index","follow":"follow","max-snippet":"max-snippet:-1","max-image-preview":"max-image-preview:large","max-video-preview":"max-video-preview:-1"},"canonical":"https:\/\/ekkla.ch\/de\/produit\/deko-set-mein-beleuchteter-stadtbalkon\/","og_locale":"de_DE","og_type":"article","og_title":"Deko-Set - \"Mein beleuchteter Stadtbalkon\"","og_description":"Haben Sie einen kleinen Stadtbalkon, den Sie beleuchten m\u00f6chten? Entscheiden Sie sich f\u00fcr unser Sortiment an trendigen Lampen, die speziell f\u00fcr enge Fl\u00e4chen zusammengestellt wurden.","og_url":"https:\/\/ekkla.ch\/de\/produit\/deko-set-mein-beleuchteter-stadtbalkon\/","og_site_name":"Ekkla","article_modified_time":"2022-05-13T13:07:32+00:00","og_image":[{"width":900,"height":900,"url":"https:\/\/ekkla.ch\/wp-content\/uploads\/2022\/04\/ekkla-light-Balcon-citadin.jpg","type":"image\/jpeg"}],"twitter_card":"summary_large_image","twitter_misc":{"Gesch\u00e4tzte Lesezeit":"1\u00a0Minute"},"schema":{"@context":"https:\/\/schema.org","@graph":[{"@type":"WebPage","@id":"https:\/\/ekkla.ch\/de\/produit\/deko-set-mein-beleuchteter-stadtbalkon\/","url":"https:\/\/ekkla.ch\/de\/produit\/deko-set-mein-beleuchteter-stadtbalkon\/","name":"Deko-Set | Mobile und kabellose Leuchten | Mein beleuchteter Balkon | Ekkla","isPartOf":{"@id":"https:\/\/ekkla.ch\/#website"},"primaryImageOfPage":{"@id":"https:\/\/ekkla.ch\/de\/produit\/deko-set-mein-beleuchteter-stadtbalkon\/#primaryimage"},"image":{"@id":"https:\/\/ekkla.ch\/de\/produit\/deko-set-mein-beleuchteter-stadtbalkon\/#primaryimage"},"thumbnailUrl":"https:\/\/ekkla.ch\/wp-content\/uploads\/2022\/04\/ekkla-light-Balcon-citadin.jpg","datePublished":"2022-04-25T12:03:30+00:00","dateModified":"2022-05-13T13:07:32+00:00","description":"Haben Sie einen kleinen Stadtbalkon, den Sie beleuchten m\u00f6chten? Entscheiden Sie sich f\u00fcr unser Sortiment an trendigen Lampen, die speziell f\u00fcr enge Fl\u00e4chen zusammengestellt wurden.","breadcrumb":{"@id":"https:\/\/ekkla.ch\/de\/produit\/deko-set-mein-beleuchteter-stadtbalkon\/#breadcrumb"},"inLanguage":"de","potentialAction":[{"@type":"ReadAction","target":["https:\/\/ekkla.ch\/de\/produit\/deko-set-mein-beleuchteter-stadtbalkon\/"]}]},{"@type":"ImageObject","inLanguage":"de","@id":"https:\/\/ekkla.ch\/de\/produit\/deko-set-mein-beleuchteter-stadtbalkon\/#primaryimage","url":"https:\/\/ekkla.ch\/wp-content\/uploads\/2022\/04\/ekkla-light-Balcon-citadin.jpg","contentUrl":"https:\/\/ekkla.ch\/wp-content\/uploads\/2022\/04\/ekkla-light-Balcon-citadin.jpg","width":900,"height":900},{"@type":"BreadcrumbList","@id":"https:\/\/ekkla.ch\/de\/produit\/deko-set-mein-beleuchteter-stadtbalkon\/#breadcrumb","itemListElement":[{"@type":"ListItem","position":1,"name":"Home","item":"https:\/\/ekkla.ch\/de\/"},{"@type":"ListItem","position":2,"name":"Shop","item":"https:\/\/ekkla.ch\/de\/shop\/"},{"@type":"ListItem","position":3,"name":"Deko-Set &#8211; &#8222;Mein beleuchteter Stadtbalkon&#8220;"}]},{"@type":"WebSite","@id":"https:\/\/ekkla.ch\/#website","url":"https:\/\/ekkla.ch\/","name":"Ekkla","description":"Der Onlineshop f\u00fcr Beleuchtung","publisher":{"@id":"https:\/\/ekkla.ch\/#organization"},"potentialAction":[{"@type":"SearchAction","target":{"@type":"EntryPoint","urlTemplate":"https:\/\/ekkla.ch\/?s={search_term_string}"},"query-input":"required name=search_term_string"}],"inLanguage":"de"},{"@type":"Organization","@id":"https:\/\/ekkla.ch\/#organization","name":"Ekkla","url":"https:\/\/ekkla.ch\/","logo":{"@type":"ImageObject","inLanguage":"de","@id":"https:\/\/ekkla.ch\/#\/schema\/logo\/image\/","url":"http:\/\/ekkla.ch\/wp-content\/uploads\/2019\/07\/logo-1.svg","contentUrl":"http:\/\/ekkla.ch\/wp-content\/uploads\/2019\/07\/logo-1.svg","width":1,"height":1,"caption":"Ekkla"},"image":{"@id":"https:\/\/ekkla.ch\/#\/schema\/logo\/image\/"},"sameAs":["https:\/\/www.instagram.com\/ekkla_light\/"]}]}},"_links":{"self":[{"href":"https:\/\/ekkla.ch\/de\/wp-json\/wp\/v2\/product\/153664"}],"collection":[{"href":"https:\/\/ekkla.ch\/de\/wp-json\/wp\/v2\/product"}],"about":[{"href":"https:\/\/ekkla.ch\/de\/wp-json\/wp\/v2\/types\/product"}],"wp:featuredmedia":[{"embeddable":true,"href":"https:\/\/ekkla.ch\/de\/wp-json\/wp\/v2\/media\/153753"}],"wp:attachment":[{"href":"https:\/\/ekkla.ch\/de\/wp-json\/wp\/v2\/media?parent=153664"}],"wp:term":[{"taxonomy":"product_cat","embeddable":true,"href":"https:\/\/ekkla.ch\/de\/wp-json\/wp\/v2\/product_cat?post=153664"},{"taxonomy":"product_tag","embeddable":true,"href":"https:\/\/ekkla.ch\/de\/wp-json\/wp\/v2\/product_tag?post=153664"}],"curies":[{"name":"wp","href":"https:\/\/api.w.org\/{rel}","templated":true}]}}