{"id":154268,"date":"2019-06-29T18:43:59","date_gmt":"2019-06-29T16:43:59","guid":{"rendered":"https:\/\/ekkla.ch\/produit\/stehleuchte-valencia-gold-its-about-romi\/"},"modified":"2023-02-27T00:00:11","modified_gmt":"2023-02-26T23:00:11","slug":"stehleuchte-valencia-gold-its-about-romi","status":"publish","type":"product","link":"https:\/\/ekkla.ch\/de\/produit\/stehleuchte-valencia-gold-its-about-romi\/","title":{"rendered":"Stehleuchte Valencia &#8211; Goldiges Metall &#8211; H.144 &#8211; It&#8217;s About Romi"},"content":{"rendered":"<p>Die Stehleuchte It&#8217;s About Romi mit ihrem schlichten Design und den warmen Farben weckt Ihr Zuhause definitiv auf. Die Lampe ist schick, aber dennoch schlicht und modern und verleiht jedem Ort, an dem Sie sie aufstellen, eine stilvolle Note. Sie ist ideal in der N\u00e4he eines Sofas und passt perfekt in jedes Zimmer Ihres Hauses. Ihre schlanken Linien eignen sich perfekt f\u00fcr kleine R\u00e4ume und nehmen nur wenig Platz ein. Gl\u00fchbirne nicht inbegriffen.<\/p>\n<blockquote>\n<h2 style=\"text-align: left;\">Merkmale &amp; Eigenschaften<\/h2>\n<p><strong>Marke<\/strong>\u00a0It&#8217;s About Romi<\/p>\n<p style=\"text-align: left;\"><strong>Farbe<\/strong>\u00a0Gold<\/p>\n<p style=\"text-align: left;\"><strong>Material<\/strong> Metall<\/p>\n<p style=\"text-align: left;\"><strong>Gl\u00fchbirne<\/strong>\u00a0E14<\/p>\n<p style=\"text-align: left;\"><strong>Max. Leistung (W)<\/strong> 40<\/p>\n<p style=\"text-align: left;\"><strong>Breite (cm)<\/strong> 44<\/p>\n<p style=\"text-align: left;\"><strong>H\u00f6he (cm)<\/strong> 144<\/p>\n<\/blockquote>\n","protected":false},"excerpt":{"rendered":"<p>Die Stehleuchte It&#8217;s About Romi mit ihrem schlichten Design und den warmen Farben weckt Ihr Zuhause definitiv auf. Die Lampe ist schick, aber dennoch schlicht und modern und verleiht jedem Ort, an dem Sie sie aufstellen, eine stilvolle Note. Sie ist ideal in der N\u00e4he eines Sofas und passt perfekt in jedes Zimmer Ihres Hauses. [&hellip;]<\/p>\n","protected":false},"featured_media":2030,"template":"","meta":{"_acf_changed":false,"om_disable_all_campaigns":false},"product_cat":[289],"product_tag":[898,554,1188,816,603,942],"bundled_by":[],"bundle_stock_status":"onbackorder","bundle_stock_quantity":null,"bundle_virtual":false,"bundle_layout":"","bundle_add_to_cart_form_location":"","bundle_editable_in_cart":false,"bundle_sold_individually_context":"","bundle_item_grouping":"","bundle_min_size":"","bundle_max_size":"","bundle_price":[],"bundled_items":[],"bundle_sell_ids":[],"acf":[],"yoast_head":"<!-- This site is optimized with the Yoast SEO Premium plugin v22.2 (Yoast SEO v22.8) - https:\/\/yoast.com\/wordpress\/plugins\/seo\/ -->\n<title>It&#039;s About Romi | Stehleuchte Valencia | Gold | Ekkla<\/title>\n<meta name=\"description\" content=\"Eine trendige Leuchte, die einer Inneneinrichtung einen Vintage- und Retro-Touch verleiht. Sie wird ein Wohn- oder Schlafzimmer perfekt beleuchten.\" \/>\n<meta name=\"robots\" content=\"index, follow, max-snippet:-1, max-image-preview:large, max-video-preview:-1\" \/>\n<link rel=\"canonical\" href=\"https:\/\/ekkla.ch\/de\/produit\/stehleuchte-valencia-gold-its-about-romi\/\" \/>\n<meta property=\"og:locale\" content=\"de_DE\" \/>\n<meta property=\"og:type\" content=\"article\" \/>\n<meta property=\"og:title\" content=\"Stehleuchte Valencia - Goldiges Metall - H.144 - It&#039;s About Romi\" \/>\n<meta property=\"og:description\" content=\"Eine trendige Leuchte, die einer Inneneinrichtung einen Vintage- und Retro-Touch verleiht. Sie wird ein Wohn- oder Schlafzimmer perfekt beleuchten.\" \/>\n<meta property=\"og:url\" content=\"https:\/\/ekkla.ch\/de\/produit\/stehleuchte-valencia-gold-its-about-romi\/\" \/>\n<meta property=\"og:site_name\" content=\"Ekkla\" \/>\n<meta property=\"article:modified_time\" content=\"2023-02-26T23:00:11+00:00\" \/>\n<meta property=\"og:image\" content=\"https:\/\/ekkla.ch\/wp-content\/uploads\/2019\/06\/Lampadaire_Valencia_-_Romi_2ec5c218-8658-4976-9acc-09a841c3b70a.jpg\" \/>\n\t<meta property=\"og:image:width\" content=\"1771\" \/>\n\t<meta property=\"og:image:height\" content=\"1771\" \/>\n\t<meta property=\"og:image:type\" content=\"image\/jpeg\" \/>\n<meta name=\"twitter:card\" content=\"summary_large_image\" \/>\n<meta name=\"twitter:label1\" content=\"Gesch\u00e4tzte Lesezeit\" \/>\n\t<meta name=\"twitter:data1\" content=\"1\u00a0Minute\" \/>\n<script type=\"application\/ld+json\" class=\"yoast-schema-graph\">{\"@context\":\"https:\/\/schema.org\",\"@graph\":[{\"@type\":\"WebPage\",\"@id\":\"https:\/\/ekkla.ch\/de\/produit\/stehleuchte-valencia-gold-its-about-romi\/\",\"url\":\"https:\/\/ekkla.ch\/de\/produit\/stehleuchte-valencia-gold-its-about-romi\/\",\"name\":\"It's About Romi | Stehleuchte Valencia | Gold | Ekkla\",\"isPartOf\":{\"@id\":\"https:\/\/ekkla.ch\/#website\"},\"primaryImageOfPage\":{\"@id\":\"https:\/\/ekkla.ch\/de\/produit\/stehleuchte-valencia-gold-its-about-romi\/#primaryimage\"},\"image\":{\"@id\":\"https:\/\/ekkla.ch\/de\/produit\/stehleuchte-valencia-gold-its-about-romi\/#primaryimage\"},\"thumbnailUrl\":\"https:\/\/ekkla.ch\/wp-content\/uploads\/2019\/06\/Lampadaire_Valencia_-_Romi_2ec5c218-8658-4976-9acc-09a841c3b70a.jpg\",\"datePublished\":\"2019-06-29T16:43:59+00:00\",\"dateModified\":\"2023-02-26T23:00:11+00:00\",\"description\":\"Eine trendige Leuchte, die einer Inneneinrichtung einen Vintage- und Retro-Touch verleiht. Sie wird ein Wohn- oder Schlafzimmer perfekt beleuchten.\",\"breadcrumb\":{\"@id\":\"https:\/\/ekkla.ch\/de\/produit\/stehleuchte-valencia-gold-its-about-romi\/#breadcrumb\"},\"inLanguage\":\"de\",\"potentialAction\":[{\"@type\":\"ReadAction\",\"target\":[\"https:\/\/ekkla.ch\/de\/produit\/stehleuchte-valencia-gold-its-about-romi\/\"]}]},{\"@type\":\"ImageObject\",\"inLanguage\":\"de\",\"@id\":\"https:\/\/ekkla.ch\/de\/produit\/stehleuchte-valencia-gold-its-about-romi\/#primaryimage\",\"url\":\"https:\/\/ekkla.ch\/wp-content\/uploads\/2019\/06\/Lampadaire_Valencia_-_Romi_2ec5c218-8658-4976-9acc-09a841c3b70a.jpg\",\"contentUrl\":\"https:\/\/ekkla.ch\/wp-content\/uploads\/2019\/06\/Lampadaire_Valencia_-_Romi_2ec5c218-8658-4976-9acc-09a841c3b70a.jpg\",\"width\":1771,\"height\":1771},{\"@type\":\"BreadcrumbList\",\"@id\":\"https:\/\/ekkla.ch\/de\/produit\/stehleuchte-valencia-gold-its-about-romi\/#breadcrumb\",\"itemListElement\":[{\"@type\":\"ListItem\",\"position\":1,\"name\":\"Home\",\"item\":\"https:\/\/ekkla.ch\/de\/\"},{\"@type\":\"ListItem\",\"position\":2,\"name\":\"Shop\",\"item\":\"https:\/\/ekkla.ch\/de\/shop\/\"},{\"@type\":\"ListItem\",\"position\":3,\"name\":\"Stehleuchte Valencia &#8211; Goldiges Metall &#8211; H.144 &#8211; It&#8217;s About Romi\"}]},{\"@type\":\"WebSite\",\"@id\":\"https:\/\/ekkla.ch\/#website\",\"url\":\"https:\/\/ekkla.ch\/\",\"name\":\"Ekkla\",\"description\":\"Der Onlineshop f\u00fcr Beleuchtung\",\"publisher\":{\"@id\":\"https:\/\/ekkla.ch\/#organization\"},\"potentialAction\":[{\"@type\":\"SearchAction\",\"target\":{\"@type\":\"EntryPoint\",\"urlTemplate\":\"https:\/\/ekkla.ch\/?s={search_term_string}\"},\"query-input\":\"required name=search_term_string\"}],\"inLanguage\":\"de\"},{\"@type\":\"Organization\",\"@id\":\"https:\/\/ekkla.ch\/#organization\",\"name\":\"Ekkla\",\"url\":\"https:\/\/ekkla.ch\/\",\"logo\":{\"@type\":\"ImageObject\",\"inLanguage\":\"de\",\"@id\":\"https:\/\/ekkla.ch\/#\/schema\/logo\/image\/\",\"url\":\"http:\/\/ekkla.ch\/wp-content\/uploads\/2019\/07\/logo-1.svg\",\"contentUrl\":\"http:\/\/ekkla.ch\/wp-content\/uploads\/2019\/07\/logo-1.svg\",\"width\":1,\"height\":1,\"caption\":\"Ekkla\"},\"image\":{\"@id\":\"https:\/\/ekkla.ch\/#\/schema\/logo\/image\/\"},\"sameAs\":[\"https:\/\/www.instagram.com\/ekkla_light\/\"]}]}<\/script>\n<!-- \/ Yoast SEO Premium plugin. -->","yoast_head_json":{"title":"It's About Romi | Stehleuchte Valencia | Gold | Ekkla","description":"Eine trendige Leuchte, die einer Inneneinrichtung einen Vintage- und Retro-Touch verleiht. Sie wird ein Wohn- oder Schlafzimmer perfekt beleuchten.","robots":{"index":"index","follow":"follow","max-snippet":"max-snippet:-1","max-image-preview":"max-image-preview:large","max-video-preview":"max-video-preview:-1"},"canonical":"https:\/\/ekkla.ch\/de\/produit\/stehleuchte-valencia-gold-its-about-romi\/","og_locale":"de_DE","og_type":"article","og_title":"Stehleuchte Valencia - Goldiges Metall - H.144 - It's About Romi","og_description":"Eine trendige Leuchte, die einer Inneneinrichtung einen Vintage- und Retro-Touch verleiht. Sie wird ein Wohn- oder Schlafzimmer perfekt beleuchten.","og_url":"https:\/\/ekkla.ch\/de\/produit\/stehleuchte-valencia-gold-its-about-romi\/","og_site_name":"Ekkla","article_modified_time":"2023-02-26T23:00:11+00:00","og_image":[{"width":1771,"height":1771,"url":"https:\/\/ekkla.ch\/wp-content\/uploads\/2019\/06\/Lampadaire_Valencia_-_Romi_2ec5c218-8658-4976-9acc-09a841c3b70a.jpg","type":"image\/jpeg"}],"twitter_card":"summary_large_image","twitter_misc":{"Gesch\u00e4tzte Lesezeit":"1\u00a0Minute"},"schema":{"@context":"https:\/\/schema.org","@graph":[{"@type":"WebPage","@id":"https:\/\/ekkla.ch\/de\/produit\/stehleuchte-valencia-gold-its-about-romi\/","url":"https:\/\/ekkla.ch\/de\/produit\/stehleuchte-valencia-gold-its-about-romi\/","name":"It's About Romi | Stehleuchte Valencia | Gold | Ekkla","isPartOf":{"@id":"https:\/\/ekkla.ch\/#website"},"primaryImageOfPage":{"@id":"https:\/\/ekkla.ch\/de\/produit\/stehleuchte-valencia-gold-its-about-romi\/#primaryimage"},"image":{"@id":"https:\/\/ekkla.ch\/de\/produit\/stehleuchte-valencia-gold-its-about-romi\/#primaryimage"},"thumbnailUrl":"https:\/\/ekkla.ch\/wp-content\/uploads\/2019\/06\/Lampadaire_Valencia_-_Romi_2ec5c218-8658-4976-9acc-09a841c3b70a.jpg","datePublished":"2019-06-29T16:43:59+00:00","dateModified":"2023-02-26T23:00:11+00:00","description":"Eine trendige Leuchte, die einer Inneneinrichtung einen Vintage- und Retro-Touch verleiht. Sie wird ein Wohn- oder Schlafzimmer perfekt beleuchten.","breadcrumb":{"@id":"https:\/\/ekkla.ch\/de\/produit\/stehleuchte-valencia-gold-its-about-romi\/#breadcrumb"},"inLanguage":"de","potentialAction":[{"@type":"ReadAction","target":["https:\/\/ekkla.ch\/de\/produit\/stehleuchte-valencia-gold-its-about-romi\/"]}]},{"@type":"ImageObject","inLanguage":"de","@id":"https:\/\/ekkla.ch\/de\/produit\/stehleuchte-valencia-gold-its-about-romi\/#primaryimage","url":"https:\/\/ekkla.ch\/wp-content\/uploads\/2019\/06\/Lampadaire_Valencia_-_Romi_2ec5c218-8658-4976-9acc-09a841c3b70a.jpg","contentUrl":"https:\/\/ekkla.ch\/wp-content\/uploads\/2019\/06\/Lampadaire_Valencia_-_Romi_2ec5c218-8658-4976-9acc-09a841c3b70a.jpg","width":1771,"height":1771},{"@type":"BreadcrumbList","@id":"https:\/\/ekkla.ch\/de\/produit\/stehleuchte-valencia-gold-its-about-romi\/#breadcrumb","itemListElement":[{"@type":"ListItem","position":1,"name":"Home","item":"https:\/\/ekkla.ch\/de\/"},{"@type":"ListItem","position":2,"name":"Shop","item":"https:\/\/ekkla.ch\/de\/shop\/"},{"@type":"ListItem","position":3,"name":"Stehleuchte Valencia &#8211; Goldiges Metall &#8211; H.144 &#8211; It&#8217;s About Romi"}]},{"@type":"WebSite","@id":"https:\/\/ekkla.ch\/#website","url":"https:\/\/ekkla.ch\/","name":"Ekkla","description":"Der Onlineshop f\u00fcr Beleuchtung","publisher":{"@id":"https:\/\/ekkla.ch\/#organization"},"potentialAction":[{"@type":"SearchAction","target":{"@type":"EntryPoint","urlTemplate":"https:\/\/ekkla.ch\/?s={search_term_string}"},"query-input":"required name=search_term_string"}],"inLanguage":"de"},{"@type":"Organization","@id":"https:\/\/ekkla.ch\/#organization","name":"Ekkla","url":"https:\/\/ekkla.ch\/","logo":{"@type":"ImageObject","inLanguage":"de","@id":"https:\/\/ekkla.ch\/#\/schema\/logo\/image\/","url":"http:\/\/ekkla.ch\/wp-content\/uploads\/2019\/07\/logo-1.svg","contentUrl":"http:\/\/ekkla.ch\/wp-content\/uploads\/2019\/07\/logo-1.svg","width":1,"height":1,"caption":"Ekkla"},"image":{"@id":"https:\/\/ekkla.ch\/#\/schema\/logo\/image\/"},"sameAs":["https:\/\/www.instagram.com\/ekkla_light\/"]}]}},"_links":{"self":[{"href":"https:\/\/ekkla.ch\/de\/wp-json\/wp\/v2\/product\/154268"}],"collection":[{"href":"https:\/\/ekkla.ch\/de\/wp-json\/wp\/v2\/product"}],"about":[{"href":"https:\/\/ekkla.ch\/de\/wp-json\/wp\/v2\/types\/product"}],"wp:featuredmedia":[{"embeddable":true,"href":"https:\/\/ekkla.ch\/de\/wp-json\/wp\/v2\/media\/2030"}],"wp:attachment":[{"href":"https:\/\/ekkla.ch\/de\/wp-json\/wp\/v2\/media?parent=154268"}],"wp:term":[{"taxonomy":"product_cat","embeddable":true,"href":"https:\/\/ekkla.ch\/de\/wp-json\/wp\/v2\/product_cat?post=154268"},{"taxonomy":"product_tag","embeddable":true,"href":"https:\/\/ekkla.ch\/de\/wp-json\/wp\/v2\/product_tag?post=154268"}],"curies":[{"name":"wp","href":"https:\/\/api.w.org\/{rel}","templated":true}]}}