{"id":157768,"date":"2020-06-29T18:05:03","date_gmt":"2020-06-29T16:05:03","guid":{"rendered":"https:\/\/ekkla.ch\/produit\/wandleuchte-beluga-eno-studio\/"},"modified":"2023-07-04T14:20:29","modified_gmt":"2023-07-04T12:20:29","slug":"wandleuchte-beluga-eno-studio","status":"publish","type":"product","link":"https:\/\/ekkla.ch\/de\/produit\/wandleuchte-beluga-eno-studio\/","title":{"rendered":"Wandleuchte B\u00e9luga &#8211; Eno Studio"},"content":{"rendered":"<p>Die Wandleuchte aus dem Hause Eno Studio ist ganz offensichtlich ein Kunstwerk . Gedacht als eine Begegnung zweier antagonistischer Elemente, ist die Wandleuchte Beluga eine Kombination einer unver\u00e4nderlichen mineralischen Basis und eines organischen Diffusors, der von der Schwerkraft \u00fcberw\u00e4ltigt wird. Die Beluga-Leuchte besteht aus einem mundgeblasenen Glasschirm und einer Stahlbasis f\u00fcr eine schicke und originelle \u00c4sthetik. Gl\u00fchbirne nicht inbegriffen.<\/p>\n<blockquote>\n<h2 style=\"text-align: left;\">Merkmale &amp; Eigenschaften<\/h2>\n<p><strong>Marke<\/strong> Eno Studios<\/p>\n<p style=\"text-align: left;\"><strong>Farben<\/strong> Silber | Weiss<\/p>\n<p style=\"text-align: left;\"><strong>Materialien<\/strong>\u00a0 Messingstahl | Geblasenes Glas<\/p>\n<p style=\"text-align: left;\"><b>Gl\u00fchbirne \u00a0<\/b>G9<\/p>\n<p><strong>Max. Leistung<\/strong>\u00a0<strong>(W) <\/strong>25<\/p>\n<p style=\"text-align: left;\"><strong>Tiefe (cm)<\/strong> 17<\/p>\n<p><strong>Breite (cm) <\/strong>33<\/p>\n<p style=\"text-align: left;\"><strong>H\u00f6he (cm)<\/strong> 29<\/p>\n<\/blockquote>\n","protected":false},"excerpt":{"rendered":"<p>Die Wandleuchte aus dem Hause Eno Studio ist ganz offensichtlich ein Kunstwerk . Gedacht als eine Begegnung zweier antagonistischer Elemente, ist die Wandleuchte Beluga eine Kombination einer unver\u00e4nderlichen mineralischen Basis und eines organischen Diffusors, der von der Schwerkraft \u00fcberw\u00e4ltigt wird. Die Beluga-Leuchte besteht aus einem mundgeblasenen Glasschirm und einer Stahlbasis f\u00fcr eine schicke und originelle [&hellip;]<\/p>\n","protected":false},"featured_media":179221,"template":"","meta":{"_acf_changed":false,"om_disable_all_campaigns":false},"product_cat":[286],"product_tag":[1248,1180,1188,1265,1077,816,872,883,403,1209,1092],"bundled_by":[],"bundle_stock_status":"instock","bundle_stock_quantity":1,"bundle_virtual":false,"bundle_layout":"","bundle_add_to_cart_form_location":"","bundle_editable_in_cart":false,"bundle_sold_individually_context":"","bundle_item_grouping":"","bundle_min_size":"","bundle_max_size":"","bundle_price":[],"bundled_items":[],"bundle_sell_ids":[],"acf":[],"yoast_head":"<!-- This site is optimized with the Yoast SEO Premium plugin v22.2 (Yoast SEO v22.8) - https:\/\/yoast.com\/wordpress\/plugins\/seo\/ -->\n<title>Eno Studio | Wandleuchte B\u00e9luga | Zeitgen\u00f6ssisches Design | Ekkla<\/title>\n<meta name=\"description\" content=\"Die Wandleuchte B\u00e9luga aus dem Hause Eno Studio ist eine schicke und originelle Leuchte. Sie ist ideal, um einer Einrichtung mehr Dynamik zu verleihen.\" \/>\n<meta name=\"robots\" content=\"index, follow, max-snippet:-1, max-image-preview:large, max-video-preview:-1\" \/>\n<link rel=\"canonical\" href=\"https:\/\/ekkla.ch\/de\/produit\/wandleuchte-beluga-eno-studio\/\" \/>\n<meta property=\"og:locale\" content=\"de_DE\" \/>\n<meta property=\"og:type\" content=\"article\" \/>\n<meta property=\"og:title\" content=\"Wandleuchte B\u00e9luga - Eno Studio\" \/>\n<meta property=\"og:description\" content=\"Die Wandleuchte B\u00e9luga aus dem Hause Eno Studio ist eine schicke und originelle Leuchte. Sie ist ideal, um einer Einrichtung mehr Dynamik zu verleihen.\" \/>\n<meta property=\"og:url\" content=\"https:\/\/ekkla.ch\/de\/produit\/wandleuchte-beluga-eno-studio\/\" \/>\n<meta property=\"og:site_name\" content=\"Ekkla\" \/>\n<meta property=\"article:modified_time\" content=\"2023-07-04T12:20:29+00:00\" \/>\n<meta property=\"og:image\" content=\"https:\/\/ekkla.ch\/wp-content\/uploads\/2020\/06\/ekkla_light_eno_studio_beluga.jpg\" \/>\n\t<meta property=\"og:image:width\" content=\"900\" \/>\n\t<meta property=\"og:image:height\" content=\"900\" \/>\n\t<meta property=\"og:image:type\" content=\"image\/jpeg\" \/>\n<meta name=\"twitter:card\" content=\"summary_large_image\" \/>\n<script type=\"application\/ld+json\" class=\"yoast-schema-graph\">{\"@context\":\"https:\/\/schema.org\",\"@graph\":[{\"@type\":\"WebPage\",\"@id\":\"https:\/\/ekkla.ch\/de\/produit\/wandleuchte-beluga-eno-studio\/\",\"url\":\"https:\/\/ekkla.ch\/de\/produit\/wandleuchte-beluga-eno-studio\/\",\"name\":\"Eno Studio | Wandleuchte B\u00e9luga | Zeitgen\u00f6ssisches Design | Ekkla\",\"isPartOf\":{\"@id\":\"https:\/\/ekkla.ch\/#website\"},\"primaryImageOfPage\":{\"@id\":\"https:\/\/ekkla.ch\/de\/produit\/wandleuchte-beluga-eno-studio\/#primaryimage\"},\"image\":{\"@id\":\"https:\/\/ekkla.ch\/de\/produit\/wandleuchte-beluga-eno-studio\/#primaryimage\"},\"thumbnailUrl\":\"https:\/\/ekkla.ch\/wp-content\/uploads\/2020\/06\/ekkla_light_eno_studio_beluga.jpg\",\"datePublished\":\"2020-06-29T16:05:03+00:00\",\"dateModified\":\"2023-07-04T12:20:29+00:00\",\"description\":\"Die Wandleuchte B\u00e9luga aus dem Hause Eno Studio ist eine schicke und originelle Leuchte. Sie ist ideal, um einer Einrichtung mehr Dynamik zu verleihen.\",\"breadcrumb\":{\"@id\":\"https:\/\/ekkla.ch\/de\/produit\/wandleuchte-beluga-eno-studio\/#breadcrumb\"},\"inLanguage\":\"de\",\"potentialAction\":[{\"@type\":\"ReadAction\",\"target\":[\"https:\/\/ekkla.ch\/de\/produit\/wandleuchte-beluga-eno-studio\/\"]}]},{\"@type\":\"ImageObject\",\"inLanguage\":\"de\",\"@id\":\"https:\/\/ekkla.ch\/de\/produit\/wandleuchte-beluga-eno-studio\/#primaryimage\",\"url\":\"https:\/\/ekkla.ch\/wp-content\/uploads\/2020\/06\/ekkla_light_eno_studio_beluga.jpg\",\"contentUrl\":\"https:\/\/ekkla.ch\/wp-content\/uploads\/2020\/06\/ekkla_light_eno_studio_beluga.jpg\",\"width\":900,\"height\":900},{\"@type\":\"BreadcrumbList\",\"@id\":\"https:\/\/ekkla.ch\/de\/produit\/wandleuchte-beluga-eno-studio\/#breadcrumb\",\"itemListElement\":[{\"@type\":\"ListItem\",\"position\":1,\"name\":\"Home\",\"item\":\"https:\/\/ekkla.ch\/de\/\"},{\"@type\":\"ListItem\",\"position\":2,\"name\":\"Shop\",\"item\":\"https:\/\/ekkla.ch\/de\/shop\/\"},{\"@type\":\"ListItem\",\"position\":3,\"name\":\"Wandleuchte B\u00e9luga &#8211; Eno Studio\"}]},{\"@type\":\"WebSite\",\"@id\":\"https:\/\/ekkla.ch\/#website\",\"url\":\"https:\/\/ekkla.ch\/\",\"name\":\"Ekkla\",\"description\":\"Der Onlineshop f\u00fcr Beleuchtung\",\"publisher\":{\"@id\":\"https:\/\/ekkla.ch\/#organization\"},\"potentialAction\":[{\"@type\":\"SearchAction\",\"target\":{\"@type\":\"EntryPoint\",\"urlTemplate\":\"https:\/\/ekkla.ch\/?s={search_term_string}\"},\"query-input\":\"required name=search_term_string\"}],\"inLanguage\":\"de\"},{\"@type\":\"Organization\",\"@id\":\"https:\/\/ekkla.ch\/#organization\",\"name\":\"Ekkla\",\"url\":\"https:\/\/ekkla.ch\/\",\"logo\":{\"@type\":\"ImageObject\",\"inLanguage\":\"de\",\"@id\":\"https:\/\/ekkla.ch\/#\/schema\/logo\/image\/\",\"url\":\"http:\/\/ekkla.ch\/wp-content\/uploads\/2019\/07\/logo-1.svg\",\"contentUrl\":\"http:\/\/ekkla.ch\/wp-content\/uploads\/2019\/07\/logo-1.svg\",\"width\":1,\"height\":1,\"caption\":\"Ekkla\"},\"image\":{\"@id\":\"https:\/\/ekkla.ch\/#\/schema\/logo\/image\/\"},\"sameAs\":[\"https:\/\/www.instagram.com\/ekkla_light\/\"]}]}<\/script>\n<!-- \/ Yoast SEO Premium plugin. -->","yoast_head_json":{"title":"Eno Studio | Wandleuchte B\u00e9luga | Zeitgen\u00f6ssisches Design | Ekkla","description":"Die Wandleuchte B\u00e9luga aus dem Hause Eno Studio ist eine schicke und originelle Leuchte. Sie ist ideal, um einer Einrichtung mehr Dynamik zu verleihen.","robots":{"index":"index","follow":"follow","max-snippet":"max-snippet:-1","max-image-preview":"max-image-preview:large","max-video-preview":"max-video-preview:-1"},"canonical":"https:\/\/ekkla.ch\/de\/produit\/wandleuchte-beluga-eno-studio\/","og_locale":"de_DE","og_type":"article","og_title":"Wandleuchte B\u00e9luga - Eno Studio","og_description":"Die Wandleuchte B\u00e9luga aus dem Hause Eno Studio ist eine schicke und originelle Leuchte. Sie ist ideal, um einer Einrichtung mehr Dynamik zu verleihen.","og_url":"https:\/\/ekkla.ch\/de\/produit\/wandleuchte-beluga-eno-studio\/","og_site_name":"Ekkla","article_modified_time":"2023-07-04T12:20:29+00:00","og_image":[{"width":900,"height":900,"url":"https:\/\/ekkla.ch\/wp-content\/uploads\/2020\/06\/ekkla_light_eno_studio_beluga.jpg","type":"image\/jpeg"}],"twitter_card":"summary_large_image","schema":{"@context":"https:\/\/schema.org","@graph":[{"@type":"WebPage","@id":"https:\/\/ekkla.ch\/de\/produit\/wandleuchte-beluga-eno-studio\/","url":"https:\/\/ekkla.ch\/de\/produit\/wandleuchte-beluga-eno-studio\/","name":"Eno Studio | Wandleuchte B\u00e9luga | Zeitgen\u00f6ssisches Design | Ekkla","isPartOf":{"@id":"https:\/\/ekkla.ch\/#website"},"primaryImageOfPage":{"@id":"https:\/\/ekkla.ch\/de\/produit\/wandleuchte-beluga-eno-studio\/#primaryimage"},"image":{"@id":"https:\/\/ekkla.ch\/de\/produit\/wandleuchte-beluga-eno-studio\/#primaryimage"},"thumbnailUrl":"https:\/\/ekkla.ch\/wp-content\/uploads\/2020\/06\/ekkla_light_eno_studio_beluga.jpg","datePublished":"2020-06-29T16:05:03+00:00","dateModified":"2023-07-04T12:20:29+00:00","description":"Die Wandleuchte B\u00e9luga aus dem Hause Eno Studio ist eine schicke und originelle Leuchte. Sie ist ideal, um einer Einrichtung mehr Dynamik zu verleihen.","breadcrumb":{"@id":"https:\/\/ekkla.ch\/de\/produit\/wandleuchte-beluga-eno-studio\/#breadcrumb"},"inLanguage":"de","potentialAction":[{"@type":"ReadAction","target":["https:\/\/ekkla.ch\/de\/produit\/wandleuchte-beluga-eno-studio\/"]}]},{"@type":"ImageObject","inLanguage":"de","@id":"https:\/\/ekkla.ch\/de\/produit\/wandleuchte-beluga-eno-studio\/#primaryimage","url":"https:\/\/ekkla.ch\/wp-content\/uploads\/2020\/06\/ekkla_light_eno_studio_beluga.jpg","contentUrl":"https:\/\/ekkla.ch\/wp-content\/uploads\/2020\/06\/ekkla_light_eno_studio_beluga.jpg","width":900,"height":900},{"@type":"BreadcrumbList","@id":"https:\/\/ekkla.ch\/de\/produit\/wandleuchte-beluga-eno-studio\/#breadcrumb","itemListElement":[{"@type":"ListItem","position":1,"name":"Home","item":"https:\/\/ekkla.ch\/de\/"},{"@type":"ListItem","position":2,"name":"Shop","item":"https:\/\/ekkla.ch\/de\/shop\/"},{"@type":"ListItem","position":3,"name":"Wandleuchte B\u00e9luga &#8211; Eno Studio"}]},{"@type":"WebSite","@id":"https:\/\/ekkla.ch\/#website","url":"https:\/\/ekkla.ch\/","name":"Ekkla","description":"Der Onlineshop f\u00fcr Beleuchtung","publisher":{"@id":"https:\/\/ekkla.ch\/#organization"},"potentialAction":[{"@type":"SearchAction","target":{"@type":"EntryPoint","urlTemplate":"https:\/\/ekkla.ch\/?s={search_term_string}"},"query-input":"required name=search_term_string"}],"inLanguage":"de"},{"@type":"Organization","@id":"https:\/\/ekkla.ch\/#organization","name":"Ekkla","url":"https:\/\/ekkla.ch\/","logo":{"@type":"ImageObject","inLanguage":"de","@id":"https:\/\/ekkla.ch\/#\/schema\/logo\/image\/","url":"http:\/\/ekkla.ch\/wp-content\/uploads\/2019\/07\/logo-1.svg","contentUrl":"http:\/\/ekkla.ch\/wp-content\/uploads\/2019\/07\/logo-1.svg","width":1,"height":1,"caption":"Ekkla"},"image":{"@id":"https:\/\/ekkla.ch\/#\/schema\/logo\/image\/"},"sameAs":["https:\/\/www.instagram.com\/ekkla_light\/"]}]}},"_links":{"self":[{"href":"https:\/\/ekkla.ch\/de\/wp-json\/wp\/v2\/product\/157768"}],"collection":[{"href":"https:\/\/ekkla.ch\/de\/wp-json\/wp\/v2\/product"}],"about":[{"href":"https:\/\/ekkla.ch\/de\/wp-json\/wp\/v2\/types\/product"}],"wp:featuredmedia":[{"embeddable":true,"href":"https:\/\/ekkla.ch\/de\/wp-json\/wp\/v2\/media\/179221"}],"wp:attachment":[{"href":"https:\/\/ekkla.ch\/de\/wp-json\/wp\/v2\/media?parent=157768"}],"wp:term":[{"taxonomy":"product_cat","embeddable":true,"href":"https:\/\/ekkla.ch\/de\/wp-json\/wp\/v2\/product_cat?post=157768"},{"taxonomy":"product_tag","embeddable":true,"href":"https:\/\/ekkla.ch\/de\/wp-json\/wp\/v2\/product_tag?post=157768"}],"curies":[{"name":"wp","href":"https:\/\/api.w.org\/{rel}","templated":true}]}}