{"id":157771,"date":"2021-02-22T13:36:52","date_gmt":"2021-02-22T12:36:52","guid":{"rendered":"https:\/\/ekkla.ch\/produit\/wandleuchte-delwa-slv\/"},"modified":"2023-02-11T12:32:09","modified_gmt":"2023-02-11T11:32:09","slug":"wandleuchte-delwa-slv","status":"publish","type":"product","link":"https:\/\/ekkla.ch\/de\/produit\/wandleuchte-delwa-slv\/","title":{"rendered":"Wandleuchte Delwa &#8211; SLV"},"content":{"rendered":"<p>Eine Wandleuchte von SLV, die durch ihr schlichtes, grafisches und elegantes Design besticht. DELWA maximiert den Lichteffekt, indem sie das Licht an die Decke oder den Boden streut, w\u00e4hrend sie der Linie Ihrer W\u00e4nde folgt.\u00a0 Eine tolle Erg\u00e4nzung f\u00fcr Ihre W\u00e4nde und Ihre Beleuchtung!<\/p>\n<blockquote>\n<h2 style=\"text-align: left;\">Merkmale &amp; Eigenschaften<\/h2>\n<p><strong>Marke<\/strong> SLV<\/p>\n<p style=\"text-align: left;\"><strong>Farbe<\/strong> Weiss<\/p>\n<p style=\"text-align: left;\"><strong>Materialien<\/strong> Aluminium und Glas<\/p>\n<p style=\"text-align: left;\"><strong>Gl\u00fchbirne<\/strong> LED 910 lumens (inbegriffen)<\/p>\n<p><strong>Schutzfaktor (IP)<\/strong> 44<\/p>\n<p style=\"text-align: left;\"><strong>H\u00f6he (cm)<\/strong>\u00a018<\/p>\n<p><strong>Breite (cm)\u00a0<\/strong>14<\/p>\n<p style=\"text-align: left;\"><strong>Tiefe (cm)<\/strong> 6<\/p>\n<p><strong>Gewicht (kg) <\/strong>0.8<\/p><\/blockquote>\n","protected":false},"excerpt":{"rendered":"<p>Eine Wandleuchte von SLV, die durch ihr schlichtes, grafisches und elegantes Design besticht. DELWA maximiert den Lichteffekt, indem sie das Licht an die Decke oder den Boden streut, w\u00e4hrend sie der Linie Ihrer W\u00e4nde folgt.\u00a0 Eine tolle Erg\u00e4nzung f\u00fcr Ihre W\u00e4nde und Ihre Beleuchtung! Merkmale &amp; Eigenschaften Marke SLV Farbe Weiss Materialien Aluminium und Glas [&hellip;]<\/p>\n","protected":false},"featured_media":48733,"template":"","meta":{"_acf_changed":false,"om_disable_all_campaigns":false},"product_cat":[286],"product_tag":[1268,1180,554,1188,1265,1077,1204,816,872,1113,883,403,1209],"bundled_by":[],"bundle_stock_status":"instock","bundle_stock_quantity":2,"bundle_virtual":false,"bundle_layout":"","bundle_add_to_cart_form_location":"","bundle_editable_in_cart":false,"bundle_sold_individually_context":"","bundle_item_grouping":"","bundle_min_size":"","bundle_max_size":"","bundle_price":[],"bundled_items":[],"bundle_sell_ids":[],"acf":[],"yoast_head":"<!-- This site is optimized with the Yoast SEO Premium plugin v22.2 (Yoast SEO v22.8) - https:\/\/yoast.com\/wordpress\/plugins\/seo\/ -->\n<title>SLV | Wandleuchte Delwa | Weisses Aluminium und Glas | Ekkla<\/title>\n<meta name=\"description\" content=\"Eine grafische Wandleuchte mit klaren Linien, um Ihre W\u00e4nde elegant zu beleuchten. Eine Lichtstreuung zur Decke oder zum Boden.\" \/>\n<meta name=\"robots\" content=\"index, follow, max-snippet:-1, max-image-preview:large, max-video-preview:-1\" \/>\n<link rel=\"canonical\" href=\"https:\/\/ekkla.ch\/de\/produit\/wandleuchte-delwa-slv\/\" \/>\n<meta property=\"og:locale\" content=\"de_DE\" \/>\n<meta property=\"og:type\" content=\"article\" \/>\n<meta property=\"og:title\" content=\"Wandleuchte Delwa - SLV\" \/>\n<meta property=\"og:description\" content=\"Eine grafische Wandleuchte mit klaren Linien, um Ihre W\u00e4nde elegant zu beleuchten. Eine Lichtstreuung zur Decke oder zum Boden.\" \/>\n<meta property=\"og:url\" content=\"https:\/\/ekkla.ch\/de\/produit\/wandleuchte-delwa-slv\/\" \/>\n<meta property=\"og:site_name\" content=\"Ekkla\" \/>\n<meta property=\"article:modified_time\" content=\"2023-02-11T11:32:09+00:00\" \/>\n<meta property=\"og:image\" content=\"https:\/\/ekkla.ch\/wp-content\/uploads\/2021\/02\/Applique_Delwa_ImageProduit.jpg\" \/>\n\t<meta property=\"og:image:width\" content=\"900\" \/>\n\t<meta property=\"og:image:height\" content=\"900\" \/>\n\t<meta property=\"og:image:type\" content=\"image\/jpeg\" \/>\n<meta name=\"twitter:card\" content=\"summary_large_image\" \/>\n<script type=\"application\/ld+json\" class=\"yoast-schema-graph\">{\"@context\":\"https:\/\/schema.org\",\"@graph\":[{\"@type\":\"WebPage\",\"@id\":\"https:\/\/ekkla.ch\/de\/produit\/wandleuchte-delwa-slv\/\",\"url\":\"https:\/\/ekkla.ch\/de\/produit\/wandleuchte-delwa-slv\/\",\"name\":\"SLV | Wandleuchte Delwa | Weisses Aluminium und Glas | Ekkla\",\"isPartOf\":{\"@id\":\"https:\/\/ekkla.ch\/#website\"},\"primaryImageOfPage\":{\"@id\":\"https:\/\/ekkla.ch\/de\/produit\/wandleuchte-delwa-slv\/#primaryimage\"},\"image\":{\"@id\":\"https:\/\/ekkla.ch\/de\/produit\/wandleuchte-delwa-slv\/#primaryimage\"},\"thumbnailUrl\":\"https:\/\/ekkla.ch\/wp-content\/uploads\/2021\/02\/Applique_Delwa_ImageProduit.jpg\",\"datePublished\":\"2021-02-22T12:36:52+00:00\",\"dateModified\":\"2023-02-11T11:32:09+00:00\",\"description\":\"Eine grafische Wandleuchte mit klaren Linien, um Ihre W\u00e4nde elegant zu beleuchten. Eine Lichtstreuung zur Decke oder zum Boden.\",\"breadcrumb\":{\"@id\":\"https:\/\/ekkla.ch\/de\/produit\/wandleuchte-delwa-slv\/#breadcrumb\"},\"inLanguage\":\"de\",\"potentialAction\":[{\"@type\":\"ReadAction\",\"target\":[\"https:\/\/ekkla.ch\/de\/produit\/wandleuchte-delwa-slv\/\"]}]},{\"@type\":\"ImageObject\",\"inLanguage\":\"de\",\"@id\":\"https:\/\/ekkla.ch\/de\/produit\/wandleuchte-delwa-slv\/#primaryimage\",\"url\":\"https:\/\/ekkla.ch\/wp-content\/uploads\/2021\/02\/Applique_Delwa_ImageProduit.jpg\",\"contentUrl\":\"https:\/\/ekkla.ch\/wp-content\/uploads\/2021\/02\/Applique_Delwa_ImageProduit.jpg\",\"width\":900,\"height\":900,\"caption\":\"applique murale delwa SLV\"},{\"@type\":\"BreadcrumbList\",\"@id\":\"https:\/\/ekkla.ch\/de\/produit\/wandleuchte-delwa-slv\/#breadcrumb\",\"itemListElement\":[{\"@type\":\"ListItem\",\"position\":1,\"name\":\"Home\",\"item\":\"https:\/\/ekkla.ch\/de\/\"},{\"@type\":\"ListItem\",\"position\":2,\"name\":\"Shop\",\"item\":\"https:\/\/ekkla.ch\/de\/shop\/\"},{\"@type\":\"ListItem\",\"position\":3,\"name\":\"Wandleuchte Delwa &#8211; SLV\"}]},{\"@type\":\"WebSite\",\"@id\":\"https:\/\/ekkla.ch\/#website\",\"url\":\"https:\/\/ekkla.ch\/\",\"name\":\"Ekkla\",\"description\":\"Der Onlineshop f\u00fcr Beleuchtung\",\"publisher\":{\"@id\":\"https:\/\/ekkla.ch\/#organization\"},\"potentialAction\":[{\"@type\":\"SearchAction\",\"target\":{\"@type\":\"EntryPoint\",\"urlTemplate\":\"https:\/\/ekkla.ch\/?s={search_term_string}\"},\"query-input\":\"required name=search_term_string\"}],\"inLanguage\":\"de\"},{\"@type\":\"Organization\",\"@id\":\"https:\/\/ekkla.ch\/#organization\",\"name\":\"Ekkla\",\"url\":\"https:\/\/ekkla.ch\/\",\"logo\":{\"@type\":\"ImageObject\",\"inLanguage\":\"de\",\"@id\":\"https:\/\/ekkla.ch\/#\/schema\/logo\/image\/\",\"url\":\"http:\/\/ekkla.ch\/wp-content\/uploads\/2019\/07\/logo-1.svg\",\"contentUrl\":\"http:\/\/ekkla.ch\/wp-content\/uploads\/2019\/07\/logo-1.svg\",\"width\":1,\"height\":1,\"caption\":\"Ekkla\"},\"image\":{\"@id\":\"https:\/\/ekkla.ch\/#\/schema\/logo\/image\/\"},\"sameAs\":[\"https:\/\/www.instagram.com\/ekkla_light\/\"]}]}<\/script>\n<!-- \/ Yoast SEO Premium plugin. -->","yoast_head_json":{"title":"SLV | Wandleuchte Delwa | Weisses Aluminium und Glas | Ekkla","description":"Eine grafische Wandleuchte mit klaren Linien, um Ihre W\u00e4nde elegant zu beleuchten. Eine Lichtstreuung zur Decke oder zum Boden.","robots":{"index":"index","follow":"follow","max-snippet":"max-snippet:-1","max-image-preview":"max-image-preview:large","max-video-preview":"max-video-preview:-1"},"canonical":"https:\/\/ekkla.ch\/de\/produit\/wandleuchte-delwa-slv\/","og_locale":"de_DE","og_type":"article","og_title":"Wandleuchte Delwa - SLV","og_description":"Eine grafische Wandleuchte mit klaren Linien, um Ihre W\u00e4nde elegant zu beleuchten. Eine Lichtstreuung zur Decke oder zum Boden.","og_url":"https:\/\/ekkla.ch\/de\/produit\/wandleuchte-delwa-slv\/","og_site_name":"Ekkla","article_modified_time":"2023-02-11T11:32:09+00:00","og_image":[{"width":900,"height":900,"url":"https:\/\/ekkla.ch\/wp-content\/uploads\/2021\/02\/Applique_Delwa_ImageProduit.jpg","type":"image\/jpeg"}],"twitter_card":"summary_large_image","schema":{"@context":"https:\/\/schema.org","@graph":[{"@type":"WebPage","@id":"https:\/\/ekkla.ch\/de\/produit\/wandleuchte-delwa-slv\/","url":"https:\/\/ekkla.ch\/de\/produit\/wandleuchte-delwa-slv\/","name":"SLV | Wandleuchte Delwa | Weisses Aluminium und Glas | Ekkla","isPartOf":{"@id":"https:\/\/ekkla.ch\/#website"},"primaryImageOfPage":{"@id":"https:\/\/ekkla.ch\/de\/produit\/wandleuchte-delwa-slv\/#primaryimage"},"image":{"@id":"https:\/\/ekkla.ch\/de\/produit\/wandleuchte-delwa-slv\/#primaryimage"},"thumbnailUrl":"https:\/\/ekkla.ch\/wp-content\/uploads\/2021\/02\/Applique_Delwa_ImageProduit.jpg","datePublished":"2021-02-22T12:36:52+00:00","dateModified":"2023-02-11T11:32:09+00:00","description":"Eine grafische Wandleuchte mit klaren Linien, um Ihre W\u00e4nde elegant zu beleuchten. Eine Lichtstreuung zur Decke oder zum Boden.","breadcrumb":{"@id":"https:\/\/ekkla.ch\/de\/produit\/wandleuchte-delwa-slv\/#breadcrumb"},"inLanguage":"de","potentialAction":[{"@type":"ReadAction","target":["https:\/\/ekkla.ch\/de\/produit\/wandleuchte-delwa-slv\/"]}]},{"@type":"ImageObject","inLanguage":"de","@id":"https:\/\/ekkla.ch\/de\/produit\/wandleuchte-delwa-slv\/#primaryimage","url":"https:\/\/ekkla.ch\/wp-content\/uploads\/2021\/02\/Applique_Delwa_ImageProduit.jpg","contentUrl":"https:\/\/ekkla.ch\/wp-content\/uploads\/2021\/02\/Applique_Delwa_ImageProduit.jpg","width":900,"height":900,"caption":"applique murale delwa SLV"},{"@type":"BreadcrumbList","@id":"https:\/\/ekkla.ch\/de\/produit\/wandleuchte-delwa-slv\/#breadcrumb","itemListElement":[{"@type":"ListItem","position":1,"name":"Home","item":"https:\/\/ekkla.ch\/de\/"},{"@type":"ListItem","position":2,"name":"Shop","item":"https:\/\/ekkla.ch\/de\/shop\/"},{"@type":"ListItem","position":3,"name":"Wandleuchte Delwa &#8211; SLV"}]},{"@type":"WebSite","@id":"https:\/\/ekkla.ch\/#website","url":"https:\/\/ekkla.ch\/","name":"Ekkla","description":"Der Onlineshop f\u00fcr Beleuchtung","publisher":{"@id":"https:\/\/ekkla.ch\/#organization"},"potentialAction":[{"@type":"SearchAction","target":{"@type":"EntryPoint","urlTemplate":"https:\/\/ekkla.ch\/?s={search_term_string}"},"query-input":"required name=search_term_string"}],"inLanguage":"de"},{"@type":"Organization","@id":"https:\/\/ekkla.ch\/#organization","name":"Ekkla","url":"https:\/\/ekkla.ch\/","logo":{"@type":"ImageObject","inLanguage":"de","@id":"https:\/\/ekkla.ch\/#\/schema\/logo\/image\/","url":"http:\/\/ekkla.ch\/wp-content\/uploads\/2019\/07\/logo-1.svg","contentUrl":"http:\/\/ekkla.ch\/wp-content\/uploads\/2019\/07\/logo-1.svg","width":1,"height":1,"caption":"Ekkla"},"image":{"@id":"https:\/\/ekkla.ch\/#\/schema\/logo\/image\/"},"sameAs":["https:\/\/www.instagram.com\/ekkla_light\/"]}]}},"_links":{"self":[{"href":"https:\/\/ekkla.ch\/de\/wp-json\/wp\/v2\/product\/157771"}],"collection":[{"href":"https:\/\/ekkla.ch\/de\/wp-json\/wp\/v2\/product"}],"about":[{"href":"https:\/\/ekkla.ch\/de\/wp-json\/wp\/v2\/types\/product"}],"wp:featuredmedia":[{"embeddable":true,"href":"https:\/\/ekkla.ch\/de\/wp-json\/wp\/v2\/media\/48733"}],"wp:attachment":[{"href":"https:\/\/ekkla.ch\/de\/wp-json\/wp\/v2\/media?parent=157771"}],"wp:term":[{"taxonomy":"product_cat","embeddable":true,"href":"https:\/\/ekkla.ch\/de\/wp-json\/wp\/v2\/product_cat?post=157771"},{"taxonomy":"product_tag","embeddable":true,"href":"https:\/\/ekkla.ch\/de\/wp-json\/wp\/v2\/product_tag?post=157771"}],"curies":[{"name":"wp","href":"https:\/\/api.w.org\/{rel}","templated":true}]}}