{"id":158128,"date":"2022-08-04T10:28:44","date_gmt":"2022-08-04T08:28:44","guid":{"rendered":"https:\/\/ekkla.ch\/?post_type=product&#038;p=158128"},"modified":"2022-12-28T11:31:22","modified_gmt":"2022-12-28T10:31:22","slug":"hangeleuchte-carmen-120-schiefergrau-harto","status":"publish","type":"product","link":"https:\/\/ekkla.ch\/de\/produit\/hangeleuchte-carmen-120-schiefergrau-harto\/","title":{"rendered":"H\u00e4ngeleuchte Carmen 120 &#8211; Schiefergrau &#8211; HART\u00d4"},"content":{"rendered":"<div id=\"attribute-short_description\" class=\"product attribute overview\">\n<div class=\"value\">\n<div class=\"container\">\n<div id=\"attribute-short_description\" class=\"product attribute overview\">\n<div class=\"value\">\n<div class=\"container\">\n<div id=\"attribute-short_description\" class=\"product attribute overview\">\n<div class=\"value\">\n<div class=\"container\">\n<div id=\"attribute-short_description\" class=\"product attribute overview\">\n<div class=\"value\">\n<div class=\"container\">\n<p>Durch den Faltenwurf und die Spannweite von Carmen wirkt ihre Grafik dieser Leuchte fesselnd. Das Studio PaulinePlusLuis hat diese H\u00e4ngeleuchte f\u00fcr HART\u00d4 wie eine T\u00e4nzerin gestaltet. Die Linien ihres Rocks wiederholen sich und dynamisieren den Raum, in dem sie sich befindet. Wenn Carmen die B\u00fchne betritt, bleibt sie nicht unbemerkt. Sie wird durch ihre leuchtende Scheibe hervorgehoben und wurde ausgehend von Experimenten mit Textilien entworfen. Der kreative Ansatz des jungen Duos, das hinter dem Design der H\u00e4ngeleuchte steht, ist intuitiv. Sie n\u00e4hrt sich aus dem Alltag. Die Vielseitigkeit der Behandlung, die sie dem Licht zukommen lassen, macht ihre Kreationen einzigartig. Das Studio findet HART\u00d4 in der Bedeutung wieder, die sich wiederholenden Mustern und Linien beigemessen wird.<\/p>\n<p>HART\u00d4 ist die Verk\u00f6rperung des franz\u00f6sischen Designs. Eine HART\u00d4-Lampe zeichnet sich durch einen hohen Anspruch an das Detail aus, der sie identit\u00e4tsstiftend macht. Wer sich ein HART\u00d4-Produkt aneignet, verleiht seinem Interieur eine zus\u00e4tzliche Seele, eine gemeisterte franz\u00f6sische Frechheit. Sie passt perfekt in eine Eingangshalle oder einen Wohnraum im Haussmann-Stil, in ein skandinavisch inspiriertes Interieur oder ein schlichtes Wohnzimmer.<\/p>\n<\/div>\n<\/div>\n<\/div>\n<\/div>\n<\/div>\n<\/div>\n<blockquote>\n<h2>Merkmale &amp; Eigenschaften<\/h2>\n<p><strong>Marke<\/strong> Hart\u00f4<\/p>\n<p><strong>Farbe<\/strong> Schiefergrau<\/p>\n<p><strong>Materialien\u00a0<\/strong>Lackiertes Metall | Plissierter Stoff<\/p>\n<p><strong>Gl\u00fchbirne<\/strong>\u00a0Integrierte LED, 12W (inbegriffen)<\/p>\n<p><strong>Tiefe (cm)<\/strong> 3,4<\/p>\n<p><strong>Durchmesser (cm)<\/strong> 120<\/p>\n<p><strong>Gewicht (kg)<\/strong> 1,5<\/p><\/blockquote>\n<\/div>\n<\/div>\n<\/div>\n<\/div>\n<\/div>\n<\/div>\n","protected":false},"excerpt":{"rendered":"<p>Durch den Faltenwurf und die Spannweite von Carmen wirkt ihre Grafik dieser Leuchte fesselnd. Das Studio PaulinePlusLuis hat diese H\u00e4ngeleuchte f\u00fcr HART\u00d4 wie eine T\u00e4nzerin gestaltet. Die Linien ihres Rocks wiederholen sich und dynamisieren den Raum, in dem sie sich befindet. Wenn Carmen die B\u00fchne betritt, bleibt sie nicht unbemerkt. Sie wird durch ihre leuchtende [&hellip;]<\/p>\n","protected":false},"featured_media":186891,"template":"","meta":{"_acf_changed":false,"om_disable_all_campaigns":false},"product_cat":[291],"product_tag":[1254,892,554,1188,1265,816],"bundled_by":[],"bundle_stock_status":"onbackorder","bundle_stock_quantity":null,"bundle_virtual":false,"bundle_layout":"","bundle_add_to_cart_form_location":"","bundle_editable_in_cart":false,"bundle_sold_individually_context":"","bundle_item_grouping":"","bundle_min_size":"","bundle_max_size":"","bundle_price":[],"bundled_items":[],"bundle_sell_ids":[],"acf":[],"yoast_head":"<!-- This site is optimized with the Yoast SEO Premium plugin v22.2 (Yoast SEO v22.8) - https:\/\/yoast.com\/wordpress\/plugins\/seo\/ -->\n<title>HART\u00d4 | H\u00e4ngeleuchte Carmen 120 | Grau | Design | Ekkla<\/title>\n<meta name=\"description\" content=\"Eine wundersch\u00f6ne, schlanke und luftige H\u00e4ngeleuchte aus Stoff. Sie ist mehr als eine Lampe, sondern ein echtes Dekorationsobjekt, das Ihre Wohnung stilvoll erhellen wird.\" \/>\n<meta name=\"robots\" content=\"index, follow, max-snippet:-1, max-image-preview:large, max-video-preview:-1\" \/>\n<link rel=\"canonical\" href=\"https:\/\/ekkla.ch\/de\/produit\/hangeleuchte-carmen-120-schiefergrau-harto\/\" \/>\n<meta property=\"og:locale\" content=\"de_DE\" \/>\n<meta property=\"og:type\" content=\"article\" \/>\n<meta property=\"og:title\" content=\"H\u00e4ngeleuchte Carmen 120 - Schiefergrau - HART\u00d4\" \/>\n<meta property=\"og:description\" content=\"Eine wundersch\u00f6ne, schlanke und luftige H\u00e4ngeleuchte aus Stoff. Sie ist mehr als eine Lampe, sondern ein echtes Dekorationsobjekt, das Ihre Wohnung stilvoll erhellen wird.\" \/>\n<meta property=\"og:url\" content=\"https:\/\/ekkla.ch\/de\/produit\/hangeleuchte-carmen-120-schiefergrau-harto\/\" \/>\n<meta property=\"og:site_name\" content=\"Ekkla\" \/>\n<meta property=\"article:modified_time\" content=\"2022-12-28T10:31:22+00:00\" \/>\n<meta property=\"og:image\" content=\"https:\/\/ekkla.ch\/wp-content\/uploads\/2022\/08\/ekkla-light-harto-carmen-suspension-120cm-noir_packshot.jpg\" \/>\n\t<meta property=\"og:image:width\" content=\"900\" \/>\n\t<meta property=\"og:image:height\" content=\"900\" \/>\n\t<meta property=\"og:image:type\" content=\"image\/jpeg\" \/>\n<meta name=\"twitter:card\" content=\"summary_large_image\" \/>\n<meta name=\"twitter:label1\" content=\"Gesch\u00e4tzte Lesezeit\" \/>\n\t<meta name=\"twitter:data1\" content=\"1\u00a0Minute\" \/>\n<script type=\"application\/ld+json\" class=\"yoast-schema-graph\">{\"@context\":\"https:\/\/schema.org\",\"@graph\":[{\"@type\":\"WebPage\",\"@id\":\"https:\/\/ekkla.ch\/de\/produit\/hangeleuchte-carmen-120-schiefergrau-harto\/\",\"url\":\"https:\/\/ekkla.ch\/de\/produit\/hangeleuchte-carmen-120-schiefergrau-harto\/\",\"name\":\"HART\u00d4 | H\u00e4ngeleuchte Carmen 120 | Grau | Design | Ekkla\",\"isPartOf\":{\"@id\":\"https:\/\/ekkla.ch\/#website\"},\"primaryImageOfPage\":{\"@id\":\"https:\/\/ekkla.ch\/de\/produit\/hangeleuchte-carmen-120-schiefergrau-harto\/#primaryimage\"},\"image\":{\"@id\":\"https:\/\/ekkla.ch\/de\/produit\/hangeleuchte-carmen-120-schiefergrau-harto\/#primaryimage\"},\"thumbnailUrl\":\"https:\/\/ekkla.ch\/wp-content\/uploads\/2022\/08\/ekkla-light-harto-carmen-suspension-120cm-noir_packshot.jpg\",\"datePublished\":\"2022-08-04T08:28:44+00:00\",\"dateModified\":\"2022-12-28T10:31:22+00:00\",\"description\":\"Eine wundersch\u00f6ne, schlanke und luftige H\u00e4ngeleuchte aus Stoff. Sie ist mehr als eine Lampe, sondern ein echtes Dekorationsobjekt, das Ihre Wohnung stilvoll erhellen wird.\",\"breadcrumb\":{\"@id\":\"https:\/\/ekkla.ch\/de\/produit\/hangeleuchte-carmen-120-schiefergrau-harto\/#breadcrumb\"},\"inLanguage\":\"de\",\"potentialAction\":[{\"@type\":\"ReadAction\",\"target\":[\"https:\/\/ekkla.ch\/de\/produit\/hangeleuchte-carmen-120-schiefergrau-harto\/\"]}]},{\"@type\":\"ImageObject\",\"inLanguage\":\"de\",\"@id\":\"https:\/\/ekkla.ch\/de\/produit\/hangeleuchte-carmen-120-schiefergrau-harto\/#primaryimage\",\"url\":\"https:\/\/ekkla.ch\/wp-content\/uploads\/2022\/08\/ekkla-light-harto-carmen-suspension-120cm-noir_packshot.jpg\",\"contentUrl\":\"https:\/\/ekkla.ch\/wp-content\/uploads\/2022\/08\/ekkla-light-harto-carmen-suspension-120cm-noir_packshot.jpg\",\"width\":900,\"height\":900},{\"@type\":\"BreadcrumbList\",\"@id\":\"https:\/\/ekkla.ch\/de\/produit\/hangeleuchte-carmen-120-schiefergrau-harto\/#breadcrumb\",\"itemListElement\":[{\"@type\":\"ListItem\",\"position\":1,\"name\":\"Home\",\"item\":\"https:\/\/ekkla.ch\/de\/\"},{\"@type\":\"ListItem\",\"position\":2,\"name\":\"Shop\",\"item\":\"https:\/\/ekkla.ch\/de\/shop\/\"},{\"@type\":\"ListItem\",\"position\":3,\"name\":\"H\u00e4ngeleuchte Carmen 120 &#8211; Schiefergrau &#8211; HART\u00d4\"}]},{\"@type\":\"WebSite\",\"@id\":\"https:\/\/ekkla.ch\/#website\",\"url\":\"https:\/\/ekkla.ch\/\",\"name\":\"Ekkla\",\"description\":\"Der Onlineshop f\u00fcr Beleuchtung\",\"publisher\":{\"@id\":\"https:\/\/ekkla.ch\/#organization\"},\"potentialAction\":[{\"@type\":\"SearchAction\",\"target\":{\"@type\":\"EntryPoint\",\"urlTemplate\":\"https:\/\/ekkla.ch\/?s={search_term_string}\"},\"query-input\":\"required name=search_term_string\"}],\"inLanguage\":\"de\"},{\"@type\":\"Organization\",\"@id\":\"https:\/\/ekkla.ch\/#organization\",\"name\":\"Ekkla\",\"url\":\"https:\/\/ekkla.ch\/\",\"logo\":{\"@type\":\"ImageObject\",\"inLanguage\":\"de\",\"@id\":\"https:\/\/ekkla.ch\/#\/schema\/logo\/image\/\",\"url\":\"http:\/\/ekkla.ch\/wp-content\/uploads\/2019\/07\/logo-1.svg\",\"contentUrl\":\"http:\/\/ekkla.ch\/wp-content\/uploads\/2019\/07\/logo-1.svg\",\"width\":1,\"height\":1,\"caption\":\"Ekkla\"},\"image\":{\"@id\":\"https:\/\/ekkla.ch\/#\/schema\/logo\/image\/\"},\"sameAs\":[\"https:\/\/www.instagram.com\/ekkla_light\/\"]}]}<\/script>\n<!-- \/ Yoast SEO Premium plugin. -->","yoast_head_json":{"title":"HART\u00d4 | H\u00e4ngeleuchte Carmen 120 | Grau | Design | Ekkla","description":"Eine wundersch\u00f6ne, schlanke und luftige H\u00e4ngeleuchte aus Stoff. Sie ist mehr als eine Lampe, sondern ein echtes Dekorationsobjekt, das Ihre Wohnung stilvoll erhellen wird.","robots":{"index":"index","follow":"follow","max-snippet":"max-snippet:-1","max-image-preview":"max-image-preview:large","max-video-preview":"max-video-preview:-1"},"canonical":"https:\/\/ekkla.ch\/de\/produit\/hangeleuchte-carmen-120-schiefergrau-harto\/","og_locale":"de_DE","og_type":"article","og_title":"H\u00e4ngeleuchte Carmen 120 - Schiefergrau - HART\u00d4","og_description":"Eine wundersch\u00f6ne, schlanke und luftige H\u00e4ngeleuchte aus Stoff. Sie ist mehr als eine Lampe, sondern ein echtes Dekorationsobjekt, das Ihre Wohnung stilvoll erhellen wird.","og_url":"https:\/\/ekkla.ch\/de\/produit\/hangeleuchte-carmen-120-schiefergrau-harto\/","og_site_name":"Ekkla","article_modified_time":"2022-12-28T10:31:22+00:00","og_image":[{"width":900,"height":900,"url":"https:\/\/ekkla.ch\/wp-content\/uploads\/2022\/08\/ekkla-light-harto-carmen-suspension-120cm-noir_packshot.jpg","type":"image\/jpeg"}],"twitter_card":"summary_large_image","twitter_misc":{"Gesch\u00e4tzte Lesezeit":"1\u00a0Minute"},"schema":{"@context":"https:\/\/schema.org","@graph":[{"@type":"WebPage","@id":"https:\/\/ekkla.ch\/de\/produit\/hangeleuchte-carmen-120-schiefergrau-harto\/","url":"https:\/\/ekkla.ch\/de\/produit\/hangeleuchte-carmen-120-schiefergrau-harto\/","name":"HART\u00d4 | H\u00e4ngeleuchte Carmen 120 | Grau | Design | Ekkla","isPartOf":{"@id":"https:\/\/ekkla.ch\/#website"},"primaryImageOfPage":{"@id":"https:\/\/ekkla.ch\/de\/produit\/hangeleuchte-carmen-120-schiefergrau-harto\/#primaryimage"},"image":{"@id":"https:\/\/ekkla.ch\/de\/produit\/hangeleuchte-carmen-120-schiefergrau-harto\/#primaryimage"},"thumbnailUrl":"https:\/\/ekkla.ch\/wp-content\/uploads\/2022\/08\/ekkla-light-harto-carmen-suspension-120cm-noir_packshot.jpg","datePublished":"2022-08-04T08:28:44+00:00","dateModified":"2022-12-28T10:31:22+00:00","description":"Eine wundersch\u00f6ne, schlanke und luftige H\u00e4ngeleuchte aus Stoff. Sie ist mehr als eine Lampe, sondern ein echtes Dekorationsobjekt, das Ihre Wohnung stilvoll erhellen wird.","breadcrumb":{"@id":"https:\/\/ekkla.ch\/de\/produit\/hangeleuchte-carmen-120-schiefergrau-harto\/#breadcrumb"},"inLanguage":"de","potentialAction":[{"@type":"ReadAction","target":["https:\/\/ekkla.ch\/de\/produit\/hangeleuchte-carmen-120-schiefergrau-harto\/"]}]},{"@type":"ImageObject","inLanguage":"de","@id":"https:\/\/ekkla.ch\/de\/produit\/hangeleuchte-carmen-120-schiefergrau-harto\/#primaryimage","url":"https:\/\/ekkla.ch\/wp-content\/uploads\/2022\/08\/ekkla-light-harto-carmen-suspension-120cm-noir_packshot.jpg","contentUrl":"https:\/\/ekkla.ch\/wp-content\/uploads\/2022\/08\/ekkla-light-harto-carmen-suspension-120cm-noir_packshot.jpg","width":900,"height":900},{"@type":"BreadcrumbList","@id":"https:\/\/ekkla.ch\/de\/produit\/hangeleuchte-carmen-120-schiefergrau-harto\/#breadcrumb","itemListElement":[{"@type":"ListItem","position":1,"name":"Home","item":"https:\/\/ekkla.ch\/de\/"},{"@type":"ListItem","position":2,"name":"Shop","item":"https:\/\/ekkla.ch\/de\/shop\/"},{"@type":"ListItem","position":3,"name":"H\u00e4ngeleuchte Carmen 120 &#8211; Schiefergrau &#8211; HART\u00d4"}]},{"@type":"WebSite","@id":"https:\/\/ekkla.ch\/#website","url":"https:\/\/ekkla.ch\/","name":"Ekkla","description":"Der Onlineshop f\u00fcr Beleuchtung","publisher":{"@id":"https:\/\/ekkla.ch\/#organization"},"potentialAction":[{"@type":"SearchAction","target":{"@type":"EntryPoint","urlTemplate":"https:\/\/ekkla.ch\/?s={search_term_string}"},"query-input":"required name=search_term_string"}],"inLanguage":"de"},{"@type":"Organization","@id":"https:\/\/ekkla.ch\/#organization","name":"Ekkla","url":"https:\/\/ekkla.ch\/","logo":{"@type":"ImageObject","inLanguage":"de","@id":"https:\/\/ekkla.ch\/#\/schema\/logo\/image\/","url":"http:\/\/ekkla.ch\/wp-content\/uploads\/2019\/07\/logo-1.svg","contentUrl":"http:\/\/ekkla.ch\/wp-content\/uploads\/2019\/07\/logo-1.svg","width":1,"height":1,"caption":"Ekkla"},"image":{"@id":"https:\/\/ekkla.ch\/#\/schema\/logo\/image\/"},"sameAs":["https:\/\/www.instagram.com\/ekkla_light\/"]}]}},"_links":{"self":[{"href":"https:\/\/ekkla.ch\/de\/wp-json\/wp\/v2\/product\/158128"}],"collection":[{"href":"https:\/\/ekkla.ch\/de\/wp-json\/wp\/v2\/product"}],"about":[{"href":"https:\/\/ekkla.ch\/de\/wp-json\/wp\/v2\/types\/product"}],"wp:featuredmedia":[{"embeddable":true,"href":"https:\/\/ekkla.ch\/de\/wp-json\/wp\/v2\/media\/186891"}],"wp:attachment":[{"href":"https:\/\/ekkla.ch\/de\/wp-json\/wp\/v2\/media?parent=158128"}],"wp:term":[{"taxonomy":"product_cat","embeddable":true,"href":"https:\/\/ekkla.ch\/de\/wp-json\/wp\/v2\/product_cat?post=158128"},{"taxonomy":"product_tag","embeddable":true,"href":"https:\/\/ekkla.ch\/de\/wp-json\/wp\/v2\/product_tag?post=158128"}],"curies":[{"name":"wp","href":"https:\/\/api.w.org\/{rel}","templated":true}]}}