{"id":159400,"date":"2022-08-03T13:27:48","date_gmt":"2022-08-03T11:27:48","guid":{"rendered":"https:\/\/ekkla.ch\/produit\/wandleuchte-bloom-small-weiss-%e2%88%85-28-cm-kartell\/"},"modified":"2023-02-23T15:35:11","modified_gmt":"2023-02-23T14:35:11","slug":"wandleuchte-bloom-small-weiss-%e2%88%85-28-cm-kartell","status":"publish","type":"product","link":"https:\/\/ekkla.ch\/de\/produit\/wandleuchte-bloom-small-weiss-%e2%88%85-28-cm-kartell\/","title":{"rendered":"Wandleuchte Bloom small &#8211; weiss &#8211; \u220528 &#8211; Kartell"},"content":{"rendered":"<p>Die Wandleuchte Bloom der Marke Kartell ist in verschiedenen Gr\u00f6ssen und Farben erh\u00e4ltlich. Ihr Design besteht aus einem r\u00f6hrenf\u00f6rmigen Rahmen aus Polycarbonat, der vollst\u00e4ndig mit einer Struktur aus winzigen Blumen mit doppelten Bl\u00fctenkronen aus transparentem Polycarbonat bedeckt ist. Das Ergebnis ist eine industriell hergestellte Lampe, die jedoch durch ihre stilistische Komplexit\u00e4t den Schein eines handgefertigten Einzelst\u00fccks aufweist. Die Lampe passt von Ihrem Wohnzimmer, \u00fcber das Badezimmer, hin zur K\u00fcche oder in den Eingangsbereich in jeden Raum ihres Zuhauses! Gl\u00fchbirne ist inbegriffen.<\/p>\n<blockquote>\n<h2 style=\"text-align: left;\">Merkmale &amp; Eigenschaften<\/h2>\n<p><strong>Marke<\/strong> Kartell<\/p>\n<p style=\"text-align: left;\"><strong>Farbe\u00a0<\/strong>Weiss<\/p>\n<p style=\"text-align: left;\"><strong>Material<\/strong>\u00a0Transparentes thermoplastisches Technopolymer<\/p>\n<p><strong>Gl\u00fchbirne<\/strong> G9<\/p>\n<p><strong>Lichtfarbe (K) <\/strong>2700<\/p>\n<p style=\"text-align: left;\"><strong>H\u00f6he (cm)<\/strong>\u00a022<\/p>\n<p><strong>Durchmesser (cm) <\/strong>28<\/p><\/blockquote>\n","protected":false},"excerpt":{"rendered":"<p>Die Wandleuchte Bloom der Marke Kartell ist in verschiedenen Gr\u00f6ssen und Farben erh\u00e4ltlich. Ihr Design besteht aus einem r\u00f6hrenf\u00f6rmigen Rahmen aus Polycarbonat, der vollst\u00e4ndig mit einer Struktur aus winzigen Blumen mit doppelten Bl\u00fctenkronen aus transparentem Polycarbonat bedeckt ist. Das Ergebnis ist eine industriell hergestellte Lampe, die jedoch durch ihre stilistische Komplexit\u00e4t den Schein eines handgefertigten [&hellip;]<\/p>\n","protected":false},"featured_media":158833,"template":"","meta":{"_acf_changed":false,"om_disable_all_campaigns":false},"product_cat":[286],"product_tag":[1258,896,554,1188,801,1203,816,838,704,1209],"bundled_by":[],"bundle_stock_status":"onbackorder","bundle_stock_quantity":null,"bundle_virtual":false,"bundle_layout":"","bundle_add_to_cart_form_location":"","bundle_editable_in_cart":false,"bundle_sold_individually_context":"","bundle_item_grouping":"","bundle_min_size":"","bundle_max_size":"","bundle_price":[],"bundled_items":[],"bundle_sell_ids":[],"acf":[],"yoast_head":"<!-- This site is optimized with the Yoast SEO Premium plugin v22.2 (Yoast SEO v22.8) - https:\/\/yoast.com\/wordpress\/plugins\/seo\/ -->\n<title>Kartell | Wandleuchte Bloom small - weiss | Ekkla<\/title>\n<meta name=\"description\" content=\"Wundersch\u00f6ne, transparente Wandleuchte Bloom von hoher Qualit\u00e4t. Ideal f\u00fcr Ihre K\u00fcche oder Ihr Wohnzimmer. F\u00fcr eine schlichte und elegante Dekoration.\" \/>\n<meta name=\"robots\" content=\"index, follow, max-snippet:-1, max-image-preview:large, max-video-preview:-1\" \/>\n<link rel=\"canonical\" href=\"https:\/\/ekkla.ch\/de\/produit\/wandleuchte-bloom-small-weiss-\u2205-28-cm-kartell\/\" \/>\n<meta property=\"og:locale\" content=\"de_DE\" \/>\n<meta property=\"og:type\" content=\"article\" \/>\n<meta property=\"og:title\" content=\"Wandleuchte Bloom small - weiss - \u220528 - Kartell\" \/>\n<meta property=\"og:description\" content=\"Wundersch\u00f6ne, transparente Wandleuchte Bloom von hoher Qualit\u00e4t. Ideal f\u00fcr Ihre K\u00fcche oder Ihr Wohnzimmer. F\u00fcr eine schlichte und elegante Dekoration.\" \/>\n<meta property=\"og:url\" content=\"https:\/\/ekkla.ch\/de\/produit\/wandleuchte-bloom-small-weiss-\u2205-28-cm-kartell\/\" \/>\n<meta property=\"og:site_name\" content=\"Ekkla\" \/>\n<meta property=\"article:modified_time\" content=\"2023-02-23T14:35:11+00:00\" \/>\n<meta property=\"og:image\" content=\"https:\/\/ekkla.ch\/wp-content\/uploads\/2022\/08\/Ekkla_Suspension-bloom-Kartell_5-1.jpg\" \/>\n\t<meta property=\"og:image:width\" content=\"900\" \/>\n\t<meta property=\"og:image:height\" content=\"900\" \/>\n\t<meta property=\"og:image:type\" content=\"image\/jpeg\" \/>\n<meta name=\"twitter:card\" content=\"summary_large_image\" \/>\n<meta name=\"twitter:label1\" content=\"Gesch\u00e4tzte Lesezeit\" \/>\n\t<meta name=\"twitter:data1\" content=\"1\u00a0Minute\" \/>\n<script type=\"application\/ld+json\" class=\"yoast-schema-graph\">{\"@context\":\"https:\/\/schema.org\",\"@graph\":[{\"@type\":\"WebPage\",\"@id\":\"https:\/\/ekkla.ch\/de\/produit\/wandleuchte-bloom-small-weiss-%e2%88%85-28-cm-kartell\/\",\"url\":\"https:\/\/ekkla.ch\/de\/produit\/wandleuchte-bloom-small-weiss-%e2%88%85-28-cm-kartell\/\",\"name\":\"Kartell | Wandleuchte Bloom small - weiss | Ekkla\",\"isPartOf\":{\"@id\":\"https:\/\/ekkla.ch\/#website\"},\"primaryImageOfPage\":{\"@id\":\"https:\/\/ekkla.ch\/de\/produit\/wandleuchte-bloom-small-weiss-%e2%88%85-28-cm-kartell\/#primaryimage\"},\"image\":{\"@id\":\"https:\/\/ekkla.ch\/de\/produit\/wandleuchte-bloom-small-weiss-%e2%88%85-28-cm-kartell\/#primaryimage\"},\"thumbnailUrl\":\"https:\/\/ekkla.ch\/wp-content\/uploads\/2022\/08\/Ekkla_Suspension-bloom-Kartell_5-1.jpg\",\"datePublished\":\"2022-08-03T11:27:48+00:00\",\"dateModified\":\"2023-02-23T14:35:11+00:00\",\"description\":\"Wundersch\u00f6ne, transparente Wandleuchte Bloom von hoher Qualit\u00e4t. Ideal f\u00fcr Ihre K\u00fcche oder Ihr Wohnzimmer. F\u00fcr eine schlichte und elegante Dekoration.\",\"breadcrumb\":{\"@id\":\"https:\/\/ekkla.ch\/de\/produit\/wandleuchte-bloom-small-weiss-%e2%88%85-28-cm-kartell\/#breadcrumb\"},\"inLanguage\":\"de\",\"potentialAction\":[{\"@type\":\"ReadAction\",\"target\":[\"https:\/\/ekkla.ch\/de\/produit\/wandleuchte-bloom-small-weiss-%e2%88%85-28-cm-kartell\/\"]}]},{\"@type\":\"ImageObject\",\"inLanguage\":\"de\",\"@id\":\"https:\/\/ekkla.ch\/de\/produit\/wandleuchte-bloom-small-weiss-%e2%88%85-28-cm-kartell\/#primaryimage\",\"url\":\"https:\/\/ekkla.ch\/wp-content\/uploads\/2022\/08\/Ekkla_Suspension-bloom-Kartell_5-1.jpg\",\"contentUrl\":\"https:\/\/ekkla.ch\/wp-content\/uploads\/2022\/08\/Ekkla_Suspension-bloom-Kartell_5-1.jpg\",\"width\":900,\"height\":900},{\"@type\":\"BreadcrumbList\",\"@id\":\"https:\/\/ekkla.ch\/de\/produit\/wandleuchte-bloom-small-weiss-%e2%88%85-28-cm-kartell\/#breadcrumb\",\"itemListElement\":[{\"@type\":\"ListItem\",\"position\":1,\"name\":\"Home\",\"item\":\"https:\/\/ekkla.ch\/de\/\"},{\"@type\":\"ListItem\",\"position\":2,\"name\":\"Shop\",\"item\":\"https:\/\/ekkla.ch\/de\/shop\/\"},{\"@type\":\"ListItem\",\"position\":3,\"name\":\"Wandleuchte Bloom small &#8211; weiss &#8211; \u220528 &#8211; Kartell\"}]},{\"@type\":\"WebSite\",\"@id\":\"https:\/\/ekkla.ch\/#website\",\"url\":\"https:\/\/ekkla.ch\/\",\"name\":\"Ekkla\",\"description\":\"Der Onlineshop f\u00fcr Beleuchtung\",\"publisher\":{\"@id\":\"https:\/\/ekkla.ch\/#organization\"},\"potentialAction\":[{\"@type\":\"SearchAction\",\"target\":{\"@type\":\"EntryPoint\",\"urlTemplate\":\"https:\/\/ekkla.ch\/?s={search_term_string}\"},\"query-input\":\"required name=search_term_string\"}],\"inLanguage\":\"de\"},{\"@type\":\"Organization\",\"@id\":\"https:\/\/ekkla.ch\/#organization\",\"name\":\"Ekkla\",\"url\":\"https:\/\/ekkla.ch\/\",\"logo\":{\"@type\":\"ImageObject\",\"inLanguage\":\"de\",\"@id\":\"https:\/\/ekkla.ch\/#\/schema\/logo\/image\/\",\"url\":\"http:\/\/ekkla.ch\/wp-content\/uploads\/2019\/07\/logo-1.svg\",\"contentUrl\":\"http:\/\/ekkla.ch\/wp-content\/uploads\/2019\/07\/logo-1.svg\",\"width\":1,\"height\":1,\"caption\":\"Ekkla\"},\"image\":{\"@id\":\"https:\/\/ekkla.ch\/#\/schema\/logo\/image\/\"},\"sameAs\":[\"https:\/\/www.instagram.com\/ekkla_light\/\"]}]}<\/script>\n<!-- \/ Yoast SEO Premium plugin. -->","yoast_head_json":{"title":"Kartell | Wandleuchte Bloom small - weiss | Ekkla","description":"Wundersch\u00f6ne, transparente Wandleuchte Bloom von hoher Qualit\u00e4t. Ideal f\u00fcr Ihre K\u00fcche oder Ihr Wohnzimmer. F\u00fcr eine schlichte und elegante Dekoration.","robots":{"index":"index","follow":"follow","max-snippet":"max-snippet:-1","max-image-preview":"max-image-preview:large","max-video-preview":"max-video-preview:-1"},"canonical":"https:\/\/ekkla.ch\/de\/produit\/wandleuchte-bloom-small-weiss-\u2205-28-cm-kartell\/","og_locale":"de_DE","og_type":"article","og_title":"Wandleuchte Bloom small - weiss - \u220528 - Kartell","og_description":"Wundersch\u00f6ne, transparente Wandleuchte Bloom von hoher Qualit\u00e4t. Ideal f\u00fcr Ihre K\u00fcche oder Ihr Wohnzimmer. F\u00fcr eine schlichte und elegante Dekoration.","og_url":"https:\/\/ekkla.ch\/de\/produit\/wandleuchte-bloom-small-weiss-\u2205-28-cm-kartell\/","og_site_name":"Ekkla","article_modified_time":"2023-02-23T14:35:11+00:00","og_image":[{"width":900,"height":900,"url":"https:\/\/ekkla.ch\/wp-content\/uploads\/2022\/08\/Ekkla_Suspension-bloom-Kartell_5-1.jpg","type":"image\/jpeg"}],"twitter_card":"summary_large_image","twitter_misc":{"Gesch\u00e4tzte Lesezeit":"1\u00a0Minute"},"schema":{"@context":"https:\/\/schema.org","@graph":[{"@type":"WebPage","@id":"https:\/\/ekkla.ch\/de\/produit\/wandleuchte-bloom-small-weiss-%e2%88%85-28-cm-kartell\/","url":"https:\/\/ekkla.ch\/de\/produit\/wandleuchte-bloom-small-weiss-%e2%88%85-28-cm-kartell\/","name":"Kartell | Wandleuchte Bloom small - weiss | Ekkla","isPartOf":{"@id":"https:\/\/ekkla.ch\/#website"},"primaryImageOfPage":{"@id":"https:\/\/ekkla.ch\/de\/produit\/wandleuchte-bloom-small-weiss-%e2%88%85-28-cm-kartell\/#primaryimage"},"image":{"@id":"https:\/\/ekkla.ch\/de\/produit\/wandleuchte-bloom-small-weiss-%e2%88%85-28-cm-kartell\/#primaryimage"},"thumbnailUrl":"https:\/\/ekkla.ch\/wp-content\/uploads\/2022\/08\/Ekkla_Suspension-bloom-Kartell_5-1.jpg","datePublished":"2022-08-03T11:27:48+00:00","dateModified":"2023-02-23T14:35:11+00:00","description":"Wundersch\u00f6ne, transparente Wandleuchte Bloom von hoher Qualit\u00e4t. Ideal f\u00fcr Ihre K\u00fcche oder Ihr Wohnzimmer. F\u00fcr eine schlichte und elegante Dekoration.","breadcrumb":{"@id":"https:\/\/ekkla.ch\/de\/produit\/wandleuchte-bloom-small-weiss-%e2%88%85-28-cm-kartell\/#breadcrumb"},"inLanguage":"de","potentialAction":[{"@type":"ReadAction","target":["https:\/\/ekkla.ch\/de\/produit\/wandleuchte-bloom-small-weiss-%e2%88%85-28-cm-kartell\/"]}]},{"@type":"ImageObject","inLanguage":"de","@id":"https:\/\/ekkla.ch\/de\/produit\/wandleuchte-bloom-small-weiss-%e2%88%85-28-cm-kartell\/#primaryimage","url":"https:\/\/ekkla.ch\/wp-content\/uploads\/2022\/08\/Ekkla_Suspension-bloom-Kartell_5-1.jpg","contentUrl":"https:\/\/ekkla.ch\/wp-content\/uploads\/2022\/08\/Ekkla_Suspension-bloom-Kartell_5-1.jpg","width":900,"height":900},{"@type":"BreadcrumbList","@id":"https:\/\/ekkla.ch\/de\/produit\/wandleuchte-bloom-small-weiss-%e2%88%85-28-cm-kartell\/#breadcrumb","itemListElement":[{"@type":"ListItem","position":1,"name":"Home","item":"https:\/\/ekkla.ch\/de\/"},{"@type":"ListItem","position":2,"name":"Shop","item":"https:\/\/ekkla.ch\/de\/shop\/"},{"@type":"ListItem","position":3,"name":"Wandleuchte Bloom small &#8211; weiss &#8211; \u220528 &#8211; Kartell"}]},{"@type":"WebSite","@id":"https:\/\/ekkla.ch\/#website","url":"https:\/\/ekkla.ch\/","name":"Ekkla","description":"Der Onlineshop f\u00fcr Beleuchtung","publisher":{"@id":"https:\/\/ekkla.ch\/#organization"},"potentialAction":[{"@type":"SearchAction","target":{"@type":"EntryPoint","urlTemplate":"https:\/\/ekkla.ch\/?s={search_term_string}"},"query-input":"required name=search_term_string"}],"inLanguage":"de"},{"@type":"Organization","@id":"https:\/\/ekkla.ch\/#organization","name":"Ekkla","url":"https:\/\/ekkla.ch\/","logo":{"@type":"ImageObject","inLanguage":"de","@id":"https:\/\/ekkla.ch\/#\/schema\/logo\/image\/","url":"http:\/\/ekkla.ch\/wp-content\/uploads\/2019\/07\/logo-1.svg","contentUrl":"http:\/\/ekkla.ch\/wp-content\/uploads\/2019\/07\/logo-1.svg","width":1,"height":1,"caption":"Ekkla"},"image":{"@id":"https:\/\/ekkla.ch\/#\/schema\/logo\/image\/"},"sameAs":["https:\/\/www.instagram.com\/ekkla_light\/"]}]}},"_links":{"self":[{"href":"https:\/\/ekkla.ch\/de\/wp-json\/wp\/v2\/product\/159400"}],"collection":[{"href":"https:\/\/ekkla.ch\/de\/wp-json\/wp\/v2\/product"}],"about":[{"href":"https:\/\/ekkla.ch\/de\/wp-json\/wp\/v2\/types\/product"}],"wp:featuredmedia":[{"embeddable":true,"href":"https:\/\/ekkla.ch\/de\/wp-json\/wp\/v2\/media\/158833"}],"wp:attachment":[{"href":"https:\/\/ekkla.ch\/de\/wp-json\/wp\/v2\/media?parent=159400"}],"wp:term":[{"taxonomy":"product_cat","embeddable":true,"href":"https:\/\/ekkla.ch\/de\/wp-json\/wp\/v2\/product_cat?post=159400"},{"taxonomy":"product_tag","embeddable":true,"href":"https:\/\/ekkla.ch\/de\/wp-json\/wp\/v2\/product_tag?post=159400"}],"curies":[{"name":"wp","href":"https:\/\/api.w.org\/{rel}","templated":true}]}}