{"id":161102,"date":"2022-08-22T10:41:58","date_gmt":"2022-08-22T08:41:58","guid":{"rendered":"https:\/\/ekkla.ch\/produit\/hangeleuchte-costas-schwarz-rattan-o100-faro-barcelona\/"},"modified":"2022-12-27T21:09:40","modified_gmt":"2022-12-27T20:09:40","slug":"hangeleuchte-costas-schwarz-rattan-o100-faro-barcelona","status":"publish","type":"product","link":"https:\/\/ekkla.ch\/de\/produit\/hangeleuchte-costas-schwarz-rattan-o100-faro-barcelona\/","title":{"rendered":"H\u00e4ngeleuchte Costas &#8211; Schwarz &#8211; Rattan &#8211; \u00d8100 &#8211; Faro Barcelona"},"content":{"rendered":"<p>COSTAS ist eine von Alex und Manel Llusc\u00e0 entworfene Kollektion von H\u00e4ngeleuchten, die sich durch ihre Lampenschirme aus Rattan auszeichnen. Dieses Modell mit sichtbarer Gl\u00fchbirne ist in zwei Gr\u00f6ssen erh\u00e4ltlich und hat einen minimalistischen und mediterranen Stil. Die Lampe mit dem mitgelieferten Haken kann geneigt werden, um ihren ganzen Charme zu entfalten, und passt somit in jede Ecke Ihres Zuhauses.<\/p>\n<blockquote>\n<h2 style=\"text-align: left;\">Merkmale &amp; Eigenschaften<\/h2>\n<p><strong>Marke<\/strong>\u00a0Faro Barcelona<\/p>\n<p style=\"text-align: left;\"><strong>Farben<\/strong> Schwarz und beige<\/p>\n<p style=\"text-align: left;\"><strong>Materialien<\/strong>\u00a0Rattan und Stahl<\/p>\n<p style=\"text-align: left;\"><strong>Gl\u00fchbirne<\/strong>\u00a0E27<\/p>\n<p style=\"text-align: left;\"><strong>Max. Leistung (W) <\/strong>15<\/p>\n<p style=\"text-align: left;\"><strong>Durchmesser (cm)<\/strong> 100<\/p>\n<\/blockquote>\n","protected":false},"excerpt":{"rendered":"<p>COSTAS ist eine von Alex und Manel Llusc\u00e0 entworfene Kollektion von H\u00e4ngeleuchten, die sich durch ihre Lampenschirme aus Rattan auszeichnen. Dieses Modell mit sichtbarer Gl\u00fchbirne ist in zwei Gr\u00f6ssen erh\u00e4ltlich und hat einen minimalistischen und mediterranen Stil. Die Lampe mit dem mitgelieferten Haken kann geneigt werden, um ihren ganzen Charme zu entfalten, und passt somit [&hellip;]<\/p>\n","protected":false},"featured_media":161242,"template":"","meta":{"_acf_changed":false,"om_disable_all_campaigns":false},"product_cat":[291],"product_tag":[1258,896,554,1188,840],"bundled_by":[],"bundle_stock_status":"onbackorder","bundle_stock_quantity":0,"bundle_virtual":false,"bundle_layout":"","bundle_add_to_cart_form_location":"","bundle_editable_in_cart":false,"bundle_sold_individually_context":"","bundle_item_grouping":"","bundle_min_size":"","bundle_max_size":"","bundle_price":[],"bundled_items":[],"bundle_sell_ids":[],"acf":[],"yoast_head":"<!-- This site is optimized with the Yoast SEO Premium plugin v22.2 (Yoast SEO v22.8) - https:\/\/yoast.com\/wordpress\/plugins\/seo\/ -->\n<title>Ekkla | H\u00e4ngeleuchte Costas | Schwarz | Rattan | \u00d8100 | Faro Barcelona<\/title>\n<meta name=\"description\" content=\"Die H\u00e4ngeleuchte Costas zeichnet sich durch ihren Lampenschirm aus Rattan und ihren minimalistischen und zugleich mediterranen Stil aus, der zu jeder Einrichtung passt.\" \/>\n<meta name=\"robots\" content=\"index, follow, max-snippet:-1, max-image-preview:large, max-video-preview:-1\" \/>\n<link rel=\"canonical\" href=\"https:\/\/ekkla.ch\/de\/produit\/hangeleuchte-costas-schwarz-rattan-o100-faro-barcelona\/\" \/>\n<meta property=\"og:locale\" content=\"de_DE\" \/>\n<meta property=\"og:type\" content=\"article\" \/>\n<meta property=\"og:title\" content=\"H\u00e4ngeleuchte Costas - Schwarz - Rattan - \u00d8100 - Faro Barcelona\" \/>\n<meta property=\"og:description\" content=\"Die H\u00e4ngeleuchte Costas zeichnet sich durch ihren Lampenschirm aus Rattan und ihren minimalistischen und zugleich mediterranen Stil aus, der zu jeder Einrichtung passt.\" \/>\n<meta property=\"og:url\" content=\"https:\/\/ekkla.ch\/de\/produit\/hangeleuchte-costas-schwarz-rattan-o100-faro-barcelona\/\" \/>\n<meta property=\"og:site_name\" content=\"Ekkla\" \/>\n<meta property=\"article:modified_time\" content=\"2022-12-27T20:09:40+00:00\" \/>\n<meta property=\"og:image\" content=\"https:\/\/ekkla.ch\/wp-content\/uploads\/2022\/08\/ekkla-light-costas_0003_68590-70_D3.jpg\" \/>\n\t<meta property=\"og:image:width\" content=\"900\" \/>\n\t<meta property=\"og:image:height\" content=\"900\" \/>\n\t<meta property=\"og:image:type\" content=\"image\/jpeg\" \/>\n<meta name=\"twitter:card\" content=\"summary_large_image\" \/>\n<meta name=\"twitter:label1\" content=\"Gesch\u00e4tzte Lesezeit\" \/>\n\t<meta name=\"twitter:data1\" content=\"1\u00a0Minute\" \/>\n<script type=\"application\/ld+json\" class=\"yoast-schema-graph\">{\"@context\":\"https:\/\/schema.org\",\"@graph\":[{\"@type\":\"WebPage\",\"@id\":\"https:\/\/ekkla.ch\/de\/produit\/hangeleuchte-costas-schwarz-rattan-o100-faro-barcelona\/\",\"url\":\"https:\/\/ekkla.ch\/de\/produit\/hangeleuchte-costas-schwarz-rattan-o100-faro-barcelona\/\",\"name\":\"Ekkla | H\u00e4ngeleuchte Costas | Schwarz | Rattan | \u00d8100 | Faro Barcelona\",\"isPartOf\":{\"@id\":\"https:\/\/ekkla.ch\/#website\"},\"primaryImageOfPage\":{\"@id\":\"https:\/\/ekkla.ch\/de\/produit\/hangeleuchte-costas-schwarz-rattan-o100-faro-barcelona\/#primaryimage\"},\"image\":{\"@id\":\"https:\/\/ekkla.ch\/de\/produit\/hangeleuchte-costas-schwarz-rattan-o100-faro-barcelona\/#primaryimage\"},\"thumbnailUrl\":\"https:\/\/ekkla.ch\/wp-content\/uploads\/2022\/08\/ekkla-light-costas_0003_68590-70_D3.jpg\",\"datePublished\":\"2022-08-22T08:41:58+00:00\",\"dateModified\":\"2022-12-27T20:09:40+00:00\",\"description\":\"Die H\u00e4ngeleuchte Costas zeichnet sich durch ihren Lampenschirm aus Rattan und ihren minimalistischen und zugleich mediterranen Stil aus, der zu jeder Einrichtung passt.\",\"breadcrumb\":{\"@id\":\"https:\/\/ekkla.ch\/de\/produit\/hangeleuchte-costas-schwarz-rattan-o100-faro-barcelona\/#breadcrumb\"},\"inLanguage\":\"de\",\"potentialAction\":[{\"@type\":\"ReadAction\",\"target\":[\"https:\/\/ekkla.ch\/de\/produit\/hangeleuchte-costas-schwarz-rattan-o100-faro-barcelona\/\"]}]},{\"@type\":\"ImageObject\",\"inLanguage\":\"de\",\"@id\":\"https:\/\/ekkla.ch\/de\/produit\/hangeleuchte-costas-schwarz-rattan-o100-faro-barcelona\/#primaryimage\",\"url\":\"https:\/\/ekkla.ch\/wp-content\/uploads\/2022\/08\/ekkla-light-costas_0003_68590-70_D3.jpg\",\"contentUrl\":\"https:\/\/ekkla.ch\/wp-content\/uploads\/2022\/08\/ekkla-light-costas_0003_68590-70_D3.jpg\",\"width\":900,\"height\":900},{\"@type\":\"BreadcrumbList\",\"@id\":\"https:\/\/ekkla.ch\/de\/produit\/hangeleuchte-costas-schwarz-rattan-o100-faro-barcelona\/#breadcrumb\",\"itemListElement\":[{\"@type\":\"ListItem\",\"position\":1,\"name\":\"Home\",\"item\":\"https:\/\/ekkla.ch\/de\/\"},{\"@type\":\"ListItem\",\"position\":2,\"name\":\"Shop\",\"item\":\"https:\/\/ekkla.ch\/de\/shop\/\"},{\"@type\":\"ListItem\",\"position\":3,\"name\":\"H\u00e4ngeleuchte Costas &#8211; Schwarz &#8211; Rattan &#8211; \u00d8100 &#8211; Faro Barcelona\"}]},{\"@type\":\"WebSite\",\"@id\":\"https:\/\/ekkla.ch\/#website\",\"url\":\"https:\/\/ekkla.ch\/\",\"name\":\"Ekkla\",\"description\":\"Der Onlineshop f\u00fcr Beleuchtung\",\"publisher\":{\"@id\":\"https:\/\/ekkla.ch\/#organization\"},\"potentialAction\":[{\"@type\":\"SearchAction\",\"target\":{\"@type\":\"EntryPoint\",\"urlTemplate\":\"https:\/\/ekkla.ch\/?s={search_term_string}\"},\"query-input\":\"required name=search_term_string\"}],\"inLanguage\":\"de\"},{\"@type\":\"Organization\",\"@id\":\"https:\/\/ekkla.ch\/#organization\",\"name\":\"Ekkla\",\"url\":\"https:\/\/ekkla.ch\/\",\"logo\":{\"@type\":\"ImageObject\",\"inLanguage\":\"de\",\"@id\":\"https:\/\/ekkla.ch\/#\/schema\/logo\/image\/\",\"url\":\"http:\/\/ekkla.ch\/wp-content\/uploads\/2019\/07\/logo-1.svg\",\"contentUrl\":\"http:\/\/ekkla.ch\/wp-content\/uploads\/2019\/07\/logo-1.svg\",\"width\":1,\"height\":1,\"caption\":\"Ekkla\"},\"image\":{\"@id\":\"https:\/\/ekkla.ch\/#\/schema\/logo\/image\/\"},\"sameAs\":[\"https:\/\/www.instagram.com\/ekkla_light\/\"]}]}<\/script>\n<!-- \/ Yoast SEO Premium plugin. -->","yoast_head_json":{"title":"Ekkla | H\u00e4ngeleuchte Costas | Schwarz | Rattan | \u00d8100 | Faro Barcelona","description":"Die H\u00e4ngeleuchte Costas zeichnet sich durch ihren Lampenschirm aus Rattan und ihren minimalistischen und zugleich mediterranen Stil aus, der zu jeder Einrichtung passt.","robots":{"index":"index","follow":"follow","max-snippet":"max-snippet:-1","max-image-preview":"max-image-preview:large","max-video-preview":"max-video-preview:-1"},"canonical":"https:\/\/ekkla.ch\/de\/produit\/hangeleuchte-costas-schwarz-rattan-o100-faro-barcelona\/","og_locale":"de_DE","og_type":"article","og_title":"H\u00e4ngeleuchte Costas - Schwarz - Rattan - \u00d8100 - Faro Barcelona","og_description":"Die H\u00e4ngeleuchte Costas zeichnet sich durch ihren Lampenschirm aus Rattan und ihren minimalistischen und zugleich mediterranen Stil aus, der zu jeder Einrichtung passt.","og_url":"https:\/\/ekkla.ch\/de\/produit\/hangeleuchte-costas-schwarz-rattan-o100-faro-barcelona\/","og_site_name":"Ekkla","article_modified_time":"2022-12-27T20:09:40+00:00","og_image":[{"width":900,"height":900,"url":"https:\/\/ekkla.ch\/wp-content\/uploads\/2022\/08\/ekkla-light-costas_0003_68590-70_D3.jpg","type":"image\/jpeg"}],"twitter_card":"summary_large_image","twitter_misc":{"Gesch\u00e4tzte Lesezeit":"1\u00a0Minute"},"schema":{"@context":"https:\/\/schema.org","@graph":[{"@type":"WebPage","@id":"https:\/\/ekkla.ch\/de\/produit\/hangeleuchte-costas-schwarz-rattan-o100-faro-barcelona\/","url":"https:\/\/ekkla.ch\/de\/produit\/hangeleuchte-costas-schwarz-rattan-o100-faro-barcelona\/","name":"Ekkla | H\u00e4ngeleuchte Costas | Schwarz | Rattan | \u00d8100 | Faro Barcelona","isPartOf":{"@id":"https:\/\/ekkla.ch\/#website"},"primaryImageOfPage":{"@id":"https:\/\/ekkla.ch\/de\/produit\/hangeleuchte-costas-schwarz-rattan-o100-faro-barcelona\/#primaryimage"},"image":{"@id":"https:\/\/ekkla.ch\/de\/produit\/hangeleuchte-costas-schwarz-rattan-o100-faro-barcelona\/#primaryimage"},"thumbnailUrl":"https:\/\/ekkla.ch\/wp-content\/uploads\/2022\/08\/ekkla-light-costas_0003_68590-70_D3.jpg","datePublished":"2022-08-22T08:41:58+00:00","dateModified":"2022-12-27T20:09:40+00:00","description":"Die H\u00e4ngeleuchte Costas zeichnet sich durch ihren Lampenschirm aus Rattan und ihren minimalistischen und zugleich mediterranen Stil aus, der zu jeder Einrichtung passt.","breadcrumb":{"@id":"https:\/\/ekkla.ch\/de\/produit\/hangeleuchte-costas-schwarz-rattan-o100-faro-barcelona\/#breadcrumb"},"inLanguage":"de","potentialAction":[{"@type":"ReadAction","target":["https:\/\/ekkla.ch\/de\/produit\/hangeleuchte-costas-schwarz-rattan-o100-faro-barcelona\/"]}]},{"@type":"ImageObject","inLanguage":"de","@id":"https:\/\/ekkla.ch\/de\/produit\/hangeleuchte-costas-schwarz-rattan-o100-faro-barcelona\/#primaryimage","url":"https:\/\/ekkla.ch\/wp-content\/uploads\/2022\/08\/ekkla-light-costas_0003_68590-70_D3.jpg","contentUrl":"https:\/\/ekkla.ch\/wp-content\/uploads\/2022\/08\/ekkla-light-costas_0003_68590-70_D3.jpg","width":900,"height":900},{"@type":"BreadcrumbList","@id":"https:\/\/ekkla.ch\/de\/produit\/hangeleuchte-costas-schwarz-rattan-o100-faro-barcelona\/#breadcrumb","itemListElement":[{"@type":"ListItem","position":1,"name":"Home","item":"https:\/\/ekkla.ch\/de\/"},{"@type":"ListItem","position":2,"name":"Shop","item":"https:\/\/ekkla.ch\/de\/shop\/"},{"@type":"ListItem","position":3,"name":"H\u00e4ngeleuchte Costas &#8211; Schwarz &#8211; Rattan &#8211; \u00d8100 &#8211; Faro Barcelona"}]},{"@type":"WebSite","@id":"https:\/\/ekkla.ch\/#website","url":"https:\/\/ekkla.ch\/","name":"Ekkla","description":"Der Onlineshop f\u00fcr Beleuchtung","publisher":{"@id":"https:\/\/ekkla.ch\/#organization"},"potentialAction":[{"@type":"SearchAction","target":{"@type":"EntryPoint","urlTemplate":"https:\/\/ekkla.ch\/?s={search_term_string}"},"query-input":"required name=search_term_string"}],"inLanguage":"de"},{"@type":"Organization","@id":"https:\/\/ekkla.ch\/#organization","name":"Ekkla","url":"https:\/\/ekkla.ch\/","logo":{"@type":"ImageObject","inLanguage":"de","@id":"https:\/\/ekkla.ch\/#\/schema\/logo\/image\/","url":"http:\/\/ekkla.ch\/wp-content\/uploads\/2019\/07\/logo-1.svg","contentUrl":"http:\/\/ekkla.ch\/wp-content\/uploads\/2019\/07\/logo-1.svg","width":1,"height":1,"caption":"Ekkla"},"image":{"@id":"https:\/\/ekkla.ch\/#\/schema\/logo\/image\/"},"sameAs":["https:\/\/www.instagram.com\/ekkla_light\/"]}]}},"_links":{"self":[{"href":"https:\/\/ekkla.ch\/de\/wp-json\/wp\/v2\/product\/161102"}],"collection":[{"href":"https:\/\/ekkla.ch\/de\/wp-json\/wp\/v2\/product"}],"about":[{"href":"https:\/\/ekkla.ch\/de\/wp-json\/wp\/v2\/types\/product"}],"wp:featuredmedia":[{"embeddable":true,"href":"https:\/\/ekkla.ch\/de\/wp-json\/wp\/v2\/media\/161242"}],"wp:attachment":[{"href":"https:\/\/ekkla.ch\/de\/wp-json\/wp\/v2\/media?parent=161102"}],"wp:term":[{"taxonomy":"product_cat","embeddable":true,"href":"https:\/\/ekkla.ch\/de\/wp-json\/wp\/v2\/product_cat?post=161102"},{"taxonomy":"product_tag","embeddable":true,"href":"https:\/\/ekkla.ch\/de\/wp-json\/wp\/v2\/product_tag?post=161102"}],"curies":[{"name":"wp","href":"https:\/\/api.w.org\/{rel}","templated":true}]}}