{"id":161121,"date":"2022-08-22T10:30:31","date_gmt":"2022-08-22T08:30:31","guid":{"rendered":"https:\/\/ekkla.ch\/produit\/tragbare-tischleuchte-fuji-led-satinschwarz-ip44-faro-barcelona\/"},"modified":"2022-12-27T22:14:39","modified_gmt":"2022-12-27T21:14:39","slug":"tragbare-tischleuchte-fuji-led-satinschwarz-ip44-faro-barcelona","status":"publish","type":"product","link":"https:\/\/ekkla.ch\/de\/produit\/tragbare-tischleuchte-fuji-led-satinschwarz-ip44-faro-barcelona\/","title":{"rendered":"Tragbare Tischleuchte Fuji &#8211; LED &#8211; Satinschwarz &#8211; IP44 &#8211; Faro Barcelona"},"content":{"rendered":"<p>FUJI ist eine tragbare, japanisch inspirierte Lampe, die von Isaac Pi\u00f1eiro entworfen wurde. Die Position des Lampenschirms kann auf zwei verschiedene Arten verstellt werden. Dank des integrierten Hakens kann sie sogar in eine H\u00e4ngeleuchte verwandelt werden und besitzt drei Lichtintensit\u00e4ten. Dieses Modell eignet sich perfekt f\u00fcr eine moderne Einrichtung und dank der Schutzart IP44 kann sie sogar f\u00fcr Terrassen oder G\u00e4rten verwendet werden. Aufladbar mit einem USB-C-Kabel.<\/p>\n<blockquote>\n<h2 style=\"text-align: left;\">Merkmale &amp; Eigenschaften<\/h2>\n<p><strong>Marke<\/strong> Faro Barcelona<\/p>\n<p style=\"text-align: left;\"><strong>Farbe<\/strong>\u00a0Satinschwarz<\/p>\n<p style=\"text-align: left;\"><strong>Material<\/strong>\u00a0Aluminium<\/p>\n<p style=\"text-align: left;\"><strong>Technologie<\/strong> LED 1.5W<\/p>\n<p style=\"text-align: left;\"><strong>Lichtstrom (lm)<\/strong> 90<\/p>\n<p><strong>Autonomie <\/strong>max. 10\u00a0Stunden<\/p>\n<p><strong>Aufladung<\/strong>\u00a0USB-C Kabel (inbegriffen)<\/p>\n<p style=\"text-align: left;\"><strong>H\u00f6he (cm)<\/strong> 24<\/p>\n<p style=\"text-align: left;\"><strong>Durchmesser (cm) <\/strong>17.5<\/p>\n<p style=\"text-align: left;\"><strong>Gewicht (kg)<\/strong> 0.75<\/p>\n<\/blockquote>\n","protected":false},"excerpt":{"rendered":"<p>FUJI ist eine tragbare, japanisch inspirierte Lampe, die von Isaac Pi\u00f1eiro entworfen wurde. Die Position des Lampenschirms kann auf zwei verschiedene Arten verstellt werden. Dank des integrierten Hakens kann sie sogar in eine H\u00e4ngeleuchte verwandelt werden und besitzt drei Lichtintensit\u00e4ten. Dieses Modell eignet sich perfekt f\u00fcr eine moderne Einrichtung und dank der Schutzart IP44 kann [&hellip;]<\/p>\n","protected":false},"featured_media":161204,"template":"","meta":{"_acf_changed":false,"om_disable_all_campaigns":false},"product_cat":[290],"product_tag":[1258,760,896,554,1188,1022,840,816],"bundled_by":[],"bundle_stock_status":"onbackorder","bundle_stock_quantity":0,"bundle_virtual":false,"bundle_layout":"","bundle_add_to_cart_form_location":"","bundle_editable_in_cart":false,"bundle_sold_individually_context":"","bundle_item_grouping":"","bundle_min_size":"","bundle_max_size":"","bundle_price":[],"bundled_items":[],"bundle_sell_ids":[],"acf":[],"yoast_head":"<!-- This site is optimized with the Yoast SEO Premium plugin v22.2 (Yoast SEO v22.8) - https:\/\/yoast.com\/wordpress\/plugins\/seo\/ -->\n<title>Ekkla | Tragbare Tischleuchte Fuji | LED | Schwarz | IP44 | Faro Barcelona | Ekkla<\/title>\n<meta name=\"description\" content=\"Fuji eignet sich perfekt f\u00fcr eine moderne Einrichtung und dank der Schutzart IP44 sogar f\u00fcr Terrassen oder G\u00e4rten.\" \/>\n<meta name=\"robots\" content=\"index, follow, max-snippet:-1, max-image-preview:large, max-video-preview:-1\" \/>\n<link rel=\"canonical\" href=\"https:\/\/ekkla.ch\/de\/produit\/tragbare-tischleuchte-fuji-led-satinschwarz-ip44-faro-barcelona\/\" \/>\n<meta property=\"og:locale\" content=\"de_DE\" \/>\n<meta property=\"og:type\" content=\"article\" \/>\n<meta property=\"og:title\" content=\"Tragbare Tischleuchte Fuji - LED - Satinschwarz - IP44 - Faro Barcelona\" \/>\n<meta property=\"og:description\" content=\"Fuji eignet sich perfekt f\u00fcr eine moderne Einrichtung und dank der Schutzart IP44 sogar f\u00fcr Terrassen oder G\u00e4rten.\" \/>\n<meta property=\"og:url\" content=\"https:\/\/ekkla.ch\/de\/produit\/tragbare-tischleuchte-fuji-led-satinschwarz-ip44-faro-barcelona\/\" \/>\n<meta property=\"og:site_name\" content=\"Ekkla\" \/>\n<meta property=\"article:modified_time\" content=\"2022-12-27T21:14:39+00:00\" \/>\n<meta property=\"og:image\" content=\"https:\/\/ekkla.ch\/wp-content\/uploads\/2022\/08\/1.png\" \/>\n\t<meta property=\"og:image:width\" content=\"500\" \/>\n\t<meta property=\"og:image:height\" content=\"500\" \/>\n\t<meta property=\"og:image:type\" content=\"image\/png\" \/>\n<meta name=\"twitter:card\" content=\"summary_large_image\" \/>\n<meta name=\"twitter:label1\" content=\"Gesch\u00e4tzte Lesezeit\" \/>\n\t<meta name=\"twitter:data1\" content=\"1\u00a0Minute\" \/>\n<script type=\"application\/ld+json\" class=\"yoast-schema-graph\">{\"@context\":\"https:\/\/schema.org\",\"@graph\":[{\"@type\":\"WebPage\",\"@id\":\"https:\/\/ekkla.ch\/de\/produit\/tragbare-tischleuchte-fuji-led-satinschwarz-ip44-faro-barcelona\/\",\"url\":\"https:\/\/ekkla.ch\/de\/produit\/tragbare-tischleuchte-fuji-led-satinschwarz-ip44-faro-barcelona\/\",\"name\":\"Ekkla | Tragbare Tischleuchte Fuji | LED | Schwarz | IP44 | Faro Barcelona | Ekkla\",\"isPartOf\":{\"@id\":\"https:\/\/ekkla.ch\/#website\"},\"primaryImageOfPage\":{\"@id\":\"https:\/\/ekkla.ch\/de\/produit\/tragbare-tischleuchte-fuji-led-satinschwarz-ip44-faro-barcelona\/#primaryimage\"},\"image\":{\"@id\":\"https:\/\/ekkla.ch\/de\/produit\/tragbare-tischleuchte-fuji-led-satinschwarz-ip44-faro-barcelona\/#primaryimage\"},\"thumbnailUrl\":\"https:\/\/ekkla.ch\/wp-content\/uploads\/2022\/08\/1.png\",\"datePublished\":\"2022-08-22T08:30:31+00:00\",\"dateModified\":\"2022-12-27T21:14:39+00:00\",\"description\":\"Fuji eignet sich perfekt f\u00fcr eine moderne Einrichtung und dank der Schutzart IP44 sogar f\u00fcr Terrassen oder G\u00e4rten.\",\"breadcrumb\":{\"@id\":\"https:\/\/ekkla.ch\/de\/produit\/tragbare-tischleuchte-fuji-led-satinschwarz-ip44-faro-barcelona\/#breadcrumb\"},\"inLanguage\":\"de\",\"potentialAction\":[{\"@type\":\"ReadAction\",\"target\":[\"https:\/\/ekkla.ch\/de\/produit\/tragbare-tischleuchte-fuji-led-satinschwarz-ip44-faro-barcelona\/\"]}]},{\"@type\":\"ImageObject\",\"inLanguage\":\"de\",\"@id\":\"https:\/\/ekkla.ch\/de\/produit\/tragbare-tischleuchte-fuji-led-satinschwarz-ip44-faro-barcelona\/#primaryimage\",\"url\":\"https:\/\/ekkla.ch\/wp-content\/uploads\/2022\/08\/1.png\",\"contentUrl\":\"https:\/\/ekkla.ch\/wp-content\/uploads\/2022\/08\/1.png\",\"width\":500,\"height\":500},{\"@type\":\"BreadcrumbList\",\"@id\":\"https:\/\/ekkla.ch\/de\/produit\/tragbare-tischleuchte-fuji-led-satinschwarz-ip44-faro-barcelona\/#breadcrumb\",\"itemListElement\":[{\"@type\":\"ListItem\",\"position\":1,\"name\":\"Home\",\"item\":\"https:\/\/ekkla.ch\/de\/\"},{\"@type\":\"ListItem\",\"position\":2,\"name\":\"Shop\",\"item\":\"https:\/\/ekkla.ch\/de\/shop\/\"},{\"@type\":\"ListItem\",\"position\":3,\"name\":\"Tragbare Tischleuchte Fuji &#8211; LED &#8211; Satinschwarz &#8211; IP44 &#8211; Faro Barcelona\"}]},{\"@type\":\"WebSite\",\"@id\":\"https:\/\/ekkla.ch\/#website\",\"url\":\"https:\/\/ekkla.ch\/\",\"name\":\"Ekkla\",\"description\":\"Der Onlineshop f\u00fcr Beleuchtung\",\"publisher\":{\"@id\":\"https:\/\/ekkla.ch\/#organization\"},\"potentialAction\":[{\"@type\":\"SearchAction\",\"target\":{\"@type\":\"EntryPoint\",\"urlTemplate\":\"https:\/\/ekkla.ch\/?s={search_term_string}\"},\"query-input\":\"required name=search_term_string\"}],\"inLanguage\":\"de\"},{\"@type\":\"Organization\",\"@id\":\"https:\/\/ekkla.ch\/#organization\",\"name\":\"Ekkla\",\"url\":\"https:\/\/ekkla.ch\/\",\"logo\":{\"@type\":\"ImageObject\",\"inLanguage\":\"de\",\"@id\":\"https:\/\/ekkla.ch\/#\/schema\/logo\/image\/\",\"url\":\"http:\/\/ekkla.ch\/wp-content\/uploads\/2019\/07\/logo-1.svg\",\"contentUrl\":\"http:\/\/ekkla.ch\/wp-content\/uploads\/2019\/07\/logo-1.svg\",\"width\":1,\"height\":1,\"caption\":\"Ekkla\"},\"image\":{\"@id\":\"https:\/\/ekkla.ch\/#\/schema\/logo\/image\/\"},\"sameAs\":[\"https:\/\/www.instagram.com\/ekkla_light\/\"]}]}<\/script>\n<!-- \/ Yoast SEO Premium plugin. -->","yoast_head_json":{"title":"Ekkla | Tragbare Tischleuchte Fuji | LED | Schwarz | IP44 | Faro Barcelona | Ekkla","description":"Fuji eignet sich perfekt f\u00fcr eine moderne Einrichtung und dank der Schutzart IP44 sogar f\u00fcr Terrassen oder G\u00e4rten.","robots":{"index":"index","follow":"follow","max-snippet":"max-snippet:-1","max-image-preview":"max-image-preview:large","max-video-preview":"max-video-preview:-1"},"canonical":"https:\/\/ekkla.ch\/de\/produit\/tragbare-tischleuchte-fuji-led-satinschwarz-ip44-faro-barcelona\/","og_locale":"de_DE","og_type":"article","og_title":"Tragbare Tischleuchte Fuji - LED - Satinschwarz - IP44 - Faro Barcelona","og_description":"Fuji eignet sich perfekt f\u00fcr eine moderne Einrichtung und dank der Schutzart IP44 sogar f\u00fcr Terrassen oder G\u00e4rten.","og_url":"https:\/\/ekkla.ch\/de\/produit\/tragbare-tischleuchte-fuji-led-satinschwarz-ip44-faro-barcelona\/","og_site_name":"Ekkla","article_modified_time":"2022-12-27T21:14:39+00:00","og_image":[{"width":500,"height":500,"url":"https:\/\/ekkla.ch\/wp-content\/uploads\/2022\/08\/1.png","type":"image\/png"}],"twitter_card":"summary_large_image","twitter_misc":{"Gesch\u00e4tzte Lesezeit":"1\u00a0Minute"},"schema":{"@context":"https:\/\/schema.org","@graph":[{"@type":"WebPage","@id":"https:\/\/ekkla.ch\/de\/produit\/tragbare-tischleuchte-fuji-led-satinschwarz-ip44-faro-barcelona\/","url":"https:\/\/ekkla.ch\/de\/produit\/tragbare-tischleuchte-fuji-led-satinschwarz-ip44-faro-barcelona\/","name":"Ekkla | Tragbare Tischleuchte Fuji | LED | Schwarz | IP44 | Faro Barcelona | Ekkla","isPartOf":{"@id":"https:\/\/ekkla.ch\/#website"},"primaryImageOfPage":{"@id":"https:\/\/ekkla.ch\/de\/produit\/tragbare-tischleuchte-fuji-led-satinschwarz-ip44-faro-barcelona\/#primaryimage"},"image":{"@id":"https:\/\/ekkla.ch\/de\/produit\/tragbare-tischleuchte-fuji-led-satinschwarz-ip44-faro-barcelona\/#primaryimage"},"thumbnailUrl":"https:\/\/ekkla.ch\/wp-content\/uploads\/2022\/08\/1.png","datePublished":"2022-08-22T08:30:31+00:00","dateModified":"2022-12-27T21:14:39+00:00","description":"Fuji eignet sich perfekt f\u00fcr eine moderne Einrichtung und dank der Schutzart IP44 sogar f\u00fcr Terrassen oder G\u00e4rten.","breadcrumb":{"@id":"https:\/\/ekkla.ch\/de\/produit\/tragbare-tischleuchte-fuji-led-satinschwarz-ip44-faro-barcelona\/#breadcrumb"},"inLanguage":"de","potentialAction":[{"@type":"ReadAction","target":["https:\/\/ekkla.ch\/de\/produit\/tragbare-tischleuchte-fuji-led-satinschwarz-ip44-faro-barcelona\/"]}]},{"@type":"ImageObject","inLanguage":"de","@id":"https:\/\/ekkla.ch\/de\/produit\/tragbare-tischleuchte-fuji-led-satinschwarz-ip44-faro-barcelona\/#primaryimage","url":"https:\/\/ekkla.ch\/wp-content\/uploads\/2022\/08\/1.png","contentUrl":"https:\/\/ekkla.ch\/wp-content\/uploads\/2022\/08\/1.png","width":500,"height":500},{"@type":"BreadcrumbList","@id":"https:\/\/ekkla.ch\/de\/produit\/tragbare-tischleuchte-fuji-led-satinschwarz-ip44-faro-barcelona\/#breadcrumb","itemListElement":[{"@type":"ListItem","position":1,"name":"Home","item":"https:\/\/ekkla.ch\/de\/"},{"@type":"ListItem","position":2,"name":"Shop","item":"https:\/\/ekkla.ch\/de\/shop\/"},{"@type":"ListItem","position":3,"name":"Tragbare Tischleuchte Fuji &#8211; LED &#8211; Satinschwarz &#8211; IP44 &#8211; Faro Barcelona"}]},{"@type":"WebSite","@id":"https:\/\/ekkla.ch\/#website","url":"https:\/\/ekkla.ch\/","name":"Ekkla","description":"Der Onlineshop f\u00fcr Beleuchtung","publisher":{"@id":"https:\/\/ekkla.ch\/#organization"},"potentialAction":[{"@type":"SearchAction","target":{"@type":"EntryPoint","urlTemplate":"https:\/\/ekkla.ch\/?s={search_term_string}"},"query-input":"required name=search_term_string"}],"inLanguage":"de"},{"@type":"Organization","@id":"https:\/\/ekkla.ch\/#organization","name":"Ekkla","url":"https:\/\/ekkla.ch\/","logo":{"@type":"ImageObject","inLanguage":"de","@id":"https:\/\/ekkla.ch\/#\/schema\/logo\/image\/","url":"http:\/\/ekkla.ch\/wp-content\/uploads\/2019\/07\/logo-1.svg","contentUrl":"http:\/\/ekkla.ch\/wp-content\/uploads\/2019\/07\/logo-1.svg","width":1,"height":1,"caption":"Ekkla"},"image":{"@id":"https:\/\/ekkla.ch\/#\/schema\/logo\/image\/"},"sameAs":["https:\/\/www.instagram.com\/ekkla_light\/"]}]}},"_links":{"self":[{"href":"https:\/\/ekkla.ch\/de\/wp-json\/wp\/v2\/product\/161121"}],"collection":[{"href":"https:\/\/ekkla.ch\/de\/wp-json\/wp\/v2\/product"}],"about":[{"href":"https:\/\/ekkla.ch\/de\/wp-json\/wp\/v2\/types\/product"}],"wp:featuredmedia":[{"embeddable":true,"href":"https:\/\/ekkla.ch\/de\/wp-json\/wp\/v2\/media\/161204"}],"wp:attachment":[{"href":"https:\/\/ekkla.ch\/de\/wp-json\/wp\/v2\/media?parent=161121"}],"wp:term":[{"taxonomy":"product_cat","embeddable":true,"href":"https:\/\/ekkla.ch\/de\/wp-json\/wp\/v2\/product_cat?post=161121"},{"taxonomy":"product_tag","embeddable":true,"href":"https:\/\/ekkla.ch\/de\/wp-json\/wp\/v2\/product_tag?post=161121"}],"curies":[{"name":"wp","href":"https:\/\/api.w.org\/{rel}","templated":true}]}}