{"id":163005,"date":"2022-10-27T16:47:20","date_gmt":"2022-10-27T14:47:20","guid":{"rendered":"https:\/\/ekkla.ch\/produit\/tischleuchte-banana-dewey-gold-h-19-kunstharz-und-glas-seletti\/"},"modified":"2022-11-02T23:07:29","modified_gmt":"2022-11-02T22:07:29","slug":"tischleuchte-banana-dewey-gold-h-19-kunstharz-und-glas-seletti","status":"publish","type":"product","link":"https:\/\/ekkla.ch\/de\/produit\/tischleuchte-banana-dewey-gold-h-19-kunstharz-und-glas-seletti\/","title":{"rendered":"Tischleuchte Banana Dewey gold &#8211; H.19 &#8211; Kunstharz und Glas &#8211; Seletti"},"content":{"rendered":"<p>LET&#8217;S GO BANANA<\/p>\n<p>Urspr\u00fcnglich wurde die Banana-Lampe von Studio Job f\u00fcr die Art Light-Ausstellung in Paris in limitierter Auflage in Bronze entworfen. Die italienische Marke Seletti beschloss, dieses Modell zu \u00fcbernehmen, um es zu einer Ikone ihrer st\u00e4ndigen Kollektion zu machen, indem sie die Bronze durch goldenes Harz ersetzte.<\/p>\n<p>Diese Lampe in Form einer gesch\u00e4lten Banane ist eine Hommage an die Pop-Art. Sie ist von einer der beliebtesten Fr\u00fcchte der Welt inspiriert und macht aus einem Alltagsgegenstand ein echtes Kunstobjekt. Genau wie Campbell-Tomaten, Coca-Cola-Dosen oder Dollarbretter ist die Bananenlampe eine sch\u00f6ne Anspielung auf die Werke von Andy Warhol. Mit dieser Leuchte haben Sie also die Gelegenheit, Ihrer Dekoration eine v\u00f6llig schr\u00e4ge und humorvolle Note hinzuzuf\u00fcgen.<\/p>\n<p>Ob auf einem Regal oder einem M\u00f6belst\u00fcck im Eingangsbereich, die Lampe Banana wird \u00fcberall dort, wo Sie sie aufstellen, f\u00fcr Aufsehen sorgen! Die Schale der Banane besteht aus goldfarbenem Kunstharz, w\u00e4hrend der Diffusor aus Milchglas gefertigt ist. Die eingebaute LED-Lampe ist dimmbar, sodass Sie die Lichtintensit\u00e4t so einstellen k\u00f6nnen, wie es Ihnen am besten gef\u00e4llt und wie es sich f\u00fcr die verschiedenen Tageszeiten anbietet.<\/p>\n<p>Eine originelle Geschenkidee, die dem Beschenkten bestimmt Freude bescheren wird!<\/p>\n<blockquote>\n<h2 style=\"text-align: left;\">Merkmale &amp; Eigenschaften<\/h2>\n<p><strong>Marke<\/strong> Seletti<\/p>\n<p style=\"text-align: left;\"><strong>Farbe<\/strong> Gold<\/p>\n<p style=\"text-align: left;\"><strong>Materialien<\/strong> Kunstharz und Glas<\/p>\n<p style=\"text-align: left;\"><strong>Gl\u00fchbirne<\/strong>\u00a0Integrierte LED<\/p>\n<p><b>Stromversorgung\u00a0<\/b>ab Netz<\/p>\n<p><strong>Max. Leistung (W) <\/strong>1<\/p>\n<p><b>Lichtstrom<\/b><strong>\u00a0(lm)<\/strong> 480<\/p>\n<p><strong>Farbtemperatur (K)<\/strong> 3000<\/p>\n<p style=\"text-align: left;\"><strong>H\u00f6he (cm)<\/strong> 19<\/p>\n<p><strong>Breite (cm)<\/strong> 24<\/p>\n<p><strong>Tiefe (cm)<\/strong> 33,5<\/p>\n<p><strong>Schutzklasse (IP)<\/strong> 20 (nur f\u00fcr den Innengebrauch)<\/p><\/blockquote>\n","protected":false},"excerpt":{"rendered":"<p>LET&#8217;S GO BANANA Urspr\u00fcnglich wurde die Banana-Lampe von Studio Job f\u00fcr die Art Light-Ausstellung in Paris in limitierter Auflage in Bronze entworfen. Die italienische Marke Seletti beschloss, dieses Modell zu \u00fcbernehmen, um es zu einer Ikone ihrer st\u00e4ndigen Kollektion zu machen, indem sie die Bronze durch goldenes Harz ersetzte. Diese Lampe in Form einer gesch\u00e4lten [&hellip;]<\/p>\n","protected":false},"featured_media":162478,"template":"","meta":{"_acf_changed":false,"om_disable_all_campaigns":false},"product_cat":[290],"product_tag":[1258,898,554,1188,801,816,730],"bundled_by":[],"bundle_stock_status":"onbackorder","bundle_stock_quantity":0,"bundle_virtual":false,"bundle_layout":"","bundle_add_to_cart_form_location":"","bundle_editable_in_cart":false,"bundle_sold_individually_context":"","bundle_item_grouping":"","bundle_min_size":"","bundle_max_size":"","bundle_price":[],"bundled_items":[],"bundle_sell_ids":[],"acf":[],"yoast_head":"<!-- This site is optimized with the Yoast SEO Premium plugin v22.2 (Yoast SEO v22.8) - https:\/\/yoast.com\/wordpress\/plugins\/seo\/ -->\n<title>Seletti | Leuchte Banana Dewey Gold | H.19 | Ekkla<\/title>\n<meta name=\"description\" content=\"Dekorative Lampe in Form einer goldenen Banane mit Netzanschluss. Seletti - Italienisches Design. Kostenlose Lieferung. 100% sichere Zahlung.\" \/>\n<meta name=\"robots\" content=\"index, follow, max-snippet:-1, max-image-preview:large, max-video-preview:-1\" \/>\n<link rel=\"canonical\" href=\"https:\/\/ekkla.ch\/de\/produit\/tischleuchte-banana-dewey-gold-h-19-kunstharz-und-glas-seletti\/\" \/>\n<meta property=\"og:locale\" content=\"de_DE\" \/>\n<meta property=\"og:type\" content=\"article\" \/>\n<meta property=\"og:title\" content=\"Tischleuchte Banana Dewey gold - H.19 - Kunstharz und Glas - Seletti\" \/>\n<meta property=\"og:description\" content=\"Dekorative Lampe in Form einer goldenen Banane mit Netzanschluss. Seletti - Italienisches Design. Kostenlose Lieferung. 100% sichere Zahlung.\" \/>\n<meta property=\"og:url\" content=\"https:\/\/ekkla.ch\/de\/produit\/tischleuchte-banana-dewey-gold-h-19-kunstharz-und-glas-seletti\/\" \/>\n<meta property=\"og:site_name\" content=\"Ekkla\" \/>\n<meta property=\"article:modified_time\" content=\"2022-11-02T22:07:29+00:00\" \/>\n<meta property=\"og:image\" content=\"https:\/\/ekkla.ch\/wp-content\/uploads\/2022\/10\/ekkla-light-seletti_0021s_0032_13081_Banana_Lamp_Dewey-1.jpg\" \/>\n\t<meta property=\"og:image:width\" content=\"1080\" \/>\n\t<meta property=\"og:image:height\" content=\"1080\" \/>\n\t<meta property=\"og:image:type\" content=\"image\/jpeg\" \/>\n<meta name=\"twitter:card\" content=\"summary_large_image\" \/>\n<meta name=\"twitter:label1\" content=\"Gesch\u00e4tzte Lesezeit\" \/>\n\t<meta name=\"twitter:data1\" content=\"1\u00a0Minute\" \/>\n<script type=\"application\/ld+json\" class=\"yoast-schema-graph\">{\"@context\":\"https:\/\/schema.org\",\"@graph\":[{\"@type\":\"WebPage\",\"@id\":\"https:\/\/ekkla.ch\/de\/produit\/tischleuchte-banana-dewey-gold-h-19-kunstharz-und-glas-seletti\/\",\"url\":\"https:\/\/ekkla.ch\/de\/produit\/tischleuchte-banana-dewey-gold-h-19-kunstharz-und-glas-seletti\/\",\"name\":\"Seletti | Leuchte Banana Dewey Gold | H.19 | Ekkla\",\"isPartOf\":{\"@id\":\"https:\/\/ekkla.ch\/#website\"},\"primaryImageOfPage\":{\"@id\":\"https:\/\/ekkla.ch\/de\/produit\/tischleuchte-banana-dewey-gold-h-19-kunstharz-und-glas-seletti\/#primaryimage\"},\"image\":{\"@id\":\"https:\/\/ekkla.ch\/de\/produit\/tischleuchte-banana-dewey-gold-h-19-kunstharz-und-glas-seletti\/#primaryimage\"},\"thumbnailUrl\":\"https:\/\/ekkla.ch\/wp-content\/uploads\/2022\/10\/ekkla-light-seletti_0021s_0032_13081_Banana_Lamp_Dewey-1.jpg\",\"datePublished\":\"2022-10-27T14:47:20+00:00\",\"dateModified\":\"2022-11-02T22:07:29+00:00\",\"description\":\"Dekorative Lampe in Form einer goldenen Banane mit Netzanschluss. Seletti - Italienisches Design. Kostenlose Lieferung. 100% sichere Zahlung.\",\"breadcrumb\":{\"@id\":\"https:\/\/ekkla.ch\/de\/produit\/tischleuchte-banana-dewey-gold-h-19-kunstharz-und-glas-seletti\/#breadcrumb\"},\"inLanguage\":\"de\",\"potentialAction\":[{\"@type\":\"ReadAction\",\"target\":[\"https:\/\/ekkla.ch\/de\/produit\/tischleuchte-banana-dewey-gold-h-19-kunstharz-und-glas-seletti\/\"]}]},{\"@type\":\"ImageObject\",\"inLanguage\":\"de\",\"@id\":\"https:\/\/ekkla.ch\/de\/produit\/tischleuchte-banana-dewey-gold-h-19-kunstharz-und-glas-seletti\/#primaryimage\",\"url\":\"https:\/\/ekkla.ch\/wp-content\/uploads\/2022\/10\/ekkla-light-seletti_0021s_0032_13081_Banana_Lamp_Dewey-1.jpg\",\"contentUrl\":\"https:\/\/ekkla.ch\/wp-content\/uploads\/2022\/10\/ekkla-light-seletti_0021s_0032_13081_Banana_Lamp_Dewey-1.jpg\",\"width\":1080,\"height\":1080},{\"@type\":\"BreadcrumbList\",\"@id\":\"https:\/\/ekkla.ch\/de\/produit\/tischleuchte-banana-dewey-gold-h-19-kunstharz-und-glas-seletti\/#breadcrumb\",\"itemListElement\":[{\"@type\":\"ListItem\",\"position\":1,\"name\":\"Home\",\"item\":\"https:\/\/ekkla.ch\/de\/\"},{\"@type\":\"ListItem\",\"position\":2,\"name\":\"Shop\",\"item\":\"https:\/\/ekkla.ch\/de\/shop\/\"},{\"@type\":\"ListItem\",\"position\":3,\"name\":\"Tischleuchte Banana Dewey gold &#8211; H.19 &#8211; Kunstharz und Glas &#8211; Seletti\"}]},{\"@type\":\"WebSite\",\"@id\":\"https:\/\/ekkla.ch\/#website\",\"url\":\"https:\/\/ekkla.ch\/\",\"name\":\"Ekkla\",\"description\":\"Der Onlineshop f\u00fcr Beleuchtung\",\"publisher\":{\"@id\":\"https:\/\/ekkla.ch\/#organization\"},\"potentialAction\":[{\"@type\":\"SearchAction\",\"target\":{\"@type\":\"EntryPoint\",\"urlTemplate\":\"https:\/\/ekkla.ch\/?s={search_term_string}\"},\"query-input\":\"required name=search_term_string\"}],\"inLanguage\":\"de\"},{\"@type\":\"Organization\",\"@id\":\"https:\/\/ekkla.ch\/#organization\",\"name\":\"Ekkla\",\"url\":\"https:\/\/ekkla.ch\/\",\"logo\":{\"@type\":\"ImageObject\",\"inLanguage\":\"de\",\"@id\":\"https:\/\/ekkla.ch\/#\/schema\/logo\/image\/\",\"url\":\"http:\/\/ekkla.ch\/wp-content\/uploads\/2019\/07\/logo-1.svg\",\"contentUrl\":\"http:\/\/ekkla.ch\/wp-content\/uploads\/2019\/07\/logo-1.svg\",\"width\":1,\"height\":1,\"caption\":\"Ekkla\"},\"image\":{\"@id\":\"https:\/\/ekkla.ch\/#\/schema\/logo\/image\/\"},\"sameAs\":[\"https:\/\/www.instagram.com\/ekkla_light\/\"]}]}<\/script>\n<!-- \/ Yoast SEO Premium plugin. -->","yoast_head_json":{"title":"Seletti | Leuchte Banana Dewey Gold | H.19 | Ekkla","description":"Dekorative Lampe in Form einer goldenen Banane mit Netzanschluss. Seletti - Italienisches Design. Kostenlose Lieferung. 100% sichere Zahlung.","robots":{"index":"index","follow":"follow","max-snippet":"max-snippet:-1","max-image-preview":"max-image-preview:large","max-video-preview":"max-video-preview:-1"},"canonical":"https:\/\/ekkla.ch\/de\/produit\/tischleuchte-banana-dewey-gold-h-19-kunstharz-und-glas-seletti\/","og_locale":"de_DE","og_type":"article","og_title":"Tischleuchte Banana Dewey gold - H.19 - Kunstharz und Glas - Seletti","og_description":"Dekorative Lampe in Form einer goldenen Banane mit Netzanschluss. Seletti - Italienisches Design. Kostenlose Lieferung. 100% sichere Zahlung.","og_url":"https:\/\/ekkla.ch\/de\/produit\/tischleuchte-banana-dewey-gold-h-19-kunstharz-und-glas-seletti\/","og_site_name":"Ekkla","article_modified_time":"2022-11-02T22:07:29+00:00","og_image":[{"width":1080,"height":1080,"url":"https:\/\/ekkla.ch\/wp-content\/uploads\/2022\/10\/ekkla-light-seletti_0021s_0032_13081_Banana_Lamp_Dewey-1.jpg","type":"image\/jpeg"}],"twitter_card":"summary_large_image","twitter_misc":{"Gesch\u00e4tzte Lesezeit":"1\u00a0Minute"},"schema":{"@context":"https:\/\/schema.org","@graph":[{"@type":"WebPage","@id":"https:\/\/ekkla.ch\/de\/produit\/tischleuchte-banana-dewey-gold-h-19-kunstharz-und-glas-seletti\/","url":"https:\/\/ekkla.ch\/de\/produit\/tischleuchte-banana-dewey-gold-h-19-kunstharz-und-glas-seletti\/","name":"Seletti | Leuchte Banana Dewey Gold | H.19 | Ekkla","isPartOf":{"@id":"https:\/\/ekkla.ch\/#website"},"primaryImageOfPage":{"@id":"https:\/\/ekkla.ch\/de\/produit\/tischleuchte-banana-dewey-gold-h-19-kunstharz-und-glas-seletti\/#primaryimage"},"image":{"@id":"https:\/\/ekkla.ch\/de\/produit\/tischleuchte-banana-dewey-gold-h-19-kunstharz-und-glas-seletti\/#primaryimage"},"thumbnailUrl":"https:\/\/ekkla.ch\/wp-content\/uploads\/2022\/10\/ekkla-light-seletti_0021s_0032_13081_Banana_Lamp_Dewey-1.jpg","datePublished":"2022-10-27T14:47:20+00:00","dateModified":"2022-11-02T22:07:29+00:00","description":"Dekorative Lampe in Form einer goldenen Banane mit Netzanschluss. Seletti - Italienisches Design. Kostenlose Lieferung. 100% sichere Zahlung.","breadcrumb":{"@id":"https:\/\/ekkla.ch\/de\/produit\/tischleuchte-banana-dewey-gold-h-19-kunstharz-und-glas-seletti\/#breadcrumb"},"inLanguage":"de","potentialAction":[{"@type":"ReadAction","target":["https:\/\/ekkla.ch\/de\/produit\/tischleuchte-banana-dewey-gold-h-19-kunstharz-und-glas-seletti\/"]}]},{"@type":"ImageObject","inLanguage":"de","@id":"https:\/\/ekkla.ch\/de\/produit\/tischleuchte-banana-dewey-gold-h-19-kunstharz-und-glas-seletti\/#primaryimage","url":"https:\/\/ekkla.ch\/wp-content\/uploads\/2022\/10\/ekkla-light-seletti_0021s_0032_13081_Banana_Lamp_Dewey-1.jpg","contentUrl":"https:\/\/ekkla.ch\/wp-content\/uploads\/2022\/10\/ekkla-light-seletti_0021s_0032_13081_Banana_Lamp_Dewey-1.jpg","width":1080,"height":1080},{"@type":"BreadcrumbList","@id":"https:\/\/ekkla.ch\/de\/produit\/tischleuchte-banana-dewey-gold-h-19-kunstharz-und-glas-seletti\/#breadcrumb","itemListElement":[{"@type":"ListItem","position":1,"name":"Home","item":"https:\/\/ekkla.ch\/de\/"},{"@type":"ListItem","position":2,"name":"Shop","item":"https:\/\/ekkla.ch\/de\/shop\/"},{"@type":"ListItem","position":3,"name":"Tischleuchte Banana Dewey gold &#8211; H.19 &#8211; Kunstharz und Glas &#8211; Seletti"}]},{"@type":"WebSite","@id":"https:\/\/ekkla.ch\/#website","url":"https:\/\/ekkla.ch\/","name":"Ekkla","description":"Der Onlineshop f\u00fcr Beleuchtung","publisher":{"@id":"https:\/\/ekkla.ch\/#organization"},"potentialAction":[{"@type":"SearchAction","target":{"@type":"EntryPoint","urlTemplate":"https:\/\/ekkla.ch\/?s={search_term_string}"},"query-input":"required name=search_term_string"}],"inLanguage":"de"},{"@type":"Organization","@id":"https:\/\/ekkla.ch\/#organization","name":"Ekkla","url":"https:\/\/ekkla.ch\/","logo":{"@type":"ImageObject","inLanguage":"de","@id":"https:\/\/ekkla.ch\/#\/schema\/logo\/image\/","url":"http:\/\/ekkla.ch\/wp-content\/uploads\/2019\/07\/logo-1.svg","contentUrl":"http:\/\/ekkla.ch\/wp-content\/uploads\/2019\/07\/logo-1.svg","width":1,"height":1,"caption":"Ekkla"},"image":{"@id":"https:\/\/ekkla.ch\/#\/schema\/logo\/image\/"},"sameAs":["https:\/\/www.instagram.com\/ekkla_light\/"]}]}},"_links":{"self":[{"href":"https:\/\/ekkla.ch\/de\/wp-json\/wp\/v2\/product\/163005"}],"collection":[{"href":"https:\/\/ekkla.ch\/de\/wp-json\/wp\/v2\/product"}],"about":[{"href":"https:\/\/ekkla.ch\/de\/wp-json\/wp\/v2\/types\/product"}],"wp:featuredmedia":[{"embeddable":true,"href":"https:\/\/ekkla.ch\/de\/wp-json\/wp\/v2\/media\/162478"}],"wp:attachment":[{"href":"https:\/\/ekkla.ch\/de\/wp-json\/wp\/v2\/media?parent=163005"}],"wp:term":[{"taxonomy":"product_cat","embeddable":true,"href":"https:\/\/ekkla.ch\/de\/wp-json\/wp\/v2\/product_cat?post=163005"},{"taxonomy":"product_tag","embeddable":true,"href":"https:\/\/ekkla.ch\/de\/wp-json\/wp\/v2\/product_tag?post=163005"}],"curies":[{"name":"wp","href":"https:\/\/api.w.org\/{rel}","templated":true}]}}