{"id":163024,"date":"2022-10-27T12:00:01","date_gmt":"2022-10-27T10:00:01","guid":{"rendered":"https:\/\/ekkla.ch\/produit\/tischleuchte-my-little-valentine-h-228-kunstharz-seletti\/"},"modified":"2022-11-03T17:31:10","modified_gmt":"2022-11-03T16:31:10","slug":"tischleuchte-my-little-valentine-h-228-kunstharz-seletti","status":"publish","type":"product","link":"https:\/\/ekkla.ch\/de\/produit\/tischleuchte-my-little-valentine-h-228-kunstharz-seletti\/","title":{"rendered":"Tischleuchte My little Valentine &#8211; H.22,8 &#8211; Kunstharz &#8211; Seletti"},"content":{"rendered":"<p>Diese Lampe, die aus einem Traum zu kommen scheint, wurde vom Designer Marcantonio Raimondi Malerba f\u00fcr Seletti entworfen. Sie bietet uns eine Miniaturfilmszene, die scheint, als w\u00e4re sie in der Zeit h\u00e4ngen geblieben. Poetisch und originell, besteht sie aus einer sehr realistischen Kulisse aus Kunstharz, die unter einem transparenten Glaskasten gesch\u00fctzt ist. Dank der LED-Quelle wird die Strassenlaterne beleuchtet und die Szene wirkt lebendig, fast schon surreal. Diese eingefrorene, in ein Geheimnis geh\u00fcllte Szene, wickelt uns in einen magischen und einzigartigen Moment.<\/p>\n<p>Die ultrarealistische Lichtdekoration aus Kunstharz versetzt uns in die Welt der Kindheit und die Faszination von Miniaturwelten zur\u00fcck. Die Lampe verbreitet ein weiches Licht, und schafft so eine intrigante und gleichzeitig extravagante Atmosph\u00e4re.<\/p>\n<p>Entdecken Sie die ebenso fantasievolle wie poetische Welt dieser Leuchte, die sich als ein Klassiker bei der ber\u00fchmten italienischen Marke Seletti etabliert hat. Mit Charakter verf\u00fchrt sie uns in eine Welt voller antikonformistischer und verspielter Objekte, die Kreativit\u00e4t und Liebe zum Design hervorheben. Ein sicherer Wert in der ikonischen und oft m\u00e4rchenhaften Welt des italienischen Designs.<\/p>\n<p>Eine weitere Gewissheit: die Leuchte wird in Ihrer Dekoration auf jeden Fall auffallen! Die Lampe ist ideal, um neben dem Sofa oder auf einer Konsole einen Hauch von Fantasie zu verleihen, um ein M\u00f6belst\u00fcck in einer Eingangshalle zu schm\u00fccken oder auch um in die ungew\u00f6hnlichsten Ecken des Hauses zu gelangen. Eine originelle Geschenkidee, die dem Empf\u00e4nger zweifellos ein L\u00e4cheln ins Gesicht zaubern wird.<\/p>\n<blockquote>\n<h2 style=\"text-align: left;\">Merkmale &amp; Eigenschaften<\/h2>\n<p><strong>Marke<\/strong> Seletti<\/p>\n<p style=\"text-align: left;\"><strong>Farbe<\/strong> Schwarz<\/p>\n<p style=\"text-align: left;\"><strong>Materialien<\/strong> Kunstharz und Glas<\/p>\n<p style=\"text-align: left;\"><strong>Technologie<\/strong> LED<\/p>\n<p><strong>Max. Leistung (W) <\/strong>2<\/p>\n<p><b>Lichtstrom<\/b><strong>\u00a0(lm)<\/strong> 180<\/p>\n<p><strong>Farbtemperatur (K)<\/strong> 3000<\/p>\n<p style=\"text-align: left;\"><strong>H\u00f6he (cm)<\/strong> 22,8<\/p>\n<p><strong>Durchmesser (cm)<\/strong> 11,2<\/p>\n<p><strong>Schutzklasse (IP)<\/strong> 20 (nur f\u00fcr den Innengebrauch)<\/p><\/blockquote>\n","protected":false},"excerpt":{"rendered":"<p>Diese Lampe, die aus einem Traum zu kommen scheint, wurde vom Designer Marcantonio Raimondi Malerba f\u00fcr Seletti entworfen. Sie bietet uns eine Miniaturfilmszene, die scheint, als w\u00e4re sie in der Zeit h\u00e4ngen geblieben. Poetisch und originell, besteht sie aus einer sehr realistischen Kulisse aus Kunstharz, die unter einem transparenten Glaskasten gesch\u00fctzt ist. Dank der LED-Quelle [&hellip;]<\/p>\n","protected":false},"featured_media":162350,"template":"","meta":{"_acf_changed":false,"om_disable_all_campaigns":false},"product_cat":[290],"product_tag":[1258,760,902,554,1188,801,816,883,730],"bundled_by":[],"bundle_stock_status":"onbackorder","bundle_stock_quantity":0,"bundle_virtual":false,"bundle_layout":"","bundle_add_to_cart_form_location":"","bundle_editable_in_cart":false,"bundle_sold_individually_context":"","bundle_item_grouping":"","bundle_min_size":"","bundle_max_size":"","bundle_price":[],"bundled_items":[],"bundle_sell_ids":[],"acf":[],"yoast_head":"<!-- This site is optimized with the Yoast SEO Premium plugin v22.2 (Yoast SEO v22.8) - https:\/\/yoast.com\/wordpress\/plugins\/seo\/ -->\n<title>Seletti | Tischleuchte My little Valentine LED | H.22,8 | Ekkla<\/title>\n<meta name=\"description\" content=\"Ultrarealistische, leuchtende Miniaturszene aus Kunstharz. Seletti - Italienisches Design. Kostenlose Lieferung. 100% sichere Zahlung.\" \/>\n<meta name=\"robots\" content=\"index, follow, max-snippet:-1, max-image-preview:large, max-video-preview:-1\" \/>\n<link rel=\"canonical\" href=\"https:\/\/ekkla.ch\/de\/produit\/tischleuchte-my-little-valentine-h-228-kunstharz-seletti\/\" \/>\n<meta property=\"og:locale\" content=\"de_DE\" \/>\n<meta property=\"og:type\" content=\"article\" \/>\n<meta property=\"og:title\" content=\"Tischleuchte My little Valentine - H.22,8 - Kunstharz - Seletti\" \/>\n<meta property=\"og:description\" content=\"Ultrarealistische, leuchtende Miniaturszene aus Kunstharz. Seletti - Italienisches Design. Kostenlose Lieferung. 100% sichere Zahlung.\" \/>\n<meta property=\"og:url\" content=\"https:\/\/ekkla.ch\/de\/produit\/tischleuchte-my-little-valentine-h-228-kunstharz-seletti\/\" \/>\n<meta property=\"og:site_name\" content=\"Ekkla\" \/>\n<meta property=\"article:modified_time\" content=\"2022-11-03T16:31:10+00:00\" \/>\n<meta property=\"og:image\" content=\"https:\/\/ekkla.ch\/wp-content\/uploads\/2022\/10\/ekkla-light-seletti_0001s_0008_10469_My_Little_Valentine-2Z6A6907.jpg\" \/>\n\t<meta property=\"og:image:width\" content=\"1080\" \/>\n\t<meta property=\"og:image:height\" content=\"1080\" \/>\n\t<meta property=\"og:image:type\" content=\"image\/jpeg\" \/>\n<meta name=\"twitter:card\" content=\"summary_large_image\" \/>\n<meta name=\"twitter:label1\" content=\"Gesch\u00e4tzte Lesezeit\" \/>\n\t<meta name=\"twitter:data1\" content=\"2\u00a0Minuten\" \/>\n<script type=\"application\/ld+json\" class=\"yoast-schema-graph\">{\"@context\":\"https:\/\/schema.org\",\"@graph\":[{\"@type\":\"WebPage\",\"@id\":\"https:\/\/ekkla.ch\/de\/produit\/tischleuchte-my-little-valentine-h-228-kunstharz-seletti\/\",\"url\":\"https:\/\/ekkla.ch\/de\/produit\/tischleuchte-my-little-valentine-h-228-kunstharz-seletti\/\",\"name\":\"Seletti | Tischleuchte My little Valentine LED | H.22,8 | Ekkla\",\"isPartOf\":{\"@id\":\"https:\/\/ekkla.ch\/#website\"},\"primaryImageOfPage\":{\"@id\":\"https:\/\/ekkla.ch\/de\/produit\/tischleuchte-my-little-valentine-h-228-kunstharz-seletti\/#primaryimage\"},\"image\":{\"@id\":\"https:\/\/ekkla.ch\/de\/produit\/tischleuchte-my-little-valentine-h-228-kunstharz-seletti\/#primaryimage\"},\"thumbnailUrl\":\"https:\/\/ekkla.ch\/wp-content\/uploads\/2022\/10\/ekkla-light-seletti_0001s_0008_10469_My_Little_Valentine-2Z6A6907.jpg\",\"datePublished\":\"2022-10-27T10:00:01+00:00\",\"dateModified\":\"2022-11-03T16:31:10+00:00\",\"description\":\"Ultrarealistische, leuchtende Miniaturszene aus Kunstharz. Seletti - Italienisches Design. Kostenlose Lieferung. 100% sichere Zahlung.\",\"breadcrumb\":{\"@id\":\"https:\/\/ekkla.ch\/de\/produit\/tischleuchte-my-little-valentine-h-228-kunstharz-seletti\/#breadcrumb\"},\"inLanguage\":\"de\",\"potentialAction\":[{\"@type\":\"ReadAction\",\"target\":[\"https:\/\/ekkla.ch\/de\/produit\/tischleuchte-my-little-valentine-h-228-kunstharz-seletti\/\"]}]},{\"@type\":\"ImageObject\",\"inLanguage\":\"de\",\"@id\":\"https:\/\/ekkla.ch\/de\/produit\/tischleuchte-my-little-valentine-h-228-kunstharz-seletti\/#primaryimage\",\"url\":\"https:\/\/ekkla.ch\/wp-content\/uploads\/2022\/10\/ekkla-light-seletti_0001s_0008_10469_My_Little_Valentine-2Z6A6907.jpg\",\"contentUrl\":\"https:\/\/ekkla.ch\/wp-content\/uploads\/2022\/10\/ekkla-light-seletti_0001s_0008_10469_My_Little_Valentine-2Z6A6907.jpg\",\"width\":1080,\"height\":1080},{\"@type\":\"BreadcrumbList\",\"@id\":\"https:\/\/ekkla.ch\/de\/produit\/tischleuchte-my-little-valentine-h-228-kunstharz-seletti\/#breadcrumb\",\"itemListElement\":[{\"@type\":\"ListItem\",\"position\":1,\"name\":\"Home\",\"item\":\"https:\/\/ekkla.ch\/de\/\"},{\"@type\":\"ListItem\",\"position\":2,\"name\":\"Shop\",\"item\":\"https:\/\/ekkla.ch\/de\/shop\/\"},{\"@type\":\"ListItem\",\"position\":3,\"name\":\"Tischleuchte My little Valentine &#8211; H.22,8 &#8211; Kunstharz &#8211; Seletti\"}]},{\"@type\":\"WebSite\",\"@id\":\"https:\/\/ekkla.ch\/#website\",\"url\":\"https:\/\/ekkla.ch\/\",\"name\":\"Ekkla\",\"description\":\"Der Onlineshop f\u00fcr Beleuchtung\",\"publisher\":{\"@id\":\"https:\/\/ekkla.ch\/#organization\"},\"potentialAction\":[{\"@type\":\"SearchAction\",\"target\":{\"@type\":\"EntryPoint\",\"urlTemplate\":\"https:\/\/ekkla.ch\/?s={search_term_string}\"},\"query-input\":\"required name=search_term_string\"}],\"inLanguage\":\"de\"},{\"@type\":\"Organization\",\"@id\":\"https:\/\/ekkla.ch\/#organization\",\"name\":\"Ekkla\",\"url\":\"https:\/\/ekkla.ch\/\",\"logo\":{\"@type\":\"ImageObject\",\"inLanguage\":\"de\",\"@id\":\"https:\/\/ekkla.ch\/#\/schema\/logo\/image\/\",\"url\":\"http:\/\/ekkla.ch\/wp-content\/uploads\/2019\/07\/logo-1.svg\",\"contentUrl\":\"http:\/\/ekkla.ch\/wp-content\/uploads\/2019\/07\/logo-1.svg\",\"width\":1,\"height\":1,\"caption\":\"Ekkla\"},\"image\":{\"@id\":\"https:\/\/ekkla.ch\/#\/schema\/logo\/image\/\"},\"sameAs\":[\"https:\/\/www.instagram.com\/ekkla_light\/\"]}]}<\/script>\n<!-- \/ Yoast SEO Premium plugin. -->","yoast_head_json":{"title":"Seletti | Tischleuchte My little Valentine LED | H.22,8 | Ekkla","description":"Ultrarealistische, leuchtende Miniaturszene aus Kunstharz. Seletti - Italienisches Design. Kostenlose Lieferung. 100% sichere Zahlung.","robots":{"index":"index","follow":"follow","max-snippet":"max-snippet:-1","max-image-preview":"max-image-preview:large","max-video-preview":"max-video-preview:-1"},"canonical":"https:\/\/ekkla.ch\/de\/produit\/tischleuchte-my-little-valentine-h-228-kunstharz-seletti\/","og_locale":"de_DE","og_type":"article","og_title":"Tischleuchte My little Valentine - H.22,8 - Kunstharz - Seletti","og_description":"Ultrarealistische, leuchtende Miniaturszene aus Kunstharz. Seletti - Italienisches Design. Kostenlose Lieferung. 100% sichere Zahlung.","og_url":"https:\/\/ekkla.ch\/de\/produit\/tischleuchte-my-little-valentine-h-228-kunstharz-seletti\/","og_site_name":"Ekkla","article_modified_time":"2022-11-03T16:31:10+00:00","og_image":[{"width":1080,"height":1080,"url":"https:\/\/ekkla.ch\/wp-content\/uploads\/2022\/10\/ekkla-light-seletti_0001s_0008_10469_My_Little_Valentine-2Z6A6907.jpg","type":"image\/jpeg"}],"twitter_card":"summary_large_image","twitter_misc":{"Gesch\u00e4tzte Lesezeit":"2\u00a0Minuten"},"schema":{"@context":"https:\/\/schema.org","@graph":[{"@type":"WebPage","@id":"https:\/\/ekkla.ch\/de\/produit\/tischleuchte-my-little-valentine-h-228-kunstharz-seletti\/","url":"https:\/\/ekkla.ch\/de\/produit\/tischleuchte-my-little-valentine-h-228-kunstharz-seletti\/","name":"Seletti | Tischleuchte My little Valentine LED | H.22,8 | Ekkla","isPartOf":{"@id":"https:\/\/ekkla.ch\/#website"},"primaryImageOfPage":{"@id":"https:\/\/ekkla.ch\/de\/produit\/tischleuchte-my-little-valentine-h-228-kunstharz-seletti\/#primaryimage"},"image":{"@id":"https:\/\/ekkla.ch\/de\/produit\/tischleuchte-my-little-valentine-h-228-kunstharz-seletti\/#primaryimage"},"thumbnailUrl":"https:\/\/ekkla.ch\/wp-content\/uploads\/2022\/10\/ekkla-light-seletti_0001s_0008_10469_My_Little_Valentine-2Z6A6907.jpg","datePublished":"2022-10-27T10:00:01+00:00","dateModified":"2022-11-03T16:31:10+00:00","description":"Ultrarealistische, leuchtende Miniaturszene aus Kunstharz. Seletti - Italienisches Design. Kostenlose Lieferung. 100% sichere Zahlung.","breadcrumb":{"@id":"https:\/\/ekkla.ch\/de\/produit\/tischleuchte-my-little-valentine-h-228-kunstharz-seletti\/#breadcrumb"},"inLanguage":"de","potentialAction":[{"@type":"ReadAction","target":["https:\/\/ekkla.ch\/de\/produit\/tischleuchte-my-little-valentine-h-228-kunstharz-seletti\/"]}]},{"@type":"ImageObject","inLanguage":"de","@id":"https:\/\/ekkla.ch\/de\/produit\/tischleuchte-my-little-valentine-h-228-kunstharz-seletti\/#primaryimage","url":"https:\/\/ekkla.ch\/wp-content\/uploads\/2022\/10\/ekkla-light-seletti_0001s_0008_10469_My_Little_Valentine-2Z6A6907.jpg","contentUrl":"https:\/\/ekkla.ch\/wp-content\/uploads\/2022\/10\/ekkla-light-seletti_0001s_0008_10469_My_Little_Valentine-2Z6A6907.jpg","width":1080,"height":1080},{"@type":"BreadcrumbList","@id":"https:\/\/ekkla.ch\/de\/produit\/tischleuchte-my-little-valentine-h-228-kunstharz-seletti\/#breadcrumb","itemListElement":[{"@type":"ListItem","position":1,"name":"Home","item":"https:\/\/ekkla.ch\/de\/"},{"@type":"ListItem","position":2,"name":"Shop","item":"https:\/\/ekkla.ch\/de\/shop\/"},{"@type":"ListItem","position":3,"name":"Tischleuchte My little Valentine &#8211; H.22,8 &#8211; Kunstharz &#8211; Seletti"}]},{"@type":"WebSite","@id":"https:\/\/ekkla.ch\/#website","url":"https:\/\/ekkla.ch\/","name":"Ekkla","description":"Der Onlineshop f\u00fcr Beleuchtung","publisher":{"@id":"https:\/\/ekkla.ch\/#organization"},"potentialAction":[{"@type":"SearchAction","target":{"@type":"EntryPoint","urlTemplate":"https:\/\/ekkla.ch\/?s={search_term_string}"},"query-input":"required name=search_term_string"}],"inLanguage":"de"},{"@type":"Organization","@id":"https:\/\/ekkla.ch\/#organization","name":"Ekkla","url":"https:\/\/ekkla.ch\/","logo":{"@type":"ImageObject","inLanguage":"de","@id":"https:\/\/ekkla.ch\/#\/schema\/logo\/image\/","url":"http:\/\/ekkla.ch\/wp-content\/uploads\/2019\/07\/logo-1.svg","contentUrl":"http:\/\/ekkla.ch\/wp-content\/uploads\/2019\/07\/logo-1.svg","width":1,"height":1,"caption":"Ekkla"},"image":{"@id":"https:\/\/ekkla.ch\/#\/schema\/logo\/image\/"},"sameAs":["https:\/\/www.instagram.com\/ekkla_light\/"]}]}},"_links":{"self":[{"href":"https:\/\/ekkla.ch\/de\/wp-json\/wp\/v2\/product\/163024"}],"collection":[{"href":"https:\/\/ekkla.ch\/de\/wp-json\/wp\/v2\/product"}],"about":[{"href":"https:\/\/ekkla.ch\/de\/wp-json\/wp\/v2\/types\/product"}],"wp:featuredmedia":[{"embeddable":true,"href":"https:\/\/ekkla.ch\/de\/wp-json\/wp\/v2\/media\/162350"}],"wp:attachment":[{"href":"https:\/\/ekkla.ch\/de\/wp-json\/wp\/v2\/media?parent=163024"}],"wp:term":[{"taxonomy":"product_cat","embeddable":true,"href":"https:\/\/ekkla.ch\/de\/wp-json\/wp\/v2\/product_cat?post=163024"},{"taxonomy":"product_tag","embeddable":true,"href":"https:\/\/ekkla.ch\/de\/wp-json\/wp\/v2\/product_tag?post=163024"}],"curies":[{"name":"wp","href":"https:\/\/api.w.org\/{rel}","templated":true}]}}