{"id":163037,"date":"2022-10-27T09:14:36","date_gmt":"2022-10-27T07:14:36","guid":{"rendered":"https:\/\/ekkla.ch\/produit\/klemmleuchte-sparrow-taking-off-seletti\/"},"modified":"2024-01-24T02:48:03","modified_gmt":"2024-01-24T01:48:03","slug":"klemmleuchte-sparrow-taking-off-seletti","status":"publish","type":"product","link":"https:\/\/ekkla.ch\/de\/produit\/klemmleuchte-sparrow-taking-off-seletti\/","title":{"rendered":"Klemmleuchte Sparrow Taking off &#8211; Seletti"},"content":{"rendered":"<p>Wie w\u00e4re es, wenn Sie Ihrer Einrichtung einen poetischen Hauch verleihen w\u00fcrden? Die Kollektion <em>Sparrow<\/em>, die der Designer Marcantonio Raimondi Malerba f\u00fcr das italienische Haus Seletti entworfen hat, entf\u00fchrt uns auf elegante Weise in eine luftige Welt. Der Designer greift auf sein Lieblingsthema zur\u00fcck: die Verbindung zwischen Mensch und Natur. Der Realismus, der durch das Design der Lampe zum Ausdruck kommt, zeigt die Vitalit\u00e4t dieser kleinen V\u00f6gel, die mit einem Fl\u00fcgelschlag Licht bringen. Ein Moment der Lichtmagie und eine neue Lebhaftigkeit, die Sie in Ihr Zuhause bringen k\u00f6nnen.<\/p>\n<p><span id=\"p0\">Die aus Kunstharz hergestellten Oberfl\u00e4chen sehen extrem realistisch aus. Der Vogel sitzt auf einem flexiblen Metallkabel, das man nach Belieben verdrehen und positionieren kann, um eine individuelle Beleuchtungsposition zu erreichen. Die Lampe l\u00e4sst sich mit einer Klemme an jeder flachen Oberfl\u00e4che befestigen (z.B. Schreibtisch, Tisch, Regal). Die V\u00f6gel aus weissem Kunstharz gibt es in verschiedenen Positionen: in Lande- (landing) sowie in Startposition (taking off).<\/span><\/p>\n<p>Wie eine leuchtende Skulptur l\u00e4sst uns diese Lampe eine ebenso fantasievolle wie poetische Welt entdecken und ist ein Klassiker bei der ber\u00fchmten italienischen Marke Seletti . Mit viel Charakter verf\u00fchrt sie uns in eine Welt voller antikonformistischer und verspielter Objekte, die Kreativit\u00e4t und Liebe zum Design hervorheben. Ein sicherer Wert in der ikonischen und oft m\u00e4rchenhaften Welt des italienischen Designs.<\/p>\n<p>Diese Lampe ist ein echter Blickfang in Ihrer Wohnung! Sie ist ideal, um einem Schreibtisch einen Hauch von Phantasie zu verleihen, als Nachttischlampe auf einem Regal zu stehen oder sich in die ungew\u00f6hnlichsten Ecken des Hauses zu stellen. Gl\u00fchbirne inbegriffen.<\/p>\n<blockquote>\n<h2 style=\"text-align: left;\">Merkmale &amp; Eigenschaften<\/h2>\n<p><strong>Marke<\/strong> Seletti<\/p>\n<p style=\"text-align: left;\"><strong>Farbe<\/strong> Weiss<\/p>\n<p style=\"text-align: left;\"><strong>Material<\/strong>\u00a0Kunstharz<\/p>\n<p style=\"text-align: left;\"><strong>Gl\u00fchbirne<\/strong> E14 (inbegriffen)<\/p>\n<p><strong>Max. Leistung (W) <\/strong>2<\/p>\n<p><b>Lichtstrom<\/b><strong>\u00a0(lm)<\/strong> 55<\/p>\n<p><strong>Farbtemperatur (K)<\/strong> 2200<\/p>\n<p style=\"text-align: left;\"><strong>Max. H\u00f6he des Lampenhalses (cm)<\/strong> 100<\/p>\n<p><strong>Breite des Vogels (cm)<\/strong> 10<\/p>\n<p><b>Gewicht (kg)\u00a0<\/b>1,5<\/p>\n<p><strong>Schutzklasse (IP)<\/strong> 20 (nur f\u00fcr den Innengebrauch)<\/p><\/blockquote>\n","protected":false},"excerpt":{"rendered":"<p>Wie w\u00e4re es, wenn Sie Ihrer Einrichtung einen poetischen Hauch verleihen w\u00fcrden? Die Kollektion Sparrow, die der Designer Marcantonio Raimondi Malerba f\u00fcr das italienische Haus Seletti entworfen hat, entf\u00fchrt uns auf elegante Weise in eine luftige Welt. Der Designer greift auf sein Lieblingsthema zur\u00fcck: die Verbindung zwischen Mensch und Natur. Der Realismus, der durch das [&hellip;]<\/p>\n","protected":false},"featured_media":162077,"template":"","meta":{"_acf_changed":false,"om_disable_all_campaigns":false},"product_cat":[290],"product_tag":[1258,898,554,1188,801,816],"bundled_by":[],"bundle_stock_status":"onbackorder","bundle_stock_quantity":0,"bundle_virtual":false,"bundle_layout":"","bundle_add_to_cart_form_location":"","bundle_editable_in_cart":false,"bundle_sold_individually_context":"","bundle_item_grouping":"","bundle_min_size":"","bundle_max_size":"","bundle_price":[],"bundled_items":[],"bundle_sell_ids":[],"acf":[],"yoast_head":"<!-- This site is optimized with the Yoast SEO Premium plugin v22.2 (Yoast SEO v22.8) - https:\/\/yoast.com\/wordpress\/plugins\/seo\/ -->\n<title>Seletti | Klemmleuchte Sparrow Taking off | Weiss<\/title>\n<meta name=\"description\" content=\"Dekorative Klemmleuchte Sparrow Taking off mit Gl\u00fchbirne (inbegriffen). Seletti - Italienisches Design. Kostenlose Lieferung. 100% sichere Zahlung.\" \/>\n<meta name=\"robots\" content=\"index, follow, max-snippet:-1, max-image-preview:large, max-video-preview:-1\" \/>\n<link rel=\"canonical\" href=\"https:\/\/ekkla.ch\/de\/produit\/klemmleuchte-sparrow-taking-off-seletti\/\" \/>\n<meta property=\"og:locale\" content=\"de_DE\" \/>\n<meta property=\"og:type\" content=\"article\" \/>\n<meta property=\"og:title\" content=\"Klemmleuchte Sparrow Taking off - Seletti\" \/>\n<meta property=\"og:description\" content=\"Dekorative Klemmleuchte Sparrow Taking off mit Gl\u00fchbirne (inbegriffen). Seletti - Italienisches Design. Kostenlose Lieferung. 100% sichere Zahlung.\" \/>\n<meta property=\"og:url\" content=\"https:\/\/ekkla.ch\/de\/produit\/klemmleuchte-sparrow-taking-off-seletti\/\" \/>\n<meta property=\"og:site_name\" content=\"Ekkla\" \/>\n<meta property=\"article:modified_time\" content=\"2024-01-24T01:48:03+00:00\" \/>\n<meta property=\"og:image\" content=\"https:\/\/ekkla.ch\/wp-content\/uploads\/2022\/10\/ekkla-light-seletti_0002s_0006_15311-sparrow-lamp-taking-off-1.jpg\" \/>\n\t<meta property=\"og:image:width\" content=\"1080\" \/>\n\t<meta property=\"og:image:height\" content=\"1080\" \/>\n\t<meta property=\"og:image:type\" content=\"image\/jpeg\" \/>\n<meta name=\"twitter:card\" content=\"summary_large_image\" \/>\n<meta name=\"twitter:label1\" content=\"Gesch\u00e4tzte Lesezeit\" \/>\n\t<meta name=\"twitter:data1\" content=\"2\u00a0Minuten\" \/>\n<script type=\"application\/ld+json\" class=\"yoast-schema-graph\">{\"@context\":\"https:\/\/schema.org\",\"@graph\":[{\"@type\":\"WebPage\",\"@id\":\"https:\/\/ekkla.ch\/de\/produit\/klemmleuchte-sparrow-taking-off-seletti\/\",\"url\":\"https:\/\/ekkla.ch\/de\/produit\/klemmleuchte-sparrow-taking-off-seletti\/\",\"name\":\"Seletti | Klemmleuchte Sparrow Taking off | Weiss\",\"isPartOf\":{\"@id\":\"https:\/\/ekkla.ch\/#website\"},\"primaryImageOfPage\":{\"@id\":\"https:\/\/ekkla.ch\/de\/produit\/klemmleuchte-sparrow-taking-off-seletti\/#primaryimage\"},\"image\":{\"@id\":\"https:\/\/ekkla.ch\/de\/produit\/klemmleuchte-sparrow-taking-off-seletti\/#primaryimage\"},\"thumbnailUrl\":\"https:\/\/ekkla.ch\/wp-content\/uploads\/2022\/10\/ekkla-light-seletti_0002s_0006_15311-sparrow-lamp-taking-off-1.jpg\",\"datePublished\":\"2022-10-27T07:14:36+00:00\",\"dateModified\":\"2024-01-24T01:48:03+00:00\",\"description\":\"Dekorative Klemmleuchte Sparrow Taking off mit Gl\u00fchbirne (inbegriffen). Seletti - Italienisches Design. Kostenlose Lieferung. 100% sichere Zahlung.\",\"breadcrumb\":{\"@id\":\"https:\/\/ekkla.ch\/de\/produit\/klemmleuchte-sparrow-taking-off-seletti\/#breadcrumb\"},\"inLanguage\":\"de\",\"potentialAction\":[{\"@type\":\"ReadAction\",\"target\":[\"https:\/\/ekkla.ch\/de\/produit\/klemmleuchte-sparrow-taking-off-seletti\/\"]}]},{\"@type\":\"ImageObject\",\"inLanguage\":\"de\",\"@id\":\"https:\/\/ekkla.ch\/de\/produit\/klemmleuchte-sparrow-taking-off-seletti\/#primaryimage\",\"url\":\"https:\/\/ekkla.ch\/wp-content\/uploads\/2022\/10\/ekkla-light-seletti_0002s_0006_15311-sparrow-lamp-taking-off-1.jpg\",\"contentUrl\":\"https:\/\/ekkla.ch\/wp-content\/uploads\/2022\/10\/ekkla-light-seletti_0002s_0006_15311-sparrow-lamp-taking-off-1.jpg\",\"width\":1080,\"height\":1080},{\"@type\":\"BreadcrumbList\",\"@id\":\"https:\/\/ekkla.ch\/de\/produit\/klemmleuchte-sparrow-taking-off-seletti\/#breadcrumb\",\"itemListElement\":[{\"@type\":\"ListItem\",\"position\":1,\"name\":\"Home\",\"item\":\"https:\/\/ekkla.ch\/de\/\"},{\"@type\":\"ListItem\",\"position\":2,\"name\":\"Shop\",\"item\":\"https:\/\/ekkla.ch\/de\/shop\/\"},{\"@type\":\"ListItem\",\"position\":3,\"name\":\"Klemmleuchte Sparrow Taking off &#8211; Seletti\"}]},{\"@type\":\"WebSite\",\"@id\":\"https:\/\/ekkla.ch\/#website\",\"url\":\"https:\/\/ekkla.ch\/\",\"name\":\"Ekkla\",\"description\":\"Der Onlineshop f\u00fcr Beleuchtung\",\"publisher\":{\"@id\":\"https:\/\/ekkla.ch\/#organization\"},\"potentialAction\":[{\"@type\":\"SearchAction\",\"target\":{\"@type\":\"EntryPoint\",\"urlTemplate\":\"https:\/\/ekkla.ch\/?s={search_term_string}\"},\"query-input\":\"required name=search_term_string\"}],\"inLanguage\":\"de\"},{\"@type\":\"Organization\",\"@id\":\"https:\/\/ekkla.ch\/#organization\",\"name\":\"Ekkla\",\"url\":\"https:\/\/ekkla.ch\/\",\"logo\":{\"@type\":\"ImageObject\",\"inLanguage\":\"de\",\"@id\":\"https:\/\/ekkla.ch\/#\/schema\/logo\/image\/\",\"url\":\"http:\/\/ekkla.ch\/wp-content\/uploads\/2019\/07\/logo-1.svg\",\"contentUrl\":\"http:\/\/ekkla.ch\/wp-content\/uploads\/2019\/07\/logo-1.svg\",\"width\":1,\"height\":1,\"caption\":\"Ekkla\"},\"image\":{\"@id\":\"https:\/\/ekkla.ch\/#\/schema\/logo\/image\/\"},\"sameAs\":[\"https:\/\/www.instagram.com\/ekkla_light\/\"]}]}<\/script>\n<!-- \/ Yoast SEO Premium plugin. -->","yoast_head_json":{"title":"Seletti | Klemmleuchte Sparrow Taking off | Weiss","description":"Dekorative Klemmleuchte Sparrow Taking off mit Gl\u00fchbirne (inbegriffen). Seletti - Italienisches Design. Kostenlose Lieferung. 100% sichere Zahlung.","robots":{"index":"index","follow":"follow","max-snippet":"max-snippet:-1","max-image-preview":"max-image-preview:large","max-video-preview":"max-video-preview:-1"},"canonical":"https:\/\/ekkla.ch\/de\/produit\/klemmleuchte-sparrow-taking-off-seletti\/","og_locale":"de_DE","og_type":"article","og_title":"Klemmleuchte Sparrow Taking off - Seletti","og_description":"Dekorative Klemmleuchte Sparrow Taking off mit Gl\u00fchbirne (inbegriffen). Seletti - Italienisches Design. Kostenlose Lieferung. 100% sichere Zahlung.","og_url":"https:\/\/ekkla.ch\/de\/produit\/klemmleuchte-sparrow-taking-off-seletti\/","og_site_name":"Ekkla","article_modified_time":"2024-01-24T01:48:03+00:00","og_image":[{"width":1080,"height":1080,"url":"https:\/\/ekkla.ch\/wp-content\/uploads\/2022\/10\/ekkla-light-seletti_0002s_0006_15311-sparrow-lamp-taking-off-1.jpg","type":"image\/jpeg"}],"twitter_card":"summary_large_image","twitter_misc":{"Gesch\u00e4tzte Lesezeit":"2\u00a0Minuten"},"schema":{"@context":"https:\/\/schema.org","@graph":[{"@type":"WebPage","@id":"https:\/\/ekkla.ch\/de\/produit\/klemmleuchte-sparrow-taking-off-seletti\/","url":"https:\/\/ekkla.ch\/de\/produit\/klemmleuchte-sparrow-taking-off-seletti\/","name":"Seletti | Klemmleuchte Sparrow Taking off | Weiss","isPartOf":{"@id":"https:\/\/ekkla.ch\/#website"},"primaryImageOfPage":{"@id":"https:\/\/ekkla.ch\/de\/produit\/klemmleuchte-sparrow-taking-off-seletti\/#primaryimage"},"image":{"@id":"https:\/\/ekkla.ch\/de\/produit\/klemmleuchte-sparrow-taking-off-seletti\/#primaryimage"},"thumbnailUrl":"https:\/\/ekkla.ch\/wp-content\/uploads\/2022\/10\/ekkla-light-seletti_0002s_0006_15311-sparrow-lamp-taking-off-1.jpg","datePublished":"2022-10-27T07:14:36+00:00","dateModified":"2024-01-24T01:48:03+00:00","description":"Dekorative Klemmleuchte Sparrow Taking off mit Gl\u00fchbirne (inbegriffen). Seletti - Italienisches Design. Kostenlose Lieferung. 100% sichere Zahlung.","breadcrumb":{"@id":"https:\/\/ekkla.ch\/de\/produit\/klemmleuchte-sparrow-taking-off-seletti\/#breadcrumb"},"inLanguage":"de","potentialAction":[{"@type":"ReadAction","target":["https:\/\/ekkla.ch\/de\/produit\/klemmleuchte-sparrow-taking-off-seletti\/"]}]},{"@type":"ImageObject","inLanguage":"de","@id":"https:\/\/ekkla.ch\/de\/produit\/klemmleuchte-sparrow-taking-off-seletti\/#primaryimage","url":"https:\/\/ekkla.ch\/wp-content\/uploads\/2022\/10\/ekkla-light-seletti_0002s_0006_15311-sparrow-lamp-taking-off-1.jpg","contentUrl":"https:\/\/ekkla.ch\/wp-content\/uploads\/2022\/10\/ekkla-light-seletti_0002s_0006_15311-sparrow-lamp-taking-off-1.jpg","width":1080,"height":1080},{"@type":"BreadcrumbList","@id":"https:\/\/ekkla.ch\/de\/produit\/klemmleuchte-sparrow-taking-off-seletti\/#breadcrumb","itemListElement":[{"@type":"ListItem","position":1,"name":"Home","item":"https:\/\/ekkla.ch\/de\/"},{"@type":"ListItem","position":2,"name":"Shop","item":"https:\/\/ekkla.ch\/de\/shop\/"},{"@type":"ListItem","position":3,"name":"Klemmleuchte Sparrow Taking off &#8211; Seletti"}]},{"@type":"WebSite","@id":"https:\/\/ekkla.ch\/#website","url":"https:\/\/ekkla.ch\/","name":"Ekkla","description":"Der Onlineshop f\u00fcr Beleuchtung","publisher":{"@id":"https:\/\/ekkla.ch\/#organization"},"potentialAction":[{"@type":"SearchAction","target":{"@type":"EntryPoint","urlTemplate":"https:\/\/ekkla.ch\/?s={search_term_string}"},"query-input":"required name=search_term_string"}],"inLanguage":"de"},{"@type":"Organization","@id":"https:\/\/ekkla.ch\/#organization","name":"Ekkla","url":"https:\/\/ekkla.ch\/","logo":{"@type":"ImageObject","inLanguage":"de","@id":"https:\/\/ekkla.ch\/#\/schema\/logo\/image\/","url":"http:\/\/ekkla.ch\/wp-content\/uploads\/2019\/07\/logo-1.svg","contentUrl":"http:\/\/ekkla.ch\/wp-content\/uploads\/2019\/07\/logo-1.svg","width":1,"height":1,"caption":"Ekkla"},"image":{"@id":"https:\/\/ekkla.ch\/#\/schema\/logo\/image\/"},"sameAs":["https:\/\/www.instagram.com\/ekkla_light\/"]}]}},"_links":{"self":[{"href":"https:\/\/ekkla.ch\/de\/wp-json\/wp\/v2\/product\/163037"}],"collection":[{"href":"https:\/\/ekkla.ch\/de\/wp-json\/wp\/v2\/product"}],"about":[{"href":"https:\/\/ekkla.ch\/de\/wp-json\/wp\/v2\/types\/product"}],"wp:featuredmedia":[{"embeddable":true,"href":"https:\/\/ekkla.ch\/de\/wp-json\/wp\/v2\/media\/162077"}],"wp:attachment":[{"href":"https:\/\/ekkla.ch\/de\/wp-json\/wp\/v2\/media?parent=163037"}],"wp:term":[{"taxonomy":"product_cat","embeddable":true,"href":"https:\/\/ekkla.ch\/de\/wp-json\/wp\/v2\/product_cat?post=163037"},{"taxonomy":"product_tag","embeddable":true,"href":"https:\/\/ekkla.ch\/de\/wp-json\/wp\/v2\/product_tag?post=163037"}],"curies":[{"name":"wp","href":"https:\/\/api.w.org\/{rel}","templated":true}]}}