{"id":163068,"date":"2022-10-25T16:38:57","date_gmt":"2022-10-25T14:38:57","guid":{"rendered":"https:\/\/ekkla.ch\/produit\/tischleuchte-monkey-standing-weiss-h-54-kunstharz-seletti\/"},"modified":"2022-11-04T10:49:19","modified_gmt":"2022-11-04T09:49:19","slug":"tischleuchte-monkey-standing-weiss-h-54-kunstharz-seletti","status":"publish","type":"product","link":"https:\/\/ekkla.ch\/de\/produit\/tischleuchte-monkey-standing-weiss-h-54-kunstharz-seletti\/","title":{"rendered":"Tischleuchte Monkey Standing weiss &#8211; H.54 &#8211; Kunstharz &#8211; Seletti"},"content":{"rendered":"<p>Bringen Sie etwas Dschungelartiges in Ihr Zuhause! Die <em>Monkey<\/em>-Kollektion, die der Designer Marcantonio Raimondi Malerba f\u00fcr das italienische Unternehmen Seletti entworfen hat, versetzt uns mit viel Humor in eine tropische Welt. Der Designer greift auf sein Lieblingsthema zur\u00fcck: die Verbindung zwischen Mensch und Natur. Da Affen viel mit dem Menschen gemeinsam haben ben\u00fctzt er diese oft in seinen Skulpturen und Designs. Der Look dieser Leuchte, welcher er sich f\u00fcr Seletti ausgedacht hat, schleicht sich regelrecht in Ihr Zuhause. So sieht es fast schon aus, als w\u00fcrden diese kleinen, schelmischen \u00c4ffchen die Gl\u00fchbirnen aus Ihrem Zuhause stehlen. Eine Geschichte &#8211; und eine Lampe -, die sicherlich den einen oder anderen zum \u00a0Schmunzeln bringen wird.<\/p>\n<p>Die aus Kunstharz hergestellten Oberfl\u00e4chen sind sehr realistisch. Die Leuchte wird mit einem sehr langen Kabel (4,5 Meter) ans Netz angeschlossen, sodass Sie sie \u00fcberall hinstellen und ganz einfach den Standort variieren k\u00f6nnen.<\/p>\n<p>Wie eine leuchtende Skulptur l\u00e4sst uns diese Lampe eine Welt entdecken, die ebenso fantasievoll wie poetisch ist, und setzt sich als ein Must-Have der ber\u00fchmten italienischen Marke Seletti durch. Mit viel Charakter entf\u00fchrt sie uns in eine Welt voller antikonformistischer und verspielter Objekte, die die Kreativit\u00e4t und die Liebe zum Design hervorheben. Ein sicherer Wert in der ikonischen und oft m\u00e4rchenhaften Welt des italienischen Designs.<\/p>\n<p>Eine weitere Gewissheit: diese Leuchte wird in Ihrer Dekoration auf jeden Fall auffallen! Die Lampe ist ideal, um dem neben dem Sofa oder auf einer Konsole einen Hauch von Phantasie zu verbreiten, um ein M\u00f6belst\u00fcck in einer Eingangshalle zu schm\u00fccken oder auch, um in die ungew\u00f6hnlichsten Ecken des Hauses zu schl\u00fcpfen. Eine originelle Geschenkidee, die dem Empf\u00e4nger zweifellos ein L\u00e4cheln ins Gesicht zaubern wird.<\/p>\n<blockquote>\n<h2 style=\"text-align: left;\">Merkmale &amp; Eigenschaften<\/h2>\n<p><strong>Marke<\/strong> Seletti<\/p>\n<p style=\"text-align: left;\"><strong>Farbe<\/strong> Weiss<\/p>\n<p style=\"text-align: left;\"><strong>Material<\/strong>\u00a0Kunstharz<\/p>\n<p style=\"text-align: left;\"><strong>Gl\u00fchbirne<\/strong>\u00a0E14 (inbegriffen)<\/p>\n<p><strong>Max. Leistung (W)<\/strong> 4<\/p>\n<p><b>Lichtstrom<\/b><strong>\u00a0(lm)<\/strong> 350<\/p>\n<p><strong>Farbtemperatur (K)<\/strong> 2200<\/p>\n<p style=\"text-align: left;\"><strong>H\u00f6he (cm)<\/strong>\u00a054<\/p>\n<p><strong>Breite (cm)<\/strong>\u00a046<\/p>\n<p><strong>Tiefe (cm)<\/strong>\u00a027,5<\/p>\n<p><strong>Kabell\u00e4nge (cm)<\/strong> 450<\/p>\n<p><strong>Schutzklasse (IP)<\/strong> 20 (nur f\u00fcr den Innengebrauch)<\/p><\/blockquote>\n","protected":false},"excerpt":{"rendered":"<p>Bringen Sie etwas Dschungelartiges in Ihr Zuhause! Die Monkey-Kollektion, die der Designer Marcantonio Raimondi Malerba f\u00fcr das italienische Unternehmen Seletti entworfen hat, versetzt uns mit viel Humor in eine tropische Welt. Der Designer greift auf sein Lieblingsthema zur\u00fcck: die Verbindung zwischen Mensch und Natur. Da Affen viel mit dem Menschen gemeinsam haben ben\u00fctzt er diese [&hellip;]<\/p>\n","protected":false},"featured_media":162233,"template":"","meta":{"_acf_changed":false,"om_disable_all_campaigns":false},"product_cat":[290],"product_tag":[1258,898,554,1188,801,816],"bundled_by":[],"bundle_stock_status":"onbackorder","bundle_stock_quantity":0,"bundle_virtual":false,"bundle_layout":"","bundle_add_to_cart_form_location":"","bundle_editable_in_cart":false,"bundle_sold_individually_context":"","bundle_item_grouping":"","bundle_min_size":"","bundle_max_size":"","bundle_price":[],"bundled_items":[],"bundle_sell_ids":[],"acf":[],"yoast_head":"<!-- This site is optimized with the Yoast SEO Premium plugin v22.2 (Yoast SEO v22.8) - https:\/\/yoast.com\/wordpress\/plugins\/seo\/ -->\n<title>Seletti | Tischleuchte Monkey Standing | Weiss | Ekkla<\/title>\n<meta name=\"description\" content=\"Dekorative Lampe in Form eines Affen mit Gl\u00fchbirne (inbegriffen). Seletti - Italienisches Design. Kostenlose Lieferung. 100% sichere Zahlung.\" \/>\n<meta name=\"robots\" content=\"index, follow, max-snippet:-1, max-image-preview:large, max-video-preview:-1\" \/>\n<link rel=\"canonical\" href=\"https:\/\/ekkla.ch\/de\/produit\/tischleuchte-monkey-standing-weiss-h-54-kunstharz-seletti\/\" \/>\n<meta property=\"og:locale\" content=\"de_DE\" \/>\n<meta property=\"og:type\" content=\"article\" \/>\n<meta property=\"og:title\" content=\"Tischleuchte Monkey Standing weiss - H.54 - Kunstharz - Seletti\" \/>\n<meta property=\"og:description\" content=\"Dekorative Lampe in Form eines Affen mit Gl\u00fchbirne (inbegriffen). Seletti - Italienisches Design. Kostenlose Lieferung. 100% sichere Zahlung.\" \/>\n<meta property=\"og:url\" content=\"https:\/\/ekkla.ch\/de\/produit\/tischleuchte-monkey-standing-weiss-h-54-kunstharz-seletti\/\" \/>\n<meta property=\"og:site_name\" content=\"Ekkla\" \/>\n<meta property=\"article:modified_time\" content=\"2022-11-04T09:49:19+00:00\" \/>\n<meta property=\"og:image\" content=\"https:\/\/ekkla.ch\/wp-content\/uploads\/2022\/10\/ekkla-light-seletti_0023s_0005_14880_Monkey_Lamp_STANDING-INDOOR-Seletti-1.jpg\" \/>\n\t<meta property=\"og:image:width\" content=\"1080\" \/>\n\t<meta property=\"og:image:height\" content=\"1080\" \/>\n\t<meta property=\"og:image:type\" content=\"image\/jpeg\" \/>\n<meta name=\"twitter:card\" content=\"summary_large_image\" \/>\n<meta name=\"twitter:label1\" content=\"Gesch\u00e4tzte Lesezeit\" \/>\n\t<meta name=\"twitter:data1\" content=\"2\u00a0Minuten\" \/>\n<script type=\"application\/ld+json\" class=\"yoast-schema-graph\">{\"@context\":\"https:\/\/schema.org\",\"@graph\":[{\"@type\":\"WebPage\",\"@id\":\"https:\/\/ekkla.ch\/de\/produit\/tischleuchte-monkey-standing-weiss-h-54-kunstharz-seletti\/\",\"url\":\"https:\/\/ekkla.ch\/de\/produit\/tischleuchte-monkey-standing-weiss-h-54-kunstharz-seletti\/\",\"name\":\"Seletti | Tischleuchte Monkey Standing | Weiss | Ekkla\",\"isPartOf\":{\"@id\":\"https:\/\/ekkla.ch\/#website\"},\"primaryImageOfPage\":{\"@id\":\"https:\/\/ekkla.ch\/de\/produit\/tischleuchte-monkey-standing-weiss-h-54-kunstharz-seletti\/#primaryimage\"},\"image\":{\"@id\":\"https:\/\/ekkla.ch\/de\/produit\/tischleuchte-monkey-standing-weiss-h-54-kunstharz-seletti\/#primaryimage\"},\"thumbnailUrl\":\"https:\/\/ekkla.ch\/wp-content\/uploads\/2022\/10\/ekkla-light-seletti_0023s_0005_14880_Monkey_Lamp_STANDING-INDOOR-Seletti-1.jpg\",\"datePublished\":\"2022-10-25T14:38:57+00:00\",\"dateModified\":\"2022-11-04T09:49:19+00:00\",\"description\":\"Dekorative Lampe in Form eines Affen mit Gl\u00fchbirne (inbegriffen). Seletti - Italienisches Design. Kostenlose Lieferung. 100% sichere Zahlung.\",\"breadcrumb\":{\"@id\":\"https:\/\/ekkla.ch\/de\/produit\/tischleuchte-monkey-standing-weiss-h-54-kunstharz-seletti\/#breadcrumb\"},\"inLanguage\":\"de\",\"potentialAction\":[{\"@type\":\"ReadAction\",\"target\":[\"https:\/\/ekkla.ch\/de\/produit\/tischleuchte-monkey-standing-weiss-h-54-kunstharz-seletti\/\"]}]},{\"@type\":\"ImageObject\",\"inLanguage\":\"de\",\"@id\":\"https:\/\/ekkla.ch\/de\/produit\/tischleuchte-monkey-standing-weiss-h-54-kunstharz-seletti\/#primaryimage\",\"url\":\"https:\/\/ekkla.ch\/wp-content\/uploads\/2022\/10\/ekkla-light-seletti_0023s_0005_14880_Monkey_Lamp_STANDING-INDOOR-Seletti-1.jpg\",\"contentUrl\":\"https:\/\/ekkla.ch\/wp-content\/uploads\/2022\/10\/ekkla-light-seletti_0023s_0005_14880_Monkey_Lamp_STANDING-INDOOR-Seletti-1.jpg\",\"width\":1080,\"height\":1080},{\"@type\":\"BreadcrumbList\",\"@id\":\"https:\/\/ekkla.ch\/de\/produit\/tischleuchte-monkey-standing-weiss-h-54-kunstharz-seletti\/#breadcrumb\",\"itemListElement\":[{\"@type\":\"ListItem\",\"position\":1,\"name\":\"Home\",\"item\":\"https:\/\/ekkla.ch\/de\/\"},{\"@type\":\"ListItem\",\"position\":2,\"name\":\"Shop\",\"item\":\"https:\/\/ekkla.ch\/de\/shop\/\"},{\"@type\":\"ListItem\",\"position\":3,\"name\":\"Tischleuchte Monkey Standing weiss &#8211; H.54 &#8211; Kunstharz &#8211; Seletti\"}]},{\"@type\":\"WebSite\",\"@id\":\"https:\/\/ekkla.ch\/#website\",\"url\":\"https:\/\/ekkla.ch\/\",\"name\":\"Ekkla\",\"description\":\"Der Onlineshop f\u00fcr Beleuchtung\",\"publisher\":{\"@id\":\"https:\/\/ekkla.ch\/#organization\"},\"potentialAction\":[{\"@type\":\"SearchAction\",\"target\":{\"@type\":\"EntryPoint\",\"urlTemplate\":\"https:\/\/ekkla.ch\/?s={search_term_string}\"},\"query-input\":\"required name=search_term_string\"}],\"inLanguage\":\"de\"},{\"@type\":\"Organization\",\"@id\":\"https:\/\/ekkla.ch\/#organization\",\"name\":\"Ekkla\",\"url\":\"https:\/\/ekkla.ch\/\",\"logo\":{\"@type\":\"ImageObject\",\"inLanguage\":\"de\",\"@id\":\"https:\/\/ekkla.ch\/#\/schema\/logo\/image\/\",\"url\":\"http:\/\/ekkla.ch\/wp-content\/uploads\/2019\/07\/logo-1.svg\",\"contentUrl\":\"http:\/\/ekkla.ch\/wp-content\/uploads\/2019\/07\/logo-1.svg\",\"width\":1,\"height\":1,\"caption\":\"Ekkla\"},\"image\":{\"@id\":\"https:\/\/ekkla.ch\/#\/schema\/logo\/image\/\"},\"sameAs\":[\"https:\/\/www.instagram.com\/ekkla_light\/\"]}]}<\/script>\n<!-- \/ Yoast SEO Premium plugin. -->","yoast_head_json":{"title":"Seletti | Tischleuchte Monkey Standing | Weiss | Ekkla","description":"Dekorative Lampe in Form eines Affen mit Gl\u00fchbirne (inbegriffen). Seletti - Italienisches Design. Kostenlose Lieferung. 100% sichere Zahlung.","robots":{"index":"index","follow":"follow","max-snippet":"max-snippet:-1","max-image-preview":"max-image-preview:large","max-video-preview":"max-video-preview:-1"},"canonical":"https:\/\/ekkla.ch\/de\/produit\/tischleuchte-monkey-standing-weiss-h-54-kunstharz-seletti\/","og_locale":"de_DE","og_type":"article","og_title":"Tischleuchte Monkey Standing weiss - H.54 - Kunstharz - Seletti","og_description":"Dekorative Lampe in Form eines Affen mit Gl\u00fchbirne (inbegriffen). Seletti - Italienisches Design. Kostenlose Lieferung. 100% sichere Zahlung.","og_url":"https:\/\/ekkla.ch\/de\/produit\/tischleuchte-monkey-standing-weiss-h-54-kunstharz-seletti\/","og_site_name":"Ekkla","article_modified_time":"2022-11-04T09:49:19+00:00","og_image":[{"width":1080,"height":1080,"url":"https:\/\/ekkla.ch\/wp-content\/uploads\/2022\/10\/ekkla-light-seletti_0023s_0005_14880_Monkey_Lamp_STANDING-INDOOR-Seletti-1.jpg","type":"image\/jpeg"}],"twitter_card":"summary_large_image","twitter_misc":{"Gesch\u00e4tzte Lesezeit":"2\u00a0Minuten"},"schema":{"@context":"https:\/\/schema.org","@graph":[{"@type":"WebPage","@id":"https:\/\/ekkla.ch\/de\/produit\/tischleuchte-monkey-standing-weiss-h-54-kunstharz-seletti\/","url":"https:\/\/ekkla.ch\/de\/produit\/tischleuchte-monkey-standing-weiss-h-54-kunstharz-seletti\/","name":"Seletti | Tischleuchte Monkey Standing | Weiss | Ekkla","isPartOf":{"@id":"https:\/\/ekkla.ch\/#website"},"primaryImageOfPage":{"@id":"https:\/\/ekkla.ch\/de\/produit\/tischleuchte-monkey-standing-weiss-h-54-kunstharz-seletti\/#primaryimage"},"image":{"@id":"https:\/\/ekkla.ch\/de\/produit\/tischleuchte-monkey-standing-weiss-h-54-kunstharz-seletti\/#primaryimage"},"thumbnailUrl":"https:\/\/ekkla.ch\/wp-content\/uploads\/2022\/10\/ekkla-light-seletti_0023s_0005_14880_Monkey_Lamp_STANDING-INDOOR-Seletti-1.jpg","datePublished":"2022-10-25T14:38:57+00:00","dateModified":"2022-11-04T09:49:19+00:00","description":"Dekorative Lampe in Form eines Affen mit Gl\u00fchbirne (inbegriffen). Seletti - Italienisches Design. Kostenlose Lieferung. 100% sichere Zahlung.","breadcrumb":{"@id":"https:\/\/ekkla.ch\/de\/produit\/tischleuchte-monkey-standing-weiss-h-54-kunstharz-seletti\/#breadcrumb"},"inLanguage":"de","potentialAction":[{"@type":"ReadAction","target":["https:\/\/ekkla.ch\/de\/produit\/tischleuchte-monkey-standing-weiss-h-54-kunstharz-seletti\/"]}]},{"@type":"ImageObject","inLanguage":"de","@id":"https:\/\/ekkla.ch\/de\/produit\/tischleuchte-monkey-standing-weiss-h-54-kunstharz-seletti\/#primaryimage","url":"https:\/\/ekkla.ch\/wp-content\/uploads\/2022\/10\/ekkla-light-seletti_0023s_0005_14880_Monkey_Lamp_STANDING-INDOOR-Seletti-1.jpg","contentUrl":"https:\/\/ekkla.ch\/wp-content\/uploads\/2022\/10\/ekkla-light-seletti_0023s_0005_14880_Monkey_Lamp_STANDING-INDOOR-Seletti-1.jpg","width":1080,"height":1080},{"@type":"BreadcrumbList","@id":"https:\/\/ekkla.ch\/de\/produit\/tischleuchte-monkey-standing-weiss-h-54-kunstharz-seletti\/#breadcrumb","itemListElement":[{"@type":"ListItem","position":1,"name":"Home","item":"https:\/\/ekkla.ch\/de\/"},{"@type":"ListItem","position":2,"name":"Shop","item":"https:\/\/ekkla.ch\/de\/shop\/"},{"@type":"ListItem","position":3,"name":"Tischleuchte Monkey Standing weiss &#8211; H.54 &#8211; Kunstharz &#8211; Seletti"}]},{"@type":"WebSite","@id":"https:\/\/ekkla.ch\/#website","url":"https:\/\/ekkla.ch\/","name":"Ekkla","description":"Der Onlineshop f\u00fcr Beleuchtung","publisher":{"@id":"https:\/\/ekkla.ch\/#organization"},"potentialAction":[{"@type":"SearchAction","target":{"@type":"EntryPoint","urlTemplate":"https:\/\/ekkla.ch\/?s={search_term_string}"},"query-input":"required name=search_term_string"}],"inLanguage":"de"},{"@type":"Organization","@id":"https:\/\/ekkla.ch\/#organization","name":"Ekkla","url":"https:\/\/ekkla.ch\/","logo":{"@type":"ImageObject","inLanguage":"de","@id":"https:\/\/ekkla.ch\/#\/schema\/logo\/image\/","url":"http:\/\/ekkla.ch\/wp-content\/uploads\/2019\/07\/logo-1.svg","contentUrl":"http:\/\/ekkla.ch\/wp-content\/uploads\/2019\/07\/logo-1.svg","width":1,"height":1,"caption":"Ekkla"},"image":{"@id":"https:\/\/ekkla.ch\/#\/schema\/logo\/image\/"},"sameAs":["https:\/\/www.instagram.com\/ekkla_light\/"]}]}},"_links":{"self":[{"href":"https:\/\/ekkla.ch\/de\/wp-json\/wp\/v2\/product\/163068"}],"collection":[{"href":"https:\/\/ekkla.ch\/de\/wp-json\/wp\/v2\/product"}],"about":[{"href":"https:\/\/ekkla.ch\/de\/wp-json\/wp\/v2\/types\/product"}],"wp:featuredmedia":[{"embeddable":true,"href":"https:\/\/ekkla.ch\/de\/wp-json\/wp\/v2\/media\/162233"}],"wp:attachment":[{"href":"https:\/\/ekkla.ch\/de\/wp-json\/wp\/v2\/media?parent=163068"}],"wp:term":[{"taxonomy":"product_cat","embeddable":true,"href":"https:\/\/ekkla.ch\/de\/wp-json\/wp\/v2\/product_cat?post=163068"},{"taxonomy":"product_tag","embeddable":true,"href":"https:\/\/ekkla.ch\/de\/wp-json\/wp\/v2\/product_tag?post=163068"}],"curies":[{"name":"wp","href":"https:\/\/api.w.org\/{rel}","templated":true}]}}